{"id":11640,"date":"2024-06-06T07:16:02","date_gmt":"2024-06-06T07:16:02","guid":{"rendered":"https:\/\/www.elementvape.de\/?post_type=product&#038;p=11640"},"modified":"2024-09-12T10:36:26","modified_gmt":"2024-09-12T10:36:26","slug":"randm-tornado-7800-einweg-vape-kaufen-7800-zuege","status":"publish","type":"product","link":"https:\/\/www.elementvape.de\/pl\/produkt\/randm-tornado-7800-einweg-vape-kaufen-7800-zuege\/","title":{"rendered":"RandM Tornado 7800 Jednorazowy Vape Kup 7800 poci\u0105gni\u0119\u0107"},"content":{"rendered":"<div class=\"min-h-[20px] text-message flex flex-col items-start whitespace-pre-wrap break-words [.text-message+&amp;]:mt-5 juice:w-full juice:items-end overflow-x-auto gap-2\" dir=\"auto\" data-message-author-role=\"assistant\" data-message-id=\"5c137784-9d4e-4e51-b75e-c78f37d2de08\">\n<div class=\"flex w-full flex-col gap-1 juice:empty:hidden juice:first:pt-[3px]\">\n<div class=\"markdown prose w-full break-words dark:prose-invert light\">\n<h3>Opis produktu: RandM Dazzle 7800<\/h3>\n<p>Oferuje <strong>RandM Dazzle 7800<\/strong> jest wysokiej jako\u015bci jednorazowym urz\u0105dzeniem do vapowania, charakteryzuj\u0105cym si\u0119 du\u017c\u0105 pojemno\u015bci\u0105 i d\u0142ugim czasem u\u017cytkowania. Z nowoczesnym designem, pod\u015bwietleniem RGB i szerokim wyborem smak\u00f3w, to urz\u0105dzenie zapewnia imponuj\u0105ce doznania podczas vapowania.<\/p>\n<h4>G\u0142\u00f3wne cechy:<\/h4>\n<ul>\n<li><strong>Opcje nikotynowe<\/strong>: Dost\u0119pne w 0 %, 2 %, 3 % i 5 % soli nikotynowej.<\/li>\n<li><strong>Zaci\u0105gni\u0119cia<\/strong>: Do 7800 poci\u0105gni\u0119\u0107 na urz\u0105dzenie.<\/li>\n<li><strong>Pojemno\u015b\u0107<\/strong>: Zawiera<\/li>\n<\/ul>\n<\/div>\n<\/div>\n<\/div>\n<div class=\"min-h-[20px] text-message flex flex-col items-start whitespace-pre-wrap break-words [.text-message+&amp;]:mt-5 juice:w-full juice:items-end overflow-x-auto gap-2\" dir=\"auto\" data-message-author-role=\"assistant\" data-message-id=\"d2fcfd68-2538-48fc-bacf-c30ee19bb8b3\">\n<div class=\"flex w-full flex-col gap-1 juice:empty:hidden juice:first:pt-[3px]\">\n<div class=\"markdown prose w-full break-words dark:prose-invert light\">\n<h3>Opis produktu: RandM Dazzle 7800<\/h3>\n<p>Oferuje <strong>RandM Dazzle 7800<\/strong> jest wysokiej jako\u015bci jednorazowym urz\u0105dzeniem do vapowania, kt\u00f3re zapewnia imponuj\u0105ce i d\u0142ugotrwa\u0142e do\u015bwiadczenia. Dzi\u0119ki du\u017cej pojemno\u015bci i szerokiemu wyborowi smak\u00f3w, jest idealne dla wszystkich vapowc\u00f3w poszukuj\u0105cych r\u00f3\u017cnorodno\u015bci i jako\u015bci.<\/p>\n<h4>G\u0142\u00f3wne cechy:<\/h4>\n<ul>\n<li><strong>Opcje nikotynowe<\/strong>: Dost\u0119pne w 0 %, 2 %, 3 % i 5 % soli nikotynowej.<\/li>\n<li><strong>Zaci\u0105gni\u0119cia<\/strong>: Do 7800 poci\u0105gni\u0119\u0107 na urz\u0105dzenie.<\/li>\n<li><strong>Pojemno\u015b\u0107<\/strong>: Zawiera 15 ml e-liquid.<\/li>\n<li><strong>Bateria<\/strong>: Wyposa\u017cony w wielokrotnego \u0142adowania akumulator 850 mAh.<\/li>\n<li><strong>Cewka<\/strong>: Wydajna cewka mesh dla intensywnych dozna\u0144 vapowania.<\/li>\n<li><strong>Z\u0142\u0105cze Typ-C<\/strong>: \u0141adowanie typu C na spodzie urz\u0105dzenia, aby zapewni\u0107 wykorzystanie ostatniej kropli e-liquid.<\/li>\n<li><strong>Design<\/strong>: Kompletny zestaw z pod\u015bwietleniem RGB dla atrakcyjnego i nowoczesnego wygl\u0105du.<\/li>\n<\/ul>\n<h4>R\u00f3\u017cnorodno\u015b\u0107 smak\u00f3w:<\/h4>\n<p>RandM Dazzle 7800 oferuje 12 r\u00f3\u017cnych smak\u00f3w:<\/p>\n<ol>\n<li>Ch\u0142odna Mi\u0119ta<\/li>\n<li>Czarny Smok Ice<\/li>\n<li>Luksusowy L\u00f3d<\/li>\n<li>Truskawkowa arbuz<\/li>\n<li>Banana mleczna<\/li>\n<li>Gumowe misie<\/li>\n<li>Mieszane jagody<\/li>\n<li>Niebieska malina<\/li>\n<li>Bawe\u0142na cukrowa<\/li>\n<li>Kiwi Guawa<\/li>\n<li>Brzoskwinia Ananas<\/li>\n<li>R\u00f3\u017cowa Lemoniada<\/li>\n<\/ol>\n<h4>Szczeg\u00f3\u0142y opakowania:<\/h4>\n<ul>\n<li><strong>Jednostka opakowania<\/strong>: Ka\u017cde opakowanie zawiera 200 urz\u0105dze\u0144.<\/li>\n<li><strong>Waga na karton<\/strong>: 21 kg.<\/li>\n<li><strong>Rozmiar kartonu<\/strong>: 38,9 cm x 37,2 cm x 31,1 cm.<\/li>\n<\/ul>\n<h4>Zawarto\u015b\u0107 zestawu:<\/h4>\n<ul>\n<li>1 x RandM Dazzle 7800 Jednorazowy Vape (7800 Wziew\u00f3w)<\/li>\n<\/ul>\n<p>To urz\u0105dzenie jest idealne dla waper\u00f3w, kt\u00f3rzy preferuj\u0105 du\u017c\u0105 liczb\u0119 wziew\u00f3w i szerok\u0105 gam\u0119 smak\u00f3w. RandM Dazzle 7800 \u0142\u0105czy atrakcyjny wygl\u0105d z doskona\u0142\u0105 wydajno\u015bci\u0105 i \u0142atwo\u015bci\u0105 obs\u0142ugi, oferuj\u0105c najwy\u017cszej klasy wra\u017cenia z wapowania.<\/p>\n<\/div>\n<\/div>\n<\/div>","protected":false},"excerpt":{"rendered":"<p>Produktbeschreibung: RandM Dazzle 7800 Die RandM Dazzle 7800 ist ein hochwertiges Einweg-Vape-Ger\u00e4t, das sich durch seine hohe Kapazit\u00e4t und die lange Nutzungsdauer auszeichnet. Mit einem modernen Design, RGB-Beleuchtung und einer Vielzahl von Geschmacksrichtungen bietet dieses Ger\u00e4t ein beeindruckendes Dampferlebnis. Hauptmerkmale: Nikotinoptionen: Verf\u00fcgbar in 0 %, 2 %, 3 % und 5 % Nikotinsalz. Z\u00fcge: Bis [&hellip;]<\/p>","protected":false},"featured_media":11641,"template":"","meta":{"inline_featured_image":false},"product_cat":[78,754,745,742,748,744,755,738,751],"product_tag":[683],"tiered_pricing_type":"fixed","tiered_pricing_fixed_rules":[],"tiered_pricing_percentage_rules":[],"tiered_pricing_minimum":1,"_administrator_tiered_pricing_type":"fixed","_administrator_tiered_pricing_fixed_rules":[],"_editor_tiered_pricing_type":"fixed","_editor_tiered_pricing_fixed_rules":[],"_author_tiered_pricing_type":"fixed","_author_tiered_pricing_fixed_rules":[],"_contributor_tiered_pricing_type":"fixed","_contributor_tiered_pricing_fixed_rules":[],"_subscriber_tiered_pricing_type":"fixed","_subscriber_tiered_pricing_fixed_rules":[],"_customer_tiered_pricing_type":"fixed","_customer_tiered_pricing_fixed_rules":[],"_shop_manager_tiered_pricing_type":"fixed","_shop_manager_tiered_pricing_fixed_rules":[],"_wpseo_manager_tiered_pricing_type":"fixed","_wpseo_manager_tiered_pricing_fixed_rules":[],"_wpseo_editor_tiered_pricing_type":"fixed","_wpseo_editor_tiered_pricing_fixed_rules":[],"_wholesale_customer_tiered_pricing_type":"fixed","_wholesale_customer_tiered_pricing_fixed_rules":[],"_marketer_tiered_pricing_type":"fixed","_marketer_tiered_pricing_fixed_rules":[],"_sales_manager_tiered_pricing_type":"fixed","_sales_manager_tiered_pricing_fixed_rules":[],"_sales_rep_tiered_pricing_type":"fixed","_sales_rep_tiered_pricing_fixed_rules":[],"yoast_head":"<!-- This site is optimized with the Yoast SEO plugin v23.3 - https:\/\/yoast.com\/wordpress\/plugins\/seo\/ -->\n<title>RandM Tornado 7800 Einweg-Vape Kaufen 7800 Z\u00fcge | ElementVape.de<\/title>\n<meta name=\"description\" content=\"Wir bieten RandM Tornado 7800 Einweg-Vape Kaufen 7800 Z\u00fcge , Elementvape.de akzeptieren Gro\u00df-und Einzelhandel Bestellungen.\" \/>\n<meta name=\"robots\" content=\"index, follow, max-snippet:-1, max-image-preview:large, max-video-preview:-1\" \/>\n<link rel=\"canonical\" href=\"https:\/\/www.elementvape.de\/pl\/produkt\/randm-tornado-7800-einweg-vape-kaufen-7800-zuege\/\" \/>\n<meta property=\"og:locale\" content=\"pl_PL\" \/>\n<meta property=\"og:type\" content=\"article\" \/>\n<meta property=\"og:title\" content=\"RandM Tornado 7800 Einweg-Vape Kaufen 7800 Z\u00fcge | ElementVape.de\" \/>\n<meta property=\"og:description\" content=\"Wir bieten RandM Tornado 7800 Einweg-Vape Kaufen 7800 Z\u00fcge , Elementvape.de akzeptieren Gro\u00df-und Einzelhandel Bestellungen.\" \/>\n<meta property=\"og:url\" content=\"https:\/\/www.elementvape.de\/pl\/produkt\/randm-tornado-7800-einweg-vape-kaufen-7800-zuege\/\" \/>\n<meta property=\"og:site_name\" content=\"ElementVape.de\" \/>\n<meta property=\"article:modified_time\" content=\"2024-09-12T10:36:26+00:00\" \/>\n<meta property=\"og:image\" content=\"https:\/\/www.elementvape.de\/wp-content\/uploads\/2024\/06\/RandMTornado7800-1.jpg\" \/>\n\t<meta property=\"og:image:width\" content=\"800\" \/>\n\t<meta property=\"og:image:height\" content=\"800\" \/>\n\t<meta property=\"og:image:type\" content=\"image\/jpeg\" \/>\n<meta name=\"twitter:card\" content=\"summary_large_image\" \/>\n<meta name=\"twitter:label1\" content=\"Est. reading time\" \/>\n\t<meta name=\"twitter:data1\" content=\"2 minuty\" \/>\n<script type=\"application\/ld+json\" class=\"yoast-schema-graph\">{\"@context\":\"https:\/\/schema.org\",\"@graph\":[{\"@type\":\"WebPage\",\"@id\":\"https:\/\/www.elementvape.de\/pl\/produkt\/randm-tornado-7800-einweg-vape-kaufen-7800-zuege\/\",\"url\":\"https:\/\/www.elementvape.de\/pl\/produkt\/randm-tornado-7800-einweg-vape-kaufen-7800-zuege\/\",\"name\":\"RandM Tornado 7800 Einweg-Vape Kaufen 7800 Z\u00fcge | ElementVape.de\",\"isPartOf\":{\"@id\":\"https:\/\/www.elementvape.de\/#website\"},\"primaryImageOfPage\":{\"@id\":\"https:\/\/www.elementvape.de\/pl\/produkt\/randm-tornado-7800-einweg-vape-kaufen-7800-zuege\/#primaryimage\"},\"image\":{\"@id\":\"https:\/\/www.elementvape.de\/pl\/produkt\/randm-tornado-7800-einweg-vape-kaufen-7800-zuege\/#primaryimage\"},\"thumbnailUrl\":\"https:\/\/www.elementvape.de\/wp-content\/uploads\/2024\/06\/RandMTornado7800-1.jpg\",\"datePublished\":\"2024-06-06T07:16:02+00:00\",\"dateModified\":\"2024-09-12T10:36:26+00:00\",\"description\":\"Wir bieten RandM Tornado 7800 Einweg-Vape Kaufen 7800 Z\u00fcge , Elementvape.de akzeptieren Gro\u00df-und Einzelhandel Bestellungen.\",\"breadcrumb\":{\"@id\":\"https:\/\/www.elementvape.de\/pl\/produkt\/randm-tornado-7800-einweg-vape-kaufen-7800-zuege\/#breadcrumb\"},\"inLanguage\":\"pl-PL\",\"potentialAction\":[{\"@type\":\"ReadAction\",\"target\":[\"https:\/\/www.elementvape.de\/pl\/produkt\/randm-tornado-7800-einweg-vape-kaufen-7800-zuege\/\"]}]},{\"@type\":\"ImageObject\",\"inLanguage\":\"pl-PL\",\"@id\":\"https:\/\/www.elementvape.de\/pl\/produkt\/randm-tornado-7800-einweg-vape-kaufen-7800-zuege\/#primaryimage\",\"url\":\"https:\/\/www.elementvape.de\/wp-content\/uploads\/2024\/06\/RandMTornado7800-1.jpg\",\"contentUrl\":\"https:\/\/www.elementvape.de\/wp-content\/uploads\/2024\/06\/RandMTornado7800-1.jpg\",\"width\":800,\"height\":800,\"caption\":\"RandMTornado7800-1\"},{\"@type\":\"BreadcrumbList\",\"@id\":\"https:\/\/www.elementvape.de\/pl\/produkt\/randm-tornado-7800-einweg-vape-kaufen-7800-zuege\/#breadcrumb\",\"itemListElement\":[{\"@type\":\"ListItem\",\"position\":1,\"name\":\"Home\",\"item\":\"https:\/\/www.elementvape.de\/\"},{\"@type\":\"ListItem\",\"position\":2,\"name\":\"Shop\",\"item\":\"https:\/\/www.elementvape.de\/shop\/\"},{\"@type\":\"ListItem\",\"position\":3,\"name\":\"RandM Tornado 7800 Einweg-Vape Kaufen 7800 Z\u00fcge\"}]},{\"@type\":\"WebSite\",\"@id\":\"https:\/\/www.elementvape.de\/#website\",\"url\":\"https:\/\/www.elementvape.de\/\",\"name\":\"ElementVape.de\",\"description\":\"\",\"publisher\":{\"@id\":\"https:\/\/www.elementvape.de\/#organization\"},\"potentialAction\":[{\"@type\":\"SearchAction\",\"target\":{\"@type\":\"EntryPoint\",\"urlTemplate\":\"https:\/\/www.elementvape.de\/?s={search_term_string}\"},\"query-input\":\"required name=search_term_string\"}],\"inLanguage\":\"pl-PL\"},{\"@type\":\"Organization\",\"@id\":\"https:\/\/www.elementvape.de\/#organization\",\"name\":\"ElementVape.DE\",\"url\":\"https:\/\/www.elementvape.de\/\",\"logo\":{\"@type\":\"ImageObject\",\"inLanguage\":\"pl-PL\",\"@id\":\"https:\/\/www.elementvape.de\/#\/schema\/logo\/image\/\",\"url\":\"https:\/\/www.elementvape.de\/wp-content\/uploads\/2024\/09\/cropped-1elementvape-3.png\",\"contentUrl\":\"https:\/\/www.elementvape.de\/wp-content\/uploads\/2024\/09\/cropped-1elementvape-3.png\",\"width\":285,\"height\":228,\"caption\":\"ElementVape.DE\"},\"image\":{\"@id\":\"https:\/\/www.elementvape.de\/#\/schema\/logo\/image\/\"}}]}<\/script>\n<!-- \/ Yoast SEO plugin. -->","yoast_head_json":{"title":"RandM Tornado 7800 Einweg-Vape Kaufen 7800 Z\u00fcge | ElementVape.de","description":"Wir bieten RandM Tornado 7800 Einweg-Vape Kaufen 7800 Z\u00fcge , Elementvape.de akzeptieren Gro\u00df-und Einzelhandel Bestellungen.","robots":{"index":"index","follow":"follow","max-snippet":"max-snippet:-1","max-image-preview":"max-image-preview:large","max-video-preview":"max-video-preview:-1"},"canonical":"https:\/\/www.elementvape.de\/pl\/produkt\/randm-tornado-7800-einweg-vape-kaufen-7800-zuege\/","og_locale":"pl_PL","og_type":"article","og_title":"RandM Tornado 7800 Einweg-Vape Kaufen 7800 Z\u00fcge | ElementVape.de","og_description":"Wir bieten RandM Tornado 7800 Einweg-Vape Kaufen 7800 Z\u00fcge , Elementvape.de akzeptieren Gro\u00df-und Einzelhandel Bestellungen.","og_url":"https:\/\/www.elementvape.de\/pl\/produkt\/randm-tornado-7800-einweg-vape-kaufen-7800-zuege\/","og_site_name":"ElementVape.de","article_modified_time":"2024-09-12T10:36:26+00:00","og_image":[{"width":800,"height":800,"url":"https:\/\/www.elementvape.de\/wp-content\/uploads\/2024\/06\/RandMTornado7800-1.jpg","type":"image\/jpeg"}],"twitter_card":"summary_large_image","twitter_misc":{"Est. reading time":"2 minuty"},"schema":{"@context":"https:\/\/schema.org","@graph":[{"@type":"WebPage","@id":"https:\/\/www.elementvape.de\/pl\/produkt\/randm-tornado-7800-einweg-vape-kaufen-7800-zuege\/","url":"https:\/\/www.elementvape.de\/pl\/produkt\/randm-tornado-7800-einweg-vape-kaufen-7800-zuege\/","name":"RandM Tornado 7800 Einweg-Vape Kaufen 7800 Z\u00fcge | ElementVape.de","isPartOf":{"@id":"https:\/\/www.elementvape.de\/#website"},"primaryImageOfPage":{"@id":"https:\/\/www.elementvape.de\/pl\/produkt\/randm-tornado-7800-einweg-vape-kaufen-7800-zuege\/#primaryimage"},"image":{"@id":"https:\/\/www.elementvape.de\/pl\/produkt\/randm-tornado-7800-einweg-vape-kaufen-7800-zuege\/#primaryimage"},"thumbnailUrl":"https:\/\/www.elementvape.de\/wp-content\/uploads\/2024\/06\/RandMTornado7800-1.jpg","datePublished":"2024-06-06T07:16:02+00:00","dateModified":"2024-09-12T10:36:26+00:00","description":"Wir bieten RandM Tornado 7800 Einweg-Vape Kaufen 7800 Z\u00fcge , Elementvape.de akzeptieren Gro\u00df-und Einzelhandel Bestellungen.","breadcrumb":{"@id":"https:\/\/www.elementvape.de\/pl\/produkt\/randm-tornado-7800-einweg-vape-kaufen-7800-zuege\/#breadcrumb"},"inLanguage":"pl-PL","potentialAction":[{"@type":"ReadAction","target":["https:\/\/www.elementvape.de\/pl\/produkt\/randm-tornado-7800-einweg-vape-kaufen-7800-zuege\/"]}]},{"@type":"ImageObject","inLanguage":"pl-PL","@id":"https:\/\/www.elementvape.de\/pl\/produkt\/randm-tornado-7800-einweg-vape-kaufen-7800-zuege\/#primaryimage","url":"https:\/\/www.elementvape.de\/wp-content\/uploads\/2024\/06\/RandMTornado7800-1.jpg","contentUrl":"https:\/\/www.elementvape.de\/wp-content\/uploads\/2024\/06\/RandMTornado7800-1.jpg","width":800,"height":800,"caption":"RandMTornado7800-1"},{"@type":"BreadcrumbList","@id":"https:\/\/www.elementvape.de\/pl\/produkt\/randm-tornado-7800-einweg-vape-kaufen-7800-zuege\/#breadcrumb","itemListElement":[{"@type":"ListItem","position":1,"name":"Home","item":"https:\/\/www.elementvape.de\/"},{"@type":"ListItem","position":2,"name":"Shop","item":"https:\/\/www.elementvape.de\/shop\/"},{"@type":"ListItem","position":3,"name":"RandM Tornado 7800 Einweg-Vape Kaufen 7800 Z\u00fcge"}]},{"@type":"WebSite","@id":"https:\/\/www.elementvape.de\/#website","url":"https:\/\/www.elementvape.de\/","name":"ElementVape.de","description":"","publisher":{"@id":"https:\/\/www.elementvape.de\/#organization"},"potentialAction":[{"@type":"SearchAction","target":{"@type":"EntryPoint","urlTemplate":"https:\/\/www.elementvape.de\/?s={search_term_string}"},"query-input":"required name=search_term_string"}],"inLanguage":"pl-PL"},{"@type":"Organization","@id":"https:\/\/www.elementvape.de\/#organization","name":"ElementVape.DE","url":"https:\/\/www.elementvape.de\/","logo":{"@type":"ImageObject","inLanguage":"pl-PL","@id":"https:\/\/www.elementvape.de\/#\/schema\/logo\/image\/","url":"https:\/\/www.elementvape.de\/wp-content\/uploads\/2024\/09\/cropped-1elementvape-3.png","contentUrl":"https:\/\/www.elementvape.de\/wp-content\/uploads\/2024\/09\/cropped-1elementvape-3.png","width":285,"height":228,"caption":"ElementVape.DE"},"image":{"@id":"https:\/\/www.elementvape.de\/#\/schema\/logo\/image\/"}}]}},"_links":{"self":[{"href":"https:\/\/www.elementvape.de\/pl\/wp-json\/wp\/v2\/product\/11640"}],"collection":[{"href":"https:\/\/www.elementvape.de\/pl\/wp-json\/wp\/v2\/product"}],"about":[{"href":"https:\/\/www.elementvape.de\/pl\/wp-json\/wp\/v2\/types\/product"}],"wp:featuredmedia":[{"embeddable":true,"href":"https:\/\/www.elementvape.de\/pl\/wp-json\/wp\/v2\/media\/11641"}],"wp:attachment":[{"href":"https:\/\/www.elementvape.de\/pl\/wp-json\/wp\/v2\/media?parent=11640"}],"wp:term":[{"taxonomy":"product_cat","embeddable":true,"href":"https:\/\/www.elementvape.de\/pl\/wp-json\/wp\/v2\/product_cat?post=11640"},{"taxonomy":"product_tag","embeddable":true,"href":"https:\/\/www.elementvape.de\/pl\/wp-json\/wp\/v2\/product_tag?post=11640"}],"curies":[{"name":"wp","href":"https:\/\/api.w.org\/{rel}","templated":true}]}}