{"id":11549,"date":"2024-06-06T05:37:28","date_gmt":"2024-06-06T05:37:28","guid":{"rendered":"https:\/\/www.elementvape.de\/?post_type=product&#038;p=11549"},"modified":"2025-02-14T08:34:40","modified_gmt":"2025-02-14T08:34:40","slug":"fumot-randm-digital-box-12000-einweg-vape-12000-zuege","status":"publish","type":"product","link":"https:\/\/www.elementvape.de\/pl\/produkt\/fumot-randm-digital-box-12000-einweg-vape-12000-zuege\/","title":{"rendered":"Fumot Randm Digital Box 12000 jednorazowy e-papieros 12000 poci\u0105gni\u0119\u0107"},"content":{"rendered":"<p>Fumot RandM Digital Box 12000 to zaawansowane i wydajne urz\u0105dzenie do vapowania, kt\u00f3re wyznacza nowe standardy w \u015bwiecie vapowania. Zaprojektowane dla u\u017cytkownik\u00f3w poszukuj\u0105cych pe\u0142nej kontroli nad swoim do\u015bwiadczeniem vapowania, \u0142\u0105czy nowoczesn\u0105 technologi\u0119 z przyjaznym dla u\u017cytkownika designem i szerokim wyborem aromat\u00f3w.<\/p>\n<p>Urz\u0105dzenie posiada wy\u015bwietlacz w czasie rzeczywistym, kt\u00f3ry monitoruje zar\u00f3wno poziom na\u0142adowania baterii, jak i poziom p\u0142ynu, dzi\u0119ki czemu u\u017cytkownicy mog\u0105 optymalnie kontrolowa\u0107 swoje zapotrzebowanie na par\u0119. Jest to szczeg\u00f3lnie przydatne w podr\u00f3\u017cy, poniewa\u017c zawsze mo\u017cna sprawdzi\u0107, jak d\u0142ugo urz\u0105dzenie b\u0119dzie jeszcze dzia\u0142a\u0107. Pod wzgl\u0119dem elastyczno\u015bci i wyboru, RandM Digital Box 12000 oferuje r\u00f3\u017cne st\u0119\u017cenia nikotyny oraz \u0142\u0105cznie 16 r\u00f3\u017cnych smak\u00f3w, od klasycznych po bardziej wyrafinowane kombinacje.<\/p>\n<h3>G\u0142\u00f3wne cechy i technologia RandM Digital Box 12000<\/h3>\n<h4>St\u0119\u017cenia nikotyny i \u0142atwo\u015b\u0107 obs\u0142ugi<\/h4>\n<p>RandM Digital Box 12000 dost\u0119pny jest z nikotyn\u0105 2 %, co czyni go wszechstronn\u0105 opcj\u0105 dla r\u00f3\u017cnych typ\u00f3w vaporer\u00f3w. To st\u0119\u017cenie nikotyny szczeg\u00f3lnie przemawia do tych, kt\u00f3rzy chc\u0105 ograniczy\u0107 spo\u017cycie lub preferuj\u0105 zr\u00f3wnowa\u017cone, ale nie za mocne do\u015bwiadczenie vapowania.<\/p>\n<h4>Trwa\u0142o\u015b\u0107 \u2013 do 12 000 zaci\u0105gni\u0119\u0107<\/h4>\n<p>Dzi\u0119ki mo\u017cliwo\u015bci korzystania a\u017c z <strong><a href=\"https:\/\/www.elementvape.de\/pl\/p-tag\/groesser-oder-gleich-12000-zuege\/\">12000 zaci\u0105gni\u0119\u0107<\/a><\/strong> na urz\u0105dzenie, RandM Digital Box 12000 wyr\u00f3\u017cnia si\u0119 na tle tradycyjnych urz\u0105dze\u0144, kt\u00f3re oferuj\u0105 znacznie mniejsz\u0105 liczb\u0119 zaci\u0105gni\u0119\u0107. Du\u017ca liczba zaci\u0105gni\u0119\u0107 sprawia, \u017ce to urz\u0105dzenie jest idealne dla intensywnych vaporer\u00f3w lub os\u00f3b szukaj\u0105cych produktu o d\u0142ugotrwa\u0142ym dzia\u0142aniu. Dzi\u0119ki temu unika si\u0119 cz\u0119stego dokupywania lub wymiany, co oszcz\u0119dza zar\u00f3wno czas, jak i pieni\u0105dze.<\/p>\n<h4>Pojemno\u015b\u0107 e-liquid 20 ml<\/h4>\n<p>RandM Digital Box 12000 wyposa\u017cony jest w imponuj\u0105c\u0105 pojemno\u015b\u0107 20 ml e-liquid, co zapewnia d\u0142ugotrwa\u0142e u\u017cytkowanie bez konieczno\u015bci uzupe\u0142niania. Szczeg\u00f3lnie dla intensywnych vaporer\u00f3w lub os\u00f3b korzystaj\u0105cych z urz\u0105dzenia na co dzie\u0144, ta wysoka pojemno\u015b\u0107 jest praktyczn\u0105 zalet\u0105.<\/p>\n<h4>Wydajny akumulator 850 mAh<\/h4>\n<p>Ponownie \u0142adowalny akumulator 850 mAh w RandM Digital Box 12000 zapewnia d\u0142ugotrwa\u0142e dzia\u0142anie bez konieczno\u015bci cz\u0119stego \u0142adowania. W po\u0142\u0105czeniu z wy\u015bwietlaczem w czasie rzeczywistym informuj\u0105cym o stanie na\u0142adowania, u\u017cytkownicy zawsze wiedz\u0105, ile energii pozosta\u0142o, co znacznie zwi\u0119ksza niezawodno\u015b\u0107 i wygod\u0119 u\u017cytkowania.<\/p>\n<h4>Mesh-spirala o oporze 0,8 \u03a9 dla intensywnego smaku<\/h4>\n<p>Mesh-spirala w RandM Digital Box 12000 ma op\u00f3r 0,8 \u03a9 i umo\u017cliwia wyj\u0105tkowo intensywne doznania smakowe. Spulki mesh s\u0105 znane z r\u00f3wnomiernego rozprowadzania ciep\u0142a, co prowadzi do lepszego parowania i bardziej wyrazistego smaku. Niski op\u00f3r wspiera tak\u017ce g\u0119st\u0105 produkcj\u0119 pary, co szczeg\u00f3lnie korzystnie wp\u0142ywa na aromaty z\u0142o\u017conych smak\u00f3w.<\/p>\n<h4>Wy\u015bwietlacz w czasie rzeczywistym pokazuj\u0105cy poziom baterii i p\u0142ynu<\/h4>\n<p>Najwa\u017cniejsz\u0105 cech\u0105 RandM Digital Box 12000 jest zintegrowany wy\u015bwietlacz w czasie rzeczywistym, kt\u00f3ry pokazuje aktualny poziom na\u0142adowania baterii i p\u0142ynu. Dzi\u0119ki tej funkcji u\u017cytkownicy mog\u0105 na bie\u017c\u0105co kontrolowa\u0107, jak d\u0142ugo mog\u0105 vapowa\u0107, zanim konieczne b\u0119dzie na\u0142adowanie lub wymiana. Ten wy\u015bwietlacz jest szczeg\u00f3lnie przydatny dla intensywnych vaporer\u00f3w lub os\u00f3b cz\u0119sto podr\u00f3\u017cuj\u0105cych, kt\u00f3re chc\u0105 mie\u0107 pewno\u015b\u0107, \u017ce urz\u0105dzenie jest zawsze gotowe do u\u017cycia.<\/p>\n<h3>Szeroka gama aromat\u00f3w \u2013 16 smak\u00f3w dla indywidualnego do\u015bwiadczenia vapowania<\/h3>\n<p>RandM Digital Box 12000 dost\u0119pny jest w 16 unikalnych smakach, obejmuj\u0105cych zar\u00f3wno klasyczne, jak i bardziej wyrafinowane aromaty. R\u00f3\u017cnorodno\u015b\u0107 smak\u00f3w odpowiada r\u00f3\u017cnym gustom i preferencjom, umo\u017cliwiaj\u0105c u\u017cytkownikom ci\u0105g\u0142e odkrywanie i cieszenie si\u0119 vapowaniem na nowo. Poni\u017cej znajduje si\u0119 szczeg\u00f3\u0142owy opis poszczeg\u00f3lnych smak\u00f3w:<\/p>\n<ol>\n<li>Cool Mint \u2013 Orze\u017awiaj\u0105cy aromat mi\u0119ty, kt\u00f3ry zapewnia ch\u0142odn\u0105 i pobudzaj\u0105c\u0105 par\u0119. Idealny dla tych, kt\u00f3rzy preferuj\u0105 czysty i \u015bwie\u017cy smak.<\/li>\n<li>Lody arbuzowe \u2013 S\u0142odka, owocowa mieszanka arbuzowa z nut\u0105 ch\u0142odu. Ten aromat jest idealny na gor\u0105ce dni lub dla mi\u0142o\u015bnik\u00f3w \u015bwie\u017cych owocowych smak\u00f3w.<\/li>\n<li>Traubeneis \u2013 Orze\u017awiaj\u0105cy aromat winogron z lodowat\u0105 nut\u0105, kt\u00f3ry zapewnia intensywne i owocowe doznania smakowe.<\/li>\n<li>Jagoda-malina \u2013 Harmonijne po\u0142\u0105czenie s\u0142odkich jag\u00f3d i soczystych malin. Dla mi\u0142o\u015bnik\u00f3w aromat\u00f3w jagodowych to doskona\u0142y wyb\u00f3r.<\/li>\n<li>Truskawka-arbuz \u2013 S\u0142odka mieszanka truskawki i arbuza daje soczyste i owocowe doznania smakowe, przypominaj\u0105ce s\u0142oneczne dni lata.<\/li>\n<li>Truskawka-banan \u2013 Pyszne i zr\u00f3wnowa\u017cone po\u0142\u0105czenie truskawek i banan\u00f3w, kt\u00f3re oferuje mi\u0119kki i owocowy dym.<\/li>\n<li>Lush Ice \u2013 Orze\u017awiaj\u0105cy i pobudzaj\u0105cy aromat, \u0142\u0105cz\u0105cy s\u0142odycz arbuza z ch\u0142odz\u0105cym kopni\u0119ciem.<\/li>\n<li>Wi\u015bnia \u2013 S\u0142odki i owocowy aromat wi\u015bni, kt\u00f3ry oddaje smak dojrza\u0142ych wi\u015bni i zapewnia delikatne doznania podczas palenia.<\/li>\n<li>Lody truskawkowe \u2013 Ch\u0142odny aromat truskawki, \u0142\u0105cz\u0105cy s\u0142odki smak owocu z przyjemn\u0105 \u015bwie\u017co\u015bci\u0105.<\/li>\n<li>Lody na patyku \u2013 Nostalgiczny aromat przypominaj\u0105cy smak kolorowych lod\u00f3w na patyku, idealny dla tych, kt\u00f3rzy chc\u0105 cieszy\u0107 si\u0119 latem w jednym \u0142yku.<\/li>\n<li>Pink Lemonade \u2013 Orze\u017awiaj\u0105ca mieszanka cytryny i czerwonych owoc\u00f3w, zapewniaj\u0105ca \u015bwie\u017ce i lekko musuj\u0105ce doznania podczas palenia.<\/li>\n<li>Mango na lodzie \u2013 Egzotyczny aromat mango z lodowat\u0105 nut\u0105, idealny dla tych, kt\u00f3rzy preferuj\u0105 orze\u017awiaj\u0105cy i tropikalny smak.<\/li>\n<li>Mieszane jagody \u2013 Pe\u0142ne smaku aromaty jag\u00f3d, kt\u00f3re \u0142\u0105cz\u0105 r\u00f3\u017cne owoce w intensywne i harmonijne doznania smakowe.<\/li>\n<li>Truskawkowy donat \u2013 S\u0142odki, lekko pieczony aromat, kt\u00f3ry oddaje smak \u015bwie\u017co upieczonego donuta z polew\u0105 truskawkow\u0105.<\/li>\n<li>Truskawka-winogrono \u2013 Mieszanka soczystych truskawek i dojrza\u0142ych winogron, oferuj\u0105ca s\u0142odkie i owocowe doznania smakowe.<\/li>\n<li>Wi\u015bniowa cola \u2013 Ekscytuj\u0105cy aromat \u0142\u0105cz\u0105cy musuj\u0105c\u0105 smak coli z nut\u0105 wi\u015bni, zapewniaj\u0105cy unikalne doznania podczas palenia.<\/li>\n<\/ol>\n<p>Ta wszechstronna paleta aromat\u00f3w zapewnia, \u017ce RandM Digital Box 12000 ma odpowiedni smak dla ka\u017cdego palacza i sprawia, \u017ce do\u015bwiadczenie palenia jest zawsze r\u00f3\u017cnorodne.<\/p>\n<h3>Szczeg\u00f3\u0142y opakowania i opcje wysy\u0142ki<\/h3>\n<p>RandM Digital Box 12000 jest nie tylko przeznaczona dla indywidualnych u\u017cytkownik\u00f3w, ale tak\u017ce idealna dla hurtownik\u00f3w lub sprzedawc\u00f3w. Opakowanie jest praktyczne i wydajne, aby zoptymalizowa\u0107 magazynowanie i transport.<\/p>\n<ul>\n<li>Jednostka opakowania: Ka\u017cde pude\u0142ko zawiera 200 urz\u0105dze\u0144.<\/li>\n<li>Waga na karton: 18 kg.<\/li>\n<li>Rozmiar kartonu: 69,1 cm x 32 cm x 28,3 cm.<\/li>\n<\/ul>\n<p>Dzi\u0119ki temu spos\u00f3b pakowania umo\u017cliwia sprzedawcom i hurtownikom \u0142atwe przechowywanie i wysy\u0142k\u0119 du\u017cej ilo\u015bci urz\u0105dze\u0144. RandM Digital Box 12000 jest zapakowana tak, aby ka\u017cde urz\u0105dzenie by\u0142o chronione przed czynnikami zewn\u0119trznymi i dotar\u0142o do klienta w nienaruszonym stanie.<\/p>\n<h3>Zawarto\u015b\u0107 i konstrukcja produktu<\/h3>\n<p>Kupuj\u0105c RandM Digital Box 12000, otrzymujesz wysokiej jako\u015bci i gotowe do u\u017cycia jednorazowe urz\u0105dzenie do vapowania, zaprojektowane do natychmiastowego u\u017cytku.<\/p>\n<p>Zawarto\u015b\u0107 zestawu:<\/p>\n<ul>\n<li>1 x Fumot RandM Digital Box 12000 <a href=\"https:\/\/www.elementvape.de\/pl\/c\/einweg-zigarette\/\"><strong>Jednorazowa e-papieros<\/strong><\/a> (12.000 poci\u0105gni\u0119\u0107)<\/li>\n<\/ul>\n<p>Prosta obs\u0142uga i przemy\u015blany design sprawiaj\u0105, \u017ce RandM Digital Box 12000 jest idealnym wyborem dla wszystkich, kt\u00f3rzy szukaj\u0105 przyjaznego dla u\u017cytkownika, niezawodnego i smakowitego do\u015bwiadczenia vapowania.<\/p>\n<h3>Podsumowanie: urz\u0105dzenie dla nowoczesnych vapowicz\u00f3w o wysokich wymaganiach<\/h3>\n<p>Fumot RandM Digital Box 12000 to wi\u0119cej ni\u017c tylko jednorazowe urz\u0105dzenie do vapowania; to przemy\u015blane, wydajne urz\u0105dzenie, kt\u00f3re spe\u0142nia potrzeby nowoczesnych vapowicz\u00f3w. Po\u0142\u0105czenie trwa\u0142ej baterii, du\u017cej pojemno\u015bci na e-liquid, wy\u015bwietlacza w czasie rzeczywistym pokazuj\u0105cego poziom baterii i p\u0142ynu oraz imponuj\u0105cej gamy 16 r\u00f3\u017cnych smak\u00f3w czyni to urz\u0105dzenie unikalnym i wszechstronnym.<\/p>\n<p>Zalety w skr\u00f3cie:<\/p>\n<ul>\n<li>Trwa\u0142o\u015b\u0107: do 12 000 poci\u0105gni\u0119\u0107 i zbiornik o pojemno\u015bci 20 ml wyr\u00f3\u017cnia to urz\u0105dzenie spo\u015br\u00f3d innych jednorazowych vap\u00f3w.<\/li>\n<li>Przyjazno\u015b\u0107 dla u\u017cytkownika: dzi\u0119ki wy\u015bwietlaczowi w czasie rzeczywistym pokazuj\u0105cemu poziom baterii i p\u0142ynu u\u017cytkownicy zawsze wiedz\u0105, jak d\u0142ugo urz\u0105dzenie b\u0119dzie jeszcze dzia\u0142a\u0107.<\/li>\n<li>Elastyczno\u015b\u0107: dost\u0119pne z nikotyn\u0105 2 %, co przemawia zar\u00f3wno do pocz\u0105tkuj\u0105cych, jak i do do\u015bwiadczonych vapowicz\u00f3w.<\/li>\n<li>R\u00f3\u017cnorodno\u015b\u0107 smak\u00f3w: 16 r\u00f3\u017cnych smak\u00f3w zapewnia urozmaicone do\u015bwiadczenie vapowania.<\/li>\n<\/ul>\n<p>RandM Digital Box 12000 to idealny wyb\u00f3r dla tych, kt\u00f3rzy ceni\u0105 jako\u015b\u0107 i przyjemno\u015b\u0107 vapowania, nie rezygnuj\u0105c z komfortu intuicyjnej obs\u0142ugi.<\/p>","protected":false},"excerpt":{"rendered":"<p>Die Fumot RandM Digital Box 12000 ist ein fortschrittliches und leistungsf\u00e4higes Vape-Ger\u00e4t, das in der Welt des Dampfens neue Ma\u00dfst\u00e4be setzt. Entwickelt f\u00fcr Nutzer, die eine umfassende Kontrolle \u00fcber ihr Dampferlebnis suchen, kombiniert dieses Ger\u00e4t moderne Technologie mit benutzerfreundlichem Design und einer breiten Aromenvielfalt. Das Ger\u00e4t verf\u00fcgt \u00fcber eine Echtzeitanzeige, die sowohl den Batterie- als [&hellip;]<\/p>","protected":false},"featured_media":11566,"template":"","meta":{"inline_featured_image":false},"product_cat":[15,78,754,745,742,748,744,755,738,751],"product_tag":[710,773,673],"tiered_pricing_type":"fixed","tiered_pricing_fixed_rules":{"200":"7.5","300":"7"},"tiered_pricing_percentage_rules":[],"tiered_pricing_minimum":1,"_administrator_tiered_pricing_type":"fixed","_administrator_tiered_pricing_fixed_rules":[],"_editor_tiered_pricing_type":"fixed","_editor_tiered_pricing_fixed_rules":[],"_author_tiered_pricing_type":"fixed","_author_tiered_pricing_fixed_rules":[],"_contributor_tiered_pricing_type":"fixed","_contributor_tiered_pricing_fixed_rules":[],"_subscriber_tiered_pricing_type":"fixed","_subscriber_tiered_pricing_fixed_rules":[],"_customer_tiered_pricing_type":"fixed","_customer_tiered_pricing_fixed_rules":[],"_shop_manager_tiered_pricing_type":"fixed","_shop_manager_tiered_pricing_fixed_rules":[],"_wpseo_manager_tiered_pricing_type":"fixed","_wpseo_manager_tiered_pricing_fixed_rules":[],"_wpseo_editor_tiered_pricing_type":"fixed","_wpseo_editor_tiered_pricing_fixed_rules":[],"_wholesale_customer_tiered_pricing_type":"fixed","_wholesale_customer_tiered_pricing_fixed_rules":[],"_marketer_tiered_pricing_type":"fixed","_marketer_tiered_pricing_fixed_rules":[],"_sales_manager_tiered_pricing_type":"fixed","_sales_manager_tiered_pricing_fixed_rules":[],"_sales_rep_tiered_pricing_type":"fixed","_sales_rep_tiered_pricing_fixed_rules":[],"yoast_head":"<!-- This site is optimized with the Yoast SEO plugin v23.3 - https:\/\/yoast.com\/wordpress\/plugins\/seo\/ -->\n<title>Fumot Randm Digital Box 12000 Einweg-E-Zigarette 12000 Z\u00fcge | ElementVape.de<\/title>\n<meta name=\"description\" content=\"Wir bieten Fumot Randm Digital Box 12000 Einweg-E-Zigarette 12000 Z\u00fcge , Elementvape.de akzeptieren Gro\u00df-und Einzelhandel Bestellungen.\" \/>\n<meta name=\"robots\" content=\"index, follow, max-snippet:-1, max-image-preview:large, max-video-preview:-1\" \/>\n<link rel=\"canonical\" href=\"https:\/\/www.elementvape.de\/pl\/produkt\/fumot-randm-digital-box-12000-einweg-vape-12000-zuege\/\" \/>\n<meta property=\"og:locale\" content=\"pl_PL\" \/>\n<meta property=\"og:type\" content=\"article\" \/>\n<meta property=\"og:title\" content=\"Fumot Randm Digital Box 12000 Einweg-E-Zigarette 12000 Z\u00fcge | ElementVape.de\" \/>\n<meta property=\"og:description\" content=\"Wir bieten Fumot Randm Digital Box 12000 Einweg-E-Zigarette 12000 Z\u00fcge , Elementvape.de akzeptieren Gro\u00df-und Einzelhandel Bestellungen.\" \/>\n<meta property=\"og:url\" content=\"https:\/\/www.elementvape.de\/pl\/produkt\/fumot-randm-digital-box-12000-einweg-vape-12000-zuege\/\" \/>\n<meta property=\"og:site_name\" content=\"ElementVape.de\" \/>\n<meta property=\"article:modified_time\" content=\"2025-02-14T08:34:40+00:00\" \/>\n<meta property=\"og:image\" content=\"https:\/\/www.elementvape.de\/wp-content\/uploads\/2024\/06\/Fumot-Randm-Digital-Box-12000-04.jpg\" \/>\n\t<meta property=\"og:image:width\" content=\"800\" \/>\n\t<meta property=\"og:image:height\" content=\"800\" \/>\n\t<meta property=\"og:image:type\" content=\"image\/jpeg\" \/>\n<meta name=\"twitter:card\" content=\"summary_large_image\" \/>\n<meta name=\"twitter:label1\" content=\"Est. reading time\" \/>\n\t<meta name=\"twitter:data1\" content=\"7 minut\" \/>\n<script type=\"application\/ld+json\" class=\"yoast-schema-graph\">{\"@context\":\"https:\/\/schema.org\",\"@graph\":[{\"@type\":\"WebPage\",\"@id\":\"https:\/\/www.elementvape.de\/produkt\/fumot-randm-digital-box-12000-einweg-vape-12000-zuege\/\",\"url\":\"https:\/\/www.elementvape.de\/produkt\/fumot-randm-digital-box-12000-einweg-vape-12000-zuege\/\",\"name\":\"Fumot Randm Digital Box 12000 Einweg-E-Zigarette 12000 Z\u00fcge | ElementVape.de\",\"isPartOf\":{\"@id\":\"https:\/\/www.elementvape.de\/#website\"},\"primaryImageOfPage\":{\"@id\":\"https:\/\/www.elementvape.de\/produkt\/fumot-randm-digital-box-12000-einweg-vape-12000-zuege\/#primaryimage\"},\"image\":{\"@id\":\"https:\/\/www.elementvape.de\/produkt\/fumot-randm-digital-box-12000-einweg-vape-12000-zuege\/#primaryimage\"},\"thumbnailUrl\":\"https:\/\/www.elementvape.de\/wp-content\/uploads\/2024\/06\/Fumot-Randm-Digital-Box-12000-04.jpg\",\"datePublished\":\"2024-06-06T05:37:28+00:00\",\"dateModified\":\"2025-02-14T08:34:40+00:00\",\"description\":\"Wir bieten Fumot Randm Digital Box 12000 Einweg-E-Zigarette 12000 Z\u00fcge , Elementvape.de akzeptieren Gro\u00df-und Einzelhandel Bestellungen.\",\"breadcrumb\":{\"@id\":\"https:\/\/www.elementvape.de\/produkt\/fumot-randm-digital-box-12000-einweg-vape-12000-zuege\/#breadcrumb\"},\"inLanguage\":\"pl-PL\",\"potentialAction\":[{\"@type\":\"ReadAction\",\"target\":[\"https:\/\/www.elementvape.de\/produkt\/fumot-randm-digital-box-12000-einweg-vape-12000-zuege\/\"]}]},{\"@type\":\"ImageObject\",\"inLanguage\":\"pl-PL\",\"@id\":\"https:\/\/www.elementvape.de\/produkt\/fumot-randm-digital-box-12000-einweg-vape-12000-zuege\/#primaryimage\",\"url\":\"https:\/\/www.elementvape.de\/wp-content\/uploads\/2024\/06\/Fumot-Randm-Digital-Box-12000-04.jpg\",\"contentUrl\":\"https:\/\/www.elementvape.de\/wp-content\/uploads\/2024\/06\/Fumot-Randm-Digital-Box-12000-04.jpg\",\"width\":800,\"height\":800,\"caption\":\"Fumot-Randm-Digital-Box-12000-04\"},{\"@type\":\"BreadcrumbList\",\"@id\":\"https:\/\/www.elementvape.de\/produkt\/fumot-randm-digital-box-12000-einweg-vape-12000-zuege\/#breadcrumb\",\"itemListElement\":[{\"@type\":\"ListItem\",\"position\":1,\"name\":\"Home\",\"item\":\"https:\/\/www.elementvape.de\/\"},{\"@type\":\"ListItem\",\"position\":2,\"name\":\"Shop\",\"item\":\"https:\/\/www.elementvape.de\/shop\/\"},{\"@type\":\"ListItem\",\"position\":3,\"name\":\"Fumot Randm Digital Box 12000 Einweg-E-Zigarette 12000 Z\u00fcge\"}]},{\"@type\":\"WebSite\",\"@id\":\"https:\/\/www.elementvape.de\/#website\",\"url\":\"https:\/\/www.elementvape.de\/\",\"name\":\"ElementVape.de\",\"description\":\"\",\"publisher\":{\"@id\":\"https:\/\/www.elementvape.de\/#organization\"},\"potentialAction\":[{\"@type\":\"SearchAction\",\"target\":{\"@type\":\"EntryPoint\",\"urlTemplate\":\"https:\/\/www.elementvape.de\/?s={search_term_string}\"},\"query-input\":\"required name=search_term_string\"}],\"inLanguage\":\"pl-PL\"},{\"@type\":\"Organization\",\"@id\":\"https:\/\/www.elementvape.de\/#organization\",\"name\":\"ElementVape.DE\",\"url\":\"https:\/\/www.elementvape.de\/\",\"logo\":{\"@type\":\"ImageObject\",\"inLanguage\":\"pl-PL\",\"@id\":\"https:\/\/www.elementvape.de\/#\/schema\/logo\/image\/\",\"url\":\"https:\/\/www.elementvape.de\/wp-content\/uploads\/2024\/09\/cropped-1elementvape-3.png\",\"contentUrl\":\"https:\/\/www.elementvape.de\/wp-content\/uploads\/2024\/09\/cropped-1elementvape-3.png\",\"width\":285,\"height\":228,\"caption\":\"ElementVape.DE\"},\"image\":{\"@id\":\"https:\/\/www.elementvape.de\/#\/schema\/logo\/image\/\"}}]}<\/script>\n<!-- \/ Yoast SEO plugin. -->","yoast_head_json":{"title":"Fumot Randm Digital Box 12000 Einweg-E-Zigarette 12000 Z\u00fcge | ElementVape.de","description":"Wir bieten Fumot Randm Digital Box 12000 Einweg-E-Zigarette 12000 Z\u00fcge , Elementvape.de akzeptieren Gro\u00df-und Einzelhandel Bestellungen.","robots":{"index":"index","follow":"follow","max-snippet":"max-snippet:-1","max-image-preview":"max-image-preview:large","max-video-preview":"max-video-preview:-1"},"canonical":"https:\/\/www.elementvape.de\/pl\/produkt\/fumot-randm-digital-box-12000-einweg-vape-12000-zuege\/","og_locale":"pl_PL","og_type":"article","og_title":"Fumot Randm Digital Box 12000 Einweg-E-Zigarette 12000 Z\u00fcge | ElementVape.de","og_description":"Wir bieten Fumot Randm Digital Box 12000 Einweg-E-Zigarette 12000 Z\u00fcge , Elementvape.de akzeptieren Gro\u00df-und Einzelhandel Bestellungen.","og_url":"https:\/\/www.elementvape.de\/pl\/produkt\/fumot-randm-digital-box-12000-einweg-vape-12000-zuege\/","og_site_name":"ElementVape.de","article_modified_time":"2025-02-14T08:34:40+00:00","og_image":[{"width":800,"height":800,"url":"https:\/\/www.elementvape.de\/wp-content\/uploads\/2024\/06\/Fumot-Randm-Digital-Box-12000-04.jpg","type":"image\/jpeg"}],"twitter_card":"summary_large_image","twitter_misc":{"Est. reading time":"7 minut"},"schema":{"@context":"https:\/\/schema.org","@graph":[{"@type":"WebPage","@id":"https:\/\/www.elementvape.de\/produkt\/fumot-randm-digital-box-12000-einweg-vape-12000-zuege\/","url":"https:\/\/www.elementvape.de\/produkt\/fumot-randm-digital-box-12000-einweg-vape-12000-zuege\/","name":"Fumot Randm Digital Box 12000 Einweg-E-Zigarette 12000 Z\u00fcge | ElementVape.de","isPartOf":{"@id":"https:\/\/www.elementvape.de\/#website"},"primaryImageOfPage":{"@id":"https:\/\/www.elementvape.de\/produkt\/fumot-randm-digital-box-12000-einweg-vape-12000-zuege\/#primaryimage"},"image":{"@id":"https:\/\/www.elementvape.de\/produkt\/fumot-randm-digital-box-12000-einweg-vape-12000-zuege\/#primaryimage"},"thumbnailUrl":"https:\/\/www.elementvape.de\/wp-content\/uploads\/2024\/06\/Fumot-Randm-Digital-Box-12000-04.jpg","datePublished":"2024-06-06T05:37:28+00:00","dateModified":"2025-02-14T08:34:40+00:00","description":"Wir bieten Fumot Randm Digital Box 12000 Einweg-E-Zigarette 12000 Z\u00fcge , Elementvape.de akzeptieren Gro\u00df-und Einzelhandel Bestellungen.","breadcrumb":{"@id":"https:\/\/www.elementvape.de\/produkt\/fumot-randm-digital-box-12000-einweg-vape-12000-zuege\/#breadcrumb"},"inLanguage":"pl-PL","potentialAction":[{"@type":"ReadAction","target":["https:\/\/www.elementvape.de\/produkt\/fumot-randm-digital-box-12000-einweg-vape-12000-zuege\/"]}]},{"@type":"ImageObject","inLanguage":"pl-PL","@id":"https:\/\/www.elementvape.de\/produkt\/fumot-randm-digital-box-12000-einweg-vape-12000-zuege\/#primaryimage","url":"https:\/\/www.elementvape.de\/wp-content\/uploads\/2024\/06\/Fumot-Randm-Digital-Box-12000-04.jpg","contentUrl":"https:\/\/www.elementvape.de\/wp-content\/uploads\/2024\/06\/Fumot-Randm-Digital-Box-12000-04.jpg","width":800,"height":800,"caption":"Fumot-Randm-Digital-Box-12000-04"},{"@type":"BreadcrumbList","@id":"https:\/\/www.elementvape.de\/produkt\/fumot-randm-digital-box-12000-einweg-vape-12000-zuege\/#breadcrumb","itemListElement":[{"@type":"ListItem","position":1,"name":"Home","item":"https:\/\/www.elementvape.de\/"},{"@type":"ListItem","position":2,"name":"Shop","item":"https:\/\/www.elementvape.de\/shop\/"},{"@type":"ListItem","position":3,"name":"Fumot Randm Digital Box 12000 Einweg-E-Zigarette 12000 Z\u00fcge"}]},{"@type":"WebSite","@id":"https:\/\/www.elementvape.de\/#website","url":"https:\/\/www.elementvape.de\/","name":"ElementVape.de","description":"","publisher":{"@id":"https:\/\/www.elementvape.de\/#organization"},"potentialAction":[{"@type":"SearchAction","target":{"@type":"EntryPoint","urlTemplate":"https:\/\/www.elementvape.de\/?s={search_term_string}"},"query-input":"required name=search_term_string"}],"inLanguage":"pl-PL"},{"@type":"Organization","@id":"https:\/\/www.elementvape.de\/#organization","name":"ElementVape.DE","url":"https:\/\/www.elementvape.de\/","logo":{"@type":"ImageObject","inLanguage":"pl-PL","@id":"https:\/\/www.elementvape.de\/#\/schema\/logo\/image\/","url":"https:\/\/www.elementvape.de\/wp-content\/uploads\/2024\/09\/cropped-1elementvape-3.png","contentUrl":"https:\/\/www.elementvape.de\/wp-content\/uploads\/2024\/09\/cropped-1elementvape-3.png","width":285,"height":228,"caption":"ElementVape.DE"},"image":{"@id":"https:\/\/www.elementvape.de\/#\/schema\/logo\/image\/"}}]}},"_links":{"self":[{"href":"https:\/\/www.elementvape.de\/pl\/wp-json\/wp\/v2\/product\/11549"}],"collection":[{"href":"https:\/\/www.elementvape.de\/pl\/wp-json\/wp\/v2\/product"}],"about":[{"href":"https:\/\/www.elementvape.de\/pl\/wp-json\/wp\/v2\/types\/product"}],"wp:featuredmedia":[{"embeddable":true,"href":"https:\/\/www.elementvape.de\/pl\/wp-json\/wp\/v2\/media\/11566"}],"wp:attachment":[{"href":"https:\/\/www.elementvape.de\/pl\/wp-json\/wp\/v2\/media?parent=11549"}],"wp:term":[{"taxonomy":"product_cat","embeddable":true,"href":"https:\/\/www.elementvape.de\/pl\/wp-json\/wp\/v2\/product_cat?post=11549"},{"taxonomy":"product_tag","embeddable":true,"href":"https:\/\/www.elementvape.de\/pl\/wp-json\/wp\/v2\/product_tag?post=11549"}],"curies":[{"name":"wp","href":"https:\/\/api.w.org\/{rel}","templated":true}]}}