{"id":11238,"date":"2024-05-31T06:56:40","date_gmt":"2024-05-31T06:56:40","guid":{"rendered":"https:\/\/www.elementvape.de\/?post_type=product&#038;p=11238"},"modified":"2024-09-12T10:36:38","modified_gmt":"2024-09-12T10:36:38","slug":"187-stick-v2-e-shisha-kaufen","status":"publish","type":"product","link":"https:\/\/www.elementvape.de\/pl\/produkt\/187-stick-v2-e-shisha-kaufen\/","title":{"rendered":"187 Stick V2 E-Shisha Kup"},"content":{"rendered":"<p>187 V2 jednorazowa elektroniczna papieros<\/p>\n<p>Jednorazowy e-papieros 187 V2 zapewnia orze\u017awiaj\u0105ce do\u015bwiadczenie palenia. Ten jednorazowy e-papieros od 187 Stra\u00dfenbande doskonale oddaje popularne aromaty z asortymentu tytoniu do shishy i liquid\u00f3w, a dzi\u0119ki zaawansowanej technologii Mesh-Coil i mocnej baterii zapewnia intensywn\u0105 chmur\u0119 dymu na nawet do 600 zaci\u0105gni\u0119\u0107 bez utraty smaku.<\/p>\n<p>Najwa\u017cniejsze cechy i zalety jednorazowego e-papierosa 187 V2<\/p>\n<p>Przyjazno\u015b\u0107 dla u\u017cytkownika:<br \/>\nBrak konieczno\u015bci posiadania specjalistycznej wiedzy: Idealny zar\u00f3wno dla pocz\u0105tkuj\u0105cych, jak i profesjonalist\u00f3w, poniewa\u017c nie wymaga akcesori\u00f3w ani specjalistycznej wiedzy.<br \/>\nGotowy do u\u017cycia od razu: U\u017cywaj swojego e-papierosa w dowolnym miejscu i czasie, bez konieczno\u015bci \u0142adowania lub nape\u0142niania.<br \/>\nCzysty i praktyczny: Brak smo\u0142y, tlenku w\u0119gla i odpad\u00f3w zwi\u0105zanych z nape\u0142nianiem lub czyszczeniem.<\/p>\n<p>Intensywny smak:<br \/>\nTechnologia Mesh-Coil: Zapewnia przyjemny i bogaty smak.<\/p>\n<p>Przejrzysto\u015b\u0107:<br \/>\nWska\u017anik poziomu liquidu: Dzi\u0119ki przezroczystemu ustnikowi mo\u017cna na bie\u017c\u0105co sprawdza\u0107 poziom liquidu.<\/p>\n<p>Dlaczego warto wybra\u0107 187 Vape V2?<\/p>\n<p>187 V2 jest idealny dla tych, kt\u00f3rzy szukaj\u0105 praktycznego i \u0142atwego w obs\u0142udze jednorazowego e-papierosa. Dzi\u0119ki mocnej baterii i wysokiej jako\u015bci technologii Mesh-Coil zapewnia d\u0142ugotrwa\u0142e, intensywne do\u015bwiadczenie palenia bez konieczno\u015bci skomplikowanej konfiguracji czy akcesori\u00f3w.<\/p>\n<p>Dane techniczne i funkcje<\/p>\n<p>Pojemno\u015b\u0107 baterii: 500 mAh, d\u0142ugotrwa\u0142a rado\u015b\u0107 z e-papieros\u00f3w.<br \/>\nLiczba zaci\u0105gni\u0119\u0107: Ka\u017cde urz\u0105dzenie mo\u017ce wykona\u0107 do 600 zaci\u0105gni\u0119\u0107 bez utraty smaku.<\/p>\n<p>Pojemno\u015b\u0107 e-liquid: 2,0 ml, zawarto\u015b\u0107 nikotyny 20 mg\/ml.<br \/>\nGrza\u0142ka: Wbudowana siatkowa grza\u0142ka Fresor dla lepszego rozprowadzania aromatu.<br \/>\nDesign: Abstrakcyjny design, najlepszy wygl\u0105d w klasycznym stylu 187.<br \/>\nWymiary: wysoko\u015b\u0107 ok. 10,5 cm, \u015brednica zewn\u0119trzna ok. 1,7 cm, waga 29 gram\u00f3w.<\/p>\n<p>Jednorazowa e-papieroska 187 V2 \u0142\u0105czy orze\u017awiaj\u0105cy smak z wysok\u0105 \u0142atwo\u015bci\u0105 obs\u0142ugi i jako\u015bci\u0105 techniczn\u0105. Jest idealny dla palaczy, kt\u00f3rzy szukaj\u0105 bezstresowego, intensywnego do\u015bwiadczenia vapowania. Dzi\u0119ki zaawansowanej technologii siatkowej grza\u0142ki i mocnej baterii, 187 V2 zapewnia d\u0142ugotrwa\u0142y, bogaty aromat bez kompromis\u00f3w w smaku i jest \u0142atwy w obs\u0142udze i u\u017cytkowaniu.<\/p>","protected":false},"excerpt":{"rendered":"<p>187 V2 elektronische Einweg zigarette Die Einweg-E-Zigarette 187 V2 sorgt f\u00fcr ein erfrischendes Raucherlebnis. Diese Einweg-E-Zigarette von 187 Stra\u00dfenbande f\u00e4ngt die beliebten Aromen des Shisha-Tabak- und Liquid-Sortiments perfekt ein und sorgt mit ihrer fortschrittlichen Mesh-Coil-Technologie und der starken Akkuleistung f\u00fcr intensiven Dampfgenuss f\u00fcr bis zu 600 Z\u00fcge ohne Einbu\u00dfen jeglichen Geschmacks. Highlights und Vorteile der [&hellip;]<\/p>","protected":false},"featured_media":11239,"template":"","meta":{"inline_featured_image":false},"product_cat":[78,754,745,742,748,744,755,738,751],"product_tag":[679],"tiered_pricing_type":"fixed","tiered_pricing_fixed_rules":[],"tiered_pricing_percentage_rules":[],"tiered_pricing_minimum":1,"_administrator_tiered_pricing_type":"fixed","_administrator_tiered_pricing_fixed_rules":[],"_editor_tiered_pricing_type":"fixed","_editor_tiered_pricing_fixed_rules":[],"_author_tiered_pricing_type":"fixed","_author_tiered_pricing_fixed_rules":[],"_contributor_tiered_pricing_type":"fixed","_contributor_tiered_pricing_fixed_rules":[],"_subscriber_tiered_pricing_type":"fixed","_subscriber_tiered_pricing_fixed_rules":[],"_customer_tiered_pricing_type":"fixed","_customer_tiered_pricing_fixed_rules":[],"_shop_manager_tiered_pricing_type":"fixed","_shop_manager_tiered_pricing_fixed_rules":[],"_wpseo_manager_tiered_pricing_type":"fixed","_wpseo_manager_tiered_pricing_fixed_rules":[],"_wpseo_editor_tiered_pricing_type":"fixed","_wpseo_editor_tiered_pricing_fixed_rules":[],"_wholesale_customer_tiered_pricing_type":"fixed","_wholesale_customer_tiered_pricing_fixed_rules":[],"_marketer_tiered_pricing_type":"fixed","_marketer_tiered_pricing_fixed_rules":[],"_sales_manager_tiered_pricing_type":"fixed","_sales_manager_tiered_pricing_fixed_rules":[],"_sales_rep_tiered_pricing_type":"fixed","_sales_rep_tiered_pricing_fixed_rules":[],"yoast_head":"<!-- This site is optimized with the Yoast SEO plugin v23.3 - https:\/\/yoast.com\/wordpress\/plugins\/seo\/ -->\n<title>187 Stick V2 E-Shisha Kaufen | ElementVape.de<\/title>\n<meta name=\"description\" content=\"Wir bieten 187 Stick V2 E-Shisha Kaufen , Elementvape.de akzeptieren Gro\u00df-und Einzelhandel Bestellungen.\" \/>\n<meta name=\"robots\" content=\"index, follow, max-snippet:-1, max-image-preview:large, max-video-preview:-1\" \/>\n<link rel=\"canonical\" href=\"https:\/\/www.elementvape.de\/pl\/produkt\/187-stick-v2-e-shisha-kaufen\/\" \/>\n<meta property=\"og:locale\" content=\"pl_PL\" \/>\n<meta property=\"og:type\" content=\"article\" \/>\n<meta property=\"og:title\" content=\"187 Stick V2 E-Shisha Kaufen | ElementVape.de\" \/>\n<meta property=\"og:description\" content=\"Wir bieten 187 Stick V2 E-Shisha Kaufen , Elementvape.de akzeptieren Gro\u00df-und Einzelhandel Bestellungen.\" \/>\n<meta property=\"og:url\" content=\"https:\/\/www.elementvape.de\/pl\/produkt\/187-stick-v2-e-shisha-kaufen\/\" \/>\n<meta property=\"og:site_name\" content=\"ElementVape.de\" \/>\n<meta property=\"article:modified_time\" content=\"2024-09-12T10:36:38+00:00\" \/>\n<meta property=\"og:image\" content=\"https:\/\/www.elementvape.de\/wp-content\/uploads\/2024\/05\/187-stick-v2-e-shisha-tropicana-20mg.jpg\" \/>\n\t<meta property=\"og:image:width\" content=\"1120\" \/>\n\t<meta property=\"og:image:height\" content=\"1120\" \/>\n\t<meta property=\"og:image:type\" content=\"image\/jpeg\" \/>\n<meta name=\"twitter:card\" content=\"summary_large_image\" \/>\n<meta name=\"twitter:label1\" content=\"Est. reading time\" \/>\n\t<meta name=\"twitter:data1\" content=\"2 minuty\" \/>\n<script type=\"application\/ld+json\" class=\"yoast-schema-graph\">{\"@context\":\"https:\/\/schema.org\",\"@graph\":[{\"@type\":\"WebPage\",\"@id\":\"https:\/\/www.elementvape.de\/es\/produkt\/187-stick-v2-e-shisha-kaufen\/\",\"url\":\"https:\/\/www.elementvape.de\/es\/produkt\/187-stick-v2-e-shisha-kaufen\/\",\"name\":\"187 Stick V2 E-Shisha Kaufen | ElementVape.de\",\"isPartOf\":{\"@id\":\"https:\/\/www.elementvape.de\/#website\"},\"primaryImageOfPage\":{\"@id\":\"https:\/\/www.elementvape.de\/es\/produkt\/187-stick-v2-e-shisha-kaufen\/#primaryimage\"},\"image\":{\"@id\":\"https:\/\/www.elementvape.de\/es\/produkt\/187-stick-v2-e-shisha-kaufen\/#primaryimage\"},\"thumbnailUrl\":\"https:\/\/www.elementvape.de\/wp-content\/uploads\/2024\/05\/187-stick-v2-e-shisha-tropicana-20mg.jpg\",\"datePublished\":\"2024-05-31T06:56:40+00:00\",\"dateModified\":\"2024-09-12T10:36:38+00:00\",\"description\":\"Wir bieten 187 Stick V2 E-Shisha Kaufen , Elementvape.de akzeptieren Gro\u00df-und Einzelhandel Bestellungen.\",\"breadcrumb\":{\"@id\":\"https:\/\/www.elementvape.de\/es\/produkt\/187-stick-v2-e-shisha-kaufen\/#breadcrumb\"},\"inLanguage\":\"pl-PL\",\"potentialAction\":[{\"@type\":\"ReadAction\",\"target\":[\"https:\/\/www.elementvape.de\/es\/produkt\/187-stick-v2-e-shisha-kaufen\/\"]}]},{\"@type\":\"ImageObject\",\"inLanguage\":\"pl-PL\",\"@id\":\"https:\/\/www.elementvape.de\/es\/produkt\/187-stick-v2-e-shisha-kaufen\/#primaryimage\",\"url\":\"https:\/\/www.elementvape.de\/wp-content\/uploads\/2024\/05\/187-stick-v2-e-shisha-tropicana-20mg.jpg\",\"contentUrl\":\"https:\/\/www.elementvape.de\/wp-content\/uploads\/2024\/05\/187-stick-v2-e-shisha-tropicana-20mg.jpg\",\"width\":1120,\"height\":1120,\"caption\":\"187-stick-v2-e-shisha-tropicana-20mg\"},{\"@type\":\"BreadcrumbList\",\"@id\":\"https:\/\/www.elementvape.de\/es\/produkt\/187-stick-v2-e-shisha-kaufen\/#breadcrumb\",\"itemListElement\":[{\"@type\":\"ListItem\",\"position\":1,\"name\":\"Home\",\"item\":\"https:\/\/www.elementvape.de\/\"},{\"@type\":\"ListItem\",\"position\":2,\"name\":\"Shop\",\"item\":\"https:\/\/www.elementvape.de\/shop\/\"},{\"@type\":\"ListItem\",\"position\":3,\"name\":\"187 Stick V2 E-Shisha Kaufen\"}]},{\"@type\":\"WebSite\",\"@id\":\"https:\/\/www.elementvape.de\/#website\",\"url\":\"https:\/\/www.elementvape.de\/\",\"name\":\"ElementVape.de\",\"description\":\"\",\"publisher\":{\"@id\":\"https:\/\/www.elementvape.de\/#organization\"},\"potentialAction\":[{\"@type\":\"SearchAction\",\"target\":{\"@type\":\"EntryPoint\",\"urlTemplate\":\"https:\/\/www.elementvape.de\/?s={search_term_string}\"},\"query-input\":\"required name=search_term_string\"}],\"inLanguage\":\"pl-PL\"},{\"@type\":\"Organization\",\"@id\":\"https:\/\/www.elementvape.de\/#organization\",\"name\":\"ElementVape.DE\",\"url\":\"https:\/\/www.elementvape.de\/\",\"logo\":{\"@type\":\"ImageObject\",\"inLanguage\":\"pl-PL\",\"@id\":\"https:\/\/www.elementvape.de\/#\/schema\/logo\/image\/\",\"url\":\"https:\/\/www.elementvape.de\/wp-content\/uploads\/2024\/09\/cropped-1elementvape-3.png\",\"contentUrl\":\"https:\/\/www.elementvape.de\/wp-content\/uploads\/2024\/09\/cropped-1elementvape-3.png\",\"width\":285,\"height\":228,\"caption\":\"ElementVape.DE\"},\"image\":{\"@id\":\"https:\/\/www.elementvape.de\/#\/schema\/logo\/image\/\"}}]}<\/script>\n<!-- \/ Yoast SEO plugin. -->","yoast_head_json":{"title":"187 Stick V2 E-Shisha Kaufen | ElementVape.de","description":"Wir bieten 187 Stick V2 E-Shisha Kaufen , Elementvape.de akzeptieren Gro\u00df-und Einzelhandel Bestellungen.","robots":{"index":"index","follow":"follow","max-snippet":"max-snippet:-1","max-image-preview":"max-image-preview:large","max-video-preview":"max-video-preview:-1"},"canonical":"https:\/\/www.elementvape.de\/pl\/produkt\/187-stick-v2-e-shisha-kaufen\/","og_locale":"pl_PL","og_type":"article","og_title":"187 Stick V2 E-Shisha Kaufen | ElementVape.de","og_description":"Wir bieten 187 Stick V2 E-Shisha Kaufen , Elementvape.de akzeptieren Gro\u00df-und Einzelhandel Bestellungen.","og_url":"https:\/\/www.elementvape.de\/pl\/produkt\/187-stick-v2-e-shisha-kaufen\/","og_site_name":"ElementVape.de","article_modified_time":"2024-09-12T10:36:38+00:00","og_image":[{"width":1120,"height":1120,"url":"https:\/\/www.elementvape.de\/wp-content\/uploads\/2024\/05\/187-stick-v2-e-shisha-tropicana-20mg.jpg","type":"image\/jpeg"}],"twitter_card":"summary_large_image","twitter_misc":{"Est. reading time":"2 minuty"},"schema":{"@context":"https:\/\/schema.org","@graph":[{"@type":"WebPage","@id":"https:\/\/www.elementvape.de\/es\/produkt\/187-stick-v2-e-shisha-kaufen\/","url":"https:\/\/www.elementvape.de\/es\/produkt\/187-stick-v2-e-shisha-kaufen\/","name":"187 Stick V2 E-Shisha Kaufen | ElementVape.de","isPartOf":{"@id":"https:\/\/www.elementvape.de\/#website"},"primaryImageOfPage":{"@id":"https:\/\/www.elementvape.de\/es\/produkt\/187-stick-v2-e-shisha-kaufen\/#primaryimage"},"image":{"@id":"https:\/\/www.elementvape.de\/es\/produkt\/187-stick-v2-e-shisha-kaufen\/#primaryimage"},"thumbnailUrl":"https:\/\/www.elementvape.de\/wp-content\/uploads\/2024\/05\/187-stick-v2-e-shisha-tropicana-20mg.jpg","datePublished":"2024-05-31T06:56:40+00:00","dateModified":"2024-09-12T10:36:38+00:00","description":"Wir bieten 187 Stick V2 E-Shisha Kaufen , Elementvape.de akzeptieren Gro\u00df-und Einzelhandel Bestellungen.","breadcrumb":{"@id":"https:\/\/www.elementvape.de\/es\/produkt\/187-stick-v2-e-shisha-kaufen\/#breadcrumb"},"inLanguage":"pl-PL","potentialAction":[{"@type":"ReadAction","target":["https:\/\/www.elementvape.de\/es\/produkt\/187-stick-v2-e-shisha-kaufen\/"]}]},{"@type":"ImageObject","inLanguage":"pl-PL","@id":"https:\/\/www.elementvape.de\/es\/produkt\/187-stick-v2-e-shisha-kaufen\/#primaryimage","url":"https:\/\/www.elementvape.de\/wp-content\/uploads\/2024\/05\/187-stick-v2-e-shisha-tropicana-20mg.jpg","contentUrl":"https:\/\/www.elementvape.de\/wp-content\/uploads\/2024\/05\/187-stick-v2-e-shisha-tropicana-20mg.jpg","width":1120,"height":1120,"caption":"187-stick-v2-e-shisha-tropicana-20mg"},{"@type":"BreadcrumbList","@id":"https:\/\/www.elementvape.de\/es\/produkt\/187-stick-v2-e-shisha-kaufen\/#breadcrumb","itemListElement":[{"@type":"ListItem","position":1,"name":"Home","item":"https:\/\/www.elementvape.de\/"},{"@type":"ListItem","position":2,"name":"Shop","item":"https:\/\/www.elementvape.de\/shop\/"},{"@type":"ListItem","position":3,"name":"187 Stick V2 E-Shisha Kaufen"}]},{"@type":"WebSite","@id":"https:\/\/www.elementvape.de\/#website","url":"https:\/\/www.elementvape.de\/","name":"ElementVape.de","description":"","publisher":{"@id":"https:\/\/www.elementvape.de\/#organization"},"potentialAction":[{"@type":"SearchAction","target":{"@type":"EntryPoint","urlTemplate":"https:\/\/www.elementvape.de\/?s={search_term_string}"},"query-input":"required name=search_term_string"}],"inLanguage":"pl-PL"},{"@type":"Organization","@id":"https:\/\/www.elementvape.de\/#organization","name":"ElementVape.DE","url":"https:\/\/www.elementvape.de\/","logo":{"@type":"ImageObject","inLanguage":"pl-PL","@id":"https:\/\/www.elementvape.de\/#\/schema\/logo\/image\/","url":"https:\/\/www.elementvape.de\/wp-content\/uploads\/2024\/09\/cropped-1elementvape-3.png","contentUrl":"https:\/\/www.elementvape.de\/wp-content\/uploads\/2024\/09\/cropped-1elementvape-3.png","width":285,"height":228,"caption":"ElementVape.DE"},"image":{"@id":"https:\/\/www.elementvape.de\/#\/schema\/logo\/image\/"}}]}},"_links":{"self":[{"href":"https:\/\/www.elementvape.de\/pl\/wp-json\/wp\/v2\/product\/11238"}],"collection":[{"href":"https:\/\/www.elementvape.de\/pl\/wp-json\/wp\/v2\/product"}],"about":[{"href":"https:\/\/www.elementvape.de\/pl\/wp-json\/wp\/v2\/types\/product"}],"wp:featuredmedia":[{"embeddable":true,"href":"https:\/\/www.elementvape.de\/pl\/wp-json\/wp\/v2\/media\/11239"}],"wp:attachment":[{"href":"https:\/\/www.elementvape.de\/pl\/wp-json\/wp\/v2\/media?parent=11238"}],"wp:term":[{"taxonomy":"product_cat","embeddable":true,"href":"https:\/\/www.elementvape.de\/pl\/wp-json\/wp\/v2\/product_cat?post=11238"},{"taxonomy":"product_tag","embeddable":true,"href":"https:\/\/www.elementvape.de\/pl\/wp-json\/wp\/v2\/product_tag?post=11238"}],"curies":[{"name":"wp","href":"https:\/\/api.w.org\/{rel}","templated":true}]}}