{"id":11159,"date":"2024-05-30T09:48:52","date_gmt":"2024-05-30T09:48:52","guid":{"rendered":"https:\/\/www.elementvape.de\/?post_type=product&#038;p=11159"},"modified":"2024-09-12T10:36:40","modified_gmt":"2024-09-12T10:36:40","slug":"ivg-bar-einweg-vape-600-puffs","status":"publish","type":"product","link":"https:\/\/www.elementvape.de\/pl\/produkt\/ivg-bar-einweg-vape-600-puffs\/","title":{"rendered":"IVG Bar Jednorazowy vape 600 Puffs"},"content":{"rendered":"<h2>Jednorazowa Elektryczna E-papieros IVG BAR:<\/h2>\n<p>IVG Bar to bardzo \u0142atwa w u\u017cyciu e-papieros: p\u0142yn i bateria s\u0105 ju\u017c zawarte w IVG Bar. Oznacza to, \u017ce u\u017cytkownicy mog\u0105 od razu zacz\u0105\u0107 korzysta\u0107, nie musz\u0105c \u0142adowa\u0107 baterii ani uzupe\u0142nia\u0107 p\u0142ynu. Dlatego vape pens lub vape sticks, takie jak IVG Bar, s\u0105 r\u00f3wnie\u017c nazywane <strong><a href=\"https:\/\/www.elementvape.de\/pl\/c\/einweg-zigarette\/\">Jednorazowe e-papierosy<\/a><\/strong> lub jednorazowymi e-papierosami.<\/p>\n<h3>Smak:<\/h3>\n<p>Aloe Grape Ice: Aloes w po\u0142\u0105czeniu z \u015bwie\u017c\u0105 winogronem i ch\u0142odz\u0105cym smakiem lodu.<\/p>\n<p>Berry Lemonade Ice: Ch\u0142odna kombinacja s\u0142odkich jag\u00f3d i \u015bwie\u017cej lemoniady.<\/p>\n<p>Blue Raspberry Ice: Orze\u017awiaj\u0105co s\u0142odka bor\u00f3wka i malina, z odrobin\u0105 kwa\u015bnego kopni\u0119cia.<\/p>\n<p>Blue Slush Ice: Nostalgiczny smak niebieskiego slusha z ch\u0142odz\u0105cym finiszem.<\/p>\n<p>Blueberry Sour Raspberry: Orze\u017awiaj\u0105ca, owocowa i lekko kwa\u015bna kombinacja, gdzie bor\u00f3wka spotyka malin\u0119<\/p>\n<p>Blueberry Pomegranate: Ciesz si\u0119 owocow\u0105 kombinacj\u0105 soczystych bor\u00f3wek i s\u0142odkiego granatu. IVG Bar o smaku Blueberry Pomegranate zapewnia intensywne i orze\u017awiaj\u0105ce doznania dla smakoszy, kt\u00f3re oczaruj\u0105 Twoje zmys\u0142y.<\/p>\n<p>Exotic Mango: Rozkoszuj si\u0119 egzotycznym smakiem soczystego mango, kt\u00f3ry oczaruje Twoje zmys\u0142y. IVG Bar w smaku Exotic Mango oferuje intensywne i tropikalne doznania podczas wapowania.<\/p>\n<p>Fuji Apple Melon: Rozkoszuj si\u0119 orze\u017awiaj\u0105cym smakiem soczystych jab\u0142ek Fuji, po\u0142\u0105czonym ze s\u0142odkim melonem. IVG Bar w smaku Fuji Apple Melon oferuje owocowe i pyszne doznania podczas wapowania, kt\u00f3re rozpieszcz\u0105 Twoje zmys\u0142y.<\/p>\n<p>Kiwi Passion Fruit Guava: Rozkoszuj si\u0119 egzotyczn\u0105 mieszank\u0105 soczystego kiwi, nami\u0119tnej marakui i tropikalnej guawy. IVG Bar w smaku Kiwi Passion Fruit Guava oferuje owocowe i intensywne doznania podczas wapowania, kt\u00f3re rozpieszcz\u0105 Twoje zmys\u0142y.<\/p>\n<p>Mango Lychee: Rozkoszuj si\u0119 orze\u017awiaj\u0105cym po\u0142\u0105czeniem s\u0142odkiego mango i soczystego liczi. IVG <strong><a href=\"https:\/\/www.elementvape.de\/pl\/product-brand\/ivg-bar\/\">Bar IVG<\/a><\/strong> w smaku Mango Lychee oferuje owocowe i egzotyczne doznania podczas wapowania, kt\u00f3re rozpieszcz\u0105 Twoje zmys\u0142y.<\/p>\n<p>Passion Fruit: Rozkoszuj si\u0119 intensywnym smakiem nami\u0119tnej marakui. IVG Bar w smaku Passion Fruit oferuje owocowe i tropikalne doznania podczas wapowania, kt\u00f3re rozpieszcz\u0105 Twoje zmys\u0142y.<\/p>\n<p>Peach Rings: Do\u015bwiadcz s\u0142odkiego smaku pier\u015bcieni brzoskwiniowych w swoim e-papierosie. IVG Bar w smaku Peach Rings oferuje owocowe i orze\u017awiaj\u0105ce doznania podczas wapowania, kt\u00f3re rozpieszcz\u0105 Twoje podniebienie.<\/p>\n<p>Pink Lemonade: Rozkoszuj si\u0119 orze\u017awiaj\u0105cym smakiem r\u00f3\u017cowej lemoniady w swoim e-papierosie. IVG Bar w smaku Pink Lemonade oferuje owocowe i musuj\u0105ce doznania podczas wapowania, kt\u00f3re rozpieszcz\u0105 Twoje zmys\u0142y.<\/p>\n<p>Polar Mint: Rozkoszuj si\u0119 orze\u017awiaj\u0105cym ch\u0142odem Polar Mint w swoim e-papierosie. IVG Bar w smaku Polar Mint oferuje intensywny aromat mi\u0119ty, kt\u00f3ry zapewnia przyjemne i orze\u017awiaj\u0105ce doznania podczas wapowania.<\/p>\n<p>Raspberry Lemonade: Rozkoszuj si\u0119 musuj\u0105cym po\u0142\u0105czeniem s\u0142odkich malin i orze\u017awiaj\u0105cej lemoniady. IVG Bar w smaku Raspberry Lemonade oferuje owocow\u0105 i orze\u017awiaj\u0105c\u0105 przyjemno\u015b\u0107 z wapowania, kt\u00f3ra o\u017cywi Twoje zmys\u0142y.<\/p>\n<p>Rainbow: Odkryj barwne doznania smakowe Rainbow w swoim e-papierosie. IVG Bar w smaku Rainbow oferuje r\u00f3\u017cnorodno\u015b\u0107 owocowych aromat\u00f3w, kt\u00f3re harmonijnie ze sob\u0105 wsp\u00f3\u0142graj\u0105 i zapewniaj\u0105 wyj\u0105tkow\u0105 przyjemno\u015b\u0107 z wapowania.<\/p>\n<p>Ruby Guava Ice: Rozkoszuj si\u0119 orze\u017awiaj\u0105cym smakiem soczystej guawy z nut\u0105 mro\u017anego mentolu. IVG Bar w smaku Ruby Guava Ice oferuje tropikalne i jednocze\u015bnie ch\u0142odz\u0105ce doznania podczas wapowania, kt\u00f3re oczaruj\u0105 Twoje zmys\u0142y.<\/p>\n<p>Strawberry Watermelon: Rozkoszuj si\u0119 s\u0142odkim i orze\u017awiaj\u0105cym po\u0142\u0105czeniem soczystych truskawek i arbuza. IVG Bar w smaku Strawberry Watermelon oferuje owocowe i letnie doznania podczas wapowania, kt\u00f3re o\u017cywi\u0105 Twoje zmys\u0142y.<\/p>\n<p>Vanilla Custard Tobacco: Rozkoszuj si\u0119 harmonijnym wsp\u00f3\u0142graniem kremowej wanilii, s\u0142odkiego likieru jajecznego i pikantnego tytoniu. IVG Bar w smaku Vanilla Custard Tobacco oferuje eleganckie i zr\u00f3wnowa\u017cone doznania podczas wapowania, kt\u00f3re rozpieszcz\u0105 Twoje kubki smakowe.<\/p>\n<p>Watermelon: Rozkoszuj si\u0119 soczystym smakiem dojrza\u0142ego arbuza, idealnie uzupe\u0142nionym przyjemn\u0105 \u015bwie\u017co\u015bci\u0105. IVG Bar w smaku Watermelon oferuje orze\u017awiaj\u0105ce i owocowe doznania podczas wapowania, kt\u00f3re o\u017cywi\u0105 Twoje zmys\u0142y.<\/p>\n<h3>Uwaga:<\/h3>\n<p>IVG Bar jest teraz wyposa\u017cony w zabezpieczenie przed dzie\u0107mi: modele z t\u0105 funkcj\u0105 mo\u017cna rozpozna\u0107 po oznaczeniu \u201e3 Short Pull (Unlock) Lock\u201d na opakowaniu.<\/p>\n<p>Aby otworzy\u0107 lub zamkn\u0105\u0107 IVG Bar z zabezpieczeniem przed dzie\u0107mi, poci\u0105gnij ustnik trzy razy szybko jeden po drugim w ci\u0105gu dw\u00f3ch sekund.<\/p>\n<p>IVG Bar u\u0142atwia przej\u015bcie na e-papierosy<br \/>\nPalacze, kt\u00f3rzy chc\u0105 przej\u015b\u0107 na e-papierosy, mog\u0105 od razu zacz\u0105\u0107 z IVG Bar: Zbiornik jest wst\u0119pnie nape\u0142niony 2 ml p\u0142ynu z sol\u0105 nikotynow\u0105.<\/p>\n<p>Bar IVG posiada wystarczaj\u0105c\u0105 pojemno\u015b\u0107 p\u0142ynu i baterie, aby wytworzy\u0107 do 600 pysznych par. Jednak zazwyczaj 2 ml p\u0142ynu wystarcza przy normalnym u\u017cytkowaniu, aby osi\u0105gn\u0105\u0107 cel, znacznie zmniejszaj\u0105c liczb\u0119 klikni\u0119\u0107. Oznacza to, \u017ce wk\u0142ady i inne <strong><a href=\"https:\/\/www.elementvape.de\/pl\/\">E-papieros\u00f3w<\/a><\/strong>, kt\u00f3re mo\u017cna nape\u0142ni\u0107 w\u0142asnym p\u0142ynem, s\u0105 znacznie ta\u0144sze.<\/p>\n<p>Nikotyna w wk\u0142adach IVG<br \/>\nZawarto\u015b\u0107 nikotyny w IVG Bar wynosi 20 mg na mililitr p\u0142ynu. Zawarto\u015b\u0107 nikotyny w p\u0142ynie zaspokaja potrzeb\u0119 regularnych palaczy.<\/p>\n<p>IVG Bar u\u017cywa tak zwanych p\u0142yn\u00f3w z nikotynianami: p\u0142yn\u00f3w z nikotynianami, kt\u00f3re nie podra\u017cniaj\u0105 tak bardzo gard\u0142a i dlatego s\u0105 szczeg\u00f3lnie przyjemne w u\u017cyciu.<\/p>\n<p>Unikalna technologia mieszanej aeracji<br \/>\nIVG Bar korzysta z unikalnej hybrydowej technologii przep\u0142ywu powietrza, aby zapewni\u0107 najlepsze do\u015bwiadczenie palenia.<\/p>\n<h3>Zasady bezpiecze\u0144stwa:<\/h3>\n<p>Tylko do u\u017cytku przez osoby doros\u0142e, kt\u00f3re uko\u0144czy\u0142y ustawowy minimalny wiek palenia.<br \/>\nNie zaleca si\u0119 dla kobiet w ci\u0105\u017cy lub karmi\u0105cych piersi\u0105.<br \/>\nTrzyma\u0107 z dala od dzieci i zwierz\u0105t domowych.<br \/>\nW przypadku kontaktu z oczami lub sk\u00f3r\u0105 dok\u0142adnie sp\u0142uka\u0107 wod\u0105 i natychmiast skonsultowa\u0107 si\u0119 z lekarzem.<br \/>\nPo u\u017cyciu dok\u0142adnie umy\u0107 r\u0119ce.<br \/>\nProsimy pami\u0119ta\u0107: Ten produkt jest przeznaczony dla doros\u0142ych u\u017cytkownik\u00f3w e-papieros\u00f3w.<\/p>","protected":false},"excerpt":{"rendered":"<p>Einweg-Elektrozigarette IVG BAR: Die IVG Bar ist eine sehr einfach zu verwendende E-Zigarette: Fl\u00fcssigkeit und Batterie sind bereits in der IVG Bar enthalten. Dies bedeutet, dass Dampfer sofort mit der Nutzung beginnen k\u00f6nnen, ohne den Akku aufladen oder Fl\u00fcssigkeit nachf\u00fcllen zu m\u00fcssen. Daher werden Vape Pens oder Vape Sticks wie IVG Bar auch als Einweg-E-Zigaretten [&hellip;]<\/p>","protected":false},"featured_media":11160,"template":"","meta":{"inline_featured_image":false},"product_cat":[78,754,745,742,748,744,755,738,751],"product_tag":[679],"tiered_pricing_type":"fixed","tiered_pricing_fixed_rules":[],"tiered_pricing_percentage_rules":[],"tiered_pricing_minimum":1,"_administrator_tiered_pricing_type":"fixed","_administrator_tiered_pricing_fixed_rules":[],"_editor_tiered_pricing_type":"fixed","_editor_tiered_pricing_fixed_rules":[],"_author_tiered_pricing_type":"fixed","_author_tiered_pricing_fixed_rules":[],"_contributor_tiered_pricing_type":"fixed","_contributor_tiered_pricing_fixed_rules":[],"_subscriber_tiered_pricing_type":"fixed","_subscriber_tiered_pricing_fixed_rules":[],"_customer_tiered_pricing_type":"fixed","_customer_tiered_pricing_fixed_rules":[],"_shop_manager_tiered_pricing_type":"fixed","_shop_manager_tiered_pricing_fixed_rules":[],"_wpseo_manager_tiered_pricing_type":"fixed","_wpseo_manager_tiered_pricing_fixed_rules":[],"_wpseo_editor_tiered_pricing_type":"fixed","_wpseo_editor_tiered_pricing_fixed_rules":[],"_wholesale_customer_tiered_pricing_type":"fixed","_wholesale_customer_tiered_pricing_fixed_rules":[],"_marketer_tiered_pricing_type":"fixed","_marketer_tiered_pricing_fixed_rules":[],"_sales_manager_tiered_pricing_type":"fixed","_sales_manager_tiered_pricing_fixed_rules":[],"_sales_rep_tiered_pricing_type":"fixed","_sales_rep_tiered_pricing_fixed_rules":[],"yoast_head":"<!-- This site is optimized with the Yoast SEO plugin v23.3 - https:\/\/yoast.com\/wordpress\/plugins\/seo\/ -->\n<title>IVG Bar Einweg Vape 600 Puffs | ElementVape.de<\/title>\n<meta name=\"description\" content=\"Wir bieten IVG Bar Einweg Vape 600 Puffs , Elementvape.de akzeptieren Gro\u00df-und Einzelhandel Bestellungen.\" \/>\n<meta name=\"robots\" content=\"index, follow, max-snippet:-1, max-image-preview:large, max-video-preview:-1\" \/>\n<link rel=\"canonical\" href=\"https:\/\/www.elementvape.de\/pl\/produkt\/ivg-bar-einweg-vape-600-puffs\/\" \/>\n<meta property=\"og:locale\" content=\"pl_PL\" \/>\n<meta property=\"og:type\" content=\"article\" \/>\n<meta property=\"og:title\" content=\"IVG Bar Einweg Vape 600 Puffs | ElementVape.de\" \/>\n<meta property=\"og:description\" content=\"Wir bieten IVG Bar Einweg Vape 600 Puffs , Elementvape.de akzeptieren Gro\u00df-und Einzelhandel Bestellungen.\" \/>\n<meta property=\"og:url\" content=\"https:\/\/www.elementvape.de\/pl\/produkt\/ivg-bar-einweg-vape-600-puffs\/\" \/>\n<meta property=\"og:site_name\" content=\"ElementVape.de\" \/>\n<meta property=\"article:modified_time\" content=\"2024-09-12T10:36:40+00:00\" \/>\n<meta property=\"og:image\" content=\"https:\/\/www.elementvape.de\/wp-content\/uploads\/2024\/05\/IVG_BAR_Strawberry_watermeelon_einweg_ezigarette.webp\" \/>\n\t<meta property=\"og:image:width\" content=\"800\" \/>\n\t<meta property=\"og:image:height\" content=\"800\" \/>\n\t<meta property=\"og:image:type\" content=\"image\/webp\" \/>\n<meta name=\"twitter:card\" content=\"summary_large_image\" \/>\n<meta name=\"twitter:label1\" content=\"Est. reading time\" \/>\n\t<meta name=\"twitter:data1\" content=\"6 minut\" \/>\n<script type=\"application\/ld+json\" class=\"yoast-schema-graph\">{\"@context\":\"https:\/\/schema.org\",\"@graph\":[{\"@type\":\"WebPage\",\"@id\":\"https:\/\/www.elementvape.de\/produkt\/ivg-bar-einweg-vape-600-puffs\/\",\"url\":\"https:\/\/www.elementvape.de\/produkt\/ivg-bar-einweg-vape-600-puffs\/\",\"name\":\"IVG Bar Einweg Vape 600 Puffs | ElementVape.de\",\"isPartOf\":{\"@id\":\"https:\/\/www.elementvape.de\/#website\"},\"primaryImageOfPage\":{\"@id\":\"https:\/\/www.elementvape.de\/produkt\/ivg-bar-einweg-vape-600-puffs\/#primaryimage\"},\"image\":{\"@id\":\"https:\/\/www.elementvape.de\/produkt\/ivg-bar-einweg-vape-600-puffs\/#primaryimage\"},\"thumbnailUrl\":\"https:\/\/www.elementvape.de\/wp-content\/uploads\/2024\/05\/IVG_BAR_Strawberry_watermeelon_einweg_ezigarette.webp\",\"datePublished\":\"2024-05-30T09:48:52+00:00\",\"dateModified\":\"2024-09-12T10:36:40+00:00\",\"description\":\"Wir bieten IVG Bar Einweg Vape 600 Puffs , Elementvape.de akzeptieren Gro\u00df-und Einzelhandel Bestellungen.\",\"breadcrumb\":{\"@id\":\"https:\/\/www.elementvape.de\/produkt\/ivg-bar-einweg-vape-600-puffs\/#breadcrumb\"},\"inLanguage\":\"pl-PL\",\"potentialAction\":[{\"@type\":\"ReadAction\",\"target\":[\"https:\/\/www.elementvape.de\/produkt\/ivg-bar-einweg-vape-600-puffs\/\"]}]},{\"@type\":\"ImageObject\",\"inLanguage\":\"pl-PL\",\"@id\":\"https:\/\/www.elementvape.de\/produkt\/ivg-bar-einweg-vape-600-puffs\/#primaryimage\",\"url\":\"https:\/\/www.elementvape.de\/wp-content\/uploads\/2024\/05\/IVG_BAR_Strawberry_watermeelon_einweg_ezigarette.webp\",\"contentUrl\":\"https:\/\/www.elementvape.de\/wp-content\/uploads\/2024\/05\/IVG_BAR_Strawberry_watermeelon_einweg_ezigarette.webp\",\"width\":800,\"height\":800,\"caption\":\"IVG_BAR_Strawberry_watermeelon_einweg_ezigarette\"},{\"@type\":\"BreadcrumbList\",\"@id\":\"https:\/\/www.elementvape.de\/produkt\/ivg-bar-einweg-vape-600-puffs\/#breadcrumb\",\"itemListElement\":[{\"@type\":\"ListItem\",\"position\":1,\"name\":\"Home\",\"item\":\"https:\/\/www.elementvape.de\/\"},{\"@type\":\"ListItem\",\"position\":2,\"name\":\"Shop\",\"item\":\"https:\/\/www.elementvape.de\/shop\/\"},{\"@type\":\"ListItem\",\"position\":3,\"name\":\"IVG Bar Einweg Vape 600 Puffs\"}]},{\"@type\":\"WebSite\",\"@id\":\"https:\/\/www.elementvape.de\/#website\",\"url\":\"https:\/\/www.elementvape.de\/\",\"name\":\"ElementVape.de\",\"description\":\"\",\"publisher\":{\"@id\":\"https:\/\/www.elementvape.de\/#organization\"},\"potentialAction\":[{\"@type\":\"SearchAction\",\"target\":{\"@type\":\"EntryPoint\",\"urlTemplate\":\"https:\/\/www.elementvape.de\/?s={search_term_string}\"},\"query-input\":\"required name=search_term_string\"}],\"inLanguage\":\"pl-PL\"},{\"@type\":\"Organization\",\"@id\":\"https:\/\/www.elementvape.de\/#organization\",\"name\":\"ElementVape.DE\",\"url\":\"https:\/\/www.elementvape.de\/\",\"logo\":{\"@type\":\"ImageObject\",\"inLanguage\":\"pl-PL\",\"@id\":\"https:\/\/www.elementvape.de\/#\/schema\/logo\/image\/\",\"url\":\"https:\/\/www.elementvape.de\/wp-content\/uploads\/2024\/09\/cropped-1elementvape-3.png\",\"contentUrl\":\"https:\/\/www.elementvape.de\/wp-content\/uploads\/2024\/09\/cropped-1elementvape-3.png\",\"width\":285,\"height\":228,\"caption\":\"ElementVape.DE\"},\"image\":{\"@id\":\"https:\/\/www.elementvape.de\/#\/schema\/logo\/image\/\"}}]}<\/script>\n<!-- \/ Yoast SEO plugin. -->","yoast_head_json":{"title":"IVG Bar Einweg Vape 600 Puffs | ElementVape.de","description":"Wir bieten IVG Bar Einweg Vape 600 Puffs , Elementvape.de akzeptieren Gro\u00df-und Einzelhandel Bestellungen.","robots":{"index":"index","follow":"follow","max-snippet":"max-snippet:-1","max-image-preview":"max-image-preview:large","max-video-preview":"max-video-preview:-1"},"canonical":"https:\/\/www.elementvape.de\/pl\/produkt\/ivg-bar-einweg-vape-600-puffs\/","og_locale":"pl_PL","og_type":"article","og_title":"IVG Bar Einweg Vape 600 Puffs | ElementVape.de","og_description":"Wir bieten IVG Bar Einweg Vape 600 Puffs , Elementvape.de akzeptieren Gro\u00df-und Einzelhandel Bestellungen.","og_url":"https:\/\/www.elementvape.de\/pl\/produkt\/ivg-bar-einweg-vape-600-puffs\/","og_site_name":"ElementVape.de","article_modified_time":"2024-09-12T10:36:40+00:00","og_image":[{"width":800,"height":800,"url":"https:\/\/www.elementvape.de\/wp-content\/uploads\/2024\/05\/IVG_BAR_Strawberry_watermeelon_einweg_ezigarette.webp","type":"image\/webp"}],"twitter_card":"summary_large_image","twitter_misc":{"Est. reading time":"6 minut"},"schema":{"@context":"https:\/\/schema.org","@graph":[{"@type":"WebPage","@id":"https:\/\/www.elementvape.de\/produkt\/ivg-bar-einweg-vape-600-puffs\/","url":"https:\/\/www.elementvape.de\/produkt\/ivg-bar-einweg-vape-600-puffs\/","name":"IVG Bar Einweg Vape 600 Puffs | ElementVape.de","isPartOf":{"@id":"https:\/\/www.elementvape.de\/#website"},"primaryImageOfPage":{"@id":"https:\/\/www.elementvape.de\/produkt\/ivg-bar-einweg-vape-600-puffs\/#primaryimage"},"image":{"@id":"https:\/\/www.elementvape.de\/produkt\/ivg-bar-einweg-vape-600-puffs\/#primaryimage"},"thumbnailUrl":"https:\/\/www.elementvape.de\/wp-content\/uploads\/2024\/05\/IVG_BAR_Strawberry_watermeelon_einweg_ezigarette.webp","datePublished":"2024-05-30T09:48:52+00:00","dateModified":"2024-09-12T10:36:40+00:00","description":"Wir bieten IVG Bar Einweg Vape 600 Puffs , Elementvape.de akzeptieren Gro\u00df-und Einzelhandel Bestellungen.","breadcrumb":{"@id":"https:\/\/www.elementvape.de\/produkt\/ivg-bar-einweg-vape-600-puffs\/#breadcrumb"},"inLanguage":"pl-PL","potentialAction":[{"@type":"ReadAction","target":["https:\/\/www.elementvape.de\/produkt\/ivg-bar-einweg-vape-600-puffs\/"]}]},{"@type":"ImageObject","inLanguage":"pl-PL","@id":"https:\/\/www.elementvape.de\/produkt\/ivg-bar-einweg-vape-600-puffs\/#primaryimage","url":"https:\/\/www.elementvape.de\/wp-content\/uploads\/2024\/05\/IVG_BAR_Strawberry_watermeelon_einweg_ezigarette.webp","contentUrl":"https:\/\/www.elementvape.de\/wp-content\/uploads\/2024\/05\/IVG_BAR_Strawberry_watermeelon_einweg_ezigarette.webp","width":800,"height":800,"caption":"IVG_BAR_Strawberry_watermeelon_einweg_ezigarette"},{"@type":"BreadcrumbList","@id":"https:\/\/www.elementvape.de\/produkt\/ivg-bar-einweg-vape-600-puffs\/#breadcrumb","itemListElement":[{"@type":"ListItem","position":1,"name":"Home","item":"https:\/\/www.elementvape.de\/"},{"@type":"ListItem","position":2,"name":"Shop","item":"https:\/\/www.elementvape.de\/shop\/"},{"@type":"ListItem","position":3,"name":"IVG Bar Einweg Vape 600 Puffs"}]},{"@type":"WebSite","@id":"https:\/\/www.elementvape.de\/#website","url":"https:\/\/www.elementvape.de\/","name":"ElementVape.de","description":"","publisher":{"@id":"https:\/\/www.elementvape.de\/#organization"},"potentialAction":[{"@type":"SearchAction","target":{"@type":"EntryPoint","urlTemplate":"https:\/\/www.elementvape.de\/?s={search_term_string}"},"query-input":"required name=search_term_string"}],"inLanguage":"pl-PL"},{"@type":"Organization","@id":"https:\/\/www.elementvape.de\/#organization","name":"ElementVape.DE","url":"https:\/\/www.elementvape.de\/","logo":{"@type":"ImageObject","inLanguage":"pl-PL","@id":"https:\/\/www.elementvape.de\/#\/schema\/logo\/image\/","url":"https:\/\/www.elementvape.de\/wp-content\/uploads\/2024\/09\/cropped-1elementvape-3.png","contentUrl":"https:\/\/www.elementvape.de\/wp-content\/uploads\/2024\/09\/cropped-1elementvape-3.png","width":285,"height":228,"caption":"ElementVape.DE"},"image":{"@id":"https:\/\/www.elementvape.de\/#\/schema\/logo\/image\/"}}]}},"_links":{"self":[{"href":"https:\/\/www.elementvape.de\/pl\/wp-json\/wp\/v2\/product\/11159"}],"collection":[{"href":"https:\/\/www.elementvape.de\/pl\/wp-json\/wp\/v2\/product"}],"about":[{"href":"https:\/\/www.elementvape.de\/pl\/wp-json\/wp\/v2\/types\/product"}],"wp:featuredmedia":[{"embeddable":true,"href":"https:\/\/www.elementvape.de\/pl\/wp-json\/wp\/v2\/media\/11160"}],"wp:attachment":[{"href":"https:\/\/www.elementvape.de\/pl\/wp-json\/wp\/v2\/media?parent=11159"}],"wp:term":[{"taxonomy":"product_cat","embeddable":true,"href":"https:\/\/www.elementvape.de\/pl\/wp-json\/wp\/v2\/product_cat?post=11159"},{"taxonomy":"product_tag","embeddable":true,"href":"https:\/\/www.elementvape.de\/pl\/wp-json\/wp\/v2\/product_tag?post=11159"}],"curies":[{"name":"wp","href":"https:\/\/api.w.org\/{rel}","templated":true}]}}