{"id":10317,"date":"2024-04-29T09:18:40","date_gmt":"2024-04-29T09:18:40","guid":{"rendered":"https:\/\/www.elementvape.de\/?post_type=product&#038;p=10317"},"modified":"2025-04-02T02:02:45","modified_gmt":"2025-04-02T02:02:45","slug":"randm-tornado-7000-einweg-vape-7000-puffs-eu-lagerraum","status":"publish","type":"product","link":"https:\/\/www.elementvape.de\/pl\/produkt\/randm-tornado-7000-einweg-vape-7000-puffs-eu-lagerraum\/","title":{"rendered":"RandM Tornado 7000 E-papieros\u00f3w, 7000 Puff\u00f3w, zakup w magazynie UE"},"content":{"rendered":"<p>Ten asortyment b\u0119dzie aktualizowany 27 grudnia. Minimalne zam\u00f3wienie na e-papierosy to 1 paczka zawieraj\u0105ca 10 e-papieros\u00f3w. Mo\u017cesz wybra\u0107 sw\u00f3j ulubiony smak.<\/p>\n<p>Cena tego produktu odpowiada cenie 10 vape'\u00f3w<\/p>\n<p>Je\u015bli chcesz dowiedzie\u0107 si\u0119 o najnowszym stanie magazynowym, mo\u017cesz skontaktowa\u0107 si\u0119 ze mn\u0105 e-mailem<br \/>\nE-mail: <strong>elementvapede@gmail.com<\/strong><\/p>\n<h1>RandM Tornado 7000: Ostateczne do\u015bwiadczenie z waporyzacj\u0105<\/h1>\n<h2>Przedstawiamy: RandM Tornado 7000: Uwolnij burz\u0119 smak\u00f3w<\/h2>\n<p>Do\u015bwiadcz czego\u015b niezwyk\u0142ego z RandM Tornado 7000, urz\u0105dzeniem do waporyzacji znanym z czystego i \u0142agodnego smaku. Ten niezwyk\u0142y vaporizer zosta\u0142 zaprojektowany, aby zapewni\u0107 Ci osza\u0142amiaj\u0105c\u0105 podr\u00f3\u017c smakow\u0105 przy ka\u017cdym zaci\u0105gni\u0119ciu. Niezale\u017cnie od tego, czy jeste\u015b do\u015bwiadczonym waporyzatorem, czy dopiero zaczynasz, <strong>RandM Tornado 7000<\/strong> gwarantuje ekscytuj\u0105ce do\u015bwiadczenie waporyzacji, kt\u00f3re sprawi, \u017ce b\u0119dziesz wraca\u0107 po wi\u0119cej.<\/p>\n<h2>Niezr\u00f3wnany czas pracy na baterii i przyjazny dla u\u017cytkownika design<\/h2>\n<p>Dzi\u0119ki wydajnej, wielokrotnie \u0142adowalnej baterii o pojemno\u015bci 1000 mAh, RandM Tornado 7000 pozwala cieszy\u0107 si\u0119 d\u0142u\u017cszymi sesjami waporyzacji bez konieczno\u015bci cz\u0119stego \u0142adowania. Po\u017cegnaj si\u0119 z uci\u0105\u017cliwym szukaniem \u017ar\u00f3d\u0142a zasilania. Ten vaporizer jest zaprojektowany na d\u0142ug\u0105 \u017cywotno\u015b\u0107 i zapewnia nieprzerwane przyjemno\u015bci z waporyzacji.<\/p>\n<p>Ergonomiczny design <strong>RandM Tornado 7000<\/strong> jest dowodem na jego wysok\u0105 jako\u015b\u0107 wykonania. Urz\u0105dzenie le\u017cy wygodnie w d\u0142oni, dzi\u0119ki czemu jest przeno\u015bne i \u0142atwe w u\u017cyciu wsz\u0119dzie. Jego smuk\u0142a i wytrzyma\u0142a konstrukcja gwarantuje najwy\u017csz\u0105 jako\u015b\u0107 do\u015bwiadczenia waporyzacji bez trzaskania czy dziwnych d\u017awi\u0119k\u00f3w podczas pracy.<\/p>\n<h4>Parametry<\/h4>\n<p>2 % s\u00f3l nikotynowa<br \/>\n14 ml e-liquid<br \/>\n7000 zaci\u0105gni\u0119\u0107 na urz\u0105dzenie<br \/>\nKontrola przep\u0142ywu powietrza<br \/>\n\u0141adowarka typu-C<br \/>\nAkumulator wielokrotnego \u0142adowania<br \/>\nWbudowany akumulator 850 mAh<br \/>\nDost\u0119pnych 5 smak\u00f3w<br \/>\n10 sztuk w pude\u0142ku ekspozycyjnym<\/p>\n<h3>Bezproblemowe parowanie z nape\u0142nianiem komfortowym<\/h3>\n<p>Brak uci\u0105\u017cliwego uzupe\u0142niania lub wymiany skomplikowanych spirali. RandM Tornado 7000 jest nape\u0142niony 14 ml nikotynowego soli o st\u0119\u017ceniu 70 mg i mo\u017cna go u\u017cywa\u0107 od razu po wyj\u0119ciu z opakowania. To oznacza, \u017ce mo\u017cesz od razu cieszy\u0107 si\u0119 swoim vaporizerem, nie martwi\u0105c si\u0119 o konfiguracj\u0119 czy konserwacj\u0119. Po prostu wdychaj przez ustnik urz\u0105dzenia i korzystaj a\u017c do 7 000 poci\u0105gni\u0119\u0107, zanim b\u0119dziesz musia\u0142 je ponownie na\u0142adowa\u0107.<\/p>\n<h3>Zanurz si\u0119 w kolorowe doznania vaporowe<\/h3>\n<p>Zachwy\u0107 si\u0119 jaskrawymi \u015bwiat\u0142ami RGB RandM Tornado 7000. Gdy dostaniesz cios, sp\u00f3d urz\u0105dzenia si\u0119 pod\u015bwietla, ukazuj\u0105c fascynuj\u0105c\u0105 palet\u0119 barw. Od radosnego \u017c\u00f3\u0142tego, przez ognisty czerwony, spokojny niebieski, a\u017c po uspokajaj\u0105c\u0105 ziele\u0144 i czaruj\u0105cy fiolet, te \u015bwiat\u0142a dodaj\u0105 Twoim sesjom vaporowym odrobin\u0119 wizualnej przyjemno\u015bci. \u015awiat\u0142a towarzysz\u0105 Twojemu poci\u0105gni\u0119ciu i \u015bwiec\u0105 przez oko\u0142o 7 sekund, tworz\u0105c naprawd\u0119 immersyjne do\u015bwiadczenie.<\/p>\n<h3>Regulowany przep\u0142yw powietrza i zaawansowana spirala mesh<\/h3>\n<p>RandM Tornado 7000 oferuje regulowany przep\u0142yw powietrza, dzi\u0119ki czemu mo\u017cesz dostosowa\u0107 swoje do\u015bwiadczenie vaporowe do w\u0142asnych preferencji. Dopasuj przep\u0142yw powietrza, aby osi\u0105gn\u0105\u0107 idealn\u0105 r\u00f3wnowag\u0119 mi\u0119dzy smakiem a produkcj\u0105 pary i za ka\u017cdym razem zapewni\u0107 satysfakcjonuj\u0105ce chmurki.<\/p>\n<p>Wyposa\u017cony w wysokiej jako\u015bci spiral\u0119 mesh, zapewnia <strong>RandM Tornado 7000<\/strong> nadzwyczajny smak i produkcj\u0119 pary. Technologia mesh coil zapewnia r\u00f3wnomierne rozprowadzanie ciep\u0142a, co prowadzi do \u0142agodnych i jednolitych poci\u0105gni\u0119\u0107. Zaskocz si\u0119 bogactwem i g\u0142\u0119bi\u0105 aromat\u00f3w, kt\u00f3re do\u015bwiadczysz z tym niezwyk\u0142ym urz\u0105dzeniem vaporowym.<\/p>\n<h3>Pozw\u00f3l sobie na r\u00f3\u017cnorodno\u015b\u0107 smak\u00f3w<\/h3>\n<p>Z <strong>RandM Tornado 7000<\/strong> Twoje kubki smakowe b\u0119d\u0105 rozpieszczane szerokim wyborem aromat\u00f3w, kt\u00f3re zadowol\u0105 ka\u017cde podniebienie. Wybierz spo\u015br\u00f3d imponuj\u0105cej gamy do 50 smak\u00f3w, w tym pysznej mieszanki owoc\u00f3w, s\u0142odkich przek\u0105sek, napoj\u00f3w orze\u017awiaj\u0105cych i orze\u017awiaj\u0105cych mieszanek lodowych. Niezale\u017cnie od tego, czy masz ochot\u0119 na pikantne owoce, nostalgiczny s\u0142odki smak, czy na gazowany, inspirowany napojem smak, RandM Tornado 7000 ma smak, kt\u00f3ry wprowadzi Ci\u0119 w vaporowe szcz\u0119\u015bcie.<\/p>\n<h4>Do\u015bwiadcz r\u00f3\u017cnicy RandM<\/h4>\n<p>Je\u015bli chodzi o jednorazowe vaporizery, RandM Tornado 7000 to prawdziwy prze\u0142om. Akumulator wielokrotnego \u0142adowania jest wysokiej jako\u015bci i praktyczny<\/p>\n<h4>Zam\u00f3w ju\u017c dzi\u015b sw\u00f3j RandM Tornado 7000<\/h4>\n<p>Czy jeste\u015b gotowy, aby poprawi\u0107 swoje do\u015bwiadczenie vaporowe? Nie przegap niesamowitych funkcji i aromat\u00f3w, kt\u00f3re oferuje RandM Tornado 7000. Z\u0142\u00f3\u017c zam\u00f3wienie ju\u017c dzi\u015b i zanurz si\u0119 w \u015bwiecie aromatycznych chmur i bezwysi\u0142kowego parowania.<\/p>\n<h4>smaki:<\/h4>\n<p>1. Jagoda z malin\u0105<br \/>\n2. Mieszane jagody<br \/>\n3. Truskawka z arbuzem<br \/>\n4. Jagoda na lodzie<br \/>\n5. Brzoskwinia na lodzie<\/p>\n<p>&nbsp;<\/p>","protected":false},"excerpt":{"rendered":"<p>Dieses Inventar wird am 27. Dezember aktualisiert. Die Mindestbestellmenge f\u00fcr E-Zigaretten betr\u00e4gt 1 Packung, die 10 E-Zigaretten enth\u00e4lt. Sie k\u00f6nnen Ihren Lieblingsgeschmack w\u00e4hlen. Der Preis dieses Produkts entspricht dem Preis von 10 vapes Wenn Sie den neuesten Lagerbestand erfahren m\u00f6chten, k\u00f6nnen Sie mich per\u00a0E-Mail kontaktieren E-Mail: elementvapede@gmail.com RandM Tornado 7000: Das ultimative Dampferlebnis Wir stellen [&hellip;]<\/p>","protected":false},"featured_media":10327,"template":"","meta":{"inline_featured_image":false},"product_cat":[15,78,735,746,741,733,747,740,734,753,754,745,742,748,750,737,736,749,752,756,739,743,744,755,738,751],"product_tag":[710,709,681],"tiered_pricing_type":"fixed","tiered_pricing_fixed_rules":{"50":"7.40","110":"6.99","210":"6.58","510":"6.17","1100":"5.75"},"tiered_pricing_percentage_rules":[],"tiered_pricing_minimum":1,"_administrator_tiered_pricing_type":"fixed","_administrator_tiered_pricing_fixed_rules":[],"_editor_tiered_pricing_type":"fixed","_editor_tiered_pricing_fixed_rules":[],"_author_tiered_pricing_type":"fixed","_author_tiered_pricing_fixed_rules":[],"_contributor_tiered_pricing_type":"fixed","_contributor_tiered_pricing_fixed_rules":[],"_subscriber_tiered_pricing_type":"fixed","_subscriber_tiered_pricing_fixed_rules":[],"_customer_tiered_pricing_type":"fixed","_customer_tiered_pricing_fixed_rules":[],"_shop_manager_tiered_pricing_type":"fixed","_shop_manager_tiered_pricing_fixed_rules":[],"_wpseo_manager_tiered_pricing_type":"fixed","_wpseo_manager_tiered_pricing_fixed_rules":[],"_wpseo_editor_tiered_pricing_type":"fixed","_wpseo_editor_tiered_pricing_fixed_rules":[],"_wholesale_customer_tiered_pricing_type":"fixed","_wholesale_customer_tiered_pricing_fixed_rules":[],"_marketer_tiered_pricing_type":"fixed","_marketer_tiered_pricing_fixed_rules":[],"_sales_manager_tiered_pricing_type":"fixed","_sales_manager_tiered_pricing_fixed_rules":[],"_sales_rep_tiered_pricing_type":"fixed","_sales_rep_tiered_pricing_fixed_rules":[],"yoast_head":"<!-- This site is optimized with the Yoast SEO plugin v23.3 - https:\/\/yoast.com\/wordpress\/plugins\/seo\/ -->\n<title>RandM Tornado 7000 E-Zigaretten 7000 Puffs Kaufen Eu lagerraum | ElementVape.de<\/title>\n<meta name=\"description\" content=\"Wir bieten RandM Tornado 7000 E-Zigaretten 7000 Puffs Kaufen Eu lagerraum , Elementvape.de akzeptieren Gro\u00df-und Einzelhandel Bestellungen.\" \/>\n<meta name=\"robots\" content=\"index, follow, max-snippet:-1, max-image-preview:large, max-video-preview:-1\" \/>\n<link rel=\"canonical\" href=\"https:\/\/www.elementvape.de\/pl\/produkt\/randm-tornado-7000-einweg-vape-7000-puffs-eu-lagerraum\/\" \/>\n<meta property=\"og:locale\" content=\"pl_PL\" \/>\n<meta property=\"og:type\" content=\"article\" \/>\n<meta property=\"og:title\" content=\"RandM Tornado 7000 E-Zigaretten 7000 Puffs Kaufen Eu lagerraum | ElementVape.de\" \/>\n<meta property=\"og:description\" content=\"Wir bieten RandM Tornado 7000 E-Zigaretten 7000 Puffs Kaufen Eu lagerraum , Elementvape.de akzeptieren Gro\u00df-und Einzelhandel Bestellungen.\" \/>\n<meta property=\"og:url\" content=\"https:\/\/www.elementvape.de\/pl\/produkt\/randm-tornado-7000-einweg-vape-7000-puffs-eu-lagerraum\/\" \/>\n<meta property=\"og:site_name\" content=\"ElementVape.de\" \/>\n<meta property=\"article:modified_time\" content=\"2025-04-02T02:02:45+00:00\" \/>\n<meta property=\"og:image\" content=\"https:\/\/www.elementvape.de\/wp-content\/uploads\/2024\/04\/PINK-LEMONADE_1024x1024.webp\" \/>\n\t<meta property=\"og:image:width\" content=\"1024\" \/>\n\t<meta property=\"og:image:height\" content=\"512\" \/>\n\t<meta property=\"og:image:type\" content=\"image\/webp\" \/>\n<meta name=\"twitter:card\" content=\"summary_large_image\" \/>\n<meta name=\"twitter:label1\" content=\"Est. reading time\" \/>\n\t<meta name=\"twitter:data1\" content=\"4 minuty\" \/>\n<script type=\"application\/ld+json\" class=\"yoast-schema-graph\">{\"@context\":\"https:\/\/schema.org\",\"@graph\":[{\"@type\":\"WebPage\",\"@id\":\"https:\/\/www.elementvape.de\/produkt\/randm-tornado-7000-einweg-vape-7000-puffs-eu-lagerraum\/\",\"url\":\"https:\/\/www.elementvape.de\/produkt\/randm-tornado-7000-einweg-vape-7000-puffs-eu-lagerraum\/\",\"name\":\"RandM Tornado 7000 E-Zigaretten 7000 Puffs Kaufen Eu lagerraum | ElementVape.de\",\"isPartOf\":{\"@id\":\"https:\/\/www.elementvape.de\/#website\"},\"primaryImageOfPage\":{\"@id\":\"https:\/\/www.elementvape.de\/produkt\/randm-tornado-7000-einweg-vape-7000-puffs-eu-lagerraum\/#primaryimage\"},\"image\":{\"@id\":\"https:\/\/www.elementvape.de\/produkt\/randm-tornado-7000-einweg-vape-7000-puffs-eu-lagerraum\/#primaryimage\"},\"thumbnailUrl\":\"https:\/\/www.elementvape.de\/wp-content\/uploads\/2024\/04\/PINK-LEMONADE_1024x1024.webp\",\"datePublished\":\"2024-04-29T09:18:40+00:00\",\"dateModified\":\"2025-04-02T02:02:45+00:00\",\"description\":\"Wir bieten RandM Tornado 7000 E-Zigaretten 7000 Puffs Kaufen Eu lagerraum , Elementvape.de akzeptieren Gro\u00df-und Einzelhandel Bestellungen.\",\"breadcrumb\":{\"@id\":\"https:\/\/www.elementvape.de\/produkt\/randm-tornado-7000-einweg-vape-7000-puffs-eu-lagerraum\/#breadcrumb\"},\"inLanguage\":\"pl-PL\",\"potentialAction\":[{\"@type\":\"ReadAction\",\"target\":[\"https:\/\/www.elementvape.de\/produkt\/randm-tornado-7000-einweg-vape-7000-puffs-eu-lagerraum\/\"]}]},{\"@type\":\"ImageObject\",\"inLanguage\":\"pl-PL\",\"@id\":\"https:\/\/www.elementvape.de\/produkt\/randm-tornado-7000-einweg-vape-7000-puffs-eu-lagerraum\/#primaryimage\",\"url\":\"https:\/\/www.elementvape.de\/wp-content\/uploads\/2024\/04\/PINK-LEMONADE_1024x1024.webp\",\"contentUrl\":\"https:\/\/www.elementvape.de\/wp-content\/uploads\/2024\/04\/PINK-LEMONADE_1024x1024.webp\",\"width\":1024,\"height\":512,\"caption\":\"PINK-LEMONADE_1024x1024\"},{\"@type\":\"BreadcrumbList\",\"@id\":\"https:\/\/www.elementvape.de\/produkt\/randm-tornado-7000-einweg-vape-7000-puffs-eu-lagerraum\/#breadcrumb\",\"itemListElement\":[{\"@type\":\"ListItem\",\"position\":1,\"name\":\"Home\",\"item\":\"https:\/\/www.elementvape.de\/\"},{\"@type\":\"ListItem\",\"position\":2,\"name\":\"Shop\",\"item\":\"https:\/\/www.elementvape.de\/shop\/\"},{\"@type\":\"ListItem\",\"position\":3,\"name\":\"RandM Tornado 7000 E-Zigaretten 7000 Puffs Kaufen Eu lagerraum\"}]},{\"@type\":\"WebSite\",\"@id\":\"https:\/\/www.elementvape.de\/#website\",\"url\":\"https:\/\/www.elementvape.de\/\",\"name\":\"ElementVape.de\",\"description\":\"\",\"publisher\":{\"@id\":\"https:\/\/www.elementvape.de\/#organization\"},\"potentialAction\":[{\"@type\":\"SearchAction\",\"target\":{\"@type\":\"EntryPoint\",\"urlTemplate\":\"https:\/\/www.elementvape.de\/?s={search_term_string}\"},\"query-input\":\"required name=search_term_string\"}],\"inLanguage\":\"pl-PL\"},{\"@type\":\"Organization\",\"@id\":\"https:\/\/www.elementvape.de\/#organization\",\"name\":\"ElementVape.DE\",\"url\":\"https:\/\/www.elementvape.de\/\",\"logo\":{\"@type\":\"ImageObject\",\"inLanguage\":\"pl-PL\",\"@id\":\"https:\/\/www.elementvape.de\/#\/schema\/logo\/image\/\",\"url\":\"https:\/\/www.elementvape.de\/wp-content\/uploads\/2024\/09\/cropped-1elementvape-3.png\",\"contentUrl\":\"https:\/\/www.elementvape.de\/wp-content\/uploads\/2024\/09\/cropped-1elementvape-3.png\",\"width\":285,\"height\":228,\"caption\":\"ElementVape.DE\"},\"image\":{\"@id\":\"https:\/\/www.elementvape.de\/#\/schema\/logo\/image\/\"}}]}<\/script>\n<!-- \/ Yoast SEO plugin. -->","yoast_head_json":{"title":"RandM Tornado 7000 E-Zigaretten 7000 Puffs Kaufen Eu lagerraum | ElementVape.de","description":"Wir bieten RandM Tornado 7000 E-Zigaretten 7000 Puffs Kaufen Eu lagerraum , Elementvape.de akzeptieren Gro\u00df-und Einzelhandel Bestellungen.","robots":{"index":"index","follow":"follow","max-snippet":"max-snippet:-1","max-image-preview":"max-image-preview:large","max-video-preview":"max-video-preview:-1"},"canonical":"https:\/\/www.elementvape.de\/pl\/produkt\/randm-tornado-7000-einweg-vape-7000-puffs-eu-lagerraum\/","og_locale":"pl_PL","og_type":"article","og_title":"RandM Tornado 7000 E-Zigaretten 7000 Puffs Kaufen Eu lagerraum | ElementVape.de","og_description":"Wir bieten RandM Tornado 7000 E-Zigaretten 7000 Puffs Kaufen Eu lagerraum , Elementvape.de akzeptieren Gro\u00df-und Einzelhandel Bestellungen.","og_url":"https:\/\/www.elementvape.de\/pl\/produkt\/randm-tornado-7000-einweg-vape-7000-puffs-eu-lagerraum\/","og_site_name":"ElementVape.de","article_modified_time":"2025-04-02T02:02:45+00:00","og_image":[{"width":1024,"height":512,"url":"https:\/\/www.elementvape.de\/wp-content\/uploads\/2024\/04\/PINK-LEMONADE_1024x1024.webp","type":"image\/webp"}],"twitter_card":"summary_large_image","twitter_misc":{"Est. reading time":"4 minuty"},"schema":{"@context":"https:\/\/schema.org","@graph":[{"@type":"WebPage","@id":"https:\/\/www.elementvape.de\/produkt\/randm-tornado-7000-einweg-vape-7000-puffs-eu-lagerraum\/","url":"https:\/\/www.elementvape.de\/produkt\/randm-tornado-7000-einweg-vape-7000-puffs-eu-lagerraum\/","name":"RandM Tornado 7000 E-Zigaretten 7000 Puffs Kaufen Eu lagerraum | ElementVape.de","isPartOf":{"@id":"https:\/\/www.elementvape.de\/#website"},"primaryImageOfPage":{"@id":"https:\/\/www.elementvape.de\/produkt\/randm-tornado-7000-einweg-vape-7000-puffs-eu-lagerraum\/#primaryimage"},"image":{"@id":"https:\/\/www.elementvape.de\/produkt\/randm-tornado-7000-einweg-vape-7000-puffs-eu-lagerraum\/#primaryimage"},"thumbnailUrl":"https:\/\/www.elementvape.de\/wp-content\/uploads\/2024\/04\/PINK-LEMONADE_1024x1024.webp","datePublished":"2024-04-29T09:18:40+00:00","dateModified":"2025-04-02T02:02:45+00:00","description":"Wir bieten RandM Tornado 7000 E-Zigaretten 7000 Puffs Kaufen Eu lagerraum , Elementvape.de akzeptieren Gro\u00df-und Einzelhandel Bestellungen.","breadcrumb":{"@id":"https:\/\/www.elementvape.de\/produkt\/randm-tornado-7000-einweg-vape-7000-puffs-eu-lagerraum\/#breadcrumb"},"inLanguage":"pl-PL","potentialAction":[{"@type":"ReadAction","target":["https:\/\/www.elementvape.de\/produkt\/randm-tornado-7000-einweg-vape-7000-puffs-eu-lagerraum\/"]}]},{"@type":"ImageObject","inLanguage":"pl-PL","@id":"https:\/\/www.elementvape.de\/produkt\/randm-tornado-7000-einweg-vape-7000-puffs-eu-lagerraum\/#primaryimage","url":"https:\/\/www.elementvape.de\/wp-content\/uploads\/2024\/04\/PINK-LEMONADE_1024x1024.webp","contentUrl":"https:\/\/www.elementvape.de\/wp-content\/uploads\/2024\/04\/PINK-LEMONADE_1024x1024.webp","width":1024,"height":512,"caption":"PINK-LEMONADE_1024x1024"},{"@type":"BreadcrumbList","@id":"https:\/\/www.elementvape.de\/produkt\/randm-tornado-7000-einweg-vape-7000-puffs-eu-lagerraum\/#breadcrumb","itemListElement":[{"@type":"ListItem","position":1,"name":"Home","item":"https:\/\/www.elementvape.de\/"},{"@type":"ListItem","position":2,"name":"Shop","item":"https:\/\/www.elementvape.de\/shop\/"},{"@type":"ListItem","position":3,"name":"RandM Tornado 7000 E-Zigaretten 7000 Puffs Kaufen Eu lagerraum"}]},{"@type":"WebSite","@id":"https:\/\/www.elementvape.de\/#website","url":"https:\/\/www.elementvape.de\/","name":"ElementVape.de","description":"","publisher":{"@id":"https:\/\/www.elementvape.de\/#organization"},"potentialAction":[{"@type":"SearchAction","target":{"@type":"EntryPoint","urlTemplate":"https:\/\/www.elementvape.de\/?s={search_term_string}"},"query-input":"required name=search_term_string"}],"inLanguage":"pl-PL"},{"@type":"Organization","@id":"https:\/\/www.elementvape.de\/#organization","name":"ElementVape.DE","url":"https:\/\/www.elementvape.de\/","logo":{"@type":"ImageObject","inLanguage":"pl-PL","@id":"https:\/\/www.elementvape.de\/#\/schema\/logo\/image\/","url":"https:\/\/www.elementvape.de\/wp-content\/uploads\/2024\/09\/cropped-1elementvape-3.png","contentUrl":"https:\/\/www.elementvape.de\/wp-content\/uploads\/2024\/09\/cropped-1elementvape-3.png","width":285,"height":228,"caption":"ElementVape.DE"},"image":{"@id":"https:\/\/www.elementvape.de\/#\/schema\/logo\/image\/"}}]}},"_links":{"self":[{"href":"https:\/\/www.elementvape.de\/pl\/wp-json\/wp\/v2\/product\/10317"}],"collection":[{"href":"https:\/\/www.elementvape.de\/pl\/wp-json\/wp\/v2\/product"}],"about":[{"href":"https:\/\/www.elementvape.de\/pl\/wp-json\/wp\/v2\/types\/product"}],"wp:featuredmedia":[{"embeddable":true,"href":"https:\/\/www.elementvape.de\/pl\/wp-json\/wp\/v2\/media\/10327"}],"wp:attachment":[{"href":"https:\/\/www.elementvape.de\/pl\/wp-json\/wp\/v2\/media?parent=10317"}],"wp:term":[{"taxonomy":"product_cat","embeddable":true,"href":"https:\/\/www.elementvape.de\/pl\/wp-json\/wp\/v2\/product_cat?post=10317"},{"taxonomy":"product_tag","embeddable":true,"href":"https:\/\/www.elementvape.de\/pl\/wp-json\/wp\/v2\/product_tag?post=10317"}],"curies":[{"name":"wp","href":"https:\/\/api.w.org\/{rel}","templated":true}]}}