{"id":14259,"date":"2024-09-10T07:29:15","date_gmt":"2024-09-10T07:29:15","guid":{"rendered":"https:\/\/www.elementvape.de\/?page_id=14259"},"modified":"2025-12-11T07:00:30","modified_gmt":"2025-12-11T07:00:30","slug":"terms-conditions","status":"publish","type":"page","link":"https:\/\/www.elementvape.de\/pl\/terms-conditions\/","title":{"rendered":"Warunki handlowe"},"content":{"rendered":"<h2 class=\"wp-block-heading\"><strong>Og\u00f3lne warunki handlowe (OWH) &amp; Warunki korzystania<\/strong><\/h2>\n\n\n\n<p><strong>PROSZ\u0118 UWA\u017bNIE PRZECZYTA\u0106 TE WARUNKI U\u017bYTKOWANIA PRZED KORZYSTANIEM Z TEJ STRONY INTERNETOWEJ.<\/strong> DOKONUJ\u0104C DOST\u0118PU I KORZYSTAJ\u0104C Z TEJ STRONY INTERNETOWEJ, POTWIERDZAJ\u0104 PA\u0143STWO, \u017bE PRZECZYTALI I ZROZUMIELI TE WARUNKI I ZGADZAJ\u0104 SI\u0118 NA NIE. JE\u015aLI NIE ZGADZAJ\u0104 SI\u0118 PA\u0143STWO Z TYMI WARUNKAMI, NIE MO\u017bNA KORZYSTA\u0106 Z TEJ STRONY.<\/p>\n\n\n\n<h3 class=\"wp-block-heading\">1. Zgoda na warunki<\/h3>\n\n\n\n<p>Korzystaj\u0105c ze strony internetowej <strong>Elementvape<\/strong> (zwanej dalej \u201estron\u0105 internetow\u0105\u201d) lub klikaj\u0105c \u201eZgadzam si\u0119\u201d, zgadzasz si\u0119 jako u\u017cytkownik na niniejsze Og\u00f3lne Warunki Handlowe. Elementvape zastrzega sobie prawo do zablokowania lub zako\u0144czenia dost\u0119pu do strony w dowolnym momencie i bez uprzedzenia, zw\u0142aszcza w przypadku naruszenia niniejszej umowy lub obowi\u0105zuj\u0105cych wytycznych.<\/p>\n\n\n\n<h3 class=\"wp-block-heading\">2. Ograniczenie wiekowe (ochrona nieletnich)<\/h3>\n\n\n\n<p><strong>WA\u017bNA INFORMACJA: MUSISZ OSI\u0104GN\u0104\u0106 WYMAGANY W PRAWIE WIEK, ABY KUPI\u0106 PRODUKTY TYTONIOWE LUB E-PAPIEROSY W TWOIM S\u0104DOWEJ JURYSYKCJI.<\/strong><\/p>\n\n\n\n<p>Niniejsza umowa i korzystanie ze strony s\u0105 wy\u0142\u0105cznie dla os\u00f3b, kt\u00f3re osi\u0105gn\u0119\u0142y wymagan\u0105 minimaln\u0105 wiek (w wielu jurysdykcjach 18 lub 21 lat). Je\u015bli nie spe\u0142niasz tego wymogu, prosimy o natychmiastowe opuszczenie strony. Nie tolerujemy wyj\u0105tk\u00f3w od tej zasady.<\/p>\n\n\n\n<p><em>Uwaga: Elementvape sprzedaje swoje produkty i us\u0142ugi wy\u0142\u0105cznie osobom doros\u0142ym. Je\u015bli stwierdzimy, \u017ce nie spe\u0142niasz wymaga\u0144 wiekowych (minimum 21 lat, chyba \u017ce prawo stanowe stanowi inaczej), Elementvape odm\u00f3wi \u015bwiadczenia us\u0142ug i natychmiast zamknie Twoje konto.<\/em><\/p>\n\n\n\n<h3 class=\"wp-block-heading\">3. Prywatno\u015b\u0107<\/h3>\n\n\n\n<p>Aby w pe\u0142ni zrozumie\u0107 nasze praktyki biznesowe i spos\u00f3b przetwarzania Twoich danych, prosimy o przeczytanie naszej <strong>[Polityki prywatno\u015bci]<\/strong> (Link do strony z polityk\u0105 prywatno\u015bci), kt\u00f3ra obowi\u0105zuje r\u00f3wnie\u017c podczas Twojej wizyty na tej stronie internetowej.<\/p>\n\n\n\n<h3 class=\"wp-block-heading\">4. Licencja na korzystanie i dost\u0119p do strony<\/h3>\n\n\n\n<p>Z wyra\u017ceniem zgody na niniejsz\u0105 umow\u0119 Elementvape udziela Ci ograniczonej, niewy\u0142\u0105cznej i nieprzenoszalnej licencji na korzystanie z tej strony internetowej do cel\u00f3w osobistych zakup\u00f3w.<\/p>\n\n\n\n<ul>\n<li>Zobowi\u0105zujesz si\u0119 nie podawa\u0107 fa\u0142szywych ani oszuka\u0144czych informacji, aby uzyska\u0107 dost\u0119p do tej strony.<\/li>\n\n\n\n<li>Potwierdzasz, \u017ce ca\u0142a zawarto\u015b\u0107, projekty i us\u0142ugi na tej stronie s\u0105 w\u0142asno\u015bci\u0105 intelektualn\u0105 Elementvape i s\u0105 chronione prawami autorskimi, znakami towarowymi oraz innymi mi\u0119dzynarodowymi prawami ochronnymi.<\/li>\n\n\n\n<li>Wszelkie prawa, kt\u00f3re nie s\u0105 wyra\u017anie przyznane Ci w niniejszym dokumencie, pozostaj\u0105 w\u0142asno\u015bci\u0105 Elementvape.<\/li>\n<\/ul>\n\n\n\n<h3 class=\"wp-block-heading\">5. Twoje konto u\u017cytkownika<\/h3>\n\n\n\n<p>Je\u015bli utworzysz konto na tej stronie internetowej, jeste\u015b odpowiedzialny za zachowanie poufno\u015bci swoich danych konta i has\u0142a oraz za ograniczenie dost\u0119pu do swojego komputera. O\u015bwiadczasz, \u017ce bierzesz na siebie odpowiedzialno\u015b\u0107 za wszystkie dzia\u0142ania, kt\u00f3re maj\u0105 miejsce na Twoim koncie lub przy u\u017cyciu Twojego has\u0142a.<\/p>\n\n\n\n<h3 class=\"wp-block-heading\">6. Wpisy u\u017cytkownik\u00f3w i komunikacja<\/h3>\n\n\n\n<p>Wszelkie materia\u0142y, informacje, pomys\u0142y lub inne komunikaty, kt\u00f3re przesy\u0142asz lub publikujesz na tej stronie internetowej, s\u0105 traktowane jako nie poufne i nie chronione prawem autorskim. Elementvape ma prawo do nieograniczonego korzystania z tych tre\u015bci do cel\u00f3w komercyjnych lub niekomercyjnych.<\/p>\n\n\n\n<h3 class=\"wp-block-heading\">7. Gwarancja, wysy\u0142ka i zwroty<\/h3>\n\n\n\n<p>Szczeg\u00f3\u0142owe informacje na temat naszych warunk\u00f3w gwarancji, polityki wysy\u0142ki i procesu zwrot\u00f3w znajdziesz na naszej osobnej stronie <strong>\u201eGwarancja, wysy\u0142ka i zwroty\u201d<\/strong>. Te zasady s\u0105 cz\u0119\u015bci\u0105 niniejszych warunk\u00f3w u\u017cytkowania.<\/p>\n\n\n\n<h3 class=\"wp-block-heading\">8. Prawo autorskie (Copyright)<\/h3>\n\n\n\n<p>Ca\u0142a zawarto\u015b\u0107 tej strony internetowej (w tym teksty, grafiki, loga, obrazy) jest w\u0142asno\u015bci\u0105 Elementvape. \u017baden materia\u0142 nie mo\u017ce by\u0107 kopiowany, reprodukowany, publikowany ponownie, przesy\u0142any ani rozpowszechniany w inny spos\u00f3b bez wyra\u017anej pisemnej zgody Elementvape.<\/p>\n\n\n\n<h3 class=\"wp-block-heading\">9. Zrzeczenie si\u0119 odpowiedzialno\u015bci<\/h3>\n\n\n\n<p>Ta strona internetowa oraz wszystkie zawarte na niej informacje, tre\u015bci, materia\u0142y i produkty s\u0105 dostarczane przez Elementvape na zasadzie \u201etak jak jest\u201d (\u201eas is\u201d) i \u201ew miar\u0119 dost\u0119pno\u015bci\u201d. Elementvape nie udziela \u017cadnych wyra\u017anych ani dorozumianych gwarancji dotycz\u0105cych dzia\u0142ania strony lub poprawno\u015bci zawartych informacji, o ile jest to dozwolone prawem.<\/p>\n\n\n\n<h3 class=\"wp-block-heading\">10. Obowi\u0105zuj\u0105ce prawo i s\u0105d w\u0142a\u015bciwy<\/h3>\n\n\n\n<p>Ta strona internetowa jest obs\u0142ugiwana przez <strong>Polsk\u0119<\/strong> . Te warunki u\u017cytkowania oraz wszelkie spory wynikaj\u0105ce z korzystania ze strony podlegaj\u0105 prawu Rzeczypospolitej Polskiej, niezale\u017cnie od ewentualnych kolizyjnych przepis\u00f3w prawnych.<\/p>\n\n\n\n<h3 class=\"wp-block-heading\">11. Zmiany warunk\u00f3w u\u017cytkowania<\/h3>\n\n\n\n<p>Elementvape zastrzega sobie prawo do aktualizacji lub zmiany tych warunk\u00f3w u\u017cytkowania w dowolnym momencie i wed\u0142ug w\u0142asnego uznania. To od Ciebie zale\u017cy, aby regularnie sprawdza\u0107 t\u0119 stron\u0119 pod k\u0105tem zmian. Kontynuacja korzystania ze strony po opublikowaniu zmian oznacza akceptacj\u0119 tych zmian.<\/p>\n\n\n\n<h3 class=\"wp-block-heading\">12. Klauzula interpretacyjna<\/h3>\n\n\n\n<p>Ostateczne prawo do interpretacji tych warunk\u00f3w i zawarto\u015bci strony ma, o ile jest to dozwolone prawem, Elementvape.<\/p>","protected":false},"excerpt":{"rendered":"<p>Allgemeine Gesch\u00e4ftsbedingungen (AGB) &amp; Nutzungsbedingungen BITTE LESEN SIE DIESE NUTZUNGSBEDINGUNGEN SORGF\u00c4LTIG DURCH, BEVOR SIE DIESE WEBSITE NUTZEN. DURCH DEN ZUGRIFF AUF UND DIE NUTZUNG DIESER WEBSITE BEST\u00c4TIGEN SIE, DASS SIE DIESE BEDINGUNGEN GELESEN UND VERSTANDEN HABEN UND DIESEN ZUSTIMMEN. WENN SIE DIESEN BEDINGUNGEN NICHT ZUSTIMMEN, D\u00dcRFEN SIE DIE WEBSITE NICHT NUTZEN. 1. Zustimmung zu den [&hellip;]<\/p>","protected":false},"author":3,"featured_media":0,"parent":0,"menu_order":0,"comment_status":"closed","ping_status":"closed","template":"","meta":{"inline_featured_image":false,"footnotes":""},"yoast_head":"<!-- This site is optimized with the Yoast SEO plugin v23.3 - https:\/\/yoast.com\/wordpress\/plugins\/seo\/ -->\n<title>Gesch\u00e4ftsbedingungen<\/title>\n<meta name=\"description\" content=\"Unsere Nutzungsbedingungen regeln Altersanforderungen, Datenschutz, Rechte und Pflichten f\u00fcr eine sichere und rechtskonforme Nutzung unserer Website.\" \/>\n<meta name=\"robots\" content=\"index, follow, max-snippet:-1, max-image-preview:large, max-video-preview:-1\" \/>\n<link rel=\"canonical\" href=\"https:\/\/www.elementvape.de\/pl\/terms-conditions\/\" \/>\n<meta property=\"og:locale\" content=\"pl_PL\" \/>\n<meta property=\"og:type\" content=\"article\" \/>\n<meta property=\"og:title\" content=\"Gesch\u00e4ftsbedingungen\" \/>\n<meta property=\"og:description\" content=\"Unsere Nutzungsbedingungen regeln Altersanforderungen, Datenschutz, Rechte und Pflichten f\u00fcr eine sichere und rechtskonforme Nutzung unserer Website.\" \/>\n<meta property=\"og:url\" content=\"https:\/\/www.elementvape.de\/pl\/terms-conditions\/\" \/>\n<meta property=\"og:site_name\" content=\"ElementVape.de\" \/>\n<meta property=\"article:modified_time\" content=\"2025-12-11T07:00:30+00:00\" \/>\n<meta name=\"twitter:card\" content=\"summary_large_image\" \/>\n<meta name=\"twitter:label1\" content=\"Est. reading time\" \/>\n\t<meta name=\"twitter:data1\" content=\"4 minuty\" \/>\n<script type=\"application\/ld+json\" class=\"yoast-schema-graph\">{\"@context\":\"https:\/\/schema.org\",\"@graph\":[{\"@type\":\"WebPage\",\"@id\":\"https:\/\/www.elementvape.de\/terms-conditions\/\",\"url\":\"https:\/\/www.elementvape.de\/terms-conditions\/\",\"name\":\"Gesch\u00e4ftsbedingungen\",\"isPartOf\":{\"@id\":\"https:\/\/www.elementvape.de\/#website\"},\"datePublished\":\"2024-09-10T07:29:15+00:00\",\"dateModified\":\"2025-12-11T07:00:30+00:00\",\"description\":\"Unsere Nutzungsbedingungen regeln Altersanforderungen, Datenschutz, Rechte und Pflichten f\u00fcr eine sichere und rechtskonforme Nutzung unserer Website.\",\"breadcrumb\":{\"@id\":\"https:\/\/www.elementvape.de\/terms-conditions\/#breadcrumb\"},\"inLanguage\":\"pl-PL\",\"potentialAction\":[{\"@type\":\"ReadAction\",\"target\":[\"https:\/\/www.elementvape.de\/terms-conditions\/\"]}]},{\"@type\":\"BreadcrumbList\",\"@id\":\"https:\/\/www.elementvape.de\/terms-conditions\/#breadcrumb\",\"itemListElement\":[{\"@type\":\"ListItem\",\"position\":1,\"name\":\"Home\",\"item\":\"https:\/\/www.elementvape.de\/\"},{\"@type\":\"ListItem\",\"position\":2,\"name\":\"Gesch\u00e4ftsbedingungen\"}]},{\"@type\":\"WebSite\",\"@id\":\"https:\/\/www.elementvape.de\/#website\",\"url\":\"https:\/\/www.elementvape.de\/\",\"name\":\"ElementVape.de\",\"description\":\"\",\"publisher\":{\"@id\":\"https:\/\/www.elementvape.de\/#organization\"},\"potentialAction\":[{\"@type\":\"SearchAction\",\"target\":{\"@type\":\"EntryPoint\",\"urlTemplate\":\"https:\/\/www.elementvape.de\/?s={search_term_string}\"},\"query-input\":\"required name=search_term_string\"}],\"inLanguage\":\"pl-PL\"},{\"@type\":\"Organization\",\"@id\":\"https:\/\/www.elementvape.de\/#organization\",\"name\":\"ElementVape.DE\",\"url\":\"https:\/\/www.elementvape.de\/\",\"logo\":{\"@type\":\"ImageObject\",\"inLanguage\":\"pl-PL\",\"@id\":\"https:\/\/www.elementvape.de\/#\/schema\/logo\/image\/\",\"url\":\"https:\/\/www.elementvape.de\/wp-content\/uploads\/2024\/09\/cropped-1elementvape-3.png\",\"contentUrl\":\"https:\/\/www.elementvape.de\/wp-content\/uploads\/2024\/09\/cropped-1elementvape-3.png\",\"width\":285,\"height\":228,\"caption\":\"ElementVape.DE\"},\"image\":{\"@id\":\"https:\/\/www.elementvape.de\/#\/schema\/logo\/image\/\"}}]}<\/script>\n<!-- \/ Yoast SEO plugin. -->","yoast_head_json":{"title":"Gesch\u00e4ftsbedingungen","description":"Unsere Nutzungsbedingungen regeln Altersanforderungen, Datenschutz, Rechte und Pflichten f\u00fcr eine sichere und rechtskonforme Nutzung unserer Website.","robots":{"index":"index","follow":"follow","max-snippet":"max-snippet:-1","max-image-preview":"max-image-preview:large","max-video-preview":"max-video-preview:-1"},"canonical":"https:\/\/www.elementvape.de\/pl\/terms-conditions\/","og_locale":"pl_PL","og_type":"article","og_title":"Gesch\u00e4ftsbedingungen","og_description":"Unsere Nutzungsbedingungen regeln Altersanforderungen, Datenschutz, Rechte und Pflichten f\u00fcr eine sichere und rechtskonforme Nutzung unserer Website.","og_url":"https:\/\/www.elementvape.de\/pl\/terms-conditions\/","og_site_name":"ElementVape.de","article_modified_time":"2025-12-11T07:00:30+00:00","twitter_card":"summary_large_image","twitter_misc":{"Est. reading time":"4 minuty"},"schema":{"@context":"https:\/\/schema.org","@graph":[{"@type":"WebPage","@id":"https:\/\/www.elementvape.de\/terms-conditions\/","url":"https:\/\/www.elementvape.de\/terms-conditions\/","name":"Gesch\u00e4ftsbedingungen","isPartOf":{"@id":"https:\/\/www.elementvape.de\/#website"},"datePublished":"2024-09-10T07:29:15+00:00","dateModified":"2025-12-11T07:00:30+00:00","description":"Unsere Nutzungsbedingungen regeln Altersanforderungen, Datenschutz, Rechte und Pflichten f\u00fcr eine sichere und rechtskonforme Nutzung unserer Website.","breadcrumb":{"@id":"https:\/\/www.elementvape.de\/terms-conditions\/#breadcrumb"},"inLanguage":"pl-PL","potentialAction":[{"@type":"ReadAction","target":["https:\/\/www.elementvape.de\/terms-conditions\/"]}]},{"@type":"BreadcrumbList","@id":"https:\/\/www.elementvape.de\/terms-conditions\/#breadcrumb","itemListElement":[{"@type":"ListItem","position":1,"name":"Home","item":"https:\/\/www.elementvape.de\/"},{"@type":"ListItem","position":2,"name":"Gesch\u00e4ftsbedingungen"}]},{"@type":"WebSite","@id":"https:\/\/www.elementvape.de\/#website","url":"https:\/\/www.elementvape.de\/","name":"ElementVape.de","description":"","publisher":{"@id":"https:\/\/www.elementvape.de\/#organization"},"potentialAction":[{"@type":"SearchAction","target":{"@type":"EntryPoint","urlTemplate":"https:\/\/www.elementvape.de\/?s={search_term_string}"},"query-input":"required name=search_term_string"}],"inLanguage":"pl-PL"},{"@type":"Organization","@id":"https:\/\/www.elementvape.de\/#organization","name":"ElementVape.DE","url":"https:\/\/www.elementvape.de\/","logo":{"@type":"ImageObject","inLanguage":"pl-PL","@id":"https:\/\/www.elementvape.de\/#\/schema\/logo\/image\/","url":"https:\/\/www.elementvape.de\/wp-content\/uploads\/2024\/09\/cropped-1elementvape-3.png","contentUrl":"https:\/\/www.elementvape.de\/wp-content\/uploads\/2024\/09\/cropped-1elementvape-3.png","width":285,"height":228,"caption":"ElementVape.DE"},"image":{"@id":"https:\/\/www.elementvape.de\/#\/schema\/logo\/image\/"}}]}},"_links":{"self":[{"href":"https:\/\/www.elementvape.de\/pl\/wp-json\/wp\/v2\/pages\/14259"}],"collection":[{"href":"https:\/\/www.elementvape.de\/pl\/wp-json\/wp\/v2\/pages"}],"about":[{"href":"https:\/\/www.elementvape.de\/pl\/wp-json\/wp\/v2\/types\/page"}],"author":[{"embeddable":true,"href":"https:\/\/www.elementvape.de\/pl\/wp-json\/wp\/v2\/users\/3"}],"replies":[{"embeddable":true,"href":"https:\/\/www.elementvape.de\/pl\/wp-json\/wp\/v2\/comments?post=14259"}],"version-history":[{"count":5,"href":"https:\/\/www.elementvape.de\/pl\/wp-json\/wp\/v2\/pages\/14259\/revisions"}],"predecessor-version":[{"id":16683,"href":"https:\/\/www.elementvape.de\/pl\/wp-json\/wp\/v2\/pages\/14259\/revisions\/16683"}],"wp:attachment":[{"href":"https:\/\/www.elementvape.de\/pl\/wp-json\/wp\/v2\/media?parent=14259"}],"curies":[{"name":"wp","href":"https:\/\/api.w.org\/{rel}","templated":true}]}}