{"id":7611,"date":"2024-04-20T07:05:08","date_gmt":"2024-04-20T07:05:08","guid":{"rendered":"https:\/\/www.elementvape.de\/?post_type=product&#038;p=7611"},"modified":"2024-09-12T10:32:21","modified_gmt":"2024-09-12T10:32:21","slug":"voopoo-argus-p1-kit-aromazerstaeuber","status":"publish","type":"product","link":"https:\/\/www.elementvape.de\/nl\/produkt\/voopoo-argus-p1-kit-aromazerstaeuber\/","title":{"rendered":"Voopoo Argus P1 Kit Aromazeerstuber"},"content":{"rendered":"<p>&nbsp;<\/p>\n<div class=\"product-specs-list-container\">\n<ul class=\"product-specs-list util-clearfix\">\n<li class=\"product-prop line-limit-length\"><span class=\"property-title\">Uiterlijk:\u00a0<\/span><span class=\"property-desc line-limit-length\">Doosvorm<\/span><\/li>\n<li class=\"product-prop line-limit-length\"><span class=\"property-title\">Compatibele batterij:\u00a0<\/span><span class=\"property-desc line-limit-length\">Geen<\/span><\/li>\n<li class=\"product-prop line-limit-length\"><span class=\"property-title\">Bewakingsfunctie van aantal roken:\u00a0<\/span><span class=\"property-desc line-limit-length\">Nee<\/span><\/li>\n<li class=\"product-prop line-limit-length\"><span class=\"property-title\">Siliconen hoes:\u00a0<\/span><span class=\"property-desc line-limit-length\">Nee<\/span><\/li>\n<li class=\"product-prop line-limit-length\"><span class=\"property-title\">Temperatuurregeling:\u00a0<\/span><span class=\"property-desc line-limit-length\">Nee<\/span><\/li>\n<li class=\"product-prop line-limit-length\"><span class=\"property-title\">Kortsluitbeveiliging:\u00a0<\/span><span class=\"property-desc line-limit-length\">Nee<\/span><\/li>\n<li class=\"product-prop line-limit-length\"><span class=\"property-title\">Oververhittingsbeveiliging:\u00a0<\/span><span class=\"property-desc line-limit-length\">Ja<\/span><\/li>\n<li class=\"product-prop line-limit-length\"><span class=\"property-title\">Laagspanningsalarm:\u00a0<\/span><span class=\"property-desc line-limit-length\">Ja<\/span><\/li>\n<li class=\"product-prop line-limit-length\"><span class=\"property-title\">Verstuiveridentificatiefunctie:\u00a0<\/span><span class=\"property-desc line-limit-length\">Ja<\/span><\/li>\n<li class=\"product-prop line-limit-length\"><span class=\"property-title\">TCR-instellingsmodi:\u00a0<\/span><span class=\"property-desc line-limit-length\">Nee<\/span><\/li>\n<li class=\"product-prop line-limit-length\"><span class=\"property-title\">Nominale capaciteit:\u00a0<\/span><span class=\"property-desc line-limit-length\">Geen<\/span><\/li>\n<li class=\"product-prop line-limit-length\"><span class=\"property-title\">Materiaal:\u00a0<\/span><span class=\"property-desc line-limit-length\">Metaal<\/span><\/li>\n<li class=\"product-prop line-limit-length\"><span class=\"property-title\">Compatibel Model:\u00a0<\/span><span class=\"property-desc line-limit-length\">Elektronische Sigaret Verdampfer<\/span><\/li>\n<li class=\"product-prop line-limit-length\"><span class=\"property-title\">Modelnummer:\u00a0<\/span><span class=\"property-desc line-limit-length\">VOOPOO Argus P1 Kit<\/span><\/li>\n<li class=\"product-prop line-limit-length\"><span class=\"property-title\">Usb-oplader:\u00a0<\/span><span class=\"property-desc line-limit-length\">Ja<\/span><\/li>\n<li class=\"product-prop line-limit-length\"><span class=\"property-title\">Temperatuurregeling: Nee\u00a0<\/span><span class=\"property-desc line-limit-length\">Nee<\/span><\/li>\n<li class=\"product-prop line-limit-length\"><span class=\"property-title\">Weergave:\u00a0<\/span><span class=\"property-desc line-limit-length\">Nee<\/span><\/li>\n<li class=\"product-prop line-limit-length\"><span class=\"property-title\">Type:\u00a0<\/span><span class=\"property-desc line-limit-length\">Met batterij<\/span><\/li>\n<li class=\"product-prop line-limit-length\"><span class=\"property-title\">Merknaam:\u00a0<\/span><span class=\"property-desc line-limit-length\">VOOPOO<\/span><\/li>\n<li class=\"product-prop line-limit-length\"><span class=\"property-title\">Herkomst:\u00a0<\/span><span class=\"property-desc line-limit-length\">NL (Herkomst)<\/span><\/li>\n<\/ul>\n<\/div>\n<div class=\"detailmodule_html\">\n<div class=\"detail-desc-decorate-richtext\">\n<div class=\"detailmodule_text\">\n<p id=\"tl_1\" class=\"detail-desc-decorate-title\" style=\"font-family: OpenSans; font-size: 20px; font-weight: 900; line-height: 28px; margin-bottom: 12px;\">Originele Voopoo Argus P1 Kit 20W 800mAh Batterij Vape 2ml Argus Pod Cartridge 0,7 Ohm\/1,2 Ohm Spoel E Sigaret Verdampfer<\/p>\n<p id=\"tl_2\" class=\"detail-desc-decorate-content\" style=\"font-family: OpenSans; font-size: 14px; font-weight: 300; line-height: 20px; margin-bottom: 12px;\">Argus p1 kit neemt futuristische mechanische stijl met half-metaal en half-transparant uiterlijk om robuuste en veeleisende schoonheid te demonstreren. Het wordt aangedreven door een ingebouwde 800mAh batterij met maximaal 20W en Type-C-opladen. Het ondersteunt ook 15W PD-verlichting opladen om volledige lading in 18 minuten te bereiken. Het is vermeldenswaard dat de 1.2\u03a9 verstuivingsspoel na het opladen gedurende 5 minuten 2 uur dampen voor elke trek elke minuut kan ondersteunen. Uitgerust met de slimme Gen. Ai 1,2-chip aan de transparante zijde, kan de Argus p1 automatisch de juiste kracht aanpassen om energie te besparen en de batterijduur te behouden. Bovendien kan de ito-verstuivingslogie u het ultieme genot van smaak en damp brengen. Het heeft ook zijwaartse luchtaanpassing voor strakke tot losse luchtstroom en de 4-gaten luchtinlaat voor een gladde smaak. Argus p1 is geschikt voor argus pod cartridge 0,7\u03a9\/1,2\u03a9, argus pod lege cartridge en voopoo ito-spoel. Het heeft een capaciteit van 2ml, een eenvoudig zijvulsysteem en een gepatenteerd, lekvrij ontwerp. Argus p1 heeft ook de geavanceerde ergonomische mondstuk, dat perfect bij uw lip past. Haal het gewoon.<\/p>\n<\/div>\n<div class=\"detailmodule_text\">\n<p id=\"tl_3\" class=\"detail-desc-decorate-title\" style=\"font-family: OpenSans; font-size: 20px; font-weight: 900; line-height: 28px; margin-bottom: 12px;\">Parameters:<\/p>\n<p id=\"tl_4\" class=\"detail-desc-decorate-content\" style=\"font-family: OpenSans; font-size: 14px; font-weight: 300; line-height: 20px; margin-bottom: 12px;\">Merk: voopoo<br \/>\nProductnaam: argus p1 kit<br \/>\nBatterij: ingebouwde 800mAh batterij<br \/>\nUitgangsvermogen: 5-20W<br \/>\nUitgangsspanning: 3,2-4,2 V<br \/>\nOplaadmethode: Type-C-opladen<br \/>\nOplaadtechniek: PD Snelladen 15W<br \/>\nWeerstandbereik: 0,5-3,0\u03a9<br \/>\nPod lege capaciteit: 2ml<br \/>\nVulling: zijvulling<br \/>\nLuchtstroom: instelbare luchtstroom<br \/>\nGeschikt voor: voopoo argus pod cartridge 0,7\u03a9\/1,2\u03a9<br \/>\nMateriaal: zinklegering + pc<br \/>\nProductgrootte: 74,6*46,7*17,4mm<br \/>\nVerpakkingsgrootte: 103*103*40mm<br \/>\nDoosgrootte: 540*225*230mm (9,3 kg (\u00b1 0,4 kg), 50 stuks)<br \/>\nKleur: zwart, zilver, rood, gunmetal, groen<\/p>\n<\/div>\n<div class=\"detailmodule_text\">\n<p id=\"tl_5\" class=\"detail-desc-decorate-title\" style=\"font-family: OpenSans; font-size: 20px; font-weight: 900; line-height: 28px; margin-bottom: 12px;\">Kortsluitbescherming: Ja<\/p>\n<p id=\"tl_6\" class=\"detail-desc-decorate-content\" style=\"font-family: OpenSans; font-size: 14px; font-weight: 300; line-height: 20px; margin-bottom: 12px;\">1. futuristische mechanische stijl, half metaal en half transparant<br \/>\n2. ingebouwde 800mAh batterij met 20W max en Type-C opladen<br \/>\n3. ondersteund door snelle PD-laadmethode<br \/>\n4. Gen. Ai 1,2 chip &amp; AI-uitgangsinstelling<br \/>\n5. zijluchtregeling &amp; 4-gaten luchtinlaat<br \/>\n6. ito verstuivingsstechno logie &amp; gepatenteerd uitloop-IC-ontwerp<br \/>\n7. geavanceerd ergonomisch mondstuk, perfect passend bij uw lip<br \/>\n8. compatibel met Argus pod cartridge 0,7\u03a9\/1,2\u03a9<br \/>\n9. lege capaciteit 2ml, eenvoudig zijvulsysteem<br \/>\n10. van zinklegering + PC-materiaal, duurzaam in gebruik<br \/>\n11. meervoudige veiligheidsbescherming voor veilige gebruik<\/p>\n<\/div>\n<div class=\"detailmodule_text\">\n<p id=\"tl_7\" class=\"detail-desc-decorate-title\" style=\"font-family: OpenSans; font-size: 20px; font-weight: 900; line-height: 28px; margin-bottom: 12px;\">Pakket bevat:<\/p>\n<p id=\"tl_8\" class=\"detail-desc-decorate-content\" style=\"font-family: OpenSans; font-size: 14px; font-weight: 300; line-height: 20px; margin-bottom: 12px;\">1 * Voopoo Argus P1 apparaat<br \/>\n1 * Voopoo Argus Pod Cartridge 0,7\u03a9<br \/>\n1 * Voopoo Argus Pod Cartridge 1,2\u03a9<br \/>\n1 * Type-C-kabel<br \/>\n1 * Gebruikershandleiding<br \/>\n1 * Lanyard<\/p>\n<\/div>\n<div class=\"detailmodule_image\"><img decoding=\"async\" loading=\"lazy\" class=\"detail-desc-decorate-image\" src=\"https:\/\/ae01.alicdn.com\/kf\/Sed1efa8abb024f419b12029d139efe890.jpg\" \/><br \/>\n<img decoding=\"async\" loading=\"lazy\" class=\"detail-desc-decorate-image\" src=\"https:\/\/ae01.alicdn.com\/kf\/S0c1487d884db4d0583b12618b1bed105q.jpg\" \/><br \/>\n<img decoding=\"async\" loading=\"lazy\" class=\"detail-desc-decorate-image\" src=\"https:\/\/ae01.alicdn.com\/kf\/Sa90ccfa5e64f44169b88e4bc301be5f22.jpg\" \/><br \/>\n<img decoding=\"async\" loading=\"lazy\" class=\"detail-desc-decorate-image\" src=\"https:\/\/ae01.alicdn.com\/kf\/S116118a193fa4c9394a78c6d74a6de307.jpg\" \/><br \/>\n<img decoding=\"async\" loading=\"lazy\" class=\"detail-desc-decorate-image\" src=\"https:\/\/ae01.alicdn.com\/kf\/S0103ac1922d34736963821b50b33e79aH.jpg\" \/><br \/>\n<img decoding=\"async\" loading=\"lazy\" class=\"detail-desc-decorate-image\" src=\"https:\/\/ae01.alicdn.com\/kf\/Sc93bdbdf920548a4b424e6816d874de3A.jpg\" \/><br \/>\n<img decoding=\"async\" loading=\"lazy\" class=\"detail-desc-decorate-image\" src=\"https:\/\/ae01.alicdn.com\/kf\/Sd79e485322e044259efa43ad20e1ed69B.jpg\" \/><br \/>\n<img decoding=\"async\" loading=\"lazy\" class=\"detail-desc-decorate-image\" src=\"https:\/\/ae01.alicdn.com\/kf\/S0fc79fe6d1314bd0baaf92940529e65bG.jpg\" \/><br \/>\n<img decoding=\"async\" loading=\"lazy\" class=\"detail-desc-decorate-image\" src=\"https:\/\/ae01.alicdn.com\/kf\/Sf8f2c56be84c44769aa12d8e4bb88dedR.jpg\" \/><br \/>\n<img decoding=\"async\" loading=\"lazy\" class=\"detail-desc-decorate-image\" src=\"https:\/\/ae01.alicdn.com\/kf\/Sf92ea93269854eafb90b1b70c9ce02f7J.jpg\" \/><\/div>\n<div class=\"detailmodule_image\"><img decoding=\"async\" loading=\"lazy\" class=\"detail-desc-decorate-image\" src=\"https:\/\/ae01.alicdn.com\/kf\/S8ef0f6b4a9804692abc297bbb26c5c8bT.jpg\" \/><br \/>\n<img decoding=\"async\" loading=\"lazy\" class=\"detail-desc-decorate-image\" src=\"https:\/\/ae01.alicdn.com\/kf\/S8246ff7c308c43038077b7d2bd8f89a6E.jpg\" \/><br \/>\n<img decoding=\"async\" loading=\"lazy\" class=\"detail-desc-decorate-image\" src=\"https:\/\/ae01.alicdn.com\/kf\/S0fe29fd38cbd4338be39672335e32e87Y.jpg\" \/><\/div>\n<p>&nbsp;<\/p>\n<\/div>\n<\/div>","protected":false},"excerpt":{"rendered":"<p>&nbsp; Aussehen:\u00a0Box Form Kompatibler Akku:\u00a0Kein \u00dcberwachung Funktion Von Rauchen Anzahl:\u00a0Nein Silikon Fall:\u00a0Nein Temperaturregelung:\u00a0Nein Kurzschlussschutz Funktion:\u00a0Nein \u00dcberhitzungsschutz-funktion:\u00a0Ja Niederspannungsalarmfunktion:\u00a0Ja Zerst\u00e4uber Identifikation Funktion:\u00a0Ja TCR Einstellung Modi:\u00a0Nein Nominale Kapazit\u00e4t:\u00a0Kein Material:\u00a0Metall Compatible Model:\u00a0Electronic Cigarette Vaporizer Modellnummer:\u00a0VOOPOO Argus P1 Kit Usb-ladeger\u00e4t:\u00a0Ja Firmware-upgrade:\u00a0Nein Display:\u00a0Nein Art:\u00a0Mit Batterie Markenname:\u00a0VOOPOO Ursprung:\u00a0CN (Herkunft) Original Voopoo Argus P1 Kit 20W 800mAh Batterie Vape 2ml Argus Pod Patrone [&hellip;]<\/p>","protected":false},"featured_media":7612,"template":"","meta":{"inline_featured_image":false},"product_cat":[78,750,737,736,749,76],"product_tag":[],"tiered_pricing_type":"fixed","tiered_pricing_fixed_rules":[],"tiered_pricing_percentage_rules":[],"tiered_pricing_minimum":1,"_administrator_tiered_pricing_type":"fixed","_administrator_tiered_pricing_fixed_rules":[],"_editor_tiered_pricing_type":"fixed","_editor_tiered_pricing_fixed_rules":[],"_author_tiered_pricing_type":"fixed","_author_tiered_pricing_fixed_rules":[],"_contributor_tiered_pricing_type":"fixed","_contributor_tiered_pricing_fixed_rules":[],"_subscriber_tiered_pricing_type":"fixed","_subscriber_tiered_pricing_fixed_rules":[],"_customer_tiered_pricing_type":"fixed","_customer_tiered_pricing_fixed_rules":[],"_shop_manager_tiered_pricing_type":"fixed","_shop_manager_tiered_pricing_fixed_rules":[],"_wpseo_manager_tiered_pricing_type":"fixed","_wpseo_manager_tiered_pricing_fixed_rules":[],"_wpseo_editor_tiered_pricing_type":"fixed","_wpseo_editor_tiered_pricing_fixed_rules":[],"_wholesale_customer_tiered_pricing_type":"fixed","_wholesale_customer_tiered_pricing_fixed_rules":[],"_marketer_tiered_pricing_type":"fixed","_marketer_tiered_pricing_fixed_rules":[],"_sales_manager_tiered_pricing_type":"fixed","_sales_manager_tiered_pricing_fixed_rules":[],"_sales_rep_tiered_pricing_type":"fixed","_sales_rep_tiered_pricing_fixed_rules":[],"yoast_head":"<!-- This site is optimized with the Yoast SEO plugin v23.3 - https:\/\/yoast.com\/wordpress\/plugins\/seo\/ -->\n<title>Voopoo Argus P1 Kit Aromazerst\u00e4uber | ElementVape.de<\/title>\n<meta name=\"description\" content=\"Wir bieten Voopoo Argus P1 Kit Aromazerst\u00e4uber , Elementvape.de akzeptieren Gro\u00df-und Einzelhandel Bestellungen.\" \/>\n<meta name=\"robots\" content=\"index, follow, max-snippet:-1, max-image-preview:large, max-video-preview:-1\" \/>\n<link rel=\"canonical\" href=\"https:\/\/www.elementvape.de\/nl\/produkt\/voopoo-argus-p1-kit-aromazerstaeuber\/\" \/>\n<meta property=\"og:locale\" content=\"nl_NL\" \/>\n<meta property=\"og:type\" content=\"article\" \/>\n<meta property=\"og:title\" content=\"Voopoo Argus P1 Kit Aromazerst\u00e4uber | ElementVape.de\" \/>\n<meta property=\"og:description\" content=\"Wir bieten Voopoo Argus P1 Kit Aromazerst\u00e4uber , Elementvape.de akzeptieren Gro\u00df-und Einzelhandel Bestellungen.\" \/>\n<meta property=\"og:url\" content=\"https:\/\/www.elementvape.de\/nl\/produkt\/voopoo-argus-p1-kit-aromazerstaeuber\/\" \/>\n<meta property=\"og:site_name\" content=\"ElementVape.de\" \/>\n<meta property=\"article:modified_time\" content=\"2024-09-12T10:32:21+00:00\" \/>\n<meta property=\"og:image\" content=\"https:\/\/ae01.alicdn.com\/kf\/Sa7c42d84ca2748ffbae83df45e1a89d27\/Original-Voopoo-Argus-P1-Kit-20W-800mAh-Batterie-Vape-2ml-Argus-Pod-Patrone-0-7-Ohm.jpg\" \/>\n\t<meta property=\"og:image:width\" content=\"800\" \/>\n\t<meta property=\"og:image:height\" content=\"800\" \/>\n\t<meta property=\"og:image:type\" content=\"image\/jpeg\" \/>\n<meta name=\"twitter:card\" content=\"summary_large_image\" \/>\n<meta name=\"twitter:label1\" content=\"Est. reading time\" \/>\n\t<meta name=\"twitter:data1\" content=\"6 minuten\" \/>\n<script type=\"application\/ld+json\" class=\"yoast-schema-graph\">{\"@context\":\"https:\/\/schema.org\",\"@graph\":[{\"@type\":\"WebPage\",\"@id\":\"https:\/\/www.elementvape.de\/produkt\/voopoo-argus-p1-kit-aromazerstaeuber\/\",\"url\":\"https:\/\/www.elementvape.de\/produkt\/voopoo-argus-p1-kit-aromazerstaeuber\/\",\"name\":\"Voopoo Argus P1 Kit Aromazerst\u00e4uber | ElementVape.de\",\"isPartOf\":{\"@id\":\"https:\/\/www.elementvape.de\/#website\"},\"primaryImageOfPage\":{\"@id\":\"https:\/\/www.elementvape.de\/produkt\/voopoo-argus-p1-kit-aromazerstaeuber\/#primaryimage\"},\"image\":{\"@id\":\"https:\/\/www.elementvape.de\/produkt\/voopoo-argus-p1-kit-aromazerstaeuber\/#primaryimage\"},\"thumbnailUrl\":\"https:\/\/ae01.alicdn.com\/kf\/Sa7c42d84ca2748ffbae83df45e1a89d27\/Original-Voopoo-Argus-P1-Kit-20W-800mAh-Batterie-Vape-2ml-Argus-Pod-Patrone-0-7-Ohm.jpg\",\"datePublished\":\"2024-04-20T07:05:08+00:00\",\"dateModified\":\"2024-09-12T10:32:21+00:00\",\"description\":\"Wir bieten Voopoo Argus P1 Kit Aromazerst\u00e4uber , Elementvape.de akzeptieren Gro\u00df-und Einzelhandel Bestellungen.\",\"breadcrumb\":{\"@id\":\"https:\/\/www.elementvape.de\/produkt\/voopoo-argus-p1-kit-aromazerstaeuber\/#breadcrumb\"},\"inLanguage\":\"nl-NL\",\"potentialAction\":[{\"@type\":\"ReadAction\",\"target\":[\"https:\/\/www.elementvape.de\/produkt\/voopoo-argus-p1-kit-aromazerstaeuber\/\"]}]},{\"@type\":\"ImageObject\",\"inLanguage\":\"nl-NL\",\"@id\":\"https:\/\/www.elementvape.de\/produkt\/voopoo-argus-p1-kit-aromazerstaeuber\/#primaryimage\",\"url\":\"https:\/\/ae01.alicdn.com\/kf\/Sa7c42d84ca2748ffbae83df45e1a89d27\/Original-Voopoo-Argus-P1-Kit-20W-800mAh-Batterie-Vape-2ml-Argus-Pod-Patrone-0-7-Ohm.jpg\",\"contentUrl\":\"https:\/\/ae01.alicdn.com\/kf\/Sa7c42d84ca2748ffbae83df45e1a89d27\/Original-Voopoo-Argus-P1-Kit-20W-800mAh-Batterie-Vape-2ml-Argus-Pod-Patrone-0-7-Ohm.jpg\",\"width\":800,\"height\":800},{\"@type\":\"BreadcrumbList\",\"@id\":\"https:\/\/www.elementvape.de\/produkt\/voopoo-argus-p1-kit-aromazerstaeuber\/#breadcrumb\",\"itemListElement\":[{\"@type\":\"ListItem\",\"position\":1,\"name\":\"Home\",\"item\":\"https:\/\/www.elementvape.de\/\"},{\"@type\":\"ListItem\",\"position\":2,\"name\":\"Shop\",\"item\":\"https:\/\/www.elementvape.de\/shop\/\"},{\"@type\":\"ListItem\",\"position\":3,\"name\":\"Voopoo Argus P1 Kit Aromazerst\u00e4uber\"}]},{\"@type\":\"WebSite\",\"@id\":\"https:\/\/www.elementvape.de\/#website\",\"url\":\"https:\/\/www.elementvape.de\/\",\"name\":\"ElementVape.de\",\"description\":\"\",\"publisher\":{\"@id\":\"https:\/\/www.elementvape.de\/#organization\"},\"potentialAction\":[{\"@type\":\"SearchAction\",\"target\":{\"@type\":\"EntryPoint\",\"urlTemplate\":\"https:\/\/www.elementvape.de\/?s={search_term_string}\"},\"query-input\":\"required name=search_term_string\"}],\"inLanguage\":\"nl-NL\"},{\"@type\":\"Organization\",\"@id\":\"https:\/\/www.elementvape.de\/#organization\",\"name\":\"ElementVape.DE\",\"url\":\"https:\/\/www.elementvape.de\/\",\"logo\":{\"@type\":\"ImageObject\",\"inLanguage\":\"nl-NL\",\"@id\":\"https:\/\/www.elementvape.de\/#\/schema\/logo\/image\/\",\"url\":\"https:\/\/www.elementvape.de\/wp-content\/uploads\/2024\/09\/cropped-1elementvape-3.png\",\"contentUrl\":\"https:\/\/www.elementvape.de\/wp-content\/uploads\/2024\/09\/cropped-1elementvape-3.png\",\"width\":285,\"height\":228,\"caption\":\"ElementVape.DE\"},\"image\":{\"@id\":\"https:\/\/www.elementvape.de\/#\/schema\/logo\/image\/\"}}]}<\/script>\n<!-- \/ Yoast SEO plugin. -->","yoast_head_json":{"title":"Voopoo Argus P1 Kit Aromazerst\u00e4uber | ElementVape.de","description":"Wir bieten Voopoo Argus P1 Kit Aromazerst\u00e4uber , Elementvape.de akzeptieren Gro\u00df-und Einzelhandel Bestellungen.","robots":{"index":"index","follow":"follow","max-snippet":"max-snippet:-1","max-image-preview":"max-image-preview:large","max-video-preview":"max-video-preview:-1"},"canonical":"https:\/\/www.elementvape.de\/nl\/produkt\/voopoo-argus-p1-kit-aromazerstaeuber\/","og_locale":"nl_NL","og_type":"article","og_title":"Voopoo Argus P1 Kit Aromazerst\u00e4uber | ElementVape.de","og_description":"Wir bieten Voopoo Argus P1 Kit Aromazerst\u00e4uber , Elementvape.de akzeptieren Gro\u00df-und Einzelhandel Bestellungen.","og_url":"https:\/\/www.elementvape.de\/nl\/produkt\/voopoo-argus-p1-kit-aromazerstaeuber\/","og_site_name":"ElementVape.de","article_modified_time":"2024-09-12T10:32:21+00:00","og_image":[{"width":800,"height":800,"url":"https:\/\/ae01.alicdn.com\/kf\/Sa7c42d84ca2748ffbae83df45e1a89d27\/Original-Voopoo-Argus-P1-Kit-20W-800mAh-Batterie-Vape-2ml-Argus-Pod-Patrone-0-7-Ohm.jpg","type":"image\/jpeg"}],"twitter_card":"summary_large_image","twitter_misc":{"Est. reading time":"6 minuten"},"schema":{"@context":"https:\/\/schema.org","@graph":[{"@type":"WebPage","@id":"https:\/\/www.elementvape.de\/produkt\/voopoo-argus-p1-kit-aromazerstaeuber\/","url":"https:\/\/www.elementvape.de\/produkt\/voopoo-argus-p1-kit-aromazerstaeuber\/","name":"Voopoo Argus P1 Kit Aromazerst\u00e4uber | ElementVape.de","isPartOf":{"@id":"https:\/\/www.elementvape.de\/#website"},"primaryImageOfPage":{"@id":"https:\/\/www.elementvape.de\/produkt\/voopoo-argus-p1-kit-aromazerstaeuber\/#primaryimage"},"image":{"@id":"https:\/\/www.elementvape.de\/produkt\/voopoo-argus-p1-kit-aromazerstaeuber\/#primaryimage"},"thumbnailUrl":"https:\/\/ae01.alicdn.com\/kf\/Sa7c42d84ca2748ffbae83df45e1a89d27\/Original-Voopoo-Argus-P1-Kit-20W-800mAh-Batterie-Vape-2ml-Argus-Pod-Patrone-0-7-Ohm.jpg","datePublished":"2024-04-20T07:05:08+00:00","dateModified":"2024-09-12T10:32:21+00:00","description":"Wir bieten Voopoo Argus P1 Kit Aromazerst\u00e4uber , Elementvape.de akzeptieren Gro\u00df-und Einzelhandel Bestellungen.","breadcrumb":{"@id":"https:\/\/www.elementvape.de\/produkt\/voopoo-argus-p1-kit-aromazerstaeuber\/#breadcrumb"},"inLanguage":"nl-NL","potentialAction":[{"@type":"ReadAction","target":["https:\/\/www.elementvape.de\/produkt\/voopoo-argus-p1-kit-aromazerstaeuber\/"]}]},{"@type":"ImageObject","inLanguage":"nl-NL","@id":"https:\/\/www.elementvape.de\/produkt\/voopoo-argus-p1-kit-aromazerstaeuber\/#primaryimage","url":"https:\/\/ae01.alicdn.com\/kf\/Sa7c42d84ca2748ffbae83df45e1a89d27\/Original-Voopoo-Argus-P1-Kit-20W-800mAh-Batterie-Vape-2ml-Argus-Pod-Patrone-0-7-Ohm.jpg","contentUrl":"https:\/\/ae01.alicdn.com\/kf\/Sa7c42d84ca2748ffbae83df45e1a89d27\/Original-Voopoo-Argus-P1-Kit-20W-800mAh-Batterie-Vape-2ml-Argus-Pod-Patrone-0-7-Ohm.jpg","width":800,"height":800},{"@type":"BreadcrumbList","@id":"https:\/\/www.elementvape.de\/produkt\/voopoo-argus-p1-kit-aromazerstaeuber\/#breadcrumb","itemListElement":[{"@type":"ListItem","position":1,"name":"Home","item":"https:\/\/www.elementvape.de\/"},{"@type":"ListItem","position":2,"name":"Shop","item":"https:\/\/www.elementvape.de\/shop\/"},{"@type":"ListItem","position":3,"name":"Voopoo Argus P1 Kit Aromazerst\u00e4uber"}]},{"@type":"WebSite","@id":"https:\/\/www.elementvape.de\/#website","url":"https:\/\/www.elementvape.de\/","name":"ElementVape.de","description":"","publisher":{"@id":"https:\/\/www.elementvape.de\/#organization"},"potentialAction":[{"@type":"SearchAction","target":{"@type":"EntryPoint","urlTemplate":"https:\/\/www.elementvape.de\/?s={search_term_string}"},"query-input":"required name=search_term_string"}],"inLanguage":"nl-NL"},{"@type":"Organization","@id":"https:\/\/www.elementvape.de\/#organization","name":"ElementVape.DE","url":"https:\/\/www.elementvape.de\/","logo":{"@type":"ImageObject","inLanguage":"nl-NL","@id":"https:\/\/www.elementvape.de\/#\/schema\/logo\/image\/","url":"https:\/\/www.elementvape.de\/wp-content\/uploads\/2024\/09\/cropped-1elementvape-3.png","contentUrl":"https:\/\/www.elementvape.de\/wp-content\/uploads\/2024\/09\/cropped-1elementvape-3.png","width":285,"height":228,"caption":"ElementVape.DE"},"image":{"@id":"https:\/\/www.elementvape.de\/#\/schema\/logo\/image\/"}}]}},"_links":{"self":[{"href":"https:\/\/www.elementvape.de\/nl\/wp-json\/wp\/v2\/product\/7611"}],"collection":[{"href":"https:\/\/www.elementvape.de\/nl\/wp-json\/wp\/v2\/product"}],"about":[{"href":"https:\/\/www.elementvape.de\/nl\/wp-json\/wp\/v2\/types\/product"}],"wp:featuredmedia":[{"embeddable":true,"href":"https:\/\/www.elementvape.de\/nl\/wp-json\/wp\/v2\/media\/7612"}],"wp:attachment":[{"href":"https:\/\/www.elementvape.de\/nl\/wp-json\/wp\/v2\/media?parent=7611"}],"wp:term":[{"taxonomy":"product_cat","embeddable":true,"href":"https:\/\/www.elementvape.de\/nl\/wp-json\/wp\/v2\/product_cat?post=7611"},{"taxonomy":"product_tag","embeddable":true,"href":"https:\/\/www.elementvape.de\/nl\/wp-json\/wp\/v2\/product_tag?post=7611"}],"curies":[{"name":"wp","href":"https:\/\/api.w.org\/{rel}","templated":true}]}}