{"id":14322,"date":"2024-09-13T09:29:34","date_gmt":"2024-09-13T09:29:34","guid":{"rendered":"https:\/\/www.elementvape.de\/?post_type=product&#038;p=14322"},"modified":"2024-10-31T03:07:55","modified_gmt":"2024-10-31T03:07:55","slug":"zwei-aussergewoehnliche-geschmaecker-in-einem-bang-king-color-30000-puffs-e-zigarette-mit-blueberry-raspberry-mixed-mouldy-fruit","status":"publish","type":"product","link":"https:\/\/www.elementvape.de\/nl\/produkt\/zwei-aussergewoehnliche-geschmaecker-in-einem-bang-king-color-30000-puffs-e-zigarette-mit-blueberry-raspberry-mixed-mouldy-fruit\/","title":{"rendered":"Twee uitzonderlijke smaken in een Bang KING Kleur 30000 Puffs e-sigaret met Blueberry Raspberry Gemengde Mouldy Fruit"},"content":{"rendered":"<p>De Bang KING Color 30000 Puffs Dual Flavor wegwerp-e-sigaret biedt een uitzonderlijke combinatie van geavanceerde technologie, uitstekende prestaties en unieke smaken. Met een indrukwekkende capaciteit van 30000 trekjes en twee fascinerende smaken \u2013 Blueberry Raspberry Mixed en Mouldy Fruit \u2013 tilt hij de dampbeleving naar een hoger niveau.<\/p>\n<h3>Twee onmiskenbare smaken<\/h3>\n<p>De ware ster van deze e-sigaret is de mogelijkheid om te kiezen tussen twee onvergelijkbare smaken:<\/p>\n<ul>\n<li>Blueberry Raspberry Mixed: Een fruitig duo van zoete blauwe bessen en sprankelende frambozen. De perfect gebalanceerde mix zorgt voor een frisse en intense smaak, ideaal voor liefhebbers van bessen en voor avontuurlijke dampers.<\/li>\n<li>Mouldy Fruit: Een verrassende en unieke smaak die moedig is en de verbeelding prikkelt. Deze smaak biedt een onderscheidende, licht 'kruidige' fruitnoot die de dampbeleving een geheel nieuwe dimensie geeft.<\/li>\n<\/ul>\n<h3>Hoogste prestaties en technologie<\/h3>\n<p>Met 30000 trekjes is de Bang KING Color een van de meest duurzame <strong><a href=\"https:\/\/www.elementvape.de\/nl\/c\/einweg-zigarette\/\" target=\"_blank\" rel=\"noopener\">Wegwerp-e-sigaretten<\/a><\/strong> op de markt. Perfect voor dampers die veel onderweg zijn en op zoek zijn naar een betrouwbare, langdurige oplossing.<\/p>\n<h4>Technische specificaties:<\/h4>\n<ul>\n<li>Mesh Coil: 1.0 Ohm voor intense smaak en dichte dampwolken<\/li>\n<li>E-Liquid capaciteit: 36 ml voor maandenlang genot<\/li>\n<li>N-Gehalt: 2% of 5% voor persoonlijke aanpassing<\/li>\n<li>Oplaadbare 550 mAh batterij met Type-C-aansluiting<\/li>\n<li>LED digitale display voor het monitoren van de batterijstatus en de smaakkeuze<\/li>\n<\/ul>\n<h3>Perfecte mix van prestaties en smaak<\/h3>\n<p>De combinatie van geavanceerde Mesh Coil-technologie en een royale E-Liquid capaciteit van 36 ml zorgt voor een consistente dampbeleving, die zowel qua smaak als dampproductie overtuigt. Het Dual-Flavor mechanisme maakt eenvoudig wisselen tussen de twee smaken mogelijk en biedt zo flexibiliteit en variatie.<\/p>\n<p>Met de Bang KING Color 30000 Puffs Dual Flavor ervaren dampers twee uitzonderlijke smaken in \u00e9\u00e9n apparaat \u2013 Blueberry Raspberry Mixed en Mouldy Fruit. Deze e-sigaret combineert uitstekende technische prestaties met een unieke smaakdiversiteit en biedt een onge\u00ebvenaarde dampbeleving.<\/p>","protected":false},"excerpt":{"rendered":"<p>Die Bang KING Color 30000 Puffs Dual Flavor Einweg-E-Zigarette bietet eine au\u00dfergew\u00f6hnliche Kombination aus fortschrittlicher Technologie, herausragender Leistung und einzigartigen Geschmacksrichtungen. Mit einer beeindruckenden Kapazit\u00e4t von 30000 Z\u00fcgen und zwei faszinierenden Geschmacksrichtungen \u2013 Blueberry Raspberry Mixed und Mouldy Fruit \u2013 hebt sie das Dampferlebnis auf ein neues Level. Zwei unverwechselbare Geschm\u00e4cker Der wahre Star dieser [&hellip;]<\/p>","protected":false},"featured_media":14323,"template":"","meta":{"inline_featured_image":false},"product_cat":[15,758,772,750,737,736,749,752,756,743,744,755,738,751],"product_tag":[710,757],"tiered_pricing_type":"fixed","tiered_pricing_fixed_rules":{"60":"8.54","110":"7.59","200":"6.64"},"tiered_pricing_percentage_rules":[],"tiered_pricing_minimum":1,"_administrator_tiered_pricing_type":"fixed","_administrator_tiered_pricing_fixed_rules":[],"_editor_tiered_pricing_type":"fixed","_editor_tiered_pricing_fixed_rules":[],"_author_tiered_pricing_type":"fixed","_author_tiered_pricing_fixed_rules":[],"_contributor_tiered_pricing_type":"fixed","_contributor_tiered_pricing_fixed_rules":[],"_subscriber_tiered_pricing_type":"fixed","_subscriber_tiered_pricing_fixed_rules":[],"_customer_tiered_pricing_type":"fixed","_customer_tiered_pricing_fixed_rules":[],"_shop_manager_tiered_pricing_type":"fixed","_shop_manager_tiered_pricing_fixed_rules":[],"_wpseo_manager_tiered_pricing_type":"fixed","_wpseo_manager_tiered_pricing_fixed_rules":[],"_wpseo_editor_tiered_pricing_type":"fixed","_wpseo_editor_tiered_pricing_fixed_rules":[],"_wholesale_customer_tiered_pricing_type":"fixed","_wholesale_customer_tiered_pricing_fixed_rules":[],"_marketer_tiered_pricing_type":"fixed","_marketer_tiered_pricing_fixed_rules":[],"_sales_manager_tiered_pricing_type":"fixed","_sales_manager_tiered_pricing_fixed_rules":[],"_sales_rep_tiered_pricing_type":"fixed","_sales_rep_tiered_pricing_fixed_rules":[],"yoast_head":"<!-- This site is optimized with the Yoast SEO plugin v23.3 - https:\/\/yoast.com\/wordpress\/plugins\/seo\/ -->\n<title>Zwei au\u00dfergew\u00f6hnliche Geschm\u00e4cker in einem Bang KING Color 30000 Puffs E-Zigarette mit Blueberry Raspberry Mixed Mouldy Fruit | ElementVape.de<\/title>\n<meta name=\"description\" content=\"Wir bieten Zwei au\u00dfergew\u00f6hnliche Geschm\u00e4cker in einem Bang KING Color 30000 Puffs E-Zigarette mit Blueberry Raspberry Mixed Mouldy Fruit , Elementvape.de akzeptieren Gro\u00df-und Einzelhandel Bestellungen.\" \/>\n<meta name=\"robots\" content=\"index, follow, max-snippet:-1, max-image-preview:large, max-video-preview:-1\" \/>\n<link rel=\"canonical\" href=\"https:\/\/www.elementvape.de\/nl\/produkt\/zwei-aussergewoehnliche-geschmaecker-in-einem-bang-king-color-30000-puffs-e-zigarette-mit-blueberry-raspberry-mixed-mouldy-fruit\/\" \/>\n<meta property=\"og:locale\" content=\"nl_NL\" \/>\n<meta property=\"og:type\" content=\"article\" \/>\n<meta property=\"og:title\" content=\"Zwei au\u00dfergew\u00f6hnliche Geschm\u00e4cker in einem Bang KING Color 30000 Puffs E-Zigarette mit Blueberry Raspberry Mixed Mouldy Fruit | ElementVape.de\" \/>\n<meta property=\"og:description\" content=\"Wir bieten Zwei au\u00dfergew\u00f6hnliche Geschm\u00e4cker in einem Bang KING Color 30000 Puffs E-Zigarette mit Blueberry Raspberry Mixed Mouldy Fruit , Elementvape.de akzeptieren Gro\u00df-und Einzelhandel Bestellungen.\" \/>\n<meta property=\"og:url\" content=\"https:\/\/www.elementvape.de\/nl\/produkt\/zwei-aussergewoehnliche-geschmaecker-in-einem-bang-king-color-30000-puffs-e-zigarette-mit-blueberry-raspberry-mixed-mouldy-fruit\/\" \/>\n<meta property=\"og:site_name\" content=\"ElementVape.de\" \/>\n<meta property=\"article:modified_time\" content=\"2024-10-31T03:07:55+00:00\" \/>\n<meta property=\"og:image\" content=\"https:\/\/www.elementvape.de\/wp-content\/uploads\/2024\/09\/BLUEBERRY-RASPBERRY-Und-MIXED-MOULDY-FRUIT-1024x618.png\" \/>\n\t<meta property=\"og:image:width\" content=\"1024\" \/>\n\t<meta property=\"og:image:height\" content=\"618\" \/>\n\t<meta property=\"og:image:type\" content=\"image\/png\" \/>\n<meta name=\"twitter:card\" content=\"summary_large_image\" \/>\n<meta name=\"twitter:label1\" content=\"Est. reading time\" \/>\n\t<meta name=\"twitter:data1\" content=\"2 minuten\" \/>\n<script type=\"application\/ld+json\" class=\"yoast-schema-graph\">{\"@context\":\"https:\/\/schema.org\",\"@graph\":[{\"@type\":\"WebPage\",\"@id\":\"https:\/\/www.elementvape.de\/produkt\/zwei-aussergewoehnliche-geschmaecker-in-einem-bang-king-color-30000-puffs-e-zigarette-mit-blueberry-raspberry-mixed-mouldy-fruit\/\",\"url\":\"https:\/\/www.elementvape.de\/produkt\/zwei-aussergewoehnliche-geschmaecker-in-einem-bang-king-color-30000-puffs-e-zigarette-mit-blueberry-raspberry-mixed-mouldy-fruit\/\",\"name\":\"Zwei au\u00dfergew\u00f6hnliche Geschm\u00e4cker in einem Bang KING Color 30000 Puffs E-Zigarette mit Blueberry Raspberry Mixed Mouldy Fruit | ElementVape.de\",\"isPartOf\":{\"@id\":\"https:\/\/www.elementvape.de\/#website\"},\"primaryImageOfPage\":{\"@id\":\"https:\/\/www.elementvape.de\/produkt\/zwei-aussergewoehnliche-geschmaecker-in-einem-bang-king-color-30000-puffs-e-zigarette-mit-blueberry-raspberry-mixed-mouldy-fruit\/#primaryimage\"},\"image\":{\"@id\":\"https:\/\/www.elementvape.de\/produkt\/zwei-aussergewoehnliche-geschmaecker-in-einem-bang-king-color-30000-puffs-e-zigarette-mit-blueberry-raspberry-mixed-mouldy-fruit\/#primaryimage\"},\"thumbnailUrl\":\"https:\/\/www.elementvape.de\/wp-content\/uploads\/2024\/09\/BLUEBERRY-RASPBERRY-Und-MIXED-MOULDY-FRUIT.png\",\"datePublished\":\"2024-09-13T09:29:34+00:00\",\"dateModified\":\"2024-10-31T03:07:55+00:00\",\"description\":\"Wir bieten Zwei au\u00dfergew\u00f6hnliche Geschm\u00e4cker in einem Bang KING Color 30000 Puffs E-Zigarette mit Blueberry Raspberry Mixed Mouldy Fruit , Elementvape.de akzeptieren Gro\u00df-und Einzelhandel Bestellungen.\",\"breadcrumb\":{\"@id\":\"https:\/\/www.elementvape.de\/produkt\/zwei-aussergewoehnliche-geschmaecker-in-einem-bang-king-color-30000-puffs-e-zigarette-mit-blueberry-raspberry-mixed-mouldy-fruit\/#breadcrumb\"},\"inLanguage\":\"nl-NL\",\"potentialAction\":[{\"@type\":\"ReadAction\",\"target\":[\"https:\/\/www.elementvape.de\/produkt\/zwei-aussergewoehnliche-geschmaecker-in-einem-bang-king-color-30000-puffs-e-zigarette-mit-blueberry-raspberry-mixed-mouldy-fruit\/\"]}]},{\"@type\":\"ImageObject\",\"inLanguage\":\"nl-NL\",\"@id\":\"https:\/\/www.elementvape.de\/produkt\/zwei-aussergewoehnliche-geschmaecker-in-einem-bang-king-color-30000-puffs-e-zigarette-mit-blueberry-raspberry-mixed-mouldy-fruit\/#primaryimage\",\"url\":\"https:\/\/www.elementvape.de\/wp-content\/uploads\/2024\/09\/BLUEBERRY-RASPBERRY-Und-MIXED-MOULDY-FRUIT.png\",\"contentUrl\":\"https:\/\/www.elementvape.de\/wp-content\/uploads\/2024\/09\/BLUEBERRY-RASPBERRY-Und-MIXED-MOULDY-FRUIT.png\",\"width\":4000,\"height\":2413,\"caption\":\"BLUEBERRY RASPBERRY Und MIXED MOULDY FRUIT\"},{\"@type\":\"BreadcrumbList\",\"@id\":\"https:\/\/www.elementvape.de\/produkt\/zwei-aussergewoehnliche-geschmaecker-in-einem-bang-king-color-30000-puffs-e-zigarette-mit-blueberry-raspberry-mixed-mouldy-fruit\/#breadcrumb\",\"itemListElement\":[{\"@type\":\"ListItem\",\"position\":1,\"name\":\"Home\",\"item\":\"https:\/\/www.elementvape.de\/\"},{\"@type\":\"ListItem\",\"position\":2,\"name\":\"Shop\",\"item\":\"https:\/\/www.elementvape.de\/shop\/\"},{\"@type\":\"ListItem\",\"position\":3,\"name\":\"Zwei au\u00dfergew\u00f6hnliche Geschm\u00e4cker in einem Bang KING Color 30000 Puffs E-Zigarette mit Blueberry Raspberry Mixed Mouldy Fruit\"}]},{\"@type\":\"WebSite\",\"@id\":\"https:\/\/www.elementvape.de\/#website\",\"url\":\"https:\/\/www.elementvape.de\/\",\"name\":\"ElementVape.de\",\"description\":\"\",\"publisher\":{\"@id\":\"https:\/\/www.elementvape.de\/#organization\"},\"potentialAction\":[{\"@type\":\"SearchAction\",\"target\":{\"@type\":\"EntryPoint\",\"urlTemplate\":\"https:\/\/www.elementvape.de\/?s={search_term_string}\"},\"query-input\":\"required name=search_term_string\"}],\"inLanguage\":\"nl-NL\"},{\"@type\":\"Organization\",\"@id\":\"https:\/\/www.elementvape.de\/#organization\",\"name\":\"ElementVape.DE\",\"url\":\"https:\/\/www.elementvape.de\/\",\"logo\":{\"@type\":\"ImageObject\",\"inLanguage\":\"nl-NL\",\"@id\":\"https:\/\/www.elementvape.de\/#\/schema\/logo\/image\/\",\"url\":\"https:\/\/www.elementvape.de\/wp-content\/uploads\/2024\/09\/cropped-1elementvape-3.png\",\"contentUrl\":\"https:\/\/www.elementvape.de\/wp-content\/uploads\/2024\/09\/cropped-1elementvape-3.png\",\"width\":285,\"height\":228,\"caption\":\"ElementVape.DE\"},\"image\":{\"@id\":\"https:\/\/www.elementvape.de\/#\/schema\/logo\/image\/\"}}]}<\/script>\n<!-- \/ Yoast SEO plugin. -->","yoast_head_json":{"title":"Zwei au\u00dfergew\u00f6hnliche Geschm\u00e4cker in einem Bang KING Color 30000 Puffs E-Zigarette mit Blueberry Raspberry Mixed Mouldy Fruit | ElementVape.de","description":"Wir bieten Zwei au\u00dfergew\u00f6hnliche Geschm\u00e4cker in einem Bang KING Color 30000 Puffs E-Zigarette mit Blueberry Raspberry Mixed Mouldy Fruit , Elementvape.de akzeptieren Gro\u00df-und Einzelhandel Bestellungen.","robots":{"index":"index","follow":"follow","max-snippet":"max-snippet:-1","max-image-preview":"max-image-preview:large","max-video-preview":"max-video-preview:-1"},"canonical":"https:\/\/www.elementvape.de\/nl\/produkt\/zwei-aussergewoehnliche-geschmaecker-in-einem-bang-king-color-30000-puffs-e-zigarette-mit-blueberry-raspberry-mixed-mouldy-fruit\/","og_locale":"nl_NL","og_type":"article","og_title":"Zwei au\u00dfergew\u00f6hnliche Geschm\u00e4cker in einem Bang KING Color 30000 Puffs E-Zigarette mit Blueberry Raspberry Mixed Mouldy Fruit | ElementVape.de","og_description":"Wir bieten Zwei au\u00dfergew\u00f6hnliche Geschm\u00e4cker in einem Bang KING Color 30000 Puffs E-Zigarette mit Blueberry Raspberry Mixed Mouldy Fruit , Elementvape.de akzeptieren Gro\u00df-und Einzelhandel Bestellungen.","og_url":"https:\/\/www.elementvape.de\/nl\/produkt\/zwei-aussergewoehnliche-geschmaecker-in-einem-bang-king-color-30000-puffs-e-zigarette-mit-blueberry-raspberry-mixed-mouldy-fruit\/","og_site_name":"ElementVape.de","article_modified_time":"2024-10-31T03:07:55+00:00","og_image":[{"width":1024,"height":618,"url":"https:\/\/www.elementvape.de\/wp-content\/uploads\/2024\/09\/BLUEBERRY-RASPBERRY-Und-MIXED-MOULDY-FRUIT-1024x618.png","type":"image\/png"}],"twitter_card":"summary_large_image","twitter_misc":{"Est. reading time":"2 minuten"},"schema":{"@context":"https:\/\/schema.org","@graph":[{"@type":"WebPage","@id":"https:\/\/www.elementvape.de\/produkt\/zwei-aussergewoehnliche-geschmaecker-in-einem-bang-king-color-30000-puffs-e-zigarette-mit-blueberry-raspberry-mixed-mouldy-fruit\/","url":"https:\/\/www.elementvape.de\/produkt\/zwei-aussergewoehnliche-geschmaecker-in-einem-bang-king-color-30000-puffs-e-zigarette-mit-blueberry-raspberry-mixed-mouldy-fruit\/","name":"Zwei au\u00dfergew\u00f6hnliche Geschm\u00e4cker in einem Bang KING Color 30000 Puffs E-Zigarette mit Blueberry Raspberry Mixed Mouldy Fruit | ElementVape.de","isPartOf":{"@id":"https:\/\/www.elementvape.de\/#website"},"primaryImageOfPage":{"@id":"https:\/\/www.elementvape.de\/produkt\/zwei-aussergewoehnliche-geschmaecker-in-einem-bang-king-color-30000-puffs-e-zigarette-mit-blueberry-raspberry-mixed-mouldy-fruit\/#primaryimage"},"image":{"@id":"https:\/\/www.elementvape.de\/produkt\/zwei-aussergewoehnliche-geschmaecker-in-einem-bang-king-color-30000-puffs-e-zigarette-mit-blueberry-raspberry-mixed-mouldy-fruit\/#primaryimage"},"thumbnailUrl":"https:\/\/www.elementvape.de\/wp-content\/uploads\/2024\/09\/BLUEBERRY-RASPBERRY-Und-MIXED-MOULDY-FRUIT.png","datePublished":"2024-09-13T09:29:34+00:00","dateModified":"2024-10-31T03:07:55+00:00","description":"Wir bieten Zwei au\u00dfergew\u00f6hnliche Geschm\u00e4cker in einem Bang KING Color 30000 Puffs E-Zigarette mit Blueberry Raspberry Mixed Mouldy Fruit , Elementvape.de akzeptieren Gro\u00df-und Einzelhandel Bestellungen.","breadcrumb":{"@id":"https:\/\/www.elementvape.de\/produkt\/zwei-aussergewoehnliche-geschmaecker-in-einem-bang-king-color-30000-puffs-e-zigarette-mit-blueberry-raspberry-mixed-mouldy-fruit\/#breadcrumb"},"inLanguage":"nl-NL","potentialAction":[{"@type":"ReadAction","target":["https:\/\/www.elementvape.de\/produkt\/zwei-aussergewoehnliche-geschmaecker-in-einem-bang-king-color-30000-puffs-e-zigarette-mit-blueberry-raspberry-mixed-mouldy-fruit\/"]}]},{"@type":"ImageObject","inLanguage":"nl-NL","@id":"https:\/\/www.elementvape.de\/produkt\/zwei-aussergewoehnliche-geschmaecker-in-einem-bang-king-color-30000-puffs-e-zigarette-mit-blueberry-raspberry-mixed-mouldy-fruit\/#primaryimage","url":"https:\/\/www.elementvape.de\/wp-content\/uploads\/2024\/09\/BLUEBERRY-RASPBERRY-Und-MIXED-MOULDY-FRUIT.png","contentUrl":"https:\/\/www.elementvape.de\/wp-content\/uploads\/2024\/09\/BLUEBERRY-RASPBERRY-Und-MIXED-MOULDY-FRUIT.png","width":4000,"height":2413,"caption":"BLUEBERRY RASPBERRY Und MIXED MOULDY FRUIT"},{"@type":"BreadcrumbList","@id":"https:\/\/www.elementvape.de\/produkt\/zwei-aussergewoehnliche-geschmaecker-in-einem-bang-king-color-30000-puffs-e-zigarette-mit-blueberry-raspberry-mixed-mouldy-fruit\/#breadcrumb","itemListElement":[{"@type":"ListItem","position":1,"name":"Home","item":"https:\/\/www.elementvape.de\/"},{"@type":"ListItem","position":2,"name":"Shop","item":"https:\/\/www.elementvape.de\/shop\/"},{"@type":"ListItem","position":3,"name":"Zwei au\u00dfergew\u00f6hnliche Geschm\u00e4cker in einem Bang KING Color 30000 Puffs E-Zigarette mit Blueberry Raspberry Mixed Mouldy Fruit"}]},{"@type":"WebSite","@id":"https:\/\/www.elementvape.de\/#website","url":"https:\/\/www.elementvape.de\/","name":"ElementVape.de","description":"","publisher":{"@id":"https:\/\/www.elementvape.de\/#organization"},"potentialAction":[{"@type":"SearchAction","target":{"@type":"EntryPoint","urlTemplate":"https:\/\/www.elementvape.de\/?s={search_term_string}"},"query-input":"required name=search_term_string"}],"inLanguage":"nl-NL"},{"@type":"Organization","@id":"https:\/\/www.elementvape.de\/#organization","name":"ElementVape.DE","url":"https:\/\/www.elementvape.de\/","logo":{"@type":"ImageObject","inLanguage":"nl-NL","@id":"https:\/\/www.elementvape.de\/#\/schema\/logo\/image\/","url":"https:\/\/www.elementvape.de\/wp-content\/uploads\/2024\/09\/cropped-1elementvape-3.png","contentUrl":"https:\/\/www.elementvape.de\/wp-content\/uploads\/2024\/09\/cropped-1elementvape-3.png","width":285,"height":228,"caption":"ElementVape.DE"},"image":{"@id":"https:\/\/www.elementvape.de\/#\/schema\/logo\/image\/"}}]}},"_links":{"self":[{"href":"https:\/\/www.elementvape.de\/nl\/wp-json\/wp\/v2\/product\/14322"}],"collection":[{"href":"https:\/\/www.elementvape.de\/nl\/wp-json\/wp\/v2\/product"}],"about":[{"href":"https:\/\/www.elementvape.de\/nl\/wp-json\/wp\/v2\/types\/product"}],"wp:featuredmedia":[{"embeddable":true,"href":"https:\/\/www.elementvape.de\/nl\/wp-json\/wp\/v2\/media\/14323"}],"wp:attachment":[{"href":"https:\/\/www.elementvape.de\/nl\/wp-json\/wp\/v2\/media?parent=14322"}],"wp:term":[{"taxonomy":"product_cat","embeddable":true,"href":"https:\/\/www.elementvape.de\/nl\/wp-json\/wp\/v2\/product_cat?post=14322"},{"taxonomy":"product_tag","embeddable":true,"href":"https:\/\/www.elementvape.de\/nl\/wp-json\/wp\/v2\/product_tag?post=14322"}],"curies":[{"name":"wp","href":"https:\/\/api.w.org\/{rel}","templated":true}]}}