{"id":14087,"date":"2024-08-31T07:43:59","date_gmt":"2024-08-31T07:43:59","guid":{"rendered":"https:\/\/www.elementvape.de\/?post_type=product&#038;p=14087"},"modified":"2024-10-15T03:14:27","modified_gmt":"2024-10-15T03:14:27","slug":"zollfreie-frische-waspe-8000-puffs-strawberry-mango-e-zigarette-jetzt-zum-besten-grosshandelspreis-fuer-ultimativen-erdbeer-mango-genuss","status":"publish","type":"product","link":"https:\/\/www.elementvape.de\/nl\/produkt\/zollfreie-frische-waspe-8000-puffs-strawberry-mango-e-zigarette-jetzt-zum-besten-grosshandelspreis-fuer-ultimativen-erdbeer-mango-genuss\/","title":{"rendered":"Douanevrije Versheid WASPE 8000 PUFFS Aardbei Mango E-sigaret nu voor de beste groothandelsprijs voor ultiem Aardbei Mango Genot"},"content":{"rendered":"<div class=\"flex-shrink-0 flex flex-col relative items-end\">\n<div>\n<div class=\"pt-0\">\n<div class=\"gizmo-bot-avatar flex h-8 w-8 items-center justify-center overflow-hidden rounded-full\">\n<h2 class=\"relative p-1 rounded-sm flex items-center justify-center bg-token-main-surface-primary text-token-text-primary h-8 w-8\">Belastingvrije frisheid met de WASPE 8000 PUFFS Strawberry Mango E-sigaret \u2013 Nu voor de beste groothandelsprijs voor ultiem aardbei-mango genot<\/h2>\n<div><\/div>\n<\/div>\n<\/div>\n<\/div>\n<\/div>\n<div class=\"group\/conversation-turn relative flex w-full min-w-0 flex-col agent-turn\">\n<div class=\"flex-col gap-1 md:gap-3\">\n<div class=\"flex max-w-full flex-col flex-grow\">\n<div class=\"min-h-[20px] text-message flex w-full flex-col items-end gap-2 break-words [.text-message+&amp;]:mt-5 overflow-x-auto whitespace-normal\" dir=\"auto\" data-message-author-role=\"assistant\" data-message-id=\"eec96cae-7338-4ed3-88b3-3cc42fe3f307\">\n<div class=\"flex w-full flex-col gap-1 empty:hidden first:pt-[3px]\">\n<div class=\"markdown prose w-full break-words dark:prose-invert light\">\n<p>De WASPE 8000 PUFFS Strawberry Mango E-sigaret combineert het sappige aroma van verse aardbeien met de exotische zoetheid van rijpe mango's tot een onweerstaanbare smaakbeleving. Deze combinatie van frisheid en fruitigheid maakt de e-sigaret tot een perfecte keuze voor iedereen die van buitengewone aroma's houdt. Groothandelaren kunnen profiteren van belastingvrije voordelen en aantrekkelijke groothandelsprijzen, terwijl ze hun klanten een hoogwaardig en qua smaak uniek product bieden.<\/p>\n<h3>Strawberry Mango \u2013 Een fruitige fusie van de buitencategorie<\/h3>\n<p>De hoofdattractie van de WASPE 8000 PUFFS Strawberry Mango E-sigaret is de perfect uitgebalanceerde mix van zoete aardbeien en tropische mango. Deze smaakcombinatie zorgt voor een intense en tegelijkertijd verfrissende dampervaring, die zowel fruitig als exotisch is. Elke trek biedt de natuurlijke zoetheid van de aardbei, die harmonieus met de sappige en licht zurige noot van de mango versmelt.<\/p>\n<p>Het aroma van Strawberry Mango spreekt vooral dampers aan die een voorkeur hebben voor fruitige smaken, maar ook een exotische noot waarderen. Deze unieke mix maakt het dampen tot een waar genot en biedt een afwisselend alternatief voor traditionele e-sigaret-aroma's.<\/p>\n<h3>8000 trekken voor langdurig genot<\/h3>\n<p>De WASPE 8000 PUFFS Strawberry Mango <strong><a href=\"https:\/\/www.elementvape.de\/nl\/\" target=\"_blank\" rel=\"noopener\">E-sigaret<\/a><\/strong> biedt met zijn 8000 puffs een uitzonderlijk lange gebruiksduur, die voor een continue en intense dampervaring zorgt. Met een royale 16-ml-e-liquid-tank is zeker gesteld dat de heerlijke aardbei-mango-smaak over een lange periode constant blijft. Dit betekent dat de e-sigaret ideaal is voor regelmatig gebruik, zonder dat een frequent navullen vereist is.<\/p>\n<p>Voor groothandelaren is deze hoge puff-capaciteit bijzonder voordelig, omdat ze hun klanten een duurzaam en betrouwbaar product kunnen aanbieden. De WASPE Strawberry Mango E-sigaret overtuigt door zijn uithoudingsvermogen en de gelijkblijvende kwaliteit van de dampervaring.<\/p>\n<h3>Geavanceerde technologie voor een perfect dampervaring<\/h3>\n<p>De WASPE 8000 PUFFS Strawberry Mango E-sigaret is met de innovatieve 0,8\u03a9 Mesh Coil technologie uitgerust, die voor een gelijkmatige verwarming van de e-liquid zorgt. Deze technologie garandeert een optimale smaakontplooiing, waarbij het fruitige aardbei-mango-aroma bij elke trek volledig tot zijn recht komt. De Mesh Coil zorgt bovendien voor een dichte damp productie, die de dampervaring intensiveert.<\/p>\n<p>Een Type-C-laadaansluiting maakt een snel en effici\u00ebnt opladen van de 650mAh-accu mogelijk, zodat de e-sigaret altijd klaar voor gebruik is. Deze gebruiksvriendelijke bediening, gepaard met de geavanceerde technologie, maakt de WASPE 8000 PUFFS Strawberry Mango tot een ideale keuze zowel voor ervaren <strong><a href=\"https:\/\/www.elementvape.de\/nl\/\">Dampers<\/a><\/strong> als ook voor nieuwkomers.<\/p>\n<h3>Aantrekkelijke groothandelprijzen en douanevrije levering<\/h3>\n<p>Voor groothandelaren biedt de WASPE 8000 PUFFS Strawberry Mango E-sigaret niet alleen een buitengewoon product, maar ook economische voordelen. Door de belastingvrije levering kunnen handelaren hun inkoopkosten verlagen en hun klanten een eersteklas product tegen concurrerende prijzen aanbieden. Deze besparingen maken het mogelijk om de winstmarges te maximaliseren en tegelijkertijd een product van de hoogste kwaliteit te vermarkten.<\/p>\n<p>De aantrekkelijke groothandelsprijzen maken het voor handelaren eenvoudig om hun voorraden aan te vullen en een product aan te bieden dat zowel qua smaak als in de economische zin overtuigt. Deze combinatie van kwaliteit en prijsvoordelen maakt de WASPE 8000 PUFFS Strawberry Mango E-sigaret tot een uitstekende investering.<\/p>\n<h3>Fruitige frisheid met exotisch flair<\/h3>\n<p>De WASPE 8000 PUFFS Strawberry Mango <strong><a href=\"https:\/\/www.elementvape.de\/nl\/c\/einweg-zigarette\/\" target=\"_blank\" rel=\"noopener\">wegwerp E-sigaret<\/a><\/strong> biedt een unieke dampervaring, die door de harmonische combinatie van zoete aardbeien en exotische mango bekoort. Met zijn hoge puff-capaciteit, de geavanceerde Mesh Coil technologie en de gebruiksvriendelijke bediening biedt hij alles wat dampers van een eersteklas e-sigaret verwachten.<\/p>\n<p>Voor groothandelaren stelt dit product niet alleen een smaaklijke verrijking voor, maar biedt ook aanzienlijke economische voordelen door belastingvrije levering en aantrekkelijke groothandelsprijzen. Verzeker u nu van de WASPE 8000 PUFFS Strawberry Mango E-sigaret en beleef de perfecte fusie van aardbeien en mango \u2013 een smaak die uw klanten zal verrassen.<\/p>\n<\/div>\n<\/div>\n<\/div>\n<\/div>\n<\/div>\n<\/div>","protected":false},"excerpt":{"rendered":"<p>Zollfreie Frische mit der WASPE 8000 PUFFS Strawberry Mango E-Zigarette \u2013 Jetzt zum besten Gro\u00dfhandelspreis f\u00fcr ultimativen Erdbeer-Mango-Genuss Die WASPE 8000 PUFFS Strawberry Mango E-Zigarette vereint das saftige Aroma frischer Erdbeeren mit der exotischen S\u00fc\u00dfe von reifen Mangos zu einem unwiderstehlichen Geschmackserlebnis. Diese Kombination aus Frische und Fruchtigkeit macht die E-Zigarette zu einer perfekten Wahl [&hellip;]<\/p>","protected":false},"featured_media":14088,"template":"","meta":{"inline_featured_image":false},"product_cat":[15,78,735,746,741,733,750,737,736,749,752,756,744,755,738,751,727],"product_tag":[710,683],"tiered_pricing_type":"fixed","tiered_pricing_fixed_rules":[],"tiered_pricing_percentage_rules":[],"tiered_pricing_minimum":1,"_administrator_tiered_pricing_type":"fixed","_administrator_tiered_pricing_fixed_rules":[],"_editor_tiered_pricing_type":"fixed","_editor_tiered_pricing_fixed_rules":[],"_author_tiered_pricing_type":"fixed","_author_tiered_pricing_fixed_rules":[],"_contributor_tiered_pricing_type":"fixed","_contributor_tiered_pricing_fixed_rules":[],"_subscriber_tiered_pricing_type":"fixed","_subscriber_tiered_pricing_fixed_rules":[],"_customer_tiered_pricing_type":"fixed","_customer_tiered_pricing_fixed_rules":[],"_shop_manager_tiered_pricing_type":"fixed","_shop_manager_tiered_pricing_fixed_rules":[],"_wpseo_manager_tiered_pricing_type":"fixed","_wpseo_manager_tiered_pricing_fixed_rules":[],"_wpseo_editor_tiered_pricing_type":"fixed","_wpseo_editor_tiered_pricing_fixed_rules":[],"_wholesale_customer_tiered_pricing_type":"fixed","_wholesale_customer_tiered_pricing_fixed_rules":[],"_marketer_tiered_pricing_type":"fixed","_marketer_tiered_pricing_fixed_rules":[],"_sales_manager_tiered_pricing_type":"fixed","_sales_manager_tiered_pricing_fixed_rules":[],"_sales_rep_tiered_pricing_type":"fixed","_sales_rep_tiered_pricing_fixed_rules":[],"yoast_head":"<!-- This site is optimized with the Yoast SEO plugin v23.3 - https:\/\/yoast.com\/wordpress\/plugins\/seo\/ -->\n<title>Zollfreie Frische WASPE 8000 PUFFS Strawberry Mango E-Zigarette jetzt zum besten Gro\u00dfhandelspreis f\u00fcr ultimativen Erdbeer Mango Genuss | ElementVape.de<\/title>\n<meta name=\"description\" content=\"Wir bieten Zollfreie Frische WASPE 8000 PUFFS Strawberry Mango E-Zigarette jetzt zum besten Gro\u00dfhandelspreis f\u00fcr ultimativen Erdbeer Mango Genuss , Elementvape.de akzeptieren Gro\u00df-und Einzelhandel Bestellungen.\" \/>\n<meta name=\"robots\" content=\"index, follow, max-snippet:-1, max-image-preview:large, max-video-preview:-1\" \/>\n<link rel=\"canonical\" href=\"https:\/\/www.elementvape.de\/nl\/produkt\/zollfreie-frische-waspe-8000-puffs-strawberry-mango-e-zigarette-jetzt-zum-besten-grosshandelspreis-fuer-ultimativen-erdbeer-mango-genuss\/\" \/>\n<meta property=\"og:locale\" content=\"nl_NL\" \/>\n<meta property=\"og:type\" content=\"article\" \/>\n<meta property=\"og:title\" content=\"Zollfreie Frische WASPE 8000 PUFFS Strawberry Mango E-Zigarette jetzt zum besten Gro\u00dfhandelspreis f\u00fcr ultimativen Erdbeer Mango Genuss | ElementVape.de\" \/>\n<meta property=\"og:description\" content=\"Wir bieten Zollfreie Frische WASPE 8000 PUFFS Strawberry Mango E-Zigarette jetzt zum besten Gro\u00dfhandelspreis f\u00fcr ultimativen Erdbeer Mango Genuss , Elementvape.de akzeptieren Gro\u00df-und Einzelhandel Bestellungen.\" \/>\n<meta property=\"og:url\" content=\"https:\/\/www.elementvape.de\/nl\/produkt\/zollfreie-frische-waspe-8000-puffs-strawberry-mango-e-zigarette-jetzt-zum-besten-grosshandelspreis-fuer-ultimativen-erdbeer-mango-genuss\/\" \/>\n<meta property=\"og:site_name\" content=\"ElementVape.de\" \/>\n<meta property=\"article:modified_time\" content=\"2024-10-15T03:14:27+00:00\" \/>\n<meta property=\"og:image\" content=\"https:\/\/www.elementvape.de\/wp-content\/uploads\/2024\/08\/STRAWBERRY-MANGO-2.jpg\" \/>\n\t<meta property=\"og:image:width\" content=\"800\" \/>\n\t<meta property=\"og:image:height\" content=\"800\" \/>\n\t<meta property=\"og:image:type\" content=\"image\/jpeg\" \/>\n<meta name=\"twitter:card\" content=\"summary_large_image\" \/>\n<meta name=\"twitter:label1\" content=\"Est. reading time\" \/>\n\t<meta name=\"twitter:data1\" content=\"4 minuten\" \/>\n<script type=\"application\/ld+json\" class=\"yoast-schema-graph\">{\"@context\":\"https:\/\/schema.org\",\"@graph\":[{\"@type\":\"WebPage\",\"@id\":\"https:\/\/www.elementvape.de\/produkt\/zollfreie-frische-waspe-8000-puffs-strawberry-mango-e-zigarette-jetzt-zum-besten-grosshandelspreis-fuer-ultimativen-erdbeer-mango-genuss\/\",\"url\":\"https:\/\/www.elementvape.de\/produkt\/zollfreie-frische-waspe-8000-puffs-strawberry-mango-e-zigarette-jetzt-zum-besten-grosshandelspreis-fuer-ultimativen-erdbeer-mango-genuss\/\",\"name\":\"Zollfreie Frische WASPE 8000 PUFFS Strawberry Mango E-Zigarette jetzt zum besten Gro\u00dfhandelspreis f\u00fcr ultimativen Erdbeer Mango Genuss | ElementVape.de\",\"isPartOf\":{\"@id\":\"https:\/\/www.elementvape.de\/#website\"},\"primaryImageOfPage\":{\"@id\":\"https:\/\/www.elementvape.de\/produkt\/zollfreie-frische-waspe-8000-puffs-strawberry-mango-e-zigarette-jetzt-zum-besten-grosshandelspreis-fuer-ultimativen-erdbeer-mango-genuss\/#primaryimage\"},\"image\":{\"@id\":\"https:\/\/www.elementvape.de\/produkt\/zollfreie-frische-waspe-8000-puffs-strawberry-mango-e-zigarette-jetzt-zum-besten-grosshandelspreis-fuer-ultimativen-erdbeer-mango-genuss\/#primaryimage\"},\"thumbnailUrl\":\"https:\/\/www.elementvape.de\/wp-content\/uploads\/2024\/08\/STRAWBERRY-MANGO-2.jpg\",\"datePublished\":\"2024-08-31T07:43:59+00:00\",\"dateModified\":\"2024-10-15T03:14:27+00:00\",\"description\":\"Wir bieten Zollfreie Frische WASPE 8000 PUFFS Strawberry Mango E-Zigarette jetzt zum besten Gro\u00dfhandelspreis f\u00fcr ultimativen Erdbeer Mango Genuss , Elementvape.de akzeptieren Gro\u00df-und Einzelhandel Bestellungen.\",\"breadcrumb\":{\"@id\":\"https:\/\/www.elementvape.de\/produkt\/zollfreie-frische-waspe-8000-puffs-strawberry-mango-e-zigarette-jetzt-zum-besten-grosshandelspreis-fuer-ultimativen-erdbeer-mango-genuss\/#breadcrumb\"},\"inLanguage\":\"nl-NL\",\"potentialAction\":[{\"@type\":\"ReadAction\",\"target\":[\"https:\/\/www.elementvape.de\/produkt\/zollfreie-frische-waspe-8000-puffs-strawberry-mango-e-zigarette-jetzt-zum-besten-grosshandelspreis-fuer-ultimativen-erdbeer-mango-genuss\/\"]}]},{\"@type\":\"ImageObject\",\"inLanguage\":\"nl-NL\",\"@id\":\"https:\/\/www.elementvape.de\/produkt\/zollfreie-frische-waspe-8000-puffs-strawberry-mango-e-zigarette-jetzt-zum-besten-grosshandelspreis-fuer-ultimativen-erdbeer-mango-genuss\/#primaryimage\",\"url\":\"https:\/\/www.elementvape.de\/wp-content\/uploads\/2024\/08\/STRAWBERRY-MANGO-2.jpg\",\"contentUrl\":\"https:\/\/www.elementvape.de\/wp-content\/uploads\/2024\/08\/STRAWBERRY-MANGO-2.jpg\",\"width\":800,\"height\":800,\"caption\":\"STRAWBERRY MANGO\"},{\"@type\":\"BreadcrumbList\",\"@id\":\"https:\/\/www.elementvape.de\/produkt\/zollfreie-frische-waspe-8000-puffs-strawberry-mango-e-zigarette-jetzt-zum-besten-grosshandelspreis-fuer-ultimativen-erdbeer-mango-genuss\/#breadcrumb\",\"itemListElement\":[{\"@type\":\"ListItem\",\"position\":1,\"name\":\"Home\",\"item\":\"https:\/\/www.elementvape.de\/\"},{\"@type\":\"ListItem\",\"position\":2,\"name\":\"Shop\",\"item\":\"https:\/\/www.elementvape.de\/shop\/\"},{\"@type\":\"ListItem\",\"position\":3,\"name\":\"Zollfreie Frische WASPE 8000 PUFFS Strawberry Mango E-Zigarette jetzt zum besten Gro\u00dfhandelspreis f\u00fcr ultimativen Erdbeer Mango Genuss\"}]},{\"@type\":\"WebSite\",\"@id\":\"https:\/\/www.elementvape.de\/#website\",\"url\":\"https:\/\/www.elementvape.de\/\",\"name\":\"ElementVape.de\",\"description\":\"\",\"publisher\":{\"@id\":\"https:\/\/www.elementvape.de\/#organization\"},\"potentialAction\":[{\"@type\":\"SearchAction\",\"target\":{\"@type\":\"EntryPoint\",\"urlTemplate\":\"https:\/\/www.elementvape.de\/?s={search_term_string}\"},\"query-input\":\"required name=search_term_string\"}],\"inLanguage\":\"nl-NL\"},{\"@type\":\"Organization\",\"@id\":\"https:\/\/www.elementvape.de\/#organization\",\"name\":\"ElementVape.DE\",\"url\":\"https:\/\/www.elementvape.de\/\",\"logo\":{\"@type\":\"ImageObject\",\"inLanguage\":\"nl-NL\",\"@id\":\"https:\/\/www.elementvape.de\/#\/schema\/logo\/image\/\",\"url\":\"https:\/\/www.elementvape.de\/wp-content\/uploads\/2024\/09\/cropped-1elementvape-3.png\",\"contentUrl\":\"https:\/\/www.elementvape.de\/wp-content\/uploads\/2024\/09\/cropped-1elementvape-3.png\",\"width\":285,\"height\":228,\"caption\":\"ElementVape.DE\"},\"image\":{\"@id\":\"https:\/\/www.elementvape.de\/#\/schema\/logo\/image\/\"}}]}<\/script>\n<!-- \/ Yoast SEO plugin. -->","yoast_head_json":{"title":"Zollfreie Frische WASPE 8000 PUFFS Strawberry Mango E-Zigarette jetzt zum besten Gro\u00dfhandelspreis f\u00fcr ultimativen Erdbeer Mango Genuss | ElementVape.de","description":"Wir bieten Zollfreie Frische WASPE 8000 PUFFS Strawberry Mango E-Zigarette jetzt zum besten Gro\u00dfhandelspreis f\u00fcr ultimativen Erdbeer Mango Genuss , Elementvape.de akzeptieren Gro\u00df-und Einzelhandel Bestellungen.","robots":{"index":"index","follow":"follow","max-snippet":"max-snippet:-1","max-image-preview":"max-image-preview:large","max-video-preview":"max-video-preview:-1"},"canonical":"https:\/\/www.elementvape.de\/nl\/produkt\/zollfreie-frische-waspe-8000-puffs-strawberry-mango-e-zigarette-jetzt-zum-besten-grosshandelspreis-fuer-ultimativen-erdbeer-mango-genuss\/","og_locale":"nl_NL","og_type":"article","og_title":"Zollfreie Frische WASPE 8000 PUFFS Strawberry Mango E-Zigarette jetzt zum besten Gro\u00dfhandelspreis f\u00fcr ultimativen Erdbeer Mango Genuss | ElementVape.de","og_description":"Wir bieten Zollfreie Frische WASPE 8000 PUFFS Strawberry Mango E-Zigarette jetzt zum besten Gro\u00dfhandelspreis f\u00fcr ultimativen Erdbeer Mango Genuss , Elementvape.de akzeptieren Gro\u00df-und Einzelhandel Bestellungen.","og_url":"https:\/\/www.elementvape.de\/nl\/produkt\/zollfreie-frische-waspe-8000-puffs-strawberry-mango-e-zigarette-jetzt-zum-besten-grosshandelspreis-fuer-ultimativen-erdbeer-mango-genuss\/","og_site_name":"ElementVape.de","article_modified_time":"2024-10-15T03:14:27+00:00","og_image":[{"width":800,"height":800,"url":"https:\/\/www.elementvape.de\/wp-content\/uploads\/2024\/08\/STRAWBERRY-MANGO-2.jpg","type":"image\/jpeg"}],"twitter_card":"summary_large_image","twitter_misc":{"Est. reading time":"4 minuten"},"schema":{"@context":"https:\/\/schema.org","@graph":[{"@type":"WebPage","@id":"https:\/\/www.elementvape.de\/produkt\/zollfreie-frische-waspe-8000-puffs-strawberry-mango-e-zigarette-jetzt-zum-besten-grosshandelspreis-fuer-ultimativen-erdbeer-mango-genuss\/","url":"https:\/\/www.elementvape.de\/produkt\/zollfreie-frische-waspe-8000-puffs-strawberry-mango-e-zigarette-jetzt-zum-besten-grosshandelspreis-fuer-ultimativen-erdbeer-mango-genuss\/","name":"Zollfreie Frische WASPE 8000 PUFFS Strawberry Mango E-Zigarette jetzt zum besten Gro\u00dfhandelspreis f\u00fcr ultimativen Erdbeer Mango Genuss | ElementVape.de","isPartOf":{"@id":"https:\/\/www.elementvape.de\/#website"},"primaryImageOfPage":{"@id":"https:\/\/www.elementvape.de\/produkt\/zollfreie-frische-waspe-8000-puffs-strawberry-mango-e-zigarette-jetzt-zum-besten-grosshandelspreis-fuer-ultimativen-erdbeer-mango-genuss\/#primaryimage"},"image":{"@id":"https:\/\/www.elementvape.de\/produkt\/zollfreie-frische-waspe-8000-puffs-strawberry-mango-e-zigarette-jetzt-zum-besten-grosshandelspreis-fuer-ultimativen-erdbeer-mango-genuss\/#primaryimage"},"thumbnailUrl":"https:\/\/www.elementvape.de\/wp-content\/uploads\/2024\/08\/STRAWBERRY-MANGO-2.jpg","datePublished":"2024-08-31T07:43:59+00:00","dateModified":"2024-10-15T03:14:27+00:00","description":"Wir bieten Zollfreie Frische WASPE 8000 PUFFS Strawberry Mango E-Zigarette jetzt zum besten Gro\u00dfhandelspreis f\u00fcr ultimativen Erdbeer Mango Genuss , Elementvape.de akzeptieren Gro\u00df-und Einzelhandel Bestellungen.","breadcrumb":{"@id":"https:\/\/www.elementvape.de\/produkt\/zollfreie-frische-waspe-8000-puffs-strawberry-mango-e-zigarette-jetzt-zum-besten-grosshandelspreis-fuer-ultimativen-erdbeer-mango-genuss\/#breadcrumb"},"inLanguage":"nl-NL","potentialAction":[{"@type":"ReadAction","target":["https:\/\/www.elementvape.de\/produkt\/zollfreie-frische-waspe-8000-puffs-strawberry-mango-e-zigarette-jetzt-zum-besten-grosshandelspreis-fuer-ultimativen-erdbeer-mango-genuss\/"]}]},{"@type":"ImageObject","inLanguage":"nl-NL","@id":"https:\/\/www.elementvape.de\/produkt\/zollfreie-frische-waspe-8000-puffs-strawberry-mango-e-zigarette-jetzt-zum-besten-grosshandelspreis-fuer-ultimativen-erdbeer-mango-genuss\/#primaryimage","url":"https:\/\/www.elementvape.de\/wp-content\/uploads\/2024\/08\/STRAWBERRY-MANGO-2.jpg","contentUrl":"https:\/\/www.elementvape.de\/wp-content\/uploads\/2024\/08\/STRAWBERRY-MANGO-2.jpg","width":800,"height":800,"caption":"STRAWBERRY MANGO"},{"@type":"BreadcrumbList","@id":"https:\/\/www.elementvape.de\/produkt\/zollfreie-frische-waspe-8000-puffs-strawberry-mango-e-zigarette-jetzt-zum-besten-grosshandelspreis-fuer-ultimativen-erdbeer-mango-genuss\/#breadcrumb","itemListElement":[{"@type":"ListItem","position":1,"name":"Home","item":"https:\/\/www.elementvape.de\/"},{"@type":"ListItem","position":2,"name":"Shop","item":"https:\/\/www.elementvape.de\/shop\/"},{"@type":"ListItem","position":3,"name":"Zollfreie Frische WASPE 8000 PUFFS Strawberry Mango E-Zigarette jetzt zum besten Gro\u00dfhandelspreis f\u00fcr ultimativen Erdbeer Mango Genuss"}]},{"@type":"WebSite","@id":"https:\/\/www.elementvape.de\/#website","url":"https:\/\/www.elementvape.de\/","name":"ElementVape.de","description":"","publisher":{"@id":"https:\/\/www.elementvape.de\/#organization"},"potentialAction":[{"@type":"SearchAction","target":{"@type":"EntryPoint","urlTemplate":"https:\/\/www.elementvape.de\/?s={search_term_string}"},"query-input":"required name=search_term_string"}],"inLanguage":"nl-NL"},{"@type":"Organization","@id":"https:\/\/www.elementvape.de\/#organization","name":"ElementVape.DE","url":"https:\/\/www.elementvape.de\/","logo":{"@type":"ImageObject","inLanguage":"nl-NL","@id":"https:\/\/www.elementvape.de\/#\/schema\/logo\/image\/","url":"https:\/\/www.elementvape.de\/wp-content\/uploads\/2024\/09\/cropped-1elementvape-3.png","contentUrl":"https:\/\/www.elementvape.de\/wp-content\/uploads\/2024\/09\/cropped-1elementvape-3.png","width":285,"height":228,"caption":"ElementVape.DE"},"image":{"@id":"https:\/\/www.elementvape.de\/#\/schema\/logo\/image\/"}}]}},"_links":{"self":[{"href":"https:\/\/www.elementvape.de\/nl\/wp-json\/wp\/v2\/product\/14087"}],"collection":[{"href":"https:\/\/www.elementvape.de\/nl\/wp-json\/wp\/v2\/product"}],"about":[{"href":"https:\/\/www.elementvape.de\/nl\/wp-json\/wp\/v2\/types\/product"}],"wp:featuredmedia":[{"embeddable":true,"href":"https:\/\/www.elementvape.de\/nl\/wp-json\/wp\/v2\/media\/14088"}],"wp:attachment":[{"href":"https:\/\/www.elementvape.de\/nl\/wp-json\/wp\/v2\/media?parent=14087"}],"wp:term":[{"taxonomy":"product_cat","embeddable":true,"href":"https:\/\/www.elementvape.de\/nl\/wp-json\/wp\/v2\/product_cat?post=14087"},{"taxonomy":"product_tag","embeddable":true,"href":"https:\/\/www.elementvape.de\/nl\/wp-json\/wp\/v2\/product_tag?post=14087"}],"curies":[{"name":"wp","href":"https:\/\/api.w.org\/{rel}","templated":true}]}}