{"id":13863,"date":"2024-08-19T07:50:35","date_gmt":"2024-08-19T07:50:35","guid":{"rendered":"https:\/\/www.elementvape.de\/?post_type=product&#038;p=13863"},"modified":"2024-12-12T06:34:35","modified_gmt":"2024-12-12T06:34:35","slug":"cherry-soda-vape-der-zollfreie-elf-box-rgb14000-pro-fruchtgenuss-fuer-prickelnde-momente","status":"publish","type":"product","link":"https:\/\/www.elementvape.de\/nl\/produkt\/cherry-soda-vape-der-zollfreie-elf-box-rgb14000-pro-fruchtgenuss-fuer-prickelnde-momente\/","title":{"rendered":"Cherry Soda Vape de belastingvrije ELF BOX RGB14000 voor fruitplezier en prikkelende momenten"},"content":{"rendered":"<div class=\"flex-shrink-0 flex flex-col relative items-end\">\n<div>\n<div class=\"pt-0\">\n<div class=\"gizmo-bot-avatar flex h-8 w-8 items-center justify-center overflow-hidden rounded-full\">\n<div class=\"relative p-1 rounded-sm flex items-center justify-center bg-token-main-surface-primary text-token-text-primary h-8 w-8\"><\/div>\n<\/div>\n<\/div>\n<\/div>\n<\/div>\n<div class=\"group\/conversation-turn relative flex w-full min-w-0 flex-col agent-turn\">\n<div class=\"flex-col gap-1 md:gap-3\">\n<div class=\"flex max-w-full flex-col flex-grow\">\n<div class=\"min-h-[20px] text-message flex w-full flex-col items-end gap-2 whitespace-pre-wrap break-words [.text-message+&amp;]:mt-5 overflow-x-auto\" dir=\"auto\" data-message-author-role=\"assistant\" data-message-id=\"cd4aeb83-a36e-4a48-9e8e-a5dafd408545\">\n<div class=\"flex w-full flex-col gap-1 empty:hidden first:pt-[3px]\">\n<div class=\"markdown prose w-full break-words dark:prose-invert light\">\n<p>Ervaar met de ELF BOX RGB14000 de sprankelende smaak van Cherry Soda. Dit vape-apparaat biedt u 14.000 trekjes belastingvrije fruitbeleving, die uw vaping-momenten verrijkt met een bruisend gevoel.<\/p>\n<p>Geniet van de verfrissende Cherry Soda-smaak van de ELF BOX RGB14000. Met 14.000 trekjes en geavanceerde technologie biedt dit apparaat belastingvrije fruitbeleving en bruisende momenten die u zullen enthousiasmeren.<\/p>\n<h2><strong>ELF BOX RGB14000 \u2013 Bruisende Cherry Soda-ervaringen<\/strong><\/h2>\n<p>De <strong>ELF BOX RGB14000<\/strong> combineert de verfrissende smaak van <strong>Kers Soda<\/strong> met <strong>14.000 trekjes<\/strong> belastingvrije beleving. Beleef bruisende momenten met modern design en krachtige functies.<\/p>\n<hr \/>\n<h3>Technische gegevens<\/h3>\n<table>\n<thead>\n<tr>\n<th><strong>Kenmerk<\/strong><\/th>\n<th><strong>Details<\/strong><\/th>\n<\/tr>\n<\/thead>\n<tbody>\n<tr>\n<td><strong>Poefs<\/strong><\/td>\n<td>14.000 trekjes<\/td>\n<\/tr>\n<tr>\n<td><strong>Kern<\/strong><\/td>\n<td>Mesh-Coil, 1,0 Ohm<\/td>\n<\/tr>\n<tr>\n<td><strong>E-Liquid<\/strong><\/td>\n<td>25ml<\/td>\n<\/tr>\n<tr>\n<td><strong>N-sterktes<\/strong><\/td>\n<td>2%, 5%<\/td>\n<\/tr>\n<tr>\n<td><strong>Batterij<\/strong><\/td>\n<td>18250, 600mAh<\/td>\n<\/tr>\n<tr>\n<td><strong>Oplaadbaar<\/strong><\/td>\n<td>Type-C<\/td>\n<\/tr>\n<tr>\n<td><strong>Weergave<\/strong><\/td>\n<td>LED-Display<\/td>\n<\/tr>\n<tr>\n<td><strong>Verlichting<\/strong><\/td>\n<td>RGB-licht + gekleurde lanyard<\/td>\n<\/tr>\n<tr>\n<td><strong>Gewicht<\/strong><\/td>\n<td>105g<\/td>\n<\/tr>\n<tr>\n<td><strong>Grootte<\/strong><\/td>\n<td>35 x 36 x 133,5 mm<\/td>\n<\/tr>\n<\/tbody>\n<\/table>\n<\/div>\n<\/div>\n<\/div>\n<\/div>\n<\/div>\n<\/div>","protected":false},"excerpt":{"rendered":"<p>Erleben Sie mit der ELF BOX RGB14000 den spritzigen Geschmack von Cherry Soda. Dieses Vape-Ger\u00e4t bietet Ihnen 14.000 Z\u00fcge zollfreien Fruchtgenuss, der Ihre Vaping-Momente mit einem prickelnden Erlebnis bereichert. Genie\u00dfen Sie den erfrischenden Cherry Soda Geschmack der ELF BOX RGB14000. Mit 14.000 Z\u00fcgen und fortschrittlicher Technologie bietet dieses Ger\u00e4t zollfreien Fruchtgenuss und prickelnde Momente, die [&hellip;]<\/p>","protected":false},"featured_media":13864,"template":"","meta":{"inline_featured_image":false},"product_cat":[15,78,747,740,734,753,718,732],"product_tag":[710,674],"tiered_pricing_type":"fixed","tiered_pricing_fixed_rules":{"110":"7.95","200":"7.06","500":"6.18"},"tiered_pricing_percentage_rules":[],"tiered_pricing_minimum":1,"_administrator_tiered_pricing_type":"fixed","_administrator_tiered_pricing_fixed_rules":[],"_editor_tiered_pricing_type":"fixed","_editor_tiered_pricing_fixed_rules":[],"_author_tiered_pricing_type":"fixed","_author_tiered_pricing_fixed_rules":[],"_contributor_tiered_pricing_type":"fixed","_contributor_tiered_pricing_fixed_rules":[],"_subscriber_tiered_pricing_type":"fixed","_subscriber_tiered_pricing_fixed_rules":[],"_customer_tiered_pricing_type":"fixed","_customer_tiered_pricing_fixed_rules":[],"_shop_manager_tiered_pricing_type":"fixed","_shop_manager_tiered_pricing_fixed_rules":[],"_wpseo_manager_tiered_pricing_type":"fixed","_wpseo_manager_tiered_pricing_fixed_rules":[],"_wpseo_editor_tiered_pricing_type":"fixed","_wpseo_editor_tiered_pricing_fixed_rules":[],"_wholesale_customer_tiered_pricing_type":"fixed","_wholesale_customer_tiered_pricing_fixed_rules":[],"_marketer_tiered_pricing_type":"fixed","_marketer_tiered_pricing_fixed_rules":[],"_sales_manager_tiered_pricing_type":"fixed","_sales_manager_tiered_pricing_fixed_rules":[],"_sales_rep_tiered_pricing_type":"fixed","_sales_rep_tiered_pricing_fixed_rules":[],"yoast_head":"<!-- This site is optimized with the Yoast SEO plugin v23.3 - https:\/\/yoast.com\/wordpress\/plugins\/seo\/ -->\n<title>Cherry Soda Vape der zollfreie ELF BOX RGB14000 pro Fruchtgenuss f\u00fcr prickelnde Momente | ElementVape.de<\/title>\n<meta name=\"description\" content=\"Wir bieten Cherry Soda Vape der zollfreie ELF BOX RGB14000 pro Fruchtgenuss f\u00fcr prickelnde Momente , Elementvape.de akzeptieren Gro\u00df-und Einzelhandel Bestellungen.\" \/>\n<meta name=\"robots\" content=\"index, follow, max-snippet:-1, max-image-preview:large, max-video-preview:-1\" \/>\n<link rel=\"canonical\" href=\"https:\/\/www.elementvape.de\/nl\/produkt\/cherry-soda-vape-der-zollfreie-elf-box-rgb14000-pro-fruchtgenuss-fuer-prickelnde-momente\/\" \/>\n<meta property=\"og:locale\" content=\"nl_NL\" \/>\n<meta property=\"og:type\" content=\"article\" \/>\n<meta property=\"og:title\" content=\"Cherry Soda Vape der zollfreie ELF BOX RGB14000 pro Fruchtgenuss f\u00fcr prickelnde Momente | ElementVape.de\" \/>\n<meta property=\"og:description\" content=\"Wir bieten Cherry Soda Vape der zollfreie ELF BOX RGB14000 pro Fruchtgenuss f\u00fcr prickelnde Momente , Elementvape.de akzeptieren Gro\u00df-und Einzelhandel Bestellungen.\" \/>\n<meta property=\"og:url\" content=\"https:\/\/www.elementvape.de\/nl\/produkt\/cherry-soda-vape-der-zollfreie-elf-box-rgb14000-pro-fruchtgenuss-fuer-prickelnde-momente\/\" \/>\n<meta property=\"og:site_name\" content=\"ElementVape.de\" \/>\n<meta property=\"article:modified_time\" content=\"2024-12-12T06:34:35+00:00\" \/>\n<meta property=\"og:image\" content=\"https:\/\/www.elementvape.de\/wp-content\/uploads\/2024\/08\/\u6a31\u6843\u6c7d\u6c340000.png\" \/>\n\t<meta property=\"og:image:width\" content=\"1000\" \/>\n\t<meta property=\"og:image:height\" content=\"1000\" \/>\n\t<meta property=\"og:image:type\" content=\"image\/png\" \/>\n<meta name=\"twitter:card\" content=\"summary_large_image\" \/>\n<meta name=\"twitter:label1\" content=\"Est. reading time\" \/>\n\t<meta name=\"twitter:data1\" content=\"1 minuut\" \/>\n<script type=\"application\/ld+json\" class=\"yoast-schema-graph\">{\"@context\":\"https:\/\/schema.org\",\"@graph\":[{\"@type\":\"WebPage\",\"@id\":\"https:\/\/www.elementvape.de\/es\/produkt\/cherry-soda-vape-der-zollfreie-elf-box-rgb14000-pro-fruchtgenuss-fuer-prickelnde-momente\/\",\"url\":\"https:\/\/www.elementvape.de\/es\/produkt\/cherry-soda-vape-der-zollfreie-elf-box-rgb14000-pro-fruchtgenuss-fuer-prickelnde-momente\/\",\"name\":\"Cherry Soda Vape der zollfreie ELF BOX RGB14000 pro Fruchtgenuss f\u00fcr prickelnde Momente | ElementVape.de\",\"isPartOf\":{\"@id\":\"https:\/\/www.elementvape.de\/#website\"},\"primaryImageOfPage\":{\"@id\":\"https:\/\/www.elementvape.de\/es\/produkt\/cherry-soda-vape-der-zollfreie-elf-box-rgb14000-pro-fruchtgenuss-fuer-prickelnde-momente\/#primaryimage\"},\"image\":{\"@id\":\"https:\/\/www.elementvape.de\/es\/produkt\/cherry-soda-vape-der-zollfreie-elf-box-rgb14000-pro-fruchtgenuss-fuer-prickelnde-momente\/#primaryimage\"},\"thumbnailUrl\":\"https:\/\/www.elementvape.de\/wp-content\/uploads\/2024\/08\/\u6a31\u6843\u6c7d\u6c340000.png\",\"datePublished\":\"2024-08-19T07:50:35+00:00\",\"dateModified\":\"2024-12-12T06:34:35+00:00\",\"description\":\"Wir bieten Cherry Soda Vape der zollfreie ELF BOX RGB14000 pro Fruchtgenuss f\u00fcr prickelnde Momente , Elementvape.de akzeptieren Gro\u00df-und Einzelhandel Bestellungen.\",\"breadcrumb\":{\"@id\":\"https:\/\/www.elementvape.de\/es\/produkt\/cherry-soda-vape-der-zollfreie-elf-box-rgb14000-pro-fruchtgenuss-fuer-prickelnde-momente\/#breadcrumb\"},\"inLanguage\":\"nl-NL\",\"potentialAction\":[{\"@type\":\"ReadAction\",\"target\":[\"https:\/\/www.elementvape.de\/es\/produkt\/cherry-soda-vape-der-zollfreie-elf-box-rgb14000-pro-fruchtgenuss-fuer-prickelnde-momente\/\"]}]},{\"@type\":\"ImageObject\",\"inLanguage\":\"nl-NL\",\"@id\":\"https:\/\/www.elementvape.de\/es\/produkt\/cherry-soda-vape-der-zollfreie-elf-box-rgb14000-pro-fruchtgenuss-fuer-prickelnde-momente\/#primaryimage\",\"url\":\"https:\/\/www.elementvape.de\/wp-content\/uploads\/2024\/08\/\u6a31\u6843\u6c7d\u6c340000.png\",\"contentUrl\":\"https:\/\/www.elementvape.de\/wp-content\/uploads\/2024\/08\/\u6a31\u6843\u6c7d\u6c340000.png\",\"width\":1000,\"height\":1000,\"caption\":\"Cherry soda\"},{\"@type\":\"BreadcrumbList\",\"@id\":\"https:\/\/www.elementvape.de\/es\/produkt\/cherry-soda-vape-der-zollfreie-elf-box-rgb14000-pro-fruchtgenuss-fuer-prickelnde-momente\/#breadcrumb\",\"itemListElement\":[{\"@type\":\"ListItem\",\"position\":1,\"name\":\"Home\",\"item\":\"https:\/\/www.elementvape.de\/\"},{\"@type\":\"ListItem\",\"position\":2,\"name\":\"Shop\",\"item\":\"https:\/\/www.elementvape.de\/shop\/\"},{\"@type\":\"ListItem\",\"position\":3,\"name\":\"Cherry Soda Vape der zollfreie ELF BOX RGB14000 pro Fruchtgenuss f\u00fcr prickelnde Momente\"}]},{\"@type\":\"WebSite\",\"@id\":\"https:\/\/www.elementvape.de\/#website\",\"url\":\"https:\/\/www.elementvape.de\/\",\"name\":\"ElementVape.de\",\"description\":\"\",\"publisher\":{\"@id\":\"https:\/\/www.elementvape.de\/#organization\"},\"potentialAction\":[{\"@type\":\"SearchAction\",\"target\":{\"@type\":\"EntryPoint\",\"urlTemplate\":\"https:\/\/www.elementvape.de\/?s={search_term_string}\"},\"query-input\":\"required name=search_term_string\"}],\"inLanguage\":\"nl-NL\"},{\"@type\":\"Organization\",\"@id\":\"https:\/\/www.elementvape.de\/#organization\",\"name\":\"ElementVape.DE\",\"url\":\"https:\/\/www.elementvape.de\/\",\"logo\":{\"@type\":\"ImageObject\",\"inLanguage\":\"nl-NL\",\"@id\":\"https:\/\/www.elementvape.de\/#\/schema\/logo\/image\/\",\"url\":\"https:\/\/www.elementvape.de\/wp-content\/uploads\/2024\/09\/cropped-1elementvape-3.png\",\"contentUrl\":\"https:\/\/www.elementvape.de\/wp-content\/uploads\/2024\/09\/cropped-1elementvape-3.png\",\"width\":285,\"height\":228,\"caption\":\"ElementVape.DE\"},\"image\":{\"@id\":\"https:\/\/www.elementvape.de\/#\/schema\/logo\/image\/\"}}]}<\/script>\n<!-- \/ Yoast SEO plugin. -->","yoast_head_json":{"title":"Cherry Soda Vape der zollfreie ELF BOX RGB14000 pro Fruchtgenuss f\u00fcr prickelnde Momente | ElementVape.de","description":"Wir bieten Cherry Soda Vape der zollfreie ELF BOX RGB14000 pro Fruchtgenuss f\u00fcr prickelnde Momente , Elementvape.de akzeptieren Gro\u00df-und Einzelhandel Bestellungen.","robots":{"index":"index","follow":"follow","max-snippet":"max-snippet:-1","max-image-preview":"max-image-preview:large","max-video-preview":"max-video-preview:-1"},"canonical":"https:\/\/www.elementvape.de\/nl\/produkt\/cherry-soda-vape-der-zollfreie-elf-box-rgb14000-pro-fruchtgenuss-fuer-prickelnde-momente\/","og_locale":"nl_NL","og_type":"article","og_title":"Cherry Soda Vape der zollfreie ELF BOX RGB14000 pro Fruchtgenuss f\u00fcr prickelnde Momente | ElementVape.de","og_description":"Wir bieten Cherry Soda Vape der zollfreie ELF BOX RGB14000 pro Fruchtgenuss f\u00fcr prickelnde Momente , Elementvape.de akzeptieren Gro\u00df-und Einzelhandel Bestellungen.","og_url":"https:\/\/www.elementvape.de\/nl\/produkt\/cherry-soda-vape-der-zollfreie-elf-box-rgb14000-pro-fruchtgenuss-fuer-prickelnde-momente\/","og_site_name":"ElementVape.de","article_modified_time":"2024-12-12T06:34:35+00:00","og_image":[{"width":1000,"height":1000,"url":"https:\/\/www.elementvape.de\/wp-content\/uploads\/2024\/08\/\u6a31\u6843\u6c7d\u6c340000.png","type":"image\/png"}],"twitter_card":"summary_large_image","twitter_misc":{"Est. reading time":"1 minuut"},"schema":{"@context":"https:\/\/schema.org","@graph":[{"@type":"WebPage","@id":"https:\/\/www.elementvape.de\/es\/produkt\/cherry-soda-vape-der-zollfreie-elf-box-rgb14000-pro-fruchtgenuss-fuer-prickelnde-momente\/","url":"https:\/\/www.elementvape.de\/es\/produkt\/cherry-soda-vape-der-zollfreie-elf-box-rgb14000-pro-fruchtgenuss-fuer-prickelnde-momente\/","name":"Cherry Soda Vape der zollfreie ELF BOX RGB14000 pro Fruchtgenuss f\u00fcr prickelnde Momente | ElementVape.de","isPartOf":{"@id":"https:\/\/www.elementvape.de\/#website"},"primaryImageOfPage":{"@id":"https:\/\/www.elementvape.de\/es\/produkt\/cherry-soda-vape-der-zollfreie-elf-box-rgb14000-pro-fruchtgenuss-fuer-prickelnde-momente\/#primaryimage"},"image":{"@id":"https:\/\/www.elementvape.de\/es\/produkt\/cherry-soda-vape-der-zollfreie-elf-box-rgb14000-pro-fruchtgenuss-fuer-prickelnde-momente\/#primaryimage"},"thumbnailUrl":"https:\/\/www.elementvape.de\/wp-content\/uploads\/2024\/08\/\u6a31\u6843\u6c7d\u6c340000.png","datePublished":"2024-08-19T07:50:35+00:00","dateModified":"2024-12-12T06:34:35+00:00","description":"Wir bieten Cherry Soda Vape der zollfreie ELF BOX RGB14000 pro Fruchtgenuss f\u00fcr prickelnde Momente , Elementvape.de akzeptieren Gro\u00df-und Einzelhandel Bestellungen.","breadcrumb":{"@id":"https:\/\/www.elementvape.de\/es\/produkt\/cherry-soda-vape-der-zollfreie-elf-box-rgb14000-pro-fruchtgenuss-fuer-prickelnde-momente\/#breadcrumb"},"inLanguage":"nl-NL","potentialAction":[{"@type":"ReadAction","target":["https:\/\/www.elementvape.de\/es\/produkt\/cherry-soda-vape-der-zollfreie-elf-box-rgb14000-pro-fruchtgenuss-fuer-prickelnde-momente\/"]}]},{"@type":"ImageObject","inLanguage":"nl-NL","@id":"https:\/\/www.elementvape.de\/es\/produkt\/cherry-soda-vape-der-zollfreie-elf-box-rgb14000-pro-fruchtgenuss-fuer-prickelnde-momente\/#primaryimage","url":"https:\/\/www.elementvape.de\/wp-content\/uploads\/2024\/08\/\u6a31\u6843\u6c7d\u6c340000.png","contentUrl":"https:\/\/www.elementvape.de\/wp-content\/uploads\/2024\/08\/\u6a31\u6843\u6c7d\u6c340000.png","width":1000,"height":1000,"caption":"Cherry soda"},{"@type":"BreadcrumbList","@id":"https:\/\/www.elementvape.de\/es\/produkt\/cherry-soda-vape-der-zollfreie-elf-box-rgb14000-pro-fruchtgenuss-fuer-prickelnde-momente\/#breadcrumb","itemListElement":[{"@type":"ListItem","position":1,"name":"Home","item":"https:\/\/www.elementvape.de\/"},{"@type":"ListItem","position":2,"name":"Shop","item":"https:\/\/www.elementvape.de\/shop\/"},{"@type":"ListItem","position":3,"name":"Cherry Soda Vape der zollfreie ELF BOX RGB14000 pro Fruchtgenuss f\u00fcr prickelnde Momente"}]},{"@type":"WebSite","@id":"https:\/\/www.elementvape.de\/#website","url":"https:\/\/www.elementvape.de\/","name":"ElementVape.de","description":"","publisher":{"@id":"https:\/\/www.elementvape.de\/#organization"},"potentialAction":[{"@type":"SearchAction","target":{"@type":"EntryPoint","urlTemplate":"https:\/\/www.elementvape.de\/?s={search_term_string}"},"query-input":"required name=search_term_string"}],"inLanguage":"nl-NL"},{"@type":"Organization","@id":"https:\/\/www.elementvape.de\/#organization","name":"ElementVape.DE","url":"https:\/\/www.elementvape.de\/","logo":{"@type":"ImageObject","inLanguage":"nl-NL","@id":"https:\/\/www.elementvape.de\/#\/schema\/logo\/image\/","url":"https:\/\/www.elementvape.de\/wp-content\/uploads\/2024\/09\/cropped-1elementvape-3.png","contentUrl":"https:\/\/www.elementvape.de\/wp-content\/uploads\/2024\/09\/cropped-1elementvape-3.png","width":285,"height":228,"caption":"ElementVape.DE"},"image":{"@id":"https:\/\/www.elementvape.de\/#\/schema\/logo\/image\/"}}]}},"_links":{"self":[{"href":"https:\/\/www.elementvape.de\/nl\/wp-json\/wp\/v2\/product\/13863"}],"collection":[{"href":"https:\/\/www.elementvape.de\/nl\/wp-json\/wp\/v2\/product"}],"about":[{"href":"https:\/\/www.elementvape.de\/nl\/wp-json\/wp\/v2\/types\/product"}],"wp:featuredmedia":[{"embeddable":true,"href":"https:\/\/www.elementvape.de\/nl\/wp-json\/wp\/v2\/media\/13864"}],"wp:attachment":[{"href":"https:\/\/www.elementvape.de\/nl\/wp-json\/wp\/v2\/media?parent=13863"}],"wp:term":[{"taxonomy":"product_cat","embeddable":true,"href":"https:\/\/www.elementvape.de\/nl\/wp-json\/wp\/v2\/product_cat?post=13863"},{"taxonomy":"product_tag","embeddable":true,"href":"https:\/\/www.elementvape.de\/nl\/wp-json\/wp\/v2\/product_tag?post=13863"}],"curies":[{"name":"wp","href":"https:\/\/api.w.org\/{rel}","templated":true}]}}