{"id":13730,"date":"2024-08-12T08:03:38","date_gmt":"2024-08-12T08:03:38","guid":{"rendered":"https:\/\/www.elementvape.de\/?post_type=product&#038;p=13730"},"modified":"2024-12-12T06:34:59","modified_gmt":"2024-12-12T06:34:59","slug":"reduziert-im-sommer-sale15000-zuege-grape-ice-elf-box-ls15000-zum-hammerpreis","status":"publish","type":"product","link":"https:\/\/www.elementvape.de\/nl\/produkt\/reduziert-im-sommer-sale15000-zuege-grape-ice-elf-box-ls15000-zum-hammerpreis\/","title":{"rendered":"Gedurende de zomeruitverkoop 15000 Zetten Grape Ice ELF BOX LS15000 voor een scherpe prijs"},"content":{"rendered":"<div class=\"flex-shrink-0 flex flex-col relative items-end\">\n<div>\n<div class=\"pt-0\">\n<div class=\"gizmo-bot-avatar flex h-8 w-8 items-center justify-center overflow-hidden rounded-full\">\n<div class=\"relative p-1 rounded-sm flex items-center justify-center bg-token-main-surface-primary text-token-text-primary h-8 w-8\"><\/div>\n<\/div>\n<\/div>\n<\/div>\n<\/div>\n<div class=\"group\/conversation-turn relative flex w-full min-w-0 flex-col agent-turn\">\n<div class=\"flex-col gap-1 md:gap-3\">\n<div class=\"flex max-w-full flex-col flex-grow\">\n<div class=\"min-h-[20px] text-message flex w-full flex-col items-end gap-2 whitespace-pre-wrap break-words [.text-message+&amp;]:mt-5 overflow-x-auto\" dir=\"auto\" data-message-author-role=\"assistant\" data-message-id=\"6adec269-64d9-4a42-aad6-65e87dfd79b0\">\n<div class=\"flex w-full flex-col gap-1 empty:hidden first:pt-[3px]\">\n<div class=\"markdown prose w-full break-words dark:prose-invert light\">\n<table style=\"font-size: 16px;\">\n<thead>\n<tr>\n<th>Specificatie<\/th>\n<th>Details<\/th>\n<\/tr>\n<\/thead>\n<tbody>\n<tr>\n<td><strong>Poefs<\/strong><\/td>\n<td>15000 trekjes<\/td>\n<\/tr>\n<tr>\n<td><strong>Kern<\/strong><\/td>\n<td>Mesh-Coil, 0,6 Ohm<\/td>\n<\/tr>\n<tr>\n<td><strong>E-Liquid Capaciteit<\/strong><\/td>\n<td>26 ml<\/td>\n<\/tr>\n<tr>\n<td><strong>N-Inhoud<\/strong><\/td>\n<td>2%, 5%<\/td>\n<\/tr>\n<tr>\n<td><strong>Batterij<\/strong><\/td>\n<td>18250-600mAh, oplaadbaar via Type-C<\/td>\n<\/tr>\n<tr>\n<td><strong>Productgewicht<\/strong><\/td>\n<td>91 gram<\/td>\n<\/tr>\n<tr>\n<td><strong>Productgrootte<\/strong><\/td>\n<td>124,5 mm x 31,5 mm<\/td>\n<\/tr>\n<tr>\n<td><strong>Kartonafmetingen<\/strong><\/td>\n<td>410 mm x 405 mm x 297 mm<\/td>\n<\/tr>\n<tr>\n<td><strong>Hoeveelheid per karton<\/strong><\/td>\n<td>200 stuks<\/td>\n<\/tr>\n<tr>\n<td><strong>Brutogewicht van de karton<\/strong><\/td>\n<td>ca. 20 kg<\/td>\n<\/tr>\n<\/tbody>\n<\/table>\n<h3>Grape Ice ELF BOX LS15000: Premium-Vape met 15000 puffs<\/h3>\n<p>De Grape Ice ELF BOX LS15000 Z\u00fcge E-sigaret biedt een eersteklas dampervaring, die wordt gekenmerkt door zijn geavanceerde technologie en de verfrissende Grape-Ice-smaak. Met een indrukwekkende capaciteit van 15000 puffs per apparaat is hij ideaal voor vaping-enthousiastelingen die op zoek zijn naar een langdurige en intense ervaring.<\/p>\n<p>De ELF BOX LS15000 is uitgerust met een 0,6 Ohm Mesh-Coil, die zorgt voor een gelijkmatige en effici\u00ebnte verdamping van de E-Liquid. De E-Liquid-capaciteit van 26 ml en de beschikbare voordelen van N (2%, 5%) bieden flexibiliteit om de vaping-ervaring individueel aan te passen. De krachtige 18250-600mAh batterij is oplaadbaar en biedt samen met de Type-C-oplaadmogelijkheid een snelle en ongecompliceerde oplading, zodat u het apparaat altijd comfortabel kunt gebruiken.<\/p>\n<h4>Licht en draagbaar voor dagelijks gebruik<\/h4>\n<p>Met een gewicht van slechts 91 gram en de compacte afmetingen van 124,5 mm x 31,5 mm is de Grape Ice ELF BOX LS15000 ideaal voor dagelijks gebruik en onderweg. De verpakking in karton met 200 stuks en een totaalgewicht van ca. 20 kg zorgt ervoor dat het product veilig en in perfecte staat aankomt, of het nu voor individuele kopers of groothandelaren is.<\/p>\n<p>De Grape Ice-smaak combineert de zoetheid van druiven met een verfrissende koele noot, wat elke trek tot een aangename ervaring maakt. Deze mix van uitstekende prestaties en heerlijke smaak maakt de Grape Ice ELF BOX LS15000 de beste keuze voor vaping-enthousiastelingen wereldwijd. Of het nu een beginner of een ervaren <strong><a href=\"https:\/\/www.elementvape.de\/nl\/\">Dampers<\/a><\/strong>, dit apparaat biedt een onvergetelijke dampervaring en is ideaal voor iedereen die waarde hecht aan kwaliteit en smaak.<\/p>\n<\/div>\n<\/div>\n<\/div>\n<\/div>\n<\/div>\n<\/div>","protected":false},"excerpt":{"rendered":"<p>Spezifikation Details Puffs 15000 Z\u00fcge Core Mesh-Coil, 0,6 Ohm E-Liquid Kapazit\u00e4t 26 ml N-Inhalt 2%, 5% Batterie 18250-600mAh, wiederaufladbar via Type-C Produktgewicht 91 Gramm Produktgr\u00f6\u00dfe 124,5 mm x 31,5 mm Kartonma\u00dfe 410 mm x 405 mm x 297 mm Menge pro Karton 200 St\u00fcck Bruttogewicht des Kartons ca. 20 kg Grape Ice ELF BOX LS15000: [&hellip;]<\/p>","protected":false},"featured_media":13731,"template":"","meta":{"inline_featured_image":false},"product_cat":[15,78,747,740,734,753,716,732],"product_tag":[710,674],"tiered_pricing_type":"fixed","tiered_pricing_fixed_rules":{"110":"7.54","200":"6.68","500":"5.85"},"tiered_pricing_percentage_rules":[],"tiered_pricing_minimum":1,"_administrator_tiered_pricing_type":"fixed","_administrator_tiered_pricing_fixed_rules":[],"_editor_tiered_pricing_type":"fixed","_editor_tiered_pricing_fixed_rules":[],"_author_tiered_pricing_type":"fixed","_author_tiered_pricing_fixed_rules":[],"_contributor_tiered_pricing_type":"fixed","_contributor_tiered_pricing_fixed_rules":[],"_subscriber_tiered_pricing_type":"fixed","_subscriber_tiered_pricing_fixed_rules":[],"_customer_tiered_pricing_type":"fixed","_customer_tiered_pricing_fixed_rules":[],"_shop_manager_tiered_pricing_type":"fixed","_shop_manager_tiered_pricing_fixed_rules":[],"_wpseo_manager_tiered_pricing_type":"fixed","_wpseo_manager_tiered_pricing_fixed_rules":[],"_wpseo_editor_tiered_pricing_type":"fixed","_wpseo_editor_tiered_pricing_fixed_rules":[],"_wholesale_customer_tiered_pricing_type":"fixed","_wholesale_customer_tiered_pricing_fixed_rules":[],"_marketer_tiered_pricing_type":"fixed","_marketer_tiered_pricing_fixed_rules":[],"_sales_manager_tiered_pricing_type":"fixed","_sales_manager_tiered_pricing_fixed_rules":[],"_sales_rep_tiered_pricing_type":"fixed","_sales_rep_tiered_pricing_fixed_rules":[],"yoast_head":"<!-- This site is optimized with the Yoast SEO plugin v23.3 - https:\/\/yoast.com\/wordpress\/plugins\/seo\/ -->\n<title>Reduziert im Sommer-Sale15000 Z\u00fcge Grape Ice ELF BOX LS15000 zum Hammerpreis | ElementVape.de<\/title>\n<meta name=\"description\" content=\"Wir bieten Reduziert im Sommer-Sale15000 Z\u00fcge Grape Ice ELF BOX LS15000 zum Hammerpreis , Elementvape.de akzeptieren Gro\u00df-und Einzelhandel Bestellungen.\" \/>\n<meta name=\"robots\" content=\"index, follow, max-snippet:-1, max-image-preview:large, max-video-preview:-1\" \/>\n<link rel=\"canonical\" href=\"https:\/\/www.elementvape.de\/nl\/produkt\/reduziert-im-sommer-sale15000-zuege-grape-ice-elf-box-ls15000-zum-hammerpreis\/\" \/>\n<meta property=\"og:locale\" content=\"nl_NL\" \/>\n<meta property=\"og:type\" content=\"article\" \/>\n<meta property=\"og:title\" content=\"Reduziert im Sommer-Sale15000 Z\u00fcge Grape Ice ELF BOX LS15000 zum Hammerpreis | ElementVape.de\" \/>\n<meta property=\"og:description\" content=\"Wir bieten Reduziert im Sommer-Sale15000 Z\u00fcge Grape Ice ELF BOX LS15000 zum Hammerpreis , Elementvape.de akzeptieren Gro\u00df-und Einzelhandel Bestellungen.\" \/>\n<meta property=\"og:url\" content=\"https:\/\/www.elementvape.de\/nl\/produkt\/reduziert-im-sommer-sale15000-zuege-grape-ice-elf-box-ls15000-zum-hammerpreis\/\" \/>\n<meta property=\"og:site_name\" content=\"ElementVape.de\" \/>\n<meta property=\"article:modified_time\" content=\"2024-12-12T06:34:59+00:00\" \/>\n<meta property=\"og:image\" content=\"https:\/\/www.elementvape.de\/wp-content\/uploads\/2024\/08\/Grape-ice.png\" \/>\n\t<meta property=\"og:image:width\" content=\"1000\" \/>\n\t<meta property=\"og:image:height\" content=\"1000\" \/>\n\t<meta property=\"og:image:type\" content=\"image\/png\" \/>\n<meta name=\"twitter:card\" content=\"summary_large_image\" \/>\n<meta name=\"twitter:label1\" content=\"Est. reading time\" \/>\n\t<meta name=\"twitter:data1\" content=\"2 minuten\" \/>\n<script type=\"application\/ld+json\" class=\"yoast-schema-graph\">{\"@context\":\"https:\/\/schema.org\",\"@graph\":[{\"@type\":\"WebPage\",\"@id\":\"https:\/\/www.elementvape.de\/sk\/produkt\/reduziert-im-sommer-sale15000-zuege-grape-ice-elf-box-ls15000-zum-hammerpreis\/\",\"url\":\"https:\/\/www.elementvape.de\/sk\/produkt\/reduziert-im-sommer-sale15000-zuege-grape-ice-elf-box-ls15000-zum-hammerpreis\/\",\"name\":\"Reduziert im Sommer-Sale15000 Z\u00fcge Grape Ice ELF BOX LS15000 zum Hammerpreis | ElementVape.de\",\"isPartOf\":{\"@id\":\"https:\/\/www.elementvape.de\/#website\"},\"primaryImageOfPage\":{\"@id\":\"https:\/\/www.elementvape.de\/sk\/produkt\/reduziert-im-sommer-sale15000-zuege-grape-ice-elf-box-ls15000-zum-hammerpreis\/#primaryimage\"},\"image\":{\"@id\":\"https:\/\/www.elementvape.de\/sk\/produkt\/reduziert-im-sommer-sale15000-zuege-grape-ice-elf-box-ls15000-zum-hammerpreis\/#primaryimage\"},\"thumbnailUrl\":\"https:\/\/www.elementvape.de\/wp-content\/uploads\/2024\/08\/Grape-ice.png\",\"datePublished\":\"2024-08-12T08:03:38+00:00\",\"dateModified\":\"2024-12-12T06:34:59+00:00\",\"description\":\"Wir bieten Reduziert im Sommer-Sale15000 Z\u00fcge Grape Ice ELF BOX LS15000 zum Hammerpreis , Elementvape.de akzeptieren Gro\u00df-und Einzelhandel Bestellungen.\",\"breadcrumb\":{\"@id\":\"https:\/\/www.elementvape.de\/sk\/produkt\/reduziert-im-sommer-sale15000-zuege-grape-ice-elf-box-ls15000-zum-hammerpreis\/#breadcrumb\"},\"inLanguage\":\"nl-NL\",\"potentialAction\":[{\"@type\":\"ReadAction\",\"target\":[\"https:\/\/www.elementvape.de\/sk\/produkt\/reduziert-im-sommer-sale15000-zuege-grape-ice-elf-box-ls15000-zum-hammerpreis\/\"]}]},{\"@type\":\"ImageObject\",\"inLanguage\":\"nl-NL\",\"@id\":\"https:\/\/www.elementvape.de\/sk\/produkt\/reduziert-im-sommer-sale15000-zuege-grape-ice-elf-box-ls15000-zum-hammerpreis\/#primaryimage\",\"url\":\"https:\/\/www.elementvape.de\/wp-content\/uploads\/2024\/08\/Grape-ice.png\",\"contentUrl\":\"https:\/\/www.elementvape.de\/wp-content\/uploads\/2024\/08\/Grape-ice.png\",\"width\":1000,\"height\":1000,\"caption\":\"Grape ice\"},{\"@type\":\"BreadcrumbList\",\"@id\":\"https:\/\/www.elementvape.de\/sk\/produkt\/reduziert-im-sommer-sale15000-zuege-grape-ice-elf-box-ls15000-zum-hammerpreis\/#breadcrumb\",\"itemListElement\":[{\"@type\":\"ListItem\",\"position\":1,\"name\":\"Home\",\"item\":\"https:\/\/www.elementvape.de\/\"},{\"@type\":\"ListItem\",\"position\":2,\"name\":\"Shop\",\"item\":\"https:\/\/www.elementvape.de\/shop\/\"},{\"@type\":\"ListItem\",\"position\":3,\"name\":\"Reduziert im Sommer-Sale15000 Z\u00fcge Grape Ice ELF BOX LS15000 zum Hammerpreis\"}]},{\"@type\":\"WebSite\",\"@id\":\"https:\/\/www.elementvape.de\/#website\",\"url\":\"https:\/\/www.elementvape.de\/\",\"name\":\"ElementVape.de\",\"description\":\"\",\"publisher\":{\"@id\":\"https:\/\/www.elementvape.de\/#organization\"},\"potentialAction\":[{\"@type\":\"SearchAction\",\"target\":{\"@type\":\"EntryPoint\",\"urlTemplate\":\"https:\/\/www.elementvape.de\/?s={search_term_string}\"},\"query-input\":\"required name=search_term_string\"}],\"inLanguage\":\"nl-NL\"},{\"@type\":\"Organization\",\"@id\":\"https:\/\/www.elementvape.de\/#organization\",\"name\":\"ElementVape.DE\",\"url\":\"https:\/\/www.elementvape.de\/\",\"logo\":{\"@type\":\"ImageObject\",\"inLanguage\":\"nl-NL\",\"@id\":\"https:\/\/www.elementvape.de\/#\/schema\/logo\/image\/\",\"url\":\"https:\/\/www.elementvape.de\/wp-content\/uploads\/2024\/09\/cropped-1elementvape-3.png\",\"contentUrl\":\"https:\/\/www.elementvape.de\/wp-content\/uploads\/2024\/09\/cropped-1elementvape-3.png\",\"width\":285,\"height\":228,\"caption\":\"ElementVape.DE\"},\"image\":{\"@id\":\"https:\/\/www.elementvape.de\/#\/schema\/logo\/image\/\"}}]}<\/script>\n<!-- \/ Yoast SEO plugin. -->","yoast_head_json":{"title":"Reduziert im Sommer-Sale15000 Z\u00fcge Grape Ice ELF BOX LS15000 zum Hammerpreis | ElementVape.de","description":"Wir bieten Reduziert im Sommer-Sale15000 Z\u00fcge Grape Ice ELF BOX LS15000 zum Hammerpreis , Elementvape.de akzeptieren Gro\u00df-und Einzelhandel Bestellungen.","robots":{"index":"index","follow":"follow","max-snippet":"max-snippet:-1","max-image-preview":"max-image-preview:large","max-video-preview":"max-video-preview:-1"},"canonical":"https:\/\/www.elementvape.de\/nl\/produkt\/reduziert-im-sommer-sale15000-zuege-grape-ice-elf-box-ls15000-zum-hammerpreis\/","og_locale":"nl_NL","og_type":"article","og_title":"Reduziert im Sommer-Sale15000 Z\u00fcge Grape Ice ELF BOX LS15000 zum Hammerpreis | ElementVape.de","og_description":"Wir bieten Reduziert im Sommer-Sale15000 Z\u00fcge Grape Ice ELF BOX LS15000 zum Hammerpreis , Elementvape.de akzeptieren Gro\u00df-und Einzelhandel Bestellungen.","og_url":"https:\/\/www.elementvape.de\/nl\/produkt\/reduziert-im-sommer-sale15000-zuege-grape-ice-elf-box-ls15000-zum-hammerpreis\/","og_site_name":"ElementVape.de","article_modified_time":"2024-12-12T06:34:59+00:00","og_image":[{"width":1000,"height":1000,"url":"https:\/\/www.elementvape.de\/wp-content\/uploads\/2024\/08\/Grape-ice.png","type":"image\/png"}],"twitter_card":"summary_large_image","twitter_misc":{"Est. reading time":"2 minuten"},"schema":{"@context":"https:\/\/schema.org","@graph":[{"@type":"WebPage","@id":"https:\/\/www.elementvape.de\/sk\/produkt\/reduziert-im-sommer-sale15000-zuege-grape-ice-elf-box-ls15000-zum-hammerpreis\/","url":"https:\/\/www.elementvape.de\/sk\/produkt\/reduziert-im-sommer-sale15000-zuege-grape-ice-elf-box-ls15000-zum-hammerpreis\/","name":"Reduziert im Sommer-Sale15000 Z\u00fcge Grape Ice ELF BOX LS15000 zum Hammerpreis | ElementVape.de","isPartOf":{"@id":"https:\/\/www.elementvape.de\/#website"},"primaryImageOfPage":{"@id":"https:\/\/www.elementvape.de\/sk\/produkt\/reduziert-im-sommer-sale15000-zuege-grape-ice-elf-box-ls15000-zum-hammerpreis\/#primaryimage"},"image":{"@id":"https:\/\/www.elementvape.de\/sk\/produkt\/reduziert-im-sommer-sale15000-zuege-grape-ice-elf-box-ls15000-zum-hammerpreis\/#primaryimage"},"thumbnailUrl":"https:\/\/www.elementvape.de\/wp-content\/uploads\/2024\/08\/Grape-ice.png","datePublished":"2024-08-12T08:03:38+00:00","dateModified":"2024-12-12T06:34:59+00:00","description":"Wir bieten Reduziert im Sommer-Sale15000 Z\u00fcge Grape Ice ELF BOX LS15000 zum Hammerpreis , Elementvape.de akzeptieren Gro\u00df-und Einzelhandel Bestellungen.","breadcrumb":{"@id":"https:\/\/www.elementvape.de\/sk\/produkt\/reduziert-im-sommer-sale15000-zuege-grape-ice-elf-box-ls15000-zum-hammerpreis\/#breadcrumb"},"inLanguage":"nl-NL","potentialAction":[{"@type":"ReadAction","target":["https:\/\/www.elementvape.de\/sk\/produkt\/reduziert-im-sommer-sale15000-zuege-grape-ice-elf-box-ls15000-zum-hammerpreis\/"]}]},{"@type":"ImageObject","inLanguage":"nl-NL","@id":"https:\/\/www.elementvape.de\/sk\/produkt\/reduziert-im-sommer-sale15000-zuege-grape-ice-elf-box-ls15000-zum-hammerpreis\/#primaryimage","url":"https:\/\/www.elementvape.de\/wp-content\/uploads\/2024\/08\/Grape-ice.png","contentUrl":"https:\/\/www.elementvape.de\/wp-content\/uploads\/2024\/08\/Grape-ice.png","width":1000,"height":1000,"caption":"Grape ice"},{"@type":"BreadcrumbList","@id":"https:\/\/www.elementvape.de\/sk\/produkt\/reduziert-im-sommer-sale15000-zuege-grape-ice-elf-box-ls15000-zum-hammerpreis\/#breadcrumb","itemListElement":[{"@type":"ListItem","position":1,"name":"Home","item":"https:\/\/www.elementvape.de\/"},{"@type":"ListItem","position":2,"name":"Shop","item":"https:\/\/www.elementvape.de\/shop\/"},{"@type":"ListItem","position":3,"name":"Reduziert im Sommer-Sale15000 Z\u00fcge Grape Ice ELF BOX LS15000 zum Hammerpreis"}]},{"@type":"WebSite","@id":"https:\/\/www.elementvape.de\/#website","url":"https:\/\/www.elementvape.de\/","name":"ElementVape.de","description":"","publisher":{"@id":"https:\/\/www.elementvape.de\/#organization"},"potentialAction":[{"@type":"SearchAction","target":{"@type":"EntryPoint","urlTemplate":"https:\/\/www.elementvape.de\/?s={search_term_string}"},"query-input":"required name=search_term_string"}],"inLanguage":"nl-NL"},{"@type":"Organization","@id":"https:\/\/www.elementvape.de\/#organization","name":"ElementVape.DE","url":"https:\/\/www.elementvape.de\/","logo":{"@type":"ImageObject","inLanguage":"nl-NL","@id":"https:\/\/www.elementvape.de\/#\/schema\/logo\/image\/","url":"https:\/\/www.elementvape.de\/wp-content\/uploads\/2024\/09\/cropped-1elementvape-3.png","contentUrl":"https:\/\/www.elementvape.de\/wp-content\/uploads\/2024\/09\/cropped-1elementvape-3.png","width":285,"height":228,"caption":"ElementVape.DE"},"image":{"@id":"https:\/\/www.elementvape.de\/#\/schema\/logo\/image\/"}}]}},"_links":{"self":[{"href":"https:\/\/www.elementvape.de\/nl\/wp-json\/wp\/v2\/product\/13730"}],"collection":[{"href":"https:\/\/www.elementvape.de\/nl\/wp-json\/wp\/v2\/product"}],"about":[{"href":"https:\/\/www.elementvape.de\/nl\/wp-json\/wp\/v2\/types\/product"}],"wp:featuredmedia":[{"embeddable":true,"href":"https:\/\/www.elementvape.de\/nl\/wp-json\/wp\/v2\/media\/13731"}],"wp:attachment":[{"href":"https:\/\/www.elementvape.de\/nl\/wp-json\/wp\/v2\/media?parent=13730"}],"wp:term":[{"taxonomy":"product_cat","embeddable":true,"href":"https:\/\/www.elementvape.de\/nl\/wp-json\/wp\/v2\/product_cat?post=13730"},{"taxonomy":"product_tag","embeddable":true,"href":"https:\/\/www.elementvape.de\/nl\/wp-json\/wp\/v2\/product_tag?post=13730"}],"curies":[{"name":"wp","href":"https:\/\/api.w.org\/{rel}","templated":true}]}}