{"id":13587,"date":"2024-07-11T09:02:03","date_gmt":"2024-07-11T09:02:03","guid":{"rendered":"https:\/\/www.elementvape.de\/?post_type=product&#038;p=13587"},"modified":"2024-12-12T06:35:13","modified_gmt":"2024-12-12T06:35:13","slug":"veiik-micko-max-einweg-kit-1500-zuege","status":"publish","type":"product","link":"https:\/\/www.elementvape.de\/nl\/produkt\/veiik-micko-max-einweg-kit-1500-zuege\/","title":{"rendered":"VEIIK Micko Max Wegwerp Kit 1500 Zetten"},"content":{"rendered":"<div class=\"flex-shrink-0 flex flex-col relative items-end\">\n<div>\n<div class=\"pt-0.5 juice:pt-0\">\n<div class=\"gizmo-bot-avatar flex h-6 w-6 items-center justify-center overflow-hidden rounded-full juice:h-8 juice:w-8\">\n<div class=\"relative p-1 rounded-sm flex items-center justify-center bg-token-main-surface-primary text-token-text-primary h-8 w-8\"><\/div>\n<\/div>\n<\/div>\n<\/div>\n<\/div>\n<div class=\"group\/conversation-turn relative flex w-full min-w-0 flex-col agent-turn\">\n<div class=\"flex-col gap-1 md:gap-3\">\n<div class=\"flex flex-grow flex-col max-w-full\">\n<div class=\"min-h-[20px] text-message flex flex-col items-start whitespace-pre-wrap break-words [.text-message+&amp;]:mt-5 juice:w-full juice:items-end overflow-x-auto gap-2\" dir=\"auto\" data-message-author-role=\"assistant\" data-message-id=\"332d5550-471d-47ff-947a-302d82996610\">\n<div class=\"flex w-full flex-col gap-1 juice:empty:hidden juice:first:pt-[3px]\">\n<div class=\"markdown prose w-full break-words dark:prose-invert light\">\n<h2><strong>VEIIK Micko Max Wegwerp Kit Overzicht<\/strong><\/h2>\n<p>De VEIIK Micko Max Wegwerp Kit is een krachtig vape-apparaat dat is ontworpen voor comfort en uitzonderlijke smaak. Ge\u00efnspireerd door de mysterieuze patronen uit de roman \u201cShan Hai Jing\u201d, biedt de kit niet alleen stijl, maar ook een indrukwekkende dampervaring dankzij de innovatieve verticale coil-technologie.<\/p>\n<h3>Belangrijkste kenmerken:<\/h3>\n<ul>\n<li><strong>Verticale Coil-Technologie<\/strong>: Zorgt voor pure en intense smaak bij elke trek.<\/li>\n<li><strong>Uniek ontwerp<\/strong>: Heeft een stickerpatroon, ge\u00efnspireerd door de mysterieuze roman \u201cShan Hai Jing\u201d.<\/li>\n<li><strong>Grote E-liquid capaciteit<\/strong>: Voorgevuld met 6ml e-liquid, verkrijgbaar in 30mg of 50mg nicotinegehalte.<\/li>\n<li><strong>Lange batterijduur<\/strong>: Uitgerust met een ingebouwde batterij van 900mAh, die ongeveer 1500 trekken levert.<\/li>\n<li><strong>Veel smaakopties<\/strong>: Biedt een breed scala aan smaken om aan verschillende voorkeuren te voldoen.<\/li>\n<\/ul>\n<h3>Fysische parameters:<\/h3>\n<ul>\n<li><strong>Grootte<\/strong>: \u03c620 x 105mm<\/li>\n<li><strong>E-liquid-capaciteit<\/strong>: 6ml (5% nicotinegehalte)<\/li>\n<li><strong>Coil-weerstand<\/strong>: 1,2\u03a9<\/li>\n<li><strong>Batterijcapaciteit<\/strong>: 900mAh<\/li>\n<li><strong>Aantal trekjes<\/strong>: Ongeveer 1500 trekken<\/li>\n<\/ul>\n<h3>Beschikbare smaken:<\/h3>\n<ol>\n<li>Meloen Appel<\/li>\n<li>Ananas Kokosmelk<\/li>\n<li>Mango Litschi<\/li>\n<li>Lush Ice<\/li>\n<li>Citroen IJs<\/li>\n<li>Perzik Oolong<\/li>\n<li>Bosbessen Suikerspin<\/li>\n<li>Alo\u00eb Druif<\/li>\n<li>Muntgum<\/li>\n<li>Energie IJs<\/li>\n<li>Framboos Sinaasappel<\/li>\n<\/ol>\n<h3>Verpakkingslijst:<\/h3>\n<ul>\n<li>1 x Micko Max Wegwerpset<\/li>\n<\/ul>\n<p>De VEIIK Micko Max Wegwerpset is perfect voor dampers die op zoek zijn naar een stijlvol, gebruiksvriendelijk apparaat met verschillende smaakopties en een hoog aantal trekken.<\/p>\n<\/div>\n<\/div>\n<\/div>\n<\/div>\n<\/div>\n<\/div>","protected":false},"excerpt":{"rendered":"<p>VEIIK Micko Max Disposable Kit \u00dcbersicht Das VEIIK Micko Max Disposable Kit ist ein leistungsstarkes Vape-Ger\u00e4t, das f\u00fcr Komfort und au\u00dfergew\u00f6hnlichen Geschmack entwickelt wurde. Inspiriert von den mystischen Mustern aus dem Roman &#8220;Shan Hai Jing&#8221;, bietet das Kit nicht nur Stil, sondern auch ein beeindruckendes Dampferlebnis dank seiner innovativen vertikalen Coil-Technologie. Hauptmerkmale: Vertikale Coil-Technologie: Sorgt [&hellip;]<\/p>","protected":false},"featured_media":13588,"template":"","meta":{"inline_featured_image":false},"product_cat":[78,747,740,734,753,732,79],"product_tag":[675],"tiered_pricing_type":"fixed","tiered_pricing_fixed_rules":[],"tiered_pricing_percentage_rules":[],"tiered_pricing_minimum":1,"_administrator_tiered_pricing_type":"fixed","_administrator_tiered_pricing_fixed_rules":[],"_editor_tiered_pricing_type":"fixed","_editor_tiered_pricing_fixed_rules":[],"_author_tiered_pricing_type":"fixed","_author_tiered_pricing_fixed_rules":[],"_contributor_tiered_pricing_type":"fixed","_contributor_tiered_pricing_fixed_rules":[],"_subscriber_tiered_pricing_type":"fixed","_subscriber_tiered_pricing_fixed_rules":[],"_customer_tiered_pricing_type":"fixed","_customer_tiered_pricing_fixed_rules":[],"_shop_manager_tiered_pricing_type":"fixed","_shop_manager_tiered_pricing_fixed_rules":[],"_wpseo_manager_tiered_pricing_type":"fixed","_wpseo_manager_tiered_pricing_fixed_rules":[],"_wpseo_editor_tiered_pricing_type":"fixed","_wpseo_editor_tiered_pricing_fixed_rules":[],"_wholesale_customer_tiered_pricing_type":"fixed","_wholesale_customer_tiered_pricing_fixed_rules":[],"_marketer_tiered_pricing_type":"fixed","_marketer_tiered_pricing_fixed_rules":[],"_sales_manager_tiered_pricing_type":"fixed","_sales_manager_tiered_pricing_fixed_rules":[],"_sales_rep_tiered_pricing_type":"fixed","_sales_rep_tiered_pricing_fixed_rules":[],"yoast_head":"<!-- This site is optimized with the Yoast SEO plugin v23.3 - https:\/\/yoast.com\/wordpress\/plugins\/seo\/ -->\n<title>VEIIK Micko Max Einweg-Kit 1500 Z\u00fcge | ElementVape.de<\/title>\n<meta name=\"description\" content=\"Wir bieten VEIIK Micko Max Einweg-Kit 1500 Z\u00fcge , Elementvape.de akzeptieren Gro\u00df-und Einzelhandel Bestellungen.\" \/>\n<meta name=\"robots\" content=\"index, follow, max-snippet:-1, max-image-preview:large, max-video-preview:-1\" \/>\n<link rel=\"canonical\" href=\"https:\/\/www.elementvape.de\/nl\/produkt\/veiik-micko-max-einweg-kit-1500-zuege\/\" \/>\n<meta property=\"og:locale\" content=\"nl_NL\" \/>\n<meta property=\"og:type\" content=\"article\" \/>\n<meta property=\"og:title\" content=\"VEIIK Micko Max Einweg-Kit 1500 Z\u00fcge | ElementVape.de\" \/>\n<meta property=\"og:description\" content=\"Wir bieten VEIIK Micko Max Einweg-Kit 1500 Z\u00fcge , Elementvape.de akzeptieren Gro\u00df-und Einzelhandel Bestellungen.\" \/>\n<meta property=\"og:url\" content=\"https:\/\/www.elementvape.de\/nl\/produkt\/veiik-micko-max-einweg-kit-1500-zuege\/\" \/>\n<meta property=\"og:site_name\" content=\"ElementVape.de\" \/>\n<meta property=\"article:modified_time\" content=\"2024-12-12T06:35:13+00:00\" \/>\n<meta property=\"og:image\" content=\"https:\/\/www.elementvape.de\/wp-content\/uploads\/2024\/07\/VEIIK-Micko-Max-Disposable-Kit-900mAh.webp\" \/>\n\t<meta property=\"og:image:width\" content=\"600\" \/>\n\t<meta property=\"og:image:height\" content=\"600\" \/>\n\t<meta property=\"og:image:type\" content=\"image\/webp\" \/>\n<meta name=\"twitter:card\" content=\"summary_large_image\" \/>\n<meta name=\"twitter:label1\" content=\"Est. reading time\" \/>\n\t<meta name=\"twitter:data1\" content=\"2 minuten\" \/>\n<script type=\"application\/ld+json\" class=\"yoast-schema-graph\">{\"@context\":\"https:\/\/schema.org\",\"@graph\":[{\"@type\":\"WebPage\",\"@id\":\"https:\/\/www.elementvape.de\/produkt\/veiik-micko-max-einweg-kit-1500-zuege\/\",\"url\":\"https:\/\/www.elementvape.de\/produkt\/veiik-micko-max-einweg-kit-1500-zuege\/\",\"name\":\"VEIIK Micko Max Einweg-Kit 1500 Z\u00fcge | ElementVape.de\",\"isPartOf\":{\"@id\":\"https:\/\/www.elementvape.de\/#website\"},\"primaryImageOfPage\":{\"@id\":\"https:\/\/www.elementvape.de\/produkt\/veiik-micko-max-einweg-kit-1500-zuege\/#primaryimage\"},\"image\":{\"@id\":\"https:\/\/www.elementvape.de\/produkt\/veiik-micko-max-einweg-kit-1500-zuege\/#primaryimage\"},\"thumbnailUrl\":\"https:\/\/www.elementvape.de\/wp-content\/uploads\/2024\/07\/VEIIK-Micko-Max-Disposable-Kit-900mAh.webp\",\"datePublished\":\"2024-07-11T09:02:03+00:00\",\"dateModified\":\"2024-12-12T06:35:13+00:00\",\"description\":\"Wir bieten VEIIK Micko Max Einweg-Kit 1500 Z\u00fcge , Elementvape.de akzeptieren Gro\u00df-und Einzelhandel Bestellungen.\",\"breadcrumb\":{\"@id\":\"https:\/\/www.elementvape.de\/produkt\/veiik-micko-max-einweg-kit-1500-zuege\/#breadcrumb\"},\"inLanguage\":\"nl-NL\",\"potentialAction\":[{\"@type\":\"ReadAction\",\"target\":[\"https:\/\/www.elementvape.de\/produkt\/veiik-micko-max-einweg-kit-1500-zuege\/\"]}]},{\"@type\":\"ImageObject\",\"inLanguage\":\"nl-NL\",\"@id\":\"https:\/\/www.elementvape.de\/produkt\/veiik-micko-max-einweg-kit-1500-zuege\/#primaryimage\",\"url\":\"https:\/\/www.elementvape.de\/wp-content\/uploads\/2024\/07\/VEIIK-Micko-Max-Disposable-Kit-900mAh.webp\",\"contentUrl\":\"https:\/\/www.elementvape.de\/wp-content\/uploads\/2024\/07\/VEIIK-Micko-Max-Disposable-Kit-900mAh.webp\",\"width\":600,\"height\":600,\"caption\":\"VEIIK-Micko-Max-Disposable-Kit-900mAh\"},{\"@type\":\"BreadcrumbList\",\"@id\":\"https:\/\/www.elementvape.de\/produkt\/veiik-micko-max-einweg-kit-1500-zuege\/#breadcrumb\",\"itemListElement\":[{\"@type\":\"ListItem\",\"position\":1,\"name\":\"Home\",\"item\":\"https:\/\/www.elementvape.de\/\"},{\"@type\":\"ListItem\",\"position\":2,\"name\":\"Shop\",\"item\":\"https:\/\/www.elementvape.de\/shop\/\"},{\"@type\":\"ListItem\",\"position\":3,\"name\":\"VEIIK Micko Max Einweg-Kit 1500 Z\u00fcge\"}]},{\"@type\":\"WebSite\",\"@id\":\"https:\/\/www.elementvape.de\/#website\",\"url\":\"https:\/\/www.elementvape.de\/\",\"name\":\"ElementVape.de\",\"description\":\"\",\"publisher\":{\"@id\":\"https:\/\/www.elementvape.de\/#organization\"},\"potentialAction\":[{\"@type\":\"SearchAction\",\"target\":{\"@type\":\"EntryPoint\",\"urlTemplate\":\"https:\/\/www.elementvape.de\/?s={search_term_string}\"},\"query-input\":\"required name=search_term_string\"}],\"inLanguage\":\"nl-NL\"},{\"@type\":\"Organization\",\"@id\":\"https:\/\/www.elementvape.de\/#organization\",\"name\":\"ElementVape.DE\",\"url\":\"https:\/\/www.elementvape.de\/\",\"logo\":{\"@type\":\"ImageObject\",\"inLanguage\":\"nl-NL\",\"@id\":\"https:\/\/www.elementvape.de\/#\/schema\/logo\/image\/\",\"url\":\"https:\/\/www.elementvape.de\/wp-content\/uploads\/2024\/09\/cropped-1elementvape-3.png\",\"contentUrl\":\"https:\/\/www.elementvape.de\/wp-content\/uploads\/2024\/09\/cropped-1elementvape-3.png\",\"width\":285,\"height\":228,\"caption\":\"ElementVape.DE\"},\"image\":{\"@id\":\"https:\/\/www.elementvape.de\/#\/schema\/logo\/image\/\"}}]}<\/script>\n<!-- \/ Yoast SEO plugin. -->","yoast_head_json":{"title":"VEIIK Micko Max Einweg-Kit 1500 Z\u00fcge | ElementVape.de","description":"Wir bieten VEIIK Micko Max Einweg-Kit 1500 Z\u00fcge , Elementvape.de akzeptieren Gro\u00df-und Einzelhandel Bestellungen.","robots":{"index":"index","follow":"follow","max-snippet":"max-snippet:-1","max-image-preview":"max-image-preview:large","max-video-preview":"max-video-preview:-1"},"canonical":"https:\/\/www.elementvape.de\/nl\/produkt\/veiik-micko-max-einweg-kit-1500-zuege\/","og_locale":"nl_NL","og_type":"article","og_title":"VEIIK Micko Max Einweg-Kit 1500 Z\u00fcge | ElementVape.de","og_description":"Wir bieten VEIIK Micko Max Einweg-Kit 1500 Z\u00fcge , Elementvape.de akzeptieren Gro\u00df-und Einzelhandel Bestellungen.","og_url":"https:\/\/www.elementvape.de\/nl\/produkt\/veiik-micko-max-einweg-kit-1500-zuege\/","og_site_name":"ElementVape.de","article_modified_time":"2024-12-12T06:35:13+00:00","og_image":[{"width":600,"height":600,"url":"https:\/\/www.elementvape.de\/wp-content\/uploads\/2024\/07\/VEIIK-Micko-Max-Disposable-Kit-900mAh.webp","type":"image\/webp"}],"twitter_card":"summary_large_image","twitter_misc":{"Est. reading time":"2 minuten"},"schema":{"@context":"https:\/\/schema.org","@graph":[{"@type":"WebPage","@id":"https:\/\/www.elementvape.de\/produkt\/veiik-micko-max-einweg-kit-1500-zuege\/","url":"https:\/\/www.elementvape.de\/produkt\/veiik-micko-max-einweg-kit-1500-zuege\/","name":"VEIIK Micko Max Einweg-Kit 1500 Z\u00fcge | ElementVape.de","isPartOf":{"@id":"https:\/\/www.elementvape.de\/#website"},"primaryImageOfPage":{"@id":"https:\/\/www.elementvape.de\/produkt\/veiik-micko-max-einweg-kit-1500-zuege\/#primaryimage"},"image":{"@id":"https:\/\/www.elementvape.de\/produkt\/veiik-micko-max-einweg-kit-1500-zuege\/#primaryimage"},"thumbnailUrl":"https:\/\/www.elementvape.de\/wp-content\/uploads\/2024\/07\/VEIIK-Micko-Max-Disposable-Kit-900mAh.webp","datePublished":"2024-07-11T09:02:03+00:00","dateModified":"2024-12-12T06:35:13+00:00","description":"Wir bieten VEIIK Micko Max Einweg-Kit 1500 Z\u00fcge , Elementvape.de akzeptieren Gro\u00df-und Einzelhandel Bestellungen.","breadcrumb":{"@id":"https:\/\/www.elementvape.de\/produkt\/veiik-micko-max-einweg-kit-1500-zuege\/#breadcrumb"},"inLanguage":"nl-NL","potentialAction":[{"@type":"ReadAction","target":["https:\/\/www.elementvape.de\/produkt\/veiik-micko-max-einweg-kit-1500-zuege\/"]}]},{"@type":"ImageObject","inLanguage":"nl-NL","@id":"https:\/\/www.elementvape.de\/produkt\/veiik-micko-max-einweg-kit-1500-zuege\/#primaryimage","url":"https:\/\/www.elementvape.de\/wp-content\/uploads\/2024\/07\/VEIIK-Micko-Max-Disposable-Kit-900mAh.webp","contentUrl":"https:\/\/www.elementvape.de\/wp-content\/uploads\/2024\/07\/VEIIK-Micko-Max-Disposable-Kit-900mAh.webp","width":600,"height":600,"caption":"VEIIK-Micko-Max-Disposable-Kit-900mAh"},{"@type":"BreadcrumbList","@id":"https:\/\/www.elementvape.de\/produkt\/veiik-micko-max-einweg-kit-1500-zuege\/#breadcrumb","itemListElement":[{"@type":"ListItem","position":1,"name":"Home","item":"https:\/\/www.elementvape.de\/"},{"@type":"ListItem","position":2,"name":"Shop","item":"https:\/\/www.elementvape.de\/shop\/"},{"@type":"ListItem","position":3,"name":"VEIIK Micko Max Einweg-Kit 1500 Z\u00fcge"}]},{"@type":"WebSite","@id":"https:\/\/www.elementvape.de\/#website","url":"https:\/\/www.elementvape.de\/","name":"ElementVape.de","description":"","publisher":{"@id":"https:\/\/www.elementvape.de\/#organization"},"potentialAction":[{"@type":"SearchAction","target":{"@type":"EntryPoint","urlTemplate":"https:\/\/www.elementvape.de\/?s={search_term_string}"},"query-input":"required name=search_term_string"}],"inLanguage":"nl-NL"},{"@type":"Organization","@id":"https:\/\/www.elementvape.de\/#organization","name":"ElementVape.DE","url":"https:\/\/www.elementvape.de\/","logo":{"@type":"ImageObject","inLanguage":"nl-NL","@id":"https:\/\/www.elementvape.de\/#\/schema\/logo\/image\/","url":"https:\/\/www.elementvape.de\/wp-content\/uploads\/2024\/09\/cropped-1elementvape-3.png","contentUrl":"https:\/\/www.elementvape.de\/wp-content\/uploads\/2024\/09\/cropped-1elementvape-3.png","width":285,"height":228,"caption":"ElementVape.DE"},"image":{"@id":"https:\/\/www.elementvape.de\/#\/schema\/logo\/image\/"}}]}},"_links":{"self":[{"href":"https:\/\/www.elementvape.de\/nl\/wp-json\/wp\/v2\/product\/13587"}],"collection":[{"href":"https:\/\/www.elementvape.de\/nl\/wp-json\/wp\/v2\/product"}],"about":[{"href":"https:\/\/www.elementvape.de\/nl\/wp-json\/wp\/v2\/types\/product"}],"wp:featuredmedia":[{"embeddable":true,"href":"https:\/\/www.elementvape.de\/nl\/wp-json\/wp\/v2\/media\/13588"}],"wp:attachment":[{"href":"https:\/\/www.elementvape.de\/nl\/wp-json\/wp\/v2\/media?parent=13587"}],"wp:term":[{"taxonomy":"product_cat","embeddable":true,"href":"https:\/\/www.elementvape.de\/nl\/wp-json\/wp\/v2\/product_cat?post=13587"},{"taxonomy":"product_tag","embeddable":true,"href":"https:\/\/www.elementvape.de\/nl\/wp-json\/wp\/v2\/product_tag?post=13587"}],"curies":[{"name":"wp","href":"https:\/\/api.w.org\/{rel}","templated":true}]}}