{"id":12247,"date":"2024-06-17T09:05:45","date_gmt":"2024-06-17T09:05:45","guid":{"rendered":"https:\/\/www.elementvape.de\/?post_type=product&#038;p=12247"},"modified":"2024-09-12T10:36:05","modified_gmt":"2024-09-12T10:36:05","slug":"voopoo-argus-g-pod-kit","status":"publish","type":"product","link":"https:\/\/www.elementvape.de\/nl\/produkt\/voopoo-argus-g-pod-kit\/","title":{"rendered":"VOOPOO ARGUS G Pod Kit"},"content":{"rendered":"<h2>Productbeschrijving: VOOPOO ARGUS G Vape<\/h2>\n<p>Koop VOOPOO ARGUS G Vape-producten tegen de beste groothandelsprijzen. De ARGUS G is VOOPOO's eerste POD in 'rechthoekige stick-stijl', ontwikkeld voor een soepel dampervaring. Door de polijstprocessen op nanometerschaal en het ge\u00efntegreerde gestroomlijnde ontwerp van aluminiumlegering straalt de ARGUS G en voelt hij prettig glad aan. Met een ingebouwde 1000-mAh-batterij dekt hij gemakkelijk ongeveer 3 dagen dampbehoefte.<\/p>\n<h3>Eigenschappen<\/h3>\n<ul>\n<li><strong>VOOPOO ITO-technologie<\/strong>: Speciale verstuivingstechnologie voor MTL-dampen, die een stabiele smaak biedt en de levensduur van de coil verlengt.<\/li>\n<li><strong>Vermogensbereik<\/strong>: 5 W tot 25 W, geschikt voor e-liquids met Free Base en Nicotinezout.<\/li>\n<li><strong>Multifunctionele knop met OLED-scherm<\/strong>: Weergave van aantal trekken, vermogen- en luchtstroomfunctie, evenals handmatige vergrendel-\/ontgrendelingsfunctie.<\/li>\n<li><strong>Ingebouwde 1000 mAh-batterij<\/strong>: Dekt tot 3 dagen dampbehoefte.<\/li>\n<li><strong>Compatibele cartridges<\/strong>: ARGUS POD-cartridges 0,7 \u03a9 en 1,2 \u03a9, evenals ARGUS POD-leegcartridges met verschillende VOOPOO ITO-coils.<\/li>\n<\/ul>\n<h4>Specificaties<\/h4>\n<ul>\n<li><strong>Grootte<\/strong>: 25,7 x 13,5 x 110,9 mm<\/li>\n<li><strong>Uitgangsvermogen<\/strong>: 5 \u2013 25 W<\/li>\n<li><strong>Capaciteit<\/strong>: 2 ml<\/li>\n<li><strong>Weerstand<\/strong>: ARGUS POD-cartridge 0,7\/1,2 \u03a9<\/li>\n<li><strong>Uitgangsspanning<\/strong>: 3,2 \u2013 4,2 V<\/li>\n<li><strong>Batterij<\/strong>: 1000 mAh (ingebouwd)<\/li>\n<li><strong>Materiaal<\/strong>: Aluminiumlegering + PCTG<\/li>\n<li><strong>Kleuren<\/strong>: Zand Drift Goud, Glow Pink, Satijn Blauw, Space Grey, Racegroen, Aurora Blauw, Glans Zwart<\/li>\n<\/ul>\n<h4>Verpakkingsinhoud<\/h4>\n<ul>\n<li>1 x ARGUS G POD-apparaat<\/li>\n<li>1 x ARGUS POD-cartridge 0,7 \u03a9<\/li>\n<li>1 x ARGUS POD-cartridge 1,2 \u03a9<\/li>\n<li>1 x Gebruikershandleiding<\/li>\n<li>1 x Type-C-kabel<\/li>\n<li>1 x Draagriem<\/li>\n<li>1 x Argus Pod-platformkaart<\/li>\n<\/ul>\n<p>De VOOPOO ARGUS G biedt een naadloze en persoonlijke dampervaring met geavanceerde technologie en stijlvol ontwerp. Koop nu bij Vapewholesaleglobal voor de beste groothandelprijzen en geniet van een eersteklas vape-ervaring!<\/p>","protected":false},"excerpt":{"rendered":"<p>Produktbeschreibung: VOOPOO ARGUS G Vape Kaufen Sie VOOPOO ARGUS G Vape-Produkte zu den besten Gro\u00dfhandelspreisen. Der ARGUS G ist VOOPOOs erster POD im \u201erechteckigen Stick-Stil\u201c, der f\u00fcr ein rundum reibungsloses Dampferlebnis entwickelt wurde. Durch die Polierprozesse im Nanometerma\u00dfstab und das integrierte stromlinienf\u00f6rmige Design aus Aluminiumlegierung gl\u00e4nzt der ARGUS G und f\u00fchlt sich angenehm glatt an. [&hellip;]<\/p>","protected":false},"featured_media":12248,"template":"","meta":{"inline_featured_image":false},"product_cat":[754,745,742,748,744,755,738,751,76],"product_tag":[],"tiered_pricing_type":"fixed","tiered_pricing_fixed_rules":[],"tiered_pricing_percentage_rules":[],"tiered_pricing_minimum":1,"_administrator_tiered_pricing_type":"fixed","_administrator_tiered_pricing_fixed_rules":[],"_editor_tiered_pricing_type":"fixed","_editor_tiered_pricing_fixed_rules":[],"_author_tiered_pricing_type":"fixed","_author_tiered_pricing_fixed_rules":[],"_contributor_tiered_pricing_type":"fixed","_contributor_tiered_pricing_fixed_rules":[],"_subscriber_tiered_pricing_type":"fixed","_subscriber_tiered_pricing_fixed_rules":[],"_customer_tiered_pricing_type":"fixed","_customer_tiered_pricing_fixed_rules":[],"_shop_manager_tiered_pricing_type":"fixed","_shop_manager_tiered_pricing_fixed_rules":[],"_wpseo_manager_tiered_pricing_type":"fixed","_wpseo_manager_tiered_pricing_fixed_rules":[],"_wpseo_editor_tiered_pricing_type":"fixed","_wpseo_editor_tiered_pricing_fixed_rules":[],"_wholesale_customer_tiered_pricing_type":"fixed","_wholesale_customer_tiered_pricing_fixed_rules":[],"_marketer_tiered_pricing_type":"fixed","_marketer_tiered_pricing_fixed_rules":[],"_sales_manager_tiered_pricing_type":"fixed","_sales_manager_tiered_pricing_fixed_rules":[],"_sales_rep_tiered_pricing_type":"fixed","_sales_rep_tiered_pricing_fixed_rules":[],"yoast_head":"<!-- This site is optimized with the Yoast SEO plugin v23.3 - https:\/\/yoast.com\/wordpress\/plugins\/seo\/ -->\n<title>VOOPOO ARGUS G Pod Kit | ElementVape.de<\/title>\n<meta name=\"description\" content=\"Wir bieten VOOPOO ARGUS G Pod Kit , Elementvape.de akzeptieren Gro\u00df-und Einzelhandel Bestellungen.\" \/>\n<meta name=\"robots\" content=\"index, follow, max-snippet:-1, max-image-preview:large, max-video-preview:-1\" \/>\n<link rel=\"canonical\" href=\"https:\/\/www.elementvape.de\/nl\/produkt\/voopoo-argus-g-pod-kit\/\" \/>\n<meta property=\"og:locale\" content=\"nl_NL\" \/>\n<meta property=\"og:type\" content=\"article\" \/>\n<meta property=\"og:title\" content=\"VOOPOO ARGUS G Pod Kit | ElementVape.de\" \/>\n<meta property=\"og:description\" content=\"Wir bieten VOOPOO ARGUS G Pod Kit , Elementvape.de akzeptieren Gro\u00df-und Einzelhandel Bestellungen.\" \/>\n<meta property=\"og:url\" content=\"https:\/\/www.elementvape.de\/nl\/produkt\/voopoo-argus-g-pod-kit\/\" \/>\n<meta property=\"og:site_name\" content=\"ElementVape.de\" \/>\n<meta property=\"article:modified_time\" content=\"2024-09-12T10:36:05+00:00\" \/>\n<meta property=\"og:image\" content=\"https:\/\/www.elementvape.de\/wp-content\/uploads\/2024\/06\/VOOPOO-ARGUS-G-Pod-Kit.webp\" \/>\n\t<meta property=\"og:image:width\" content=\"800\" \/>\n\t<meta property=\"og:image:height\" content=\"800\" \/>\n\t<meta property=\"og:image:type\" content=\"image\/webp\" \/>\n<meta name=\"twitter:card\" content=\"summary_large_image\" \/>\n<meta name=\"twitter:label1\" content=\"Est. reading time\" \/>\n\t<meta name=\"twitter:data1\" content=\"2 minuten\" \/>\n<script type=\"application\/ld+json\" class=\"yoast-schema-graph\">{\"@context\":\"https:\/\/schema.org\",\"@graph\":[{\"@type\":\"WebPage\",\"@id\":\"https:\/\/www.elementvape.de\/produkt\/voopoo-argus-g-pod-kit\/\",\"url\":\"https:\/\/www.elementvape.de\/produkt\/voopoo-argus-g-pod-kit\/\",\"name\":\"VOOPOO ARGUS G Pod Kit | ElementVape.de\",\"isPartOf\":{\"@id\":\"https:\/\/www.elementvape.de\/#website\"},\"primaryImageOfPage\":{\"@id\":\"https:\/\/www.elementvape.de\/produkt\/voopoo-argus-g-pod-kit\/#primaryimage\"},\"image\":{\"@id\":\"https:\/\/www.elementvape.de\/produkt\/voopoo-argus-g-pod-kit\/#primaryimage\"},\"thumbnailUrl\":\"https:\/\/www.elementvape.de\/wp-content\/uploads\/2024\/06\/VOOPOO-ARGUS-G-Pod-Kit.webp\",\"datePublished\":\"2024-06-17T09:05:45+00:00\",\"dateModified\":\"2024-09-12T10:36:05+00:00\",\"description\":\"Wir bieten VOOPOO ARGUS G Pod Kit , Elementvape.de akzeptieren Gro\u00df-und Einzelhandel Bestellungen.\",\"breadcrumb\":{\"@id\":\"https:\/\/www.elementvape.de\/produkt\/voopoo-argus-g-pod-kit\/#breadcrumb\"},\"inLanguage\":\"nl-NL\",\"potentialAction\":[{\"@type\":\"ReadAction\",\"target\":[\"https:\/\/www.elementvape.de\/produkt\/voopoo-argus-g-pod-kit\/\"]}]},{\"@type\":\"ImageObject\",\"inLanguage\":\"nl-NL\",\"@id\":\"https:\/\/www.elementvape.de\/produkt\/voopoo-argus-g-pod-kit\/#primaryimage\",\"url\":\"https:\/\/www.elementvape.de\/wp-content\/uploads\/2024\/06\/VOOPOO-ARGUS-G-Pod-Kit.webp\",\"contentUrl\":\"https:\/\/www.elementvape.de\/wp-content\/uploads\/2024\/06\/VOOPOO-ARGUS-G-Pod-Kit.webp\",\"width\":800,\"height\":800,\"caption\":\"VOOPOO-ARGUS-G-Pod-Kit\"},{\"@type\":\"BreadcrumbList\",\"@id\":\"https:\/\/www.elementvape.de\/produkt\/voopoo-argus-g-pod-kit\/#breadcrumb\",\"itemListElement\":[{\"@type\":\"ListItem\",\"position\":1,\"name\":\"Home\",\"item\":\"https:\/\/www.elementvape.de\/\"},{\"@type\":\"ListItem\",\"position\":2,\"name\":\"Shop\",\"item\":\"https:\/\/www.elementvape.de\/shop\/\"},{\"@type\":\"ListItem\",\"position\":3,\"name\":\"VOOPOO ARGUS G Pod Kit\"}]},{\"@type\":\"WebSite\",\"@id\":\"https:\/\/www.elementvape.de\/#website\",\"url\":\"https:\/\/www.elementvape.de\/\",\"name\":\"ElementVape.de\",\"description\":\"\",\"publisher\":{\"@id\":\"https:\/\/www.elementvape.de\/#organization\"},\"potentialAction\":[{\"@type\":\"SearchAction\",\"target\":{\"@type\":\"EntryPoint\",\"urlTemplate\":\"https:\/\/www.elementvape.de\/?s={search_term_string}\"},\"query-input\":\"required name=search_term_string\"}],\"inLanguage\":\"nl-NL\"},{\"@type\":\"Organization\",\"@id\":\"https:\/\/www.elementvape.de\/#organization\",\"name\":\"ElementVape.DE\",\"url\":\"https:\/\/www.elementvape.de\/\",\"logo\":{\"@type\":\"ImageObject\",\"inLanguage\":\"nl-NL\",\"@id\":\"https:\/\/www.elementvape.de\/#\/schema\/logo\/image\/\",\"url\":\"https:\/\/www.elementvape.de\/wp-content\/uploads\/2024\/09\/cropped-1elementvape-3.png\",\"contentUrl\":\"https:\/\/www.elementvape.de\/wp-content\/uploads\/2024\/09\/cropped-1elementvape-3.png\",\"width\":285,\"height\":228,\"caption\":\"ElementVape.DE\"},\"image\":{\"@id\":\"https:\/\/www.elementvape.de\/#\/schema\/logo\/image\/\"}}]}<\/script>\n<!-- \/ Yoast SEO plugin. -->","yoast_head_json":{"title":"VOOPOO ARGUS G Pod Kit | ElementVape.de","description":"Wir bieten VOOPOO ARGUS G Pod Kit , Elementvape.de akzeptieren Gro\u00df-und Einzelhandel Bestellungen.","robots":{"index":"index","follow":"follow","max-snippet":"max-snippet:-1","max-image-preview":"max-image-preview:large","max-video-preview":"max-video-preview:-1"},"canonical":"https:\/\/www.elementvape.de\/nl\/produkt\/voopoo-argus-g-pod-kit\/","og_locale":"nl_NL","og_type":"article","og_title":"VOOPOO ARGUS G Pod Kit | ElementVape.de","og_description":"Wir bieten VOOPOO ARGUS G Pod Kit , Elementvape.de akzeptieren Gro\u00df-und Einzelhandel Bestellungen.","og_url":"https:\/\/www.elementvape.de\/nl\/produkt\/voopoo-argus-g-pod-kit\/","og_site_name":"ElementVape.de","article_modified_time":"2024-09-12T10:36:05+00:00","og_image":[{"width":800,"height":800,"url":"https:\/\/www.elementvape.de\/wp-content\/uploads\/2024\/06\/VOOPOO-ARGUS-G-Pod-Kit.webp","type":"image\/webp"}],"twitter_card":"summary_large_image","twitter_misc":{"Est. reading time":"2 minuten"},"schema":{"@context":"https:\/\/schema.org","@graph":[{"@type":"WebPage","@id":"https:\/\/www.elementvape.de\/produkt\/voopoo-argus-g-pod-kit\/","url":"https:\/\/www.elementvape.de\/produkt\/voopoo-argus-g-pod-kit\/","name":"VOOPOO ARGUS G Pod Kit | ElementVape.de","isPartOf":{"@id":"https:\/\/www.elementvape.de\/#website"},"primaryImageOfPage":{"@id":"https:\/\/www.elementvape.de\/produkt\/voopoo-argus-g-pod-kit\/#primaryimage"},"image":{"@id":"https:\/\/www.elementvape.de\/produkt\/voopoo-argus-g-pod-kit\/#primaryimage"},"thumbnailUrl":"https:\/\/www.elementvape.de\/wp-content\/uploads\/2024\/06\/VOOPOO-ARGUS-G-Pod-Kit.webp","datePublished":"2024-06-17T09:05:45+00:00","dateModified":"2024-09-12T10:36:05+00:00","description":"Wir bieten VOOPOO ARGUS G Pod Kit , Elementvape.de akzeptieren Gro\u00df-und Einzelhandel Bestellungen.","breadcrumb":{"@id":"https:\/\/www.elementvape.de\/produkt\/voopoo-argus-g-pod-kit\/#breadcrumb"},"inLanguage":"nl-NL","potentialAction":[{"@type":"ReadAction","target":["https:\/\/www.elementvape.de\/produkt\/voopoo-argus-g-pod-kit\/"]}]},{"@type":"ImageObject","inLanguage":"nl-NL","@id":"https:\/\/www.elementvape.de\/produkt\/voopoo-argus-g-pod-kit\/#primaryimage","url":"https:\/\/www.elementvape.de\/wp-content\/uploads\/2024\/06\/VOOPOO-ARGUS-G-Pod-Kit.webp","contentUrl":"https:\/\/www.elementvape.de\/wp-content\/uploads\/2024\/06\/VOOPOO-ARGUS-G-Pod-Kit.webp","width":800,"height":800,"caption":"VOOPOO-ARGUS-G-Pod-Kit"},{"@type":"BreadcrumbList","@id":"https:\/\/www.elementvape.de\/produkt\/voopoo-argus-g-pod-kit\/#breadcrumb","itemListElement":[{"@type":"ListItem","position":1,"name":"Home","item":"https:\/\/www.elementvape.de\/"},{"@type":"ListItem","position":2,"name":"Shop","item":"https:\/\/www.elementvape.de\/shop\/"},{"@type":"ListItem","position":3,"name":"VOOPOO ARGUS G Pod Kit"}]},{"@type":"WebSite","@id":"https:\/\/www.elementvape.de\/#website","url":"https:\/\/www.elementvape.de\/","name":"ElementVape.de","description":"","publisher":{"@id":"https:\/\/www.elementvape.de\/#organization"},"potentialAction":[{"@type":"SearchAction","target":{"@type":"EntryPoint","urlTemplate":"https:\/\/www.elementvape.de\/?s={search_term_string}"},"query-input":"required name=search_term_string"}],"inLanguage":"nl-NL"},{"@type":"Organization","@id":"https:\/\/www.elementvape.de\/#organization","name":"ElementVape.DE","url":"https:\/\/www.elementvape.de\/","logo":{"@type":"ImageObject","inLanguage":"nl-NL","@id":"https:\/\/www.elementvape.de\/#\/schema\/logo\/image\/","url":"https:\/\/www.elementvape.de\/wp-content\/uploads\/2024\/09\/cropped-1elementvape-3.png","contentUrl":"https:\/\/www.elementvape.de\/wp-content\/uploads\/2024\/09\/cropped-1elementvape-3.png","width":285,"height":228,"caption":"ElementVape.DE"},"image":{"@id":"https:\/\/www.elementvape.de\/#\/schema\/logo\/image\/"}}]}},"_links":{"self":[{"href":"https:\/\/www.elementvape.de\/nl\/wp-json\/wp\/v2\/product\/12247"}],"collection":[{"href":"https:\/\/www.elementvape.de\/nl\/wp-json\/wp\/v2\/product"}],"about":[{"href":"https:\/\/www.elementvape.de\/nl\/wp-json\/wp\/v2\/types\/product"}],"wp:featuredmedia":[{"embeddable":true,"href":"https:\/\/www.elementvape.de\/nl\/wp-json\/wp\/v2\/media\/12248"}],"wp:attachment":[{"href":"https:\/\/www.elementvape.de\/nl\/wp-json\/wp\/v2\/media?parent=12247"}],"wp:term":[{"taxonomy":"product_cat","embeddable":true,"href":"https:\/\/www.elementvape.de\/nl\/wp-json\/wp\/v2\/product_cat?post=12247"},{"taxonomy":"product_tag","embeddable":true,"href":"https:\/\/www.elementvape.de\/nl\/wp-json\/wp\/v2\/product_tag?post=12247"}],"curies":[{"name":"wp","href":"https:\/\/api.w.org\/{rel}","templated":true}]}}