{"id":12232,"date":"2024-06-17T08:51:51","date_gmt":"2024-06-17T08:51:51","guid":{"rendered":"https:\/\/www.elementvape.de\/?post_type=product&#038;p=12232"},"modified":"2024-09-12T10:36:05","modified_gmt":"2024-09-12T10:36:05","slug":"voopoo-argus-xt-mod","status":"publish","type":"product","link":"https:\/\/www.elementvape.de\/nl\/produkt\/voopoo-argus-xt-mod\/","title":{"rendered":"VOOPOO Argus XT Mod"},"content":{"rendered":"<h2>Productbeschrijving: Voopoo Argus XT Mod Vape<\/h2>\n<h4>Productdetails<\/h4>\n<p>De Voopoo Argus XT&amp;MT Mod is een veelzijdig en krachtig apparaat dat ofwel een enkele 18650- of 21700-batterij (voor XT) kan gebruiken, of een ingebouwde 3000-mAh-batterij (voor MT). Met een vermogen van 5 tot 100 W en een 0,96-inch TFT-kleurenscherm biedt het verschillende modi: VW (RBA), SMART, TC (Ni, SS, Ti) en Turbo. De turbomodus biedt een vermogenstoename bij de eerste trek voor dikke damp. De GENE TT 2.0-chip zorgt voor constante wattages en biedt 7 uitgebreide beveiligingsfuncties. De QS-vergrendeling met schuifregelaar kan alle knoppen vergrendelen, wat extra veiligheid biedt.<\/p>\n<h4>Functies<\/h4>\n<ul>\n<li><strong>100 W maximale uitgangsvermogen<\/strong>: Biedt een breed scala aan vermogensopties voor verschillende dampbehoeften.<\/li>\n<li><strong>IP68-gecertificeerd<\/strong>: Robuust en duurzaam ontwerp dat water-, stof- en schokbestendig is.<\/li>\n<li><strong>Loodvrij ontwerp<\/strong>: Modern en esthetisch ontwerp zonder zichtbare gaten.<\/li>\n<li><strong>GENE.TT 2.0-chip<\/strong>: Geavanceerde chipset voor optimale prestaties en bescherming.<\/li>\n<li><strong>Turbomodus<\/strong>: Biedt een initi\u00eble vermogenstoename voor intensieve damp.<\/li>\n<li><strong>3A Type-C-opladen<\/strong>: Snelle en effici\u00ebnte oplaadmogelijkheid.<\/li>\n<\/ul>\n<h4>Specificaties<\/h4>\n<ul>\n<li><strong>Productnaam<\/strong>: ARGUS XT-modus<\/li>\n<li><strong>Grootte<\/strong>: 94,7 x 34,5 x 37 mm<\/li>\n<li><strong>Vermogensbereik<\/strong>: 5 \u2013 100 W<\/li>\n<li><strong>Weerstandsbereik<\/strong>: 0,05 \u2013 3,0 \u03a9<\/li>\n<li><strong>Uitgangsspanning<\/strong>: Max. 8,5 V<\/li>\n<li><strong>Batterij<\/strong>: Enkel 21700\/18650 (niet inbegrepen)<\/li>\n<li><strong>Compatibele coils<\/strong>: TPP-DM1, TPP-DM2, TPP-DM3, TPP-DM4<\/li>\n<\/ul>\n<h4>Aanbevolen tanks<\/h4>\n<ul>\n<li><strong>Maat Tank Nieuw<\/strong><\/li>\n<li><strong>TPP-X Pod Tank<\/strong>\n<ul>\n<li>Opmerking: Gebruik alstublieft een verstuiver met een diameter van minder dan 28 mm.<\/li>\n<\/ul>\n<\/li>\n<\/ul>\n<h4>Verpakkingsinhoud<\/h4>\n<ul>\n<li>1 x ARGUS XT Mod-apparaat<\/li>\n<li>1 x 18650 batterijadapter<\/li>\n<li>1 x Type-C-kabel<\/li>\n<li>1 x Gebruikershandleiding<\/li>\n<\/ul>\n<p>Ervaar de perfecte combinatie van geavanceerde technologie, robuust ontwerp en hoge prestaties met de Voopoo Argus XT Mod. Koop nu in grote hoeveelheden bij Vapewholesaleglobal en profiteer van onze beste groothandelprijzen!<\/p>","protected":false},"excerpt":{"rendered":"<p>Produktbeschreibung: Voopoo Argus XT Mod Vape Produktdetails Der Voopoo Argus XT&amp;MT Mod ist ein vielseitiges und leistungsstarkes Ger\u00e4t, das entweder einen einzelnen 18650- oder 21700-Akku (f\u00fcr XT) oder einen eingebauten 3000-mAh-Akku (f\u00fcr MT) verwenden kann. Mit einer Leistung von 5 bis 100 W und einem 0,96-Zoll-TFT-Farbdisplay bietet es verschiedene Modi: VW (RBA), SMART, TC (Ni, [&hellip;]<\/p>","protected":false},"featured_media":12234,"template":"","meta":{"inline_featured_image":false},"product_cat":[754,745,742,748,744,755,738,751,77],"product_tag":[],"tiered_pricing_type":"fixed","tiered_pricing_fixed_rules":[],"tiered_pricing_percentage_rules":[],"tiered_pricing_minimum":1,"_administrator_tiered_pricing_type":"fixed","_administrator_tiered_pricing_fixed_rules":[],"_editor_tiered_pricing_type":"fixed","_editor_tiered_pricing_fixed_rules":[],"_author_tiered_pricing_type":"fixed","_author_tiered_pricing_fixed_rules":[],"_contributor_tiered_pricing_type":"fixed","_contributor_tiered_pricing_fixed_rules":[],"_subscriber_tiered_pricing_type":"fixed","_subscriber_tiered_pricing_fixed_rules":[],"_customer_tiered_pricing_type":"fixed","_customer_tiered_pricing_fixed_rules":[],"_shop_manager_tiered_pricing_type":"fixed","_shop_manager_tiered_pricing_fixed_rules":[],"_wpseo_manager_tiered_pricing_type":"fixed","_wpseo_manager_tiered_pricing_fixed_rules":[],"_wpseo_editor_tiered_pricing_type":"fixed","_wpseo_editor_tiered_pricing_fixed_rules":[],"_wholesale_customer_tiered_pricing_type":"fixed","_wholesale_customer_tiered_pricing_fixed_rules":[],"_marketer_tiered_pricing_type":"fixed","_marketer_tiered_pricing_fixed_rules":[],"_sales_manager_tiered_pricing_type":"fixed","_sales_manager_tiered_pricing_fixed_rules":[],"_sales_rep_tiered_pricing_type":"fixed","_sales_rep_tiered_pricing_fixed_rules":[],"yoast_head":"<!-- This site is optimized with the Yoast SEO plugin v23.3 - https:\/\/yoast.com\/wordpress\/plugins\/seo\/ -->\n<title>VOOPOO Argus XT Mod | ElementVape.de<\/title>\n<meta name=\"description\" content=\"Wir bieten VOOPOO Argus XT Mod , Elementvape.de akzeptieren Gro\u00df-und Einzelhandel Bestellungen.\" \/>\n<meta name=\"robots\" content=\"index, follow, max-snippet:-1, max-image-preview:large, max-video-preview:-1\" \/>\n<link rel=\"canonical\" href=\"https:\/\/www.elementvape.de\/nl\/produkt\/voopoo-argus-xt-mod\/\" \/>\n<meta property=\"og:locale\" content=\"nl_NL\" \/>\n<meta property=\"og:type\" content=\"article\" \/>\n<meta property=\"og:title\" content=\"VOOPOO Argus XT Mod | ElementVape.de\" \/>\n<meta property=\"og:description\" content=\"Wir bieten VOOPOO Argus XT Mod , Elementvape.de akzeptieren Gro\u00df-und Einzelhandel Bestellungen.\" \/>\n<meta property=\"og:url\" content=\"https:\/\/www.elementvape.de\/nl\/produkt\/voopoo-argus-xt-mod\/\" \/>\n<meta property=\"og:site_name\" content=\"ElementVape.de\" \/>\n<meta property=\"article:modified_time\" content=\"2024-09-12T10:36:05+00:00\" \/>\n<meta property=\"og:image\" content=\"https:\/\/www.elementvape.de\/wp-content\/uploads\/2024\/06\/VOOPOOArgusXTMod_9.webp\" \/>\n\t<meta property=\"og:image:width\" content=\"800\" \/>\n\t<meta property=\"og:image:height\" content=\"800\" \/>\n\t<meta property=\"og:image:type\" content=\"image\/webp\" \/>\n<meta name=\"twitter:card\" content=\"summary_large_image\" \/>\n<meta name=\"twitter:label1\" content=\"Est. reading time\" \/>\n\t<meta name=\"twitter:data1\" content=\"2 minuten\" \/>\n<script type=\"application\/ld+json\" class=\"yoast-schema-graph\">{\"@context\":\"https:\/\/schema.org\",\"@graph\":[{\"@type\":\"WebPage\",\"@id\":\"https:\/\/www.elementvape.de\/es\/produkt\/voopoo-argus-xt-mod\/\",\"url\":\"https:\/\/www.elementvape.de\/es\/produkt\/voopoo-argus-xt-mod\/\",\"name\":\"VOOPOO Argus XT Mod | ElementVape.de\",\"isPartOf\":{\"@id\":\"https:\/\/www.elementvape.de\/#website\"},\"primaryImageOfPage\":{\"@id\":\"https:\/\/www.elementvape.de\/es\/produkt\/voopoo-argus-xt-mod\/#primaryimage\"},\"image\":{\"@id\":\"https:\/\/www.elementvape.de\/es\/produkt\/voopoo-argus-xt-mod\/#primaryimage\"},\"thumbnailUrl\":\"https:\/\/www.elementvape.de\/wp-content\/uploads\/2024\/06\/VOOPOOArgusXTMod_9.webp\",\"datePublished\":\"2024-06-17T08:51:51+00:00\",\"dateModified\":\"2024-09-12T10:36:05+00:00\",\"description\":\"Wir bieten VOOPOO Argus XT Mod , Elementvape.de akzeptieren Gro\u00df-und Einzelhandel Bestellungen.\",\"breadcrumb\":{\"@id\":\"https:\/\/www.elementvape.de\/es\/produkt\/voopoo-argus-xt-mod\/#breadcrumb\"},\"inLanguage\":\"nl-NL\",\"potentialAction\":[{\"@type\":\"ReadAction\",\"target\":[\"https:\/\/www.elementvape.de\/es\/produkt\/voopoo-argus-xt-mod\/\"]}]},{\"@type\":\"ImageObject\",\"inLanguage\":\"nl-NL\",\"@id\":\"https:\/\/www.elementvape.de\/es\/produkt\/voopoo-argus-xt-mod\/#primaryimage\",\"url\":\"https:\/\/www.elementvape.de\/wp-content\/uploads\/2024\/06\/VOOPOOArgusXTMod_9.webp\",\"contentUrl\":\"https:\/\/www.elementvape.de\/wp-content\/uploads\/2024\/06\/VOOPOOArgusXTMod_9.webp\",\"width\":800,\"height\":800,\"caption\":\"VOOPOOArgusXTMod_9\"},{\"@type\":\"BreadcrumbList\",\"@id\":\"https:\/\/www.elementvape.de\/es\/produkt\/voopoo-argus-xt-mod\/#breadcrumb\",\"itemListElement\":[{\"@type\":\"ListItem\",\"position\":1,\"name\":\"Home\",\"item\":\"https:\/\/www.elementvape.de\/\"},{\"@type\":\"ListItem\",\"position\":2,\"name\":\"Shop\",\"item\":\"https:\/\/www.elementvape.de\/shop\/\"},{\"@type\":\"ListItem\",\"position\":3,\"name\":\"VOOPOO Argus XT Mod\"}]},{\"@type\":\"WebSite\",\"@id\":\"https:\/\/www.elementvape.de\/#website\",\"url\":\"https:\/\/www.elementvape.de\/\",\"name\":\"ElementVape.de\",\"description\":\"\",\"publisher\":{\"@id\":\"https:\/\/www.elementvape.de\/#organization\"},\"potentialAction\":[{\"@type\":\"SearchAction\",\"target\":{\"@type\":\"EntryPoint\",\"urlTemplate\":\"https:\/\/www.elementvape.de\/?s={search_term_string}\"},\"query-input\":\"required name=search_term_string\"}],\"inLanguage\":\"nl-NL\"},{\"@type\":\"Organization\",\"@id\":\"https:\/\/www.elementvape.de\/#organization\",\"name\":\"ElementVape.DE\",\"url\":\"https:\/\/www.elementvape.de\/\",\"logo\":{\"@type\":\"ImageObject\",\"inLanguage\":\"nl-NL\",\"@id\":\"https:\/\/www.elementvape.de\/#\/schema\/logo\/image\/\",\"url\":\"https:\/\/www.elementvape.de\/wp-content\/uploads\/2024\/09\/cropped-1elementvape-3.png\",\"contentUrl\":\"https:\/\/www.elementvape.de\/wp-content\/uploads\/2024\/09\/cropped-1elementvape-3.png\",\"width\":285,\"height\":228,\"caption\":\"ElementVape.DE\"},\"image\":{\"@id\":\"https:\/\/www.elementvape.de\/#\/schema\/logo\/image\/\"}}]}<\/script>\n<!-- \/ Yoast SEO plugin. -->","yoast_head_json":{"title":"VOOPOO Argus XT Mod | ElementVape.de","description":"Wir bieten VOOPOO Argus XT Mod , Elementvape.de akzeptieren Gro\u00df-und Einzelhandel Bestellungen.","robots":{"index":"index","follow":"follow","max-snippet":"max-snippet:-1","max-image-preview":"max-image-preview:large","max-video-preview":"max-video-preview:-1"},"canonical":"https:\/\/www.elementvape.de\/nl\/produkt\/voopoo-argus-xt-mod\/","og_locale":"nl_NL","og_type":"article","og_title":"VOOPOO Argus XT Mod | ElementVape.de","og_description":"Wir bieten VOOPOO Argus XT Mod , Elementvape.de akzeptieren Gro\u00df-und Einzelhandel Bestellungen.","og_url":"https:\/\/www.elementvape.de\/nl\/produkt\/voopoo-argus-xt-mod\/","og_site_name":"ElementVape.de","article_modified_time":"2024-09-12T10:36:05+00:00","og_image":[{"width":800,"height":800,"url":"https:\/\/www.elementvape.de\/wp-content\/uploads\/2024\/06\/VOOPOOArgusXTMod_9.webp","type":"image\/webp"}],"twitter_card":"summary_large_image","twitter_misc":{"Est. reading time":"2 minuten"},"schema":{"@context":"https:\/\/schema.org","@graph":[{"@type":"WebPage","@id":"https:\/\/www.elementvape.de\/es\/produkt\/voopoo-argus-xt-mod\/","url":"https:\/\/www.elementvape.de\/es\/produkt\/voopoo-argus-xt-mod\/","name":"VOOPOO Argus XT Mod | ElementVape.de","isPartOf":{"@id":"https:\/\/www.elementvape.de\/#website"},"primaryImageOfPage":{"@id":"https:\/\/www.elementvape.de\/es\/produkt\/voopoo-argus-xt-mod\/#primaryimage"},"image":{"@id":"https:\/\/www.elementvape.de\/es\/produkt\/voopoo-argus-xt-mod\/#primaryimage"},"thumbnailUrl":"https:\/\/www.elementvape.de\/wp-content\/uploads\/2024\/06\/VOOPOOArgusXTMod_9.webp","datePublished":"2024-06-17T08:51:51+00:00","dateModified":"2024-09-12T10:36:05+00:00","description":"Wir bieten VOOPOO Argus XT Mod , Elementvape.de akzeptieren Gro\u00df-und Einzelhandel Bestellungen.","breadcrumb":{"@id":"https:\/\/www.elementvape.de\/es\/produkt\/voopoo-argus-xt-mod\/#breadcrumb"},"inLanguage":"nl-NL","potentialAction":[{"@type":"ReadAction","target":["https:\/\/www.elementvape.de\/es\/produkt\/voopoo-argus-xt-mod\/"]}]},{"@type":"ImageObject","inLanguage":"nl-NL","@id":"https:\/\/www.elementvape.de\/es\/produkt\/voopoo-argus-xt-mod\/#primaryimage","url":"https:\/\/www.elementvape.de\/wp-content\/uploads\/2024\/06\/VOOPOOArgusXTMod_9.webp","contentUrl":"https:\/\/www.elementvape.de\/wp-content\/uploads\/2024\/06\/VOOPOOArgusXTMod_9.webp","width":800,"height":800,"caption":"VOOPOOArgusXTMod_9"},{"@type":"BreadcrumbList","@id":"https:\/\/www.elementvape.de\/es\/produkt\/voopoo-argus-xt-mod\/#breadcrumb","itemListElement":[{"@type":"ListItem","position":1,"name":"Home","item":"https:\/\/www.elementvape.de\/"},{"@type":"ListItem","position":2,"name":"Shop","item":"https:\/\/www.elementvape.de\/shop\/"},{"@type":"ListItem","position":3,"name":"VOOPOO Argus XT Mod"}]},{"@type":"WebSite","@id":"https:\/\/www.elementvape.de\/#website","url":"https:\/\/www.elementvape.de\/","name":"ElementVape.de","description":"","publisher":{"@id":"https:\/\/www.elementvape.de\/#organization"},"potentialAction":[{"@type":"SearchAction","target":{"@type":"EntryPoint","urlTemplate":"https:\/\/www.elementvape.de\/?s={search_term_string}"},"query-input":"required name=search_term_string"}],"inLanguage":"nl-NL"},{"@type":"Organization","@id":"https:\/\/www.elementvape.de\/#organization","name":"ElementVape.DE","url":"https:\/\/www.elementvape.de\/","logo":{"@type":"ImageObject","inLanguage":"nl-NL","@id":"https:\/\/www.elementvape.de\/#\/schema\/logo\/image\/","url":"https:\/\/www.elementvape.de\/wp-content\/uploads\/2024\/09\/cropped-1elementvape-3.png","contentUrl":"https:\/\/www.elementvape.de\/wp-content\/uploads\/2024\/09\/cropped-1elementvape-3.png","width":285,"height":228,"caption":"ElementVape.DE"},"image":{"@id":"https:\/\/www.elementvape.de\/#\/schema\/logo\/image\/"}}]}},"_links":{"self":[{"href":"https:\/\/www.elementvape.de\/nl\/wp-json\/wp\/v2\/product\/12232"}],"collection":[{"href":"https:\/\/www.elementvape.de\/nl\/wp-json\/wp\/v2\/product"}],"about":[{"href":"https:\/\/www.elementvape.de\/nl\/wp-json\/wp\/v2\/types\/product"}],"wp:featuredmedia":[{"embeddable":true,"href":"https:\/\/www.elementvape.de\/nl\/wp-json\/wp\/v2\/media\/12234"}],"wp:attachment":[{"href":"https:\/\/www.elementvape.de\/nl\/wp-json\/wp\/v2\/media?parent=12232"}],"wp:term":[{"taxonomy":"product_cat","embeddable":true,"href":"https:\/\/www.elementvape.de\/nl\/wp-json\/wp\/v2\/product_cat?post=12232"},{"taxonomy":"product_tag","embeddable":true,"href":"https:\/\/www.elementvape.de\/nl\/wp-json\/wp\/v2\/product_tag?post=12232"}],"curies":[{"name":"wp","href":"https:\/\/api.w.org\/{rel}","templated":true}]}}