{"id":11858,"date":"2024-06-07T08:59:35","date_gmt":"2024-06-07T08:59:35","guid":{"rendered":"https:\/\/www.elementvape.de\/?post_type=product&#038;p=11858"},"modified":"2024-09-12T10:36:19","modified_gmt":"2024-09-12T10:36:19","slug":"randm-dazzle-king-3000-led-licht-leuchtender-einweg-vape-3000-zuege","status":"publish","type":"product","link":"https:\/\/www.elementvape.de\/nl\/produkt\/randm-dazzle-king-3000-led-licht-leuchtender-einweg-vape-3000-zuege\/","title":{"rendered":"RandM Dazzle King 3000 LED-lichtgevende Wegwerp Vape 3000 Puffs"},"content":{"rendered":"<h3>Productbeschrijving<\/h3>\n<p><strong>RandM Dazzle King<\/strong> is een <strong><a href=\"https:\/\/www.elementvape.de\/nl\/\">Wegwerp-e-sigaretten<\/a><\/strong> Apparaat met een populaire doorzichtige tank en kleurrijk RGB-licht. Het bevat 8 ml E-liquid met 0\/2\/3\/5 % Nicotinesalz en biedt tot 3000 trekjes. Je kunt kiezen uit 12 smaken. Het RGB-licht maakt het de coolste wegwerpproduct. Daarnaast heeft het een oplaadbare USB-aansluiting aan de onderkant van het apparaat, waardoor je zeker weet dat je de laatste druppel E-liquid uit de tank gebruikt en het licht de hele tijd blijft branden.<\/p>\n<h4>Functies van de RandM Dazzle King wegwerpproduct:<\/h4>\n<ul>\n<li><strong>Nicotine-opties<\/strong>: 0 %, 2 %, 3 % en 5 % nicotinezout<\/li>\n<li><strong>Inhoud<\/strong>: 8 ml e-liquid<\/li>\n<li><strong>Trekken<\/strong>: Tot 3000 trekjes per apparaat<\/li>\n<li><strong>Licht<\/strong>: 6-kleuren RGB-licht<\/li>\n<li><strong>Batterij<\/strong>: Oplaadbaar, niet navulbaar, ingebouwde 1000-mAh batterij<\/li>\n<li><strong>Smaakopties<\/strong>: 12 beschikbare smaken<\/li>\n<li><strong>Verpakking<\/strong>: 10 stuks in een displaydoos, 300 stuks in een doos<\/li>\n<\/ul>\n<h4>Beschikbare smaken:<\/h4>\n<ul>\n<li><strong>Eenvoudig ontwerp:<\/strong>\n<ol>\n<li>Aardbei-Watermeloen<\/li>\n<li>Blue Razz Ice<\/li>\n<li>Druivenijs<\/li>\n<li>Krachtige Munt<\/li>\n<li>Aardbeienyoghurt<\/li>\n<li>Banaan Vanille-ijs<\/li>\n<\/ol>\n<\/li>\n<li><strong>Cartoon-ontwerp:<\/strong><\/li>\n<\/ul>\n<ol>\n<li>\u00a0Kiwi-Bes<\/li>\n<li>Lush Ice<\/li>\n<li>Gummibeertjes<\/li>\n<li>Gemengde bessen<\/li>\n<li>Groene Appel Citroen<\/li>\n<li>Energiedrank<\/li>\n<\/ol>\n<h4>Productdetails:<\/h4>\n<ul>\n<li><strong>Eenheid<\/strong>: 1 x RandM Dazzle King 3000 LED-licht heldere wegwerp-vape<\/li>\n<\/ul>","protected":false},"excerpt":{"rendered":"<p>Produktbeschreibung RandM Dazzle King ist ein Einweg-E-Zigaretten Ger\u00e4t mit einem beliebten durchsichtigen Tank und buntem RGB-Licht. Es enth\u00e4lt 8 ml E-Liquid mit 0\/2\/3\/5 % Nikotinsalz und bietet bis zu 3000 Z\u00fcge. Sie k\u00f6nnen zwischen 12 Geschmacksrichtungen w\u00e4hlen. Das RGB-Licht macht es zum coolsten Einwegger\u00e4t. Au\u00dferdem verf\u00fcgt es \u00fcber einen aufladbaren USB-Anschluss an der Unterseite des [&hellip;]<\/p>","protected":false},"featured_media":11859,"template":"","meta":{"inline_featured_image":false},"product_cat":[78,754,745,742,748,744,755,738,751],"product_tag":[676],"tiered_pricing_type":"fixed","tiered_pricing_fixed_rules":[],"tiered_pricing_percentage_rules":[],"tiered_pricing_minimum":1,"_administrator_tiered_pricing_type":"fixed","_administrator_tiered_pricing_fixed_rules":[],"_editor_tiered_pricing_type":"fixed","_editor_tiered_pricing_fixed_rules":[],"_author_tiered_pricing_type":"fixed","_author_tiered_pricing_fixed_rules":[],"_contributor_tiered_pricing_type":"fixed","_contributor_tiered_pricing_fixed_rules":[],"_subscriber_tiered_pricing_type":"fixed","_subscriber_tiered_pricing_fixed_rules":[],"_customer_tiered_pricing_type":"fixed","_customer_tiered_pricing_fixed_rules":[],"_shop_manager_tiered_pricing_type":"fixed","_shop_manager_tiered_pricing_fixed_rules":[],"_wpseo_manager_tiered_pricing_type":"fixed","_wpseo_manager_tiered_pricing_fixed_rules":[],"_wpseo_editor_tiered_pricing_type":"fixed","_wpseo_editor_tiered_pricing_fixed_rules":[],"_wholesale_customer_tiered_pricing_type":"fixed","_wholesale_customer_tiered_pricing_fixed_rules":[],"_marketer_tiered_pricing_type":"fixed","_marketer_tiered_pricing_fixed_rules":[],"_sales_manager_tiered_pricing_type":"fixed","_sales_manager_tiered_pricing_fixed_rules":[],"_sales_rep_tiered_pricing_type":"fixed","_sales_rep_tiered_pricing_fixed_rules":[],"yoast_head":"<!-- This site is optimized with the Yoast SEO plugin v23.3 - https:\/\/yoast.com\/wordpress\/plugins\/seo\/ -->\n<title>RandM Dazzle King 3000 LED-Licht leuchtender Einweg-Vape 3000 Z\u00fcge | ElementVape.de<\/title>\n<meta name=\"description\" content=\"Wir bieten RandM Dazzle King 3000 LED-Licht leuchtender Einweg-Vape 3000 Z\u00fcge , Elementvape.de akzeptieren Gro\u00df-und Einzelhandel Bestellungen.\" \/>\n<meta name=\"robots\" content=\"index, follow, max-snippet:-1, max-image-preview:large, max-video-preview:-1\" \/>\n<link rel=\"canonical\" href=\"https:\/\/www.elementvape.de\/nl\/produkt\/randm-dazzle-king-3000-led-licht-leuchtender-einweg-vape-3000-zuege\/\" \/>\n<meta property=\"og:locale\" content=\"nl_NL\" \/>\n<meta property=\"og:type\" content=\"article\" \/>\n<meta property=\"og:title\" content=\"RandM Dazzle King 3000 LED-Licht leuchtender Einweg-Vape 3000 Z\u00fcge | ElementVape.de\" \/>\n<meta property=\"og:description\" content=\"Wir bieten RandM Dazzle King 3000 LED-Licht leuchtender Einweg-Vape 3000 Z\u00fcge , Elementvape.de akzeptieren Gro\u00df-und Einzelhandel Bestellungen.\" \/>\n<meta property=\"og:url\" content=\"https:\/\/www.elementvape.de\/nl\/produkt\/randm-dazzle-king-3000-led-licht-leuchtender-einweg-vape-3000-zuege\/\" \/>\n<meta property=\"og:site_name\" content=\"ElementVape.de\" \/>\n<meta property=\"article:modified_time\" content=\"2024-09-12T10:36:19+00:00\" \/>\n<meta property=\"og:image\" content=\"https:\/\/www.elementvape.de\/wp-content\/uploads\/2024\/06\/RandM-Dazzle-King.webp\" \/>\n\t<meta property=\"og:image:width\" content=\"800\" \/>\n\t<meta property=\"og:image:height\" content=\"800\" \/>\n\t<meta property=\"og:image:type\" content=\"image\/webp\" \/>\n<meta name=\"twitter:card\" content=\"summary_large_image\" \/>\n<meta name=\"twitter:label1\" content=\"Est. reading time\" \/>\n\t<meta name=\"twitter:data1\" content=\"2 minuten\" \/>\n<script type=\"application\/ld+json\" class=\"yoast-schema-graph\">{\"@context\":\"https:\/\/schema.org\",\"@graph\":[{\"@type\":\"WebPage\",\"@id\":\"https:\/\/www.elementvape.de\/produkt\/randm-dazzle-king-3000-led-licht-leuchtender-einweg-vape-3000-zuege\/\",\"url\":\"https:\/\/www.elementvape.de\/produkt\/randm-dazzle-king-3000-led-licht-leuchtender-einweg-vape-3000-zuege\/\",\"name\":\"RandM Dazzle King 3000 LED-Licht leuchtender Einweg-Vape 3000 Z\u00fcge | ElementVape.de\",\"isPartOf\":{\"@id\":\"https:\/\/www.elementvape.de\/#website\"},\"primaryImageOfPage\":{\"@id\":\"https:\/\/www.elementvape.de\/produkt\/randm-dazzle-king-3000-led-licht-leuchtender-einweg-vape-3000-zuege\/#primaryimage\"},\"image\":{\"@id\":\"https:\/\/www.elementvape.de\/produkt\/randm-dazzle-king-3000-led-licht-leuchtender-einweg-vape-3000-zuege\/#primaryimage\"},\"thumbnailUrl\":\"https:\/\/www.elementvape.de\/wp-content\/uploads\/2024\/06\/RandM-Dazzle-King.webp\",\"datePublished\":\"2024-06-07T08:59:35+00:00\",\"dateModified\":\"2024-09-12T10:36:19+00:00\",\"description\":\"Wir bieten RandM Dazzle King 3000 LED-Licht leuchtender Einweg-Vape 3000 Z\u00fcge , Elementvape.de akzeptieren Gro\u00df-und Einzelhandel Bestellungen.\",\"breadcrumb\":{\"@id\":\"https:\/\/www.elementvape.de\/produkt\/randm-dazzle-king-3000-led-licht-leuchtender-einweg-vape-3000-zuege\/#breadcrumb\"},\"inLanguage\":\"nl-NL\",\"potentialAction\":[{\"@type\":\"ReadAction\",\"target\":[\"https:\/\/www.elementvape.de\/produkt\/randm-dazzle-king-3000-led-licht-leuchtender-einweg-vape-3000-zuege\/\"]}]},{\"@type\":\"ImageObject\",\"inLanguage\":\"nl-NL\",\"@id\":\"https:\/\/www.elementvape.de\/produkt\/randm-dazzle-king-3000-led-licht-leuchtender-einweg-vape-3000-zuege\/#primaryimage\",\"url\":\"https:\/\/www.elementvape.de\/wp-content\/uploads\/2024\/06\/RandM-Dazzle-King.webp\",\"contentUrl\":\"https:\/\/www.elementvape.de\/wp-content\/uploads\/2024\/06\/RandM-Dazzle-King.webp\",\"width\":800,\"height\":800,\"caption\":\"RandM-Dazzle-King\"},{\"@type\":\"BreadcrumbList\",\"@id\":\"https:\/\/www.elementvape.de\/produkt\/randm-dazzle-king-3000-led-licht-leuchtender-einweg-vape-3000-zuege\/#breadcrumb\",\"itemListElement\":[{\"@type\":\"ListItem\",\"position\":1,\"name\":\"Home\",\"item\":\"https:\/\/www.elementvape.de\/\"},{\"@type\":\"ListItem\",\"position\":2,\"name\":\"Shop\",\"item\":\"https:\/\/www.elementvape.de\/shop\/\"},{\"@type\":\"ListItem\",\"position\":3,\"name\":\"RandM Dazzle King 3000 LED-Licht leuchtender Einweg-Vape 3000 Z\u00fcge\"}]},{\"@type\":\"WebSite\",\"@id\":\"https:\/\/www.elementvape.de\/#website\",\"url\":\"https:\/\/www.elementvape.de\/\",\"name\":\"ElementVape.de\",\"description\":\"\",\"publisher\":{\"@id\":\"https:\/\/www.elementvape.de\/#organization\"},\"potentialAction\":[{\"@type\":\"SearchAction\",\"target\":{\"@type\":\"EntryPoint\",\"urlTemplate\":\"https:\/\/www.elementvape.de\/?s={search_term_string}\"},\"query-input\":\"required name=search_term_string\"}],\"inLanguage\":\"nl-NL\"},{\"@type\":\"Organization\",\"@id\":\"https:\/\/www.elementvape.de\/#organization\",\"name\":\"ElementVape.DE\",\"url\":\"https:\/\/www.elementvape.de\/\",\"logo\":{\"@type\":\"ImageObject\",\"inLanguage\":\"nl-NL\",\"@id\":\"https:\/\/www.elementvape.de\/#\/schema\/logo\/image\/\",\"url\":\"https:\/\/www.elementvape.de\/wp-content\/uploads\/2024\/09\/cropped-1elementvape-3.png\",\"contentUrl\":\"https:\/\/www.elementvape.de\/wp-content\/uploads\/2024\/09\/cropped-1elementvape-3.png\",\"width\":285,\"height\":228,\"caption\":\"ElementVape.DE\"},\"image\":{\"@id\":\"https:\/\/www.elementvape.de\/#\/schema\/logo\/image\/\"}}]}<\/script>\n<!-- \/ Yoast SEO plugin. -->","yoast_head_json":{"title":"RandM Dazzle King 3000 LED-Licht leuchtender Einweg-Vape 3000 Z\u00fcge | ElementVape.de","description":"Wir bieten RandM Dazzle King 3000 LED-Licht leuchtender Einweg-Vape 3000 Z\u00fcge , Elementvape.de akzeptieren Gro\u00df-und Einzelhandel Bestellungen.","robots":{"index":"index","follow":"follow","max-snippet":"max-snippet:-1","max-image-preview":"max-image-preview:large","max-video-preview":"max-video-preview:-1"},"canonical":"https:\/\/www.elementvape.de\/nl\/produkt\/randm-dazzle-king-3000-led-licht-leuchtender-einweg-vape-3000-zuege\/","og_locale":"nl_NL","og_type":"article","og_title":"RandM Dazzle King 3000 LED-Licht leuchtender Einweg-Vape 3000 Z\u00fcge | ElementVape.de","og_description":"Wir bieten RandM Dazzle King 3000 LED-Licht leuchtender Einweg-Vape 3000 Z\u00fcge , Elementvape.de akzeptieren Gro\u00df-und Einzelhandel Bestellungen.","og_url":"https:\/\/www.elementvape.de\/nl\/produkt\/randm-dazzle-king-3000-led-licht-leuchtender-einweg-vape-3000-zuege\/","og_site_name":"ElementVape.de","article_modified_time":"2024-09-12T10:36:19+00:00","og_image":[{"width":800,"height":800,"url":"https:\/\/www.elementvape.de\/wp-content\/uploads\/2024\/06\/RandM-Dazzle-King.webp","type":"image\/webp"}],"twitter_card":"summary_large_image","twitter_misc":{"Est. reading time":"2 minuten"},"schema":{"@context":"https:\/\/schema.org","@graph":[{"@type":"WebPage","@id":"https:\/\/www.elementvape.de\/produkt\/randm-dazzle-king-3000-led-licht-leuchtender-einweg-vape-3000-zuege\/","url":"https:\/\/www.elementvape.de\/produkt\/randm-dazzle-king-3000-led-licht-leuchtender-einweg-vape-3000-zuege\/","name":"RandM Dazzle King 3000 LED-Licht leuchtender Einweg-Vape 3000 Z\u00fcge | ElementVape.de","isPartOf":{"@id":"https:\/\/www.elementvape.de\/#website"},"primaryImageOfPage":{"@id":"https:\/\/www.elementvape.de\/produkt\/randm-dazzle-king-3000-led-licht-leuchtender-einweg-vape-3000-zuege\/#primaryimage"},"image":{"@id":"https:\/\/www.elementvape.de\/produkt\/randm-dazzle-king-3000-led-licht-leuchtender-einweg-vape-3000-zuege\/#primaryimage"},"thumbnailUrl":"https:\/\/www.elementvape.de\/wp-content\/uploads\/2024\/06\/RandM-Dazzle-King.webp","datePublished":"2024-06-07T08:59:35+00:00","dateModified":"2024-09-12T10:36:19+00:00","description":"Wir bieten RandM Dazzle King 3000 LED-Licht leuchtender Einweg-Vape 3000 Z\u00fcge , Elementvape.de akzeptieren Gro\u00df-und Einzelhandel Bestellungen.","breadcrumb":{"@id":"https:\/\/www.elementvape.de\/produkt\/randm-dazzle-king-3000-led-licht-leuchtender-einweg-vape-3000-zuege\/#breadcrumb"},"inLanguage":"nl-NL","potentialAction":[{"@type":"ReadAction","target":["https:\/\/www.elementvape.de\/produkt\/randm-dazzle-king-3000-led-licht-leuchtender-einweg-vape-3000-zuege\/"]}]},{"@type":"ImageObject","inLanguage":"nl-NL","@id":"https:\/\/www.elementvape.de\/produkt\/randm-dazzle-king-3000-led-licht-leuchtender-einweg-vape-3000-zuege\/#primaryimage","url":"https:\/\/www.elementvape.de\/wp-content\/uploads\/2024\/06\/RandM-Dazzle-King.webp","contentUrl":"https:\/\/www.elementvape.de\/wp-content\/uploads\/2024\/06\/RandM-Dazzle-King.webp","width":800,"height":800,"caption":"RandM-Dazzle-King"},{"@type":"BreadcrumbList","@id":"https:\/\/www.elementvape.de\/produkt\/randm-dazzle-king-3000-led-licht-leuchtender-einweg-vape-3000-zuege\/#breadcrumb","itemListElement":[{"@type":"ListItem","position":1,"name":"Home","item":"https:\/\/www.elementvape.de\/"},{"@type":"ListItem","position":2,"name":"Shop","item":"https:\/\/www.elementvape.de\/shop\/"},{"@type":"ListItem","position":3,"name":"RandM Dazzle King 3000 LED-Licht leuchtender Einweg-Vape 3000 Z\u00fcge"}]},{"@type":"WebSite","@id":"https:\/\/www.elementvape.de\/#website","url":"https:\/\/www.elementvape.de\/","name":"ElementVape.de","description":"","publisher":{"@id":"https:\/\/www.elementvape.de\/#organization"},"potentialAction":[{"@type":"SearchAction","target":{"@type":"EntryPoint","urlTemplate":"https:\/\/www.elementvape.de\/?s={search_term_string}"},"query-input":"required name=search_term_string"}],"inLanguage":"nl-NL"},{"@type":"Organization","@id":"https:\/\/www.elementvape.de\/#organization","name":"ElementVape.DE","url":"https:\/\/www.elementvape.de\/","logo":{"@type":"ImageObject","inLanguage":"nl-NL","@id":"https:\/\/www.elementvape.de\/#\/schema\/logo\/image\/","url":"https:\/\/www.elementvape.de\/wp-content\/uploads\/2024\/09\/cropped-1elementvape-3.png","contentUrl":"https:\/\/www.elementvape.de\/wp-content\/uploads\/2024\/09\/cropped-1elementvape-3.png","width":285,"height":228,"caption":"ElementVape.DE"},"image":{"@id":"https:\/\/www.elementvape.de\/#\/schema\/logo\/image\/"}}]}},"_links":{"self":[{"href":"https:\/\/www.elementvape.de\/nl\/wp-json\/wp\/v2\/product\/11858"}],"collection":[{"href":"https:\/\/www.elementvape.de\/nl\/wp-json\/wp\/v2\/product"}],"about":[{"href":"https:\/\/www.elementvape.de\/nl\/wp-json\/wp\/v2\/types\/product"}],"wp:featuredmedia":[{"embeddable":true,"href":"https:\/\/www.elementvape.de\/nl\/wp-json\/wp\/v2\/media\/11859"}],"wp:attachment":[{"href":"https:\/\/www.elementvape.de\/nl\/wp-json\/wp\/v2\/media?parent=11858"}],"wp:term":[{"taxonomy":"product_cat","embeddable":true,"href":"https:\/\/www.elementvape.de\/nl\/wp-json\/wp\/v2\/product_cat?post=11858"},{"taxonomy":"product_tag","embeddable":true,"href":"https:\/\/www.elementvape.de\/nl\/wp-json\/wp\/v2\/product_tag?post=11858"}],"curies":[{"name":"wp","href":"https:\/\/api.w.org\/{rel}","templated":true}]}}