{"id":11660,"date":"2024-06-06T07:29:43","date_gmt":"2024-06-06T07:29:43","guid":{"rendered":"https:\/\/www.elementvape.de\/?post_type=product&#038;p=11660"},"modified":"2024-09-12T10:36:26","modified_gmt":"2024-09-12T10:36:26","slug":"randm-dazzle-7500-einweg-vape-kaufen7500-zuege","status":"publish","type":"product","link":"https:\/\/www.elementvape.de\/nl\/produkt\/randm-dazzle-7500-einweg-vape-kaufen7500-zuege\/","title":{"rendered":"RandM Dazzle 7500 Wegwerp Vape Kopen 7500 Puffs"},"content":{"rendered":"<h3>Productbeschrijving: RandM Dazzle 7500<\/h3>\n<p>De <strong>RandM Dazzle 7500<\/strong> is een veelzijdig wegwerp-vape-apparaat dat opvalt door zijn hoge capaciteit en de mogelijkheid tot luchtstroomregeling. Met een oplaadbare batterij en een opvallend ontwerp met RGB-verlichting is dit apparaat ideaal voor dampers die op zoek zijn naar een intensieve en aanpasbare dampervaring.<\/p>\n<h4>Belangrijkste kenmerken:<\/h4>\n<ul>\n<li><strong>Nicotine-opties<\/strong>: Beschikbaar in 0 %, 2 %, 3 % en 5 % nicotine.<\/li>\n<li><strong>Trekken<\/strong>: Tot 7500 trekjes per apparaat.<\/li>\n<li><strong>Inhoud<\/strong>: Bevat 15 ml e-liquid.<\/li>\n<li><strong>Batterij<\/strong>: Ingebouwde oplaadbare 1000-mAh batterij.<\/li>\n<li><strong>Spiraal<\/strong>: Krachtige mesh-spoel voor een intens dampervaring.<\/li>\n<li><strong>Type-C-aansluiting<\/strong>: Oplaadbare USB-C-aansluiting aan de onderkant van het apparaat om ervoor te zorgen dat u de laatste druppel e-sap kunt gebruiken.<\/li>\n<li><strong>Luchtstroomregeling<\/strong>: Maakt het mogelijk om de dampervaring naar wens aan te passen.<\/li>\n<li><strong>Ontwerp<\/strong>: Volledig apparaat met 6 kleuren RGB-verlichting voor een aantrekkelijke en moderne uitstraling.<\/li>\n<li><strong>Herbruikbaar<\/strong>: Het apparaat beschikt over een navulbare tank.<\/li>\n<\/ul>\n<h4>Smaakvariatie:<\/h4>\n<p>De RandM Dazzle 7500 biedt 12 verschillende smaken:<\/p>\n<ol>\n<li>Watermeloenijs<\/li>\n<li>Roze Limonade<\/li>\n<li>Bosbessenkauwgom<\/li>\n<li>Passievrucht<\/li>\n<li>Zure Appel<\/li>\n<li>Gemengde bessenijs<\/li>\n<li>Red Bull-IJs<\/li>\n<li>Suikerspin<\/li>\n<li>Tropische Punch<\/li>\n<li>Bananenijs<\/li>\n<li>Zwarte bes menthol<\/li>\n<li>Blauwe frambozenijs<\/li>\n<\/ol>\n<h4>Verpakkingsdetails:<\/h4>\n<ul>\n<li><strong>Verpakkingseenheid<\/strong>: 10 stuks in een displaydoos, 200 stuks in een doos.<\/li>\n<li><strong>Gewicht per doos<\/strong>: 18,5 kg.<\/li>\n<li><strong>Doosafmeting<\/strong>: 54,4 cm x 35,4 cm x 27 cm.<\/li>\n<\/ul>\n<h4>Inhoud van de levering:<\/h4>\n<ul>\n<li>1 x RandM Dazzle 7500 wegwerp-vape (7500 trekjes)<\/li>\n<\/ul>\n<p>Dit apparaat is ideaal voor dampers die een hoog aantal trekjes, een breed scala aan smaken en de flexibiliteit van een navulbare en oplaadbare vape zoeken. De RandM Dazzle 7500 combineert deze functies met een aantrekkelijk ontwerp en biedt een eersteklas en gepersonaliseerde dampervaring.<\/p>","protected":false},"excerpt":{"rendered":"<p>Produktbeschreibung: RandM Dazzle 7500 Die RandM Dazzle 7500 ist ein vielseitiges Einweg-Vape-Ger\u00e4t, das durch seine hohe Kapazit\u00e4t und die M\u00f6glichkeit zur Luftstromregelung besticht. Mit einem wiederaufladbaren Akku und einem auff\u00e4lligen Design mit RGB-Beleuchtung ist dieses Ger\u00e4t ideal f\u00fcr Dampfer, die ein intensives und individuell anpassbares Dampferlebnis suchen. Hauptmerkmale: Nikotinoptionen: Verf\u00fcgbar in 0 %, 2 %, [&hellip;]<\/p>","protected":false},"featured_media":11662,"template":"","meta":{"inline_featured_image":false},"product_cat":[78,754,745,742,748,744,755,738,751],"product_tag":[683],"tiered_pricing_type":"fixed","tiered_pricing_fixed_rules":[],"tiered_pricing_percentage_rules":[],"tiered_pricing_minimum":1,"_administrator_tiered_pricing_type":"fixed","_administrator_tiered_pricing_fixed_rules":[],"_editor_tiered_pricing_type":"fixed","_editor_tiered_pricing_fixed_rules":[],"_author_tiered_pricing_type":"fixed","_author_tiered_pricing_fixed_rules":[],"_contributor_tiered_pricing_type":"fixed","_contributor_tiered_pricing_fixed_rules":[],"_subscriber_tiered_pricing_type":"fixed","_subscriber_tiered_pricing_fixed_rules":[],"_customer_tiered_pricing_type":"fixed","_customer_tiered_pricing_fixed_rules":[],"_shop_manager_tiered_pricing_type":"fixed","_shop_manager_tiered_pricing_fixed_rules":[],"_wpseo_manager_tiered_pricing_type":"fixed","_wpseo_manager_tiered_pricing_fixed_rules":[],"_wpseo_editor_tiered_pricing_type":"fixed","_wpseo_editor_tiered_pricing_fixed_rules":[],"_wholesale_customer_tiered_pricing_type":"fixed","_wholesale_customer_tiered_pricing_fixed_rules":[],"_marketer_tiered_pricing_type":"fixed","_marketer_tiered_pricing_fixed_rules":[],"_sales_manager_tiered_pricing_type":"fixed","_sales_manager_tiered_pricing_fixed_rules":[],"_sales_rep_tiered_pricing_type":"fixed","_sales_rep_tiered_pricing_fixed_rules":[],"yoast_head":"<!-- This site is optimized with the Yoast SEO plugin v23.3 - https:\/\/yoast.com\/wordpress\/plugins\/seo\/ -->\n<title>RandM Dazzle 7500 Einweg-Vape Kaufen7500 Z\u00fcge | ElementVape.de<\/title>\n<meta name=\"description\" content=\"Wir bieten RandM Dazzle 7500 Einweg-Vape Kaufen7500 Z\u00fcge , Elementvape.de akzeptieren Gro\u00df-und Einzelhandel Bestellungen.\" \/>\n<meta name=\"robots\" content=\"index, follow, max-snippet:-1, max-image-preview:large, max-video-preview:-1\" \/>\n<link rel=\"canonical\" href=\"https:\/\/www.elementvape.de\/nl\/produkt\/randm-dazzle-7500-einweg-vape-kaufen7500-zuege\/\" \/>\n<meta property=\"og:locale\" content=\"nl_NL\" \/>\n<meta property=\"og:type\" content=\"article\" \/>\n<meta property=\"og:title\" content=\"RandM Dazzle 7500 Einweg-Vape Kaufen7500 Z\u00fcge | ElementVape.de\" \/>\n<meta property=\"og:description\" content=\"Wir bieten RandM Dazzle 7500 Einweg-Vape Kaufen7500 Z\u00fcge , Elementvape.de akzeptieren Gro\u00df-und Einzelhandel Bestellungen.\" \/>\n<meta property=\"og:url\" content=\"https:\/\/www.elementvape.de\/nl\/produkt\/randm-dazzle-7500-einweg-vape-kaufen7500-zuege\/\" \/>\n<meta property=\"og:site_name\" content=\"ElementVape.de\" \/>\n<meta property=\"article:modified_time\" content=\"2024-09-12T10:36:26+00:00\" \/>\n<meta property=\"og:image\" content=\"https:\/\/www.elementvape.de\/wp-content\/uploads\/2024\/06\/RandMDazzle7500Puffs_3.webp\" \/>\n\t<meta property=\"og:image:width\" content=\"800\" \/>\n\t<meta property=\"og:image:height\" content=\"800\" \/>\n\t<meta property=\"og:image:type\" content=\"image\/webp\" \/>\n<meta name=\"twitter:card\" content=\"summary_large_image\" \/>\n<meta name=\"twitter:label1\" content=\"Est. reading time\" \/>\n\t<meta name=\"twitter:data1\" content=\"2 minuten\" \/>\n<script type=\"application\/ld+json\" class=\"yoast-schema-graph\">{\"@context\":\"https:\/\/schema.org\",\"@graph\":[{\"@type\":\"WebPage\",\"@id\":\"https:\/\/www.elementvape.de\/fi\/produkt\/randm-dazzle-7500-einweg-vape-kaufen7500-zuege\/\",\"url\":\"https:\/\/www.elementvape.de\/fi\/produkt\/randm-dazzle-7500-einweg-vape-kaufen7500-zuege\/\",\"name\":\"RandM Dazzle 7500 Einweg-Vape Kaufen7500 Z\u00fcge | ElementVape.de\",\"isPartOf\":{\"@id\":\"https:\/\/www.elementvape.de\/#website\"},\"primaryImageOfPage\":{\"@id\":\"https:\/\/www.elementvape.de\/fi\/produkt\/randm-dazzle-7500-einweg-vape-kaufen7500-zuege\/#primaryimage\"},\"image\":{\"@id\":\"https:\/\/www.elementvape.de\/fi\/produkt\/randm-dazzle-7500-einweg-vape-kaufen7500-zuege\/#primaryimage\"},\"thumbnailUrl\":\"https:\/\/www.elementvape.de\/wp-content\/uploads\/2024\/06\/RandMDazzle7500Puffs_3.webp\",\"datePublished\":\"2024-06-06T07:29:43+00:00\",\"dateModified\":\"2024-09-12T10:36:26+00:00\",\"description\":\"Wir bieten RandM Dazzle 7500 Einweg-Vape Kaufen7500 Z\u00fcge , Elementvape.de akzeptieren Gro\u00df-und Einzelhandel Bestellungen.\",\"breadcrumb\":{\"@id\":\"https:\/\/www.elementvape.de\/fi\/produkt\/randm-dazzle-7500-einweg-vape-kaufen7500-zuege\/#breadcrumb\"},\"inLanguage\":\"nl-NL\",\"potentialAction\":[{\"@type\":\"ReadAction\",\"target\":[\"https:\/\/www.elementvape.de\/fi\/produkt\/randm-dazzle-7500-einweg-vape-kaufen7500-zuege\/\"]}]},{\"@type\":\"ImageObject\",\"inLanguage\":\"nl-NL\",\"@id\":\"https:\/\/www.elementvape.de\/fi\/produkt\/randm-dazzle-7500-einweg-vape-kaufen7500-zuege\/#primaryimage\",\"url\":\"https:\/\/www.elementvape.de\/wp-content\/uploads\/2024\/06\/RandMDazzle7500Puffs_3.webp\",\"contentUrl\":\"https:\/\/www.elementvape.de\/wp-content\/uploads\/2024\/06\/RandMDazzle7500Puffs_3.webp\",\"width\":800,\"height\":800,\"caption\":\"RandMDazzle7500Puffs_3\"},{\"@type\":\"BreadcrumbList\",\"@id\":\"https:\/\/www.elementvape.de\/fi\/produkt\/randm-dazzle-7500-einweg-vape-kaufen7500-zuege\/#breadcrumb\",\"itemListElement\":[{\"@type\":\"ListItem\",\"position\":1,\"name\":\"Home\",\"item\":\"https:\/\/www.elementvape.de\/\"},{\"@type\":\"ListItem\",\"position\":2,\"name\":\"Shop\",\"item\":\"https:\/\/www.elementvape.de\/shop\/\"},{\"@type\":\"ListItem\",\"position\":3,\"name\":\"RandM Dazzle 7500 Einweg-Vape Kaufen7500 Z\u00fcge\"}]},{\"@type\":\"WebSite\",\"@id\":\"https:\/\/www.elementvape.de\/#website\",\"url\":\"https:\/\/www.elementvape.de\/\",\"name\":\"ElementVape.de\",\"description\":\"\",\"publisher\":{\"@id\":\"https:\/\/www.elementvape.de\/#organization\"},\"potentialAction\":[{\"@type\":\"SearchAction\",\"target\":{\"@type\":\"EntryPoint\",\"urlTemplate\":\"https:\/\/www.elementvape.de\/?s={search_term_string}\"},\"query-input\":\"required name=search_term_string\"}],\"inLanguage\":\"nl-NL\"},{\"@type\":\"Organization\",\"@id\":\"https:\/\/www.elementvape.de\/#organization\",\"name\":\"ElementVape.DE\",\"url\":\"https:\/\/www.elementvape.de\/\",\"logo\":{\"@type\":\"ImageObject\",\"inLanguage\":\"nl-NL\",\"@id\":\"https:\/\/www.elementvape.de\/#\/schema\/logo\/image\/\",\"url\":\"https:\/\/www.elementvape.de\/wp-content\/uploads\/2024\/09\/cropped-1elementvape-3.png\",\"contentUrl\":\"https:\/\/www.elementvape.de\/wp-content\/uploads\/2024\/09\/cropped-1elementvape-3.png\",\"width\":285,\"height\":228,\"caption\":\"ElementVape.DE\"},\"image\":{\"@id\":\"https:\/\/www.elementvape.de\/#\/schema\/logo\/image\/\"}}]}<\/script>\n<!-- \/ Yoast SEO plugin. -->","yoast_head_json":{"title":"RandM Dazzle 7500 Einweg-Vape Kaufen7500 Z\u00fcge | ElementVape.de","description":"Wir bieten RandM Dazzle 7500 Einweg-Vape Kaufen7500 Z\u00fcge , Elementvape.de akzeptieren Gro\u00df-und Einzelhandel Bestellungen.","robots":{"index":"index","follow":"follow","max-snippet":"max-snippet:-1","max-image-preview":"max-image-preview:large","max-video-preview":"max-video-preview:-1"},"canonical":"https:\/\/www.elementvape.de\/nl\/produkt\/randm-dazzle-7500-einweg-vape-kaufen7500-zuege\/","og_locale":"nl_NL","og_type":"article","og_title":"RandM Dazzle 7500 Einweg-Vape Kaufen7500 Z\u00fcge | ElementVape.de","og_description":"Wir bieten RandM Dazzle 7500 Einweg-Vape Kaufen7500 Z\u00fcge , Elementvape.de akzeptieren Gro\u00df-und Einzelhandel Bestellungen.","og_url":"https:\/\/www.elementvape.de\/nl\/produkt\/randm-dazzle-7500-einweg-vape-kaufen7500-zuege\/","og_site_name":"ElementVape.de","article_modified_time":"2024-09-12T10:36:26+00:00","og_image":[{"width":800,"height":800,"url":"https:\/\/www.elementvape.de\/wp-content\/uploads\/2024\/06\/RandMDazzle7500Puffs_3.webp","type":"image\/webp"}],"twitter_card":"summary_large_image","twitter_misc":{"Est. reading time":"2 minuten"},"schema":{"@context":"https:\/\/schema.org","@graph":[{"@type":"WebPage","@id":"https:\/\/www.elementvape.de\/fi\/produkt\/randm-dazzle-7500-einweg-vape-kaufen7500-zuege\/","url":"https:\/\/www.elementvape.de\/fi\/produkt\/randm-dazzle-7500-einweg-vape-kaufen7500-zuege\/","name":"RandM Dazzle 7500 Einweg-Vape Kaufen7500 Z\u00fcge | ElementVape.de","isPartOf":{"@id":"https:\/\/www.elementvape.de\/#website"},"primaryImageOfPage":{"@id":"https:\/\/www.elementvape.de\/fi\/produkt\/randm-dazzle-7500-einweg-vape-kaufen7500-zuege\/#primaryimage"},"image":{"@id":"https:\/\/www.elementvape.de\/fi\/produkt\/randm-dazzle-7500-einweg-vape-kaufen7500-zuege\/#primaryimage"},"thumbnailUrl":"https:\/\/www.elementvape.de\/wp-content\/uploads\/2024\/06\/RandMDazzle7500Puffs_3.webp","datePublished":"2024-06-06T07:29:43+00:00","dateModified":"2024-09-12T10:36:26+00:00","description":"Wir bieten RandM Dazzle 7500 Einweg-Vape Kaufen7500 Z\u00fcge , Elementvape.de akzeptieren Gro\u00df-und Einzelhandel Bestellungen.","breadcrumb":{"@id":"https:\/\/www.elementvape.de\/fi\/produkt\/randm-dazzle-7500-einweg-vape-kaufen7500-zuege\/#breadcrumb"},"inLanguage":"nl-NL","potentialAction":[{"@type":"ReadAction","target":["https:\/\/www.elementvape.de\/fi\/produkt\/randm-dazzle-7500-einweg-vape-kaufen7500-zuege\/"]}]},{"@type":"ImageObject","inLanguage":"nl-NL","@id":"https:\/\/www.elementvape.de\/fi\/produkt\/randm-dazzle-7500-einweg-vape-kaufen7500-zuege\/#primaryimage","url":"https:\/\/www.elementvape.de\/wp-content\/uploads\/2024\/06\/RandMDazzle7500Puffs_3.webp","contentUrl":"https:\/\/www.elementvape.de\/wp-content\/uploads\/2024\/06\/RandMDazzle7500Puffs_3.webp","width":800,"height":800,"caption":"RandMDazzle7500Puffs_3"},{"@type":"BreadcrumbList","@id":"https:\/\/www.elementvape.de\/fi\/produkt\/randm-dazzle-7500-einweg-vape-kaufen7500-zuege\/#breadcrumb","itemListElement":[{"@type":"ListItem","position":1,"name":"Home","item":"https:\/\/www.elementvape.de\/"},{"@type":"ListItem","position":2,"name":"Shop","item":"https:\/\/www.elementvape.de\/shop\/"},{"@type":"ListItem","position":3,"name":"RandM Dazzle 7500 Einweg-Vape Kaufen7500 Z\u00fcge"}]},{"@type":"WebSite","@id":"https:\/\/www.elementvape.de\/#website","url":"https:\/\/www.elementvape.de\/","name":"ElementVape.de","description":"","publisher":{"@id":"https:\/\/www.elementvape.de\/#organization"},"potentialAction":[{"@type":"SearchAction","target":{"@type":"EntryPoint","urlTemplate":"https:\/\/www.elementvape.de\/?s={search_term_string}"},"query-input":"required name=search_term_string"}],"inLanguage":"nl-NL"},{"@type":"Organization","@id":"https:\/\/www.elementvape.de\/#organization","name":"ElementVape.DE","url":"https:\/\/www.elementvape.de\/","logo":{"@type":"ImageObject","inLanguage":"nl-NL","@id":"https:\/\/www.elementvape.de\/#\/schema\/logo\/image\/","url":"https:\/\/www.elementvape.de\/wp-content\/uploads\/2024\/09\/cropped-1elementvape-3.png","contentUrl":"https:\/\/www.elementvape.de\/wp-content\/uploads\/2024\/09\/cropped-1elementvape-3.png","width":285,"height":228,"caption":"ElementVape.DE"},"image":{"@id":"https:\/\/www.elementvape.de\/#\/schema\/logo\/image\/"}}]}},"_links":{"self":[{"href":"https:\/\/www.elementvape.de\/nl\/wp-json\/wp\/v2\/product\/11660"}],"collection":[{"href":"https:\/\/www.elementvape.de\/nl\/wp-json\/wp\/v2\/product"}],"about":[{"href":"https:\/\/www.elementvape.de\/nl\/wp-json\/wp\/v2\/types\/product"}],"wp:featuredmedia":[{"embeddable":true,"href":"https:\/\/www.elementvape.de\/nl\/wp-json\/wp\/v2\/media\/11662"}],"wp:attachment":[{"href":"https:\/\/www.elementvape.de\/nl\/wp-json\/wp\/v2\/media?parent=11660"}],"wp:term":[{"taxonomy":"product_cat","embeddable":true,"href":"https:\/\/www.elementvape.de\/nl\/wp-json\/wp\/v2\/product_cat?post=11660"},{"taxonomy":"product_tag","embeddable":true,"href":"https:\/\/www.elementvape.de\/nl\/wp-json\/wp\/v2\/product_tag?post=11660"}],"curies":[{"name":"wp","href":"https:\/\/api.w.org\/{rel}","templated":true}]}}