{"id":10701,"date":"2024-05-27T02:50:21","date_gmt":"2024-05-27T02:50:21","guid":{"rendered":"https:\/\/www.elementvape.de\/?post_type=product&#038;p=10701"},"modified":"2024-09-12T10:31:40","modified_gmt":"2024-09-12T10:31:40","slug":"elf-bar-t600-einweg-vape-550-mah-600-zuege","status":"publish","type":"product","link":"https:\/\/www.elementvape.de\/nl\/produkt\/elf-bar-t600-einweg-vape-550-mah-600-zuege\/","title":{"rendered":"Elf Bar T600 Wegwerp Vape 550 mAh 600 trekjes"},"content":{"rendered":"<div class=\"card__header\">\n<h2 class=\"card__title heading h3\"><span>Omschrijving<\/span><\/h2>\n<\/div>\n<div class=\"card__section\">\n<div class=\"rte text--pull\">\n<p><span>Groothandel Die\u00a0<\/span><a title=\"Elf Bar\" href=\"https:\/\/www.elementvape.de\/nl\/product-brand\/elfbar\/\"><span>Elf Bar<\/span><\/a><span>\u00a0T600 Wegwerp Vape-Puff-Bar-collectie bevat 12 fantastische smaken. Kies uit Watermeloen-Citroen, Aardbei-Kiwi, Perzik-Mango-Guave, sappige perzik, aardbeienijs en nog veel meer. Elke wegwerp-e-sigaretbar is voorgevuld met 2 ml hoogwaardige 20 mg nikotinezout-e-vloeistof, aangedreven door een 550-mAh batterij die ongeveer 600 trekacties produceert.<\/span><\/p>\n<p><span>Koop Elf Bar T600 Wegwerp Vapes tegen de beste groothandelsprijzen.<\/span><\/p>\n<h2>Smaakopties<\/h2>\n<ul>\n<li><strong><span>Bananenmelk<\/span><\/strong>\u00a0<span>\u00a0\u2013 Bananenmelk is een gladde en romige milkshake van zoete bananen!<\/span><\/li>\n<li><strong><span>Blauwe Razz Lemonade<\/span><\/strong>\u00a0<span>\u00a0\u2013 Een bruisende limonade met een prachtige combinatie van blauwe frambozen geeft het een verleidelijke smaak.<\/span><\/li>\n<li><strong><span>Sappige Perzik<\/span><\/strong>\u00a0<span>\u00a0\u2013 Juicy Peach is een heerlijke mix van de beste perziken.<\/span><\/li>\n<li><strong><span>Kiwi-Passievrucht-Guave<\/span><\/strong>\u00a0<span>\u00a0\u2013 Verse guaves, zoete passievruchten en kiwi's in een exotische mix!<\/span><\/li>\n<li><strong><span>Mango<\/span><\/strong>\u00a0<span>\u00a0\u2013 Mango is perfect voor mango-liefhebbers, omdat het de natuurlijke zoetheid van mango's heeft.<\/span><\/li>\n<li><strong><span>Mango-Perzik-Watermeloen<\/span><\/strong>\u00a0<span>\u00a0\u2013 Mango-Perzik-Watermeloen is een heerlijke mix van zoete mango's, sappige perziken en sappige watermeloenen.<\/span><\/li>\n<li><strong><span>Perzik-Mango-Guave<\/span><\/strong>\u00a0<span>\u00a0\u2013 Perzik-Mango-Guave is een tropische mix van zoete perziken, sappige mango's en exotische guaves, die zorgen voor een fantastisch dampervaring!<\/span><\/li>\n<li><strong><span>Ananas-perzik-mango<\/span><\/strong>\u00a0<span>\u00a0\u2013 Sappige mango's worden gemengd met zoete perziken en heerlijke ananas voor een geweldige smaak.<\/span><\/li>\n<li><strong><span>Aardbeien-kaastaart<\/span><\/strong>\u00a0<span>\u00a0\u2013 Voor een klassiek dessert wordt een romige kaastaart bedekt met een zoete aardbeienvulling.<\/span><\/li>\n<li><strong><span>Aardbeienijs<\/span><\/strong>\u00a0<span>\u00a0\u2013 Sappige aardbeien worden gemengd tot een romig, verfrissend ijs met heerlijke smaak.<\/span><\/li>\n<li><strong><span>Aardbei-Kiwi<\/span><\/strong>\u00a0<span>\u00a0\u2013 Zoete aardbeien en exotische kiwi's vormen een heerlijke combinatie!<\/span><\/li>\n<li><strong><span>Watermeloen-Citroen<\/span><\/strong>\u00a0<span>\u00a0\u2013 Een smaakexplosie ontstaat wanneer een zoete mix van watermeloen wordt gemengd met zure citroenen!<\/span><\/li>\n<\/ul>\n<h2>Kenmerken<\/h2>\n<ul>\n<li><span>Uniek ontwerp \u2013 Filterpunt in sigarettenstijl<\/span><\/li>\n<li><span>Inademen geactiveerd<\/span><\/li>\n<li><span>MTL dampen<\/span><\/li>\n<li><span>Slank, compact en past probleemloos in de zak<\/span><\/li>\n<\/ul>\n<h2><span>Specificaties<\/span><\/h2>\n<ul>\n<li><span>Batterij: 550 mAh ingebouwde batterij<\/span><\/li>\n<li><span>Pod-capaciteit: 2 ml voorgevulde vloeistof<\/span><\/li>\n<li><span>Trekkracht: \u2265600 trekkrachten<\/span><\/li>\n<li><span>Nicotinegehalte: 2% Nic Salt<\/span><\/li>\n<\/ul>\n<h2><span>Pakketinhoud<\/span><\/h2>\n<ul>\n<li><span>1 x Elf Bar T600 wegwerp-vape<\/span><\/li>\n<\/ul>\n<\/div>\n<\/div>","protected":false},"excerpt":{"rendered":"<p>Beschreibung Gro\u00dfhandel Die\u00a0Elf Bar\u00a0T600 Einweg-Vape-Puff-Bar-Kollektion enth\u00e4lt 12 fantastische Geschmacksrichtungen. W\u00e4hlen Sie zwischen Wassermelone-Zitrone, Erdbeer-Kiwi, Pfirsich-Mango-Guave, saftigem Pfirsich, Erdbeereis und vielem mehr. Jeder Einweg-E-Zigarettenriegel ist mit 2 ml erstklassiger 20 mg Nikotinsalz-E-Fl\u00fcssigkeit vorgef\u00fcllt, die von einer 550-mAh-Batterie angetrieben wird, die ungef\u00e4hr 600 zugaktivierte Z\u00fcge erzeugt. Kaufen Sie Elf Bar T600 Einweg-Vapes zu den besten Gro\u00dfhandelspreisen. Geschmacksrichtungen [&hellip;]<\/p>","protected":false},"featured_media":10702,"template":"","meta":{"inline_featured_image":false},"product_cat":[78,750,737,736,749],"product_tag":[679],"tiered_pricing_type":"fixed","tiered_pricing_fixed_rules":[],"tiered_pricing_percentage_rules":[],"tiered_pricing_minimum":1,"_administrator_tiered_pricing_type":"fixed","_administrator_tiered_pricing_fixed_rules":[],"_editor_tiered_pricing_type":"fixed","_editor_tiered_pricing_fixed_rules":[],"_author_tiered_pricing_type":"fixed","_author_tiered_pricing_fixed_rules":[],"_contributor_tiered_pricing_type":"fixed","_contributor_tiered_pricing_fixed_rules":[],"_subscriber_tiered_pricing_type":"fixed","_subscriber_tiered_pricing_fixed_rules":[],"_customer_tiered_pricing_type":"fixed","_customer_tiered_pricing_fixed_rules":[],"_shop_manager_tiered_pricing_type":"fixed","_shop_manager_tiered_pricing_fixed_rules":[],"_wpseo_manager_tiered_pricing_type":"fixed","_wpseo_manager_tiered_pricing_fixed_rules":[],"_wpseo_editor_tiered_pricing_type":"fixed","_wpseo_editor_tiered_pricing_fixed_rules":[],"_wholesale_customer_tiered_pricing_type":"fixed","_wholesale_customer_tiered_pricing_fixed_rules":[],"_marketer_tiered_pricing_type":"fixed","_marketer_tiered_pricing_fixed_rules":[],"_sales_manager_tiered_pricing_type":"fixed","_sales_manager_tiered_pricing_fixed_rules":[],"_sales_rep_tiered_pricing_type":"fixed","_sales_rep_tiered_pricing_fixed_rules":[],"yoast_head":"<!-- This site is optimized with the Yoast SEO plugin v23.3 - https:\/\/yoast.com\/wordpress\/plugins\/seo\/ -->\n<title>Elf Bar T600 Einweg-Vape 550 mAh 600 Z\u00fcge | ElementVape.de<\/title>\n<meta name=\"description\" content=\"Wir bieten Elf Bar T600 Einweg-Vape 550 mAh 600 Z\u00fcge , Elementvape.de akzeptieren Gro\u00df-und Einzelhandel Bestellungen.\" \/>\n<meta name=\"robots\" content=\"index, follow, max-snippet:-1, max-image-preview:large, max-video-preview:-1\" \/>\n<link rel=\"canonical\" href=\"https:\/\/www.elementvape.de\/nl\/produkt\/elf-bar-t600-einweg-vape-550-mah-600-zuege\/\" \/>\n<meta property=\"og:locale\" content=\"nl_NL\" \/>\n<meta property=\"og:type\" content=\"article\" \/>\n<meta property=\"og:title\" content=\"Elf Bar T600 Einweg-Vape 550 mAh 600 Z\u00fcge | ElementVape.de\" \/>\n<meta property=\"og:description\" content=\"Wir bieten Elf Bar T600 Einweg-Vape 550 mAh 600 Z\u00fcge , Elementvape.de akzeptieren Gro\u00df-und Einzelhandel Bestellungen.\" \/>\n<meta property=\"og:url\" content=\"https:\/\/www.elementvape.de\/nl\/produkt\/elf-bar-t600-einweg-vape-550-mah-600-zuege\/\" \/>\n<meta property=\"og:site_name\" content=\"ElementVape.de\" \/>\n<meta property=\"article:modified_time\" content=\"2024-09-12T10:31:40+00:00\" \/>\n<meta property=\"og:image\" content=\"https:\/\/www.elementvape.de\/wp-content\/uploads\/2024\/05\/Elf-Bar-T600-Disposable-Vape-600-Puffs-928695.webp\" \/>\n\t<meta property=\"og:image:width\" content=\"800\" \/>\n\t<meta property=\"og:image:height\" content=\"800\" \/>\n\t<meta property=\"og:image:type\" content=\"image\/webp\" \/>\n<meta name=\"twitter:card\" content=\"summary_large_image\" \/>\n<meta name=\"twitter:label1\" content=\"Est. reading time\" \/>\n\t<meta name=\"twitter:data1\" content=\"2 minuten\" \/>\n<script type=\"application\/ld+json\" class=\"yoast-schema-graph\">{\"@context\":\"https:\/\/schema.org\",\"@graph\":[{\"@type\":\"WebPage\",\"@id\":\"https:\/\/www.elementvape.de\/produkt\/elf-bar-t600-einweg-vape-550-mah-600-zuege\/\",\"url\":\"https:\/\/www.elementvape.de\/produkt\/elf-bar-t600-einweg-vape-550-mah-600-zuege\/\",\"name\":\"Elf Bar T600 Einweg-Vape 550 mAh 600 Z\u00fcge | ElementVape.de\",\"isPartOf\":{\"@id\":\"https:\/\/www.elementvape.de\/#website\"},\"primaryImageOfPage\":{\"@id\":\"https:\/\/www.elementvape.de\/produkt\/elf-bar-t600-einweg-vape-550-mah-600-zuege\/#primaryimage\"},\"image\":{\"@id\":\"https:\/\/www.elementvape.de\/produkt\/elf-bar-t600-einweg-vape-550-mah-600-zuege\/#primaryimage\"},\"thumbnailUrl\":\"https:\/\/www.elementvape.de\/wp-content\/uploads\/2024\/05\/Elf-Bar-T600-Disposable-Vape-600-Puffs-928695.webp\",\"datePublished\":\"2024-05-27T02:50:21+00:00\",\"dateModified\":\"2024-09-12T10:31:40+00:00\",\"description\":\"Wir bieten Elf Bar T600 Einweg-Vape 550 mAh 600 Z\u00fcge , Elementvape.de akzeptieren Gro\u00df-und Einzelhandel Bestellungen.\",\"breadcrumb\":{\"@id\":\"https:\/\/www.elementvape.de\/produkt\/elf-bar-t600-einweg-vape-550-mah-600-zuege\/#breadcrumb\"},\"inLanguage\":\"nl-NL\",\"potentialAction\":[{\"@type\":\"ReadAction\",\"target\":[\"https:\/\/www.elementvape.de\/produkt\/elf-bar-t600-einweg-vape-550-mah-600-zuege\/\"]}]},{\"@type\":\"ImageObject\",\"inLanguage\":\"nl-NL\",\"@id\":\"https:\/\/www.elementvape.de\/produkt\/elf-bar-t600-einweg-vape-550-mah-600-zuege\/#primaryimage\",\"url\":\"https:\/\/www.elementvape.de\/wp-content\/uploads\/2024\/05\/Elf-Bar-T600-Disposable-Vape-600-Puffs-928695.webp\",\"contentUrl\":\"https:\/\/www.elementvape.de\/wp-content\/uploads\/2024\/05\/Elf-Bar-T600-Disposable-Vape-600-Puffs-928695.webp\",\"width\":800,\"height\":800,\"caption\":\"Elf-Bar-T600-Disposable-Vape-600-Puffs-928695\"},{\"@type\":\"BreadcrumbList\",\"@id\":\"https:\/\/www.elementvape.de\/produkt\/elf-bar-t600-einweg-vape-550-mah-600-zuege\/#breadcrumb\",\"itemListElement\":[{\"@type\":\"ListItem\",\"position\":1,\"name\":\"Home\",\"item\":\"https:\/\/www.elementvape.de\/\"},{\"@type\":\"ListItem\",\"position\":2,\"name\":\"Shop\",\"item\":\"https:\/\/www.elementvape.de\/shop\/\"},{\"@type\":\"ListItem\",\"position\":3,\"name\":\"Elf Bar T600 Einweg-Vape 550 mAh 600 Z\u00fcge\"}]},{\"@type\":\"WebSite\",\"@id\":\"https:\/\/www.elementvape.de\/#website\",\"url\":\"https:\/\/www.elementvape.de\/\",\"name\":\"ElementVape.de\",\"description\":\"\",\"publisher\":{\"@id\":\"https:\/\/www.elementvape.de\/#organization\"},\"potentialAction\":[{\"@type\":\"SearchAction\",\"target\":{\"@type\":\"EntryPoint\",\"urlTemplate\":\"https:\/\/www.elementvape.de\/?s={search_term_string}\"},\"query-input\":\"required name=search_term_string\"}],\"inLanguage\":\"nl-NL\"},{\"@type\":\"Organization\",\"@id\":\"https:\/\/www.elementvape.de\/#organization\",\"name\":\"ElementVape.DE\",\"url\":\"https:\/\/www.elementvape.de\/\",\"logo\":{\"@type\":\"ImageObject\",\"inLanguage\":\"nl-NL\",\"@id\":\"https:\/\/www.elementvape.de\/#\/schema\/logo\/image\/\",\"url\":\"https:\/\/www.elementvape.de\/wp-content\/uploads\/2024\/09\/cropped-1elementvape-3.png\",\"contentUrl\":\"https:\/\/www.elementvape.de\/wp-content\/uploads\/2024\/09\/cropped-1elementvape-3.png\",\"width\":285,\"height\":228,\"caption\":\"ElementVape.DE\"},\"image\":{\"@id\":\"https:\/\/www.elementvape.de\/#\/schema\/logo\/image\/\"}}]}<\/script>\n<!-- \/ Yoast SEO plugin. -->","yoast_head_json":{"title":"Elf Bar T600 Einweg-Vape 550 mAh 600 Z\u00fcge | ElementVape.de","description":"Wir bieten Elf Bar T600 Einweg-Vape 550 mAh 600 Z\u00fcge , Elementvape.de akzeptieren Gro\u00df-und Einzelhandel Bestellungen.","robots":{"index":"index","follow":"follow","max-snippet":"max-snippet:-1","max-image-preview":"max-image-preview:large","max-video-preview":"max-video-preview:-1"},"canonical":"https:\/\/www.elementvape.de\/nl\/produkt\/elf-bar-t600-einweg-vape-550-mah-600-zuege\/","og_locale":"nl_NL","og_type":"article","og_title":"Elf Bar T600 Einweg-Vape 550 mAh 600 Z\u00fcge | ElementVape.de","og_description":"Wir bieten Elf Bar T600 Einweg-Vape 550 mAh 600 Z\u00fcge , Elementvape.de akzeptieren Gro\u00df-und Einzelhandel Bestellungen.","og_url":"https:\/\/www.elementvape.de\/nl\/produkt\/elf-bar-t600-einweg-vape-550-mah-600-zuege\/","og_site_name":"ElementVape.de","article_modified_time":"2024-09-12T10:31:40+00:00","og_image":[{"width":800,"height":800,"url":"https:\/\/www.elementvape.de\/wp-content\/uploads\/2024\/05\/Elf-Bar-T600-Disposable-Vape-600-Puffs-928695.webp","type":"image\/webp"}],"twitter_card":"summary_large_image","twitter_misc":{"Est. reading time":"2 minuten"},"schema":{"@context":"https:\/\/schema.org","@graph":[{"@type":"WebPage","@id":"https:\/\/www.elementvape.de\/produkt\/elf-bar-t600-einweg-vape-550-mah-600-zuege\/","url":"https:\/\/www.elementvape.de\/produkt\/elf-bar-t600-einweg-vape-550-mah-600-zuege\/","name":"Elf Bar T600 Einweg-Vape 550 mAh 600 Z\u00fcge | ElementVape.de","isPartOf":{"@id":"https:\/\/www.elementvape.de\/#website"},"primaryImageOfPage":{"@id":"https:\/\/www.elementvape.de\/produkt\/elf-bar-t600-einweg-vape-550-mah-600-zuege\/#primaryimage"},"image":{"@id":"https:\/\/www.elementvape.de\/produkt\/elf-bar-t600-einweg-vape-550-mah-600-zuege\/#primaryimage"},"thumbnailUrl":"https:\/\/www.elementvape.de\/wp-content\/uploads\/2024\/05\/Elf-Bar-T600-Disposable-Vape-600-Puffs-928695.webp","datePublished":"2024-05-27T02:50:21+00:00","dateModified":"2024-09-12T10:31:40+00:00","description":"Wir bieten Elf Bar T600 Einweg-Vape 550 mAh 600 Z\u00fcge , Elementvape.de akzeptieren Gro\u00df-und Einzelhandel Bestellungen.","breadcrumb":{"@id":"https:\/\/www.elementvape.de\/produkt\/elf-bar-t600-einweg-vape-550-mah-600-zuege\/#breadcrumb"},"inLanguage":"nl-NL","potentialAction":[{"@type":"ReadAction","target":["https:\/\/www.elementvape.de\/produkt\/elf-bar-t600-einweg-vape-550-mah-600-zuege\/"]}]},{"@type":"ImageObject","inLanguage":"nl-NL","@id":"https:\/\/www.elementvape.de\/produkt\/elf-bar-t600-einweg-vape-550-mah-600-zuege\/#primaryimage","url":"https:\/\/www.elementvape.de\/wp-content\/uploads\/2024\/05\/Elf-Bar-T600-Disposable-Vape-600-Puffs-928695.webp","contentUrl":"https:\/\/www.elementvape.de\/wp-content\/uploads\/2024\/05\/Elf-Bar-T600-Disposable-Vape-600-Puffs-928695.webp","width":800,"height":800,"caption":"Elf-Bar-T600-Disposable-Vape-600-Puffs-928695"},{"@type":"BreadcrumbList","@id":"https:\/\/www.elementvape.de\/produkt\/elf-bar-t600-einweg-vape-550-mah-600-zuege\/#breadcrumb","itemListElement":[{"@type":"ListItem","position":1,"name":"Home","item":"https:\/\/www.elementvape.de\/"},{"@type":"ListItem","position":2,"name":"Shop","item":"https:\/\/www.elementvape.de\/shop\/"},{"@type":"ListItem","position":3,"name":"Elf Bar T600 Einweg-Vape 550 mAh 600 Z\u00fcge"}]},{"@type":"WebSite","@id":"https:\/\/www.elementvape.de\/#website","url":"https:\/\/www.elementvape.de\/","name":"ElementVape.de","description":"","publisher":{"@id":"https:\/\/www.elementvape.de\/#organization"},"potentialAction":[{"@type":"SearchAction","target":{"@type":"EntryPoint","urlTemplate":"https:\/\/www.elementvape.de\/?s={search_term_string}"},"query-input":"required name=search_term_string"}],"inLanguage":"nl-NL"},{"@type":"Organization","@id":"https:\/\/www.elementvape.de\/#organization","name":"ElementVape.DE","url":"https:\/\/www.elementvape.de\/","logo":{"@type":"ImageObject","inLanguage":"nl-NL","@id":"https:\/\/www.elementvape.de\/#\/schema\/logo\/image\/","url":"https:\/\/www.elementvape.de\/wp-content\/uploads\/2024\/09\/cropped-1elementvape-3.png","contentUrl":"https:\/\/www.elementvape.de\/wp-content\/uploads\/2024\/09\/cropped-1elementvape-3.png","width":285,"height":228,"caption":"ElementVape.DE"},"image":{"@id":"https:\/\/www.elementvape.de\/#\/schema\/logo\/image\/"}}]}},"_links":{"self":[{"href":"https:\/\/www.elementvape.de\/nl\/wp-json\/wp\/v2\/product\/10701"}],"collection":[{"href":"https:\/\/www.elementvape.de\/nl\/wp-json\/wp\/v2\/product"}],"about":[{"href":"https:\/\/www.elementvape.de\/nl\/wp-json\/wp\/v2\/types\/product"}],"wp:featuredmedia":[{"embeddable":true,"href":"https:\/\/www.elementvape.de\/nl\/wp-json\/wp\/v2\/media\/10702"}],"wp:attachment":[{"href":"https:\/\/www.elementvape.de\/nl\/wp-json\/wp\/v2\/media?parent=10701"}],"wp:term":[{"taxonomy":"product_cat","embeddable":true,"href":"https:\/\/www.elementvape.de\/nl\/wp-json\/wp\/v2\/product_cat?post=10701"},{"taxonomy":"product_tag","embeddable":true,"href":"https:\/\/www.elementvape.de\/nl\/wp-json\/wp\/v2\/product_tag?post=10701"}],"curies":[{"name":"wp","href":"https:\/\/api.w.org\/{rel}","templated":true}]}}