{"id":10632,"date":"2024-05-25T08:44:43","date_gmt":"2024-05-25T08:44:43","guid":{"rendered":"https:\/\/www.elementvape.de\/?post_type=product&#038;p=10632"},"modified":"2024-09-12T10:31:42","modified_gmt":"2024-09-12T10:31:42","slug":"elf-bar-bc5000-einweg-vape-650mah-5000-zuege","status":"publish","type":"product","link":"https:\/\/www.elementvape.de\/nl\/produkt\/elf-bar-bc5000-einweg-vape-650mah-5000-zuege\/","title":{"rendered":"ELF BAR BC5000 Wegwerp Vape 650mAh 5000 puffs"},"content":{"rendered":"<h2>Invoering:<\/h2>\n<p>Ondanks zijn extreem compacte formaat voor gemakkelijk vervoer, heeft de Elf Bar BC5000 een verbazingwekkende capaciteit van 13 ml e-liquid, wat meer dan vier keer de capaciteit is van gewone wegwerp-e-liquids. Hij heeft ook een indrukwekkende 650-mAh batterij die tot 5000 keer per volledige lading meegaat.<\/p>\n<p>De BC5000 biedt met zijn geavanceerde dubbele spoelverwarmingssysteem en de strakke MTL-inhaling, die het gevoel van roken nauwkeurig nabootst, een ongelooflijk gelijkmatige smaakbeleving. Met meer dan 45 heerlijke aroma's in nicotineconcentraties van 5 %, 3 % en 0 % voldoet hij echt aan alle voorkeuren voor e-sigaretten, van fruit tot desserts, menthol, snoep en meer.<\/p>\n<h3>Uitgelichte functies:<\/h3>\n<p>Grootte: 79 mm x 41 mm x 19 mm<br \/>\nE-Liquid-capaciteit: 13 ml<br \/>\nNicotinegehalte: 50 mg (5 %)<br \/>\nBatterijcapaciteit: 650 mAh<br \/>\nTrekkrachten: 5000 trekkrachten<\/p>\n<p>Aardbei-Pina-Colada \u2013 luxe tropische cocktail<br \/>\nDeze smoothie-achtige smaak is een perfecte balans tussen de zoete, rijpe aardbeismaak bij het inhaleren en de zijdezachte ananas- en kokosaroma's bij het uitademen. Het zoete aardbeielement neemt de leiding, terwijl de tropische ananas- en kokosvruchten een heerlijke romige achtergrond vormen. Dit zorgt voor een verwennerij, fruitig cocktail-ervaring. De aardbeismaak is fris en sappig, terwijl de kokos een luxe gevoel geeft.<\/p>\n<p>Elf Bar BC5000 Aardbei-Pina-Colada<br \/>\nPerzik-Mango \u2013 zoete tropische smaak<br \/>\nDeze fruitsapmix is rijk aan sappige perziken en levendige, rijpe mango's en is perfect ingebed in frisse, authentieke tropische aroma's. Perzik en mango mengen harmonieus voor de ultieme fruitige genot. De matige koelte versterkt en vereenvoudigt de fruitige aroma's zonder ze te overweldigen. Over het algemeen is dit een ongelooflijk sappige, zoete en verfrissende All-Day-Vape. Mango en perzik zijn perfect in balans om een ideale fruitige harmonie te cre\u00ebren.<\/p>\n<p>Elf Bar BC5000 Perzik Mango<br \/>\nWatermeloen Cantaloupe Honingmeloen \u2013 Verfrissende meloencompote<br \/>\nDeze meloencompote herinnert perfect aan een verfrissende fruitsapmix vol gelaagde meloenaroma's. Zoete, bittere en lichtzure honingmeloen-, cantaloupe- en watermeloenaroma's mengen zich tot een interessant meloensmaakprofiel. Minimale koelte laat de nuances van elke meloen volledig tot uiting komen. Een interessante en diep bevredigende fruitfusie. De essentie van verse meloen wordt met elke slok vastgelegd.<\/p>\n<p>Elf Bar BC5000 Watermeloen Cantaloupe Honingmeloen<br \/>\nAnanas-Kokos-IJs \u2013 Tropische eilandvakantie<br \/>\nDe zoete ananas en de zure kokosnoot mengen zich perfect om je meteen een tropisch vakantiegevoel te geven tijdens het roken. De intense koelte vormt het perfecte contrast met het fruit en zorgt voor een uitgebalanceerde afwerking. Deze smaak is verfrissend en verslavend. Een ware tropische cocktail in dampvorm. De kokosnoot vult de smaak van de ananas perfect aan.<\/p>\n<p>Elf Bar BC5000 Ananas-Kokos-IJs<br \/>\nAardbeiencr\u00e8me \u2013 elegante bessen dessert<br \/>\nDeze e-sigaret met klassieke smaak mengt perfect zoete, rijpe en sappige aardbeien met rijke en zachte room, om je een zachte, natuurlijkere aardbeien- en roomervaring te bieden. De aardbeismaak is rijk en de room is zacht. Bij het uitademen is een vleugje koelte te voelen, dat het aardbeiaroma versterkt. Dit is een aangename en authentieke bessen dessert e-sigaret. Beide smaken zijn uiterst natuurlijk en uitgebalanceerd.<\/p>\n<p>Elf Bar BC5000 Aardbeiencr\u00e8me<br \/>\nAndere speciale smaken<br \/>\nHoewel de bovenstaande mijn persoonlijke vijf favoriete smaken zijn, bleken deze extra smaken van Elf Bar BC5000 ook zeer aangenaam en opvallend:<\/p>\n<p>Kiwi-Passievrucht-Guave \u2013 Een aangenaam trio van zure tropische vruchten, met kiwi bij inademing en guave bij uitademing. Een zeer unieke smaak.<\/p>\n<p>Perzikenijs \u2013 Zoete, sappige perziken gecombineerd met koele menthol voor een verfrissende smaak. De menthol maakt de sappige perziksmaak nog intenser.<\/p>\n<p>Watermeloenijs \u2013 De zoete smaak van een zomerse watermeloen met een vleugje koelte. De iconische combinatie is perfect.<\/p>\n<p>Meloen-Ananas-Sinaasappel \u2013 Een levendige fruitmix met meloen als hoofdelement. De meloen brengt zoetheid, terwijl ananas en sinaasappel de versieringen zijn.<\/p>\n<p>Strawzz \u2013 Een sprankelend, snoepachtig aardbeien-sodadrankje. Als je van de zoete aardbeien smaak houdt, zal dit drankje je blij maken.<\/p>\n<p>Definitieve testbeoordeling<\/p>\n<h3>Voordelen:<\/h3>\n<p>Extra grote E-liquid capaciteit voor een langere levensduur van de e-sigaret<br \/>\nOplaadbare batterij houdt betrouwbaar 5.000 toepassingen vol<br \/>\nGeavanceerde verwarmings technologie voor rijke, consistente smaakconcentraties<br \/>\nInhalatie-activatie zonder complicaties<br \/>\nMeer dan 45 smaken met verschillende nicotinegehaltes voor eindeloze variaties<br \/>\nNauwkeurige, cigaretten-achtige trek<\/p>\n<h3>Nadelen:<\/h3>\n<p>1 uur oplaadtijd is langer dan ideaal<\/p>\n<p>Conclusie: Met haar enorme E-liquid capaciteit, bevredigende prestaties en rijke smaken verdient de Elf Bar BC5000 mijn onvoorwaardelijke aanbeveling als de huidige top van wegwerp-e-sigaretten. Ze biedt moeiteloos de meest duurzame en smaakvolle wegwerp-e-sigaret ervaring die ik ooit heb gehad.<\/p>\n<p>Hoewel persoonlijke smaakvoorkeuren verschillen, is mijn ervaring dat de smaak van de BC5000 met een mix van tropische vruchten bijzonder heerlijk is. Voor dampers die eenvoudige<\/p>","protected":false},"excerpt":{"rendered":"<p>Einf\u00fchrung\uff1a Trotz seiner extrem kompakten Gr\u00f6\u00dfe f\u00fcr einfachen Transport hat der Elf Bar BC5000 eine erstaunliche Kapazit\u00e4t von 13 ml E-Liquid, was mehr als viermal mehr ist als die Kapazit\u00e4t von gew\u00f6hnlichem Einweg-E-Liquid. Er hat au\u00dferdem einen beeindruckenden 650-mAh-Akku, der bis zu 5000 Mal pro voller Ladung h\u00e4lt. Der BC5000 bietet mit seinem fortschrittlichen Doppelspulen-Heizsystem [&hellip;]<\/p>","protected":false},"featured_media":10654,"template":"","meta":{"inline_featured_image":false},"product_cat":[78,750,737,736,749],"product_tag":[678],"tiered_pricing_type":"fixed","tiered_pricing_fixed_rules":[],"tiered_pricing_percentage_rules":[],"tiered_pricing_minimum":1,"_administrator_tiered_pricing_type":"fixed","_administrator_tiered_pricing_fixed_rules":[],"_editor_tiered_pricing_type":"fixed","_editor_tiered_pricing_fixed_rules":[],"_author_tiered_pricing_type":"fixed","_author_tiered_pricing_fixed_rules":[],"_contributor_tiered_pricing_type":"fixed","_contributor_tiered_pricing_fixed_rules":[],"_subscriber_tiered_pricing_type":"fixed","_subscriber_tiered_pricing_fixed_rules":[],"_customer_tiered_pricing_type":"fixed","_customer_tiered_pricing_fixed_rules":[],"_shop_manager_tiered_pricing_type":"fixed","_shop_manager_tiered_pricing_fixed_rules":[],"_wpseo_manager_tiered_pricing_type":"fixed","_wpseo_manager_tiered_pricing_fixed_rules":[],"_wpseo_editor_tiered_pricing_type":"fixed","_wpseo_editor_tiered_pricing_fixed_rules":[],"_wholesale_customer_tiered_pricing_type":"fixed","_wholesale_customer_tiered_pricing_fixed_rules":[],"_marketer_tiered_pricing_type":"fixed","_marketer_tiered_pricing_fixed_rules":[],"_sales_manager_tiered_pricing_type":"fixed","_sales_manager_tiered_pricing_fixed_rules":[],"_sales_rep_tiered_pricing_type":"fixed","_sales_rep_tiered_pricing_fixed_rules":[],"yoast_head":"<!-- This site is optimized with the Yoast SEO plugin v23.3 - https:\/\/yoast.com\/wordpress\/plugins\/seo\/ -->\n<title>ELF BAR BC5000 Einweg Vape 650mAh 5000 Z\u00fcge | ElementVape.de<\/title>\n<meta name=\"description\" content=\"Wir bieten ELF BAR BC5000 Einweg Vape 650mAh 5000 Z\u00fcge , Elementvape.de akzeptieren Gro\u00df-und Einzelhandel Bestellungen.\" \/>\n<meta name=\"robots\" content=\"index, follow, max-snippet:-1, max-image-preview:large, max-video-preview:-1\" \/>\n<link rel=\"canonical\" href=\"https:\/\/www.elementvape.de\/nl\/produkt\/elf-bar-bc5000-einweg-vape-650mah-5000-zuege\/\" \/>\n<meta property=\"og:locale\" content=\"nl_NL\" \/>\n<meta property=\"og:type\" content=\"article\" \/>\n<meta property=\"og:title\" content=\"ELF BAR BC5000 Einweg Vape 650mAh 5000 Z\u00fcge | ElementVape.de\" \/>\n<meta property=\"og:description\" content=\"Wir bieten ELF BAR BC5000 Einweg Vape 650mAh 5000 Z\u00fcge , Elementvape.de akzeptieren Gro\u00df-und Einzelhandel Bestellungen.\" \/>\n<meta property=\"og:url\" content=\"https:\/\/www.elementvape.de\/nl\/produkt\/elf-bar-bc5000-einweg-vape-650mah-5000-zuege\/\" \/>\n<meta property=\"og:site_name\" content=\"ElementVape.de\" \/>\n<meta property=\"article:modified_time\" content=\"2024-09-12T10:31:42+00:00\" \/>\n<meta property=\"og:image\" content=\"https:\/\/www.elementvape.de\/wp-content\/uploads\/2024\/05\/ELF-BAR-BC5000-Disposable-Vape-650mAh-5000-Puffs-863583.webp\" \/>\n\t<meta property=\"og:image:width\" content=\"600\" \/>\n\t<meta property=\"og:image:height\" content=\"600\" \/>\n\t<meta property=\"og:image:type\" content=\"image\/webp\" \/>\n<meta name=\"twitter:card\" content=\"summary_large_image\" \/>\n<meta name=\"twitter:label1\" content=\"Est. reading time\" \/>\n\t<meta name=\"twitter:data1\" content=\"5 minuten\" \/>\n<script type=\"application\/ld+json\" class=\"yoast-schema-graph\">{\"@context\":\"https:\/\/schema.org\",\"@graph\":[{\"@type\":\"WebPage\",\"@id\":\"https:\/\/www.elementvape.de\/produkt\/elf-bar-bc5000-einweg-vape-650mah-5000-zuege\/\",\"url\":\"https:\/\/www.elementvape.de\/produkt\/elf-bar-bc5000-einweg-vape-650mah-5000-zuege\/\",\"name\":\"ELF BAR BC5000 Einweg Vape 650mAh 5000 Z\u00fcge | ElementVape.de\",\"isPartOf\":{\"@id\":\"https:\/\/www.elementvape.de\/#website\"},\"primaryImageOfPage\":{\"@id\":\"https:\/\/www.elementvape.de\/produkt\/elf-bar-bc5000-einweg-vape-650mah-5000-zuege\/#primaryimage\"},\"image\":{\"@id\":\"https:\/\/www.elementvape.de\/produkt\/elf-bar-bc5000-einweg-vape-650mah-5000-zuege\/#primaryimage\"},\"thumbnailUrl\":\"https:\/\/www.elementvape.de\/wp-content\/uploads\/2024\/05\/ELF-BAR-BC5000-Disposable-Vape-650mAh-5000-Puffs-863583.webp\",\"datePublished\":\"2024-05-25T08:44:43+00:00\",\"dateModified\":\"2024-09-12T10:31:42+00:00\",\"description\":\"Wir bieten ELF BAR BC5000 Einweg Vape 650mAh 5000 Z\u00fcge , Elementvape.de akzeptieren Gro\u00df-und Einzelhandel Bestellungen.\",\"breadcrumb\":{\"@id\":\"https:\/\/www.elementvape.de\/produkt\/elf-bar-bc5000-einweg-vape-650mah-5000-zuege\/#breadcrumb\"},\"inLanguage\":\"nl-NL\",\"potentialAction\":[{\"@type\":\"ReadAction\",\"target\":[\"https:\/\/www.elementvape.de\/produkt\/elf-bar-bc5000-einweg-vape-650mah-5000-zuege\/\"]}]},{\"@type\":\"ImageObject\",\"inLanguage\":\"nl-NL\",\"@id\":\"https:\/\/www.elementvape.de\/produkt\/elf-bar-bc5000-einweg-vape-650mah-5000-zuege\/#primaryimage\",\"url\":\"https:\/\/www.elementvape.de\/wp-content\/uploads\/2024\/05\/ELF-BAR-BC5000-Disposable-Vape-650mAh-5000-Puffs-863583.webp\",\"contentUrl\":\"https:\/\/www.elementvape.de\/wp-content\/uploads\/2024\/05\/ELF-BAR-BC5000-Disposable-Vape-650mAh-5000-Puffs-863583.webp\",\"width\":600,\"height\":600,\"caption\":\"ELF-BAR-BC5000-Disposable-Vape-650mAh-5000-Puffs-863583\"},{\"@type\":\"BreadcrumbList\",\"@id\":\"https:\/\/www.elementvape.de\/produkt\/elf-bar-bc5000-einweg-vape-650mah-5000-zuege\/#breadcrumb\",\"itemListElement\":[{\"@type\":\"ListItem\",\"position\":1,\"name\":\"Home\",\"item\":\"https:\/\/www.elementvape.de\/\"},{\"@type\":\"ListItem\",\"position\":2,\"name\":\"Shop\",\"item\":\"https:\/\/www.elementvape.de\/shop\/\"},{\"@type\":\"ListItem\",\"position\":3,\"name\":\"ELF BAR BC5000 Einweg Vape 650mAh 5000 Z\u00fcge\"}]},{\"@type\":\"WebSite\",\"@id\":\"https:\/\/www.elementvape.de\/#website\",\"url\":\"https:\/\/www.elementvape.de\/\",\"name\":\"ElementVape.de\",\"description\":\"\",\"publisher\":{\"@id\":\"https:\/\/www.elementvape.de\/#organization\"},\"potentialAction\":[{\"@type\":\"SearchAction\",\"target\":{\"@type\":\"EntryPoint\",\"urlTemplate\":\"https:\/\/www.elementvape.de\/?s={search_term_string}\"},\"query-input\":\"required name=search_term_string\"}],\"inLanguage\":\"nl-NL\"},{\"@type\":\"Organization\",\"@id\":\"https:\/\/www.elementvape.de\/#organization\",\"name\":\"ElementVape.DE\",\"url\":\"https:\/\/www.elementvape.de\/\",\"logo\":{\"@type\":\"ImageObject\",\"inLanguage\":\"nl-NL\",\"@id\":\"https:\/\/www.elementvape.de\/#\/schema\/logo\/image\/\",\"url\":\"https:\/\/www.elementvape.de\/wp-content\/uploads\/2024\/09\/cropped-1elementvape-3.png\",\"contentUrl\":\"https:\/\/www.elementvape.de\/wp-content\/uploads\/2024\/09\/cropped-1elementvape-3.png\",\"width\":285,\"height\":228,\"caption\":\"ElementVape.DE\"},\"image\":{\"@id\":\"https:\/\/www.elementvape.de\/#\/schema\/logo\/image\/\"}}]}<\/script>\n<!-- \/ Yoast SEO plugin. -->","yoast_head_json":{"title":"ELF BAR BC5000 Einweg Vape 650mAh 5000 Z\u00fcge | ElementVape.de","description":"Wir bieten ELF BAR BC5000 Einweg Vape 650mAh 5000 Z\u00fcge , Elementvape.de akzeptieren Gro\u00df-und Einzelhandel Bestellungen.","robots":{"index":"index","follow":"follow","max-snippet":"max-snippet:-1","max-image-preview":"max-image-preview:large","max-video-preview":"max-video-preview:-1"},"canonical":"https:\/\/www.elementvape.de\/nl\/produkt\/elf-bar-bc5000-einweg-vape-650mah-5000-zuege\/","og_locale":"nl_NL","og_type":"article","og_title":"ELF BAR BC5000 Einweg Vape 650mAh 5000 Z\u00fcge | ElementVape.de","og_description":"Wir bieten ELF BAR BC5000 Einweg Vape 650mAh 5000 Z\u00fcge , Elementvape.de akzeptieren Gro\u00df-und Einzelhandel Bestellungen.","og_url":"https:\/\/www.elementvape.de\/nl\/produkt\/elf-bar-bc5000-einweg-vape-650mah-5000-zuege\/","og_site_name":"ElementVape.de","article_modified_time":"2024-09-12T10:31:42+00:00","og_image":[{"width":600,"height":600,"url":"https:\/\/www.elementvape.de\/wp-content\/uploads\/2024\/05\/ELF-BAR-BC5000-Disposable-Vape-650mAh-5000-Puffs-863583.webp","type":"image\/webp"}],"twitter_card":"summary_large_image","twitter_misc":{"Est. reading time":"5 minuten"},"schema":{"@context":"https:\/\/schema.org","@graph":[{"@type":"WebPage","@id":"https:\/\/www.elementvape.de\/produkt\/elf-bar-bc5000-einweg-vape-650mah-5000-zuege\/","url":"https:\/\/www.elementvape.de\/produkt\/elf-bar-bc5000-einweg-vape-650mah-5000-zuege\/","name":"ELF BAR BC5000 Einweg Vape 650mAh 5000 Z\u00fcge | ElementVape.de","isPartOf":{"@id":"https:\/\/www.elementvape.de\/#website"},"primaryImageOfPage":{"@id":"https:\/\/www.elementvape.de\/produkt\/elf-bar-bc5000-einweg-vape-650mah-5000-zuege\/#primaryimage"},"image":{"@id":"https:\/\/www.elementvape.de\/produkt\/elf-bar-bc5000-einweg-vape-650mah-5000-zuege\/#primaryimage"},"thumbnailUrl":"https:\/\/www.elementvape.de\/wp-content\/uploads\/2024\/05\/ELF-BAR-BC5000-Disposable-Vape-650mAh-5000-Puffs-863583.webp","datePublished":"2024-05-25T08:44:43+00:00","dateModified":"2024-09-12T10:31:42+00:00","description":"Wir bieten ELF BAR BC5000 Einweg Vape 650mAh 5000 Z\u00fcge , Elementvape.de akzeptieren Gro\u00df-und Einzelhandel Bestellungen.","breadcrumb":{"@id":"https:\/\/www.elementvape.de\/produkt\/elf-bar-bc5000-einweg-vape-650mah-5000-zuege\/#breadcrumb"},"inLanguage":"nl-NL","potentialAction":[{"@type":"ReadAction","target":["https:\/\/www.elementvape.de\/produkt\/elf-bar-bc5000-einweg-vape-650mah-5000-zuege\/"]}]},{"@type":"ImageObject","inLanguage":"nl-NL","@id":"https:\/\/www.elementvape.de\/produkt\/elf-bar-bc5000-einweg-vape-650mah-5000-zuege\/#primaryimage","url":"https:\/\/www.elementvape.de\/wp-content\/uploads\/2024\/05\/ELF-BAR-BC5000-Disposable-Vape-650mAh-5000-Puffs-863583.webp","contentUrl":"https:\/\/www.elementvape.de\/wp-content\/uploads\/2024\/05\/ELF-BAR-BC5000-Disposable-Vape-650mAh-5000-Puffs-863583.webp","width":600,"height":600,"caption":"ELF-BAR-BC5000-Disposable-Vape-650mAh-5000-Puffs-863583"},{"@type":"BreadcrumbList","@id":"https:\/\/www.elementvape.de\/produkt\/elf-bar-bc5000-einweg-vape-650mah-5000-zuege\/#breadcrumb","itemListElement":[{"@type":"ListItem","position":1,"name":"Home","item":"https:\/\/www.elementvape.de\/"},{"@type":"ListItem","position":2,"name":"Shop","item":"https:\/\/www.elementvape.de\/shop\/"},{"@type":"ListItem","position":3,"name":"ELF BAR BC5000 Einweg Vape 650mAh 5000 Z\u00fcge"}]},{"@type":"WebSite","@id":"https:\/\/www.elementvape.de\/#website","url":"https:\/\/www.elementvape.de\/","name":"ElementVape.de","description":"","publisher":{"@id":"https:\/\/www.elementvape.de\/#organization"},"potentialAction":[{"@type":"SearchAction","target":{"@type":"EntryPoint","urlTemplate":"https:\/\/www.elementvape.de\/?s={search_term_string}"},"query-input":"required name=search_term_string"}],"inLanguage":"nl-NL"},{"@type":"Organization","@id":"https:\/\/www.elementvape.de\/#organization","name":"ElementVape.DE","url":"https:\/\/www.elementvape.de\/","logo":{"@type":"ImageObject","inLanguage":"nl-NL","@id":"https:\/\/www.elementvape.de\/#\/schema\/logo\/image\/","url":"https:\/\/www.elementvape.de\/wp-content\/uploads\/2024\/09\/cropped-1elementvape-3.png","contentUrl":"https:\/\/www.elementvape.de\/wp-content\/uploads\/2024\/09\/cropped-1elementvape-3.png","width":285,"height":228,"caption":"ElementVape.DE"},"image":{"@id":"https:\/\/www.elementvape.de\/#\/schema\/logo\/image\/"}}]}},"_links":{"self":[{"href":"https:\/\/www.elementvape.de\/nl\/wp-json\/wp\/v2\/product\/10632"}],"collection":[{"href":"https:\/\/www.elementvape.de\/nl\/wp-json\/wp\/v2\/product"}],"about":[{"href":"https:\/\/www.elementvape.de\/nl\/wp-json\/wp\/v2\/types\/product"}],"wp:featuredmedia":[{"embeddable":true,"href":"https:\/\/www.elementvape.de\/nl\/wp-json\/wp\/v2\/media\/10654"}],"wp:attachment":[{"href":"https:\/\/www.elementvape.de\/nl\/wp-json\/wp\/v2\/media?parent=10632"}],"wp:term":[{"taxonomy":"product_cat","embeddable":true,"href":"https:\/\/www.elementvape.de\/nl\/wp-json\/wp\/v2\/product_cat?post=10632"},{"taxonomy":"product_tag","embeddable":true,"href":"https:\/\/www.elementvape.de\/nl\/wp-json\/wp\/v2\/product_tag?post=10632"}],"curies":[{"name":"wp","href":"https:\/\/api.w.org\/{rel}","templated":true}]}}