{"id":14267,"date":"2024-09-10T07:57:34","date_gmt":"2024-09-10T07:57:34","guid":{"rendered":"https:\/\/www.elementvape.de\/?page_id=14267"},"modified":"2024-09-10T07:57:37","modified_gmt":"2024-09-10T07:57:37","slug":"versandart","status":"publish","type":"page","link":"https:\/\/www.elementvape.de\/nl\/versandart\/","title":{"rendered":"Verzendmethode"},"content":{"rendered":"<h2 class=\"wp-block-heading has-text-align-center\">Verzendvoorwaarden bij Elementvape.de<\/h2>\n\n\n\n<p class=\"has-medium-font-size\">Voor alle verzendmethoden rekent Elementvape.de alleen de verzendkosten, exclusief eventuele belastingen en invoerrechten. Houd er rekening mee dat alle belastingen en invoerrechten die in het bestemmingsland worden geheven, voor rekening van de klant zijn.<\/p>\n\n\n\n<p class=\"has-medium-font-size\">Als u beschikt over een eigen verzendmethode of een eigen expediteur in China, neem dan contact met ons op en geef de juiste informatie door. Wij sturen de bestelling dan naar uw magazijn of expediteur.<\/p>\n\n\n\n<h3 class=\"wp-block-heading has-text-align-center\">Europees magazijntransport<\/h3>\n\n\n\n<ul>\n<li class=\"has-medium-font-size\"><strong>Verzendmethode<\/strong>: DHL, UPS<\/li>\n\n\n\n<li class=\"has-medium-font-size\"><strong>Levertijd naar Nederland<\/strong>: 2-3 werkdagen<\/li>\n\n\n\n<li class=\"has-medium-font-size\"><strong>Levertijd in EU-landen<\/strong>: 3-4 werkdagen<\/li>\n<\/ul>\n\n\n\n<h3 class=\"wp-block-heading has-text-align-center\">Buiten-Europees magazijntransport<\/h3>\n\n\n\n<ul>\n<li class=\"has-medium-font-size\"><strong>Verzendmethode<\/strong>: DHL, UPS<\/li>\n\n\n\n<li class=\"has-medium-font-size\"><strong>Bestemmingslanden<\/strong>: Landen van de Europese Unie<\/li>\n\n\n\n<li class=\"has-medium-font-size\"><strong>Geschatte levertijd<\/strong>: 12-20 werkdagen<\/li>\n<\/ul>\n\n\n\n<p class=\"has-medium-font-size\"><strong>Opmerking:<\/strong> Gratis verzending naar EU-landen bij bestellingen boven de \u20ac3.000.<\/p>\n\n\n\n<h3 class=\"wp-block-heading has-text-align-center\">Hoe controleer ik de verzendkosten naar de bestemming?<\/h3>\n\n\n\n<p class=\"has-medium-font-size\">De verzendkosten vari\u00ebren afhankelijk van het gewicht van het product, de bestemming, de verzendmethode en andere factoren. Gedetailleerde prijsinformatie vindt u op de afrekenpagina. Voer eerst uw afleveradres in om de exacte kosten te zien.<\/p>\n\n\n\n<h3 class=\"wp-block-heading has-text-align-center\">Afhandeling van douane en invoerrechten<\/h3>\n\n\n\n<p class=\"has-medium-font-size\">Wij raden u aan om vooraf contact op te nemen met de lokale douaneautoriteiten over mogelijke invoerrechten, heffingen en belastingen voordat u uw bestelling plaatst. Voor de invoer van bepaalde producten zijn mogelijk speciale vergunningen of licenties vereist.<\/p>\n\n\n\n<p class=\"has-medium-font-size\"><strong>Elementvapee<\/strong> neemt geen verantwoordelijkheid voor producten die door de douane in uw land worden geweigerd, in beslag genomen of vernietigd. Aangezien de verzending vanuit Hongkong (vrijhandelszone) plaatsvindt, heft de Hongkongse overheid geen omzetbelasting of invoerrechten. Belastingen in het bestemmingsland zijn voor rekening van de klant.<\/p>","protected":false},"excerpt":{"rendered":"<p>Versandbedingungen bei Elementvape.de F\u00fcr alle Versandarten berechnet Elementvape.de lediglich die Versandkosten, exklusive etwaiger Steuern und Z\u00f6lle. Bitte beachten Sie, dass alle im Zielland anfallenden Steuern und Z\u00f6lle in der Verantwortung des Kunden liegen. Falls Sie \u00fcber eine eigene Versandart oder einen eigenen Spediteur in China verf\u00fcgen, setzen Sie sich bitte mit uns in Verbindung und [&hellip;]<\/p>","protected":false},"author":3,"featured_media":0,"parent":0,"menu_order":0,"comment_status":"closed","ping_status":"closed","template":"","meta":{"inline_featured_image":false,"footnotes":""},"yoast_head":"<!-- This site is optimized with the Yoast SEO plugin v23.3 - https:\/\/yoast.com\/wordpress\/plugins\/seo\/ -->\n<title>Versandart<\/title>\n<meta name=\"description\" content=\"Bereitgestellt vom ElementVape.de -Team, damit Sie die internationale Politik von E-Zigaretten verstehen, unser Verst\u00e4ndnis von E-Zigaretten verbessern und einige Tipps zur richtigen Verwendung von E-Zigaretten erhalten. Wenn Sie mehr wissen m\u00f6chten, k\u00f6nnen Sie unseren Kanal abonnieren\" \/>\n<meta name=\"robots\" content=\"index, follow, max-snippet:-1, max-image-preview:large, max-video-preview:-1\" \/>\n<link rel=\"canonical\" href=\"https:\/\/www.elementvape.de\/nl\/versandart\/\" \/>\n<meta property=\"og:locale\" content=\"nl_NL\" \/>\n<meta property=\"og:type\" content=\"article\" \/>\n<meta property=\"og:title\" content=\"Versandart\" \/>\n<meta property=\"og:description\" content=\"Bereitgestellt vom ElementVape.de -Team, damit Sie die internationale Politik von E-Zigaretten verstehen, unser Verst\u00e4ndnis von E-Zigaretten verbessern und einige Tipps zur richtigen Verwendung von E-Zigaretten erhalten. Wenn Sie mehr wissen m\u00f6chten, k\u00f6nnen Sie unseren Kanal abonnieren\" \/>\n<meta property=\"og:url\" content=\"https:\/\/www.elementvape.de\/nl\/versandart\/\" \/>\n<meta property=\"og:site_name\" content=\"ElementVape.de\" \/>\n<meta property=\"article:modified_time\" content=\"2024-09-10T07:57:37+00:00\" \/>\n<meta name=\"twitter:card\" content=\"summary_large_image\" \/>\n<meta name=\"twitter:label1\" content=\"Est. reading time\" \/>\n\t<meta name=\"twitter:data1\" content=\"2 minuten\" \/>\n<script type=\"application\/ld+json\" class=\"yoast-schema-graph\">{\"@context\":\"https:\/\/schema.org\",\"@graph\":[{\"@type\":\"WebPage\",\"@id\":\"https:\/\/www.elementvape.de\/versandart\/\",\"url\":\"https:\/\/www.elementvape.de\/versandart\/\",\"name\":\"Versandart\",\"isPartOf\":{\"@id\":\"https:\/\/www.elementvape.de\/#website\"},\"datePublished\":\"2024-09-10T07:57:34+00:00\",\"dateModified\":\"2024-09-10T07:57:37+00:00\",\"description\":\"Bereitgestellt vom ElementVape.de -Team, damit Sie die internationale Politik von E-Zigaretten verstehen, unser Verst\u00e4ndnis von E-Zigaretten verbessern und einige Tipps zur richtigen Verwendung von E-Zigaretten erhalten. Wenn Sie mehr wissen m\u00f6chten, k\u00f6nnen Sie unseren Kanal abonnieren\",\"breadcrumb\":{\"@id\":\"https:\/\/www.elementvape.de\/versandart\/#breadcrumb\"},\"inLanguage\":\"nl-NL\",\"potentialAction\":[{\"@type\":\"ReadAction\",\"target\":[\"https:\/\/www.elementvape.de\/versandart\/\"]}]},{\"@type\":\"BreadcrumbList\",\"@id\":\"https:\/\/www.elementvape.de\/versandart\/#breadcrumb\",\"itemListElement\":[{\"@type\":\"ListItem\",\"position\":1,\"name\":\"Home\",\"item\":\"https:\/\/www.elementvape.de\/\"},{\"@type\":\"ListItem\",\"position\":2,\"name\":\"Versandart\"}]},{\"@type\":\"WebSite\",\"@id\":\"https:\/\/www.elementvape.de\/#website\",\"url\":\"https:\/\/www.elementvape.de\/\",\"name\":\"ElementVape.de\",\"description\":\"\",\"publisher\":{\"@id\":\"https:\/\/www.elementvape.de\/#organization\"},\"potentialAction\":[{\"@type\":\"SearchAction\",\"target\":{\"@type\":\"EntryPoint\",\"urlTemplate\":\"https:\/\/www.elementvape.de\/?s={search_term_string}\"},\"query-input\":\"required name=search_term_string\"}],\"inLanguage\":\"nl-NL\"},{\"@type\":\"Organization\",\"@id\":\"https:\/\/www.elementvape.de\/#organization\",\"name\":\"ElementVape.DE\",\"url\":\"https:\/\/www.elementvape.de\/\",\"logo\":{\"@type\":\"ImageObject\",\"inLanguage\":\"nl-NL\",\"@id\":\"https:\/\/www.elementvape.de\/#\/schema\/logo\/image\/\",\"url\":\"https:\/\/www.elementvape.de\/wp-content\/uploads\/2024\/09\/cropped-1elementvape-3.png\",\"contentUrl\":\"https:\/\/www.elementvape.de\/wp-content\/uploads\/2024\/09\/cropped-1elementvape-3.png\",\"width\":285,\"height\":228,\"caption\":\"ElementVape.DE\"},\"image\":{\"@id\":\"https:\/\/www.elementvape.de\/#\/schema\/logo\/image\/\"}}]}<\/script>\n<!-- \/ Yoast SEO plugin. -->","yoast_head_json":{"title":"Versandart","description":"Bereitgestellt vom ElementVape.de -Team, damit Sie die internationale Politik von E-Zigaretten verstehen, unser Verst\u00e4ndnis von E-Zigaretten verbessern und einige Tipps zur richtigen Verwendung von E-Zigaretten erhalten. Wenn Sie mehr wissen m\u00f6chten, k\u00f6nnen Sie unseren Kanal abonnieren","robots":{"index":"index","follow":"follow","max-snippet":"max-snippet:-1","max-image-preview":"max-image-preview:large","max-video-preview":"max-video-preview:-1"},"canonical":"https:\/\/www.elementvape.de\/nl\/versandart\/","og_locale":"nl_NL","og_type":"article","og_title":"Versandart","og_description":"Bereitgestellt vom ElementVape.de -Team, damit Sie die internationale Politik von E-Zigaretten verstehen, unser Verst\u00e4ndnis von E-Zigaretten verbessern und einige Tipps zur richtigen Verwendung von E-Zigaretten erhalten. Wenn Sie mehr wissen m\u00f6chten, k\u00f6nnen Sie unseren Kanal abonnieren","og_url":"https:\/\/www.elementvape.de\/nl\/versandart\/","og_site_name":"ElementVape.de","article_modified_time":"2024-09-10T07:57:37+00:00","twitter_card":"summary_large_image","twitter_misc":{"Est. reading time":"2 minuten"},"schema":{"@context":"https:\/\/schema.org","@graph":[{"@type":"WebPage","@id":"https:\/\/www.elementvape.de\/versandart\/","url":"https:\/\/www.elementvape.de\/versandart\/","name":"Versandart","isPartOf":{"@id":"https:\/\/www.elementvape.de\/#website"},"datePublished":"2024-09-10T07:57:34+00:00","dateModified":"2024-09-10T07:57:37+00:00","description":"Bereitgestellt vom ElementVape.de -Team, damit Sie die internationale Politik von E-Zigaretten verstehen, unser Verst\u00e4ndnis von E-Zigaretten verbessern und einige Tipps zur richtigen Verwendung von E-Zigaretten erhalten. Wenn Sie mehr wissen m\u00f6chten, k\u00f6nnen Sie unseren Kanal abonnieren","breadcrumb":{"@id":"https:\/\/www.elementvape.de\/versandart\/#breadcrumb"},"inLanguage":"nl-NL","potentialAction":[{"@type":"ReadAction","target":["https:\/\/www.elementvape.de\/versandart\/"]}]},{"@type":"BreadcrumbList","@id":"https:\/\/www.elementvape.de\/versandart\/#breadcrumb","itemListElement":[{"@type":"ListItem","position":1,"name":"Home","item":"https:\/\/www.elementvape.de\/"},{"@type":"ListItem","position":2,"name":"Versandart"}]},{"@type":"WebSite","@id":"https:\/\/www.elementvape.de\/#website","url":"https:\/\/www.elementvape.de\/","name":"ElementVape.de","description":"","publisher":{"@id":"https:\/\/www.elementvape.de\/#organization"},"potentialAction":[{"@type":"SearchAction","target":{"@type":"EntryPoint","urlTemplate":"https:\/\/www.elementvape.de\/?s={search_term_string}"},"query-input":"required name=search_term_string"}],"inLanguage":"nl-NL"},{"@type":"Organization","@id":"https:\/\/www.elementvape.de\/#organization","name":"ElementVape.DE","url":"https:\/\/www.elementvape.de\/","logo":{"@type":"ImageObject","inLanguage":"nl-NL","@id":"https:\/\/www.elementvape.de\/#\/schema\/logo\/image\/","url":"https:\/\/www.elementvape.de\/wp-content\/uploads\/2024\/09\/cropped-1elementvape-3.png","contentUrl":"https:\/\/www.elementvape.de\/wp-content\/uploads\/2024\/09\/cropped-1elementvape-3.png","width":285,"height":228,"caption":"ElementVape.DE"},"image":{"@id":"https:\/\/www.elementvape.de\/#\/schema\/logo\/image\/"}}]}},"_links":{"self":[{"href":"https:\/\/www.elementvape.de\/nl\/wp-json\/wp\/v2\/pages\/14267"}],"collection":[{"href":"https:\/\/www.elementvape.de\/nl\/wp-json\/wp\/v2\/pages"}],"about":[{"href":"https:\/\/www.elementvape.de\/nl\/wp-json\/wp\/v2\/types\/page"}],"author":[{"embeddable":true,"href":"https:\/\/www.elementvape.de\/nl\/wp-json\/wp\/v2\/users\/3"}],"replies":[{"embeddable":true,"href":"https:\/\/www.elementvape.de\/nl\/wp-json\/wp\/v2\/comments?post=14267"}],"version-history":[{"count":1,"href":"https:\/\/www.elementvape.de\/nl\/wp-json\/wp\/v2\/pages\/14267\/revisions"}],"predecessor-version":[{"id":14268,"href":"https:\/\/www.elementvape.de\/nl\/wp-json\/wp\/v2\/pages\/14267\/revisions\/14268"}],"wp:attachment":[{"href":"https:\/\/www.elementvape.de\/nl\/wp-json\/wp\/v2\/media?parent=14267"}],"curies":[{"name":"wp","href":"https:\/\/api.w.org\/{rel}","templated":true}]}}