{"id":8671,"date":"2024-04-20T06:46:36","date_gmt":"2024-04-20T06:46:36","guid":{"rendered":"https:\/\/www.elementvape.de\/?post_type=product&#038;p=8671"},"modified":"2024-09-12T10:32:30","modified_gmt":"2024-09-12T10:32:30","slug":"vapor-esso-vape-xros-3-mini-kit-1000mah-mit-2ml","status":"publish","type":"product","link":"https:\/\/www.elementvape.de\/lt\/produkt\/vapor-esso-vape-xros-3-mini-kit-1000mah-mit-2ml\/","title":{"rendered":"Vapor esso vape xros 3 mini rinkinys 1000mAh su 2ml 0,6 om\u0173 xros pod kapsule mtl rdl elektronin\u0117 cigaret\u0117 garintojas"},"content":{"rendered":"<p>&nbsp;<\/p>\n<div class=\"product-specs-list-container\">\n<ul class=\"product-specs-list util-clearfix\">\n<li class=\"product-prop line-limit-length\"><span class=\"property-title\">I\u0161vaizda:\u00a0<\/span><span class=\"property-desc line-limit-length\">D\u0117\u017eut\u0117s forma<\/span><\/li>\n<li class=\"product-prop line-limit-length\"><span class=\"property-title\">Temperat\u016bros reguliavimas:\u00a0<\/span><span class=\"property-desc line-limit-length\">Ja<\/span><\/li>\n<li class=\"product-prop line-limit-length\"><span class=\"property-title\">\u012emontuota arba i\u0161orin\u0117 baterija:\u00a0<\/span><span class=\"property-desc line-limit-length\">\u012emontuota<\/span><\/li>\n<li class=\"product-prop line-limit-length\"><span class=\"property-title\">Trump\u0173j\u0173 jung\u010di\u0173 apsaugos funkcija:\u00a0<\/span><span class=\"property-desc line-limit-length\">Ja<\/span><\/li>\n<li class=\"product-prop line-limit-length\"><span class=\"property-title\">Perkaitimo apsaugos funkcija:\u00a0<\/span><span class=\"property-desc line-limit-length\">Ja<\/span><\/li>\n<li class=\"product-prop line-limit-length\"><span class=\"property-title\">\u017dem\u0173 \u012ftampos \u012fsp\u0117jimo funkcija:\u00a0<\/span><span class=\"property-desc line-limit-length\">Ja<\/span><\/li>\n<li class=\"product-prop line-limit-length\"><span class=\"property-title\">Pur\u0161kiklio identifikavimo funkcija:\u00a0<\/span><span class=\"property-desc line-limit-length\">Ja<\/span><\/li>\n<li class=\"product-prop line-limit-length\"><span class=\"property-title\">Nominalus talpa:\u00a0<\/span><span class=\"property-desc line-limit-length\">1000mAh<\/span><\/li>\n<li class=\"product-prop line-limit-length\"><span class=\"property-title\">Med\u017eiaga:\u00a0<\/span><span class=\"property-desc line-limit-length\">Metalas<\/span><\/li>\n<li class=\"product-prop line-limit-length\"><span class=\"property-title\">Suderinamas modelis:\u00a0<\/span><span class=\"property-desc line-limit-length\">Tinka visiems XROS Pod<\/span><\/li>\n<li class=\"product-prop line-limit-length\"><span class=\"property-title\">Modelio numeris:\u00a0<\/span><span class=\"property-desc line-limit-length\">Vaporesso XROS 3 Mini Rinkinys<\/span><\/li>\n<li class=\"product-prop line-limit-length\"><span class=\"property-title\">USB \u012fkroviklis:\u00a0<\/span><span class=\"property-desc line-limit-length\">Ja<\/span><\/li>\n<li class=\"product-prop line-limit-length\"><span class=\"property-title\">Programin\u0117s \u012frangos atnaujinimas:\u00a0<\/span><span class=\"property-desc line-limit-length\">Ja<\/span><\/li>\n<li class=\"product-prop line-limit-length\"><span class=\"property-title\">Ekranas:\u00a0<\/span><span class=\"property-desc line-limit-length\">Ne<\/span><\/li>\n<li class=\"product-prop line-limit-length\"><span class=\"property-title\">Tipas:\u00a0<\/span><span class=\"property-desc line-limit-length\">Su Baterija<\/span><\/li>\n<li class=\"product-prop line-limit-length\"><span class=\"property-title\">Prek\u0117s \u017eenklas:\u00a0<\/span><span class=\"property-desc line-limit-length\">vaporesso<\/span><\/li>\n<li class=\"product-prop line-limit-length\"><span class=\"property-title\">Kilm\u0117s \u0161alis:\u00a0<\/span><span class=\"property-desc line-limit-length\">CN (Kilm\u0117)<\/span><\/li>\n<\/ul>\n<\/div>\n<div class=\"detailmodule_html\">\n<div class=\"detail-desc-decorate-richtext\">\n<div class=\"detailmodule_text\">\n<p class=\"detail-desc-decorate-title\" style=\"font-family: OpenSans; font-size: 20px; font-weight: 900; line-height: 28px; margin-bottom: 12px;\">Vapor esso vape xros 3 mini rinkinys 1000mAh su 2ml 0,6 om\u0173 xros pod kapsule mtl rdl elektronin\u0117 cigaret\u0117 garintojas<\/p>\n<\/div>\n<div class=\"detailmodule_text\">\n<p class=\"detail-desc-decorate-title\" style=\"font-family: OpenSans; font-size: 20px; font-weight: 900; line-height: 28px; margin-bottom: 12px;\">Vapor esso xros 3 mini rinkinys trumpas apra\u0161ymas:<\/p>\n<p class=\"detail-desc-decorate-content\" style=\"font-family: OpenSans; font-size: 14px; font-weight: 300; line-height: 20px; margin-bottom: 12px;\">Xros 3 mini rinkinys yra nauja mtl pod sistema xros \u0161eimoje, kuri gali patirti rdl patirt\u012f. J\u012f varo \u012fmontuotas 1000mAh akumuliatorius, suteikiantis 48 valandas vaping su \u012fkrovikliu. Sukurtas su baterijos rodmeniu, jis ai\u0161kiai parodo vaping duomenis. Pasitelkiant inovatyvi\u0105 Corex \u0161ildymo technologij\u0105, naudojant unikali\u0105 Morph-Mesh strukt\u016br\u0105 ir Corex medviln\u0119, u\u017etikrinama geresn\u0117 \u0161ilumos sklaida, pagerinama garinimo efektyvumas ir pailg\u0117ja kapsuli\u0173 tarnavimo laikas. Xros 3 mini taip pat turi patobulint\u0105 burnos \u012fd\u0117kl\u0105, kuris puikiai tinka j\u016bs\u0173 l\u016bpoms ir suteikia tikslesn\u012f mtl patirt\u012f. Be to, jis yra su nauju 0,6\u03a9 podu ir tinka kitiems xros podams. Jame yra 2 ml talpa, paprasta vir\u0161utinio u\u017epildymo sistema ir sss nutek\u0117jimo technologija. Sukurtas su gradientiniu ir deimanto segmentu, jis sukuria nuostabi\u0105 \u0161viesos ir \u0161e\u0161\u0117lio vizualin\u0119 meno form\u0105. Papras\u010diausiai \u012fsigyk.<\/p>\n<\/div>\n<div class=\"detailmodule_text\">\n<p class=\"detail-desc-decorate-title\" style=\"font-family: OpenSans; font-size: 20px; font-weight: 900; line-height: 28px; margin-bottom: 12px;\">Vapor esso xros 3 mini pod sistemos rinkinys parametrai:<\/p>\n<p class=\"detail-desc-decorate-content\" style=\"font-family: OpenSans; font-size: 14px; font-weight: 300; line-height: 20px; margin-bottom: 12px;\">Prek\u0117: vapor esso<br \/>\nProdukto pavadinimas: xros 3 mini rinkinys<br \/>\nMatmenys: 99,2*23,6*13,8 mm<br \/>\nBaterija: \u012fmontuota 1000mAh baterija<br \/>\n\u012ekrovimas: 5V\/1A, Typ-C<br \/>\nPod talpa: 2ml<br \/>\nU\u017epildymas: Vir\u0161utinis u\u017epildymas<br \/>\nTinka: visiems xros pod<br \/>\nSpalva: juoda, Space Grey, j\u016brin\u0117 m\u0117lyna, ro\u017ein\u0117, dangaus m\u0117lyna, led\u0173 up\u0117, fantomo \u017ealia, fantomo auksas<\/p>\n<\/div>\n<div class=\"detailmodule_text\">\n<p class=\"detail-desc-decorate-title\" style=\"font-family: OpenSans; font-size: 20px; font-weight: 900; line-height: 28px; margin-bottom: 12px;\">Vapor esso xros 3 mini detal\u0117s:<\/p>\n<p class=\"detail-desc-decorate-content\" style=\"font-family: OpenSans; font-size: 14px; font-weight: 300; line-height: 20px; margin-bottom: 12px;\">1. \u012fmontuota 1000mAh baterija su Typ-C \u012fkrovimu<br \/>\n2. neon baterijos rodiklis rodyti vaping duomenis<br \/>\n3. corex \u0161ildymo technologija su Morph-Mesh strukt\u016bra<br \/>\n4. E-skaidrios talpa 2 ml ir paprasta vir\u0161utinio u\u017epildymo sistema<br \/>\n5. priima sss irt\u012f ir patvariai u\u017ekirsti keli\u0105 nuot\u0117kiui<br \/>\n6. suderinama su visomis xros pod kapsul\u0117mis<br \/>\n7. patobulinta burnos anga, kad l\u016bp\u0173 b\u016bt\u0173 tobulai pritaikyta<br \/>\n8. tikslios rai\u017eymo tekst\u016bros technologija<\/p>\n<\/div>\n<div class=\"detailmodule_text\">\n<p class=\"detail-desc-decorate-title\" style=\"font-family: OpenSans; font-size: 20px; font-weight: 900; line-height: 28px; margin-bottom: 12px;\">Xros 3 mini prad\u017eios rinkinys su paketu:<\/p>\n<p class=\"detail-desc-decorate-content\" style=\"font-family: OpenSans; font-size: 14px; font-weight: 300; line-height: 20px; margin-bottom: 12px;\">1 * vapor esso xros 3 mini baterija<br \/>\n1 * Vapor esso xros 3 0,6\u03a9 tinklelio podas<br \/>\n1 * Tipo-C \u012fkrovimo laidas<br \/>\n1 * Atminties kortel\u0117<br \/>\n1 * Vartotojo vadovas ir garantijos kortel\u0117<\/p>\n<\/div>\n<div class=\"detailmodule_image\"><img decoding=\"async\" loading=\"lazy\" class=\"detail-desc-decorate-image\" src=\"https:\/\/ae01.alicdn.com\/kf\/S666ebf6f51c54ea5bb010d5b14812648x.jpg\" \/><img decoding=\"async\" loading=\"lazy\" class=\"detail-desc-decorate-image\" src=\"https:\/\/ae01.alicdn.com\/kf\/Saadbddea01344b0a9a39e33631e777893.jpg\" \/><img decoding=\"async\" loading=\"lazy\" class=\"detail-desc-decorate-image\" src=\"https:\/\/ae01.alicdn.com\/kf\/Sb035170751b740bf960a3495d7d6f517H.jpg\" \/><img decoding=\"async\" loading=\"lazy\" class=\"detail-desc-decorate-image\" src=\"https:\/\/ae01.alicdn.com\/kf\/S739c5d3e7f27412b80a79102d84ad9f01.jpg\" \/><img decoding=\"async\" loading=\"lazy\" class=\"detail-desc-decorate-image\" src=\"https:\/\/ae01.alicdn.com\/kf\/S40d26b0d9b474c7da4a93a2e151acc10W.jpg\" \/><img decoding=\"async\" loading=\"lazy\" class=\"detail-desc-decorate-image\" src=\"https:\/\/ae01.alicdn.com\/kf\/Sfa47e0deb9554813a19cd0cc29f43f4fR.jpg\" \/><img decoding=\"async\" loading=\"lazy\" class=\"detail-desc-decorate-image\" src=\"https:\/\/ae01.alicdn.com\/kf\/Sdb03d2681e4d4ee1ab6bd8c8bb639b0bI.jpg\" \/><img decoding=\"async\" loading=\"lazy\" class=\"detail-desc-decorate-image\" src=\"https:\/\/ae01.alicdn.com\/kf\/Sa1d6208007a045c6a57007b2be996295E.jpg\" \/><img decoding=\"async\" loading=\"lazy\" class=\"detail-desc-decorate-image\" src=\"https:\/\/ae01.alicdn.com\/kf\/Se82f53c164f74d478799e650ed7314d7A.jpg\" \/><\/div>\n<p>&nbsp;<\/p>\n<\/div>\n<\/div>","protected":false},"excerpt":{"rendered":"<p>&nbsp; Aussehen:\u00a0Box Form Temperaturregelung:\u00a0Ja Eingebaute Oder Externe Batterie:\u00a0Eingebaute Kurzschlussschutz Funktion:\u00a0Ja \u00dcberhitzungsschutz-funktion:\u00a0Ja Niederspannungsalarmfunktion:\u00a0Ja Zerst\u00e4uber Identifikation Funktion:\u00a0Ja Nominale Kapazit\u00e4t:\u00a01000mAh Material:\u00a0Metall Compatible Model:\u00a0Fit for all XROS Pod Modellnummer:\u00a0Vaporesso XROS 3 Mini Kit Usb-ladeger\u00e4t:\u00a0Ja Firmware-upgrade:\u00a0Ja Display:\u00a0Nein Art:\u00a0Mit Batterie Markenname:\u00a0vaporesso Ursprung:\u00a0CN (Herkunft) Original vapor esso xros 3 mini kit 1000mah vape mit 2ml 0,6 ohm xros pod patrone mtl zu [&hellip;]<\/p>","protected":false},"featured_media":8673,"template":"","meta":{"inline_featured_image":false},"product_cat":[750,737,736,749,76],"product_tag":[],"tiered_pricing_type":"fixed","tiered_pricing_fixed_rules":[],"tiered_pricing_percentage_rules":[],"tiered_pricing_minimum":1,"_administrator_tiered_pricing_type":"fixed","_administrator_tiered_pricing_fixed_rules":[],"_editor_tiered_pricing_type":"fixed","_editor_tiered_pricing_fixed_rules":[],"_author_tiered_pricing_type":"fixed","_author_tiered_pricing_fixed_rules":[],"_contributor_tiered_pricing_type":"fixed","_contributor_tiered_pricing_fixed_rules":[],"_subscriber_tiered_pricing_type":"fixed","_subscriber_tiered_pricing_fixed_rules":[],"_customer_tiered_pricing_type":"fixed","_customer_tiered_pricing_fixed_rules":[],"_shop_manager_tiered_pricing_type":"fixed","_shop_manager_tiered_pricing_fixed_rules":[],"_wpseo_manager_tiered_pricing_type":"fixed","_wpseo_manager_tiered_pricing_fixed_rules":[],"_wpseo_editor_tiered_pricing_type":"fixed","_wpseo_editor_tiered_pricing_fixed_rules":[],"_wholesale_customer_tiered_pricing_type":"fixed","_wholesale_customer_tiered_pricing_fixed_rules":[],"_marketer_tiered_pricing_type":"fixed","_marketer_tiered_pricing_fixed_rules":[],"_sales_manager_tiered_pricing_type":"fixed","_sales_manager_tiered_pricing_fixed_rules":[],"_sales_rep_tiered_pricing_type":"fixed","_sales_rep_tiered_pricing_fixed_rules":[],"yoast_head":"<!-- This site is optimized with the Yoast SEO plugin v23.3 - https:\/\/yoast.com\/wordpress\/plugins\/seo\/ -->\n<title>Vapor esso vape xros 3 mini kit 1000mah mit 2ml 0,6 ohm xros pod patrone mtl zu rdl elektronischer zigaretten verdampfer | ElementVape.de<\/title>\n<meta name=\"description\" content=\"Wir bieten Vapor esso vape xros 3 mini kit 1000mah mit 2ml 0,6 ohm xros pod patrone mtl zu rdl elektronischer zigaretten verdampfer , Elementvape.de akzeptieren Gro\u00df-und Einzelhandel Bestellungen.\" \/>\n<meta name=\"robots\" content=\"index, follow, max-snippet:-1, max-image-preview:large, max-video-preview:-1\" \/>\n<link rel=\"canonical\" href=\"https:\/\/www.elementvape.de\/lt\/produkt\/vapor-esso-vape-xros-3-mini-kit-1000mah-mit-2ml\/\" \/>\n<meta property=\"og:locale\" content=\"lt_LT\" \/>\n<meta property=\"og:type\" content=\"article\" \/>\n<meta property=\"og:title\" content=\"Vapor esso vape xros 3 mini kit 1000mah mit 2ml 0,6 ohm xros pod patrone mtl zu rdl elektronischer zigaretten verdampfer | ElementVape.de\" \/>\n<meta property=\"og:description\" content=\"Wir bieten Vapor esso vape xros 3 mini kit 1000mah mit 2ml 0,6 ohm xros pod patrone mtl zu rdl elektronischer zigaretten verdampfer , Elementvape.de akzeptieren Gro\u00df-und Einzelhandel Bestellungen.\" \/>\n<meta property=\"og:url\" content=\"https:\/\/www.elementvape.de\/lt\/produkt\/vapor-esso-vape-xros-3-mini-kit-1000mah-mit-2ml\/\" \/>\n<meta property=\"og:site_name\" content=\"ElementVape.de\" \/>\n<meta property=\"article:modified_time\" content=\"2024-09-12T10:32:30+00:00\" \/>\n<meta property=\"og:image\" content=\"https:\/\/ae01.alicdn.com\/kf\/Sc7ff1dc0a66943b3a0ba075ae25c558bV\/Original-vapor-esso-vape-xros-3-mini-kit-1000mah-mit-2ml-0-6-ohm-xros-pod.jpg\" \/>\n\t<meta property=\"og:image:width\" content=\"800\" \/>\n\t<meta property=\"og:image:height\" content=\"800\" \/>\n\t<meta property=\"og:image:type\" content=\"image\/jpeg\" \/>\n<meta name=\"twitter:card\" content=\"summary_large_image\" \/>\n<meta name=\"twitter:label1\" content=\"Est. reading time\" \/>\n\t<meta name=\"twitter:data1\" content=\"5 minut\u0117s\" \/>\n<script type=\"application\/ld+json\" class=\"yoast-schema-graph\">{\"@context\":\"https:\/\/schema.org\",\"@graph\":[{\"@type\":\"WebPage\",\"@id\":\"https:\/\/www.elementvape.de\/fi\/produkt\/vapor-esso-vape-xros-3-mini-kit-1000mah-mit-2ml\/\",\"url\":\"https:\/\/www.elementvape.de\/fi\/produkt\/vapor-esso-vape-xros-3-mini-kit-1000mah-mit-2ml\/\",\"name\":\"Vapor esso vape xros 3 mini kit 1000mah mit 2ml 0,6 ohm xros pod patrone mtl zu rdl elektronischer zigaretten verdampfer | ElementVape.de\",\"isPartOf\":{\"@id\":\"https:\/\/www.elementvape.de\/#website\"},\"primaryImageOfPage\":{\"@id\":\"https:\/\/www.elementvape.de\/fi\/produkt\/vapor-esso-vape-xros-3-mini-kit-1000mah-mit-2ml\/#primaryimage\"},\"image\":{\"@id\":\"https:\/\/www.elementvape.de\/fi\/produkt\/vapor-esso-vape-xros-3-mini-kit-1000mah-mit-2ml\/#primaryimage\"},\"thumbnailUrl\":\"https:\/\/ae01.alicdn.com\/kf\/Sc7ff1dc0a66943b3a0ba075ae25c558bV\/Original-vapor-esso-vape-xros-3-mini-kit-1000mah-mit-2ml-0-6-ohm-xros-pod.jpg\",\"datePublished\":\"2024-04-20T06:46:36+00:00\",\"dateModified\":\"2024-09-12T10:32:30+00:00\",\"description\":\"Wir bieten Vapor esso vape xros 3 mini kit 1000mah mit 2ml 0,6 ohm xros pod patrone mtl zu rdl elektronischer zigaretten verdampfer , Elementvape.de akzeptieren Gro\u00df-und Einzelhandel Bestellungen.\",\"breadcrumb\":{\"@id\":\"https:\/\/www.elementvape.de\/fi\/produkt\/vapor-esso-vape-xros-3-mini-kit-1000mah-mit-2ml\/#breadcrumb\"},\"inLanguage\":\"lt-LT\",\"potentialAction\":[{\"@type\":\"ReadAction\",\"target\":[\"https:\/\/www.elementvape.de\/fi\/produkt\/vapor-esso-vape-xros-3-mini-kit-1000mah-mit-2ml\/\"]}]},{\"@type\":\"ImageObject\",\"inLanguage\":\"lt-LT\",\"@id\":\"https:\/\/www.elementvape.de\/fi\/produkt\/vapor-esso-vape-xros-3-mini-kit-1000mah-mit-2ml\/#primaryimage\",\"url\":\"https:\/\/ae01.alicdn.com\/kf\/Sc7ff1dc0a66943b3a0ba075ae25c558bV\/Original-vapor-esso-vape-xros-3-mini-kit-1000mah-mit-2ml-0-6-ohm-xros-pod.jpg\",\"contentUrl\":\"https:\/\/ae01.alicdn.com\/kf\/Sc7ff1dc0a66943b3a0ba075ae25c558bV\/Original-vapor-esso-vape-xros-3-mini-kit-1000mah-mit-2ml-0-6-ohm-xros-pod.jpg\",\"width\":800,\"height\":800},{\"@type\":\"BreadcrumbList\",\"@id\":\"https:\/\/www.elementvape.de\/fi\/produkt\/vapor-esso-vape-xros-3-mini-kit-1000mah-mit-2ml\/#breadcrumb\",\"itemListElement\":[{\"@type\":\"ListItem\",\"position\":1,\"name\":\"Home\",\"item\":\"https:\/\/www.elementvape.de\/\"},{\"@type\":\"ListItem\",\"position\":2,\"name\":\"Shop\",\"item\":\"https:\/\/www.elementvape.de\/shop\/\"},{\"@type\":\"ListItem\",\"position\":3,\"name\":\"Vapor esso vape xros 3 mini kit 1000mah mit 2ml 0,6 ohm xros pod patrone mtl zu rdl elektronischer zigaretten verdampfer\"}]},{\"@type\":\"WebSite\",\"@id\":\"https:\/\/www.elementvape.de\/#website\",\"url\":\"https:\/\/www.elementvape.de\/\",\"name\":\"ElementVape.de\",\"description\":\"\",\"publisher\":{\"@id\":\"https:\/\/www.elementvape.de\/#organization\"},\"potentialAction\":[{\"@type\":\"SearchAction\",\"target\":{\"@type\":\"EntryPoint\",\"urlTemplate\":\"https:\/\/www.elementvape.de\/?s={search_term_string}\"},\"query-input\":\"required name=search_term_string\"}],\"inLanguage\":\"lt-LT\"},{\"@type\":\"Organization\",\"@id\":\"https:\/\/www.elementvape.de\/#organization\",\"name\":\"ElementVape.DE\",\"url\":\"https:\/\/www.elementvape.de\/\",\"logo\":{\"@type\":\"ImageObject\",\"inLanguage\":\"lt-LT\",\"@id\":\"https:\/\/www.elementvape.de\/#\/schema\/logo\/image\/\",\"url\":\"https:\/\/www.elementvape.de\/wp-content\/uploads\/2024\/09\/cropped-1elementvape-3.png\",\"contentUrl\":\"https:\/\/www.elementvape.de\/wp-content\/uploads\/2024\/09\/cropped-1elementvape-3.png\",\"width\":285,\"height\":228,\"caption\":\"ElementVape.DE\"},\"image\":{\"@id\":\"https:\/\/www.elementvape.de\/#\/schema\/logo\/image\/\"}}]}<\/script>\n<!-- \/ Yoast SEO plugin. -->","yoast_head_json":{"title":"Vapor esso vape xros 3 mini kit 1000mah mit 2ml 0,6 ohm xros pod patrone mtl zu rdl elektronischer zigaretten verdampfer | ElementVape.de","description":"Wir bieten Vapor esso vape xros 3 mini kit 1000mah mit 2ml 0,6 ohm xros pod patrone mtl zu rdl elektronischer zigaretten verdampfer , Elementvape.de akzeptieren Gro\u00df-und Einzelhandel Bestellungen.","robots":{"index":"index","follow":"follow","max-snippet":"max-snippet:-1","max-image-preview":"max-image-preview:large","max-video-preview":"max-video-preview:-1"},"canonical":"https:\/\/www.elementvape.de\/lt\/produkt\/vapor-esso-vape-xros-3-mini-kit-1000mah-mit-2ml\/","og_locale":"lt_LT","og_type":"article","og_title":"Vapor esso vape xros 3 mini kit 1000mah mit 2ml 0,6 ohm xros pod patrone mtl zu rdl elektronischer zigaretten verdampfer | ElementVape.de","og_description":"Wir bieten Vapor esso vape xros 3 mini kit 1000mah mit 2ml 0,6 ohm xros pod patrone mtl zu rdl elektronischer zigaretten verdampfer , Elementvape.de akzeptieren Gro\u00df-und Einzelhandel Bestellungen.","og_url":"https:\/\/www.elementvape.de\/lt\/produkt\/vapor-esso-vape-xros-3-mini-kit-1000mah-mit-2ml\/","og_site_name":"ElementVape.de","article_modified_time":"2024-09-12T10:32:30+00:00","og_image":[{"width":800,"height":800,"url":"https:\/\/ae01.alicdn.com\/kf\/Sc7ff1dc0a66943b3a0ba075ae25c558bV\/Original-vapor-esso-vape-xros-3-mini-kit-1000mah-mit-2ml-0-6-ohm-xros-pod.jpg","type":"image\/jpeg"}],"twitter_card":"summary_large_image","twitter_misc":{"Est. reading time":"5 minut\u0117s"},"schema":{"@context":"https:\/\/schema.org","@graph":[{"@type":"WebPage","@id":"https:\/\/www.elementvape.de\/fi\/produkt\/vapor-esso-vape-xros-3-mini-kit-1000mah-mit-2ml\/","url":"https:\/\/www.elementvape.de\/fi\/produkt\/vapor-esso-vape-xros-3-mini-kit-1000mah-mit-2ml\/","name":"Vapor esso vape xros 3 mini kit 1000mah mit 2ml 0,6 ohm xros pod patrone mtl zu rdl elektronischer zigaretten verdampfer | ElementVape.de","isPartOf":{"@id":"https:\/\/www.elementvape.de\/#website"},"primaryImageOfPage":{"@id":"https:\/\/www.elementvape.de\/fi\/produkt\/vapor-esso-vape-xros-3-mini-kit-1000mah-mit-2ml\/#primaryimage"},"image":{"@id":"https:\/\/www.elementvape.de\/fi\/produkt\/vapor-esso-vape-xros-3-mini-kit-1000mah-mit-2ml\/#primaryimage"},"thumbnailUrl":"https:\/\/ae01.alicdn.com\/kf\/Sc7ff1dc0a66943b3a0ba075ae25c558bV\/Original-vapor-esso-vape-xros-3-mini-kit-1000mah-mit-2ml-0-6-ohm-xros-pod.jpg","datePublished":"2024-04-20T06:46:36+00:00","dateModified":"2024-09-12T10:32:30+00:00","description":"Wir bieten Vapor esso vape xros 3 mini kit 1000mah mit 2ml 0,6 ohm xros pod patrone mtl zu rdl elektronischer zigaretten verdampfer , Elementvape.de akzeptieren Gro\u00df-und Einzelhandel Bestellungen.","breadcrumb":{"@id":"https:\/\/www.elementvape.de\/fi\/produkt\/vapor-esso-vape-xros-3-mini-kit-1000mah-mit-2ml\/#breadcrumb"},"inLanguage":"lt-LT","potentialAction":[{"@type":"ReadAction","target":["https:\/\/www.elementvape.de\/fi\/produkt\/vapor-esso-vape-xros-3-mini-kit-1000mah-mit-2ml\/"]}]},{"@type":"ImageObject","inLanguage":"lt-LT","@id":"https:\/\/www.elementvape.de\/fi\/produkt\/vapor-esso-vape-xros-3-mini-kit-1000mah-mit-2ml\/#primaryimage","url":"https:\/\/ae01.alicdn.com\/kf\/Sc7ff1dc0a66943b3a0ba075ae25c558bV\/Original-vapor-esso-vape-xros-3-mini-kit-1000mah-mit-2ml-0-6-ohm-xros-pod.jpg","contentUrl":"https:\/\/ae01.alicdn.com\/kf\/Sc7ff1dc0a66943b3a0ba075ae25c558bV\/Original-vapor-esso-vape-xros-3-mini-kit-1000mah-mit-2ml-0-6-ohm-xros-pod.jpg","width":800,"height":800},{"@type":"BreadcrumbList","@id":"https:\/\/www.elementvape.de\/fi\/produkt\/vapor-esso-vape-xros-3-mini-kit-1000mah-mit-2ml\/#breadcrumb","itemListElement":[{"@type":"ListItem","position":1,"name":"Home","item":"https:\/\/www.elementvape.de\/"},{"@type":"ListItem","position":2,"name":"Shop","item":"https:\/\/www.elementvape.de\/shop\/"},{"@type":"ListItem","position":3,"name":"Vapor esso vape xros 3 mini kit 1000mah mit 2ml 0,6 ohm xros pod patrone mtl zu rdl elektronischer zigaretten verdampfer"}]},{"@type":"WebSite","@id":"https:\/\/www.elementvape.de\/#website","url":"https:\/\/www.elementvape.de\/","name":"ElementVape.de","description":"","publisher":{"@id":"https:\/\/www.elementvape.de\/#organization"},"potentialAction":[{"@type":"SearchAction","target":{"@type":"EntryPoint","urlTemplate":"https:\/\/www.elementvape.de\/?s={search_term_string}"},"query-input":"required name=search_term_string"}],"inLanguage":"lt-LT"},{"@type":"Organization","@id":"https:\/\/www.elementvape.de\/#organization","name":"ElementVape.DE","url":"https:\/\/www.elementvape.de\/","logo":{"@type":"ImageObject","inLanguage":"lt-LT","@id":"https:\/\/www.elementvape.de\/#\/schema\/logo\/image\/","url":"https:\/\/www.elementvape.de\/wp-content\/uploads\/2024\/09\/cropped-1elementvape-3.png","contentUrl":"https:\/\/www.elementvape.de\/wp-content\/uploads\/2024\/09\/cropped-1elementvape-3.png","width":285,"height":228,"caption":"ElementVape.DE"},"image":{"@id":"https:\/\/www.elementvape.de\/#\/schema\/logo\/image\/"}}]}},"_links":{"self":[{"href":"https:\/\/www.elementvape.de\/lt\/wp-json\/wp\/v2\/product\/8671"}],"collection":[{"href":"https:\/\/www.elementvape.de\/lt\/wp-json\/wp\/v2\/product"}],"about":[{"href":"https:\/\/www.elementvape.de\/lt\/wp-json\/wp\/v2\/types\/product"}],"wp:featuredmedia":[{"embeddable":true,"href":"https:\/\/www.elementvape.de\/lt\/wp-json\/wp\/v2\/media\/8673"}],"wp:attachment":[{"href":"https:\/\/www.elementvape.de\/lt\/wp-json\/wp\/v2\/media?parent=8671"}],"wp:term":[{"taxonomy":"product_cat","embeddable":true,"href":"https:\/\/www.elementvape.de\/lt\/wp-json\/wp\/v2\/product_cat?post=8671"},{"taxonomy":"product_tag","embeddable":true,"href":"https:\/\/www.elementvape.de\/lt\/wp-json\/wp\/v2\/product_tag?post=8671"}],"curies":[{"name":"wp","href":"https:\/\/api.w.org\/{rel}","templated":true}]}}