{"id":8660,"date":"2024-04-20T06:46:08","date_gmt":"2024-04-20T06:46:08","guid":{"rendered":"https:\/\/www.elementvape.de\/?post_type=product&#038;p=8660"},"modified":"2024-09-12T10:32:30","modified_gmt":"2024-09-12T10:32:30","slug":"uwell-caliburn-g2-pod-kit-18w-vape-750mah","status":"publish","type":"product","link":"https:\/\/www.elementvape.de\/lt\/produkt\/uwell-caliburn-g2-pod-kit-18w-vape-750mah\/","title":{"rendered":"Uwell Caliburn G2 Pod Kit 18W Vape 750mAh 2ml Kaset\u0117 Tinklelio-H 1,2 omo\/0,8 omo Rit\u0117 MTL\/RDTL E Cigaret\u0117s Garintuvas"},"content":{"rendered":"<p>&nbsp;<\/p>\n<div class=\"product-specs-list-container\">\n<ul class=\"product-specs-list util-clearfix\">\n<li class=\"product-prop line-limit-length\"><span class=\"property-title\">I\u0161vaizda:\u00a0<\/span><span class=\"property-desc line-limit-length\">Cilindro formos<\/span><\/li>\n<li class=\"product-prop line-limit-length\"><span class=\"property-title\">Suderinama baterija:\u00a0<\/span><span class=\"property-desc line-limit-length\">N\u0117ra<\/span><\/li>\n<li class=\"product-prop line-limit-length\"><span class=\"property-title\">Steb\u0117jimo funkcija nuo r\u016bkymo skai\u010diaus:\u00a0<\/span><span class=\"property-desc line-limit-length\">Ne<\/span><\/li>\n<li class=\"product-prop line-limit-length\"><span class=\"property-title\">Silicone d\u0117klas:\u00a0<\/span><span class=\"property-desc line-limit-length\">Ne<\/span><\/li>\n<li class=\"product-prop line-limit-length\"><span class=\"property-title\">Temperat\u016bros reguliavimas:\u00a0<\/span><span class=\"property-desc line-limit-length\">Ne<\/span><\/li>\n<li class=\"product-prop line-limit-length\"><span class=\"property-title\">\u012emontuota arba i\u0161orin\u0117 baterija:\u00a0<\/span><span class=\"property-desc line-limit-length\">\u012emontuota<\/span><\/li>\n<li class=\"product-prop line-limit-length\"><span class=\"property-title\">Trump\u0173j\u0173 jung\u010di\u0173 apsaugos funkcija:\u00a0<\/span><span class=\"property-desc line-limit-length\">Ja<\/span><\/li>\n<li class=\"product-prop line-limit-length\"><span class=\"property-title\">Perkaitimo apsaugos funkcija:\u00a0<\/span><span class=\"property-desc line-limit-length\">Ja<\/span><\/li>\n<li class=\"product-prop line-limit-length\"><span class=\"property-title\">\u017dem\u0173 \u012ftampos \u012fsp\u0117jimo funkcija:\u00a0<\/span><span class=\"property-desc line-limit-length\">Ja<\/span><\/li>\n<li class=\"product-prop line-limit-length\"><span class=\"property-title\">Pur\u0161kiklio identifikavimo funkcija:\u00a0<\/span><span class=\"property-desc line-limit-length\">Ne<\/span><\/li>\n<li class=\"product-prop line-limit-length\"><span class=\"property-title\">TCR nustatymo re\u017eimai:\u00a0<\/span><span class=\"property-desc line-limit-length\">Ne<\/span><\/li>\n<li class=\"product-prop line-limit-length\"><span class=\"property-title\">Nominalus talpa:\u00a0<\/span><span class=\"property-desc line-limit-length\">N\u0117ra<\/span><\/li>\n<li class=\"product-prop line-limit-length\"><span class=\"property-title\">Med\u017eiaga:\u00a0<\/span><span class=\"property-desc line-limit-length\">Metalas<\/span><\/li>\n<li class=\"product-prop line-limit-length\"><span class=\"property-title\">Suderinamas modelis:\u00a0<\/span><span class=\"property-desc line-limit-length\">Elektronin\u0117 cigaret\u0117 Vaporizeris<\/span><\/li>\n<li class=\"product-prop line-limit-length\"><span class=\"property-title\">Modelio numeris:\u00a0<\/span><span class=\"property-desc line-limit-length\">Uwell Caliburn G 2 Pod Rinkinys<\/span><\/li>\n<li class=\"product-prop line-limit-length\"><span class=\"property-title\">USB \u012fkroviklis:\u00a0<\/span><span class=\"property-desc line-limit-length\">Ja<\/span><\/li>\n<li class=\"product-prop line-limit-length\"><span class=\"property-title\">Programin\u0117s \u012frangos atnaujinimas:\u00a0<\/span><span class=\"property-desc line-limit-length\">Ne<\/span><\/li>\n<li class=\"product-prop line-limit-length\"><span class=\"property-title\">Ekranas:\u00a0<\/span><span class=\"property-desc line-limit-length\">Ne<\/span><\/li>\n<li class=\"product-prop line-limit-length\"><span class=\"property-title\">Tipas:\u00a0<\/span><span class=\"property-desc line-limit-length\">Su Baterija<\/span><\/li>\n<li class=\"product-prop line-limit-length\"><span class=\"property-title\">Prek\u0117s \u017eenklas:\u00a0<\/span><span class=\"property-desc line-limit-length\">UWELL<\/span><\/li>\n<li class=\"product-prop line-limit-length\"><span class=\"property-title\">Kilm\u0117s \u0161alis:\u00a0<\/span><span class=\"property-desc line-limit-length\">CN (Kilm\u0117)<\/span><\/li>\n<\/ul>\n<\/div>\n<div class=\"detailmodule_html\">\n<div class=\"detail-desc-decorate-richtext\">\n<div class=\"detailmodule_text\">\n<p class=\"detail-desc-decorate-title\" style=\"font-family: OpenSans; font-size: 20px; font-weight: 900; line-height: 28px; margin-bottom: 12px;\">Uwell Caliburn G2 Pod Kit 18W Vape 750mAh 2ml Kaset\u0117 Tinklelio-H 1,2 omo\/0,8 omo Rit\u0117 MTL\/RDTL E Cigaret\u0117s Garintuvas<\/p>\n<p class=\"detail-desc-decorate-content\" style=\"font-family: OpenSans; font-size: 14px; font-weight: 300; line-height: 20px; margin-bottom: 12px;\">Caliburn G2 Rinkinys yra naujas Caliburn serijos narys. Jame yra 750mAh baterijos talpa ir 2ml e-sviesto talpa. Su vibracijos s\u0105veika galite su\u017einoti, kaip veikia \u012frenginys, nesiklausant. Progresyvaus oro srauto reguliavimo dizainas pad\u0117s m\u0117gautis savo pageidaujamu sandarumu. Caliburn G2 Pod Rinkinys turi e-sviesto patikrinimo langel\u012f ir i\u0161 anksto \u012fmontuot\u0105 Vermaschten-H 1,2 om\u0173 rit\u0119. Be to, jis suderinamas su 1,0 om\u0173 ir 0,8 om\u0173 rit\u0117mis i\u0161 Caliburn G. Rinkinyje yra 1,2 om\u0173 ir 0,8 om\u0173 rit\u0117s, skirtos MTL ir ribotam DTL vaping. Pro-FOCS skonio pritaikymo technologija suteiks jums autenti\u0161k\u0105 skon\u012f, \u0161var\u0173 ir leid\u017eia i\u0161gauti paskutin\u012f la\u0161\u0105 i\u0161 e-sviesto. J\u012f galima lengvai papildyti, nereikia jaudintis d\u0117l nuot\u0117kio, nes yra vir\u0161utin\u0117 u\u017epildymo anga. Caliburn G2 galima \u012fjungti traukiant arba paspaudus mygtuk\u0105.<\/p>\n<\/div>\n<div class=\"detailmodule_text\">\n<p class=\"detail-desc-decorate-title\" style=\"font-family: OpenSans; font-size: 20px; font-weight: 900; line-height: 28px; margin-bottom: 12px;\">Specifikacija:<\/p>\n<p class=\"detail-desc-decorate-content\" style=\"font-family: OpenSans; font-size: 14px; font-weight: 300; line-height: 20px; margin-bottom: 12px;\">\u2022 Naudojant Pro-FOCS technologij\u0105<br \/>\n\u2022 2ml garinimo talpa<br \/>\n\u2022 Vir\u0161utinio u\u017epildymo sistema<br \/>\n\u2022 Skys\u010dio patikrinimo langelis<br \/>\n\u2022 Tikslus oro srauto reguliavimas<br \/>\n\u2022 I\u0161 anksto \u012fmontuota Vermaschten-H 1,2 om\u0173 rit\u0117<br \/>\n\u2022 750mAh \u012fmontuota baterija<br \/>\n\u2022 Greitas 18W i\u0161\u0117jimas<br \/>\n\u2022 Tinka tiek MTL vaping, tiek ribotam DTL vaping patir\u010diai<br \/>\n\u2022 Prieinamas tiek traukimo aktyvuotam, tiek mygtuko aktyvuotam re\u017eimui<\/p>\n<\/div>\n<div class=\"detailmodule_text\">\n<p class=\"detail-desc-decorate-title\" style=\"font-family: OpenSans; font-size: 20px; font-weight: 900; line-height: 28px; margin-bottom: 12px;\">Pakuot\u0117je yra:<\/p>\n<p class=\"detail-desc-decorate-content\" style=\"font-family: OpenSans; font-size: 14px; font-weight: 300; line-height: 20px; margin-bottom: 12px;\">1 * Uwell Caliburn G2 Pod Sistema Rinkinys<br \/>\n1 * Uwell UN2 Vermaschten-H 1,2 om\u0173 Caliburn G2 rit\u0117 (i\u0161 anksto \u012fmontuota)<br \/>\n1 * Uwell UN2 Vermaschten-H 0,8 ohm Caliburn G2 rit\u0117 (pakeitimas)<br \/>\n1 * tipo-C \u012fkroviklio laidas<br \/>\n1 * naudotojo vadovas<\/p>\n<\/div>\n<div class=\"detailmodule_image\"><img decoding=\"async\" loading=\"lazy\" class=\"detail-desc-decorate-image\" src=\"https:\/\/ae01.alicdn.com\/kf\/H60a8b73e18294ef68c7343200798157bA.jpg\" \/><img decoding=\"async\" loading=\"lazy\" class=\"detail-desc-decorate-image\" src=\"https:\/\/ae01.alicdn.com\/kf\/H2915a4b2fe0e4cf6847cabc57137991dI.jpg\" \/><img decoding=\"async\" loading=\"lazy\" class=\"detail-desc-decorate-image\" src=\"https:\/\/ae01.alicdn.com\/kf\/H30ae1005c8f74912853d77891334dd69y.jpg\" \/><img decoding=\"async\" loading=\"lazy\" class=\"detail-desc-decorate-image\" src=\"https:\/\/ae01.alicdn.com\/kf\/H4353af4a07be4ca082760f7615afd16aR.jpg\" \/><img decoding=\"async\" loading=\"lazy\" class=\"detail-desc-decorate-image\" src=\"https:\/\/ae01.alicdn.com\/kf\/H8ae84cf8b3a6429cb540e55f0112d8608.jpg\" \/><img decoding=\"async\" loading=\"lazy\" class=\"detail-desc-decorate-image\" src=\"https:\/\/ae01.alicdn.com\/kf\/H5ca3b91d3396414bab552e6652c665adc.jpg\" \/><img decoding=\"async\" loading=\"lazy\" class=\"detail-desc-decorate-image\" src=\"https:\/\/ae01.alicdn.com\/kf\/H91cb05b4f59146fc82d86f3967003669a.jpg\" \/><img decoding=\"async\" loading=\"lazy\" class=\"detail-desc-decorate-image\" src=\"https:\/\/ae01.alicdn.com\/kf\/H34ee0441b2c74bec81497d4d21dc919bG.jpg\" \/><\/div>\n<div class=\"detailmodule_image\"><img decoding=\"async\" loading=\"lazy\" class=\"detail-desc-decorate-image\" src=\"https:\/\/ae01.alicdn.com\/kf\/H01b90bc9d3bb45a48d378f36c009a219I.jpg\" \/><img decoding=\"async\" loading=\"lazy\" class=\"detail-desc-decorate-image\" src=\"https:\/\/ae01.alicdn.com\/kf\/H44ce53557a4d4f9a8eadef1cb9c0bcf8f.jpg\" \/><img decoding=\"async\" loading=\"lazy\" class=\"detail-desc-decorate-image\" src=\"https:\/\/ae01.alicdn.com\/kf\/H5cbfd2609ae449879c8bece933c07b4aP.jpg\" \/><img decoding=\"async\" loading=\"lazy\" class=\"detail-desc-decorate-image\" src=\"https:\/\/ae01.alicdn.com\/kf\/H9ad5265f7df8413497bb2a1475734f63E.jpg\" \/><img decoding=\"async\" loading=\"lazy\" class=\"detail-desc-decorate-image\" src=\"https:\/\/ae01.alicdn.com\/kf\/H5b4c104d6d8c40b9aa7ad6a228ceded4D.jpg\" \/><\/div>\n<p>&nbsp;<\/p>\n<\/div>\n<\/div>","protected":false},"excerpt":{"rendered":"<p>&nbsp; Aussehen:\u00a0Zylindrische Form Kompatibler Akku:\u00a0Kein \u00dcberwachung Funktion Von Rauchen Anzahl:\u00a0Nein Silikon Fall:\u00a0Nein Temperaturregelung:\u00a0Nein Eingebaute Oder Externe Batterie:\u00a0Eingebaute Kurzschlussschutz Funktion:\u00a0Ja \u00dcberhitzungsschutz-funktion:\u00a0Ja Niederspannungsalarmfunktion:\u00a0Ja Zerst\u00e4uber Identifikation Funktion:\u00a0Nein TCR Einstellung Modi:\u00a0Nein Nominale Kapazit\u00e4t:\u00a0Kein Material:\u00a0Metall Compatible Model:\u00a0Electronic Cigarette Vaporizer Modellnummer:\u00a0Uwell Caliburn G 2 Pod Kit Usb-ladeger\u00e4t:\u00a0Ja Firmware-upgrade:\u00a0Nein Display:\u00a0Nein Art:\u00a0Mit Batterie Markenname:\u00a0UWELL Ursprung:\u00a0CN (Herkunft) Original Uwell Caliburn G 2 Pod Kit [&hellip;]<\/p>","protected":false},"featured_media":8661,"template":"","meta":{"inline_featured_image":false},"product_cat":[750,737,736,749,76],"product_tag":[],"tiered_pricing_type":"fixed","tiered_pricing_fixed_rules":[],"tiered_pricing_percentage_rules":[],"tiered_pricing_minimum":1,"_administrator_tiered_pricing_type":"fixed","_administrator_tiered_pricing_fixed_rules":[],"_editor_tiered_pricing_type":"fixed","_editor_tiered_pricing_fixed_rules":[],"_author_tiered_pricing_type":"fixed","_author_tiered_pricing_fixed_rules":[],"_contributor_tiered_pricing_type":"fixed","_contributor_tiered_pricing_fixed_rules":[],"_subscriber_tiered_pricing_type":"fixed","_subscriber_tiered_pricing_fixed_rules":[],"_customer_tiered_pricing_type":"fixed","_customer_tiered_pricing_fixed_rules":[],"_shop_manager_tiered_pricing_type":"fixed","_shop_manager_tiered_pricing_fixed_rules":[],"_wpseo_manager_tiered_pricing_type":"fixed","_wpseo_manager_tiered_pricing_fixed_rules":[],"_wpseo_editor_tiered_pricing_type":"fixed","_wpseo_editor_tiered_pricing_fixed_rules":[],"_wholesale_customer_tiered_pricing_type":"fixed","_wholesale_customer_tiered_pricing_fixed_rules":[],"_marketer_tiered_pricing_type":"fixed","_marketer_tiered_pricing_fixed_rules":[],"_sales_manager_tiered_pricing_type":"fixed","_sales_manager_tiered_pricing_fixed_rules":[],"_sales_rep_tiered_pricing_type":"fixed","_sales_rep_tiered_pricing_fixed_rules":[],"yoast_head":"<!-- This site is optimized with the Yoast SEO plugin v23.3 - https:\/\/yoast.com\/wordpress\/plugins\/seo\/ -->\n<title>Uwell Caliburn G2 Pod Kit 18W Vape 750mAh 2ml Patrone Vermaschten-H 1,2 ohm\/0,8 ohm Spule MTL\/RDTL E Zigarette Verdampfer | ElementVape.de<\/title>\n<meta name=\"description\" content=\"Wir bieten Uwell Caliburn G2 Pod Kit 18W Vape 750mAh 2ml Patrone Vermaschten-H 1,2 ohm\/0,8 ohm Spule MTL\/RDTL E Zigarette Verdampfer , Elementvape.de akzeptieren Gro\u00df-und Einzelhandel Bestellungen.\" \/>\n<meta name=\"robots\" content=\"index, follow, max-snippet:-1, max-image-preview:large, max-video-preview:-1\" \/>\n<link rel=\"canonical\" href=\"https:\/\/www.elementvape.de\/lt\/produkt\/uwell-caliburn-g2-pod-kit-18w-vape-750mah\/\" \/>\n<meta property=\"og:locale\" content=\"lt_LT\" \/>\n<meta property=\"og:type\" content=\"article\" \/>\n<meta property=\"og:title\" content=\"Uwell Caliburn G2 Pod Kit 18W Vape 750mAh 2ml Patrone Vermaschten-H 1,2 ohm\/0,8 ohm Spule MTL\/RDTL E Zigarette Verdampfer | ElementVape.de\" \/>\n<meta property=\"og:description\" content=\"Wir bieten Uwell Caliburn G2 Pod Kit 18W Vape 750mAh 2ml Patrone Vermaschten-H 1,2 ohm\/0,8 ohm Spule MTL\/RDTL E Zigarette Verdampfer , Elementvape.de akzeptieren Gro\u00df-und Einzelhandel Bestellungen.\" \/>\n<meta property=\"og:url\" content=\"https:\/\/www.elementvape.de\/lt\/produkt\/uwell-caliburn-g2-pod-kit-18w-vape-750mah\/\" \/>\n<meta property=\"og:site_name\" content=\"ElementVape.de\" \/>\n<meta property=\"article:modified_time\" content=\"2024-09-12T10:32:30+00:00\" \/>\n<meta property=\"og:image\" content=\"https:\/\/ae01.alicdn.com\/kf\/Sc5ea778169ac442083f778ddc17591e8g\/Original-Uwell-Caliburn-G2-Pod-Kit-18W-Vape-750mAh-2ml-Patrone-Vermaschten-H-1-2-ohm.png\" \/>\n\t<meta property=\"og:image:width\" content=\"800\" \/>\n\t<meta property=\"og:image:height\" content=\"800\" \/>\n\t<meta property=\"og:image:type\" content=\"image\/png\" \/>\n<meta name=\"twitter:card\" content=\"summary_large_image\" \/>\n<meta name=\"twitter:label1\" content=\"Est. reading time\" \/>\n\t<meta name=\"twitter:data1\" content=\"5 minut\u0117s\" \/>\n<script type=\"application\/ld+json\" class=\"yoast-schema-graph\">{\"@context\":\"https:\/\/schema.org\",\"@graph\":[{\"@type\":\"WebPage\",\"@id\":\"https:\/\/www.elementvape.de\/produkt\/uwell-caliburn-g2-pod-kit-18w-vape-750mah\/\",\"url\":\"https:\/\/www.elementvape.de\/produkt\/uwell-caliburn-g2-pod-kit-18w-vape-750mah\/\",\"name\":\"Uwell Caliburn G2 Pod Kit 18W Vape 750mAh 2ml Patrone Vermaschten-H 1,2 ohm\/0,8 ohm Spule MTL\/RDTL E Zigarette Verdampfer | ElementVape.de\",\"isPartOf\":{\"@id\":\"https:\/\/www.elementvape.de\/#website\"},\"primaryImageOfPage\":{\"@id\":\"https:\/\/www.elementvape.de\/produkt\/uwell-caliburn-g2-pod-kit-18w-vape-750mah\/#primaryimage\"},\"image\":{\"@id\":\"https:\/\/www.elementvape.de\/produkt\/uwell-caliburn-g2-pod-kit-18w-vape-750mah\/#primaryimage\"},\"thumbnailUrl\":\"https:\/\/ae01.alicdn.com\/kf\/Sc5ea778169ac442083f778ddc17591e8g\/Original-Uwell-Caliburn-G2-Pod-Kit-18W-Vape-750mAh-2ml-Patrone-Vermaschten-H-1-2-ohm.png\",\"datePublished\":\"2024-04-20T06:46:08+00:00\",\"dateModified\":\"2024-09-12T10:32:30+00:00\",\"description\":\"Wir bieten Uwell Caliburn G2 Pod Kit 18W Vape 750mAh 2ml Patrone Vermaschten-H 1,2 ohm\/0,8 ohm Spule MTL\/RDTL E Zigarette Verdampfer , Elementvape.de akzeptieren Gro\u00df-und Einzelhandel Bestellungen.\",\"breadcrumb\":{\"@id\":\"https:\/\/www.elementvape.de\/produkt\/uwell-caliburn-g2-pod-kit-18w-vape-750mah\/#breadcrumb\"},\"inLanguage\":\"lt-LT\",\"potentialAction\":[{\"@type\":\"ReadAction\",\"target\":[\"https:\/\/www.elementvape.de\/produkt\/uwell-caliburn-g2-pod-kit-18w-vape-750mah\/\"]}]},{\"@type\":\"ImageObject\",\"inLanguage\":\"lt-LT\",\"@id\":\"https:\/\/www.elementvape.de\/produkt\/uwell-caliburn-g2-pod-kit-18w-vape-750mah\/#primaryimage\",\"url\":\"https:\/\/ae01.alicdn.com\/kf\/Sc5ea778169ac442083f778ddc17591e8g\/Original-Uwell-Caliburn-G2-Pod-Kit-18W-Vape-750mAh-2ml-Patrone-Vermaschten-H-1-2-ohm.png\",\"contentUrl\":\"https:\/\/ae01.alicdn.com\/kf\/Sc5ea778169ac442083f778ddc17591e8g\/Original-Uwell-Caliburn-G2-Pod-Kit-18W-Vape-750mAh-2ml-Patrone-Vermaschten-H-1-2-ohm.png\",\"width\":800,\"height\":800},{\"@type\":\"BreadcrumbList\",\"@id\":\"https:\/\/www.elementvape.de\/produkt\/uwell-caliburn-g2-pod-kit-18w-vape-750mah\/#breadcrumb\",\"itemListElement\":[{\"@type\":\"ListItem\",\"position\":1,\"name\":\"Home\",\"item\":\"https:\/\/www.elementvape.de\/\"},{\"@type\":\"ListItem\",\"position\":2,\"name\":\"Shop\",\"item\":\"https:\/\/www.elementvape.de\/shop\/\"},{\"@type\":\"ListItem\",\"position\":3,\"name\":\"Uwell Caliburn G2 Pod Kit 18W Vape 750mAh 2ml Patrone Vermaschten-H 1,2 ohm\/0,8 ohm Spule MTL\/RDTL E Zigarette Verdampfer\"}]},{\"@type\":\"WebSite\",\"@id\":\"https:\/\/www.elementvape.de\/#website\",\"url\":\"https:\/\/www.elementvape.de\/\",\"name\":\"ElementVape.de\",\"description\":\"\",\"publisher\":{\"@id\":\"https:\/\/www.elementvape.de\/#organization\"},\"potentialAction\":[{\"@type\":\"SearchAction\",\"target\":{\"@type\":\"EntryPoint\",\"urlTemplate\":\"https:\/\/www.elementvape.de\/?s={search_term_string}\"},\"query-input\":\"required name=search_term_string\"}],\"inLanguage\":\"lt-LT\"},{\"@type\":\"Organization\",\"@id\":\"https:\/\/www.elementvape.de\/#organization\",\"name\":\"ElementVape.DE\",\"url\":\"https:\/\/www.elementvape.de\/\",\"logo\":{\"@type\":\"ImageObject\",\"inLanguage\":\"lt-LT\",\"@id\":\"https:\/\/www.elementvape.de\/#\/schema\/logo\/image\/\",\"url\":\"https:\/\/www.elementvape.de\/wp-content\/uploads\/2024\/09\/cropped-1elementvape-3.png\",\"contentUrl\":\"https:\/\/www.elementvape.de\/wp-content\/uploads\/2024\/09\/cropped-1elementvape-3.png\",\"width\":285,\"height\":228,\"caption\":\"ElementVape.DE\"},\"image\":{\"@id\":\"https:\/\/www.elementvape.de\/#\/schema\/logo\/image\/\"}}]}<\/script>\n<!-- \/ Yoast SEO plugin. -->","yoast_head_json":{"title":"Uwell Caliburn G2 Pod Kit 18W Vape 750mAh 2ml Patrone Vermaschten-H 1,2 ohm\/0,8 ohm Spule MTL\/RDTL E Zigarette Verdampfer | ElementVape.de","description":"Wir bieten Uwell Caliburn G2 Pod Kit 18W Vape 750mAh 2ml Patrone Vermaschten-H 1,2 ohm\/0,8 ohm Spule MTL\/RDTL E Zigarette Verdampfer , Elementvape.de akzeptieren Gro\u00df-und Einzelhandel Bestellungen.","robots":{"index":"index","follow":"follow","max-snippet":"max-snippet:-1","max-image-preview":"max-image-preview:large","max-video-preview":"max-video-preview:-1"},"canonical":"https:\/\/www.elementvape.de\/lt\/produkt\/uwell-caliburn-g2-pod-kit-18w-vape-750mah\/","og_locale":"lt_LT","og_type":"article","og_title":"Uwell Caliburn G2 Pod Kit 18W Vape 750mAh 2ml Patrone Vermaschten-H 1,2 ohm\/0,8 ohm Spule MTL\/RDTL E Zigarette Verdampfer | ElementVape.de","og_description":"Wir bieten Uwell Caliburn G2 Pod Kit 18W Vape 750mAh 2ml Patrone Vermaschten-H 1,2 ohm\/0,8 ohm Spule MTL\/RDTL E Zigarette Verdampfer , Elementvape.de akzeptieren Gro\u00df-und Einzelhandel Bestellungen.","og_url":"https:\/\/www.elementvape.de\/lt\/produkt\/uwell-caliburn-g2-pod-kit-18w-vape-750mah\/","og_site_name":"ElementVape.de","article_modified_time":"2024-09-12T10:32:30+00:00","og_image":[{"width":800,"height":800,"url":"https:\/\/ae01.alicdn.com\/kf\/Sc5ea778169ac442083f778ddc17591e8g\/Original-Uwell-Caliburn-G2-Pod-Kit-18W-Vape-750mAh-2ml-Patrone-Vermaschten-H-1-2-ohm.png","type":"image\/png"}],"twitter_card":"summary_large_image","twitter_misc":{"Est. reading time":"5 minut\u0117s"},"schema":{"@context":"https:\/\/schema.org","@graph":[{"@type":"WebPage","@id":"https:\/\/www.elementvape.de\/produkt\/uwell-caliburn-g2-pod-kit-18w-vape-750mah\/","url":"https:\/\/www.elementvape.de\/produkt\/uwell-caliburn-g2-pod-kit-18w-vape-750mah\/","name":"Uwell Caliburn G2 Pod Kit 18W Vape 750mAh 2ml Patrone Vermaschten-H 1,2 ohm\/0,8 ohm Spule MTL\/RDTL E Zigarette Verdampfer | ElementVape.de","isPartOf":{"@id":"https:\/\/www.elementvape.de\/#website"},"primaryImageOfPage":{"@id":"https:\/\/www.elementvape.de\/produkt\/uwell-caliburn-g2-pod-kit-18w-vape-750mah\/#primaryimage"},"image":{"@id":"https:\/\/www.elementvape.de\/produkt\/uwell-caliburn-g2-pod-kit-18w-vape-750mah\/#primaryimage"},"thumbnailUrl":"https:\/\/ae01.alicdn.com\/kf\/Sc5ea778169ac442083f778ddc17591e8g\/Original-Uwell-Caliburn-G2-Pod-Kit-18W-Vape-750mAh-2ml-Patrone-Vermaschten-H-1-2-ohm.png","datePublished":"2024-04-20T06:46:08+00:00","dateModified":"2024-09-12T10:32:30+00:00","description":"Wir bieten Uwell Caliburn G2 Pod Kit 18W Vape 750mAh 2ml Patrone Vermaschten-H 1,2 ohm\/0,8 ohm Spule MTL\/RDTL E Zigarette Verdampfer , Elementvape.de akzeptieren Gro\u00df-und Einzelhandel Bestellungen.","breadcrumb":{"@id":"https:\/\/www.elementvape.de\/produkt\/uwell-caliburn-g2-pod-kit-18w-vape-750mah\/#breadcrumb"},"inLanguage":"lt-LT","potentialAction":[{"@type":"ReadAction","target":["https:\/\/www.elementvape.de\/produkt\/uwell-caliburn-g2-pod-kit-18w-vape-750mah\/"]}]},{"@type":"ImageObject","inLanguage":"lt-LT","@id":"https:\/\/www.elementvape.de\/produkt\/uwell-caliburn-g2-pod-kit-18w-vape-750mah\/#primaryimage","url":"https:\/\/ae01.alicdn.com\/kf\/Sc5ea778169ac442083f778ddc17591e8g\/Original-Uwell-Caliburn-G2-Pod-Kit-18W-Vape-750mAh-2ml-Patrone-Vermaschten-H-1-2-ohm.png","contentUrl":"https:\/\/ae01.alicdn.com\/kf\/Sc5ea778169ac442083f778ddc17591e8g\/Original-Uwell-Caliburn-G2-Pod-Kit-18W-Vape-750mAh-2ml-Patrone-Vermaschten-H-1-2-ohm.png","width":800,"height":800},{"@type":"BreadcrumbList","@id":"https:\/\/www.elementvape.de\/produkt\/uwell-caliburn-g2-pod-kit-18w-vape-750mah\/#breadcrumb","itemListElement":[{"@type":"ListItem","position":1,"name":"Home","item":"https:\/\/www.elementvape.de\/"},{"@type":"ListItem","position":2,"name":"Shop","item":"https:\/\/www.elementvape.de\/shop\/"},{"@type":"ListItem","position":3,"name":"Uwell Caliburn G2 Pod Kit 18W Vape 750mAh 2ml Patrone Vermaschten-H 1,2 ohm\/0,8 ohm Spule MTL\/RDTL E Zigarette Verdampfer"}]},{"@type":"WebSite","@id":"https:\/\/www.elementvape.de\/#website","url":"https:\/\/www.elementvape.de\/","name":"ElementVape.de","description":"","publisher":{"@id":"https:\/\/www.elementvape.de\/#organization"},"potentialAction":[{"@type":"SearchAction","target":{"@type":"EntryPoint","urlTemplate":"https:\/\/www.elementvape.de\/?s={search_term_string}"},"query-input":"required name=search_term_string"}],"inLanguage":"lt-LT"},{"@type":"Organization","@id":"https:\/\/www.elementvape.de\/#organization","name":"ElementVape.DE","url":"https:\/\/www.elementvape.de\/","logo":{"@type":"ImageObject","inLanguage":"lt-LT","@id":"https:\/\/www.elementvape.de\/#\/schema\/logo\/image\/","url":"https:\/\/www.elementvape.de\/wp-content\/uploads\/2024\/09\/cropped-1elementvape-3.png","contentUrl":"https:\/\/www.elementvape.de\/wp-content\/uploads\/2024\/09\/cropped-1elementvape-3.png","width":285,"height":228,"caption":"ElementVape.DE"},"image":{"@id":"https:\/\/www.elementvape.de\/#\/schema\/logo\/image\/"}}]}},"_links":{"self":[{"href":"https:\/\/www.elementvape.de\/lt\/wp-json\/wp\/v2\/product\/8660"}],"collection":[{"href":"https:\/\/www.elementvape.de\/lt\/wp-json\/wp\/v2\/product"}],"about":[{"href":"https:\/\/www.elementvape.de\/lt\/wp-json\/wp\/v2\/types\/product"}],"wp:featuredmedia":[{"embeddable":true,"href":"https:\/\/www.elementvape.de\/lt\/wp-json\/wp\/v2\/media\/8661"}],"wp:attachment":[{"href":"https:\/\/www.elementvape.de\/lt\/wp-json\/wp\/v2\/media?parent=8660"}],"wp:term":[{"taxonomy":"product_cat","embeddable":true,"href":"https:\/\/www.elementvape.de\/lt\/wp-json\/wp\/v2\/product_cat?post=8660"},{"taxonomy":"product_tag","embeddable":true,"href":"https:\/\/www.elementvape.de\/lt\/wp-json\/wp\/v2\/product_tag?post=8660"}],"curies":[{"name":"wp","href":"https:\/\/api.w.org\/{rel}","templated":true}]}}