{"id":8549,"date":"2024-04-20T06:38:53","date_gmt":"2024-04-20T06:38:53","guid":{"rendered":"https:\/\/www.elementvape.de\/?post_type=product&#038;p=8549"},"modified":"2024-12-12T06:36:55","modified_gmt":"2024-12-12T06:36:55","slug":"oxva-xlim-pro-kit-1000mah-batterie-30w","status":"publish","type":"product","link":"https:\/\/www.elementvape.de\/lt\/produkt\/oxva-xlim-pro-kit-1000mah-batterie-30w\/","title":{"rendered":"Oxva Xlim Pro rinkinys 1000mAh baterija 30W vape su 2ml V3 pod tu\u0161\u010dia kapsul\u0117 0,6\/0,8 om\u0173 elektronin\u0117 cigaret\u0117 garintojas"},"content":{"rendered":"<p>&nbsp;<\/p>\n<div class=\"product-specs-list-container\">\n<ul class=\"product-specs-list util-clearfix\">\n<li class=\"product-prop line-limit-length\"><span class=\"property-title\">I\u0161vaizda:\u00a0<\/span><span class=\"property-desc line-limit-length\">D\u0117\u017eut\u0117s forma<\/span><\/li>\n<li class=\"product-prop line-limit-length\"><span class=\"property-title\">Suderinama baterija:\u00a0<\/span><span class=\"property-desc line-limit-length\">N\u0117ra<\/span><\/li>\n<li class=\"product-prop line-limit-length\"><span class=\"property-title\">Steb\u0117jimo funkcija nuo r\u016bkymo skai\u010diaus:\u00a0<\/span><span class=\"property-desc line-limit-length\">Ne<\/span><\/li>\n<li class=\"product-prop line-limit-length\"><span class=\"property-title\">Silicone d\u0117klas:\u00a0<\/span><span class=\"property-desc line-limit-length\">Ne<\/span><\/li>\n<li class=\"product-prop line-limit-length\"><span class=\"property-title\">Temperat\u016bros reguliavimas:\u00a0<\/span><span class=\"property-desc line-limit-length\">Ne<\/span><\/li>\n<li class=\"product-prop line-limit-length\"><span class=\"property-title\">\u012emontuota arba i\u0161orin\u0117 baterija:\u00a0<\/span><span class=\"property-desc line-limit-length\">\u012emontuota<\/span><\/li>\n<li class=\"product-prop line-limit-length\"><span class=\"property-title\">Trump\u0173j\u0173 jung\u010di\u0173 apsaugos funkcija:\u00a0<\/span><span class=\"property-desc line-limit-length\">Ja<\/span><\/li>\n<li class=\"product-prop line-limit-length\"><span class=\"property-title\">Perkaitimo apsaugos funkcija:\u00a0<\/span><span class=\"property-desc line-limit-length\">Ja<\/span><\/li>\n<li class=\"product-prop line-limit-length\"><span class=\"property-title\">\u017dem\u0173 \u012ftampos \u012fsp\u0117jimo funkcija:\u00a0<\/span><span class=\"property-desc line-limit-length\">Ja<\/span><\/li>\n<li class=\"product-prop line-limit-length\"><span class=\"property-title\">Pur\u0161kiklio identifikavimo funkcija:\u00a0<\/span><span class=\"property-desc line-limit-length\">Ja<\/span><\/li>\n<li class=\"product-prop line-limit-length\"><span class=\"property-title\">TCR nustatymo re\u017eimai:\u00a0<\/span><span class=\"property-desc line-limit-length\">Ne<\/span><\/li>\n<li class=\"product-prop line-limit-length\"><span class=\"property-title\">Nominalus talpa:\u00a0<\/span><span class=\"property-desc line-limit-length\">1000mAh<\/span><\/li>\n<li class=\"product-prop line-limit-length\"><span class=\"property-title\">Med\u017eiaga:\u00a0<\/span><span class=\"property-desc line-limit-length\">Metalas<\/span><\/li>\n<li class=\"product-prop line-limit-length\"><span class=\"property-title\">Suderinamas modelis:\u00a0<\/span><span class=\"property-desc line-limit-length\">Elektronin\u0117 Cigaret\u0117 Vape<\/span><\/li>\n<li class=\"product-prop line-limit-length\"><span class=\"property-title\">Modelio numeris:\u00a0<\/span><span class=\"property-desc line-limit-length\">OXVA Xlim Pro Rinkinys<\/span><\/li>\n<li class=\"product-prop line-limit-length\"><span class=\"property-title\">USB \u012fkroviklis:\u00a0<\/span><span class=\"property-desc line-limit-length\">Ja<\/span><\/li>\n<li class=\"product-prop line-limit-length\"><span class=\"property-title\">Programin\u0117s \u012frangos atnaujinimas:\u00a0<\/span><span class=\"property-desc line-limit-length\">Ne<\/span><\/li>\n<li class=\"product-prop line-limit-length\"><span class=\"property-title\">Ekranas:\u00a0<\/span><span class=\"property-desc line-limit-length\">Ne<\/span><\/li>\n<li class=\"product-prop line-limit-length\"><span class=\"property-title\">Tipas:\u00a0<\/span><span class=\"property-desc line-limit-length\">Su Baterija<\/span><\/li>\n<li class=\"product-prop line-limit-length\"><span class=\"property-title\">Prek\u0117s \u017eenklas:\u00a0<\/span><span class=\"property-desc line-limit-length\">Hapyan<\/span><\/li>\n<li class=\"product-prop line-limit-length\"><span class=\"property-title\">Kilm\u0117s \u0161alis:\u00a0<\/span><span class=\"property-desc line-limit-length\">CN (Kilm\u0117)<\/span><\/li>\n<\/ul>\n<\/div>\n<div class=\"detailmodule_html\">\n<div class=\"detail-desc-decorate-richtext\">\n<div class=\"detailmodule_text\">\n<p id=\"tl_1\" class=\"detail-desc-decorate-title\" style=\"font-family: OpenSans; font-size: 20px; font-weight: 900; line-height: 28px; color: #000000; margin-bottom: 12px;\">Originalus Oxva Xlim Pro rinkinys 1000mAh baterija 30W vape su 2ml V3 pod tu\u0161\u010dia talpykla 0,6\/0,8 Ohm elektronin\u0117 cigaret\u0117 garintojas<\/p>\n<\/div>\n<div class=\"detailmodule_text\">\n<p id=\"tl_2\" class=\"detail-desc-decorate-title\" style=\"font-family: OpenSans; font-size: 20px; font-weight: 900; line-height: 28px; color: #000000; margin-bottom: 12px;\">Apra\u0161ymas:<\/p>\n<p id=\"tl_3\" class=\"detail-desc-decorate-content\" style=\"font-family: OpenSans; font-size: 14px; font-weight: 300; line-height: 20px; color: #000000; margin-bottom: 12px;\">Xlim pro rinkinys yra xlim pro leidimas. Jame yra didesn\u0117 1000mAh baterijos talpa, galingesn\u0117 30W i\u0161\u0117jimo galia ir nauja RGB \u0161viesa, kuri ap\u0161vies j\u016bs\u0173 aistr\u0105. Xlim pro rinkinys yra su patobulinta anti-prakaito vir\u0161utinio u\u017epildymo patrone (xlim v3 patrone) su 2ml talpa. Taip pat suderinama su oxva xlim v2 patrone. Rinkin\u012f papildo dir\u017eelis.<\/p>\n<\/div>\n<div class=\"detailmodule_text\">\n<p id=\"tl_4\" class=\"detail-desc-decorate-title\" style=\"font-family: OpenSans; font-size: 20px; font-weight: 900; line-height: 28px; color: #000000; margin-bottom: 12px;\">Parametrai:<\/p>\n<p id=\"tl_5\" class=\"detail-desc-decorate-content\" style=\"font-family: OpenSans; font-size: 14px; font-weight: 300; line-height: 20px; color: #000000; margin-bottom: 12px;\">Prek\u0117s \u017eenklas: oxva<br \/>\nProdukto pavadinimas: xlim pro rinkinys<br \/>\nI\u0161\u0117jimo galia: 5-30w<br \/>\nTu\u0161\u010dios talpyklos talpa: 2ml<br \/>\nVar\u017eos diapazonas: 0,33-3,0 Ohm<br \/>\nVir\u0161utin\u0117 u\u017epildymo patrone: 0,6 Ohm\/0,8 Ohm\/1,2 Ohm<br \/>\nPakrovimas: Vir\u0161utinis u\u017epildymas<br \/>\nOras srauto reguliavimas: \u0161oninis afc<br \/>\nBaterijos talpa: 1000mah<br \/>\n\u012ekrovimas: 5v\/2a, Typ-c<br \/>\nMed\u017eiaga: Cinko lydinys + iml + pctg<br \/>\nDydis: 111.0*25.0*14,3mm<br \/>\nSpalva: juodas anglis, juodas auksas, blizgantis m\u0117lynas, blizgantis cyan, blizgantis pilkas, blizgantis \u017ealias, blizgantis ro\u017einis, blizgantis raudonas<\/p>\n<\/div>\n<div class=\"detailmodule_text\">\n<p id=\"tl_6\" class=\"detail-desc-decorate-title\" style=\"font-family: OpenSans; font-size: 20px; font-weight: 900; line-height: 28px; color: #000000; margin-bottom: 12px;\">I\u0161samiai:<\/p>\n<p id=\"tl_7\" class=\"detail-desc-decorate-content\" style=\"font-family: OpenSans; font-size: 14px; font-weight: 300; line-height: 20px; color: #000000; margin-bottom: 12px;\">1. \u017evilgantis RGB \u0161viesa<br \/>\n2. Anti-nutek\u0117jimo vir\u0161utinio u\u017epildymo patrona<br \/>\n3. ergonominis afc dizainas<br \/>\n4. automatinis traukimas ir mygtuko aktyvavimas<br \/>\n5. maksimali i\u0161\u0117jimo galia 30w<br \/>\n6. 1000mah didesn\u0117 baterija<br \/>\n7. labai saugi nuo nutek\u0117jimo<br \/>\n8. Typ-c greitas \u012fkrovimas<br \/>\n9. suderinama su nauju vir\u0161utinio u\u017epildymo (xlim v3) ir xlim v2 patrona<\/p>\n<\/div>\n<div class=\"detailmodule_text\">\n<p id=\"tl_8\" class=\"detail-desc-decorate-title\" style=\"font-family: OpenSans; font-size: 20px; font-weight: 900; line-height: 28px; color: #000000; margin-bottom: 12px;\">Pakuot\u0117s s\u0105ra\u0161as<\/p>\n<p id=\"tl_9\" class=\"detail-desc-decorate-content\" style=\"font-family: OpenSans; font-size: 14px; font-weight: 300; line-height: 20px; color: #000000; margin-bottom: 12px;\">1 * xlim pro \u012frenginys<br \/>\n1 * vir\u0161utinio u\u017epildymo patrona (xlim v3) 0,6 Ohm (i\u0161 anksto \u012fdiegta)<br \/>\n1 * vir\u0161utinio u\u017epildymo patrona (xlim v3) 0,8 Ohm<br \/>\n1 * Tipo-C laidas<br \/>\n1 * Kaklo dir\u017eas<br \/>\n1 * Vartotojo vadovas<\/p>\n<\/div>\n<div class=\"detailmodule_image\"><img decoding=\"async\" loading=\"lazy\" class=\"detail-desc-decorate-image\" src=\"https:\/\/ae01.alicdn.com\/kf\/S0de73680026546e9b60ed8ce404947ac2.jpg\" \/><br \/>\n<img decoding=\"async\" loading=\"lazy\" class=\"detail-desc-decorate-image\" src=\"https:\/\/ae01.alicdn.com\/kf\/S693f7e5695d740e4b58732085d19ad80r.jpg\" \/><br \/>\n<img decoding=\"async\" loading=\"lazy\" class=\"detail-desc-decorate-image\" src=\"https:\/\/ae01.alicdn.com\/kf\/S662388ef72bb4a9e86a65f2d1873038fe.jpg\" \/><br \/>\n<img decoding=\"async\" loading=\"lazy\" class=\"detail-desc-decorate-image\" style=\"margin-bottom: 10px;\" src=\"https:\/\/ae01.alicdn.com\/kf\/Sc94577c4017e4f4e846f47a47d7f907cH.jpg\" \/><br \/>\n<img decoding=\"async\" loading=\"lazy\" class=\"detail-desc-decorate-image\" style=\"margin-bottom: 10px;\" src=\"https:\/\/ae01.alicdn.com\/kf\/Se7cd433468154ebdb58322c4c48260c2K.jpg\" \/><\/div>\n<p>&nbsp;<\/p>\n<\/div>\n<\/div>","protected":false},"excerpt":{"rendered":"<p>&nbsp; Aussehen:\u00a0Box Form Kompatibler Akku:\u00a0Kein \u00dcberwachung Funktion Von Rauchen Anzahl:\u00a0Nein Silikon Fall:\u00a0Nein Temperaturregelung:\u00a0Nein Eingebaute Oder Externe Batterie:\u00a0Eingebaute Kurzschlussschutz Funktion:\u00a0Ja \u00dcberhitzungsschutz-funktion:\u00a0Ja Niederspannungsalarmfunktion:\u00a0Ja Zerst\u00e4uber Identifikation Funktion:\u00a0Ja TCR Einstellung Modi:\u00a0Nein Nominale Kapazit\u00e4t:\u00a01000mAh Material:\u00a0Metall Compatible Model:\u00a0Electronic Cigarette Vape Modellnummer:\u00a0OXVA Xlim Pro Kit Usb-ladeger\u00e4t:\u00a0Ja Firmware-upgrade:\u00a0Nein Display:\u00a0Nein Art:\u00a0Mit Batterie Markenname:\u00a0Hapyan Ursprung:\u00a0CN (Herkunft) Original Oxva Xlim Pro Kit 1000mAh Batterie 30W Vape [&hellip;]<\/p>","protected":false},"featured_media":8551,"template":"","meta":{"inline_featured_image":false},"product_cat":[750,737,736,749,76,81],"product_tag":[],"tiered_pricing_type":"fixed","tiered_pricing_fixed_rules":[],"tiered_pricing_percentage_rules":[],"tiered_pricing_minimum":1,"_administrator_tiered_pricing_type":"fixed","_administrator_tiered_pricing_fixed_rules":[],"_editor_tiered_pricing_type":"fixed","_editor_tiered_pricing_fixed_rules":[],"_author_tiered_pricing_type":"fixed","_author_tiered_pricing_fixed_rules":[],"_contributor_tiered_pricing_type":"fixed","_contributor_tiered_pricing_fixed_rules":[],"_subscriber_tiered_pricing_type":"fixed","_subscriber_tiered_pricing_fixed_rules":[],"_customer_tiered_pricing_type":"fixed","_customer_tiered_pricing_fixed_rules":[],"_shop_manager_tiered_pricing_type":"fixed","_shop_manager_tiered_pricing_fixed_rules":[],"_wpseo_manager_tiered_pricing_type":"fixed","_wpseo_manager_tiered_pricing_fixed_rules":[],"_wpseo_editor_tiered_pricing_type":"fixed","_wpseo_editor_tiered_pricing_fixed_rules":[],"_wholesale_customer_tiered_pricing_type":"fixed","_wholesale_customer_tiered_pricing_fixed_rules":[],"_marketer_tiered_pricing_type":"fixed","_marketer_tiered_pricing_fixed_rules":[],"_sales_manager_tiered_pricing_type":"fixed","_sales_manager_tiered_pricing_fixed_rules":[],"_sales_rep_tiered_pricing_type":"fixed","_sales_rep_tiered_pricing_fixed_rules":[],"yoast_head":"<!-- This site is optimized with the Yoast SEO plugin v23.3 - https:\/\/yoast.com\/wordpress\/plugins\/seo\/ -->\n<title>Oxva Xlim Pro Kit 1000mAh Batterie 30W Vape mit 2ml V3 Pod leere Patrone 0.6\/0,8 Ohm elektronische Zigarette Vapor izer | ElementVape.de<\/title>\n<meta name=\"description\" content=\"Wir bieten Oxva Xlim Pro Kit 1000mAh Batterie 30W Vape mit 2ml V3 Pod leere Patrone 0.6\/0,8 Ohm elektronische Zigarette Vapor izer , Elementvape.de akzeptieren Gro\u00df-und Einzelhandel Bestellungen.\" \/>\n<meta name=\"robots\" content=\"index, follow, max-snippet:-1, max-image-preview:large, max-video-preview:-1\" \/>\n<link rel=\"canonical\" href=\"https:\/\/www.elementvape.de\/lt\/produkt\/oxva-xlim-pro-kit-1000mah-batterie-30w\/\" \/>\n<meta property=\"og:locale\" content=\"lt_LT\" \/>\n<meta property=\"og:type\" content=\"article\" \/>\n<meta property=\"og:title\" content=\"Oxva Xlim Pro Kit 1000mAh Batterie 30W Vape mit 2ml V3 Pod leere Patrone 0.6\/0,8 Ohm elektronische Zigarette Vapor izer | ElementVape.de\" \/>\n<meta property=\"og:description\" content=\"Wir bieten Oxva Xlim Pro Kit 1000mAh Batterie 30W Vape mit 2ml V3 Pod leere Patrone 0.6\/0,8 Ohm elektronische Zigarette Vapor izer , Elementvape.de akzeptieren Gro\u00df-und Einzelhandel Bestellungen.\" \/>\n<meta property=\"og:url\" content=\"https:\/\/www.elementvape.de\/lt\/produkt\/oxva-xlim-pro-kit-1000mah-batterie-30w\/\" \/>\n<meta property=\"og:site_name\" content=\"ElementVape.de\" \/>\n<meta property=\"article:modified_time\" content=\"2024-12-12T06:36:55+00:00\" \/>\n<meta property=\"og:image\" content=\"https:\/\/ae01.alicdn.com\/kf\/S4f0a8e483e5241aebd7a55bd036145f4j\/Original-Oxva-Xlim-Pro-Kit-1000mAh-Batterie-30W-Vape-mit-2ml-V3-Pod-leere-Patrone-0.jpg\" \/>\n\t<meta property=\"og:image:width\" content=\"800\" \/>\n\t<meta property=\"og:image:height\" content=\"800\" \/>\n\t<meta property=\"og:image:type\" content=\"image\/jpeg\" \/>\n<meta name=\"twitter:card\" content=\"summary_large_image\" \/>\n<meta name=\"twitter:label1\" content=\"Est. reading time\" \/>\n\t<meta name=\"twitter:data1\" content=\"3 minut\u0117s\" \/>\n<script type=\"application\/ld+json\" class=\"yoast-schema-graph\">{\"@context\":\"https:\/\/schema.org\",\"@graph\":[{\"@type\":\"WebPage\",\"@id\":\"https:\/\/www.elementvape.de\/fi\/produkt\/oxva-xlim-pro-kit-1000mah-batterie-30w\/\",\"url\":\"https:\/\/www.elementvape.de\/fi\/produkt\/oxva-xlim-pro-kit-1000mah-batterie-30w\/\",\"name\":\"Oxva Xlim Pro Kit 1000mAh Batterie 30W Vape mit 2ml V3 Pod leere Patrone 0.6\/0,8 Ohm elektronische Zigarette Vapor izer | ElementVape.de\",\"isPartOf\":{\"@id\":\"https:\/\/www.elementvape.de\/#website\"},\"primaryImageOfPage\":{\"@id\":\"https:\/\/www.elementvape.de\/fi\/produkt\/oxva-xlim-pro-kit-1000mah-batterie-30w\/#primaryimage\"},\"image\":{\"@id\":\"https:\/\/www.elementvape.de\/fi\/produkt\/oxva-xlim-pro-kit-1000mah-batterie-30w\/#primaryimage\"},\"thumbnailUrl\":\"https:\/\/ae01.alicdn.com\/kf\/S4f0a8e483e5241aebd7a55bd036145f4j\/Original-Oxva-Xlim-Pro-Kit-1000mAh-Batterie-30W-Vape-mit-2ml-V3-Pod-leere-Patrone-0.jpg\",\"datePublished\":\"2024-04-20T06:38:53+00:00\",\"dateModified\":\"2024-12-12T06:36:55+00:00\",\"description\":\"Wir bieten Oxva Xlim Pro Kit 1000mAh Batterie 30W Vape mit 2ml V3 Pod leere Patrone 0.6\/0,8 Ohm elektronische Zigarette Vapor izer , Elementvape.de akzeptieren Gro\u00df-und Einzelhandel Bestellungen.\",\"breadcrumb\":{\"@id\":\"https:\/\/www.elementvape.de\/fi\/produkt\/oxva-xlim-pro-kit-1000mah-batterie-30w\/#breadcrumb\"},\"inLanguage\":\"lt-LT\",\"potentialAction\":[{\"@type\":\"ReadAction\",\"target\":[\"https:\/\/www.elementvape.de\/fi\/produkt\/oxva-xlim-pro-kit-1000mah-batterie-30w\/\"]}]},{\"@type\":\"ImageObject\",\"inLanguage\":\"lt-LT\",\"@id\":\"https:\/\/www.elementvape.de\/fi\/produkt\/oxva-xlim-pro-kit-1000mah-batterie-30w\/#primaryimage\",\"url\":\"https:\/\/ae01.alicdn.com\/kf\/S4f0a8e483e5241aebd7a55bd036145f4j\/Original-Oxva-Xlim-Pro-Kit-1000mAh-Batterie-30W-Vape-mit-2ml-V3-Pod-leere-Patrone-0.jpg\",\"contentUrl\":\"https:\/\/ae01.alicdn.com\/kf\/S4f0a8e483e5241aebd7a55bd036145f4j\/Original-Oxva-Xlim-Pro-Kit-1000mAh-Batterie-30W-Vape-mit-2ml-V3-Pod-leere-Patrone-0.jpg\",\"width\":800,\"height\":800},{\"@type\":\"BreadcrumbList\",\"@id\":\"https:\/\/www.elementvape.de\/fi\/produkt\/oxva-xlim-pro-kit-1000mah-batterie-30w\/#breadcrumb\",\"itemListElement\":[{\"@type\":\"ListItem\",\"position\":1,\"name\":\"Home\",\"item\":\"https:\/\/www.elementvape.de\/\"},{\"@type\":\"ListItem\",\"position\":2,\"name\":\"Shop\",\"item\":\"https:\/\/www.elementvape.de\/shop\/\"},{\"@type\":\"ListItem\",\"position\":3,\"name\":\"Oxva Xlim Pro Kit 1000mAh Batterie 30W Vape mit 2ml V3 Pod leere Patrone 0.6\/0,8 Ohm elektronische Zigarette Vapor izer\"}]},{\"@type\":\"WebSite\",\"@id\":\"https:\/\/www.elementvape.de\/#website\",\"url\":\"https:\/\/www.elementvape.de\/\",\"name\":\"ElementVape.de\",\"description\":\"\",\"publisher\":{\"@id\":\"https:\/\/www.elementvape.de\/#organization\"},\"potentialAction\":[{\"@type\":\"SearchAction\",\"target\":{\"@type\":\"EntryPoint\",\"urlTemplate\":\"https:\/\/www.elementvape.de\/?s={search_term_string}\"},\"query-input\":\"required name=search_term_string\"}],\"inLanguage\":\"lt-LT\"},{\"@type\":\"Organization\",\"@id\":\"https:\/\/www.elementvape.de\/#organization\",\"name\":\"ElementVape.DE\",\"url\":\"https:\/\/www.elementvape.de\/\",\"logo\":{\"@type\":\"ImageObject\",\"inLanguage\":\"lt-LT\",\"@id\":\"https:\/\/www.elementvape.de\/#\/schema\/logo\/image\/\",\"url\":\"https:\/\/www.elementvape.de\/wp-content\/uploads\/2024\/09\/cropped-1elementvape-3.png\",\"contentUrl\":\"https:\/\/www.elementvape.de\/wp-content\/uploads\/2024\/09\/cropped-1elementvape-3.png\",\"width\":285,\"height\":228,\"caption\":\"ElementVape.DE\"},\"image\":{\"@id\":\"https:\/\/www.elementvape.de\/#\/schema\/logo\/image\/\"}}]}<\/script>\n<!-- \/ Yoast SEO plugin. -->","yoast_head_json":{"title":"Oxva Xlim Pro Kit 1000mAh Batterie 30W Vape mit 2ml V3 Pod leere Patrone 0.6\/0,8 Ohm elektronische Zigarette Vapor izer | ElementVape.de","description":"Wir bieten Oxva Xlim Pro Kit 1000mAh Batterie 30W Vape mit 2ml V3 Pod leere Patrone 0.6\/0,8 Ohm elektronische Zigarette Vapor izer , Elementvape.de akzeptieren Gro\u00df-und Einzelhandel Bestellungen.","robots":{"index":"index","follow":"follow","max-snippet":"max-snippet:-1","max-image-preview":"max-image-preview:large","max-video-preview":"max-video-preview:-1"},"canonical":"https:\/\/www.elementvape.de\/lt\/produkt\/oxva-xlim-pro-kit-1000mah-batterie-30w\/","og_locale":"lt_LT","og_type":"article","og_title":"Oxva Xlim Pro Kit 1000mAh Batterie 30W Vape mit 2ml V3 Pod leere Patrone 0.6\/0,8 Ohm elektronische Zigarette Vapor izer | ElementVape.de","og_description":"Wir bieten Oxva Xlim Pro Kit 1000mAh Batterie 30W Vape mit 2ml V3 Pod leere Patrone 0.6\/0,8 Ohm elektronische Zigarette Vapor izer , Elementvape.de akzeptieren Gro\u00df-und Einzelhandel Bestellungen.","og_url":"https:\/\/www.elementvape.de\/lt\/produkt\/oxva-xlim-pro-kit-1000mah-batterie-30w\/","og_site_name":"ElementVape.de","article_modified_time":"2024-12-12T06:36:55+00:00","og_image":[{"width":800,"height":800,"url":"https:\/\/ae01.alicdn.com\/kf\/S4f0a8e483e5241aebd7a55bd036145f4j\/Original-Oxva-Xlim-Pro-Kit-1000mAh-Batterie-30W-Vape-mit-2ml-V3-Pod-leere-Patrone-0.jpg","type":"image\/jpeg"}],"twitter_card":"summary_large_image","twitter_misc":{"Est. reading time":"3 minut\u0117s"},"schema":{"@context":"https:\/\/schema.org","@graph":[{"@type":"WebPage","@id":"https:\/\/www.elementvape.de\/fi\/produkt\/oxva-xlim-pro-kit-1000mah-batterie-30w\/","url":"https:\/\/www.elementvape.de\/fi\/produkt\/oxva-xlim-pro-kit-1000mah-batterie-30w\/","name":"Oxva Xlim Pro Kit 1000mAh Batterie 30W Vape mit 2ml V3 Pod leere Patrone 0.6\/0,8 Ohm elektronische Zigarette Vapor izer | ElementVape.de","isPartOf":{"@id":"https:\/\/www.elementvape.de\/#website"},"primaryImageOfPage":{"@id":"https:\/\/www.elementvape.de\/fi\/produkt\/oxva-xlim-pro-kit-1000mah-batterie-30w\/#primaryimage"},"image":{"@id":"https:\/\/www.elementvape.de\/fi\/produkt\/oxva-xlim-pro-kit-1000mah-batterie-30w\/#primaryimage"},"thumbnailUrl":"https:\/\/ae01.alicdn.com\/kf\/S4f0a8e483e5241aebd7a55bd036145f4j\/Original-Oxva-Xlim-Pro-Kit-1000mAh-Batterie-30W-Vape-mit-2ml-V3-Pod-leere-Patrone-0.jpg","datePublished":"2024-04-20T06:38:53+00:00","dateModified":"2024-12-12T06:36:55+00:00","description":"Wir bieten Oxva Xlim Pro Kit 1000mAh Batterie 30W Vape mit 2ml V3 Pod leere Patrone 0.6\/0,8 Ohm elektronische Zigarette Vapor izer , Elementvape.de akzeptieren Gro\u00df-und Einzelhandel Bestellungen.","breadcrumb":{"@id":"https:\/\/www.elementvape.de\/fi\/produkt\/oxva-xlim-pro-kit-1000mah-batterie-30w\/#breadcrumb"},"inLanguage":"lt-LT","potentialAction":[{"@type":"ReadAction","target":["https:\/\/www.elementvape.de\/fi\/produkt\/oxva-xlim-pro-kit-1000mah-batterie-30w\/"]}]},{"@type":"ImageObject","inLanguage":"lt-LT","@id":"https:\/\/www.elementvape.de\/fi\/produkt\/oxva-xlim-pro-kit-1000mah-batterie-30w\/#primaryimage","url":"https:\/\/ae01.alicdn.com\/kf\/S4f0a8e483e5241aebd7a55bd036145f4j\/Original-Oxva-Xlim-Pro-Kit-1000mAh-Batterie-30W-Vape-mit-2ml-V3-Pod-leere-Patrone-0.jpg","contentUrl":"https:\/\/ae01.alicdn.com\/kf\/S4f0a8e483e5241aebd7a55bd036145f4j\/Original-Oxva-Xlim-Pro-Kit-1000mAh-Batterie-30W-Vape-mit-2ml-V3-Pod-leere-Patrone-0.jpg","width":800,"height":800},{"@type":"BreadcrumbList","@id":"https:\/\/www.elementvape.de\/fi\/produkt\/oxva-xlim-pro-kit-1000mah-batterie-30w\/#breadcrumb","itemListElement":[{"@type":"ListItem","position":1,"name":"Home","item":"https:\/\/www.elementvape.de\/"},{"@type":"ListItem","position":2,"name":"Shop","item":"https:\/\/www.elementvape.de\/shop\/"},{"@type":"ListItem","position":3,"name":"Oxva Xlim Pro Kit 1000mAh Batterie 30W Vape mit 2ml V3 Pod leere Patrone 0.6\/0,8 Ohm elektronische Zigarette Vapor izer"}]},{"@type":"WebSite","@id":"https:\/\/www.elementvape.de\/#website","url":"https:\/\/www.elementvape.de\/","name":"ElementVape.de","description":"","publisher":{"@id":"https:\/\/www.elementvape.de\/#organization"},"potentialAction":[{"@type":"SearchAction","target":{"@type":"EntryPoint","urlTemplate":"https:\/\/www.elementvape.de\/?s={search_term_string}"},"query-input":"required name=search_term_string"}],"inLanguage":"lt-LT"},{"@type":"Organization","@id":"https:\/\/www.elementvape.de\/#organization","name":"ElementVape.DE","url":"https:\/\/www.elementvape.de\/","logo":{"@type":"ImageObject","inLanguage":"lt-LT","@id":"https:\/\/www.elementvape.de\/#\/schema\/logo\/image\/","url":"https:\/\/www.elementvape.de\/wp-content\/uploads\/2024\/09\/cropped-1elementvape-3.png","contentUrl":"https:\/\/www.elementvape.de\/wp-content\/uploads\/2024\/09\/cropped-1elementvape-3.png","width":285,"height":228,"caption":"ElementVape.DE"},"image":{"@id":"https:\/\/www.elementvape.de\/#\/schema\/logo\/image\/"}}]}},"_links":{"self":[{"href":"https:\/\/www.elementvape.de\/lt\/wp-json\/wp\/v2\/product\/8549"}],"collection":[{"href":"https:\/\/www.elementvape.de\/lt\/wp-json\/wp\/v2\/product"}],"about":[{"href":"https:\/\/www.elementvape.de\/lt\/wp-json\/wp\/v2\/types\/product"}],"wp:featuredmedia":[{"embeddable":true,"href":"https:\/\/www.elementvape.de\/lt\/wp-json\/wp\/v2\/media\/8551"}],"wp:attachment":[{"href":"https:\/\/www.elementvape.de\/lt\/wp-json\/wp\/v2\/media?parent=8549"}],"wp:term":[{"taxonomy":"product_cat","embeddable":true,"href":"https:\/\/www.elementvape.de\/lt\/wp-json\/wp\/v2\/product_cat?post=8549"},{"taxonomy":"product_tag","embeddable":true,"href":"https:\/\/www.elementvape.de\/lt\/wp-json\/wp\/v2\/product_tag?post=8549"}],"curies":[{"name":"wp","href":"https:\/\/api.w.org\/{rel}","templated":true}]}}