{"id":8534,"date":"2024-04-20T06:38:29","date_gmt":"2024-04-20T06:38:29","guid":{"rendered":"https:\/\/www.elementvape.de\/?post_type=product&#038;p=8534"},"modified":"2024-12-12T06:36:56","modified_gmt":"2024-12-12T06:36:56","slug":"geekvape-wenax-q-pod-kit-1000mah-batterie-25w","status":"publish","type":"product","link":"https:\/\/www.elementvape.de\/lt\/produkt\/geekvape-wenax-q-pod-kit-1000mah-batterie-25w\/","title":{"rendered":"Geekvape Wenax Q pod rinkinys 1000mAh baterija 25W vape 2ml vir\u0161utin\u0117 u\u017epildymo sistema elektronin\u0117 cigaret\u0117 MTL RDL vape ra\u0161iklis"},"content":{"rendered":"<p>&nbsp;<\/p>\n<div class=\"product-specs-list-container\">\n<ul class=\"product-specs-list util-clearfix\">\n<li class=\"product-prop line-limit-length\"><span class=\"property-title\">Steb\u0117jimo funkcija nuo r\u016bkymo skai\u010diaus:\u00a0<\/span><span class=\"property-desc line-limit-length\">Ne<\/span><\/li>\n<li class=\"product-prop line-limit-length\"><span class=\"property-title\">Silicone d\u0117klas:\u00a0<\/span><span class=\"property-desc line-limit-length\">Ne<\/span><\/li>\n<li class=\"product-prop line-limit-length\"><span class=\"property-title\">Temperat\u016bros reguliavimas:\u00a0<\/span><span class=\"property-desc line-limit-length\">Ja<\/span><\/li>\n<li class=\"product-prop line-limit-length\"><span class=\"property-title\">\u012emontuota arba i\u0161orin\u0117 baterija:\u00a0<\/span><span class=\"property-desc line-limit-length\">\u012emontuota<\/span><\/li>\n<li class=\"product-prop line-limit-length\"><span class=\"property-title\">Trump\u0173j\u0173 jung\u010di\u0173 apsaugos funkcija:\u00a0<\/span><span class=\"property-desc line-limit-length\">Ja<\/span><\/li>\n<li class=\"product-prop line-limit-length\"><span class=\"property-title\">Perkaitimo apsaugos funkcija:\u00a0<\/span><span class=\"property-desc line-limit-length\">Ja<\/span><\/li>\n<li class=\"product-prop line-limit-length\"><span class=\"property-title\">\u017dem\u0173 \u012ftampos \u012fsp\u0117jimo funkcija:\u00a0<\/span><span class=\"property-desc line-limit-length\">Ja<\/span><\/li>\n<li class=\"product-prop line-limit-length\"><span class=\"property-title\">Pur\u0161kiklio identifikavimo funkcija:\u00a0<\/span><span class=\"property-desc line-limit-length\">Ja<\/span><\/li>\n<li class=\"product-prop line-limit-length\"><span class=\"property-title\">TCR nustatymo re\u017eimai:\u00a0<\/span><span class=\"property-desc line-limit-length\">Ja<\/span><\/li>\n<li class=\"product-prop line-limit-length\"><span class=\"property-title\">Nominalus talpa:\u00a0<\/span><span class=\"property-desc line-limit-length\">1000mAh<\/span><\/li>\n<li class=\"product-prop line-limit-length\"><span class=\"property-title\">Suderinamas modelis:\u00a0<\/span><span class=\"property-desc line-limit-length\">Elektronin\u0117 cigaret\u0117s d\u0117\u017eut\u0117 mod vape<\/span><\/li>\n<li class=\"product-prop line-limit-length\"><span class=\"property-title\">Modelio numeris:\u00a0<\/span><span class=\"property-desc line-limit-length\">GeekVape Wenax Q Pod rinkinys<\/span><\/li>\n<li class=\"product-prop line-limit-length\"><span class=\"property-title\">USB \u012fkroviklis:\u00a0<\/span><span class=\"property-desc line-limit-length\">Ja<\/span><\/li>\n<li class=\"product-prop line-limit-length\"><span class=\"property-title\">Programin\u0117s \u012frangos atnaujinimas:\u00a0<\/span><span class=\"property-desc line-limit-length\">Ne<\/span><\/li>\n<li class=\"product-prop line-limit-length\"><span class=\"property-title\">Ekranas:\u00a0<\/span><span class=\"property-desc line-limit-length\">Ja<\/span><\/li>\n<li class=\"product-prop line-limit-length\"><span class=\"property-title\">Tipas:\u00a0<\/span><span class=\"property-desc line-limit-length\">Elektroninis modas<\/span><\/li>\n<li class=\"product-prop line-limit-length\"><span class=\"property-title\">Prek\u0117s \u017eenklas:\u00a0<\/span><span class=\"property-desc line-limit-length\">GEEKVAPE<\/span><\/li>\n<li class=\"product-prop line-limit-length\"><span class=\"property-title\">Kilm\u0117s \u0161alis:\u00a0<\/span><span class=\"property-desc line-limit-length\">CN (Kilm\u0117)<\/span><\/li>\n<\/ul>\n<\/div>\n<div class=\"detailmodule_html\">\n<div class=\"detail-desc-decorate-richtext\">\n<div class=\"detailmodule_dynamic\"><\/div>\n<div><\/div>\n<div><span id=\"tl_1\" style=\"font-size: 22px; font-family: arial, helvetica, sans-serif;\">Geekvape Wenax Q pod rinkinys 1000mAh baterija 25W vape 2ml vir\u0161utin\u0117 u\u017epildymo sistema elektronin\u0117 cigaret\u0117 MTL RDL vape ra\u0161iklis<\/span><\/div>\n<div><\/div>\n<p><span id=\"tl_2\" style=\"font-size: 18px; font-family: arial, helvetica, sans-serif;\">Apra\u0161ymas:<\/span><\/p>\n<p><span id=\"tl_3\" style=\"font-size: 18px; font-family: arial, helvetica, sans-serif;\">Wenax q rinkinys yra su 1000mAh baterija ir geekvape q talpykla i\u0161 2 ml. Jums lengva nupl\u0117\u0161ti la\u0161intuvo galiuk\u0105 ir u\u017epildyti elektronin\u012f skyst\u012f. Jis ne tik suteikia tiksli\u0105 oro srauto valdym\u0105, kad b\u016bt\u0173 galima sukurti skirtingas debes\u0173 formas, bet ir tiksl\u0173 i\u0161\u0117jimo valdym\u0105, siekiant \u0161veln\u0173 skon\u012f arba intensyv\u0173 gerkl\u0117s sm\u016bg\u012f. Be to, jis yra paprastas ir lengvas naudoti su i\u0161maniuoju re\u017eimu. HD ekranas prid\u0117tas, kad parodyt\u0173 jums detales. Geekvape wenax q rinkinys gali pasi\u016blyti MTL ir ribot\u0105 DTL vaping patogumui. Wenax q rinkinys naudoja naujausi\u0105 VPU technologij\u0105, kuri suteikia \u0161velnesn\u012f skon\u012f, ilgesn\u012f naudojimo laik\u0105 ir saugesn\u012f vaping patirt\u012f.<\/span><\/p>\n<p>&nbsp;<\/p>\n<p><span id=\"tl_4\" style=\"font-size: 18px; font-family: arial, helvetica, sans-serif;\">Parametrai:<\/span><\/p>\n<p><span id=\"tl_5\" style=\"font-size: 18px; font-family: arial, helvetica, sans-serif;\">Prek\u0117s \u017eenklas: geekvape<\/span><\/p>\n<p><span id=\"tl_6\" style=\"font-size: 18px; font-family: arial, helvetica, sans-serif;\">Produkto pavadinimas: wenax q rinkinys<\/span><\/p>\n<p><span id=\"tl_7\" style=\"font-size: 18px; font-family: arial, helvetica, sans-serif;\">Galia: 5-25w<\/span><\/p>\n<p><span id=\"tl_8\" style=\"font-size: 18px; font-family: arial, helvetica, sans-serif;\">Talpa: 2ml<\/span><\/p>\n<p><span id=\"tl_9\" style=\"font-size: 18px; font-family: arial, helvetica, sans-serif;\">Vamzdeli\u0173 var\u017ea: 0,6 Ohm \/ 1,2 Ohm<\/span><\/p>\n<p><span id=\"tl_10\" style=\"font-size: 18px; font-family: arial, helvetica, sans-serif;\">Baterijos talpa: 1000mah<\/span><\/p>\n<p><span id=\"tl_11\" style=\"font-size: 18px; font-family: arial, helvetica, sans-serif;\">\u012ekrovimo jungtis: Typ-c<\/span><\/p>\n<p><span id=\"tl_12\" style=\"font-size: 18px; font-family: arial, helvetica, sans-serif;\">Ekranas: HD OLED ekranas ir LED indikatorius ant mygtuko<\/span><\/p>\n<p><span id=\"tl_13\" style=\"font-size: 18px; font-family: arial, helvetica, sans-serif;\">Baterijos b\u016bsenos instrukcijos: raudona \u0161viesa (70%)<\/span><\/p>\n<p><span id=\"tl_14\" style=\"font-size: 18px; font-family: arial, helvetica, sans-serif;\">Darbo temperat\u016bra: ~ 60 \u2103<\/span><\/p>\n<p><span id=\"tl_15\" style=\"font-size: 18px; font-family: arial, helvetica, sans-serif;\">U\u017epildymo tipas: vir\u0161utinis u\u017epildymas<\/span><\/p>\n<p><span id=\"tl_16\" style=\"font-size: 18px; font-family: arial, helvetica, sans-serif;\">Spalva: Kobalto m\u0117lyna, Ro\u017ein\u0117, Sakura ro\u017ein\u0117, Violeta gradientas, Saul\u0117lyd\u017eio geltona, Turkio \u017ealia, Tamsus gradientas, Juoda<\/span><\/p>\n<p>&nbsp;<\/p>\n<p><span id=\"tl_17\" style=\"font-size: 18px; font-family: arial, helvetica, sans-serif;\">I\u0161samiai:<\/span><\/p>\n<p><span id=\"tl_18\" style=\"font-size: 18px; font-family: arial, helvetica, sans-serif;\">1. suderinamas su geekvape q talpykla<\/span><\/p>\n<p><span id=\"tl_19\" style=\"font-size: 18px; font-family: arial, helvetica, sans-serif;\">2. tikslios reguliacijos oro srautui ir i\u0161\u0117jimui<\/span><\/p>\n<p><span id=\"tl_20\" style=\"font-size: 18px; font-family: arial, helvetica, sans-serif;\">3. maksimalus na\u0161umas 25W, auk\u0161\u010diausios kokyb\u0117s u\u017epildymas<\/span><\/p>\n<p><span id=\"tl_21\" style=\"font-size: 18px; font-family: arial, helvetica, sans-serif;\">4. HD OLED ekranas<\/span><\/p>\n<p><span id=\"tl_22\" style=\"font-size: 18px; font-family: arial, helvetica, sans-serif;\">5. 1000mAh baterija, stabili galia<\/span><\/p>\n<p><span id=\"tl_23\" style=\"font-size: 18px; font-family: arial, helvetica, sans-serif;\">6. vaikams saugus dizainas<\/span><\/p>\n<p><span id=\"tl_24\" style=\"font-size: 18px; font-family: arial, helvetica, sans-serif;\">7. palaikymas m\u0117nesinio ir riboto RDL vapingo<\/span><\/p>\n<p><span id=\"tl_25\" style=\"font-size: 18px; font-family: arial, helvetica, sans-serif;\">8. tvirtas korpusas, blizgantis i\u0161vaizda<\/span><\/p>\n<p><span id=\"tl_26\" style=\"font-size: 18px; font-family: arial, helvetica, sans-serif;\">9. VPU technologija: \u0161velnesnis skonis, ilgesnis naudojimo laikas, saugus vape<\/span><\/p>\n<p>&nbsp;<\/p>\n<p><span id=\"tl_27\" style=\"font-size: 18px; font-family: arial, helvetica, sans-serif;\">Wenax Q pod rinkinio pakuot\u0117 apima:<\/span><\/p>\n<p><span id=\"tl_28\" style=\"font-size: 18px; font-family: arial, helvetica, sans-serif;\">1 * geekvape wenax q \u012frenginys<\/span><\/p>\n<p><span id=\"tl_29\" style=\"font-size: 18px; font-family: arial, helvetica, sans-serif;\">1 * Geekvape Q talpykla 2ml 0,6 Ohm<\/span><\/p>\n<p><span id=\"tl_30\" style=\"font-size: 18px; font-family: arial, helvetica, sans-serif;\">1 * Geekvape Q talpykla 2ml 1,2 Ohm<\/span><\/p>\n<p><span id=\"tl_31\" style=\"font-size: 18px; font-family: arial, helvetica, sans-serif;\">1 * USB-C laidas<\/span><\/p>\n<p>&nbsp;<\/p>\n<p><img decoding=\"async\" loading=\"lazy\" src=\"https:\/\/ae01.alicdn.com\/kf\/S0f35172d2b8d4383b89c53ef42c740b57.jpg\" \/><img decoding=\"async\" loading=\"lazy\" src=\"https:\/\/ae01.alicdn.com\/kf\/S66385c6823984ad3826809194051885fs.jpg\" \/><img decoding=\"async\" loading=\"lazy\" src=\"https:\/\/ae01.alicdn.com\/kf\/Sfe20b1543e0741e3a8aed5bf527102b64.jpg\" \/><img decoding=\"async\" loading=\"lazy\" src=\"https:\/\/ae01.alicdn.com\/kf\/S062c36c14c5b40bbb9e529f152fc6cafW.jpg\" \/><img decoding=\"async\" loading=\"lazy\" src=\"https:\/\/ae01.alicdn.com\/kf\/S2fdf992c8e0c4ccb8359c61d6beff5b2B.jpg\" \/><img decoding=\"async\" loading=\"lazy\" src=\"https:\/\/ae01.alicdn.com\/kf\/Saee4b05379284bffa78fa39c36a1225fh.jpg\" \/><img decoding=\"async\" loading=\"lazy\" src=\"https:\/\/ae01.alicdn.com\/kf\/S597c0bfd460d4576a872ae0f7112cf9fy.jpg\" \/><img decoding=\"async\" loading=\"lazy\" src=\"https:\/\/ae01.alicdn.com\/kf\/Sf14f4954366243c0af40177a45671f39n.jpg\" \/><img decoding=\"async\" loading=\"lazy\" src=\"https:\/\/ae01.alicdn.com\/kf\/Sc1d354a45dae44829a1669d651b78187h.jpg\" \/><\/p>\n<\/div>\n<\/div>","protected":false},"excerpt":{"rendered":"<p>&nbsp; \u00dcberwachung Funktion Von Rauchen Anzahl:\u00a0Nein Silikon Fall:\u00a0Nein Temperaturregelung:\u00a0Ja Eingebaute Oder Externe Batterie:\u00a0Eingebaute Kurzschlussschutz Funktion:\u00a0Ja \u00dcberhitzungsschutz-funktion:\u00a0Ja Niederspannungsalarmfunktion:\u00a0Ja Zerst\u00e4uber Identifikation Funktion:\u00a0Ja TCR Einstellung Modi:\u00a0Ja Nominale Kapazit\u00e4t:\u00a01000mAh Compatible Model:\u00a0Electronic Cigarette Box Mod Vape Modellnummer:\u00a0GeekVape Wenax Q Pod Kit Usb-ladeger\u00e4t:\u00a0Ja Firmware-upgrade:\u00a0Nein Display:\u00a0Ja Art:\u00a0Elektrische Mod Markenname:\u00a0GEEKVAPE Ursprung:\u00a0CN (Herkunft) Original geekvape wenax q pod kit 1000mah batterie 25w vape 2ml [&hellip;]<\/p>","protected":false},"featured_media":8535,"template":"","meta":{"inline_featured_image":false},"product_cat":[750,737,736,749,76,81],"product_tag":[],"tiered_pricing_type":"fixed","tiered_pricing_fixed_rules":[],"tiered_pricing_percentage_rules":[],"tiered_pricing_minimum":1,"_administrator_tiered_pricing_type":"fixed","_administrator_tiered_pricing_fixed_rules":[],"_editor_tiered_pricing_type":"fixed","_editor_tiered_pricing_fixed_rules":[],"_author_tiered_pricing_type":"fixed","_author_tiered_pricing_fixed_rules":[],"_contributor_tiered_pricing_type":"fixed","_contributor_tiered_pricing_fixed_rules":[],"_subscriber_tiered_pricing_type":"fixed","_subscriber_tiered_pricing_fixed_rules":[],"_customer_tiered_pricing_type":"fixed","_customer_tiered_pricing_fixed_rules":[],"_shop_manager_tiered_pricing_type":"fixed","_shop_manager_tiered_pricing_fixed_rules":[],"_wpseo_manager_tiered_pricing_type":"fixed","_wpseo_manager_tiered_pricing_fixed_rules":[],"_wpseo_editor_tiered_pricing_type":"fixed","_wpseo_editor_tiered_pricing_fixed_rules":[],"_wholesale_customer_tiered_pricing_type":"fixed","_wholesale_customer_tiered_pricing_fixed_rules":[],"_marketer_tiered_pricing_type":"fixed","_marketer_tiered_pricing_fixed_rules":[],"_sales_manager_tiered_pricing_type":"fixed","_sales_manager_tiered_pricing_fixed_rules":[],"_sales_rep_tiered_pricing_type":"fixed","_sales_rep_tiered_pricing_fixed_rules":[],"yoast_head":"<!-- This site is optimized with the Yoast SEO plugin v23.3 - https:\/\/yoast.com\/wordpress\/plugins\/seo\/ -->\n<title>Geekvape wenax q pod kit 1000mah batterie 25w vape 2ml top f\u00fcllung vapor izer elektronische zigarette mtl rdl vape pen | ElementVape.de<\/title>\n<meta name=\"description\" content=\"Wir bieten Geekvape wenax q pod kit 1000mah batterie 25w vape 2ml top f\u00fcllung vapor izer elektronische zigarette mtl rdl vape pen , Elementvape.de akzeptieren Gro\u00df-und Einzelhandel Bestellungen.\" \/>\n<meta name=\"robots\" content=\"index, follow, max-snippet:-1, max-image-preview:large, max-video-preview:-1\" \/>\n<link rel=\"canonical\" href=\"https:\/\/www.elementvape.de\/lt\/produkt\/geekvape-wenax-q-pod-kit-1000mah-batterie-25w\/\" \/>\n<meta property=\"og:locale\" content=\"lt_LT\" \/>\n<meta property=\"og:type\" content=\"article\" \/>\n<meta property=\"og:title\" content=\"Geekvape wenax q pod kit 1000mah batterie 25w vape 2ml top f\u00fcllung vapor izer elektronische zigarette mtl rdl vape pen | ElementVape.de\" \/>\n<meta property=\"og:description\" content=\"Wir bieten Geekvape wenax q pod kit 1000mah batterie 25w vape 2ml top f\u00fcllung vapor izer elektronische zigarette mtl rdl vape pen , Elementvape.de akzeptieren Gro\u00df-und Einzelhandel Bestellungen.\" \/>\n<meta property=\"og:url\" content=\"https:\/\/www.elementvape.de\/lt\/produkt\/geekvape-wenax-q-pod-kit-1000mah-batterie-25w\/\" \/>\n<meta property=\"og:site_name\" content=\"ElementVape.de\" \/>\n<meta property=\"article:modified_time\" content=\"2024-12-12T06:36:56+00:00\" \/>\n<meta property=\"og:image\" content=\"https:\/\/ae01.alicdn.com\/kf\/S60babee1543440dc98062f0cb3c7b75fQ\/Original-geekvape-wenax-q-pod-kit-1000mah-batterie-25w-vape-2ml-top-f-llung-vapor-izer.jpg\" \/>\n\t<meta property=\"og:image:width\" content=\"800\" \/>\n\t<meta property=\"og:image:height\" content=\"800\" \/>\n\t<meta property=\"og:image:type\" content=\"image\/jpeg\" \/>\n<meta name=\"twitter:card\" content=\"summary_large_image\" \/>\n<meta name=\"twitter:label1\" content=\"Est. reading time\" \/>\n\t<meta name=\"twitter:data1\" content=\"4 minut\u0117s\" \/>\n<script type=\"application\/ld+json\" class=\"yoast-schema-graph\">{\"@context\":\"https:\/\/schema.org\",\"@graph\":[{\"@type\":\"WebPage\",\"@id\":\"https:\/\/www.elementvape.de\/produkt\/geekvape-wenax-q-pod-kit-1000mah-batterie-25w\/\",\"url\":\"https:\/\/www.elementvape.de\/produkt\/geekvape-wenax-q-pod-kit-1000mah-batterie-25w\/\",\"name\":\"Geekvape wenax q pod kit 1000mah batterie 25w vape 2ml top f\u00fcllung vapor izer elektronische zigarette mtl rdl vape pen | ElementVape.de\",\"isPartOf\":{\"@id\":\"https:\/\/www.elementvape.de\/#website\"},\"primaryImageOfPage\":{\"@id\":\"https:\/\/www.elementvape.de\/produkt\/geekvape-wenax-q-pod-kit-1000mah-batterie-25w\/#primaryimage\"},\"image\":{\"@id\":\"https:\/\/www.elementvape.de\/produkt\/geekvape-wenax-q-pod-kit-1000mah-batterie-25w\/#primaryimage\"},\"thumbnailUrl\":\"https:\/\/ae01.alicdn.com\/kf\/S60babee1543440dc98062f0cb3c7b75fQ\/Original-geekvape-wenax-q-pod-kit-1000mah-batterie-25w-vape-2ml-top-f-llung-vapor-izer.jpg\",\"datePublished\":\"2024-04-20T06:38:29+00:00\",\"dateModified\":\"2024-12-12T06:36:56+00:00\",\"description\":\"Wir bieten Geekvape wenax q pod kit 1000mah batterie 25w vape 2ml top f\u00fcllung vapor izer elektronische zigarette mtl rdl vape pen , Elementvape.de akzeptieren Gro\u00df-und Einzelhandel Bestellungen.\",\"breadcrumb\":{\"@id\":\"https:\/\/www.elementvape.de\/produkt\/geekvape-wenax-q-pod-kit-1000mah-batterie-25w\/#breadcrumb\"},\"inLanguage\":\"lt-LT\",\"potentialAction\":[{\"@type\":\"ReadAction\",\"target\":[\"https:\/\/www.elementvape.de\/produkt\/geekvape-wenax-q-pod-kit-1000mah-batterie-25w\/\"]}]},{\"@type\":\"ImageObject\",\"inLanguage\":\"lt-LT\",\"@id\":\"https:\/\/www.elementvape.de\/produkt\/geekvape-wenax-q-pod-kit-1000mah-batterie-25w\/#primaryimage\",\"url\":\"https:\/\/ae01.alicdn.com\/kf\/S60babee1543440dc98062f0cb3c7b75fQ\/Original-geekvape-wenax-q-pod-kit-1000mah-batterie-25w-vape-2ml-top-f-llung-vapor-izer.jpg\",\"contentUrl\":\"https:\/\/ae01.alicdn.com\/kf\/S60babee1543440dc98062f0cb3c7b75fQ\/Original-geekvape-wenax-q-pod-kit-1000mah-batterie-25w-vape-2ml-top-f-llung-vapor-izer.jpg\",\"width\":800,\"height\":800},{\"@type\":\"BreadcrumbList\",\"@id\":\"https:\/\/www.elementvape.de\/produkt\/geekvape-wenax-q-pod-kit-1000mah-batterie-25w\/#breadcrumb\",\"itemListElement\":[{\"@type\":\"ListItem\",\"position\":1,\"name\":\"Home\",\"item\":\"https:\/\/www.elementvape.de\/\"},{\"@type\":\"ListItem\",\"position\":2,\"name\":\"Shop\",\"item\":\"https:\/\/www.elementvape.de\/shop\/\"},{\"@type\":\"ListItem\",\"position\":3,\"name\":\"Geekvape wenax q pod kit 1000mah batterie 25w vape 2ml top f\u00fcllung vapor izer elektronische zigarette mtl rdl vape pen\"}]},{\"@type\":\"WebSite\",\"@id\":\"https:\/\/www.elementvape.de\/#website\",\"url\":\"https:\/\/www.elementvape.de\/\",\"name\":\"ElementVape.de\",\"description\":\"\",\"publisher\":{\"@id\":\"https:\/\/www.elementvape.de\/#organization\"},\"potentialAction\":[{\"@type\":\"SearchAction\",\"target\":{\"@type\":\"EntryPoint\",\"urlTemplate\":\"https:\/\/www.elementvape.de\/?s={search_term_string}\"},\"query-input\":\"required name=search_term_string\"}],\"inLanguage\":\"lt-LT\"},{\"@type\":\"Organization\",\"@id\":\"https:\/\/www.elementvape.de\/#organization\",\"name\":\"ElementVape.DE\",\"url\":\"https:\/\/www.elementvape.de\/\",\"logo\":{\"@type\":\"ImageObject\",\"inLanguage\":\"lt-LT\",\"@id\":\"https:\/\/www.elementvape.de\/#\/schema\/logo\/image\/\",\"url\":\"https:\/\/www.elementvape.de\/wp-content\/uploads\/2024\/09\/cropped-1elementvape-3.png\",\"contentUrl\":\"https:\/\/www.elementvape.de\/wp-content\/uploads\/2024\/09\/cropped-1elementvape-3.png\",\"width\":285,\"height\":228,\"caption\":\"ElementVape.DE\"},\"image\":{\"@id\":\"https:\/\/www.elementvape.de\/#\/schema\/logo\/image\/\"}}]}<\/script>\n<!-- \/ Yoast SEO plugin. -->","yoast_head_json":{"title":"Geekvape wenax q pod kit 1000mah batterie 25w vape 2ml top f\u00fcllung vapor izer elektronische zigarette mtl rdl vape pen | ElementVape.de","description":"Wir bieten Geekvape wenax q pod kit 1000mah batterie 25w vape 2ml top f\u00fcllung vapor izer elektronische zigarette mtl rdl vape pen , Elementvape.de akzeptieren Gro\u00df-und Einzelhandel Bestellungen.","robots":{"index":"index","follow":"follow","max-snippet":"max-snippet:-1","max-image-preview":"max-image-preview:large","max-video-preview":"max-video-preview:-1"},"canonical":"https:\/\/www.elementvape.de\/lt\/produkt\/geekvape-wenax-q-pod-kit-1000mah-batterie-25w\/","og_locale":"lt_LT","og_type":"article","og_title":"Geekvape wenax q pod kit 1000mah batterie 25w vape 2ml top f\u00fcllung vapor izer elektronische zigarette mtl rdl vape pen | ElementVape.de","og_description":"Wir bieten Geekvape wenax q pod kit 1000mah batterie 25w vape 2ml top f\u00fcllung vapor izer elektronische zigarette mtl rdl vape pen , Elementvape.de akzeptieren Gro\u00df-und Einzelhandel Bestellungen.","og_url":"https:\/\/www.elementvape.de\/lt\/produkt\/geekvape-wenax-q-pod-kit-1000mah-batterie-25w\/","og_site_name":"ElementVape.de","article_modified_time":"2024-12-12T06:36:56+00:00","og_image":[{"width":800,"height":800,"url":"https:\/\/ae01.alicdn.com\/kf\/S60babee1543440dc98062f0cb3c7b75fQ\/Original-geekvape-wenax-q-pod-kit-1000mah-batterie-25w-vape-2ml-top-f-llung-vapor-izer.jpg","type":"image\/jpeg"}],"twitter_card":"summary_large_image","twitter_misc":{"Est. reading time":"4 minut\u0117s"},"schema":{"@context":"https:\/\/schema.org","@graph":[{"@type":"WebPage","@id":"https:\/\/www.elementvape.de\/produkt\/geekvape-wenax-q-pod-kit-1000mah-batterie-25w\/","url":"https:\/\/www.elementvape.de\/produkt\/geekvape-wenax-q-pod-kit-1000mah-batterie-25w\/","name":"Geekvape wenax q pod kit 1000mah batterie 25w vape 2ml top f\u00fcllung vapor izer elektronische zigarette mtl rdl vape pen | ElementVape.de","isPartOf":{"@id":"https:\/\/www.elementvape.de\/#website"},"primaryImageOfPage":{"@id":"https:\/\/www.elementvape.de\/produkt\/geekvape-wenax-q-pod-kit-1000mah-batterie-25w\/#primaryimage"},"image":{"@id":"https:\/\/www.elementvape.de\/produkt\/geekvape-wenax-q-pod-kit-1000mah-batterie-25w\/#primaryimage"},"thumbnailUrl":"https:\/\/ae01.alicdn.com\/kf\/S60babee1543440dc98062f0cb3c7b75fQ\/Original-geekvape-wenax-q-pod-kit-1000mah-batterie-25w-vape-2ml-top-f-llung-vapor-izer.jpg","datePublished":"2024-04-20T06:38:29+00:00","dateModified":"2024-12-12T06:36:56+00:00","description":"Wir bieten Geekvape wenax q pod kit 1000mah batterie 25w vape 2ml top f\u00fcllung vapor izer elektronische zigarette mtl rdl vape pen , Elementvape.de akzeptieren Gro\u00df-und Einzelhandel Bestellungen.","breadcrumb":{"@id":"https:\/\/www.elementvape.de\/produkt\/geekvape-wenax-q-pod-kit-1000mah-batterie-25w\/#breadcrumb"},"inLanguage":"lt-LT","potentialAction":[{"@type":"ReadAction","target":["https:\/\/www.elementvape.de\/produkt\/geekvape-wenax-q-pod-kit-1000mah-batterie-25w\/"]}]},{"@type":"ImageObject","inLanguage":"lt-LT","@id":"https:\/\/www.elementvape.de\/produkt\/geekvape-wenax-q-pod-kit-1000mah-batterie-25w\/#primaryimage","url":"https:\/\/ae01.alicdn.com\/kf\/S60babee1543440dc98062f0cb3c7b75fQ\/Original-geekvape-wenax-q-pod-kit-1000mah-batterie-25w-vape-2ml-top-f-llung-vapor-izer.jpg","contentUrl":"https:\/\/ae01.alicdn.com\/kf\/S60babee1543440dc98062f0cb3c7b75fQ\/Original-geekvape-wenax-q-pod-kit-1000mah-batterie-25w-vape-2ml-top-f-llung-vapor-izer.jpg","width":800,"height":800},{"@type":"BreadcrumbList","@id":"https:\/\/www.elementvape.de\/produkt\/geekvape-wenax-q-pod-kit-1000mah-batterie-25w\/#breadcrumb","itemListElement":[{"@type":"ListItem","position":1,"name":"Home","item":"https:\/\/www.elementvape.de\/"},{"@type":"ListItem","position":2,"name":"Shop","item":"https:\/\/www.elementvape.de\/shop\/"},{"@type":"ListItem","position":3,"name":"Geekvape wenax q pod kit 1000mah batterie 25w vape 2ml top f\u00fcllung vapor izer elektronische zigarette mtl rdl vape pen"}]},{"@type":"WebSite","@id":"https:\/\/www.elementvape.de\/#website","url":"https:\/\/www.elementvape.de\/","name":"ElementVape.de","description":"","publisher":{"@id":"https:\/\/www.elementvape.de\/#organization"},"potentialAction":[{"@type":"SearchAction","target":{"@type":"EntryPoint","urlTemplate":"https:\/\/www.elementvape.de\/?s={search_term_string}"},"query-input":"required name=search_term_string"}],"inLanguage":"lt-LT"},{"@type":"Organization","@id":"https:\/\/www.elementvape.de\/#organization","name":"ElementVape.DE","url":"https:\/\/www.elementvape.de\/","logo":{"@type":"ImageObject","inLanguage":"lt-LT","@id":"https:\/\/www.elementvape.de\/#\/schema\/logo\/image\/","url":"https:\/\/www.elementvape.de\/wp-content\/uploads\/2024\/09\/cropped-1elementvape-3.png","contentUrl":"https:\/\/www.elementvape.de\/wp-content\/uploads\/2024\/09\/cropped-1elementvape-3.png","width":285,"height":228,"caption":"ElementVape.DE"},"image":{"@id":"https:\/\/www.elementvape.de\/#\/schema\/logo\/image\/"}}]}},"_links":{"self":[{"href":"https:\/\/www.elementvape.de\/lt\/wp-json\/wp\/v2\/product\/8534"}],"collection":[{"href":"https:\/\/www.elementvape.de\/lt\/wp-json\/wp\/v2\/product"}],"about":[{"href":"https:\/\/www.elementvape.de\/lt\/wp-json\/wp\/v2\/types\/product"}],"wp:featuredmedia":[{"embeddable":true,"href":"https:\/\/www.elementvape.de\/lt\/wp-json\/wp\/v2\/media\/8535"}],"wp:attachment":[{"href":"https:\/\/www.elementvape.de\/lt\/wp-json\/wp\/v2\/media?parent=8534"}],"wp:term":[{"taxonomy":"product_cat","embeddable":true,"href":"https:\/\/www.elementvape.de\/lt\/wp-json\/wp\/v2\/product_cat?post=8534"},{"taxonomy":"product_tag","embeddable":true,"href":"https:\/\/www.elementvape.de\/lt\/wp-json\/wp\/v2\/product_tag?post=8534"}],"curies":[{"name":"wp","href":"https:\/\/api.w.org\/{rel}","templated":true}]}}