{"id":8437,"date":"2024-04-20T06:30:45","date_gmt":"2024-04-20T06:30:45","guid":{"rendered":"https:\/\/www.elementvape.de\/?post_type=product&#038;p=8437"},"modified":"2024-12-12T06:37:09","modified_gmt":"2024-12-12T06:37:09","slug":"vapor-esso-eco-nano-kit-vape-1000mah","status":"publish","type":"product","link":"https:\/\/www.elementvape.de\/lt\/produkt\/vapor-esso-eco-nano-kit-vape-1000mah\/","title":{"rendered":"Vapor Esso Eco Nano Rinkinys Vape 1000mAh Baterija 6ml Pod D\u0117klas 1,2 Ohm MTL Vaporizer Elektronin\u0117 cigaret\u0117"},"content":{"rendered":"<p>&nbsp;<\/p>\n<div class=\"product-specs-list-container\">\n<ul class=\"product-specs-list util-clearfix\">\n<li class=\"product-prop line-limit-length\"><span class=\"property-title\">I\u0161vaizda:\u00a0<\/span><span class=\"property-desc line-limit-length\">D\u0117\u017eut\u0117s forma<\/span><\/li>\n<li class=\"product-prop line-limit-length\"><span class=\"property-title\">Suderinama baterija:\u00a0<\/span><span class=\"property-desc line-limit-length\">N\u0117ra<\/span><\/li>\n<li class=\"product-prop line-limit-length\"><span class=\"property-title\">Steb\u0117jimo funkcija nuo r\u016bkymo skai\u010diaus:\u00a0<\/span><span class=\"property-desc line-limit-length\">Ne<\/span><\/li>\n<li class=\"product-prop line-limit-length\"><span class=\"property-title\">Silicone d\u0117klas:\u00a0<\/span><span class=\"property-desc line-limit-length\">Ne<\/span><\/li>\n<li class=\"product-prop line-limit-length\"><span class=\"property-title\">Temperat\u016bros reguliavimas:\u00a0<\/span><span class=\"property-desc line-limit-length\">Ne<\/span><\/li>\n<li class=\"product-prop line-limit-length\"><span class=\"property-title\">\u012emontuota arba i\u0161orin\u0117 baterija:\u00a0<\/span><span class=\"property-desc line-limit-length\">\u012emontuota<\/span><\/li>\n<li class=\"product-prop line-limit-length\"><span class=\"property-title\">Trump\u0173j\u0173 jung\u010di\u0173 apsaugos funkcija:\u00a0<\/span><span class=\"property-desc line-limit-length\">Ja<\/span><\/li>\n<li class=\"product-prop line-limit-length\"><span class=\"property-title\">Perkaitimo apsaugos funkcija:\u00a0<\/span><span class=\"property-desc line-limit-length\">Ja<\/span><\/li>\n<li class=\"product-prop line-limit-length\"><span class=\"property-title\">\u017dem\u0173 \u012ftampos \u012fsp\u0117jimo funkcija:\u00a0<\/span><span class=\"property-desc line-limit-length\">Ja<\/span><\/li>\n<li class=\"product-prop line-limit-length\"><span class=\"property-title\">Pur\u0161kiklio identifikavimo funkcija:\u00a0<\/span><span class=\"property-desc line-limit-length\">Ja<\/span><\/li>\n<li class=\"product-prop line-limit-length\"><span class=\"property-title\">TCR nustatymo re\u017eimai:\u00a0<\/span><span class=\"property-desc line-limit-length\">Ne<\/span><\/li>\n<li class=\"product-prop line-limit-length\"><span class=\"property-title\">Med\u017eiaga:\u00a0<\/span><span class=\"property-desc line-limit-length\">Metalas<\/span><\/li>\n<li class=\"product-prop line-limit-length\"><span class=\"property-title\">Suderinamas modelis:\u00a0<\/span><span class=\"property-desc line-limit-length\">Elektronin\u0117 Cigaret\u0117 Vape<\/span><\/li>\n<li class=\"product-prop line-limit-length\"><span class=\"property-title\">Modelio numeris:\u00a0<\/span><span class=\"property-desc line-limit-length\">Vaporesso ECO Nano Rinkinys<\/span><\/li>\n<li class=\"product-prop line-limit-length\"><span class=\"property-title\">USB \u012fkroviklis:\u00a0<\/span><span class=\"property-desc line-limit-length\">Ja<\/span><\/li>\n<li class=\"product-prop line-limit-length\"><span class=\"property-title\">Programin\u0117s \u012frangos atnaujinimas:\u00a0<\/span><span class=\"property-desc line-limit-length\">Ne<\/span><\/li>\n<li class=\"product-prop line-limit-length\"><span class=\"property-title\">Ekranas:\u00a0<\/span><span class=\"property-desc line-limit-length\">Ne<\/span><\/li>\n<li class=\"product-prop line-limit-length\"><span class=\"property-title\">Tipas:\u00a0<\/span><span class=\"property-desc line-limit-length\">Su Baterija<\/span><\/li>\n<li class=\"product-prop line-limit-length\"><span class=\"property-title\">Prek\u0117s \u017eenklas:\u00a0<\/span><span class=\"property-desc line-limit-length\">vaporesso<\/span><\/li>\n<li class=\"product-prop line-limit-length\"><span class=\"property-title\">Kilm\u0117s \u0161alis:\u00a0<\/span><span class=\"property-desc line-limit-length\">CN (Kilm\u0117)<\/span><\/li>\n<\/ul>\n<\/div>\n<div class=\"detailmodule_html\">\n<div class=\"detail-desc-decorate-richtext\">\n<div class=\"detailmodule_text\">\n<p id=\"tl_1\" class=\"detail-desc-decorate-title\" style=\"font-family: OpenSans; font-size: 20px; font-weight: 900; line-height: 28px; margin-bottom: 12px;\">Originalus Vapor esso Eco Nano Rinkinys Vape 1000mAh Baterija 6ml Pod Patrone 1,2 Ohm Mtl Vaporizeris elektronin\u0117 cigaret\u0117<\/p>\n<p id=\"tl_2\" class=\"detail-desc-decorate-content\" style=\"font-family: OpenSans; font-size: 14px; font-weight: 300; line-height: 20px; margin-bottom: 12px;\">Vapor esso eco nano rinkinys sujungia stili\u0173 ir kompakti\u0161kum\u0105, 1000mAh vidin\u0117 baterija ir 6ml tu\u0161\u010dia talpa yra tikrai tvari. Pasirinkimas tarp 0,8 Ohm ir 1,2 Ohm var\u017e\u0173 puikiai veikia nuostabiam skonio pristatymui. U\u017epildymas i\u0161 apa\u010dios, magnetinis jungtis u\u017etikrina lengv\u0105 pod tvirtinim\u0105, likite informuoti apie baterijos rodikl\u012f, kad niekada nesusidurtum\u0117te su netik\u0117tais netik\u0117tumais. Su d\u0117\u017eut\u0117s formos dizainu patogiai telpa \u012f deln\u0105.<\/p>\n<\/div>\n<div class=\"detailmodule_text\">\n<p id=\"tl_3\" class=\"detail-desc-decorate-title\" style=\"font-family: OpenSans; font-size: 20px; font-weight: 900; line-height: 28px; margin-bottom: 12px;\">Specifikacija:<\/p>\n<p id=\"tl_4\" class=\"detail-desc-decorate-content\" style=\"font-family: OpenSans; font-size: 14px; font-weight: 300; line-height: 20px; margin-bottom: 12px;\">\u2022 Matmenys: 44.7*18*77mm<br \/>\n\u2022 Pod tu\u0161\u010dia talpa: 6ml<br \/>\n\u2022 Pod var\u017ea: 0,8 Ohm\/1,2 Ohm<br \/>\n\u2022 Baterijos talpa: 1000mAh<br \/>\n\u2022 \u012ekrovimas: Tipo-C, 1A<br \/>\n\u2022 Sss technologija<br \/>\n\u2022 Corex \u0161ildymo technologija<br \/>\n\u2022 Ekologi\u0161ka pakuot\u0117<br \/>\n\u2022 Palaiko iki 13000 \u012fkv\u0117pim\u0173 su vienu podu<br \/>\n\u2022 Magnetinis jungtis<br \/>\n\u2022 Baterijos rodiklis<br \/>\n\u2022 Apatinis u\u017epildymo sistema<\/p>\n<\/div>\n<div class=\"detailmodule_text\">\n<p id=\"tl_5\" class=\"detail-desc-decorate-title\" style=\"font-family: OpenSans; font-size: 20px; font-weight: 900; line-height: 28px; margin-bottom: 12px;\">I\u0161samiai:<\/p>\n<p id=\"tl_6\" class=\"detail-desc-decorate-content\" style=\"font-family: OpenSans; font-size: 14px; font-weight: 300; line-height: 20px; margin-bottom: 12px;\">1. galutinis m\u0117nesinis pod sistema, geriausia pradedantiesiems<br \/>\n2. 6ml ilgaam\u017e\u0117 tu\u0161\u010dia pod talpa<br \/>\n3. 1000mah ilgaam\u017e\u0117 baterijos talpa<br \/>\n4. sss technologija, corex \u0161ildymo technologija<br \/>\n5. aplinkai draugi\u0161ka pakuot\u0117<br \/>\n6. Gyvybingumas ne\u0161iojamame dizaine<\/p>\n<\/div>\n<div class=\"detailmodule_text\">\n<p id=\"tl_7\" class=\"detail-desc-decorate-title\" style=\"font-family: OpenSans; font-size: 20px; font-weight: 900; line-height: 28px; margin-bottom: 12px;\">Pakuot\u0117je yra:<\/p>\n<p id=\"tl_8\" class=\"detail-desc-decorate-content\" style=\"font-family: OpenSans; font-size: 14px; font-weight: 300; line-height: 20px; margin-bottom: 12px;\">1 * vapor esso eco nano baterija<br \/>\n1 * Vapor esso eco nano 0,8 Ohm podas 6ml<br \/>\n1 * Vartotojo vadovas<\/p>\n<\/div>\n<div class=\"detailmodule_image\"><img decoding=\"async\" loading=\"lazy\" class=\"detail-desc-decorate-image\" src=\"https:\/\/ae01.alicdn.com\/kf\/S5a362be8b59242bbbc3bbd2a61fe0977L.jpg\" \/><br \/>\n<img decoding=\"async\" loading=\"lazy\" class=\"detail-desc-decorate-image\" src=\"https:\/\/ae01.alicdn.com\/kf\/Sdeedc3b8dfb54f2baeead2f718ef2c0fJ.jpg\" \/><br \/>\n<img decoding=\"async\" loading=\"lazy\" class=\"detail-desc-decorate-image\" src=\"https:\/\/ae01.alicdn.com\/kf\/Sb120f18a9a8f47c99c78f33975236f5af.jpg\" \/><br \/>\n<img decoding=\"async\" loading=\"lazy\" class=\"detail-desc-decorate-image\" src=\"https:\/\/ae01.alicdn.com\/kf\/Sfe73014aa07f42439fd34e2569570503j.jpg\" \/><br \/>\n<img decoding=\"async\" loading=\"lazy\" class=\"detail-desc-decorate-image\" src=\"https:\/\/ae01.alicdn.com\/kf\/Sf0310cbee5274e909df1cee9426b119cE.jpg\" \/><br \/>\n<img decoding=\"async\" loading=\"lazy\" class=\"detail-desc-decorate-image\" src=\"https:\/\/ae01.alicdn.com\/kf\/S088438fc09f04a589c42bab5aee398c8o.jpg\" \/><br \/>\n<img decoding=\"async\" loading=\"lazy\" class=\"detail-desc-decorate-image\" src=\"https:\/\/ae01.alicdn.com\/kf\/S0508565d78f24987b1f02b27ca4d549di.jpg\" \/><br \/>\n<img decoding=\"async\" loading=\"lazy\" class=\"detail-desc-decorate-image\" src=\"https:\/\/ae01.alicdn.com\/kf\/S4877227ffb434e3b9f42860ff18ffb31Z.jpg\" \/><br \/>\n<img decoding=\"async\" loading=\"lazy\" class=\"detail-desc-decorate-image\" src=\"https:\/\/ae01.alicdn.com\/kf\/Sa299a6be726d45fdb2025492f9a04dd2l.jpg\" \/><\/div>\n<p>&nbsp;<\/p>\n<\/div>\n<\/div>","protected":false},"excerpt":{"rendered":"<p>&nbsp; Aussehen:\u00a0Box Form Kompatibler Akku:\u00a0Kein \u00dcberwachung Funktion Von Rauchen Anzahl:\u00a0Nein Silikon Fall:\u00a0Nein Temperaturregelung:\u00a0Nein Eingebaute Oder Externe Batterie:\u00a0Eingebaute Kurzschlussschutz Funktion:\u00a0Ja \u00dcberhitzungsschutz-funktion:\u00a0Ja Niederspannungsalarmfunktion:\u00a0Ja Zerst\u00e4uber Identifikation Funktion:\u00a0Ja TCR Einstellung Modi:\u00a0Nein Material:\u00a0Metall Compatible Model:\u00a0Electronic Cigarette Vape Modellnummer:\u00a0Vaporesso ECO Nano Kit Usb-ladeger\u00e4t:\u00a0Ja Firmware-upgrade:\u00a0Nein Display:\u00a0Nein Art:\u00a0Mit Batterie Markenname:\u00a0vaporesso Ursprung:\u00a0CN (Herkunft) Original Vapor esso Eco Nano Kit Vape 1000mAh Batterie 6ml Pod [&hellip;]<\/p>","protected":false},"featured_media":8438,"template":"","meta":{"inline_featured_image":false},"product_cat":[752,756,739,743,76,81],"product_tag":[],"tiered_pricing_type":"fixed","tiered_pricing_fixed_rules":[],"tiered_pricing_percentage_rules":[],"tiered_pricing_minimum":1,"_administrator_tiered_pricing_type":"fixed","_administrator_tiered_pricing_fixed_rules":[],"_editor_tiered_pricing_type":"fixed","_editor_tiered_pricing_fixed_rules":[],"_author_tiered_pricing_type":"fixed","_author_tiered_pricing_fixed_rules":[],"_contributor_tiered_pricing_type":"fixed","_contributor_tiered_pricing_fixed_rules":[],"_subscriber_tiered_pricing_type":"fixed","_subscriber_tiered_pricing_fixed_rules":[],"_customer_tiered_pricing_type":"fixed","_customer_tiered_pricing_fixed_rules":[],"_shop_manager_tiered_pricing_type":"fixed","_shop_manager_tiered_pricing_fixed_rules":[],"_wpseo_manager_tiered_pricing_type":"fixed","_wpseo_manager_tiered_pricing_fixed_rules":[],"_wpseo_editor_tiered_pricing_type":"fixed","_wpseo_editor_tiered_pricing_fixed_rules":[],"_wholesale_customer_tiered_pricing_type":"fixed","_wholesale_customer_tiered_pricing_fixed_rules":[],"_marketer_tiered_pricing_type":"fixed","_marketer_tiered_pricing_fixed_rules":[],"_sales_manager_tiered_pricing_type":"fixed","_sales_manager_tiered_pricing_fixed_rules":[],"_sales_rep_tiered_pricing_type":"fixed","_sales_rep_tiered_pricing_fixed_rules":[],"yoast_head":"<!-- This site is optimized with the Yoast SEO plugin v23.3 - https:\/\/yoast.com\/wordpress\/plugins\/seo\/ -->\n<title>Vapor esso Eco Nano Kit Vape 1000mAh Batterie 6ml Pod Patrone 1,2 Ohm Mtl Vapor izer elektronische Zigarette | ElementVape.de<\/title>\n<meta name=\"description\" content=\"Wir bieten Vapor esso Eco Nano Kit Vape 1000mAh Batterie 6ml Pod Patrone 1,2 Ohm Mtl Vapor izer elektronische Zigarette , Elementvape.de akzeptieren Gro\u00df-und Einzelhandel Bestellungen.\" \/>\n<meta name=\"robots\" content=\"index, follow, max-snippet:-1, max-image-preview:large, max-video-preview:-1\" \/>\n<link rel=\"canonical\" href=\"https:\/\/www.elementvape.de\/lt\/produkt\/vapor-esso-eco-nano-kit-vape-1000mah\/\" \/>\n<meta property=\"og:locale\" content=\"lt_LT\" \/>\n<meta property=\"og:type\" content=\"article\" \/>\n<meta property=\"og:title\" content=\"Vapor esso Eco Nano Kit Vape 1000mAh Batterie 6ml Pod Patrone 1,2 Ohm Mtl Vapor izer elektronische Zigarette | ElementVape.de\" \/>\n<meta property=\"og:description\" content=\"Wir bieten Vapor esso Eco Nano Kit Vape 1000mAh Batterie 6ml Pod Patrone 1,2 Ohm Mtl Vapor izer elektronische Zigarette , Elementvape.de akzeptieren Gro\u00df-und Einzelhandel Bestellungen.\" \/>\n<meta property=\"og:url\" content=\"https:\/\/www.elementvape.de\/lt\/produkt\/vapor-esso-eco-nano-kit-vape-1000mah\/\" \/>\n<meta property=\"og:site_name\" content=\"ElementVape.de\" \/>\n<meta property=\"article:modified_time\" content=\"2024-12-12T06:37:09+00:00\" \/>\n<meta property=\"og:image\" content=\"https:\/\/ae01.alicdn.com\/kf\/Ad960d5991f3a44b699594964a3a4b2b2T\/Original-Vapor-esso-Eco-Nano-Kit-Vape-1000mAh-Batterie-6ml-Pod-Patrone-1-2-Ohm-Mtl.jpg\" \/>\n\t<meta property=\"og:image:width\" content=\"800\" \/>\n\t<meta property=\"og:image:height\" content=\"800\" \/>\n\t<meta property=\"og:image:type\" content=\"image\/jpeg\" \/>\n<meta name=\"twitter:card\" content=\"summary_large_image\" \/>\n<meta name=\"twitter:label1\" content=\"Est. reading time\" \/>\n\t<meta name=\"twitter:data1\" content=\"4 minut\u0117s\" \/>\n<script type=\"application\/ld+json\" class=\"yoast-schema-graph\">{\"@context\":\"https:\/\/schema.org\",\"@graph\":[{\"@type\":\"WebPage\",\"@id\":\"https:\/\/www.elementvape.de\/produkt\/vapor-esso-eco-nano-kit-vape-1000mah\/\",\"url\":\"https:\/\/www.elementvape.de\/produkt\/vapor-esso-eco-nano-kit-vape-1000mah\/\",\"name\":\"Vapor esso Eco Nano Kit Vape 1000mAh Batterie 6ml Pod Patrone 1,2 Ohm Mtl Vapor izer elektronische Zigarette | ElementVape.de\",\"isPartOf\":{\"@id\":\"https:\/\/www.elementvape.de\/#website\"},\"primaryImageOfPage\":{\"@id\":\"https:\/\/www.elementvape.de\/produkt\/vapor-esso-eco-nano-kit-vape-1000mah\/#primaryimage\"},\"image\":{\"@id\":\"https:\/\/www.elementvape.de\/produkt\/vapor-esso-eco-nano-kit-vape-1000mah\/#primaryimage\"},\"thumbnailUrl\":\"https:\/\/ae01.alicdn.com\/kf\/Ad960d5991f3a44b699594964a3a4b2b2T\/Original-Vapor-esso-Eco-Nano-Kit-Vape-1000mAh-Batterie-6ml-Pod-Patrone-1-2-Ohm-Mtl.jpg\",\"datePublished\":\"2024-04-20T06:30:45+00:00\",\"dateModified\":\"2024-12-12T06:37:09+00:00\",\"description\":\"Wir bieten Vapor esso Eco Nano Kit Vape 1000mAh Batterie 6ml Pod Patrone 1,2 Ohm Mtl Vapor izer elektronische Zigarette , Elementvape.de akzeptieren Gro\u00df-und Einzelhandel Bestellungen.\",\"breadcrumb\":{\"@id\":\"https:\/\/www.elementvape.de\/produkt\/vapor-esso-eco-nano-kit-vape-1000mah\/#breadcrumb\"},\"inLanguage\":\"lt-LT\",\"potentialAction\":[{\"@type\":\"ReadAction\",\"target\":[\"https:\/\/www.elementvape.de\/produkt\/vapor-esso-eco-nano-kit-vape-1000mah\/\"]}]},{\"@type\":\"ImageObject\",\"inLanguage\":\"lt-LT\",\"@id\":\"https:\/\/www.elementvape.de\/produkt\/vapor-esso-eco-nano-kit-vape-1000mah\/#primaryimage\",\"url\":\"https:\/\/ae01.alicdn.com\/kf\/Ad960d5991f3a44b699594964a3a4b2b2T\/Original-Vapor-esso-Eco-Nano-Kit-Vape-1000mAh-Batterie-6ml-Pod-Patrone-1-2-Ohm-Mtl.jpg\",\"contentUrl\":\"https:\/\/ae01.alicdn.com\/kf\/Ad960d5991f3a44b699594964a3a4b2b2T\/Original-Vapor-esso-Eco-Nano-Kit-Vape-1000mAh-Batterie-6ml-Pod-Patrone-1-2-Ohm-Mtl.jpg\",\"width\":800,\"height\":800},{\"@type\":\"BreadcrumbList\",\"@id\":\"https:\/\/www.elementvape.de\/produkt\/vapor-esso-eco-nano-kit-vape-1000mah\/#breadcrumb\",\"itemListElement\":[{\"@type\":\"ListItem\",\"position\":1,\"name\":\"Home\",\"item\":\"https:\/\/www.elementvape.de\/\"},{\"@type\":\"ListItem\",\"position\":2,\"name\":\"Shop\",\"item\":\"https:\/\/www.elementvape.de\/shop\/\"},{\"@type\":\"ListItem\",\"position\":3,\"name\":\"Vapor esso Eco Nano Kit Vape 1000mAh Batterie 6ml Pod Patrone 1,2 Ohm Mtl Vapor izer elektronische Zigarette\"}]},{\"@type\":\"WebSite\",\"@id\":\"https:\/\/www.elementvape.de\/#website\",\"url\":\"https:\/\/www.elementvape.de\/\",\"name\":\"ElementVape.de\",\"description\":\"\",\"publisher\":{\"@id\":\"https:\/\/www.elementvape.de\/#organization\"},\"potentialAction\":[{\"@type\":\"SearchAction\",\"target\":{\"@type\":\"EntryPoint\",\"urlTemplate\":\"https:\/\/www.elementvape.de\/?s={search_term_string}\"},\"query-input\":\"required name=search_term_string\"}],\"inLanguage\":\"lt-LT\"},{\"@type\":\"Organization\",\"@id\":\"https:\/\/www.elementvape.de\/#organization\",\"name\":\"ElementVape.DE\",\"url\":\"https:\/\/www.elementvape.de\/\",\"logo\":{\"@type\":\"ImageObject\",\"inLanguage\":\"lt-LT\",\"@id\":\"https:\/\/www.elementvape.de\/#\/schema\/logo\/image\/\",\"url\":\"https:\/\/www.elementvape.de\/wp-content\/uploads\/2024\/09\/cropped-1elementvape-3.png\",\"contentUrl\":\"https:\/\/www.elementvape.de\/wp-content\/uploads\/2024\/09\/cropped-1elementvape-3.png\",\"width\":285,\"height\":228,\"caption\":\"ElementVape.DE\"},\"image\":{\"@id\":\"https:\/\/www.elementvape.de\/#\/schema\/logo\/image\/\"}}]}<\/script>\n<!-- \/ Yoast SEO plugin. -->","yoast_head_json":{"title":"Vapor esso Eco Nano Kit Vape 1000mAh Batterie 6ml Pod Patrone 1,2 Ohm Mtl Vapor izer elektronische Zigarette | ElementVape.de","description":"Wir bieten Vapor esso Eco Nano Kit Vape 1000mAh Batterie 6ml Pod Patrone 1,2 Ohm Mtl Vapor izer elektronische Zigarette , Elementvape.de akzeptieren Gro\u00df-und Einzelhandel Bestellungen.","robots":{"index":"index","follow":"follow","max-snippet":"max-snippet:-1","max-image-preview":"max-image-preview:large","max-video-preview":"max-video-preview:-1"},"canonical":"https:\/\/www.elementvape.de\/lt\/produkt\/vapor-esso-eco-nano-kit-vape-1000mah\/","og_locale":"lt_LT","og_type":"article","og_title":"Vapor esso Eco Nano Kit Vape 1000mAh Batterie 6ml Pod Patrone 1,2 Ohm Mtl Vapor izer elektronische Zigarette | ElementVape.de","og_description":"Wir bieten Vapor esso Eco Nano Kit Vape 1000mAh Batterie 6ml Pod Patrone 1,2 Ohm Mtl Vapor izer elektronische Zigarette , Elementvape.de akzeptieren Gro\u00df-und Einzelhandel Bestellungen.","og_url":"https:\/\/www.elementvape.de\/lt\/produkt\/vapor-esso-eco-nano-kit-vape-1000mah\/","og_site_name":"ElementVape.de","article_modified_time":"2024-12-12T06:37:09+00:00","og_image":[{"width":800,"height":800,"url":"https:\/\/ae01.alicdn.com\/kf\/Ad960d5991f3a44b699594964a3a4b2b2T\/Original-Vapor-esso-Eco-Nano-Kit-Vape-1000mAh-Batterie-6ml-Pod-Patrone-1-2-Ohm-Mtl.jpg","type":"image\/jpeg"}],"twitter_card":"summary_large_image","twitter_misc":{"Est. reading time":"4 minut\u0117s"},"schema":{"@context":"https:\/\/schema.org","@graph":[{"@type":"WebPage","@id":"https:\/\/www.elementvape.de\/produkt\/vapor-esso-eco-nano-kit-vape-1000mah\/","url":"https:\/\/www.elementvape.de\/produkt\/vapor-esso-eco-nano-kit-vape-1000mah\/","name":"Vapor esso Eco Nano Kit Vape 1000mAh Batterie 6ml Pod Patrone 1,2 Ohm Mtl Vapor izer elektronische Zigarette | ElementVape.de","isPartOf":{"@id":"https:\/\/www.elementvape.de\/#website"},"primaryImageOfPage":{"@id":"https:\/\/www.elementvape.de\/produkt\/vapor-esso-eco-nano-kit-vape-1000mah\/#primaryimage"},"image":{"@id":"https:\/\/www.elementvape.de\/produkt\/vapor-esso-eco-nano-kit-vape-1000mah\/#primaryimage"},"thumbnailUrl":"https:\/\/ae01.alicdn.com\/kf\/Ad960d5991f3a44b699594964a3a4b2b2T\/Original-Vapor-esso-Eco-Nano-Kit-Vape-1000mAh-Batterie-6ml-Pod-Patrone-1-2-Ohm-Mtl.jpg","datePublished":"2024-04-20T06:30:45+00:00","dateModified":"2024-12-12T06:37:09+00:00","description":"Wir bieten Vapor esso Eco Nano Kit Vape 1000mAh Batterie 6ml Pod Patrone 1,2 Ohm Mtl Vapor izer elektronische Zigarette , Elementvape.de akzeptieren Gro\u00df-und Einzelhandel Bestellungen.","breadcrumb":{"@id":"https:\/\/www.elementvape.de\/produkt\/vapor-esso-eco-nano-kit-vape-1000mah\/#breadcrumb"},"inLanguage":"lt-LT","potentialAction":[{"@type":"ReadAction","target":["https:\/\/www.elementvape.de\/produkt\/vapor-esso-eco-nano-kit-vape-1000mah\/"]}]},{"@type":"ImageObject","inLanguage":"lt-LT","@id":"https:\/\/www.elementvape.de\/produkt\/vapor-esso-eco-nano-kit-vape-1000mah\/#primaryimage","url":"https:\/\/ae01.alicdn.com\/kf\/Ad960d5991f3a44b699594964a3a4b2b2T\/Original-Vapor-esso-Eco-Nano-Kit-Vape-1000mAh-Batterie-6ml-Pod-Patrone-1-2-Ohm-Mtl.jpg","contentUrl":"https:\/\/ae01.alicdn.com\/kf\/Ad960d5991f3a44b699594964a3a4b2b2T\/Original-Vapor-esso-Eco-Nano-Kit-Vape-1000mAh-Batterie-6ml-Pod-Patrone-1-2-Ohm-Mtl.jpg","width":800,"height":800},{"@type":"BreadcrumbList","@id":"https:\/\/www.elementvape.de\/produkt\/vapor-esso-eco-nano-kit-vape-1000mah\/#breadcrumb","itemListElement":[{"@type":"ListItem","position":1,"name":"Home","item":"https:\/\/www.elementvape.de\/"},{"@type":"ListItem","position":2,"name":"Shop","item":"https:\/\/www.elementvape.de\/shop\/"},{"@type":"ListItem","position":3,"name":"Vapor esso Eco Nano Kit Vape 1000mAh Batterie 6ml Pod Patrone 1,2 Ohm Mtl Vapor izer elektronische Zigarette"}]},{"@type":"WebSite","@id":"https:\/\/www.elementvape.de\/#website","url":"https:\/\/www.elementvape.de\/","name":"ElementVape.de","description":"","publisher":{"@id":"https:\/\/www.elementvape.de\/#organization"},"potentialAction":[{"@type":"SearchAction","target":{"@type":"EntryPoint","urlTemplate":"https:\/\/www.elementvape.de\/?s={search_term_string}"},"query-input":"required name=search_term_string"}],"inLanguage":"lt-LT"},{"@type":"Organization","@id":"https:\/\/www.elementvape.de\/#organization","name":"ElementVape.DE","url":"https:\/\/www.elementvape.de\/","logo":{"@type":"ImageObject","inLanguage":"lt-LT","@id":"https:\/\/www.elementvape.de\/#\/schema\/logo\/image\/","url":"https:\/\/www.elementvape.de\/wp-content\/uploads\/2024\/09\/cropped-1elementvape-3.png","contentUrl":"https:\/\/www.elementvape.de\/wp-content\/uploads\/2024\/09\/cropped-1elementvape-3.png","width":285,"height":228,"caption":"ElementVape.DE"},"image":{"@id":"https:\/\/www.elementvape.de\/#\/schema\/logo\/image\/"}}]}},"_links":{"self":[{"href":"https:\/\/www.elementvape.de\/lt\/wp-json\/wp\/v2\/product\/8437"}],"collection":[{"href":"https:\/\/www.elementvape.de\/lt\/wp-json\/wp\/v2\/product"}],"about":[{"href":"https:\/\/www.elementvape.de\/lt\/wp-json\/wp\/v2\/types\/product"}],"wp:featuredmedia":[{"embeddable":true,"href":"https:\/\/www.elementvape.de\/lt\/wp-json\/wp\/v2\/media\/8438"}],"wp:attachment":[{"href":"https:\/\/www.elementvape.de\/lt\/wp-json\/wp\/v2\/media?parent=8437"}],"wp:term":[{"taxonomy":"product_cat","embeddable":true,"href":"https:\/\/www.elementvape.de\/lt\/wp-json\/wp\/v2\/product_cat?post=8437"},{"taxonomy":"product_tag","embeddable":true,"href":"https:\/\/www.elementvape.de\/lt\/wp-json\/wp\/v2\/product_tag?post=8437"}],"curies":[{"name":"wp","href":"https:\/\/api.w.org\/{rel}","templated":true}]}}