{"id":8169,"date":"2024-04-20T07:51:56","date_gmt":"2024-04-20T07:51:56","guid":{"rendered":"https:\/\/www.elementvape.de\/?post_type=product&#038;p=8169"},"modified":"2024-09-12T10:32:03","modified_gmt":"2024-09-12T10:32:03","slug":"vaporesso-gen-80s-itank-version-2-kit-80w-box-mod-vape","status":"publish","type":"product","link":"https:\/\/www.elementvape.de\/lt\/produkt\/vaporesso-gen-80s-itank-version-2-kit-80w-box-mod-vape\/","title":{"rendered":"Vaporesso GEN 80S iTank Versija 2 Rinkinys 80W D\u0117\u017eut\u0117s Modas Vape"},"content":{"rendered":"<p>&nbsp;<\/p>\n<div class=\"product-specs-list-container\">\n<ul class=\"product-specs-list util-clearfix\">\n<li class=\"product-prop line-limit-length\"><span class=\"property-title\">I\u0161vaizda:\u00a0<\/span><span class=\"property-desc line-limit-length\">D\u0117\u017eut\u0117s forma<\/span><\/li>\n<li class=\"product-prop line-limit-length\"><span class=\"property-title\">Suderinama baterija:\u00a0<\/span><span class=\"property-desc line-limit-length\">18650<\/span><\/li>\n<li class=\"product-prop line-limit-length\"><span class=\"property-title\">Steb\u0117jimo funkcija nuo r\u016bkymo skai\u010diaus:\u00a0<\/span><span class=\"property-desc line-limit-length\">Ne<\/span><\/li>\n<li class=\"product-prop line-limit-length\"><span class=\"property-title\">Silicone d\u0117klas:\u00a0<\/span><span class=\"property-desc line-limit-length\">Ne<\/span><\/li>\n<li class=\"product-prop line-limit-length\"><span class=\"property-title\">Temperat\u016bros reguliavimas:\u00a0<\/span><span class=\"property-desc line-limit-length\">Ja<\/span><\/li>\n<li class=\"product-prop line-limit-length\"><span class=\"property-title\">\u012emontuota arba i\u0161orin\u0117 baterija:\u00a0<\/span><span class=\"property-desc line-limit-length\">I\u0161orinis<\/span><\/li>\n<li class=\"product-prop line-limit-length\"><span class=\"property-title\">Trump\u0173j\u0173 jung\u010di\u0173 apsaugos funkcija:\u00a0<\/span><span class=\"property-desc line-limit-length\">Ja<\/span><\/li>\n<li class=\"product-prop line-limit-length\"><span class=\"property-title\">Perkaitimo apsaugos funkcija:\u00a0<\/span><span class=\"property-desc line-limit-length\">Ja<\/span><\/li>\n<li class=\"product-prop line-limit-length\"><span class=\"property-title\">\u017dem\u0173 \u012ftampos \u012fsp\u0117jimo funkcija:\u00a0<\/span><span class=\"property-desc line-limit-length\">Ja<\/span><\/li>\n<li class=\"product-prop line-limit-length\"><span class=\"property-title\">Pur\u0161kiklio identifikavimo funkcija:\u00a0<\/span><span class=\"property-desc line-limit-length\">Ja<\/span><\/li>\n<li class=\"product-prop line-limit-length\"><span class=\"property-title\">TCR nustatymo re\u017eimai:\u00a0<\/span><span class=\"property-desc line-limit-length\">Ne<\/span><\/li>\n<li class=\"product-prop line-limit-length\"><span class=\"property-title\">Nominalus talpa:\u00a0<\/span><span class=\"property-desc line-limit-length\">N\u0117ra<\/span><\/li>\n<li class=\"product-prop line-limit-length\"><span class=\"property-title\">Med\u017eiaga:\u00a0<\/span><span class=\"property-desc line-limit-length\">Metalas<\/span><\/li>\n<li class=\"product-prop line-limit-length\"><span class=\"property-title\">Suderinamas modelis:\u00a0<\/span><span class=\"property-desc line-limit-length\">Elektronin\u0117 Cigaret\u0117 Vape<\/span><\/li>\n<li class=\"product-prop line-limit-length\"><span class=\"property-title\">Modelio numeris:\u00a0<\/span><span class=\"property-desc line-limit-length\">Vaporesso GEN 80S iTank 2 leidimo rinkinys<\/span><\/li>\n<li class=\"product-prop line-limit-length\"><span class=\"property-title\">USB \u012fkroviklis:\u00a0<\/span><span class=\"property-desc line-limit-length\">Ja<\/span><\/li>\n<li class=\"product-prop line-limit-length\"><span class=\"property-title\">Programin\u0117s \u012frangos atnaujinimas:\u00a0<\/span><span class=\"property-desc line-limit-length\">Ne<\/span><\/li>\n<li class=\"product-prop line-limit-length\"><span class=\"property-title\">Ekranas:\u00a0<\/span><span class=\"property-desc line-limit-length\">Ja<\/span><\/li>\n<li class=\"product-prop line-limit-length\"><span class=\"property-title\">Tipas:\u00a0<\/span><span class=\"property-desc line-limit-length\">Be baterijos<\/span><\/li>\n<li class=\"product-prop line-limit-length\"><span class=\"property-title\">Prek\u0117s \u017eenklas:\u00a0<\/span><span class=\"property-desc line-limit-length\">vaporesso<\/span><\/li>\n<li class=\"product-prop line-limit-length\"><span class=\"property-title\">Kilm\u0117s \u0161alis:\u00a0<\/span><span class=\"property-desc line-limit-length\">CN (Kilm\u0117)<\/span><\/li>\n<\/ul>\n<\/div>\n<div class=\"detailmodule_html\">\n<div class=\"detail-desc-decorate-richtext\">\n<div class=\"detailmodule_dynamic\"><\/div>\n<div class=\"detailmodule_text\">\n<p id=\"tl_1\" class=\"detail-desc-decorate-title\" style=\"font-family: OpenSans; font-size: 20px; font-weight: 900; line-height: 28px; margin-bottom: 12px;\">Originalus vaporesso gen 80s itank 2 leidimo rinkinys 80w d\u0117\u017eut\u0117s modas vape su itank 2 5ml tu\u0161\u010diu purk\u0161tuvu elektronin\u0117ms cigaret\u0117ms garintuvui<\/p>\n<\/div>\n<div class=\"detailmodule_text\">\n<p id=\"tl_2\" class=\"detail-desc-decorate-title\" style=\"font-family: OpenSans; font-size: 20px; font-weight: 900; line-height: 28px; margin-bottom: 12px;\">Apra\u0161ymas:<\/p>\n<p id=\"tl_3\" class=\"detail-desc-decorate-content\" style=\"font-family: OpenSans; font-size: 14px; font-weight: 300; line-height: 20px; margin-bottom: 12px;\">Gen 80 s itank 2 rinkinys susideda i\u0161 gen 80 s mod CMF versijos ir itank 2. Modas palaiko vien\u0105 i\u0161orin\u0119 18650 baterij\u0105 su maksimaliu 80w galia ir yra ma\u017eiausias ir lengviausias vienos baterijos modas. Itank 2 turi 5ml talp\u0105, paprast\u0105 u\u017epildym\u0105 (paspaudimas ir automatinis atidarymas), nesulaikan\u010dio dizaino ir skys\u010dio savaranki\u0161ko valymo sistem\u0105. Su \u0161erdies \u0161ildymo technologijos dizainu Gen 200 rinkinys Itank 2 leidimo suteikia tiksl\u0173 skon\u012f, kuris i\u0161laiko 50% ilgiau. Jis suderinamas su vaporesso gti rit\u0117s.<\/p>\n<\/div>\n<div class=\"detailmodule_text\">\n<p id=\"tl_4\" class=\"detail-desc-decorate-title\" style=\"font-family: OpenSans; font-size: 20px; font-weight: 900; line-height: 28px; margin-bottom: 12px;\">Parametrai:<\/p>\n<p id=\"tl_5\" class=\"detail-desc-decorate-content\" style=\"font-family: OpenSans; font-size: 14px; font-weight: 300; line-height: 20px; margin-bottom: 12px;\">Prek\u0117: vapor esso<br \/>\nProdukto pavadinimas: gen 80 s rinkinys su itank 2 leidimu<br \/>\nTalpa: 5ml<br \/>\nRit\u0117s var\u017ea: gti 0,2 Ohm tinklelio rit\u0117 (60-75W), gti 0,4 Ohm tinklelio rit\u0117 (50-60W)<br \/>\nBaterija: viena i\u0161orin\u0117 18650 baterija (ne\u012ftraukta \u012f komplektacij\u0105)<br \/>\nI\u0161\u0117jimo galia: 5-80w<br \/>\n\u012ekrovimo srov\u0117 nuolatin\u0117 srov\u0117 5V\/2A, Tipo C.<br \/>\nEkranas: 0,96 colio TFT ekranas<br \/>\nSpalva: juoda, sidabrin\u0117, ruda, m\u0117lyna, dangaus m\u0117lyna, neonin\u0117 oran\u017ein\u0117, neonin\u0117 violetin\u0117<\/p>\n<\/div>\n<div class=\"detailmodule_text\">\n<p id=\"tl_6\" class=\"detail-desc-decorate-title\" style=\"font-family: OpenSans; font-size: 20px; font-weight: 900; line-height: 28px; margin-bottom: 12px;\">I\u0161samiai:<\/p>\n<p id=\"tl_7\" class=\"detail-desc-decorate-content\" style=\"font-family: OpenSans; font-size: 14px; font-weight: 300; line-height: 20px; margin-bottom: 12px;\">1. ma\u017eiausias ir lengviausias vienos baterijos modas<br \/>\n2. atskira i\u0161orin\u0117 18650 baterija su maksimaliu 80W galia<br \/>\n3. 810 la\u0161intuvo antgalis, tankesn\u0117s debesys<br \/>\n4. Paspaudimas ir automatinis u\u017epildymas<br \/>\n5. Tu\u0161\u010dia talpa 5ml<br \/>\n6. corex \u0161ildymo technologija: tikslus skonis, ilgiau i\u0161laikantis 50%<br \/>\n7. Nuot\u0117kio atsparus dizainas<br \/>\n8. skys\u010dio savaranki\u0161ko valymo sistema<\/p>\n<\/div>\n<div class=\"detailmodule_text\">\n<p id=\"tl_8\" class=\"detail-desc-decorate-title\" style=\"font-family: OpenSans; font-size: 20px; font-weight: 900; line-height: 28px; margin-bottom: 12px;\">Pakuot\u0117:<\/p>\n<p id=\"tl_9\" class=\"detail-desc-decorate-content\" style=\"font-family: OpenSans; font-size: 14px; font-weight: 300; line-height: 20px; margin-bottom: 12px;\">1 * vaporesso gen 80 s modas<br \/>\n1 * vaporesso itank 2<br \/>\n1 * gti 0.2\u03a9 tinklelio rit\u0117 (60-75w)<br \/>\n1 * gti 0.4\u03a9 Tinklo rit\u0117 (50-60w)<br \/>\n1 * papildomas stiklo vamzdelis<br \/>\n3 * O-Ringas<br \/>\n1 * Tipo-C laidas<br \/>\n1 * Vartotojo vadovas<br \/>\n1 * Garantijos kortel\u0117<\/p>\n<\/div>\n<div class=\"detailmodule_image\"><img decoding=\"async\" loading=\"lazy\" class=\"detail-desc-decorate-image\" src=\"https:\/\/ae01.alicdn.com\/kf\/Sede468d5a897416da89453e7afb8f52fq.jpg\" \/><\/div>\n<p>&nbsp;<\/p>\n<\/div>\n<\/div>","protected":false},"excerpt":{"rendered":"<p>&nbsp; Aussehen:\u00a0Box Form Kompatibler Akku:\u00a018650 \u00dcberwachung Funktion Von Rauchen Anzahl:\u00a0Nein Silikon Fall:\u00a0Nein Temperaturregelung:\u00a0Ja Eingebaute Oder Externe Batterie:\u00a0External Kurzschlussschutz Funktion:\u00a0Ja \u00dcberhitzungsschutz-funktion:\u00a0Ja Niederspannungsalarmfunktion:\u00a0Ja Zerst\u00e4uber Identifikation Funktion:\u00a0Ja TCR Einstellung Modi:\u00a0Nein Nominale Kapazit\u00e4t:\u00a0Kein Material:\u00a0Metall Compatible Model:\u00a0Electronic Cigarette Vape Modellnummer:\u00a0Vaporesso GEN 80S iTank 2 Edition Kit Usb-ladeger\u00e4t:\u00a0Ja Firmware-upgrade:\u00a0Nein Display:\u00a0Ja Art:\u00a0Ohne Batterie Markenname:\u00a0vaporesso Ursprung:\u00a0CN (Herkunft) Original vapor esso gen 80s itank [&hellip;]<\/p>","protected":false},"featured_media":8171,"template":"","meta":{"inline_featured_image":false},"product_cat":[15,78,750,737,736,749,77],"product_tag":[],"tiered_pricing_type":"fixed","tiered_pricing_fixed_rules":[],"tiered_pricing_percentage_rules":[],"tiered_pricing_minimum":1,"_administrator_tiered_pricing_type":"fixed","_administrator_tiered_pricing_fixed_rules":[],"_editor_tiered_pricing_type":"fixed","_editor_tiered_pricing_fixed_rules":[],"_author_tiered_pricing_type":"fixed","_author_tiered_pricing_fixed_rules":[],"_contributor_tiered_pricing_type":"fixed","_contributor_tiered_pricing_fixed_rules":[],"_subscriber_tiered_pricing_type":"fixed","_subscriber_tiered_pricing_fixed_rules":[],"_customer_tiered_pricing_type":"fixed","_customer_tiered_pricing_fixed_rules":[],"_shop_manager_tiered_pricing_type":"fixed","_shop_manager_tiered_pricing_fixed_rules":[],"_wpseo_manager_tiered_pricing_type":"fixed","_wpseo_manager_tiered_pricing_fixed_rules":[],"_wpseo_editor_tiered_pricing_type":"fixed","_wpseo_editor_tiered_pricing_fixed_rules":[],"_wholesale_customer_tiered_pricing_type":"fixed","_wholesale_customer_tiered_pricing_fixed_rules":[],"_marketer_tiered_pricing_type":"fixed","_marketer_tiered_pricing_fixed_rules":[],"_sales_manager_tiered_pricing_type":"fixed","_sales_manager_tiered_pricing_fixed_rules":[],"_sales_rep_tiered_pricing_type":"fixed","_sales_rep_tiered_pricing_fixed_rules":[],"yoast_head":"<!-- This site is optimized with the Yoast SEO plugin v23.3 - https:\/\/yoast.com\/wordpress\/plugins\/seo\/ -->\n<title>Vaporesso GEN 80S iTank Version 2 Kit 80W Box Mod Vape | ElementVape.de<\/title>\n<meta name=\"description\" content=\"Wir bieten Vaporesso GEN 80S iTank Version 2 Kit 80W Box Mod Vape , Elementvape.de akzeptieren Gro\u00df-und Einzelhandel Bestellungen.\" \/>\n<meta name=\"robots\" content=\"index, follow, max-snippet:-1, max-image-preview:large, max-video-preview:-1\" \/>\n<link rel=\"canonical\" href=\"https:\/\/www.elementvape.de\/lt\/produkt\/vaporesso-gen-80s-itank-version-2-kit-80w-box-mod-vape\/\" \/>\n<meta property=\"og:locale\" content=\"lt_LT\" \/>\n<meta property=\"og:type\" content=\"article\" \/>\n<meta property=\"og:title\" content=\"Vaporesso GEN 80S iTank Version 2 Kit 80W Box Mod Vape | ElementVape.de\" \/>\n<meta property=\"og:description\" content=\"Wir bieten Vaporesso GEN 80S iTank Version 2 Kit 80W Box Mod Vape , Elementvape.de akzeptieren Gro\u00df-und Einzelhandel Bestellungen.\" \/>\n<meta property=\"og:url\" content=\"https:\/\/www.elementvape.de\/lt\/produkt\/vaporesso-gen-80s-itank-version-2-kit-80w-box-mod-vape\/\" \/>\n<meta property=\"og:site_name\" content=\"ElementVape.de\" \/>\n<meta property=\"article:modified_time\" content=\"2024-09-12T10:32:03+00:00\" \/>\n<meta property=\"og:image\" content=\"https:\/\/ae01.alicdn.com\/kf\/S2df47a5d133f4215b5a192948d844e6bZ\/Original-Vaporesso-GEN-80S-iTank-2-Edition-Kit-80W-Box-Mod-Vape-mit-iTank-2-5ml.jpg\" \/>\n\t<meta property=\"og:image:width\" content=\"800\" \/>\n\t<meta property=\"og:image:height\" content=\"800\" \/>\n\t<meta property=\"og:image:type\" content=\"image\/jpeg\" \/>\n<meta name=\"twitter:card\" content=\"summary_large_image\" \/>\n<meta name=\"twitter:label1\" content=\"Est. reading time\" \/>\n\t<meta name=\"twitter:data1\" content=\"3 minut\u0117s\" \/>\n<script type=\"application\/ld+json\" class=\"yoast-schema-graph\">{\"@context\":\"https:\/\/schema.org\",\"@graph\":[{\"@type\":\"WebPage\",\"@id\":\"https:\/\/www.elementvape.de\/sk\/produkt\/vaporesso-gen-80s-itank-version-2-kit-80w-box-mod-vape\/\",\"url\":\"https:\/\/www.elementvape.de\/sk\/produkt\/vaporesso-gen-80s-itank-version-2-kit-80w-box-mod-vape\/\",\"name\":\"Vaporesso GEN 80S iTank Version 2 Kit 80W Box Mod Vape | ElementVape.de\",\"isPartOf\":{\"@id\":\"https:\/\/www.elementvape.de\/#website\"},\"primaryImageOfPage\":{\"@id\":\"https:\/\/www.elementvape.de\/sk\/produkt\/vaporesso-gen-80s-itank-version-2-kit-80w-box-mod-vape\/#primaryimage\"},\"image\":{\"@id\":\"https:\/\/www.elementvape.de\/sk\/produkt\/vaporesso-gen-80s-itank-version-2-kit-80w-box-mod-vape\/#primaryimage\"},\"thumbnailUrl\":\"https:\/\/ae01.alicdn.com\/kf\/S2df47a5d133f4215b5a192948d844e6bZ\/Original-Vaporesso-GEN-80S-iTank-2-Edition-Kit-80W-Box-Mod-Vape-mit-iTank-2-5ml.jpg\",\"datePublished\":\"2024-04-20T07:51:56+00:00\",\"dateModified\":\"2024-09-12T10:32:03+00:00\",\"description\":\"Wir bieten Vaporesso GEN 80S iTank Version 2 Kit 80W Box Mod Vape , Elementvape.de akzeptieren Gro\u00df-und Einzelhandel Bestellungen.\",\"breadcrumb\":{\"@id\":\"https:\/\/www.elementvape.de\/sk\/produkt\/vaporesso-gen-80s-itank-version-2-kit-80w-box-mod-vape\/#breadcrumb\"},\"inLanguage\":\"lt-LT\",\"potentialAction\":[{\"@type\":\"ReadAction\",\"target\":[\"https:\/\/www.elementvape.de\/sk\/produkt\/vaporesso-gen-80s-itank-version-2-kit-80w-box-mod-vape\/\"]}]},{\"@type\":\"ImageObject\",\"inLanguage\":\"lt-LT\",\"@id\":\"https:\/\/www.elementvape.de\/sk\/produkt\/vaporesso-gen-80s-itank-version-2-kit-80w-box-mod-vape\/#primaryimage\",\"url\":\"https:\/\/ae01.alicdn.com\/kf\/S2df47a5d133f4215b5a192948d844e6bZ\/Original-Vaporesso-GEN-80S-iTank-2-Edition-Kit-80W-Box-Mod-Vape-mit-iTank-2-5ml.jpg\",\"contentUrl\":\"https:\/\/ae01.alicdn.com\/kf\/S2df47a5d133f4215b5a192948d844e6bZ\/Original-Vaporesso-GEN-80S-iTank-2-Edition-Kit-80W-Box-Mod-Vape-mit-iTank-2-5ml.jpg\",\"width\":800,\"height\":800},{\"@type\":\"BreadcrumbList\",\"@id\":\"https:\/\/www.elementvape.de\/sk\/produkt\/vaporesso-gen-80s-itank-version-2-kit-80w-box-mod-vape\/#breadcrumb\",\"itemListElement\":[{\"@type\":\"ListItem\",\"position\":1,\"name\":\"Home\",\"item\":\"https:\/\/www.elementvape.de\/\"},{\"@type\":\"ListItem\",\"position\":2,\"name\":\"Shop\",\"item\":\"https:\/\/www.elementvape.de\/shop\/\"},{\"@type\":\"ListItem\",\"position\":3,\"name\":\"Vaporesso GEN 80S iTank Version 2 Kit 80W Box Mod Vape\"}]},{\"@type\":\"WebSite\",\"@id\":\"https:\/\/www.elementvape.de\/#website\",\"url\":\"https:\/\/www.elementvape.de\/\",\"name\":\"ElementVape.de\",\"description\":\"\",\"publisher\":{\"@id\":\"https:\/\/www.elementvape.de\/#organization\"},\"potentialAction\":[{\"@type\":\"SearchAction\",\"target\":{\"@type\":\"EntryPoint\",\"urlTemplate\":\"https:\/\/www.elementvape.de\/?s={search_term_string}\"},\"query-input\":\"required name=search_term_string\"}],\"inLanguage\":\"lt-LT\"},{\"@type\":\"Organization\",\"@id\":\"https:\/\/www.elementvape.de\/#organization\",\"name\":\"ElementVape.DE\",\"url\":\"https:\/\/www.elementvape.de\/\",\"logo\":{\"@type\":\"ImageObject\",\"inLanguage\":\"lt-LT\",\"@id\":\"https:\/\/www.elementvape.de\/#\/schema\/logo\/image\/\",\"url\":\"https:\/\/www.elementvape.de\/wp-content\/uploads\/2024\/09\/cropped-1elementvape-3.png\",\"contentUrl\":\"https:\/\/www.elementvape.de\/wp-content\/uploads\/2024\/09\/cropped-1elementvape-3.png\",\"width\":285,\"height\":228,\"caption\":\"ElementVape.DE\"},\"image\":{\"@id\":\"https:\/\/www.elementvape.de\/#\/schema\/logo\/image\/\"}}]}<\/script>\n<!-- \/ Yoast SEO plugin. -->","yoast_head_json":{"title":"Vaporesso GEN 80S iTank Version 2 Kit 80W Box Mod Vape | ElementVape.de","description":"Wir bieten Vaporesso GEN 80S iTank Version 2 Kit 80W Box Mod Vape , Elementvape.de akzeptieren Gro\u00df-und Einzelhandel Bestellungen.","robots":{"index":"index","follow":"follow","max-snippet":"max-snippet:-1","max-image-preview":"max-image-preview:large","max-video-preview":"max-video-preview:-1"},"canonical":"https:\/\/www.elementvape.de\/lt\/produkt\/vaporesso-gen-80s-itank-version-2-kit-80w-box-mod-vape\/","og_locale":"lt_LT","og_type":"article","og_title":"Vaporesso GEN 80S iTank Version 2 Kit 80W Box Mod Vape | ElementVape.de","og_description":"Wir bieten Vaporesso GEN 80S iTank Version 2 Kit 80W Box Mod Vape , Elementvape.de akzeptieren Gro\u00df-und Einzelhandel Bestellungen.","og_url":"https:\/\/www.elementvape.de\/lt\/produkt\/vaporesso-gen-80s-itank-version-2-kit-80w-box-mod-vape\/","og_site_name":"ElementVape.de","article_modified_time":"2024-09-12T10:32:03+00:00","og_image":[{"width":800,"height":800,"url":"https:\/\/ae01.alicdn.com\/kf\/S2df47a5d133f4215b5a192948d844e6bZ\/Original-Vaporesso-GEN-80S-iTank-2-Edition-Kit-80W-Box-Mod-Vape-mit-iTank-2-5ml.jpg","type":"image\/jpeg"}],"twitter_card":"summary_large_image","twitter_misc":{"Est. reading time":"3 minut\u0117s"},"schema":{"@context":"https:\/\/schema.org","@graph":[{"@type":"WebPage","@id":"https:\/\/www.elementvape.de\/sk\/produkt\/vaporesso-gen-80s-itank-version-2-kit-80w-box-mod-vape\/","url":"https:\/\/www.elementvape.de\/sk\/produkt\/vaporesso-gen-80s-itank-version-2-kit-80w-box-mod-vape\/","name":"Vaporesso GEN 80S iTank Version 2 Kit 80W Box Mod Vape | ElementVape.de","isPartOf":{"@id":"https:\/\/www.elementvape.de\/#website"},"primaryImageOfPage":{"@id":"https:\/\/www.elementvape.de\/sk\/produkt\/vaporesso-gen-80s-itank-version-2-kit-80w-box-mod-vape\/#primaryimage"},"image":{"@id":"https:\/\/www.elementvape.de\/sk\/produkt\/vaporesso-gen-80s-itank-version-2-kit-80w-box-mod-vape\/#primaryimage"},"thumbnailUrl":"https:\/\/ae01.alicdn.com\/kf\/S2df47a5d133f4215b5a192948d844e6bZ\/Original-Vaporesso-GEN-80S-iTank-2-Edition-Kit-80W-Box-Mod-Vape-mit-iTank-2-5ml.jpg","datePublished":"2024-04-20T07:51:56+00:00","dateModified":"2024-09-12T10:32:03+00:00","description":"Wir bieten Vaporesso GEN 80S iTank Version 2 Kit 80W Box Mod Vape , Elementvape.de akzeptieren Gro\u00df-und Einzelhandel Bestellungen.","breadcrumb":{"@id":"https:\/\/www.elementvape.de\/sk\/produkt\/vaporesso-gen-80s-itank-version-2-kit-80w-box-mod-vape\/#breadcrumb"},"inLanguage":"lt-LT","potentialAction":[{"@type":"ReadAction","target":["https:\/\/www.elementvape.de\/sk\/produkt\/vaporesso-gen-80s-itank-version-2-kit-80w-box-mod-vape\/"]}]},{"@type":"ImageObject","inLanguage":"lt-LT","@id":"https:\/\/www.elementvape.de\/sk\/produkt\/vaporesso-gen-80s-itank-version-2-kit-80w-box-mod-vape\/#primaryimage","url":"https:\/\/ae01.alicdn.com\/kf\/S2df47a5d133f4215b5a192948d844e6bZ\/Original-Vaporesso-GEN-80S-iTank-2-Edition-Kit-80W-Box-Mod-Vape-mit-iTank-2-5ml.jpg","contentUrl":"https:\/\/ae01.alicdn.com\/kf\/S2df47a5d133f4215b5a192948d844e6bZ\/Original-Vaporesso-GEN-80S-iTank-2-Edition-Kit-80W-Box-Mod-Vape-mit-iTank-2-5ml.jpg","width":800,"height":800},{"@type":"BreadcrumbList","@id":"https:\/\/www.elementvape.de\/sk\/produkt\/vaporesso-gen-80s-itank-version-2-kit-80w-box-mod-vape\/#breadcrumb","itemListElement":[{"@type":"ListItem","position":1,"name":"Home","item":"https:\/\/www.elementvape.de\/"},{"@type":"ListItem","position":2,"name":"Shop","item":"https:\/\/www.elementvape.de\/shop\/"},{"@type":"ListItem","position":3,"name":"Vaporesso GEN 80S iTank Version 2 Kit 80W Box Mod Vape"}]},{"@type":"WebSite","@id":"https:\/\/www.elementvape.de\/#website","url":"https:\/\/www.elementvape.de\/","name":"ElementVape.de","description":"","publisher":{"@id":"https:\/\/www.elementvape.de\/#organization"},"potentialAction":[{"@type":"SearchAction","target":{"@type":"EntryPoint","urlTemplate":"https:\/\/www.elementvape.de\/?s={search_term_string}"},"query-input":"required name=search_term_string"}],"inLanguage":"lt-LT"},{"@type":"Organization","@id":"https:\/\/www.elementvape.de\/#organization","name":"ElementVape.DE","url":"https:\/\/www.elementvape.de\/","logo":{"@type":"ImageObject","inLanguage":"lt-LT","@id":"https:\/\/www.elementvape.de\/#\/schema\/logo\/image\/","url":"https:\/\/www.elementvape.de\/wp-content\/uploads\/2024\/09\/cropped-1elementvape-3.png","contentUrl":"https:\/\/www.elementvape.de\/wp-content\/uploads\/2024\/09\/cropped-1elementvape-3.png","width":285,"height":228,"caption":"ElementVape.DE"},"image":{"@id":"https:\/\/www.elementvape.de\/#\/schema\/logo\/image\/"}}]}},"_links":{"self":[{"href":"https:\/\/www.elementvape.de\/lt\/wp-json\/wp\/v2\/product\/8169"}],"collection":[{"href":"https:\/\/www.elementvape.de\/lt\/wp-json\/wp\/v2\/product"}],"about":[{"href":"https:\/\/www.elementvape.de\/lt\/wp-json\/wp\/v2\/types\/product"}],"wp:featuredmedia":[{"embeddable":true,"href":"https:\/\/www.elementvape.de\/lt\/wp-json\/wp\/v2\/media\/8171"}],"wp:attachment":[{"href":"https:\/\/www.elementvape.de\/lt\/wp-json\/wp\/v2\/media?parent=8169"}],"wp:term":[{"taxonomy":"product_cat","embeddable":true,"href":"https:\/\/www.elementvape.de\/lt\/wp-json\/wp\/v2\/product_cat?post=8169"},{"taxonomy":"product_tag","embeddable":true,"href":"https:\/\/www.elementvape.de\/lt\/wp-json\/wp\/v2\/product_tag?post=8169"}],"curies":[{"name":"wp","href":"https:\/\/api.w.org\/{rel}","templated":true}]}}