{"id":8131,"date":"2024-04-20T07:45:48","date_gmt":"2024-04-20T07:45:48","guid":{"rendered":"https:\/\/www.elementvape.de\/?post_type=product&#038;p=8131"},"modified":"2024-09-12T10:32:06","modified_gmt":"2024-09-12T10:32:06","slug":"lost-vape-thelema-mini-mod-45w-vape-e-zigarettenkartusche","status":"publish","type":"product","link":"https:\/\/www.elementvape.de\/lt\/produkt\/lost-vape-thelema-mini-mod-45w-vape-e-zigarettenkartusche\/","title":{"rendered":"Lost Vape Thelema Mini Mod 45W Vape E-cigaret\u0117s kaset\u0117"},"content":{"rendered":"<p>&nbsp;<\/p>\n<div class=\"product-specs-list-container\">\n<ul class=\"product-specs-list util-clearfix\">\n<li class=\"product-prop line-limit-length\"><span class=\"property-title\">Steb\u0117jimo funkcija nuo r\u016bkymo skai\u010diaus:\u00a0<\/span><span class=\"property-desc line-limit-length\">Ne<\/span><\/li>\n<li class=\"product-prop line-limit-length\"><span class=\"property-title\">Silicone d\u0117klas:\u00a0<\/span><span class=\"property-desc line-limit-length\">Ne<\/span><\/li>\n<li class=\"product-prop line-limit-length\"><span class=\"property-title\">Trump\u0173j\u0173 jung\u010di\u0173 apsaugos funkcija:\u00a0<\/span><span class=\"property-desc line-limit-length\">Ja<\/span><\/li>\n<li class=\"product-prop line-limit-length\"><span class=\"property-title\">Perkaitimo apsaugos funkcija:\u00a0<\/span><span class=\"property-desc line-limit-length\">Ja<\/span><\/li>\n<li class=\"product-prop line-limit-length\"><span class=\"property-title\">\u017dem\u0173 \u012ftampos \u012fsp\u0117jimo funkcija:\u00a0<\/span><span class=\"property-desc line-limit-length\">Ja<\/span><\/li>\n<li class=\"product-prop line-limit-length\"><span class=\"property-title\">Pur\u0161kiklio identifikavimo funkcija:\u00a0<\/span><span class=\"property-desc line-limit-length\">Ja<\/span><\/li>\n<li class=\"product-prop line-limit-length\"><span class=\"property-title\">Temperat\u016bros reguliavimas:\u00a0<\/span><span class=\"property-desc line-limit-length\">Ja<\/span><\/li>\n<li class=\"product-prop line-limit-length\"><span class=\"property-title\">TCR nustatymo re\u017eimai:\u00a0<\/span><span class=\"property-desc line-limit-length\">Ne<\/span><\/li>\n<li class=\"product-prop line-limit-length\"><span class=\"property-title\">Nominalus talpa:\u00a0<\/span><span class=\"property-desc line-limit-length\">1500 mAh<\/span><\/li>\n<li class=\"product-prop line-limit-length\"><span class=\"property-title\">Suderinama baterija:\u00a0<\/span><span class=\"property-desc line-limit-length\">18650<\/span><\/li>\n<li class=\"product-prop line-limit-length\"><span class=\"property-title\">Med\u017eiaga:\u00a0<\/span><span class=\"property-desc line-limit-length\">Metalas<\/span><\/li>\n<li class=\"product-prop line-limit-length\"><span class=\"property-title\">Suderinamas modelis:\u00a0<\/span><span class=\"property-desc line-limit-length\">Elektronin\u0117 cigaret\u0117 Vaporizeris<\/span><\/li>\n<li class=\"product-prop line-limit-length\"><span class=\"property-title\">Modelio numeris:\u00a0<\/span><span class=\"property-desc line-limit-length\">Lostvape Thelema Mini Mod<\/span><\/li>\n<li class=\"product-prop line-limit-length\"><span class=\"property-title\">Programin\u0117s \u012frangos atnaujinimas:\u00a0<\/span><span class=\"property-desc line-limit-length\">Ne<\/span><\/li>\n<li class=\"product-prop line-limit-length\"><span class=\"property-title\">USB \u012fkroviklis:\u00a0<\/span><span class=\"property-desc line-limit-length\">Ja<\/span><\/li>\n<li class=\"product-prop line-limit-length\"><span class=\"property-title\">Ekranas:\u00a0<\/span><span class=\"property-desc line-limit-length\">Ja<\/span><\/li>\n<li class=\"product-prop line-limit-length\"><span class=\"property-title\">\u012emontuota arba i\u0161orin\u0117 baterija:\u00a0<\/span><span class=\"property-desc line-limit-length\">Ja<\/span><\/li>\n<li class=\"product-prop line-limit-length\"><span class=\"property-title\">Tipas:\u00a0<\/span><span class=\"property-desc line-limit-length\">Elektroninis modas<\/span><\/li>\n<li class=\"product-prop line-limit-length\"><span class=\"property-title\">Prek\u0117s \u017eenklas:\u00a0<\/span><span class=\"property-desc line-limit-length\">PRARASTA VAPE<\/span><\/li>\n<li class=\"product-prop line-limit-length\"><span class=\"property-title\">Kilm\u0117s \u0161alis:\u00a0<\/span><span class=\"property-desc line-limit-length\">CN (Kilm\u0117)<\/span><\/li>\n<\/ul>\n<\/div>\n<div class=\"detailmodule_html\">\n<div class=\"detail-desc-decorate-richtext\">\n<div class=\"detailmodule_text\">\n<p id=\"tl_1\" class=\"detail-desc-decorate-title\" style=\"font-family: OpenSans; font-size: 20px; font-weight: 900; line-height: 28px; margin-bottom: 12px;\">Originalus lostvape thelema mini mod 45w vape 1500mah baterija elektronin\u0117s cigaret\u0117s garintojas si\u016blo palaikym\u0105 ub lite pod bakelis<\/p>\n<\/div>\n<div class=\"detailmodule_text\">\n<p id=\"tl_2\" class=\"detail-desc-decorate-title\" style=\"font-family: OpenSans; font-size: 20px; font-weight: 900; line-height: 28px; margin-bottom: 12px;\">\u012evadas:<\/p>\n<p id=\"tl_3\" class=\"detail-desc-decorate-content\" style=\"font-family: OpenSans; font-size: 14px; font-weight: 300; line-height: 20px; margin-bottom: 12px;\">Thelema mini modas turi ma\u017e\u0105 dyd\u012f ir \u012fmontuot\u0105 1500mah baterij\u0105. Ultra kompakti\u0161kas 510 modas yra ma\u017eesnis nei 95%, 510 modai, kurie yra rinkoje. Jis turi maksimali\u0105 gali\u0105 45W ir \u012fkrovim\u0105 per Type C.<\/p>\n<\/div>\n<div class=\"detailmodule_text\">\n<p id=\"tl_4\" class=\"detail-desc-decorate-title\" style=\"font-family: OpenSans; font-size: 20px; font-weight: 900; line-height: 28px; margin-bottom: 12px;\">Parametrai:<\/p>\n<p id=\"tl_5\" class=\"detail-desc-decorate-content\" style=\"font-family: OpenSans; font-size: 14px; font-weight: 300; line-height: 20px; margin-bottom: 12px;\">Prek\u0117s \u017eenklas: lostvape<br \/>\nProdukto pavadinimas: thelema mini mod<br \/>\nGalia diapazonas: 5-45w<br \/>\nVamzd\u017ei\u0173 var\u017ea palaikoma: 0,2 Ohm - 5,0 Ohm<br \/>\nSrov\u0117s diapazonas: 1a-15a<br \/>\nEkrano ta\u0161k\u0173 skai\u010dius: 0,69 colio, 96*16<br \/>\nBaterijos talpa: 1500mah<br \/>\nBaterijos \u012ftampa: 3,0 V-4,2 V<br \/>\nK\u016bno med\u017eiaga: cinko lydinys ir ner\u016bdijantis plienas<br \/>\n\u012ekrovimas: USB-C \u012fkrovimas<br \/>\nSpalva: Kambario sidabras, anglies pluo\u0161tas, mistin\u0117 raudona, cappuccino, Selva sidabras, drakono \u017ealia, ro\u017einis i\u0161gyventojas, violetinis i\u0161gyventojas<\/p>\n<\/div>\n<div class=\"detailmodule_text\">\n<p id=\"tl_6\" class=\"detail-desc-decorate-title\" style=\"font-family: OpenSans; font-size: 20px; font-weight: 900; line-height: 28px; margin-bottom: 12px;\">Pakuot\u0117:<\/p>\n<p id=\"tl_7\" class=\"detail-desc-decorate-content\" style=\"font-family: OpenSans; font-size: 14px; font-weight: 300; line-height: 20px; margin-bottom: 12px;\">1 * thelema mini pod mod<br \/>\n1x Tipo-C laidas<br \/>\n1x naudotojo vadovas<br \/>\n1x Garantijos kortel\u0117<\/p>\n<\/div>\n<div class=\"detailmodule_image\"><img decoding=\"async\" loading=\"lazy\" class=\"detail-desc-decorate-image\" src=\"https:\/\/ae01.alicdn.com\/kf\/Sb43b02e0820f4b62874373048aab09eeo.jpg\" \/><br \/>\n<img decoding=\"async\" loading=\"lazy\" class=\"detail-desc-decorate-image\" src=\"https:\/\/ae01.alicdn.com\/kf\/S87b69436314046568756050746d623237.jpg\" \/><\/div>\n<p>&nbsp;<\/p>\n<\/div>\n<\/div>","protected":false},"excerpt":{"rendered":"<p>&nbsp; \u00dcberwachung Funktion Von Rauchen Anzahl:\u00a0Nein Silikon Fall:\u00a0Nein Kurzschlussschutz Funktion:\u00a0Ja \u00dcberhitzungsschutz-funktion:\u00a0Ja Niederspannungsalarmfunktion:\u00a0Ja Zerst\u00e4uber Identifikation Funktion:\u00a0Ja Temperaturregelung:\u00a0Ja TCR Einstellung Modi:\u00a0Nein Nominale Kapazit\u00e4t:\u00a01500 mAh Kompatibler Akku:\u00a018650 Material:\u00a0Metall Compatible Model:\u00a0Electronic Cigarette Vaporizer Modellnummer:\u00a0Lostvape Thelema Mini Mod Firmware-upgrade:\u00a0Nein Usb-ladeger\u00e4t:\u00a0Ja Display:\u00a0Ja Eingebaute Oder Externe Batterie:\u00a0Ja Art:\u00a0Elektrische Mod Markenname:\u00a0LOST VAPE Ursprung:\u00a0CN (Herkunft) Original lostvape thelema mini mod 45w vape 1500mah batterie [&hellip;]<\/p>","protected":false},"featured_media":8132,"template":"","meta":{"inline_featured_image":false},"product_cat":[78,750,737,736,749,77],"product_tag":[],"tiered_pricing_type":"fixed","tiered_pricing_fixed_rules":[],"tiered_pricing_percentage_rules":[],"tiered_pricing_minimum":1,"_administrator_tiered_pricing_type":"fixed","_administrator_tiered_pricing_fixed_rules":[],"_editor_tiered_pricing_type":"fixed","_editor_tiered_pricing_fixed_rules":[],"_author_tiered_pricing_type":"fixed","_author_tiered_pricing_fixed_rules":[],"_contributor_tiered_pricing_type":"fixed","_contributor_tiered_pricing_fixed_rules":[],"_subscriber_tiered_pricing_type":"fixed","_subscriber_tiered_pricing_fixed_rules":[],"_customer_tiered_pricing_type":"fixed","_customer_tiered_pricing_fixed_rules":[],"_shop_manager_tiered_pricing_type":"fixed","_shop_manager_tiered_pricing_fixed_rules":[],"_wpseo_manager_tiered_pricing_type":"fixed","_wpseo_manager_tiered_pricing_fixed_rules":[],"_wpseo_editor_tiered_pricing_type":"fixed","_wpseo_editor_tiered_pricing_fixed_rules":[],"_wholesale_customer_tiered_pricing_type":"fixed","_wholesale_customer_tiered_pricing_fixed_rules":[],"_marketer_tiered_pricing_type":"fixed","_marketer_tiered_pricing_fixed_rules":[],"_sales_manager_tiered_pricing_type":"fixed","_sales_manager_tiered_pricing_fixed_rules":[],"_sales_rep_tiered_pricing_type":"fixed","_sales_rep_tiered_pricing_fixed_rules":[],"yoast_head":"<!-- This site is optimized with the Yoast SEO plugin v23.3 - https:\/\/yoast.com\/wordpress\/plugins\/seo\/ -->\n<title>Lost Vape Thelema Mini Mod 45W Vape E-Zigarettenkartusche | ElementVape.de<\/title>\n<meta name=\"description\" content=\"Wir bieten Lost Vape Thelema Mini Mod 45W Vape E-Zigarettenkartusche , Elementvape.de akzeptieren Gro\u00df-und Einzelhandel Bestellungen.\" \/>\n<meta name=\"robots\" content=\"index, follow, max-snippet:-1, max-image-preview:large, max-video-preview:-1\" \/>\n<link rel=\"canonical\" href=\"https:\/\/www.elementvape.de\/lt\/produkt\/lost-vape-thelema-mini-mod-45w-vape-e-zigarettenkartusche\/\" \/>\n<meta property=\"og:locale\" content=\"lt_LT\" \/>\n<meta property=\"og:type\" content=\"article\" \/>\n<meta property=\"og:title\" content=\"Lost Vape Thelema Mini Mod 45W Vape E-Zigarettenkartusche | ElementVape.de\" \/>\n<meta property=\"og:description\" content=\"Wir bieten Lost Vape Thelema Mini Mod 45W Vape E-Zigarettenkartusche , Elementvape.de akzeptieren Gro\u00df-und Einzelhandel Bestellungen.\" \/>\n<meta property=\"og:url\" content=\"https:\/\/www.elementvape.de\/lt\/produkt\/lost-vape-thelema-mini-mod-45w-vape-e-zigarettenkartusche\/\" \/>\n<meta property=\"og:site_name\" content=\"ElementVape.de\" \/>\n<meta property=\"article:modified_time\" content=\"2024-09-12T10:32:06+00:00\" \/>\n<meta property=\"og:image\" content=\"https:\/\/ae01.alicdn.com\/kf\/S2ab0a08ff7694959bb4f53e75e2853b1L\/Original-Verloren-Vape-Thelema-Mini-Mod-45W-Vape-1500mAh-Batterie-Elektronische-Zigarette-Verdampfer-510-Gewinde-Unterst.jpg\" \/>\n\t<meta property=\"og:image:width\" content=\"800\" \/>\n\t<meta property=\"og:image:height\" content=\"800\" \/>\n\t<meta property=\"og:image:type\" content=\"image\/jpeg\" \/>\n<meta name=\"twitter:card\" content=\"summary_large_image\" \/>\n<meta name=\"twitter:label1\" content=\"Est. reading time\" \/>\n\t<meta name=\"twitter:data1\" content=\"2 minut\u0117s\" \/>\n<script type=\"application\/ld+json\" class=\"yoast-schema-graph\">{\"@context\":\"https:\/\/schema.org\",\"@graph\":[{\"@type\":\"WebPage\",\"@id\":\"https:\/\/www.elementvape.de\/produkt\/lost-vape-thelema-mini-mod-45w-vape-e-zigarettenkartusche\/\",\"url\":\"https:\/\/www.elementvape.de\/produkt\/lost-vape-thelema-mini-mod-45w-vape-e-zigarettenkartusche\/\",\"name\":\"Lost Vape Thelema Mini Mod 45W Vape E-Zigarettenkartusche | ElementVape.de\",\"isPartOf\":{\"@id\":\"https:\/\/www.elementvape.de\/#website\"},\"primaryImageOfPage\":{\"@id\":\"https:\/\/www.elementvape.de\/produkt\/lost-vape-thelema-mini-mod-45w-vape-e-zigarettenkartusche\/#primaryimage\"},\"image\":{\"@id\":\"https:\/\/www.elementvape.de\/produkt\/lost-vape-thelema-mini-mod-45w-vape-e-zigarettenkartusche\/#primaryimage\"},\"thumbnailUrl\":\"https:\/\/ae01.alicdn.com\/kf\/S2ab0a08ff7694959bb4f53e75e2853b1L\/Original-Verloren-Vape-Thelema-Mini-Mod-45W-Vape-1500mAh-Batterie-Elektronische-Zigarette-Verdampfer-510-Gewinde-Unterst.jpg\",\"datePublished\":\"2024-04-20T07:45:48+00:00\",\"dateModified\":\"2024-09-12T10:32:06+00:00\",\"description\":\"Wir bieten Lost Vape Thelema Mini Mod 45W Vape E-Zigarettenkartusche , Elementvape.de akzeptieren Gro\u00df-und Einzelhandel Bestellungen.\",\"breadcrumb\":{\"@id\":\"https:\/\/www.elementvape.de\/produkt\/lost-vape-thelema-mini-mod-45w-vape-e-zigarettenkartusche\/#breadcrumb\"},\"inLanguage\":\"lt-LT\",\"potentialAction\":[{\"@type\":\"ReadAction\",\"target\":[\"https:\/\/www.elementvape.de\/produkt\/lost-vape-thelema-mini-mod-45w-vape-e-zigarettenkartusche\/\"]}]},{\"@type\":\"ImageObject\",\"inLanguage\":\"lt-LT\",\"@id\":\"https:\/\/www.elementvape.de\/produkt\/lost-vape-thelema-mini-mod-45w-vape-e-zigarettenkartusche\/#primaryimage\",\"url\":\"https:\/\/ae01.alicdn.com\/kf\/S2ab0a08ff7694959bb4f53e75e2853b1L\/Original-Verloren-Vape-Thelema-Mini-Mod-45W-Vape-1500mAh-Batterie-Elektronische-Zigarette-Verdampfer-510-Gewinde-Unterst.jpg\",\"contentUrl\":\"https:\/\/ae01.alicdn.com\/kf\/S2ab0a08ff7694959bb4f53e75e2853b1L\/Original-Verloren-Vape-Thelema-Mini-Mod-45W-Vape-1500mAh-Batterie-Elektronische-Zigarette-Verdampfer-510-Gewinde-Unterst.jpg\",\"width\":800,\"height\":800},{\"@type\":\"BreadcrumbList\",\"@id\":\"https:\/\/www.elementvape.de\/produkt\/lost-vape-thelema-mini-mod-45w-vape-e-zigarettenkartusche\/#breadcrumb\",\"itemListElement\":[{\"@type\":\"ListItem\",\"position\":1,\"name\":\"Home\",\"item\":\"https:\/\/www.elementvape.de\/\"},{\"@type\":\"ListItem\",\"position\":2,\"name\":\"Shop\",\"item\":\"https:\/\/www.elementvape.de\/shop\/\"},{\"@type\":\"ListItem\",\"position\":3,\"name\":\"Lost Vape Thelema Mini Mod 45W Vape E-Zigarettenkartusche\"}]},{\"@type\":\"WebSite\",\"@id\":\"https:\/\/www.elementvape.de\/#website\",\"url\":\"https:\/\/www.elementvape.de\/\",\"name\":\"ElementVape.de\",\"description\":\"\",\"publisher\":{\"@id\":\"https:\/\/www.elementvape.de\/#organization\"},\"potentialAction\":[{\"@type\":\"SearchAction\",\"target\":{\"@type\":\"EntryPoint\",\"urlTemplate\":\"https:\/\/www.elementvape.de\/?s={search_term_string}\"},\"query-input\":\"required name=search_term_string\"}],\"inLanguage\":\"lt-LT\"},{\"@type\":\"Organization\",\"@id\":\"https:\/\/www.elementvape.de\/#organization\",\"name\":\"ElementVape.DE\",\"url\":\"https:\/\/www.elementvape.de\/\",\"logo\":{\"@type\":\"ImageObject\",\"inLanguage\":\"lt-LT\",\"@id\":\"https:\/\/www.elementvape.de\/#\/schema\/logo\/image\/\",\"url\":\"https:\/\/www.elementvape.de\/wp-content\/uploads\/2024\/09\/cropped-1elementvape-3.png\",\"contentUrl\":\"https:\/\/www.elementvape.de\/wp-content\/uploads\/2024\/09\/cropped-1elementvape-3.png\",\"width\":285,\"height\":228,\"caption\":\"ElementVape.DE\"},\"image\":{\"@id\":\"https:\/\/www.elementvape.de\/#\/schema\/logo\/image\/\"}}]}<\/script>\n<!-- \/ Yoast SEO plugin. -->","yoast_head_json":{"title":"Lost Vape Thelema Mini Mod 45W Vape E-Zigarettenkartusche | ElementVape.de","description":"Wir bieten Lost Vape Thelema Mini Mod 45W Vape E-Zigarettenkartusche , Elementvape.de akzeptieren Gro\u00df-und Einzelhandel Bestellungen.","robots":{"index":"index","follow":"follow","max-snippet":"max-snippet:-1","max-image-preview":"max-image-preview:large","max-video-preview":"max-video-preview:-1"},"canonical":"https:\/\/www.elementvape.de\/lt\/produkt\/lost-vape-thelema-mini-mod-45w-vape-e-zigarettenkartusche\/","og_locale":"lt_LT","og_type":"article","og_title":"Lost Vape Thelema Mini Mod 45W Vape E-Zigarettenkartusche | ElementVape.de","og_description":"Wir bieten Lost Vape Thelema Mini Mod 45W Vape E-Zigarettenkartusche , Elementvape.de akzeptieren Gro\u00df-und Einzelhandel Bestellungen.","og_url":"https:\/\/www.elementvape.de\/lt\/produkt\/lost-vape-thelema-mini-mod-45w-vape-e-zigarettenkartusche\/","og_site_name":"ElementVape.de","article_modified_time":"2024-09-12T10:32:06+00:00","og_image":[{"width":800,"height":800,"url":"https:\/\/ae01.alicdn.com\/kf\/S2ab0a08ff7694959bb4f53e75e2853b1L\/Original-Verloren-Vape-Thelema-Mini-Mod-45W-Vape-1500mAh-Batterie-Elektronische-Zigarette-Verdampfer-510-Gewinde-Unterst.jpg","type":"image\/jpeg"}],"twitter_card":"summary_large_image","twitter_misc":{"Est. reading time":"2 minut\u0117s"},"schema":{"@context":"https:\/\/schema.org","@graph":[{"@type":"WebPage","@id":"https:\/\/www.elementvape.de\/produkt\/lost-vape-thelema-mini-mod-45w-vape-e-zigarettenkartusche\/","url":"https:\/\/www.elementvape.de\/produkt\/lost-vape-thelema-mini-mod-45w-vape-e-zigarettenkartusche\/","name":"Lost Vape Thelema Mini Mod 45W Vape E-Zigarettenkartusche | ElementVape.de","isPartOf":{"@id":"https:\/\/www.elementvape.de\/#website"},"primaryImageOfPage":{"@id":"https:\/\/www.elementvape.de\/produkt\/lost-vape-thelema-mini-mod-45w-vape-e-zigarettenkartusche\/#primaryimage"},"image":{"@id":"https:\/\/www.elementvape.de\/produkt\/lost-vape-thelema-mini-mod-45w-vape-e-zigarettenkartusche\/#primaryimage"},"thumbnailUrl":"https:\/\/ae01.alicdn.com\/kf\/S2ab0a08ff7694959bb4f53e75e2853b1L\/Original-Verloren-Vape-Thelema-Mini-Mod-45W-Vape-1500mAh-Batterie-Elektronische-Zigarette-Verdampfer-510-Gewinde-Unterst.jpg","datePublished":"2024-04-20T07:45:48+00:00","dateModified":"2024-09-12T10:32:06+00:00","description":"Wir bieten Lost Vape Thelema Mini Mod 45W Vape E-Zigarettenkartusche , Elementvape.de akzeptieren Gro\u00df-und Einzelhandel Bestellungen.","breadcrumb":{"@id":"https:\/\/www.elementvape.de\/produkt\/lost-vape-thelema-mini-mod-45w-vape-e-zigarettenkartusche\/#breadcrumb"},"inLanguage":"lt-LT","potentialAction":[{"@type":"ReadAction","target":["https:\/\/www.elementvape.de\/produkt\/lost-vape-thelema-mini-mod-45w-vape-e-zigarettenkartusche\/"]}]},{"@type":"ImageObject","inLanguage":"lt-LT","@id":"https:\/\/www.elementvape.de\/produkt\/lost-vape-thelema-mini-mod-45w-vape-e-zigarettenkartusche\/#primaryimage","url":"https:\/\/ae01.alicdn.com\/kf\/S2ab0a08ff7694959bb4f53e75e2853b1L\/Original-Verloren-Vape-Thelema-Mini-Mod-45W-Vape-1500mAh-Batterie-Elektronische-Zigarette-Verdampfer-510-Gewinde-Unterst.jpg","contentUrl":"https:\/\/ae01.alicdn.com\/kf\/S2ab0a08ff7694959bb4f53e75e2853b1L\/Original-Verloren-Vape-Thelema-Mini-Mod-45W-Vape-1500mAh-Batterie-Elektronische-Zigarette-Verdampfer-510-Gewinde-Unterst.jpg","width":800,"height":800},{"@type":"BreadcrumbList","@id":"https:\/\/www.elementvape.de\/produkt\/lost-vape-thelema-mini-mod-45w-vape-e-zigarettenkartusche\/#breadcrumb","itemListElement":[{"@type":"ListItem","position":1,"name":"Home","item":"https:\/\/www.elementvape.de\/"},{"@type":"ListItem","position":2,"name":"Shop","item":"https:\/\/www.elementvape.de\/shop\/"},{"@type":"ListItem","position":3,"name":"Lost Vape Thelema Mini Mod 45W Vape E-Zigarettenkartusche"}]},{"@type":"WebSite","@id":"https:\/\/www.elementvape.de\/#website","url":"https:\/\/www.elementvape.de\/","name":"ElementVape.de","description":"","publisher":{"@id":"https:\/\/www.elementvape.de\/#organization"},"potentialAction":[{"@type":"SearchAction","target":{"@type":"EntryPoint","urlTemplate":"https:\/\/www.elementvape.de\/?s={search_term_string}"},"query-input":"required name=search_term_string"}],"inLanguage":"lt-LT"},{"@type":"Organization","@id":"https:\/\/www.elementvape.de\/#organization","name":"ElementVape.DE","url":"https:\/\/www.elementvape.de\/","logo":{"@type":"ImageObject","inLanguage":"lt-LT","@id":"https:\/\/www.elementvape.de\/#\/schema\/logo\/image\/","url":"https:\/\/www.elementvape.de\/wp-content\/uploads\/2024\/09\/cropped-1elementvape-3.png","contentUrl":"https:\/\/www.elementvape.de\/wp-content\/uploads\/2024\/09\/cropped-1elementvape-3.png","width":285,"height":228,"caption":"ElementVape.DE"},"image":{"@id":"https:\/\/www.elementvape.de\/#\/schema\/logo\/image\/"}}]}},"_links":{"self":[{"href":"https:\/\/www.elementvape.de\/lt\/wp-json\/wp\/v2\/product\/8131"}],"collection":[{"href":"https:\/\/www.elementvape.de\/lt\/wp-json\/wp\/v2\/product"}],"about":[{"href":"https:\/\/www.elementvape.de\/lt\/wp-json\/wp\/v2\/types\/product"}],"wp:featuredmedia":[{"embeddable":true,"href":"https:\/\/www.elementvape.de\/lt\/wp-json\/wp\/v2\/media\/8132"}],"wp:attachment":[{"href":"https:\/\/www.elementvape.de\/lt\/wp-json\/wp\/v2\/media?parent=8131"}],"wp:term":[{"taxonomy":"product_cat","embeddable":true,"href":"https:\/\/www.elementvape.de\/lt\/wp-json\/wp\/v2\/product_cat?post=8131"},{"taxonomy":"product_tag","embeddable":true,"href":"https:\/\/www.elementvape.de\/lt\/wp-json\/wp\/v2\/product_tag?post=8131"}],"curies":[{"name":"wp","href":"https:\/\/api.w.org\/{rel}","templated":true}]}}