{"id":8019,"date":"2024-04-20T05:48:41","date_gmt":"2024-04-20T05:48:41","guid":{"rendered":"https:\/\/www.elementvape.de\/?post_type=product&#038;p=8019"},"modified":"2024-09-12T10:34:23","modified_gmt":"2024-09-12T10:34:23","slug":"vapor-esso-gen-pt80s-kit-80w-box-mod","status":"publish","type":"product","link":"https:\/\/www.elementvape.de\/lt\/produkt\/vapor-esso-gen-pt80s-kit-80w-box-mod\/","title":{"rendered":"Vapor Esso Gen PT80S rinkinys 80W d\u0117\u017eut\u0117s modas vape su 4,5 ml x talpykla podas tinka GTX spirale e-cigaret\u0117ms garintuvui"},"content":{"rendered":"<p>&nbsp;<\/p>\n<div class=\"product-specs-list-container\">\n<ul class=\"product-specs-list util-clearfix\">\n<li class=\"product-prop line-limit-length\"><span class=\"property-title\">I\u0161vaizda:\u00a0<\/span><span class=\"property-desc line-limit-length\">D\u0117\u017eut\u0117s forma<\/span><\/li>\n<li class=\"product-prop line-limit-length\"><span class=\"property-title\">Suderinama baterija:\u00a0<\/span><span class=\"property-desc line-limit-length\">N\u0117ra<\/span><\/li>\n<li class=\"product-prop line-limit-length\"><span class=\"property-title\">Steb\u0117jimo funkcija nuo r\u016bkymo skai\u010diaus:\u00a0<\/span><span class=\"property-desc line-limit-length\">Ne<\/span><\/li>\n<li class=\"product-prop line-limit-length\"><span class=\"property-title\">Silicone d\u0117klas:\u00a0<\/span><span class=\"property-desc line-limit-length\">Ne<\/span><\/li>\n<li class=\"product-prop line-limit-length\"><span class=\"property-title\">Temperat\u016bros reguliavimas:\u00a0<\/span><span class=\"property-desc line-limit-length\">Ne<\/span><\/li>\n<li class=\"product-prop line-limit-length\"><span class=\"property-title\">\u012emontuota arba i\u0161orin\u0117 baterija:\u00a0<\/span><span class=\"property-desc line-limit-length\">I\u0161orinis<\/span><\/li>\n<li class=\"product-prop line-limit-length\"><span class=\"property-title\">Trump\u0173j\u0173 jung\u010di\u0173 apsaugos funkcija:\u00a0<\/span><span class=\"property-desc line-limit-length\">Ja<\/span><\/li>\n<li class=\"product-prop line-limit-length\"><span class=\"property-title\">Perkaitimo apsaugos funkcija:\u00a0<\/span><span class=\"property-desc line-limit-length\">Ja<\/span><\/li>\n<li class=\"product-prop line-limit-length\"><span class=\"property-title\">\u017dem\u0173 \u012ftampos \u012fsp\u0117jimo funkcija:\u00a0<\/span><span class=\"property-desc line-limit-length\">Ja<\/span><\/li>\n<li class=\"product-prop line-limit-length\"><span class=\"property-title\">Pur\u0161kiklio identifikavimo funkcija:\u00a0<\/span><span class=\"property-desc line-limit-length\">Ja<\/span><\/li>\n<li class=\"product-prop line-limit-length\"><span class=\"property-title\">TCR nustatymo re\u017eimai:\u00a0<\/span><span class=\"property-desc line-limit-length\">Ne<\/span><\/li>\n<li class=\"product-prop line-limit-length\"><span class=\"property-title\">Nominalus talpa:\u00a0<\/span><span class=\"property-desc line-limit-length\">N\u0117ra<\/span><\/li>\n<li class=\"product-prop line-limit-length\"><span class=\"property-title\">Med\u017eiaga:\u00a0<\/span><span class=\"property-desc line-limit-length\">Metalas<\/span><\/li>\n<li class=\"product-prop line-limit-length\"><span class=\"property-title\">Suderinamas modelis:\u00a0<\/span><span class=\"property-desc line-limit-length\">Elektronin\u0117 Cigaret\u0117 Vape<\/span><\/li>\n<li class=\"product-prop line-limit-length\"><span class=\"property-title\">Modelio numeris:\u00a0<\/span><span class=\"property-desc line-limit-length\">Vaporesso GEN PT80 S Komplektas<\/span><\/li>\n<li class=\"product-prop line-limit-length\"><span class=\"property-title\">USB \u012fkroviklis:\u00a0<\/span><span class=\"property-desc line-limit-length\">Ja<\/span><\/li>\n<li class=\"product-prop line-limit-length\"><span class=\"property-title\">Programin\u0117s \u012frangos atnaujinimas:\u00a0<\/span><span class=\"property-desc line-limit-length\">Ne<\/span><\/li>\n<li class=\"product-prop line-limit-length\"><span class=\"property-title\">Ekranas:\u00a0<\/span><span class=\"property-desc line-limit-length\">Ja<\/span><\/li>\n<li class=\"product-prop line-limit-length\"><span class=\"property-title\">Tipas:\u00a0<\/span><span class=\"property-desc line-limit-length\">Be baterijos<\/span><\/li>\n<li class=\"product-prop line-limit-length\"><span class=\"property-title\">Prek\u0117s \u017eenklas:\u00a0<\/span><span class=\"property-desc line-limit-length\">vaporesso<\/span><\/li>\n<li class=\"product-prop line-limit-length\"><span class=\"property-title\">Kilm\u0117s \u0161alis:\u00a0<\/span><span class=\"property-desc line-limit-length\">CN (Kilm\u0117)<\/span><\/li>\n<\/ul>\n<\/div>\n<div class=\"detailmodule_html\">\n<div class=\"detail-desc-decorate-richtext\">\n<div class=\"detailmodule_dynamic\"><\/div>\n<div class=\"detailmodule_text\">\n<div><\/div>\n<div><\/div>\n<p id=\"tl_1\" class=\"detail-desc-decorate-title\" style=\"font-family: OpenSans; font-size: 20px; font-weight: 900; line-height: 28px; margin-bottom: 12px;\">Originalus vaporesso gen pt80 s komplektas 80w d\u0117\u017eut\u0117s modas vape 4,5 ml x talpykla pod tu\u0161\u010dia patrone tinka gtx spirale elektroninis cigare\u010di\u0173 garintuvas<\/p>\n<\/div>\n<div class=\"detailmodule_text\">\n<p id=\"tl_2\" class=\"detail-desc-decorate-title\" style=\"font-family: OpenSans; font-size: 20px; font-weight: 900; line-height: 28px; margin-bottom: 12px;\">Apra\u0161ymas:<\/p>\n<p id=\"tl_3\" class=\"detail-desc-decorate-content\" style=\"font-family: OpenSans; font-size: 14px; font-weight: 300; line-height: 20px; margin-bottom: 12px;\">Gen pt80 s komplektas yra naujai suprojektuotas pod modas DTL naudotojams. J\u012f valdo viena i\u0161orin\u0117 18650 baterija su 5-80W galia ir Tipo-C \u012fkrovimu. Apr\u016bpintas x Tank Pod su 4,5 ml talpa, turi vir\u0161utin\u012f u\u017epildym\u0105 ir vir\u0161utin\u012f oro sraut\u0105 geresnei patir\u010diai ir paprastesniam valdymui. Sujungia sss 2.0 nepraleid\u017eian\u010di\u0105 technologij\u0105 su skys\u010dio savaranki\u0161ku cirkuliacijos sistema, jis yra saugesnis naudoti nei bet kada anks\u010diau. Vaporesso gen pt80 s komplektas tinka visoms gtx spiralei. Naujas inovatyvus Corex komplekte gali suteikti tankesn\u012f skon\u012f ir ilgesn\u012f GTX spirale tarnavimo laik\u0105. Su patentuota Morph-Mesh strukt\u016bra jis u\u017etikrina tolygesn\u012f \u0161ilumos paskirstym\u0105 ir stipresn\u012f skonio sustiprinim\u0105. Be to, naudojant p\u016bkuot\u0105 Cumulus medviln\u0119 galima garantuoti didesn\u012f skys\u010dio i\u0161siskyrim\u0105 ir suteikti jums tolygesn\u012f bei ilgesn\u012f malonum\u0105. gen pt80 s yra lengvas, eleganti\u0161kas ir i\u0161manus. I\u0161manusis re\u017eimas automati\u0161kai atpa\u017e\u012fsta ir rekomenduoja geriausi\u0105 gali\u0105, kad DTL vapotojams b\u016bt\u0173 lengviau.<\/p>\n<\/div>\n<div class=\"detailmodule_text\">\n<p id=\"tl_4\" class=\"detail-desc-decorate-title\" style=\"font-family: OpenSans; font-size: 20px; font-weight: 900; line-height: 28px; margin-bottom: 12px;\">Parametrai:<\/p>\n<p id=\"tl_5\" class=\"detail-desc-decorate-content\" style=\"font-family: OpenSans; font-size: 14px; font-weight: 300; line-height: 20px; margin-bottom: 12px;\">Prek\u0117: vapor esso<br \/>\nProdukto pavadinimas: gen pt80 s komplektas<br \/>\nMatmenys: 112*35*28mm<br \/>\nBaterijos talpa: viena i\u0161orin\u0117 18650 baterija (ne\u012ftraukta \u012f komplekt\u0105)<br \/>\nI\u0161\u0117jimo galia: 5-80w<br \/>\n\u012ekrovimo srov\u0117: dc 5v\/2a, Typ-c<br \/>\nEkranas: 0.91 colio OLED ekranas<br \/>\nTalpa: 4,5 ml<br \/>\nU\u017epildymo tipas: vir\u0161utinis u\u017epildymas<br \/>\nOro srautas: vir\u0161utinis oro srautas<br \/>\nSpirali\u0173 var\u017ea: Vaporesso GTX 0.15\u03a9 tinklelio spirale (60-75w), Vaporesso GTX 0.3\u03a9 tinklelio spirale (32-45w)<br \/>\nTinka: Vaporesso X tank pod ir visoms GTX spiralei<br \/>\nSpalva: tamsiai juoda, \u0161viesiai sidabrin\u0117, matin\u0117 pilka, Eg\u0117jo M\u0117lyna, \u017dem\u0117s Ruda, Alfa \u017dalia<\/p>\n<\/div>\n<div class=\"detailmodule_text\">\n<p id=\"tl_6\" class=\"detail-desc-decorate-title\" style=\"font-family: OpenSans; font-size: 20px; font-weight: 900; line-height: 28px; margin-bottom: 12px;\">I\u0161samiai:<\/p>\n<p id=\"tl_7\" class=\"detail-desc-decorate-content\" style=\"font-family: OpenSans; font-size: 14px; font-weight: 300; line-height: 20px; margin-bottom: 12px;\">1. naujai suprojektuotas Pod Mod skirtas lietuvi\u0173 vartotojams<br \/>\n2. atskira i\u0161orin\u0117 18650 baterija su maksimaliu 80W galia<br \/>\n3. Tipo-C \u012fkrovimas ir 0,91 colio OLED ekranas<br \/>\n4. naujas x Tank su 4,5 ml E-sviesto talpa<br \/>\n5. suprojektuotas su vir\u0161utinio u\u017epildymo sistema ir vir\u0161utiniu oro srautu<br \/>\n6. naudoja sss 2.0 nutek\u0117jimo apsaugos technologij\u0105 ir skyst\u012f savaranki\u0161kai cirkuliuojan\u010di\u0105 sistem\u0105<br \/>\n7. suderinamas su visomis vapor esso gtx rit\u0117mis nuo 0,15\u03a9 iki 1,2\u03a9<br \/>\n8. nauja inovatyvi corex technologija, skirta tankesniam skoniui ir ilgesniam GTX rit\u0117s tarnavimo laikui<br \/>\n9. patentuota Morph-Mesh strukt\u016bra tiksliai skonio gamybai<br \/>\n10. daugiau p\u016bkuotos Cumulus medviln\u0117s, u\u017etikrinan\u010dios didesn\u012f skys\u010dio tiekim\u0105 ir ilgalaik\u012f malonum\u0105<br \/>\n11. lengvesnis korpusas su 4 sluoksni\u0173 danga, patogus laikyti<br \/>\n12. architekt\u016bros estetika su subtilia tekst\u016bra, eleganti\u0161kas ir stilingas<br \/>\n13. i\u0161manusis re\u017eimas automati\u0161kai rekomenduoja geriausi\u0105 veikim\u0105 jums<\/p>\n<\/div>\n<div class=\"detailmodule_text\">\n<p id=\"tl_8\" class=\"detail-desc-decorate-title\" style=\"font-family: OpenSans; font-size: 20px; font-weight: 900; line-height: 28px; margin-bottom: 12px;\">Pakuot\u0117:<\/p>\n<p id=\"tl_9\" class=\"detail-desc-decorate-content\" style=\"font-family: OpenSans; font-size: 14px; font-weight: 300; line-height: 20px; margin-bottom: 12px;\">1 * Vapor esso gen pt80s modulis<br \/>\nVapor esso x Tank Pod (4,5 ml)<br \/>\n1 * Vapor esso gtx 0,15\u03a9 tinklelio rit\u0117 (60-75w)<br \/>\n1 * Vapor esso gtx 0,3\u03a9 tinklelio rit\u0117 (32-45w)<br \/>\n1 * Tipo-C laidas<br \/>\n1 * Vartotojo vadovas<br \/>\n1 * Garantijos kortel\u0117<\/p>\n<\/div>\n<div class=\"detailmodule_image\"><img decoding=\"async\" loading=\"lazy\" class=\"detail-desc-decorate-image\" style=\"margin-bottom: 10px;\" src=\"https:\/\/ae01.alicdn.com\/kf\/Sbc635f6ffc87450ba52a11aea757b0d97.jpg\" \/><br \/>\n<img decoding=\"async\" loading=\"lazy\" class=\"detail-desc-decorate-image\" style=\"margin-bottom: 10px;\" src=\"https:\/\/ae01.alicdn.com\/kf\/Se27b5ec0f7384303a7c585d2444e1898j.jpg\" \/><br \/>\n<img decoding=\"async\" loading=\"lazy\" class=\"detail-desc-decorate-image\" style=\"margin-bottom: 10px;\" src=\"https:\/\/ae01.alicdn.com\/kf\/Sa3e364c2f25b4b928f3baee9a4835393v.jpg\" \/><br \/>\n<img decoding=\"async\" loading=\"lazy\" class=\"detail-desc-decorate-image\" style=\"margin-bottom: 10px;\" src=\"https:\/\/ae01.alicdn.com\/kf\/S91ef85ff63954ea6aa13364aec1f9dcb7.jpg\" \/><br \/>\n<img decoding=\"async\" loading=\"lazy\" class=\"detail-desc-decorate-image\" style=\"margin-bottom: 10px;\" src=\"https:\/\/ae01.alicdn.com\/kf\/Sd6c1d6e006fb49758fcc356d4bd88855V.jpg\" \/><br \/>\n<img decoding=\"async\" loading=\"lazy\" class=\"detail-desc-decorate-image\" style=\"margin-bottom: 10px;\" src=\"https:\/\/ae01.alicdn.com\/kf\/S18c80793e4ca4c15a4a1bd324258b044X.jpg\" \/><br \/>\n<img decoding=\"async\" loading=\"lazy\" class=\"detail-desc-decorate-image\" style=\"margin-bottom: 10px;\" src=\"https:\/\/ae01.alicdn.com\/kf\/S8ee4c04fb827484294f1cb793ba94c7cq.jpg\" \/><br \/>\n<img decoding=\"async\" loading=\"lazy\" class=\"detail-desc-decorate-image\" style=\"margin-bottom: 10px;\" src=\"https:\/\/ae01.alicdn.com\/kf\/Se33c6dead92544b78eedae2f46bb1ea1f.jpg\" \/><br \/>\n<img decoding=\"async\" loading=\"lazy\" class=\"detail-desc-decorate-image\" style=\"margin-bottom: 10px;\" src=\"https:\/\/ae01.alicdn.com\/kf\/Se8775e177a7b496aba614fcb8de6d59aj.jpg\" \/><br \/>\n<img decoding=\"async\" loading=\"lazy\" class=\"detail-desc-decorate-image\" style=\"margin-bottom: 10px;\" src=\"https:\/\/ae01.alicdn.com\/kf\/S1040b4b899c7490cb2034301c5ebfb67p.jpg\" \/><\/div>\n<div class=\"detailmodule_image\"><img decoding=\"async\" loading=\"lazy\" class=\"detail-desc-decorate-image\" src=\"https:\/\/ae01.alicdn.com\/kf\/S6f19b2d6cf034f6b8fe685bd1ec8ea51Y.jpg\" \/><br \/>\n<img decoding=\"async\" loading=\"lazy\" class=\"detail-desc-decorate-image\" src=\"https:\/\/ae01.alicdn.com\/kf\/S92dbf1bf9df445a0a1df844cb56c62e0q.jpg\" \/><br \/>\n<img decoding=\"async\" loading=\"lazy\" class=\"detail-desc-decorate-image\" src=\"https:\/\/ae01.alicdn.com\/kf\/S59589d1a54a44abaac2c2eeeef700ed1I.jpg\" \/><br \/>\n<img decoding=\"async\" loading=\"lazy\" class=\"detail-desc-decorate-image\" src=\"https:\/\/ae01.alicdn.com\/kf\/S87552523667b467d9988d6b456dc382e5.jpg\" \/><br \/>\n<img decoding=\"async\" loading=\"lazy\" class=\"detail-desc-decorate-image\" src=\"https:\/\/ae01.alicdn.com\/kf\/S99a02466df5b4c2a88b36020aa805c1bd.jpg\" \/><\/div>\n<p>&nbsp;<\/p>\n<\/div>\n<\/div>","protected":false},"excerpt":{"rendered":"<p>&nbsp; Aussehen:\u00a0Box Form Kompatibler Akku:\u00a0Kein \u00dcberwachung Funktion Von Rauchen Anzahl:\u00a0Nein Silikon Fall:\u00a0Nein Temperaturregelung:\u00a0Nein Eingebaute Oder Externe Batterie:\u00a0External Kurzschlussschutz Funktion:\u00a0Ja \u00dcberhitzungsschutz-funktion:\u00a0Ja Niederspannungsalarmfunktion:\u00a0Ja Zerst\u00e4uber Identifikation Funktion:\u00a0Ja TCR Einstellung Modi:\u00a0Nein Nominale Kapazit\u00e4t:\u00a0Kein Material:\u00a0Metall Compatible Model:\u00a0Electronic Cigarette Vape Modellnummer:\u00a0Vaporesso GEN PT80 S Kit Usb-ladeger\u00e4t:\u00a0Ja Firmware-upgrade:\u00a0Nein Display:\u00a0Ja Art:\u00a0Ohne Batterie Markenname:\u00a0vaporesso Ursprung:\u00a0CN (Herkunft) Original vapor esso gen pt80 s kit 80w [&hellip;]<\/p>","protected":false},"featured_media":8020,"template":"","meta":{"inline_featured_image":false},"product_cat":[752,756,739,743,77],"product_tag":[],"tiered_pricing_type":"fixed","tiered_pricing_fixed_rules":[],"tiered_pricing_percentage_rules":[],"tiered_pricing_minimum":1,"_administrator_tiered_pricing_type":"fixed","_administrator_tiered_pricing_fixed_rules":[],"_editor_tiered_pricing_type":"fixed","_editor_tiered_pricing_fixed_rules":[],"_author_tiered_pricing_type":"fixed","_author_tiered_pricing_fixed_rules":[],"_contributor_tiered_pricing_type":"fixed","_contributor_tiered_pricing_fixed_rules":[],"_subscriber_tiered_pricing_type":"fixed","_subscriber_tiered_pricing_fixed_rules":[],"_customer_tiered_pricing_type":"fixed","_customer_tiered_pricing_fixed_rules":[],"_shop_manager_tiered_pricing_type":"fixed","_shop_manager_tiered_pricing_fixed_rules":[],"_wpseo_manager_tiered_pricing_type":"fixed","_wpseo_manager_tiered_pricing_fixed_rules":[],"_wpseo_editor_tiered_pricing_type":"fixed","_wpseo_editor_tiered_pricing_fixed_rules":[],"_wholesale_customer_tiered_pricing_type":"fixed","_wholesale_customer_tiered_pricing_fixed_rules":[],"_marketer_tiered_pricing_type":"fixed","_marketer_tiered_pricing_fixed_rules":[],"_sales_manager_tiered_pricing_type":"fixed","_sales_manager_tiered_pricing_fixed_rules":[],"_sales_rep_tiered_pricing_type":"fixed","_sales_rep_tiered_pricing_fixed_rules":[],"yoast_head":"<!-- This site is optimized with the Yoast SEO plugin v23.3 - https:\/\/yoast.com\/wordpress\/plugins\/seo\/ -->\n<title>Vapor esso gen pt80s kit 80w box mod vape mit 4,5 ml x tank pod patrone fit gtx spule e zigaretten verdampfer | ElementVape.de<\/title>\n<meta name=\"description\" content=\"Wir bieten Vapor esso gen pt80s kit 80w box mod vape mit 4,5 ml x tank pod patrone fit gtx spule e zigaretten verdampfer , Elementvape.de akzeptieren Gro\u00df-und Einzelhandel Bestellungen.\" \/>\n<meta name=\"robots\" content=\"index, follow, max-snippet:-1, max-image-preview:large, max-video-preview:-1\" \/>\n<link rel=\"canonical\" href=\"https:\/\/www.elementvape.de\/lt\/produkt\/vapor-esso-gen-pt80s-kit-80w-box-mod\/\" \/>\n<meta property=\"og:locale\" content=\"lt_LT\" \/>\n<meta property=\"og:type\" content=\"article\" \/>\n<meta property=\"og:title\" content=\"Vapor esso gen pt80s kit 80w box mod vape mit 4,5 ml x tank pod patrone fit gtx spule e zigaretten verdampfer | ElementVape.de\" \/>\n<meta property=\"og:description\" content=\"Wir bieten Vapor esso gen pt80s kit 80w box mod vape mit 4,5 ml x tank pod patrone fit gtx spule e zigaretten verdampfer , Elementvape.de akzeptieren Gro\u00df-und Einzelhandel Bestellungen.\" \/>\n<meta property=\"og:url\" content=\"https:\/\/www.elementvape.de\/lt\/produkt\/vapor-esso-gen-pt80s-kit-80w-box-mod\/\" \/>\n<meta property=\"og:site_name\" content=\"ElementVape.de\" \/>\n<meta property=\"article:modified_time\" content=\"2024-09-12T10:34:23+00:00\" \/>\n<meta property=\"og:image\" content=\"https:\/\/ae01.alicdn.com\/kf\/Sbbde77a4bde64e9fae588d323936721de\/Original-vapor-esso-gen-pt80s-kit-80w-box-mod-vape-mit-4-5-ml-x-tank.jpg\" \/>\n\t<meta property=\"og:image:width\" content=\"800\" \/>\n\t<meta property=\"og:image:height\" content=\"800\" \/>\n\t<meta property=\"og:image:type\" content=\"image\/jpeg\" \/>\n<meta name=\"twitter:card\" content=\"summary_large_image\" \/>\n<meta name=\"twitter:label1\" content=\"Est. reading time\" \/>\n\t<meta name=\"twitter:data1\" content=\"7 minut\u0117s\" \/>\n<script type=\"application\/ld+json\" class=\"yoast-schema-graph\">{\"@context\":\"https:\/\/schema.org\",\"@graph\":[{\"@type\":\"WebPage\",\"@id\":\"https:\/\/www.elementvape.de\/produkt\/vapor-esso-gen-pt80s-kit-80w-box-mod\/\",\"url\":\"https:\/\/www.elementvape.de\/produkt\/vapor-esso-gen-pt80s-kit-80w-box-mod\/\",\"name\":\"Vapor esso gen pt80s kit 80w box mod vape mit 4,5 ml x tank pod patrone fit gtx spule e zigaretten verdampfer | ElementVape.de\",\"isPartOf\":{\"@id\":\"https:\/\/www.elementvape.de\/#website\"},\"primaryImageOfPage\":{\"@id\":\"https:\/\/www.elementvape.de\/produkt\/vapor-esso-gen-pt80s-kit-80w-box-mod\/#primaryimage\"},\"image\":{\"@id\":\"https:\/\/www.elementvape.de\/produkt\/vapor-esso-gen-pt80s-kit-80w-box-mod\/#primaryimage\"},\"thumbnailUrl\":\"https:\/\/ae01.alicdn.com\/kf\/Sbbde77a4bde64e9fae588d323936721de\/Original-vapor-esso-gen-pt80s-kit-80w-box-mod-vape-mit-4-5-ml-x-tank.jpg\",\"datePublished\":\"2024-04-20T05:48:41+00:00\",\"dateModified\":\"2024-09-12T10:34:23+00:00\",\"description\":\"Wir bieten Vapor esso gen pt80s kit 80w box mod vape mit 4,5 ml x tank pod patrone fit gtx spule e zigaretten verdampfer , Elementvape.de akzeptieren Gro\u00df-und Einzelhandel Bestellungen.\",\"breadcrumb\":{\"@id\":\"https:\/\/www.elementvape.de\/produkt\/vapor-esso-gen-pt80s-kit-80w-box-mod\/#breadcrumb\"},\"inLanguage\":\"lt-LT\",\"potentialAction\":[{\"@type\":\"ReadAction\",\"target\":[\"https:\/\/www.elementvape.de\/produkt\/vapor-esso-gen-pt80s-kit-80w-box-mod\/\"]}]},{\"@type\":\"ImageObject\",\"inLanguage\":\"lt-LT\",\"@id\":\"https:\/\/www.elementvape.de\/produkt\/vapor-esso-gen-pt80s-kit-80w-box-mod\/#primaryimage\",\"url\":\"https:\/\/ae01.alicdn.com\/kf\/Sbbde77a4bde64e9fae588d323936721de\/Original-vapor-esso-gen-pt80s-kit-80w-box-mod-vape-mit-4-5-ml-x-tank.jpg\",\"contentUrl\":\"https:\/\/ae01.alicdn.com\/kf\/Sbbde77a4bde64e9fae588d323936721de\/Original-vapor-esso-gen-pt80s-kit-80w-box-mod-vape-mit-4-5-ml-x-tank.jpg\",\"width\":800,\"height\":800},{\"@type\":\"BreadcrumbList\",\"@id\":\"https:\/\/www.elementvape.de\/produkt\/vapor-esso-gen-pt80s-kit-80w-box-mod\/#breadcrumb\",\"itemListElement\":[{\"@type\":\"ListItem\",\"position\":1,\"name\":\"Home\",\"item\":\"https:\/\/www.elementvape.de\/\"},{\"@type\":\"ListItem\",\"position\":2,\"name\":\"Shop\",\"item\":\"https:\/\/www.elementvape.de\/shop\/\"},{\"@type\":\"ListItem\",\"position\":3,\"name\":\"Vapor esso gen pt80s kit 80w box mod vape mit 4,5 ml x tank pod patrone fit gtx spule e zigaretten verdampfer\"}]},{\"@type\":\"WebSite\",\"@id\":\"https:\/\/www.elementvape.de\/#website\",\"url\":\"https:\/\/www.elementvape.de\/\",\"name\":\"ElementVape.de\",\"description\":\"\",\"publisher\":{\"@id\":\"https:\/\/www.elementvape.de\/#organization\"},\"potentialAction\":[{\"@type\":\"SearchAction\",\"target\":{\"@type\":\"EntryPoint\",\"urlTemplate\":\"https:\/\/www.elementvape.de\/?s={search_term_string}\"},\"query-input\":\"required name=search_term_string\"}],\"inLanguage\":\"lt-LT\"},{\"@type\":\"Organization\",\"@id\":\"https:\/\/www.elementvape.de\/#organization\",\"name\":\"ElementVape.DE\",\"url\":\"https:\/\/www.elementvape.de\/\",\"logo\":{\"@type\":\"ImageObject\",\"inLanguage\":\"lt-LT\",\"@id\":\"https:\/\/www.elementvape.de\/#\/schema\/logo\/image\/\",\"url\":\"https:\/\/www.elementvape.de\/wp-content\/uploads\/2024\/09\/cropped-1elementvape-3.png\",\"contentUrl\":\"https:\/\/www.elementvape.de\/wp-content\/uploads\/2024\/09\/cropped-1elementvape-3.png\",\"width\":285,\"height\":228,\"caption\":\"ElementVape.DE\"},\"image\":{\"@id\":\"https:\/\/www.elementvape.de\/#\/schema\/logo\/image\/\"}}]}<\/script>\n<!-- \/ Yoast SEO plugin. -->","yoast_head_json":{"title":"Vapor esso gen pt80s kit 80w box mod vape mit 4,5 ml x tank pod patrone fit gtx spule e zigaretten verdampfer | ElementVape.de","description":"Wir bieten Vapor esso gen pt80s kit 80w box mod vape mit 4,5 ml x tank pod patrone fit gtx spule e zigaretten verdampfer , Elementvape.de akzeptieren Gro\u00df-und Einzelhandel Bestellungen.","robots":{"index":"index","follow":"follow","max-snippet":"max-snippet:-1","max-image-preview":"max-image-preview:large","max-video-preview":"max-video-preview:-1"},"canonical":"https:\/\/www.elementvape.de\/lt\/produkt\/vapor-esso-gen-pt80s-kit-80w-box-mod\/","og_locale":"lt_LT","og_type":"article","og_title":"Vapor esso gen pt80s kit 80w box mod vape mit 4,5 ml x tank pod patrone fit gtx spule e zigaretten verdampfer | ElementVape.de","og_description":"Wir bieten Vapor esso gen pt80s kit 80w box mod vape mit 4,5 ml x tank pod patrone fit gtx spule e zigaretten verdampfer , Elementvape.de akzeptieren Gro\u00df-und Einzelhandel Bestellungen.","og_url":"https:\/\/www.elementvape.de\/lt\/produkt\/vapor-esso-gen-pt80s-kit-80w-box-mod\/","og_site_name":"ElementVape.de","article_modified_time":"2024-09-12T10:34:23+00:00","og_image":[{"width":800,"height":800,"url":"https:\/\/ae01.alicdn.com\/kf\/Sbbde77a4bde64e9fae588d323936721de\/Original-vapor-esso-gen-pt80s-kit-80w-box-mod-vape-mit-4-5-ml-x-tank.jpg","type":"image\/jpeg"}],"twitter_card":"summary_large_image","twitter_misc":{"Est. reading time":"7 minut\u0117s"},"schema":{"@context":"https:\/\/schema.org","@graph":[{"@type":"WebPage","@id":"https:\/\/www.elementvape.de\/produkt\/vapor-esso-gen-pt80s-kit-80w-box-mod\/","url":"https:\/\/www.elementvape.de\/produkt\/vapor-esso-gen-pt80s-kit-80w-box-mod\/","name":"Vapor esso gen pt80s kit 80w box mod vape mit 4,5 ml x tank pod patrone fit gtx spule e zigaretten verdampfer | ElementVape.de","isPartOf":{"@id":"https:\/\/www.elementvape.de\/#website"},"primaryImageOfPage":{"@id":"https:\/\/www.elementvape.de\/produkt\/vapor-esso-gen-pt80s-kit-80w-box-mod\/#primaryimage"},"image":{"@id":"https:\/\/www.elementvape.de\/produkt\/vapor-esso-gen-pt80s-kit-80w-box-mod\/#primaryimage"},"thumbnailUrl":"https:\/\/ae01.alicdn.com\/kf\/Sbbde77a4bde64e9fae588d323936721de\/Original-vapor-esso-gen-pt80s-kit-80w-box-mod-vape-mit-4-5-ml-x-tank.jpg","datePublished":"2024-04-20T05:48:41+00:00","dateModified":"2024-09-12T10:34:23+00:00","description":"Wir bieten Vapor esso gen pt80s kit 80w box mod vape mit 4,5 ml x tank pod patrone fit gtx spule e zigaretten verdampfer , Elementvape.de akzeptieren Gro\u00df-und Einzelhandel Bestellungen.","breadcrumb":{"@id":"https:\/\/www.elementvape.de\/produkt\/vapor-esso-gen-pt80s-kit-80w-box-mod\/#breadcrumb"},"inLanguage":"lt-LT","potentialAction":[{"@type":"ReadAction","target":["https:\/\/www.elementvape.de\/produkt\/vapor-esso-gen-pt80s-kit-80w-box-mod\/"]}]},{"@type":"ImageObject","inLanguage":"lt-LT","@id":"https:\/\/www.elementvape.de\/produkt\/vapor-esso-gen-pt80s-kit-80w-box-mod\/#primaryimage","url":"https:\/\/ae01.alicdn.com\/kf\/Sbbde77a4bde64e9fae588d323936721de\/Original-vapor-esso-gen-pt80s-kit-80w-box-mod-vape-mit-4-5-ml-x-tank.jpg","contentUrl":"https:\/\/ae01.alicdn.com\/kf\/Sbbde77a4bde64e9fae588d323936721de\/Original-vapor-esso-gen-pt80s-kit-80w-box-mod-vape-mit-4-5-ml-x-tank.jpg","width":800,"height":800},{"@type":"BreadcrumbList","@id":"https:\/\/www.elementvape.de\/produkt\/vapor-esso-gen-pt80s-kit-80w-box-mod\/#breadcrumb","itemListElement":[{"@type":"ListItem","position":1,"name":"Home","item":"https:\/\/www.elementvape.de\/"},{"@type":"ListItem","position":2,"name":"Shop","item":"https:\/\/www.elementvape.de\/shop\/"},{"@type":"ListItem","position":3,"name":"Vapor esso gen pt80s kit 80w box mod vape mit 4,5 ml x tank pod patrone fit gtx spule e zigaretten verdampfer"}]},{"@type":"WebSite","@id":"https:\/\/www.elementvape.de\/#website","url":"https:\/\/www.elementvape.de\/","name":"ElementVape.de","description":"","publisher":{"@id":"https:\/\/www.elementvape.de\/#organization"},"potentialAction":[{"@type":"SearchAction","target":{"@type":"EntryPoint","urlTemplate":"https:\/\/www.elementvape.de\/?s={search_term_string}"},"query-input":"required name=search_term_string"}],"inLanguage":"lt-LT"},{"@type":"Organization","@id":"https:\/\/www.elementvape.de\/#organization","name":"ElementVape.DE","url":"https:\/\/www.elementvape.de\/","logo":{"@type":"ImageObject","inLanguage":"lt-LT","@id":"https:\/\/www.elementvape.de\/#\/schema\/logo\/image\/","url":"https:\/\/www.elementvape.de\/wp-content\/uploads\/2024\/09\/cropped-1elementvape-3.png","contentUrl":"https:\/\/www.elementvape.de\/wp-content\/uploads\/2024\/09\/cropped-1elementvape-3.png","width":285,"height":228,"caption":"ElementVape.DE"},"image":{"@id":"https:\/\/www.elementvape.de\/#\/schema\/logo\/image\/"}}]}},"_links":{"self":[{"href":"https:\/\/www.elementvape.de\/lt\/wp-json\/wp\/v2\/product\/8019"}],"collection":[{"href":"https:\/\/www.elementvape.de\/lt\/wp-json\/wp\/v2\/product"}],"about":[{"href":"https:\/\/www.elementvape.de\/lt\/wp-json\/wp\/v2\/types\/product"}],"wp:featuredmedia":[{"embeddable":true,"href":"https:\/\/www.elementvape.de\/lt\/wp-json\/wp\/v2\/media\/8020"}],"wp:attachment":[{"href":"https:\/\/www.elementvape.de\/lt\/wp-json\/wp\/v2\/media?parent=8019"}],"wp:term":[{"taxonomy":"product_cat","embeddable":true,"href":"https:\/\/www.elementvape.de\/lt\/wp-json\/wp\/v2\/product_cat?post=8019"},{"taxonomy":"product_tag","embeddable":true,"href":"https:\/\/www.elementvape.de\/lt\/wp-json\/wp\/v2\/product_tag?post=8019"}],"curies":[{"name":"wp","href":"https:\/\/api.w.org\/{rel}","templated":true}]}}