{"id":7962,"date":"2024-04-20T07:37:47","date_gmt":"2024-04-20T07:37:47","guid":{"rendered":"https:\/\/www.elementvape.de\/?post_type=product&#038;p=7962"},"modified":"2024-09-26T07:06:07","modified_gmt":"2024-09-26T07:06:07","slug":"vape-box-mod-4400-mah-akku-dual-coil-zerstaeuber-vape-kit","status":"publish","type":"product","link":"https:\/\/www.elementvape.de\/lt\/produkt\/vape-box-mod-4400-mah-akku-dual-coil-zerstaeuber-vape-kit\/","title":{"rendered":"Vape Box Mod 4400 mAh akumuliatorius Dual Coil Zerst\u00e4uber Vape Rinkinys"},"content":{"rendered":"<p>&nbsp;<\/p>\n<div class=\"product-specs-list-container\">\n<ul class=\"product-specs-list util-clearfix\">\n<li class=\"product-prop line-limit-length\"><span class=\"property-title\">I\u0161vaizda:\u00a0<\/span><span class=\"property-desc line-limit-length\">D\u0117\u017eut\u0117s forma<\/span><\/li>\n<li class=\"product-prop line-limit-length\"><span class=\"property-title\">Suderinama baterija:\u00a0<\/span><span class=\"property-desc line-limit-length\">18650<\/span><\/li>\n<li class=\"product-prop line-limit-length\"><span class=\"property-title\">Steb\u0117jimo funkcija nuo r\u016bkymo skai\u010diaus:\u00a0<\/span><span class=\"property-desc line-limit-length\">Ne<\/span><\/li>\n<li class=\"product-prop line-limit-length\"><span class=\"property-title\">Silicone d\u0117klas:\u00a0<\/span><span class=\"property-desc line-limit-length\">Ne<\/span><\/li>\n<li class=\"product-prop line-limit-length\"><span class=\"property-title\">Temperat\u016bros reguliavimas:\u00a0<\/span><span class=\"property-desc line-limit-length\">Ja<\/span><\/li>\n<li class=\"product-prop line-limit-length\"><span class=\"property-title\">\u012emontuota arba i\u0161orin\u0117 baterija:\u00a0<\/span><span class=\"property-desc line-limit-length\">\u012emontuota<\/span><\/li>\n<li class=\"product-prop line-limit-length\"><span class=\"property-title\">Trump\u0173j\u0173 jung\u010di\u0173 apsaugos funkcija:\u00a0<\/span><span class=\"property-desc line-limit-length\">Ja<\/span><\/li>\n<li class=\"product-prop line-limit-length\"><span class=\"property-title\">Perkaitimo apsaugos funkcija:\u00a0<\/span><span class=\"property-desc line-limit-length\">Ja<\/span><\/li>\n<li class=\"product-prop line-limit-length\"><span class=\"property-title\">\u017dem\u0173 \u012ftampos \u012fsp\u0117jimo funkcija:\u00a0<\/span><span class=\"property-desc line-limit-length\">Ja<\/span><\/li>\n<li class=\"product-prop line-limit-length\"><span class=\"property-title\">Pur\u0161kiklio identifikavimo funkcija:\u00a0<\/span><span class=\"property-desc line-limit-length\">Ja<\/span><\/li>\n<li class=\"product-prop line-limit-length\"><span class=\"property-title\">TCR nustatymo re\u017eimai:\u00a0<\/span><span class=\"property-desc line-limit-length\">Ja<\/span><\/li>\n<li class=\"product-prop line-limit-length\"><span class=\"property-title\">Nominalus talpa:\u00a0<\/span><span class=\"property-desc line-limit-length\">&gt; 3500 mAh<\/span><\/li>\n<li class=\"product-prop line-limit-length\"><span class=\"property-title\">Med\u017eiaga:\u00a0<\/span><span class=\"property-desc line-limit-length\">Metalas<\/span><\/li>\n<li class=\"product-prop line-limit-length\"><span class=\"property-title\">Suderinamas modelis:\u00a0<\/span><span class=\"property-desc line-limit-length\">510 srieginio atomizatoriaus<\/span><\/li>\n<li class=\"product-prop line-limit-length\"><span class=\"property-title\">Modelio numeris:\u00a0<\/span><span class=\"property-desc line-limit-length\">subtwo 200w d\u0117klas ir Zeus Sub Ohm bakelis<\/span><\/li>\n<li class=\"product-prop line-limit-length\"><span class=\"property-title\">USB \u012fkroviklis:\u00a0<\/span><span class=\"property-desc line-limit-length\">Ja<\/span><\/li>\n<li class=\"product-prop line-limit-length\"><span class=\"property-title\">Programin\u0117s \u012frangos atnaujinimas:\u00a0<\/span><span class=\"property-desc line-limit-length\">Ja<\/span><\/li>\n<li class=\"product-prop line-limit-length\"><span class=\"property-title\">Ekranas:\u00a0<\/span><span class=\"property-desc line-limit-length\">Ja<\/span><\/li>\n<li class=\"product-prop line-limit-length\"><span class=\"property-title\">Tipas:\u00a0<\/span><span class=\"property-desc line-limit-length\">Su Baterija<\/span><\/li>\n<li class=\"product-prop line-limit-length\"><span class=\"property-title\">Prek\u0117s \u017eenklas:\u00a0<\/span><span class=\"property-desc line-limit-length\">SUB TWO<\/span><\/li>\n<li class=\"product-prop line-limit-length\"><span class=\"property-title\">Kilm\u0117s \u0161alis:\u00a0<\/span><span class=\"property-desc line-limit-length\">CN (Kilm\u0117)<\/span><\/li>\n<li class=\"product-prop line-limit-length\"><span class=\"property-title\">Spalva:\u00a0<\/span><span class=\"property-desc line-limit-length\">Modas atsitiktinai siun\u010dia juod\u0105 arba sidabrin\u012f,<\/span><\/li>\n<li class=\"product-prop line-limit-length\"><span class=\"property-title\">Lipdukas:\u00a0<\/span><span class=\"property-desc line-limit-length\">Gausite pasirinkt\u0105 stili\u0173<\/span><\/li>\n<li class=\"product-prop line-limit-length\"><span class=\"property-title\">Mod vardas:\u00a0<\/span><span class=\"property-desc line-limit-length\">Damo 200w \u012frenginys<\/span><\/li>\n<li class=\"product-prop line-limit-length\"><span class=\"property-title\">Dydis:\u00a0<\/span><span class=\"property-desc line-limit-length\">81,7mm 24,7mm 43mm<\/span><\/li>\n<li class=\"product-prop line-limit-length\"><span class=\"property-title\">Re\u017eimai:\u00a0<\/span><span class=\"property-desc line-limit-length\">VW\/MECH\/\u201eW\/SEC\u201c\/VT(NI,TI,SS)<\/span><\/li>\n<li class=\"product-prop line-limit-length\"><span class=\"property-title\">Baterijos talpa:\u00a0<\/span><span class=\"property-desc line-limit-length\">DVIGUBAS 18650 BOX MODAS<\/span><\/li>\n<li class=\"product-prop line-limit-length\"><span class=\"property-title\">Galia:\u00a0<\/span><span class=\"property-desc line-limit-length\">5w-200w<\/span><\/li>\n<li class=\"product-prop line-limit-length\"><span class=\"property-title\">Var\u017eos diapazonas:\u00a0<\/span><span class=\"property-desc line-limit-length\">0,06\u03a9-3,0\u03a9<\/span><\/li>\n<li class=\"product-prop line-limit-length\"><span class=\"property-title\">\u012etampos diapazonas:\u00a0<\/span><span class=\"property-desc line-limit-length\">6,5v-8,4v<\/span><\/li>\n<li class=\"product-prop line-limit-length\"><span class=\"property-title\">Did\u017eiausias \u012fkrovimo srov\u0117s kiekis:\u00a0<\/span><span class=\"property-desc line-limit-length\">2A<\/span><\/li>\n<li class=\"product-prop line-limit-length\"><span class=\"property-title\">Atomizatorius A:\u00a0<\/span><span class=\"property-desc line-limit-length\">ZEUS SUB OHM<\/span><\/li>\n<li class=\"product-prop line-limit-length\"><span class=\"property-title\">Atomizatorius B:\u00a0<\/span><span class=\"property-desc line-limit-length\">Mir\u0119s triu\u0161is rta v1<\/span><\/li>\n<li class=\"product-prop line-limit-length\"><span class=\"property-title\">Atomizatorius C:\u00a0<\/span><span class=\"property-desc line-limit-length\">Mir\u0119s triu\u0161is rta v3<\/span><\/li>\n<\/ul>\n<\/div>\n<div class=\"detailmodule_html\">\n<div class=\"detail-desc-decorate-richtext\">\n<div class=\"detailmodule_html\">\n<div class=\"detail-desc-decorate-richtext\">\n<div>\n<p><img decoding=\"async\" loading=\"lazy\" src=\"https:\/\/ae01.alicdn.com\/kf\/S6c69382fb7b2406cac7c10922ea0360d8.jpg?width=3653&amp;height=300&amp;hash=3953\" \/><\/p>\n<div><\/div>\n<p id=\"tl_1\">Kaip naudotis produktu:<\/p>\n<p id=\"tl_2\">1. Paspauskite jungiklio mygtuk\u0105 5 kartus, kad \u012fjungtum\u0117te arba i\u0161jungtum\u0117te produkt\u0105 (visiems E-cigaret\u0117ms)<\/p>\n<p id=\"tl_3\">2. \u012ejungus produkt\u0105, galite nustatyti funkcij\u0105 ir re\u017eimo pad\u0117t\u012f paspausdami mygtuk\u0105.<\/p>\n<p id=\"tl_4\">3. Paspauskite 3 kartus, kad pakeistum\u0117te rodymo re\u017eim\u0105 (galingumo re\u017eim\u0105 arba temperat\u016bros re\u017eim\u0105)<\/p>\n<p id=\"tl_5\">200w d\u0117klo modas:<\/p>\n<p>Damo 200w modas (OLED ekranas):<\/p>\n<p>Tiksli \u012ftampos reguliavimas, dviej\u0173 fazi\u0173 \u012ftampos reguliavimas, gali laisvai reguliuoti d\u0117klo mod\u0173 baterij\u0173 \u012ftamp\u0105, \u012ftamp\u0105 ir var\u017e\u0105.<\/p>\n<p>OLED ekrano temperat\u016bros kontrol\u0117s diapazonas: 100 \u2103-300 \u2103.<\/p>\n<p>Galingumo diapazonas: 5w-200w<\/p>\n<p>\u0160i nuoroda rodo tris derinius. Galite pasirinkti bet kur\u012f derin\u012f<\/p>\n<p>Pakuot\u0117s s\u0105ra\u0161as: kaip parodyta nuotraukoje<\/p>\n<p><a class=\"\" href=\"http:\/\/www.aliexpress.com\/item\/1005001967171141.html?spm=a2g0o.store_pc_allProduct.8148356.19.2a812bb5bHvLBf&amp;pdp_npi=2%40dis%21USD%21US%20%242.04%21US%20%241.26%21%21%21%21%21%402132a1f916570162775927131e6249%2112000018259670938%21sh\" target=\"_self\" rel=\"noopener\"><img loading=\"lazy\" decoding=\"async\" src=\"https:\/\/ae01.alicdn.com\/kf\/S4f1822f8c3084551b07359a426fa3d3fU.jpg?width=1000&amp;height=600&amp;hash=1600\" width=\"944\" height=\"566\" \/><\/a><img decoding=\"async\" loading=\"lazy\" src=\"https:\/\/ae01.alicdn.com\/kf\/S540f89946c2343648843441d797961ea9.jpg?width=3653&amp;height=300&amp;hash=3953\" \/><img decoding=\"async\" loading=\"lazy\" src=\"https:\/\/ae01.alicdn.com\/kf\/Sb6997af7d37c43f3ae6947437fb97e203.jpg?width=1000&amp;height=1000&amp;hash=2000\" \/><\/p>\n<p><img decoding=\"async\" loading=\"lazy\" src=\"https:\/\/ae01.alicdn.com\/kf\/S232e8231dabd45fe91747b7bed24e7a7f.jpg?width=1000&amp;height=1000&amp;hash=2000\" \/><\/p>\n<p><img decoding=\"async\" loading=\"lazy\" src=\"https:\/\/ae01.alicdn.com\/kf\/S3c8b2cbe4f1044a7b585a56de603391bi.jpg?width=800&amp;height=800&amp;hash=1600\" \/><img decoding=\"async\" loading=\"lazy\" src=\"https:\/\/ae01.alicdn.com\/kf\/S49b7e282a0da4c18b1581ebc9de37081J.jpg?width=1000&amp;height=1000&amp;hash=2000\" \/><img decoding=\"async\" loading=\"lazy\" src=\"https:\/\/ae01.alicdn.com\/kf\/S833759a4ffa442fb956302189ee34e75d.jpg?width=1000&amp;height=1000&amp;hash=2000\" \/><br \/>\n<img decoding=\"async\" loading=\"lazy\" src=\"https:\/\/ae01.alicdn.com\/kf\/Sc8d512a4b72643ceb5de820faeffb689M.jpg?width=1000&amp;height=1000&amp;hash=2000\" \/><img decoding=\"async\" loading=\"lazy\" src=\"https:\/\/ae01.alicdn.com\/kf\/S1ff888fc3d474c47b86184926dad1244F.jpg?width=1000&amp;height=1000&amp;hash=2000\" \/><img decoding=\"async\" loading=\"lazy\" src=\"https:\/\/ae01.alicdn.com\/kf\/S03fdf85dfbce471b805844ec0fe27cedm.jpg?width=1000&amp;height=1000&amp;hash=2000\" \/><img decoding=\"async\" loading=\"lazy\" src=\"https:\/\/ae01.alicdn.com\/kf\/S08f7b9430b694714b9ea6ca848886f61v.jpg?width=1000&amp;height=1000&amp;hash=2000\" \/><img decoding=\"async\" loading=\"lazy\" src=\"https:\/\/ae01.alicdn.com\/kf\/Sbd89395905c544e1a94657fea097231fd.jpg?width=1000&amp;height=1000&amp;hash=2000\" \/><\/p>\n<p><img decoding=\"async\" loading=\"lazy\" src=\"https:\/\/ae01.alicdn.com\/kf\/Sff2f8ae2f57242c1a0254783cb77c42f8.jpg?width=1000&amp;height=1000&amp;hash=2000\" \/><img decoding=\"async\" loading=\"lazy\" src=\"https:\/\/ae01.alicdn.com\/kf\/S41f6d72aedfd4bb68b128d33e60fea4b8.jpg?width=1000&amp;height=1000&amp;hash=2000\" \/><\/p>\n<div><\/div>\n<\/div>\n<div><\/div>\n<\/div>\n<\/div>\n<p>&nbsp;<\/p>\n<\/div>\n<\/div>","protected":false},"excerpt":{"rendered":"<p>&nbsp; Aussehen:\u00a0Box Form Kompatibler Akku:\u00a018650 \u00dcberwachung Funktion Von Rauchen Anzahl:\u00a0Nein Silikon Fall:\u00a0Nein Temperaturregelung:\u00a0Ja Eingebaute Oder Externe Batterie:\u00a0Eingebaute Kurzschlussschutz Funktion:\u00a0Ja \u00dcberhitzungsschutz-funktion:\u00a0Ja Niederspannungsalarmfunktion:\u00a0Ja Zerst\u00e4uber Identifikation Funktion:\u00a0Ja TCR Einstellung Modi:\u00a0Ja Nominale Kapazit\u00e4t:\u00a0&gt; 3500 mAh Material:\u00a0Metall Compatible Model:\u00a0510 thread atomizer Modellnummer:\u00a0subtwo 200w box mod and Zeus Sub Ohm tank Usb-ladeger\u00e4t:\u00a0Ja Firmware-upgrade:\u00a0Ja Display:\u00a0Ja Art:\u00a0Mit Batterie Markenname:\u00a0SUB TWO Ursprung:\u00a0CN (Herkunft) Color:\u00a0Mod [&hellip;]<\/p>","protected":false},"featured_media":7964,"template":"","meta":{"inline_featured_image":false},"product_cat":[78,750,737,736,749,77],"product_tag":[],"tiered_pricing_type":"fixed","tiered_pricing_fixed_rules":[],"tiered_pricing_percentage_rules":[],"tiered_pricing_minimum":1,"_administrator_tiered_pricing_type":"fixed","_administrator_tiered_pricing_fixed_rules":[],"_editor_tiered_pricing_type":"fixed","_editor_tiered_pricing_fixed_rules":[],"_author_tiered_pricing_type":"fixed","_author_tiered_pricing_fixed_rules":[],"_contributor_tiered_pricing_type":"fixed","_contributor_tiered_pricing_fixed_rules":[],"_subscriber_tiered_pricing_type":"fixed","_subscriber_tiered_pricing_fixed_rules":[],"_customer_tiered_pricing_type":"fixed","_customer_tiered_pricing_fixed_rules":[],"_shop_manager_tiered_pricing_type":"fixed","_shop_manager_tiered_pricing_fixed_rules":[],"_wpseo_manager_tiered_pricing_type":"fixed","_wpseo_manager_tiered_pricing_fixed_rules":[],"_wpseo_editor_tiered_pricing_type":"fixed","_wpseo_editor_tiered_pricing_fixed_rules":[],"_wholesale_customer_tiered_pricing_type":"fixed","_wholesale_customer_tiered_pricing_fixed_rules":[],"_marketer_tiered_pricing_type":"fixed","_marketer_tiered_pricing_fixed_rules":[],"_sales_manager_tiered_pricing_type":"fixed","_sales_manager_tiered_pricing_fixed_rules":[],"_sales_rep_tiered_pricing_type":"fixed","_sales_rep_tiered_pricing_fixed_rules":[],"yoast_head":"<!-- This site is optimized with the Yoast SEO plugin v23.3 - https:\/\/yoast.com\/wordpress\/plugins\/seo\/ -->\n<title>Vape Box Mod 4400 mAh Akku Dual Coil Zerst\u00e4uber Vape Kit | ElementVape.de<\/title>\n<meta name=\"description\" content=\"Wir bieten Vape Box Mod 4400 mAh Akku Dual Coil Zerst\u00e4uber Vape Kit , Elementvape.de akzeptieren Gro\u00df-und Einzelhandel Bestellungen.\" \/>\n<meta name=\"robots\" content=\"index, follow, max-snippet:-1, max-image-preview:large, max-video-preview:-1\" \/>\n<link rel=\"canonical\" href=\"https:\/\/www.elementvape.de\/lt\/produkt\/vape-box-mod-4400-mah-akku-dual-coil-zerstaeuber-vape-kit\/\" \/>\n<meta property=\"og:locale\" content=\"lt_LT\" \/>\n<meta property=\"og:type\" content=\"article\" \/>\n<meta property=\"og:title\" content=\"Vape Box Mod 4400 mAh Akku Dual Coil Zerst\u00e4uber Vape Kit | ElementVape.de\" \/>\n<meta property=\"og:description\" content=\"Wir bieten Vape Box Mod 4400 mAh Akku Dual Coil Zerst\u00e4uber Vape Kit , Elementvape.de akzeptieren Gro\u00df-und Einzelhandel Bestellungen.\" \/>\n<meta property=\"og:url\" content=\"https:\/\/www.elementvape.de\/lt\/produkt\/vape-box-mod-4400-mah-akku-dual-coil-zerstaeuber-vape-kit\/\" \/>\n<meta property=\"og:site_name\" content=\"ElementVape.de\" \/>\n<meta property=\"article:modified_time\" content=\"2024-09-26T07:06:07+00:00\" \/>\n<meta property=\"og:image\" content=\"https:\/\/ae01.alicdn.com\/kf\/S2189307a29da4d0787127489e42cbf1ee\/Elektronische-Zigarette-200w-Vape-Box-Mod-4400mah-Batterie-Zeus-Sub-Ohm-Tank-totes-Kaninchen-v1-v3.jpg\" \/>\n\t<meta property=\"og:image:width\" content=\"1000\" \/>\n\t<meta property=\"og:image:height\" content=\"1000\" \/>\n\t<meta property=\"og:image:type\" content=\"image\/jpeg\" \/>\n<meta name=\"twitter:card\" content=\"summary_large_image\" \/>\n<meta name=\"twitter:label1\" content=\"Est. reading time\" \/>\n\t<meta name=\"twitter:data1\" content=\"5 minut\u0117s\" \/>\n<script type=\"application\/ld+json\" class=\"yoast-schema-graph\">{\"@context\":\"https:\/\/schema.org\",\"@graph\":[{\"@type\":\"WebPage\",\"@id\":\"https:\/\/www.elementvape.de\/el\/produkt\/vape-box-mod-4400-mah-akku-dual-coil-zerstaeuber-vape-kit\/\",\"url\":\"https:\/\/www.elementvape.de\/el\/produkt\/vape-box-mod-4400-mah-akku-dual-coil-zerstaeuber-vape-kit\/\",\"name\":\"Vape Box Mod 4400 mAh Akku Dual Coil Zerst\u00e4uber Vape Kit | ElementVape.de\",\"isPartOf\":{\"@id\":\"https:\/\/www.elementvape.de\/#website\"},\"primaryImageOfPage\":{\"@id\":\"https:\/\/www.elementvape.de\/el\/produkt\/vape-box-mod-4400-mah-akku-dual-coil-zerstaeuber-vape-kit\/#primaryimage\"},\"image\":{\"@id\":\"https:\/\/www.elementvape.de\/el\/produkt\/vape-box-mod-4400-mah-akku-dual-coil-zerstaeuber-vape-kit\/#primaryimage\"},\"thumbnailUrl\":\"https:\/\/ae01.alicdn.com\/kf\/S2189307a29da4d0787127489e42cbf1ee\/Elektronische-Zigarette-200w-Vape-Box-Mod-4400mah-Batterie-Zeus-Sub-Ohm-Tank-totes-Kaninchen-v1-v3.jpg\",\"datePublished\":\"2024-04-20T07:37:47+00:00\",\"dateModified\":\"2024-09-26T07:06:07+00:00\",\"description\":\"Wir bieten Vape Box Mod 4400 mAh Akku Dual Coil Zerst\u00e4uber Vape Kit , Elementvape.de akzeptieren Gro\u00df-und Einzelhandel Bestellungen.\",\"breadcrumb\":{\"@id\":\"https:\/\/www.elementvape.de\/el\/produkt\/vape-box-mod-4400-mah-akku-dual-coil-zerstaeuber-vape-kit\/#breadcrumb\"},\"inLanguage\":\"lt-LT\",\"potentialAction\":[{\"@type\":\"ReadAction\",\"target\":[\"https:\/\/www.elementvape.de\/el\/produkt\/vape-box-mod-4400-mah-akku-dual-coil-zerstaeuber-vape-kit\/\"]}]},{\"@type\":\"ImageObject\",\"inLanguage\":\"lt-LT\",\"@id\":\"https:\/\/www.elementvape.de\/el\/produkt\/vape-box-mod-4400-mah-akku-dual-coil-zerstaeuber-vape-kit\/#primaryimage\",\"url\":\"https:\/\/ae01.alicdn.com\/kf\/S2189307a29da4d0787127489e42cbf1ee\/Elektronische-Zigarette-200w-Vape-Box-Mod-4400mah-Batterie-Zeus-Sub-Ohm-Tank-totes-Kaninchen-v1-v3.jpg\",\"contentUrl\":\"https:\/\/ae01.alicdn.com\/kf\/S2189307a29da4d0787127489e42cbf1ee\/Elektronische-Zigarette-200w-Vape-Box-Mod-4400mah-Batterie-Zeus-Sub-Ohm-Tank-totes-Kaninchen-v1-v3.jpg\",\"width\":1000,\"height\":1000},{\"@type\":\"BreadcrumbList\",\"@id\":\"https:\/\/www.elementvape.de\/el\/produkt\/vape-box-mod-4400-mah-akku-dual-coil-zerstaeuber-vape-kit\/#breadcrumb\",\"itemListElement\":[{\"@type\":\"ListItem\",\"position\":1,\"name\":\"Home\",\"item\":\"https:\/\/www.elementvape.de\/\"},{\"@type\":\"ListItem\",\"position\":2,\"name\":\"Shop\",\"item\":\"https:\/\/www.elementvape.de\/shop\/\"},{\"@type\":\"ListItem\",\"position\":3,\"name\":\"Vape Box Mod 4400 mAh Akku Dual Coil Zerst\u00e4uber Vape Kit\"}]},{\"@type\":\"WebSite\",\"@id\":\"https:\/\/www.elementvape.de\/#website\",\"url\":\"https:\/\/www.elementvape.de\/\",\"name\":\"ElementVape.de\",\"description\":\"\",\"publisher\":{\"@id\":\"https:\/\/www.elementvape.de\/#organization\"},\"potentialAction\":[{\"@type\":\"SearchAction\",\"target\":{\"@type\":\"EntryPoint\",\"urlTemplate\":\"https:\/\/www.elementvape.de\/?s={search_term_string}\"},\"query-input\":\"required name=search_term_string\"}],\"inLanguage\":\"lt-LT\"},{\"@type\":\"Organization\",\"@id\":\"https:\/\/www.elementvape.de\/#organization\",\"name\":\"ElementVape.DE\",\"url\":\"https:\/\/www.elementvape.de\/\",\"logo\":{\"@type\":\"ImageObject\",\"inLanguage\":\"lt-LT\",\"@id\":\"https:\/\/www.elementvape.de\/#\/schema\/logo\/image\/\",\"url\":\"https:\/\/www.elementvape.de\/wp-content\/uploads\/2024\/09\/cropped-1elementvape-3.png\",\"contentUrl\":\"https:\/\/www.elementvape.de\/wp-content\/uploads\/2024\/09\/cropped-1elementvape-3.png\",\"width\":285,\"height\":228,\"caption\":\"ElementVape.DE\"},\"image\":{\"@id\":\"https:\/\/www.elementvape.de\/#\/schema\/logo\/image\/\"}}]}<\/script>\n<!-- \/ Yoast SEO plugin. -->","yoast_head_json":{"title":"Vape Box Mod 4400 mAh Akku Dual Coil Zerst\u00e4uber Vape Kit | ElementVape.de","description":"Wir bieten Vape Box Mod 4400 mAh Akku Dual Coil Zerst\u00e4uber Vape Kit , Elementvape.de akzeptieren Gro\u00df-und Einzelhandel Bestellungen.","robots":{"index":"index","follow":"follow","max-snippet":"max-snippet:-1","max-image-preview":"max-image-preview:large","max-video-preview":"max-video-preview:-1"},"canonical":"https:\/\/www.elementvape.de\/lt\/produkt\/vape-box-mod-4400-mah-akku-dual-coil-zerstaeuber-vape-kit\/","og_locale":"lt_LT","og_type":"article","og_title":"Vape Box Mod 4400 mAh Akku Dual Coil Zerst\u00e4uber Vape Kit | ElementVape.de","og_description":"Wir bieten Vape Box Mod 4400 mAh Akku Dual Coil Zerst\u00e4uber Vape Kit , Elementvape.de akzeptieren Gro\u00df-und Einzelhandel Bestellungen.","og_url":"https:\/\/www.elementvape.de\/lt\/produkt\/vape-box-mod-4400-mah-akku-dual-coil-zerstaeuber-vape-kit\/","og_site_name":"ElementVape.de","article_modified_time":"2024-09-26T07:06:07+00:00","og_image":[{"width":1000,"height":1000,"url":"https:\/\/ae01.alicdn.com\/kf\/S2189307a29da4d0787127489e42cbf1ee\/Elektronische-Zigarette-200w-Vape-Box-Mod-4400mah-Batterie-Zeus-Sub-Ohm-Tank-totes-Kaninchen-v1-v3.jpg","type":"image\/jpeg"}],"twitter_card":"summary_large_image","twitter_misc":{"Est. reading time":"5 minut\u0117s"},"schema":{"@context":"https:\/\/schema.org","@graph":[{"@type":"WebPage","@id":"https:\/\/www.elementvape.de\/el\/produkt\/vape-box-mod-4400-mah-akku-dual-coil-zerstaeuber-vape-kit\/","url":"https:\/\/www.elementvape.de\/el\/produkt\/vape-box-mod-4400-mah-akku-dual-coil-zerstaeuber-vape-kit\/","name":"Vape Box Mod 4400 mAh Akku Dual Coil Zerst\u00e4uber Vape Kit | ElementVape.de","isPartOf":{"@id":"https:\/\/www.elementvape.de\/#website"},"primaryImageOfPage":{"@id":"https:\/\/www.elementvape.de\/el\/produkt\/vape-box-mod-4400-mah-akku-dual-coil-zerstaeuber-vape-kit\/#primaryimage"},"image":{"@id":"https:\/\/www.elementvape.de\/el\/produkt\/vape-box-mod-4400-mah-akku-dual-coil-zerstaeuber-vape-kit\/#primaryimage"},"thumbnailUrl":"https:\/\/ae01.alicdn.com\/kf\/S2189307a29da4d0787127489e42cbf1ee\/Elektronische-Zigarette-200w-Vape-Box-Mod-4400mah-Batterie-Zeus-Sub-Ohm-Tank-totes-Kaninchen-v1-v3.jpg","datePublished":"2024-04-20T07:37:47+00:00","dateModified":"2024-09-26T07:06:07+00:00","description":"Wir bieten Vape Box Mod 4400 mAh Akku Dual Coil Zerst\u00e4uber Vape Kit , Elementvape.de akzeptieren Gro\u00df-und Einzelhandel Bestellungen.","breadcrumb":{"@id":"https:\/\/www.elementvape.de\/el\/produkt\/vape-box-mod-4400-mah-akku-dual-coil-zerstaeuber-vape-kit\/#breadcrumb"},"inLanguage":"lt-LT","potentialAction":[{"@type":"ReadAction","target":["https:\/\/www.elementvape.de\/el\/produkt\/vape-box-mod-4400-mah-akku-dual-coil-zerstaeuber-vape-kit\/"]}]},{"@type":"ImageObject","inLanguage":"lt-LT","@id":"https:\/\/www.elementvape.de\/el\/produkt\/vape-box-mod-4400-mah-akku-dual-coil-zerstaeuber-vape-kit\/#primaryimage","url":"https:\/\/ae01.alicdn.com\/kf\/S2189307a29da4d0787127489e42cbf1ee\/Elektronische-Zigarette-200w-Vape-Box-Mod-4400mah-Batterie-Zeus-Sub-Ohm-Tank-totes-Kaninchen-v1-v3.jpg","contentUrl":"https:\/\/ae01.alicdn.com\/kf\/S2189307a29da4d0787127489e42cbf1ee\/Elektronische-Zigarette-200w-Vape-Box-Mod-4400mah-Batterie-Zeus-Sub-Ohm-Tank-totes-Kaninchen-v1-v3.jpg","width":1000,"height":1000},{"@type":"BreadcrumbList","@id":"https:\/\/www.elementvape.de\/el\/produkt\/vape-box-mod-4400-mah-akku-dual-coil-zerstaeuber-vape-kit\/#breadcrumb","itemListElement":[{"@type":"ListItem","position":1,"name":"Home","item":"https:\/\/www.elementvape.de\/"},{"@type":"ListItem","position":2,"name":"Shop","item":"https:\/\/www.elementvape.de\/shop\/"},{"@type":"ListItem","position":3,"name":"Vape Box Mod 4400 mAh Akku Dual Coil Zerst\u00e4uber Vape Kit"}]},{"@type":"WebSite","@id":"https:\/\/www.elementvape.de\/#website","url":"https:\/\/www.elementvape.de\/","name":"ElementVape.de","description":"","publisher":{"@id":"https:\/\/www.elementvape.de\/#organization"},"potentialAction":[{"@type":"SearchAction","target":{"@type":"EntryPoint","urlTemplate":"https:\/\/www.elementvape.de\/?s={search_term_string}"},"query-input":"required name=search_term_string"}],"inLanguage":"lt-LT"},{"@type":"Organization","@id":"https:\/\/www.elementvape.de\/#organization","name":"ElementVape.DE","url":"https:\/\/www.elementvape.de\/","logo":{"@type":"ImageObject","inLanguage":"lt-LT","@id":"https:\/\/www.elementvape.de\/#\/schema\/logo\/image\/","url":"https:\/\/www.elementvape.de\/wp-content\/uploads\/2024\/09\/cropped-1elementvape-3.png","contentUrl":"https:\/\/www.elementvape.de\/wp-content\/uploads\/2024\/09\/cropped-1elementvape-3.png","width":285,"height":228,"caption":"ElementVape.DE"},"image":{"@id":"https:\/\/www.elementvape.de\/#\/schema\/logo\/image\/"}}]}},"_links":{"self":[{"href":"https:\/\/www.elementvape.de\/lt\/wp-json\/wp\/v2\/product\/7962"}],"collection":[{"href":"https:\/\/www.elementvape.de\/lt\/wp-json\/wp\/v2\/product"}],"about":[{"href":"https:\/\/www.elementvape.de\/lt\/wp-json\/wp\/v2\/types\/product"}],"wp:featuredmedia":[{"embeddable":true,"href":"https:\/\/www.elementvape.de\/lt\/wp-json\/wp\/v2\/media\/7964"}],"wp:attachment":[{"href":"https:\/\/www.elementvape.de\/lt\/wp-json\/wp\/v2\/media?parent=7962"}],"wp:term":[{"taxonomy":"product_cat","embeddable":true,"href":"https:\/\/www.elementvape.de\/lt\/wp-json\/wp\/v2\/product_cat?post=7962"},{"taxonomy":"product_tag","embeddable":true,"href":"https:\/\/www.elementvape.de\/lt\/wp-json\/wp\/v2\/product_tag?post=7962"}],"curies":[{"name":"wp","href":"https:\/\/api.w.org\/{rel}","templated":true}]}}