{"id":7798,"date":"2024-04-20T07:33:03","date_gmt":"2024-04-20T07:33:03","guid":{"rendered":"https:\/\/www.elementvape.de\/?post_type=product&#038;p=7798"},"modified":"2024-09-12T10:32:12","modified_gmt":"2024-09-12T10:32:12","slug":"biscuit-e-zigarette-vape-pen-pod-10-ml-einweg-vapes","status":"publish","type":"product","link":"https:\/\/www.elementvape.de\/lt\/produkt\/biscuit-e-zigarette-vape-pen-pod-10-ml-einweg-vapes\/","title":{"rendered":"Biskvito E-cigaret\u0117 Vape Pie\u0161tukas Pod 1,0 ml vienkartiniai Vape"},"content":{"rendered":"<h2>Biskvito E-cigaret\u0117 Vape Pie\u0161tukas Pod 1,0 ml vienkartiniai Vape<\/h2>\n<div class=\"product-specs-list-container\">\n<ul class=\"product-specs-list util-clearfix\">\n<li class=\"product-prop line-limit-length\"><span class=\"property-title\">I\u0161vaizda:\u00a0<\/span><span class=\"property-desc line-limit-length\">Cilindro formos<\/span><\/li>\n<li class=\"product-prop line-limit-length\"><span class=\"property-title\">Suderinama baterija:\u00a0<\/span><span class=\"property-desc line-limit-length\">18350<\/span><\/li>\n<li class=\"product-prop line-limit-length\"><span class=\"property-title\">Steb\u0117jimo funkcija nuo r\u016bkymo skai\u010diaus:\u00a0<\/span><span class=\"property-desc line-limit-length\">Ne<\/span><\/li>\n<li class=\"product-prop line-limit-length\"><span class=\"property-title\">Silicone d\u0117klas:\u00a0<\/span><span class=\"property-desc line-limit-length\">Ne<\/span><\/li>\n<li class=\"product-prop line-limit-length\"><span class=\"property-title\">Temperat\u016bros reguliavimas:\u00a0<\/span><span class=\"property-desc line-limit-length\">Ne<\/span><\/li>\n<li class=\"product-prop line-limit-length\"><span class=\"property-title\">\u012emontuota arba i\u0161orin\u0117 baterija:\u00a0<\/span><span class=\"property-desc line-limit-length\">\u012emontuota<\/span><\/li>\n<li class=\"product-prop line-limit-length\"><span class=\"property-title\">Trump\u0173j\u0173 jung\u010di\u0173 apsaugos funkcija:\u00a0<\/span><span class=\"property-desc line-limit-length\">Ja<\/span><\/li>\n<li class=\"product-prop line-limit-length\"><span class=\"property-title\">Perkaitimo apsaugos funkcija:\u00a0<\/span><span class=\"property-desc line-limit-length\">Ja<\/span><\/li>\n<li class=\"product-prop line-limit-length\"><span class=\"property-title\">\u017dem\u0173 \u012ftampos \u012fsp\u0117jimo funkcija:\u00a0<\/span><span class=\"property-desc line-limit-length\">Ja<\/span><\/li>\n<li class=\"product-prop line-limit-length\"><span class=\"property-title\">Pur\u0161kiklio identifikavimo funkcija:\u00a0<\/span><span class=\"property-desc line-limit-length\">Ne<\/span><\/li>\n<li class=\"product-prop line-limit-length\"><span class=\"property-title\">TCR nustatymo re\u017eimai:\u00a0<\/span><span class=\"property-desc line-limit-length\">Ne<\/span><\/li>\n<li class=\"product-prop line-limit-length\"><span class=\"property-title\">Med\u017eiaga:\u00a0<\/span><span class=\"property-desc line-limit-length\">Keraminis korpusas, stiklinis vamzdis, keraminis rit\u0117<\/span><\/li>\n<li class=\"product-prop line-limit-length\"><span class=\"property-title\">Suderinamas modelis:\u00a0<\/span><span class=\"property-desc line-limit-length\">storas aliejus<\/span><\/li>\n<li class=\"product-prop line-limit-length\"><span class=\"property-title\">USB \u012fkroviklis:\u00a0<\/span><span class=\"property-desc line-limit-length\">Ja<\/span><\/li>\n<li class=\"product-prop line-limit-length\"><span class=\"property-title\">Programin\u0117s \u012frangos atnaujinimas:\u00a0<\/span><span class=\"property-desc line-limit-length\">Ne<\/span><\/li>\n<li class=\"product-prop line-limit-length\"><span class=\"property-title\">Ekranas:\u00a0<\/span><span class=\"property-desc line-limit-length\">Ne<\/span><\/li>\n<li class=\"product-prop line-limit-length\"><span class=\"property-title\">Tipas:\u00a0<\/span><span class=\"property-desc line-limit-length\">Su Baterija<\/span><\/li>\n<li class=\"product-prop line-limit-length\"><span class=\"property-title\">Prek\u0117s \u017eenklas:\u00a0<\/span><span class=\"property-desc line-limit-length\">SUB TWO<\/span><\/li>\n<li class=\"product-prop line-limit-length\"><span class=\"property-title\">Kilm\u0117s \u0161alis:\u00a0<\/span><span class=\"property-desc line-limit-length\">CN (Kilm\u0117)<\/span><\/li>\n<li class=\"product-prop line-limit-length\"><span class=\"property-title\">I\u0161vaizda:\u00a0<\/span><span class=\"property-desc line-limit-length\">D\u0117\u017eut\u0117s forma<\/span><\/li>\n<li class=\"product-prop line-limit-length\"><span class=\"property-title\">R\u016bkymo funkcijos steb\u0117jimas numeris:\u00a0<\/span><span class=\"property-desc line-limit-length\">N\u0117ra<\/span><\/li>\n<li class=\"product-prop line-limit-length\"><span class=\"property-title\">Silicone d\u0117klas:\u00a0<\/span><span class=\"property-desc line-limit-length\">N\u0117ra<\/span><\/li>\n<li class=\"product-prop line-limit-length\"><span class=\"property-title\">Temperat\u016bros kontrol\u0117:\u00a0<\/span><span class=\"property-desc line-limit-length\">N\u0117ra<\/span><\/li>\n<li class=\"product-prop line-limit-length\"><span class=\"property-title\">\u012emontuotas arba i\u0161orinis akumuliatorius:\u00a0<\/span><span class=\"property-desc line-limit-length\">\u012emontuotas<\/span><\/li>\n<li class=\"product-prop line-limit-length\"><span class=\"property-title\">Apsaugos nuo trumpojo jungimo funkcija:\u00a0<\/span><span class=\"property-desc line-limit-length\">Ya<\/span><\/li>\n<li class=\"product-prop line-limit-length\"><span class=\"property-title\">Perkaitimo apsaugos funkcija:\u00a0<\/span><span class=\"property-desc line-limit-length\">N\u0117ra<\/span><\/li>\n<li class=\"product-prop line-limit-length\"><span class=\"property-title\">\u017demos \u012ftampos \u012fsp\u0117jimo funkcija:\u00a0<\/span><span class=\"property-desc line-limit-length\">N\u0117ra<\/span><\/li>\n<li class=\"product-prop line-limit-length\"><span class=\"property-title\">Atomizatori\u0173 identifikavimo funkcija:\u00a0<\/span><span class=\"property-desc line-limit-length\">N\u0117ra<\/span><\/li>\n<li class=\"product-prop line-limit-length\"><span class=\"property-title\">TCR re\u017eimo koregavimas:\u00a0<\/span><span class=\"property-desc line-limit-length\">N\u0117ra<\/span><\/li>\n<li class=\"product-prop line-limit-length\"><span class=\"property-title\">Nominalus talpa:\u00a0<\/span><span class=\"property-desc line-limit-length\">&lt;700 mAh<\/span><\/li>\n<li class=\"product-prop line-limit-length\"><span class=\"property-title\">Med\u017eiaga:\u00a0<\/span><span class=\"property-desc line-limit-length\">Plastikas<\/span><\/li>\n<li class=\"product-prop line-limit-length\"><span class=\"property-title\">Modelio numeris:\u00a0<\/span><span class=\"property-desc line-limit-length\">Sausaini\u0173 Vape Pen Pod<\/span><\/li>\n<li class=\"product-prop line-limit-length\"><span class=\"property-title\">Ekrano rodymas:\u00a0<\/span><span class=\"property-desc line-limit-length\">N\u0117ra<\/span><\/li>\n<li class=\"product-prop line-limit-length\"><span class=\"property-title\">Tipas:\u00a0<\/span><span class=\"property-desc line-limit-length\">naudojama vienkartin\u0117<\/span><\/li>\n<li class=\"product-prop line-limit-length\"><span class=\"property-title\">Prek\u0117s \u017eenklas:\u00a0<\/span><span class=\"property-desc line-limit-length\">SUB TWO<\/span><\/li>\n<li class=\"product-prop line-limit-length\"><span class=\"property-title\">Kilm\u0117s \u0161alis:\u00a0<\/span><span class=\"property-desc line-limit-length\">CN (Kilm\u0117s \u0161alis)<\/span><\/li>\n<li class=\"product-prop line-limit-length\"><span class=\"property-title\">Sertifikavimas:\u00a0<\/span><span class=\"property-desc line-limit-length\">CE<\/span><\/li>\n<li class=\"product-prop line-limit-length\"><span class=\"property-title\">baterijos talpa:\u00a0<\/span><span class=\"property-desc line-limit-length\">280mAh<\/span><\/li>\n<li class=\"product-prop line-limit-length\"><span class=\"property-title\">karto\u010dios talpa:\u00a0<\/span><span class=\"property-desc line-limit-length\">1ml<\/span><\/li>\n<li class=\"product-prop line-limit-length\"><span class=\"property-title\">naudojimui:\u00a0<\/span><span class=\"property-desc line-limit-length\">storas aliejus<\/span><\/li>\n<li class=\"product-prop line-limit-length\"><span class=\"property-title\">L\u016bp\u0173 dalis:\u00a0<\/span><span class=\"property-desc line-limit-length\">spauskite patarimus<\/span><\/li>\n<li class=\"product-prop line-limit-length\"><span class=\"property-title\">\u012esiurbimo angos:\u00a0<\/span><span class=\"property-desc line-limit-length\">2 didel\u0117s ovalios formos \u012fsiurbimo angos 1,3\u00d73,0 mm<\/span><\/li>\n<\/ul>\n<\/div>\n<div class=\"detailmodule_html\">\n<div class=\"detail-desc-decorate-richtext\">\n<div style=\"text-align: center;\" align=\"center\"><\/div>\n<div>\n<div style=\", roboto, arial, helvetica, sans-serif, simsun;font-size: 14px; font-weight: 400; letter-spacing: normal; text-align: start; margin: 0px; padding: 0px;\" align=\"start\"><\/div>\n<div style=\", roboto, arial, helvetica, sans-serif, simsun;font-size: 14px; font-weight: 400; letter-spacing: normal; text-align: start; margin: 0px; padding: 0px;\" align=\"start\">\n<p><img decoding=\"async\" loading=\"lazy\" src=\"https:\/\/ae01.alicdn.com\/kf\/S2ca5aba8d6de4c9a8eb6c8b6eee8aaa1z.jpg\" \/><br \/>\n<img decoding=\"async\" loading=\"lazy\" src=\"https:\/\/ae01.alicdn.com\/kf\/S9384c9fd70684cadb19a946e1f5821fcB.jpg\" \/><br \/>\n<img decoding=\"async\" loading=\"lazy\" src=\"https:\/\/ae01.alicdn.com\/kf\/S3a8f77ddc9984957ac5c8cc47e2b55e5r.jpg\" \/><br \/>\n<img decoding=\"async\" loading=\"lazy\" src=\"https:\/\/ae01.alicdn.com\/kf\/S61dc96e3e1a54bba9776a5b0bf89345bi.jpg?width=1000&amp;height=1000&amp;hash=2000\" \/><br \/>\n<img decoding=\"async\" loading=\"lazy\" src=\"https:\/\/ae01.alicdn.com\/kf\/S8f00f1efbe44439b8c483a2526ce4267B.jpg?width=1000&amp;height=1000&amp;hash=2000\" \/><br \/>\n<img decoding=\"async\" loading=\"lazy\" src=\"https:\/\/ae01.alicdn.com\/kf\/Sd2dea628c84641a18d375dd962f0864eM.jpg?width=1000&amp;height=1000&amp;hash=2000\" \/><\/p>\n<\/div>\n<\/div>\n<\/div>\n<\/div>","protected":false},"excerpt":{"rendered":"<p>Biscuit E-Zigarette Vape Pen Pod 1,0 ml Einweg-Vapes Aussehen:\u00a0Zylindrische Form Kompatibler Akku:\u00a018350 \u00dcberwachung Funktion Von Rauchen Anzahl:\u00a0Nein Silikon Fall:\u00a0Nein Temperaturregelung:\u00a0Nein Eingebaute Oder Externe Batterie:\u00a0Eingebaute Kurzschlussschutz Funktion:\u00a0Ja \u00dcberhitzungsschutz-funktion:\u00a0Ja Niederspannungsalarmfunktion:\u00a0Ja Zerst\u00e4uber Identifikation Funktion:\u00a0Nein TCR Einstellung Modi:\u00a0Nein Material:\u00a0Ceramic Body, Glass Tube, Ceramic Coil Compatible Model:\u00a0thick oil Usb-ladeger\u00e4t:\u00a0Ja Firmware-upgrade:\u00a0Nein Display:\u00a0Nein Art:\u00a0Mit Batterie Markenname:\u00a0SUB TWO Ursprung:\u00a0CN (Herkunft) Tampilan:\u00a0Kotak Bentuk Pemantauan [&hellip;]<\/p>","protected":false},"featured_media":7799,"template":"","meta":{"inline_featured_image":false},"product_cat":[78,750,737,736,749,76],"product_tag":[],"tiered_pricing_type":"fixed","tiered_pricing_fixed_rules":[],"tiered_pricing_percentage_rules":[],"tiered_pricing_minimum":1,"_administrator_tiered_pricing_type":"fixed","_administrator_tiered_pricing_fixed_rules":[],"_editor_tiered_pricing_type":"fixed","_editor_tiered_pricing_fixed_rules":[],"_author_tiered_pricing_type":"fixed","_author_tiered_pricing_fixed_rules":[],"_contributor_tiered_pricing_type":"fixed","_contributor_tiered_pricing_fixed_rules":[],"_subscriber_tiered_pricing_type":"fixed","_subscriber_tiered_pricing_fixed_rules":[],"_customer_tiered_pricing_type":"fixed","_customer_tiered_pricing_fixed_rules":[],"_shop_manager_tiered_pricing_type":"fixed","_shop_manager_tiered_pricing_fixed_rules":[],"_wpseo_manager_tiered_pricing_type":"fixed","_wpseo_manager_tiered_pricing_fixed_rules":[],"_wpseo_editor_tiered_pricing_type":"fixed","_wpseo_editor_tiered_pricing_fixed_rules":[],"_wholesale_customer_tiered_pricing_type":"fixed","_wholesale_customer_tiered_pricing_fixed_rules":[],"_marketer_tiered_pricing_type":"fixed","_marketer_tiered_pricing_fixed_rules":[],"_sales_manager_tiered_pricing_type":"fixed","_sales_manager_tiered_pricing_fixed_rules":[],"_sales_rep_tiered_pricing_type":"fixed","_sales_rep_tiered_pricing_fixed_rules":[],"yoast_head":"<!-- This site is optimized with the Yoast SEO plugin v23.3 - https:\/\/yoast.com\/wordpress\/plugins\/seo\/ -->\n<title>Biscuit E-Zigarette Vape Pen Pod 1,0 ml Einweg-Vapes | ElementVape.de<\/title>\n<meta name=\"description\" content=\"Wir bieten Biscuit E-Zigarette Vape Pen Pod 1,0 ml Einweg-Vapes , Elementvape.de akzeptieren Gro\u00df-und Einzelhandel Bestellungen.\" \/>\n<meta name=\"robots\" content=\"index, follow, max-snippet:-1, max-image-preview:large, max-video-preview:-1\" \/>\n<link rel=\"canonical\" href=\"https:\/\/www.elementvape.de\/lt\/produkt\/biscuit-e-zigarette-vape-pen-pod-10-ml-einweg-vapes\/\" \/>\n<meta property=\"og:locale\" content=\"lt_LT\" \/>\n<meta property=\"og:type\" content=\"article\" \/>\n<meta property=\"og:title\" content=\"Biscuit E-Zigarette Vape Pen Pod 1,0 ml Einweg-Vapes | ElementVape.de\" \/>\n<meta property=\"og:description\" content=\"Wir bieten Biscuit E-Zigarette Vape Pen Pod 1,0 ml Einweg-Vapes , Elementvape.de akzeptieren Gro\u00df-und Einzelhandel Bestellungen.\" \/>\n<meta property=\"og:url\" content=\"https:\/\/www.elementvape.de\/lt\/produkt\/biscuit-e-zigarette-vape-pen-pod-10-ml-einweg-vapes\/\" \/>\n<meta property=\"og:site_name\" content=\"ElementVape.de\" \/>\n<meta property=\"article:modified_time\" content=\"2024-09-12T10:32:12+00:00\" \/>\n<meta property=\"og:image\" content=\"https:\/\/ae01.alicdn.com\/kf\/S3a8f77ddc9984957ac5c8cc47e2b55e5r\/5-st-cke-Cookie-E-Zigaretten-Vape-Pen-Pod-1-0-ml-Einweg-Vapes-Akku-aufladen.jpg\" \/>\n\t<meta property=\"og:image:width\" content=\"1000\" \/>\n\t<meta property=\"og:image:height\" content=\"1000\" \/>\n\t<meta property=\"og:image:type\" content=\"image\/jpeg\" \/>\n<meta name=\"twitter:card\" content=\"summary_large_image\" \/>\n<meta name=\"twitter:label1\" content=\"Est. reading time\" \/>\n\t<meta name=\"twitter:data1\" content=\"3 minut\u0117s\" \/>\n<script type=\"application\/ld+json\" class=\"yoast-schema-graph\">{\"@context\":\"https:\/\/schema.org\",\"@graph\":[{\"@type\":\"WebPage\",\"@id\":\"https:\/\/www.elementvape.de\/es\/produkt\/biscuit-e-zigarette-vape-pen-pod-10-ml-einweg-vapes\/\",\"url\":\"https:\/\/www.elementvape.de\/es\/produkt\/biscuit-e-zigarette-vape-pen-pod-10-ml-einweg-vapes\/\",\"name\":\"Biscuit E-Zigarette Vape Pen Pod 1,0 ml Einweg-Vapes | ElementVape.de\",\"isPartOf\":{\"@id\":\"https:\/\/www.elementvape.de\/#website\"},\"primaryImageOfPage\":{\"@id\":\"https:\/\/www.elementvape.de\/es\/produkt\/biscuit-e-zigarette-vape-pen-pod-10-ml-einweg-vapes\/#primaryimage\"},\"image\":{\"@id\":\"https:\/\/www.elementvape.de\/es\/produkt\/biscuit-e-zigarette-vape-pen-pod-10-ml-einweg-vapes\/#primaryimage\"},\"thumbnailUrl\":\"https:\/\/ae01.alicdn.com\/kf\/S3a8f77ddc9984957ac5c8cc47e2b55e5r\/5-st-cke-Cookie-E-Zigaretten-Vape-Pen-Pod-1-0-ml-Einweg-Vapes-Akku-aufladen.jpg\",\"datePublished\":\"2024-04-20T07:33:03+00:00\",\"dateModified\":\"2024-09-12T10:32:12+00:00\",\"description\":\"Wir bieten Biscuit E-Zigarette Vape Pen Pod 1,0 ml Einweg-Vapes , Elementvape.de akzeptieren Gro\u00df-und Einzelhandel Bestellungen.\",\"breadcrumb\":{\"@id\":\"https:\/\/www.elementvape.de\/es\/produkt\/biscuit-e-zigarette-vape-pen-pod-10-ml-einweg-vapes\/#breadcrumb\"},\"inLanguage\":\"lt-LT\",\"potentialAction\":[{\"@type\":\"ReadAction\",\"target\":[\"https:\/\/www.elementvape.de\/es\/produkt\/biscuit-e-zigarette-vape-pen-pod-10-ml-einweg-vapes\/\"]}]},{\"@type\":\"ImageObject\",\"inLanguage\":\"lt-LT\",\"@id\":\"https:\/\/www.elementvape.de\/es\/produkt\/biscuit-e-zigarette-vape-pen-pod-10-ml-einweg-vapes\/#primaryimage\",\"url\":\"https:\/\/ae01.alicdn.com\/kf\/S3a8f77ddc9984957ac5c8cc47e2b55e5r\/5-st-cke-Cookie-E-Zigaretten-Vape-Pen-Pod-1-0-ml-Einweg-Vapes-Akku-aufladen.jpg\",\"contentUrl\":\"https:\/\/ae01.alicdn.com\/kf\/S3a8f77ddc9984957ac5c8cc47e2b55e5r\/5-st-cke-Cookie-E-Zigaretten-Vape-Pen-Pod-1-0-ml-Einweg-Vapes-Akku-aufladen.jpg\",\"width\":1000,\"height\":1000},{\"@type\":\"BreadcrumbList\",\"@id\":\"https:\/\/www.elementvape.de\/es\/produkt\/biscuit-e-zigarette-vape-pen-pod-10-ml-einweg-vapes\/#breadcrumb\",\"itemListElement\":[{\"@type\":\"ListItem\",\"position\":1,\"name\":\"Home\",\"item\":\"https:\/\/www.elementvape.de\/\"},{\"@type\":\"ListItem\",\"position\":2,\"name\":\"Shop\",\"item\":\"https:\/\/www.elementvape.de\/shop\/\"},{\"@type\":\"ListItem\",\"position\":3,\"name\":\"Biscuit E-Zigarette Vape Pen Pod 1,0 ml Einweg-Vapes\"}]},{\"@type\":\"WebSite\",\"@id\":\"https:\/\/www.elementvape.de\/#website\",\"url\":\"https:\/\/www.elementvape.de\/\",\"name\":\"ElementVape.de\",\"description\":\"\",\"publisher\":{\"@id\":\"https:\/\/www.elementvape.de\/#organization\"},\"potentialAction\":[{\"@type\":\"SearchAction\",\"target\":{\"@type\":\"EntryPoint\",\"urlTemplate\":\"https:\/\/www.elementvape.de\/?s={search_term_string}\"},\"query-input\":\"required name=search_term_string\"}],\"inLanguage\":\"lt-LT\"},{\"@type\":\"Organization\",\"@id\":\"https:\/\/www.elementvape.de\/#organization\",\"name\":\"ElementVape.DE\",\"url\":\"https:\/\/www.elementvape.de\/\",\"logo\":{\"@type\":\"ImageObject\",\"inLanguage\":\"lt-LT\",\"@id\":\"https:\/\/www.elementvape.de\/#\/schema\/logo\/image\/\",\"url\":\"https:\/\/www.elementvape.de\/wp-content\/uploads\/2024\/09\/cropped-1elementvape-3.png\",\"contentUrl\":\"https:\/\/www.elementvape.de\/wp-content\/uploads\/2024\/09\/cropped-1elementvape-3.png\",\"width\":285,\"height\":228,\"caption\":\"ElementVape.DE\"},\"image\":{\"@id\":\"https:\/\/www.elementvape.de\/#\/schema\/logo\/image\/\"}}]}<\/script>\n<!-- \/ Yoast SEO plugin. -->","yoast_head_json":{"title":"Biscuit E-Zigarette Vape Pen Pod 1,0 ml Einweg-Vapes | ElementVape.de","description":"Wir bieten Biscuit E-Zigarette Vape Pen Pod 1,0 ml Einweg-Vapes , Elementvape.de akzeptieren Gro\u00df-und Einzelhandel Bestellungen.","robots":{"index":"index","follow":"follow","max-snippet":"max-snippet:-1","max-image-preview":"max-image-preview:large","max-video-preview":"max-video-preview:-1"},"canonical":"https:\/\/www.elementvape.de\/lt\/produkt\/biscuit-e-zigarette-vape-pen-pod-10-ml-einweg-vapes\/","og_locale":"lt_LT","og_type":"article","og_title":"Biscuit E-Zigarette Vape Pen Pod 1,0 ml Einweg-Vapes | ElementVape.de","og_description":"Wir bieten Biscuit E-Zigarette Vape Pen Pod 1,0 ml Einweg-Vapes , Elementvape.de akzeptieren Gro\u00df-und Einzelhandel Bestellungen.","og_url":"https:\/\/www.elementvape.de\/lt\/produkt\/biscuit-e-zigarette-vape-pen-pod-10-ml-einweg-vapes\/","og_site_name":"ElementVape.de","article_modified_time":"2024-09-12T10:32:12+00:00","og_image":[{"width":1000,"height":1000,"url":"https:\/\/ae01.alicdn.com\/kf\/S3a8f77ddc9984957ac5c8cc47e2b55e5r\/5-st-cke-Cookie-E-Zigaretten-Vape-Pen-Pod-1-0-ml-Einweg-Vapes-Akku-aufladen.jpg","type":"image\/jpeg"}],"twitter_card":"summary_large_image","twitter_misc":{"Est. reading time":"3 minut\u0117s"},"schema":{"@context":"https:\/\/schema.org","@graph":[{"@type":"WebPage","@id":"https:\/\/www.elementvape.de\/es\/produkt\/biscuit-e-zigarette-vape-pen-pod-10-ml-einweg-vapes\/","url":"https:\/\/www.elementvape.de\/es\/produkt\/biscuit-e-zigarette-vape-pen-pod-10-ml-einweg-vapes\/","name":"Biscuit E-Zigarette Vape Pen Pod 1,0 ml Einweg-Vapes | ElementVape.de","isPartOf":{"@id":"https:\/\/www.elementvape.de\/#website"},"primaryImageOfPage":{"@id":"https:\/\/www.elementvape.de\/es\/produkt\/biscuit-e-zigarette-vape-pen-pod-10-ml-einweg-vapes\/#primaryimage"},"image":{"@id":"https:\/\/www.elementvape.de\/es\/produkt\/biscuit-e-zigarette-vape-pen-pod-10-ml-einweg-vapes\/#primaryimage"},"thumbnailUrl":"https:\/\/ae01.alicdn.com\/kf\/S3a8f77ddc9984957ac5c8cc47e2b55e5r\/5-st-cke-Cookie-E-Zigaretten-Vape-Pen-Pod-1-0-ml-Einweg-Vapes-Akku-aufladen.jpg","datePublished":"2024-04-20T07:33:03+00:00","dateModified":"2024-09-12T10:32:12+00:00","description":"Wir bieten Biscuit E-Zigarette Vape Pen Pod 1,0 ml Einweg-Vapes , Elementvape.de akzeptieren Gro\u00df-und Einzelhandel Bestellungen.","breadcrumb":{"@id":"https:\/\/www.elementvape.de\/es\/produkt\/biscuit-e-zigarette-vape-pen-pod-10-ml-einweg-vapes\/#breadcrumb"},"inLanguage":"lt-LT","potentialAction":[{"@type":"ReadAction","target":["https:\/\/www.elementvape.de\/es\/produkt\/biscuit-e-zigarette-vape-pen-pod-10-ml-einweg-vapes\/"]}]},{"@type":"ImageObject","inLanguage":"lt-LT","@id":"https:\/\/www.elementvape.de\/es\/produkt\/biscuit-e-zigarette-vape-pen-pod-10-ml-einweg-vapes\/#primaryimage","url":"https:\/\/ae01.alicdn.com\/kf\/S3a8f77ddc9984957ac5c8cc47e2b55e5r\/5-st-cke-Cookie-E-Zigaretten-Vape-Pen-Pod-1-0-ml-Einweg-Vapes-Akku-aufladen.jpg","contentUrl":"https:\/\/ae01.alicdn.com\/kf\/S3a8f77ddc9984957ac5c8cc47e2b55e5r\/5-st-cke-Cookie-E-Zigaretten-Vape-Pen-Pod-1-0-ml-Einweg-Vapes-Akku-aufladen.jpg","width":1000,"height":1000},{"@type":"BreadcrumbList","@id":"https:\/\/www.elementvape.de\/es\/produkt\/biscuit-e-zigarette-vape-pen-pod-10-ml-einweg-vapes\/#breadcrumb","itemListElement":[{"@type":"ListItem","position":1,"name":"Home","item":"https:\/\/www.elementvape.de\/"},{"@type":"ListItem","position":2,"name":"Shop","item":"https:\/\/www.elementvape.de\/shop\/"},{"@type":"ListItem","position":3,"name":"Biscuit E-Zigarette Vape Pen Pod 1,0 ml Einweg-Vapes"}]},{"@type":"WebSite","@id":"https:\/\/www.elementvape.de\/#website","url":"https:\/\/www.elementvape.de\/","name":"ElementVape.de","description":"","publisher":{"@id":"https:\/\/www.elementvape.de\/#organization"},"potentialAction":[{"@type":"SearchAction","target":{"@type":"EntryPoint","urlTemplate":"https:\/\/www.elementvape.de\/?s={search_term_string}"},"query-input":"required name=search_term_string"}],"inLanguage":"lt-LT"},{"@type":"Organization","@id":"https:\/\/www.elementvape.de\/#organization","name":"ElementVape.DE","url":"https:\/\/www.elementvape.de\/","logo":{"@type":"ImageObject","inLanguage":"lt-LT","@id":"https:\/\/www.elementvape.de\/#\/schema\/logo\/image\/","url":"https:\/\/www.elementvape.de\/wp-content\/uploads\/2024\/09\/cropped-1elementvape-3.png","contentUrl":"https:\/\/www.elementvape.de\/wp-content\/uploads\/2024\/09\/cropped-1elementvape-3.png","width":285,"height":228,"caption":"ElementVape.DE"},"image":{"@id":"https:\/\/www.elementvape.de\/#\/schema\/logo\/image\/"}}]}},"_links":{"self":[{"href":"https:\/\/www.elementvape.de\/lt\/wp-json\/wp\/v2\/product\/7798"}],"collection":[{"href":"https:\/\/www.elementvape.de\/lt\/wp-json\/wp\/v2\/product"}],"about":[{"href":"https:\/\/www.elementvape.de\/lt\/wp-json\/wp\/v2\/types\/product"}],"wp:featuredmedia":[{"embeddable":true,"href":"https:\/\/www.elementvape.de\/lt\/wp-json\/wp\/v2\/media\/7799"}],"wp:attachment":[{"href":"https:\/\/www.elementvape.de\/lt\/wp-json\/wp\/v2\/media?parent=7798"}],"wp:term":[{"taxonomy":"product_cat","embeddable":true,"href":"https:\/\/www.elementvape.de\/lt\/wp-json\/wp\/v2\/product_cat?post=7798"},{"taxonomy":"product_tag","embeddable":true,"href":"https:\/\/www.elementvape.de\/lt\/wp-json\/wp\/v2\/product_tag?post=7798"}],"curies":[{"name":"wp","href":"https:\/\/api.w.org\/{rel}","templated":true}]}}