{"id":7711,"date":"2024-04-20T07:29:29","date_gmt":"2024-04-20T07:29:29","guid":{"rendered":"https:\/\/www.elementvape.de\/?post_type=product&#038;p=7711"},"modified":"2024-09-12T10:32:15","modified_gmt":"2024-09-12T10:32:15","slug":"vapor-storm-eco-einwegdose-mod-vape-510-starter-kit","status":"publish","type":"product","link":"https:\/\/www.elementvape.de\/lt\/produkt\/vapor-storm-eco-einwegdose-mod-vape-510-starter-kit\/","title":{"rendered":"Vapor Storm ECO vienkartinis d\u0117\u017eut\u0117s modas Vape 510 prad\u017eios rinkinys"},"content":{"rendered":"<p>&nbsp;<\/p>\n<div class=\"product-specs-list-container\">\n<ul class=\"product-specs-list util-clearfix\">\n<li class=\"product-prop line-limit-length\"><span class=\"property-title\">I\u0161vaizda:\u00a0<\/span><span class=\"property-desc line-limit-length\">D\u0117\u017eut\u0117s forma<\/span><\/li>\n<li class=\"product-prop line-limit-length\"><span class=\"property-title\">Suderinama baterija:\u00a0<\/span><span class=\"property-desc line-limit-length\">18650<\/span><\/li>\n<li class=\"product-prop line-limit-length\"><span class=\"property-title\">Steb\u0117jimo funkcija nuo r\u016bkymo skai\u010diaus:\u00a0<\/span><span class=\"property-desc line-limit-length\">Ne<\/span><\/li>\n<li class=\"product-prop line-limit-length\"><span class=\"property-title\">Silicone d\u0117klas:\u00a0<\/span><span class=\"property-desc line-limit-length\">Ne<\/span><\/li>\n<li class=\"product-prop line-limit-length\"><span class=\"property-title\">Temperat\u016bros reguliavimas:\u00a0<\/span><span class=\"property-desc line-limit-length\">Ne<\/span><\/li>\n<li class=\"product-prop line-limit-length\"><span class=\"property-title\">\u012emontuota arba i\u0161orin\u0117 baterija:\u00a0<\/span><span class=\"property-desc line-limit-length\">I\u0161orinis<\/span><\/li>\n<li class=\"product-prop line-limit-length\"><span class=\"property-title\">Trump\u0173j\u0173 jung\u010di\u0173 apsaugos funkcija:\u00a0<\/span><span class=\"property-desc line-limit-length\">Ja<\/span><\/li>\n<li class=\"product-prop line-limit-length\"><span class=\"property-title\">Perkaitimo apsaugos funkcija:\u00a0<\/span><span class=\"property-desc line-limit-length\">Ja<\/span><\/li>\n<li class=\"product-prop line-limit-length\"><span class=\"property-title\">\u017dem\u0173 \u012ftampos \u012fsp\u0117jimo funkcija:\u00a0<\/span><span class=\"property-desc line-limit-length\">Ja<\/span><\/li>\n<li class=\"product-prop line-limit-length\"><span class=\"property-title\">Pur\u0161kiklio identifikavimo funkcija:\u00a0<\/span><span class=\"property-desc line-limit-length\">Ja<\/span><\/li>\n<li class=\"product-prop line-limit-length\"><span class=\"property-title\">TCR nustatymo re\u017eimai:\u00a0<\/span><span class=\"property-desc line-limit-length\">Ne<\/span><\/li>\n<li class=\"product-prop line-limit-length\"><span class=\"property-title\">Nominalus talpa:\u00a0<\/span><span class=\"property-desc line-limit-length\">N\u0117ra<\/span><\/li>\n<li class=\"product-prop line-limit-length\"><span class=\"property-title\">Med\u017eiaga:\u00a0<\/span><span class=\"property-desc line-limit-length\">Plastikas<\/span><\/li>\n<li class=\"product-prop line-limit-length\"><span class=\"property-title\">Suderinamas modelis:\u00a0<\/span><span class=\"property-desc line-limit-length\">RDA RBA RDTA<\/span><\/li>\n<li class=\"product-prop line-limit-length\"><span class=\"property-title\">Modelio numeris:\u00a0<\/span><span class=\"property-desc line-limit-length\">Ekologi\u0161kas vienkartinis rinkinys<\/span><\/li>\n<li class=\"product-prop line-limit-length\"><span class=\"property-title\">USB \u012fkroviklis:\u00a0<\/span><span class=\"property-desc line-limit-length\">Ja<\/span><\/li>\n<li class=\"product-prop line-limit-length\"><span class=\"property-title\">Programin\u0117s \u012frangos atnaujinimas:\u00a0<\/span><span class=\"property-desc line-limit-length\">Ne<\/span><\/li>\n<li class=\"product-prop line-limit-length\"><span class=\"property-title\">Ekranas:\u00a0<\/span><span class=\"property-desc line-limit-length\">Ne<\/span><\/li>\n<li class=\"product-prop line-limit-length\"><span class=\"property-title\">Tipas:\u00a0<\/span><span class=\"property-desc line-limit-length\">Be baterijos<\/span><\/li>\n<li class=\"product-prop line-limit-length\"><span class=\"property-title\">Prek\u0117s \u017eenklas:\u00a0<\/span><span class=\"property-desc line-limit-length\">vapor storm<\/span><\/li>\n<li class=\"product-prop line-limit-length\"><span class=\"property-title\">Kilm\u0117s \u0161alis:\u00a0<\/span><span class=\"property-desc line-limit-length\">CN (Kilm\u0117)<\/span><\/li>\n<li class=\"product-prop line-limit-length\"><span class=\"property-title\">Spalva:\u00a0<\/span><span class=\"property-desc line-limit-length\">juoda, balta, raudona, m\u0117lyna, Graffiti spalva<\/span><\/li>\n<li class=\"product-prop line-limit-length\"><span class=\"property-title\">Galia:\u00a0<\/span><span class=\"property-desc line-limit-length\">Maks. 90W perjungimo re\u017eimas<\/span><\/li>\n<li class=\"product-prop line-limit-length\"><span class=\"property-title\">Atomizatoriaus bakas:\u00a0<\/span><span class=\"property-desc line-limit-length\">3,5 ml D11 vienkartinis bakas<\/span><\/li>\n<li class=\"product-prop line-limit-length\"><span class=\"property-title\">Var\u017ea:\u00a0<\/span><span class=\"property-desc line-limit-length\">0,16 om\u0173 tinklelio rit\u0117<\/span><\/li>\n<li class=\"product-prop line-limit-length\"><span class=\"property-title\">Funkcija 1:\u00a0<\/span><span class=\"property-desc line-limit-length\">elektronin\u0117s cigaret\u0117s vienkartinis rinkinys<\/span><\/li>\n<li class=\"product-prop line-limit-length\"><span class=\"property-title\">Funkcija 2:\u00a0<\/span><span class=\"property-desc line-limit-length\">d\u0117klo modulis vienkartinis<\/span><\/li>\n<li class=\"product-prop line-limit-length\"><span class=\"property-title\">Funkcija 3:\u00a0<\/span><span class=\"property-desc line-limit-length\">vape modulis u\u017epildymo bakas<\/span><\/li>\n<\/ul>\n<\/div>\n<div class=\"detailmodule_html\">\n<div class=\"detail-desc-decorate-richtext\">\n<div class=\"detailmodule_dynamic\"><\/div>\n<div class=\"detailmodule_text\">\n<p id=\"tl_1\" class=\"detail-desc-decorate-title\" style=\"font-family: OpenSans; font-size: 20px; font-weight: 900; line-height: 28px; margin-bottom: 12px;\">Dampfs turm eco d11 3,5 ml vienkartinis bakas elektroninei cigaretei, max 90w Graffiti perjungimo d\u0117klo modulis, vape pradedan\u010diojo rinkinys, be baterijos<\/p>\n<\/div>\n<div class=\"detailmodule_text\">\n<p id=\"tl_2\" class=\"detail-desc-decorate-title\" style=\"font-family: OpenSans; font-size: 20px; font-weight: 900; line-height: 28px; margin-bottom: 12px;\">D\u0117mesio:<\/p>\n<p id=\"tl_3\" class=\"detail-desc-decorate-content\" style=\"font-family: OpenSans; font-size: 14px; font-weight: 300; line-height: 20px; margin-bottom: 12px;\">1.<br \/>\n\u0160is d11 bakas yra vienkartinis bakas, rit\u0117 n\u0117ra kei\u010diamas. \u0160is bakas gali b\u016bti papildytas apie 10 kart\u0173, tada tur\u0117site pakeisti kit\u0105 bak\u0105. Tod\u0117l si\u016blome \u012fsigyti daugiau d11 bak\u0173 kartu.<br \/>\n2.<br \/>\n\u0160is rinkinys turi nuimam\u0105 baterij\u0105. Be 18650 baterijos. Geriau \u012fsigyti patiems (sonyvtc4\/vtc5, lg he2 ir kt.) 18650 baterij\u0105.<br \/>\n\u012esitikinkite, kad nuolatinis i\u0161krovimo srov\u0117s stiprumas &gt;= 30A<br \/>\n3.<br \/>\nKiekviena danga yra unikali, tod\u0117l gausite \u012fvairi\u0173 spalv\u0173 modulius.<br \/>\nModulio korpusas priekyje ir gale yra dvi skirtingos nuotraukos.<\/p>\n<\/div>\n<div class=\"detailmodule_text\">\n<p id=\"tl_4\" class=\"detail-desc-decorate-title\" style=\"font-family: OpenSans; font-size: 20px; font-weight: 900; line-height: 28px; margin-bottom: 12px;\">Eco modas:<\/p>\n<p id=\"tl_5\" class=\"detail-desc-decorate-content\" style=\"font-family: OpenSans; font-size: 14px; font-weight: 300; line-height: 20px; margin-bottom: 12px;\">Dydis: 40mm (ilgis) * 25mm (plotis) * 82mm (auk\u0161tis)<br \/>\nNeto svoris: 46g<br \/>\nMed\u017eiaga: abs<br \/>\nGalia: 90w (maks.)<br \/>\nSriegis: 510<br \/>\n\u012etampos diapazonas: 3,3 V-4,2 V<br \/>\nI\u0161\u0117jimo \u012ftampa: 0-4,2 V<br \/>\nRit\u0117s var\u017ea: &gt;= 0,09 Om\u0173<br \/>\nNuolatinis vape laikas: 10 sekund\u017ei\u0173<br \/>\nPoilsio re\u017eimo srov\u0117: &lt;5ua<br \/>\n\u012ekrovimo srov\u0117: 750ma<\/p>\n<\/div>\n<div class=\"detailmodule_text\">\n<p id=\"tl_6\" class=\"detail-desc-decorate-title\" style=\"font-family: OpenSans; font-size: 20px; font-weight: 900; line-height: 28px; margin-bottom: 12px;\">D11 vienkartinis<\/p>\n<p id=\"tl_7\" class=\"detail-desc-decorate-content\" style=\"font-family: OpenSans; font-size: 14px; font-weight: 300; line-height: 20px; margin-bottom: 12px;\">Med\u017eiaga: plastikas ir metalas<br \/>\nSkersmuo: 24mm<br \/>\nAuk\u0161tis: 44,5mm<br \/>\nTalpa: 3,5 ml<br \/>\nVij\u0173 var\u017ea: 0,16 Ohm<br \/>\nVij\u0173 strukt\u016bra: tinklelio rit\u0117<br \/>\nSriegio tipas: 510 sriegis<\/p>\n<\/div>\n<div class=\"detailmodule_text\">\n<p id=\"tl_8\" class=\"detail-desc-decorate-title\" style=\"font-family: OpenSans; font-size: 20px; font-weight: 900; line-height: 28px; margin-bottom: 12px;\">Pakuot\u0117:<\/p>\n<p id=\"tl_9\" class=\"detail-desc-decorate-content\" style=\"font-family: OpenSans; font-size: 14px; font-weight: 300; line-height: 20px; margin-bottom: 12px;\">1x ekologi\u0161ka d\u0117\u017eut\u0117s modulis (be baterijos)<br \/>\n1x D11 bakelis<br \/>\n1x USB \u012fkroviklis<br \/>\n1x naudotojo vadovas<\/p>\n<\/div>\n<div class=\"detailmodule_text-image\">\n<p id=\"tl_10\" class=\"detail-desc-decorate-title\" style=\"font-family: OpenSans; font-size: 20px; font-weight: 900; line-height: 28px; margin-bottom: 12px;\">Rodyti produktus<\/p>\n<div><img decoding=\"async\" loading=\"lazy\" class=\"detail-desc-decorate-image\" src=\"https:\/\/ae01.alicdn.com\/kf\/H109e9808e54e44db9ac06bd2becf2f76Z.jpg\" \/><br \/>\n<img decoding=\"async\" loading=\"lazy\" class=\"detail-desc-decorate-image\" src=\"https:\/\/ae01.alicdn.com\/kf\/Hffa3d5e33e3149a583fb82936390e68ar.jpg\" \/><br \/>\n<img decoding=\"async\" loading=\"lazy\" class=\"detail-desc-decorate-image\" src=\"https:\/\/ae01.alicdn.com\/kf\/Hbab5f06e4bfa4f43bd5331279b92ce67V.jpg\" \/><br \/>\n<img decoding=\"async\" loading=\"lazy\" class=\"detail-desc-decorate-image\" src=\"https:\/\/ae01.alicdn.com\/kf\/H4dd8d410c64e453d815c32773c0661efr.jpg\" \/><br \/>\n<img decoding=\"async\" loading=\"lazy\" class=\"detail-desc-decorate-image\" src=\"https:\/\/ae01.alicdn.com\/kf\/H57f2b7a6917647f3ae98de33a66b4148Q.jpg\" \/><br \/>\n<img decoding=\"async\" loading=\"lazy\" class=\"detail-desc-decorate-image\" src=\"https:\/\/ae01.alicdn.com\/kf\/H9c7a70db749a4fee90c70fbdf7a18225Z.jpg\" \/><br \/>\n<img decoding=\"async\" loading=\"lazy\" class=\"detail-desc-decorate-image\" src=\"https:\/\/ae01.alicdn.com\/kf\/H374fecbc32b2411d87ded94f62563491z.jpg\" \/><br \/>\n<img decoding=\"async\" loading=\"lazy\" class=\"detail-desc-decorate-image\" src=\"https:\/\/ae01.alicdn.com\/kf\/H43772e11e7c04123bac1449f5daf26ab2.jpg\" \/><br \/>\n<img decoding=\"async\" loading=\"lazy\" class=\"detail-desc-decorate-image\" src=\"https:\/\/ae01.alicdn.com\/kf\/H7dbaa1ade38649dfb9bd6577da2330ebH.jpg\" \/><br \/>\n<img decoding=\"async\" loading=\"lazy\" class=\"detail-desc-decorate-image\" src=\"https:\/\/ae01.alicdn.com\/kf\/Hba549657a43041e8b18b92ba84751e9bV.jpg\" \/><\/div>\n<\/div>\n<div class=\"detailmodule_text-image\"><\/div>\n<p>&nbsp;<\/p>\n<\/div>\n<\/div>","protected":false},"excerpt":{"rendered":"<p>&nbsp; Aussehen:\u00a0Box Form Kompatibler Akku:\u00a018650 \u00dcberwachung Funktion Von Rauchen Anzahl:\u00a0Nein Silikon Fall:\u00a0Nein Temperaturregelung:\u00a0Nein Eingebaute Oder Externe Batterie:\u00a0External Kurzschlussschutz Funktion:\u00a0Ja \u00dcberhitzungsschutz-funktion:\u00a0Ja Niederspannungsalarmfunktion:\u00a0Ja Zerst\u00e4uber Identifikation Funktion:\u00a0Ja TCR Einstellung Modi:\u00a0Nein Nominale Kapazit\u00e4t:\u00a0Kein Material:\u00a0Plastik Compatible Model:\u00a0RDA RBA RDTA Modellnummer:\u00a0Eco Disposable Kit Usb-ladeger\u00e4t:\u00a0Ja Firmware-upgrade:\u00a0Nein Display:\u00a0Nein Art:\u00a0Ohne Batterie Markenname:\u00a0vapor storm Ursprung:\u00a0CN (Herkunft) Color:\u00a0black, white, red ,blue,Graffiti color Power:\u00a0Max 90W Bypass Mode [&hellip;]<\/p>","protected":false},"featured_media":7712,"template":"","meta":{"inline_featured_image":false},"product_cat":[78,750,737,736,749],"product_tag":[],"tiered_pricing_type":"fixed","tiered_pricing_fixed_rules":[],"tiered_pricing_percentage_rules":[],"tiered_pricing_minimum":1,"_administrator_tiered_pricing_type":"fixed","_administrator_tiered_pricing_fixed_rules":[],"_editor_tiered_pricing_type":"fixed","_editor_tiered_pricing_fixed_rules":[],"_author_tiered_pricing_type":"fixed","_author_tiered_pricing_fixed_rules":[],"_contributor_tiered_pricing_type":"fixed","_contributor_tiered_pricing_fixed_rules":[],"_subscriber_tiered_pricing_type":"fixed","_subscriber_tiered_pricing_fixed_rules":[],"_customer_tiered_pricing_type":"fixed","_customer_tiered_pricing_fixed_rules":[],"_shop_manager_tiered_pricing_type":"fixed","_shop_manager_tiered_pricing_fixed_rules":[],"_wpseo_manager_tiered_pricing_type":"fixed","_wpseo_manager_tiered_pricing_fixed_rules":[],"_wpseo_editor_tiered_pricing_type":"fixed","_wpseo_editor_tiered_pricing_fixed_rules":[],"_wholesale_customer_tiered_pricing_type":"fixed","_wholesale_customer_tiered_pricing_fixed_rules":[],"_marketer_tiered_pricing_type":"fixed","_marketer_tiered_pricing_fixed_rules":[],"_sales_manager_tiered_pricing_type":"fixed","_sales_manager_tiered_pricing_fixed_rules":[],"_sales_rep_tiered_pricing_type":"fixed","_sales_rep_tiered_pricing_fixed_rules":[],"yoast_head":"<!-- This site is optimized with the Yoast SEO plugin v23.3 - https:\/\/yoast.com\/wordpress\/plugins\/seo\/ -->\n<title>Vapor Storm ECO Einwegdose Mod Vape 510 Starter Kit | ElementVape.de<\/title>\n<meta name=\"description\" content=\"Wir bieten Vapor Storm ECO Einwegdose Mod Vape 510 Starter Kit , Elementvape.de akzeptieren Gro\u00df-und Einzelhandel Bestellungen.\" \/>\n<meta name=\"robots\" content=\"index, follow, max-snippet:-1, max-image-preview:large, max-video-preview:-1\" \/>\n<link rel=\"canonical\" href=\"https:\/\/www.elementvape.de\/lt\/produkt\/vapor-storm-eco-einwegdose-mod-vape-510-starter-kit\/\" \/>\n<meta property=\"og:locale\" content=\"lt_LT\" \/>\n<meta property=\"og:type\" content=\"article\" \/>\n<meta property=\"og:title\" content=\"Vapor Storm ECO Einwegdose Mod Vape 510 Starter Kit | ElementVape.de\" \/>\n<meta property=\"og:description\" content=\"Wir bieten Vapor Storm ECO Einwegdose Mod Vape 510 Starter Kit , Elementvape.de akzeptieren Gro\u00df-und Einzelhandel Bestellungen.\" \/>\n<meta property=\"og:url\" content=\"https:\/\/www.elementvape.de\/lt\/produkt\/vapor-storm-eco-einwegdose-mod-vape-510-starter-kit\/\" \/>\n<meta property=\"og:site_name\" content=\"ElementVape.de\" \/>\n<meta property=\"article:modified_time\" content=\"2024-09-12T10:32:15+00:00\" \/>\n<meta property=\"og:image\" content=\"https:\/\/ae01.alicdn.com\/kf\/S924f462b6369484ea4737e15f327c03fy\/Dampf-Storm-ECO-Einweg-Tank-D11-3-5-ml-Elektronische-Zigarette-Max-90w-Graffiti-Bypass-Box.jpg\" \/>\n\t<meta property=\"og:image:width\" content=\"800\" \/>\n\t<meta property=\"og:image:height\" content=\"800\" \/>\n\t<meta property=\"og:image:type\" content=\"image\/jpeg\" \/>\n<meta name=\"twitter:card\" content=\"summary_large_image\" \/>\n<meta name=\"twitter:label1\" content=\"Est. reading time\" \/>\n\t<meta name=\"twitter:data1\" content=\"4 minut\u0117s\" \/>\n<script type=\"application\/ld+json\" class=\"yoast-schema-graph\">{\"@context\":\"https:\/\/schema.org\",\"@graph\":[{\"@type\":\"WebPage\",\"@id\":\"https:\/\/www.elementvape.de\/produkt\/vapor-storm-eco-einwegdose-mod-vape-510-starter-kit\/\",\"url\":\"https:\/\/www.elementvape.de\/produkt\/vapor-storm-eco-einwegdose-mod-vape-510-starter-kit\/\",\"name\":\"Vapor Storm ECO Einwegdose Mod Vape 510 Starter Kit | ElementVape.de\",\"isPartOf\":{\"@id\":\"https:\/\/www.elementvape.de\/#website\"},\"primaryImageOfPage\":{\"@id\":\"https:\/\/www.elementvape.de\/produkt\/vapor-storm-eco-einwegdose-mod-vape-510-starter-kit\/#primaryimage\"},\"image\":{\"@id\":\"https:\/\/www.elementvape.de\/produkt\/vapor-storm-eco-einwegdose-mod-vape-510-starter-kit\/#primaryimage\"},\"thumbnailUrl\":\"https:\/\/ae01.alicdn.com\/kf\/S924f462b6369484ea4737e15f327c03fy\/Dampf-Storm-ECO-Einweg-Tank-D11-3-5-ml-Elektronische-Zigarette-Max-90w-Graffiti-Bypass-Box.jpg\",\"datePublished\":\"2024-04-20T07:29:29+00:00\",\"dateModified\":\"2024-09-12T10:32:15+00:00\",\"description\":\"Wir bieten Vapor Storm ECO Einwegdose Mod Vape 510 Starter Kit , Elementvape.de akzeptieren Gro\u00df-und Einzelhandel Bestellungen.\",\"breadcrumb\":{\"@id\":\"https:\/\/www.elementvape.de\/produkt\/vapor-storm-eco-einwegdose-mod-vape-510-starter-kit\/#breadcrumb\"},\"inLanguage\":\"lt-LT\",\"potentialAction\":[{\"@type\":\"ReadAction\",\"target\":[\"https:\/\/www.elementvape.de\/produkt\/vapor-storm-eco-einwegdose-mod-vape-510-starter-kit\/\"]}]},{\"@type\":\"ImageObject\",\"inLanguage\":\"lt-LT\",\"@id\":\"https:\/\/www.elementvape.de\/produkt\/vapor-storm-eco-einwegdose-mod-vape-510-starter-kit\/#primaryimage\",\"url\":\"https:\/\/ae01.alicdn.com\/kf\/S924f462b6369484ea4737e15f327c03fy\/Dampf-Storm-ECO-Einweg-Tank-D11-3-5-ml-Elektronische-Zigarette-Max-90w-Graffiti-Bypass-Box.jpg\",\"contentUrl\":\"https:\/\/ae01.alicdn.com\/kf\/S924f462b6369484ea4737e15f327c03fy\/Dampf-Storm-ECO-Einweg-Tank-D11-3-5-ml-Elektronische-Zigarette-Max-90w-Graffiti-Bypass-Box.jpg\",\"width\":800,\"height\":800},{\"@type\":\"BreadcrumbList\",\"@id\":\"https:\/\/www.elementvape.de\/produkt\/vapor-storm-eco-einwegdose-mod-vape-510-starter-kit\/#breadcrumb\",\"itemListElement\":[{\"@type\":\"ListItem\",\"position\":1,\"name\":\"Home\",\"item\":\"https:\/\/www.elementvape.de\/\"},{\"@type\":\"ListItem\",\"position\":2,\"name\":\"Shop\",\"item\":\"https:\/\/www.elementvape.de\/shop\/\"},{\"@type\":\"ListItem\",\"position\":3,\"name\":\"Vapor Storm ECO Einwegdose Mod Vape 510 Starter Kit\"}]},{\"@type\":\"WebSite\",\"@id\":\"https:\/\/www.elementvape.de\/#website\",\"url\":\"https:\/\/www.elementvape.de\/\",\"name\":\"ElementVape.de\",\"description\":\"\",\"publisher\":{\"@id\":\"https:\/\/www.elementvape.de\/#organization\"},\"potentialAction\":[{\"@type\":\"SearchAction\",\"target\":{\"@type\":\"EntryPoint\",\"urlTemplate\":\"https:\/\/www.elementvape.de\/?s={search_term_string}\"},\"query-input\":\"required name=search_term_string\"}],\"inLanguage\":\"lt-LT\"},{\"@type\":\"Organization\",\"@id\":\"https:\/\/www.elementvape.de\/#organization\",\"name\":\"ElementVape.DE\",\"url\":\"https:\/\/www.elementvape.de\/\",\"logo\":{\"@type\":\"ImageObject\",\"inLanguage\":\"lt-LT\",\"@id\":\"https:\/\/www.elementvape.de\/#\/schema\/logo\/image\/\",\"url\":\"https:\/\/www.elementvape.de\/wp-content\/uploads\/2024\/09\/cropped-1elementvape-3.png\",\"contentUrl\":\"https:\/\/www.elementvape.de\/wp-content\/uploads\/2024\/09\/cropped-1elementvape-3.png\",\"width\":285,\"height\":228,\"caption\":\"ElementVape.DE\"},\"image\":{\"@id\":\"https:\/\/www.elementvape.de\/#\/schema\/logo\/image\/\"}}]}<\/script>\n<!-- \/ Yoast SEO plugin. -->","yoast_head_json":{"title":"Vapor Storm ECO Einwegdose Mod Vape 510 Starter Kit | ElementVape.de","description":"Wir bieten Vapor Storm ECO Einwegdose Mod Vape 510 Starter Kit , Elementvape.de akzeptieren Gro\u00df-und Einzelhandel Bestellungen.","robots":{"index":"index","follow":"follow","max-snippet":"max-snippet:-1","max-image-preview":"max-image-preview:large","max-video-preview":"max-video-preview:-1"},"canonical":"https:\/\/www.elementvape.de\/lt\/produkt\/vapor-storm-eco-einwegdose-mod-vape-510-starter-kit\/","og_locale":"lt_LT","og_type":"article","og_title":"Vapor Storm ECO Einwegdose Mod Vape 510 Starter Kit | ElementVape.de","og_description":"Wir bieten Vapor Storm ECO Einwegdose Mod Vape 510 Starter Kit , Elementvape.de akzeptieren Gro\u00df-und Einzelhandel Bestellungen.","og_url":"https:\/\/www.elementvape.de\/lt\/produkt\/vapor-storm-eco-einwegdose-mod-vape-510-starter-kit\/","og_site_name":"ElementVape.de","article_modified_time":"2024-09-12T10:32:15+00:00","og_image":[{"width":800,"height":800,"url":"https:\/\/ae01.alicdn.com\/kf\/S924f462b6369484ea4737e15f327c03fy\/Dampf-Storm-ECO-Einweg-Tank-D11-3-5-ml-Elektronische-Zigarette-Max-90w-Graffiti-Bypass-Box.jpg","type":"image\/jpeg"}],"twitter_card":"summary_large_image","twitter_misc":{"Est. reading time":"4 minut\u0117s"},"schema":{"@context":"https:\/\/schema.org","@graph":[{"@type":"WebPage","@id":"https:\/\/www.elementvape.de\/produkt\/vapor-storm-eco-einwegdose-mod-vape-510-starter-kit\/","url":"https:\/\/www.elementvape.de\/produkt\/vapor-storm-eco-einwegdose-mod-vape-510-starter-kit\/","name":"Vapor Storm ECO Einwegdose Mod Vape 510 Starter Kit | ElementVape.de","isPartOf":{"@id":"https:\/\/www.elementvape.de\/#website"},"primaryImageOfPage":{"@id":"https:\/\/www.elementvape.de\/produkt\/vapor-storm-eco-einwegdose-mod-vape-510-starter-kit\/#primaryimage"},"image":{"@id":"https:\/\/www.elementvape.de\/produkt\/vapor-storm-eco-einwegdose-mod-vape-510-starter-kit\/#primaryimage"},"thumbnailUrl":"https:\/\/ae01.alicdn.com\/kf\/S924f462b6369484ea4737e15f327c03fy\/Dampf-Storm-ECO-Einweg-Tank-D11-3-5-ml-Elektronische-Zigarette-Max-90w-Graffiti-Bypass-Box.jpg","datePublished":"2024-04-20T07:29:29+00:00","dateModified":"2024-09-12T10:32:15+00:00","description":"Wir bieten Vapor Storm ECO Einwegdose Mod Vape 510 Starter Kit , Elementvape.de akzeptieren Gro\u00df-und Einzelhandel Bestellungen.","breadcrumb":{"@id":"https:\/\/www.elementvape.de\/produkt\/vapor-storm-eco-einwegdose-mod-vape-510-starter-kit\/#breadcrumb"},"inLanguage":"lt-LT","potentialAction":[{"@type":"ReadAction","target":["https:\/\/www.elementvape.de\/produkt\/vapor-storm-eco-einwegdose-mod-vape-510-starter-kit\/"]}]},{"@type":"ImageObject","inLanguage":"lt-LT","@id":"https:\/\/www.elementvape.de\/produkt\/vapor-storm-eco-einwegdose-mod-vape-510-starter-kit\/#primaryimage","url":"https:\/\/ae01.alicdn.com\/kf\/S924f462b6369484ea4737e15f327c03fy\/Dampf-Storm-ECO-Einweg-Tank-D11-3-5-ml-Elektronische-Zigarette-Max-90w-Graffiti-Bypass-Box.jpg","contentUrl":"https:\/\/ae01.alicdn.com\/kf\/S924f462b6369484ea4737e15f327c03fy\/Dampf-Storm-ECO-Einweg-Tank-D11-3-5-ml-Elektronische-Zigarette-Max-90w-Graffiti-Bypass-Box.jpg","width":800,"height":800},{"@type":"BreadcrumbList","@id":"https:\/\/www.elementvape.de\/produkt\/vapor-storm-eco-einwegdose-mod-vape-510-starter-kit\/#breadcrumb","itemListElement":[{"@type":"ListItem","position":1,"name":"Home","item":"https:\/\/www.elementvape.de\/"},{"@type":"ListItem","position":2,"name":"Shop","item":"https:\/\/www.elementvape.de\/shop\/"},{"@type":"ListItem","position":3,"name":"Vapor Storm ECO Einwegdose Mod Vape 510 Starter Kit"}]},{"@type":"WebSite","@id":"https:\/\/www.elementvape.de\/#website","url":"https:\/\/www.elementvape.de\/","name":"ElementVape.de","description":"","publisher":{"@id":"https:\/\/www.elementvape.de\/#organization"},"potentialAction":[{"@type":"SearchAction","target":{"@type":"EntryPoint","urlTemplate":"https:\/\/www.elementvape.de\/?s={search_term_string}"},"query-input":"required name=search_term_string"}],"inLanguage":"lt-LT"},{"@type":"Organization","@id":"https:\/\/www.elementvape.de\/#organization","name":"ElementVape.DE","url":"https:\/\/www.elementvape.de\/","logo":{"@type":"ImageObject","inLanguage":"lt-LT","@id":"https:\/\/www.elementvape.de\/#\/schema\/logo\/image\/","url":"https:\/\/www.elementvape.de\/wp-content\/uploads\/2024\/09\/cropped-1elementvape-3.png","contentUrl":"https:\/\/www.elementvape.de\/wp-content\/uploads\/2024\/09\/cropped-1elementvape-3.png","width":285,"height":228,"caption":"ElementVape.DE"},"image":{"@id":"https:\/\/www.elementvape.de\/#\/schema\/logo\/image\/"}}]}},"_links":{"self":[{"href":"https:\/\/www.elementvape.de\/lt\/wp-json\/wp\/v2\/product\/7711"}],"collection":[{"href":"https:\/\/www.elementvape.de\/lt\/wp-json\/wp\/v2\/product"}],"about":[{"href":"https:\/\/www.elementvape.de\/lt\/wp-json\/wp\/v2\/types\/product"}],"wp:featuredmedia":[{"embeddable":true,"href":"https:\/\/www.elementvape.de\/lt\/wp-json\/wp\/v2\/media\/7712"}],"wp:attachment":[{"href":"https:\/\/www.elementvape.de\/lt\/wp-json\/wp\/v2\/media?parent=7711"}],"wp:term":[{"taxonomy":"product_cat","embeddable":true,"href":"https:\/\/www.elementvape.de\/lt\/wp-json\/wp\/v2\/product_cat?post=7711"},{"taxonomy":"product_tag","embeddable":true,"href":"https:\/\/www.elementvape.de\/lt\/wp-json\/wp\/v2\/product_tag?post=7711"}],"curies":[{"name":"wp","href":"https:\/\/api.w.org\/{rel}","templated":true}]}}