{"id":7611,"date":"2024-04-20T07:05:08","date_gmt":"2024-04-20T07:05:08","guid":{"rendered":"https:\/\/www.elementvape.de\/?post_type=product&#038;p=7611"},"modified":"2024-09-12T10:32:21","modified_gmt":"2024-09-12T10:32:21","slug":"voopoo-argus-p1-kit-aromazerstaeuber","status":"publish","type":"product","link":"https:\/\/www.elementvape.de\/lt\/produkt\/voopoo-argus-p1-kit-aromazerstaeuber\/","title":{"rendered":"Voopoo Argus P1 R\u016bkymo Aromato generatorius"},"content":{"rendered":"<p>&nbsp;<\/p>\n<div class=\"product-specs-list-container\">\n<ul class=\"product-specs-list util-clearfix\">\n<li class=\"product-prop line-limit-length\"><span class=\"property-title\">I\u0161vaizda:\u00a0<\/span><span class=\"property-desc line-limit-length\">D\u0117\u017eut\u0117s forma<\/span><\/li>\n<li class=\"product-prop line-limit-length\"><span class=\"property-title\">Suderinama baterija:\u00a0<\/span><span class=\"property-desc line-limit-length\">N\u0117ra<\/span><\/li>\n<li class=\"product-prop line-limit-length\"><span class=\"property-title\">Steb\u0117jimo funkcija nuo r\u016bkymo skai\u010diaus:\u00a0<\/span><span class=\"property-desc line-limit-length\">Ne<\/span><\/li>\n<li class=\"product-prop line-limit-length\"><span class=\"property-title\">Silicone d\u0117klas:\u00a0<\/span><span class=\"property-desc line-limit-length\">Ne<\/span><\/li>\n<li class=\"product-prop line-limit-length\"><span class=\"property-title\">Temperat\u016bros reguliavimas:\u00a0<\/span><span class=\"property-desc line-limit-length\">Ne<\/span><\/li>\n<li class=\"product-prop line-limit-length\"><span class=\"property-title\">Trump\u0173j\u0173 jung\u010di\u0173 apsaugos funkcija:\u00a0<\/span><span class=\"property-desc line-limit-length\">Ne<\/span><\/li>\n<li class=\"product-prop line-limit-length\"><span class=\"property-title\">Perkaitimo apsaugos funkcija:\u00a0<\/span><span class=\"property-desc line-limit-length\">Ja<\/span><\/li>\n<li class=\"product-prop line-limit-length\"><span class=\"property-title\">\u017dem\u0173 \u012ftampos \u012fsp\u0117jimo funkcija:\u00a0<\/span><span class=\"property-desc line-limit-length\">Ja<\/span><\/li>\n<li class=\"product-prop line-limit-length\"><span class=\"property-title\">Pur\u0161kiklio identifikavimo funkcija:\u00a0<\/span><span class=\"property-desc line-limit-length\">Ja<\/span><\/li>\n<li class=\"product-prop line-limit-length\"><span class=\"property-title\">TCR nustatymo re\u017eimai:\u00a0<\/span><span class=\"property-desc line-limit-length\">Ne<\/span><\/li>\n<li class=\"product-prop line-limit-length\"><span class=\"property-title\">Nominalus talpa:\u00a0<\/span><span class=\"property-desc line-limit-length\">N\u0117ra<\/span><\/li>\n<li class=\"product-prop line-limit-length\"><span class=\"property-title\">Med\u017eiaga:\u00a0<\/span><span class=\"property-desc line-limit-length\">Metalas<\/span><\/li>\n<li class=\"product-prop line-limit-length\"><span class=\"property-title\">Suderinamas modelis:\u00a0<\/span><span class=\"property-desc line-limit-length\">Elektronin\u0117 cigaret\u0117 Vaporizeris<\/span><\/li>\n<li class=\"product-prop line-limit-length\"><span class=\"property-title\">Modelio numeris:\u00a0<\/span><span class=\"property-desc line-limit-length\">VOOPOO Argus P1 Komplektas<\/span><\/li>\n<li class=\"product-prop line-limit-length\"><span class=\"property-title\">USB \u012fkroviklis:\u00a0<\/span><span class=\"property-desc line-limit-length\">Ja<\/span><\/li>\n<li class=\"product-prop line-limit-length\"><span class=\"property-title\">Programin\u0117s \u012frangos atnaujinimas:\u00a0<\/span><span class=\"property-desc line-limit-length\">Ne<\/span><\/li>\n<li class=\"product-prop line-limit-length\"><span class=\"property-title\">Ekranas:\u00a0<\/span><span class=\"property-desc line-limit-length\">Ne<\/span><\/li>\n<li class=\"product-prop line-limit-length\"><span class=\"property-title\">Tipas:\u00a0<\/span><span class=\"property-desc line-limit-length\">Su Baterija<\/span><\/li>\n<li class=\"product-prop line-limit-length\"><span class=\"property-title\">Prek\u0117s \u017eenklas:\u00a0<\/span><span class=\"property-desc line-limit-length\">VOOPOO<\/span><\/li>\n<li class=\"product-prop line-limit-length\"><span class=\"property-title\">Kilm\u0117s \u0161alis:\u00a0<\/span><span class=\"property-desc line-limit-length\">CN (Kilm\u0117)<\/span><\/li>\n<\/ul>\n<\/div>\n<div class=\"detailmodule_html\">\n<div class=\"detail-desc-decorate-richtext\">\n<div class=\"detailmodule_text\">\n<p id=\"tl_1\" class=\"detail-desc-decorate-title\" style=\"font-family: OpenSans; font-size: 20px; font-weight: 900; line-height: 28px; margin-bottom: 12px;\">Originalus Voopoo Argus P1 Komplektas 20W 800mAh Baterija Vape 2ml Argus Pod Patrone 0,7 Ohm\/1,2 Ohm Rit\u0117 E Cigare\u010di\u0173 garintuvai<\/p>\n<p id=\"tl_2\" class=\"detail-desc-decorate-content\" style=\"font-family: OpenSans; font-size: 14px; font-weight: 300; line-height: 20px; margin-bottom: 12px;\">Argus p1 komplektas naudoja futuristin\u012f mechanin\u012f stili\u0173 su pusiau metaliniu ir pusiau permatomu i\u0161vaizda, siekiant parodyti tvirt\u0105 ir reikalaujant\u012f gro\u017e\u012f. J\u012f varo \u012fmontuota 800mAh baterija su maksimaliu 20W ir Tipo-C \u012fkrovimu. Jis taip pat palaiko 15W PD ap\u0161vietimo \u012fkrovim\u0105, siekiant pasiekti piln\u0105 \u012fkrov\u0105 per 18 minu\u010di\u0173. Vertinga pamin\u0117ti, kad 1.2\u03a9 garinimo rit\u0117 po \u012fkrovimo gali palaikyti 2 valandas vaping kiekvienam \u012fkv\u0117pimui ir kiekvienai minutei. Su i\u0161maniuoju Gen. Ai 1,2 lustu permatomoje pus\u0117je, Argus p1 gali automati\u0161kai pritaikyti tinkamas galias, taupant energij\u0105 ir i\u0161laikant baterijos tarnavimo laik\u0105. Be to, ito garinimo technologija gali suteikti jums galutin\u012f skonio ir garo malonum\u0105. Taip pat yra \u0161onin\u0117 oro reguliavimo sistema, skirta siauram iki laisvam oro srautui, ir 4 skylu\u010di\u0173 oro \u012fsiurbimo anga skland\u017eiam skoniui. Argus p1 tinka argus pod patronei 0.7\u03a9\/1.2\u03a9, argus pod tu\u0161\u010diai patronei ir voopoo ito rit\u0117ms. Jame yra 2ml talpa, paprasta \u0161onin\u0117 u\u017epildymo sistema ir patentuotas, neslystantis dizainas. Argus p1 taip pat turi pa\u017eang\u0173 ergonomi\u0161k\u0105 burnos antgal\u012f, kuris puikiai tinka j\u016bs\u0173 l\u016bpoms. Papras\u010diausiai \u012fsigykite.<\/p>\n<\/div>\n<div class=\"detailmodule_text\">\n<p id=\"tl_3\" class=\"detail-desc-decorate-title\" style=\"font-family: OpenSans; font-size: 20px; font-weight: 900; line-height: 28px; margin-bottom: 12px;\">Parametrai:<\/p>\n<p id=\"tl_4\" class=\"detail-desc-decorate-content\" style=\"font-family: OpenSans; font-size: 14px; font-weight: 300; line-height: 20px; margin-bottom: 12px;\">Prek\u0117s \u017eenklas: voopoo<br \/>\nProdukto pavadinimas: argus p1 komplektas<br \/>\nBaterija: \u012fmontuota 800mah baterija<br \/>\nI\u0161\u0117jimo galia: 5-20w<br \/>\nI\u0161\u0117jimo \u012ftampa: 3,2-4,2 V<br \/>\n\u012ekrovimo tipas: Tipo-C \u012fkrovimas<br \/>\n\u012ekrovimo metodas: pd greitas \u012fkrovimas 15w<br \/>\nVar\u017eos diapazonas: 0,5-3.0\u03a9<br \/>\nTu\u0161\u010dia talpa: 2ml<br \/>\nU\u017epildymas: \u0161oninis u\u017epildymas<br \/>\nOro srautas: reguliuojamas oro srautas<br \/>\nTinka: voopoo argus pod kapsul\u0117 0.7\u03a9\/1.2\u03a9<br \/>\nMed\u017eiaga: cinko lydinys + PC<br \/>\nProdukto dydis: 74.6*46.7*17,4mm<br \/>\nPakuot\u0117s dydis: 103*103*40mm<br \/>\nD\u0117\u017e\u0117s dydis: 540*225*230mm (9,3 kg (\u00b1 0,4 kg), 50 vienet\u0173)<br \/>\nSpalva: juoda, sidabrin\u0117, raudona, gun metal, \u017ealia<\/p>\n<\/div>\n<div class=\"detailmodule_text\">\n<p id=\"tl_5\" class=\"detail-desc-decorate-title\" style=\"font-family: OpenSans; font-size: 20px; font-weight: 900; line-height: 28px; margin-bottom: 12px;\">I\u0161samiai:<\/p>\n<p id=\"tl_6\" class=\"detail-desc-decorate-content\" style=\"font-family: OpenSans; font-size: 14px; font-weight: 300; line-height: 20px; margin-bottom: 12px;\">1. futuristinio mechaninio stiliaus, pusiau metalinis ir pusiau permatomas<br \/>\n2. \u012fmontuota 800mAh baterija su 20W maksimaliu galingumu ir Type-C \u012fkrovimu<br \/>\n3. palaiko greito \u012fkrovimo metod\u0105 pd<br \/>\n4. Gen. Ai 1,2 lustas ir ai i\u0161\u0117jimo nustatymai<br \/>\n5. \u0161oninis oro reguliavimas ir 4 skylu\u010di\u0173 oro \u012fsiurbimo anga<br \/>\n6. ito pur\u0161kimo technologija ir patentuotas i\u0161siliejimo apsaugos dizainas<br \/>\n7. pa\u017eangus ergonomi\u0161kas burnos antgalis, kad puikiai priglust\u0173 prie l\u016bp\u0173<br \/>\n8. suderinama su argus pod kapsule 0.7\u03a9\/1.2\u03a9<br \/>\n9. Tu\u0161\u010dia talpa 2ml, paprastas \u0161oninis u\u017epildymo sistema<br \/>\n10. Pagaminta i\u0161 cinko lydinio + PC med\u017eiagos, patvari naudoti<br \/>\n11. Daugiasluoksn\u0117 saugumo apsauga, u\u017etikrinanti saug\u0173 naudojim\u0105<\/p>\n<\/div>\n<div class=\"detailmodule_text\">\n<p id=\"tl_7\" class=\"detail-desc-decorate-title\" style=\"font-family: OpenSans; font-size: 20px; font-weight: 900; line-height: 28px; margin-bottom: 12px;\">Pakuot\u0117je yra:<\/p>\n<p id=\"tl_8\" class=\"detail-desc-decorate-content\" style=\"font-family: OpenSans; font-size: 14px; font-weight: 300; line-height: 20px; margin-bottom: 12px;\">1 * voopoo argus p1 \u012frenginys<br \/>\n1 * Voopoo Argus pod talpykla 0.7\u03a9<br \/>\n1 * Voopoo Argus pod talpykla 1.2\u03a9<br \/>\n1 * Tipo-C laidas<br \/>\n1 * Vartotojo vadovas<br \/>\n1 * Kaklo dir\u017eas<\/p>\n<\/div>\n<div class=\"detailmodule_image\"><img decoding=\"async\" loading=\"lazy\" class=\"detail-desc-decorate-image\" src=\"https:\/\/ae01.alicdn.com\/kf\/Sed1efa8abb024f419b12029d139efe890.jpg\" \/><br \/>\n<img decoding=\"async\" loading=\"lazy\" class=\"detail-desc-decorate-image\" src=\"https:\/\/ae01.alicdn.com\/kf\/S0c1487d884db4d0583b12618b1bed105q.jpg\" \/><br \/>\n<img decoding=\"async\" loading=\"lazy\" class=\"detail-desc-decorate-image\" src=\"https:\/\/ae01.alicdn.com\/kf\/Sa90ccfa5e64f44169b88e4bc301be5f22.jpg\" \/><br \/>\n<img decoding=\"async\" loading=\"lazy\" class=\"detail-desc-decorate-image\" src=\"https:\/\/ae01.alicdn.com\/kf\/S116118a193fa4c9394a78c6d74a6de307.jpg\" \/><br \/>\n<img decoding=\"async\" loading=\"lazy\" class=\"detail-desc-decorate-image\" src=\"https:\/\/ae01.alicdn.com\/kf\/S0103ac1922d34736963821b50b33e79aH.jpg\" \/><br \/>\n<img decoding=\"async\" loading=\"lazy\" class=\"detail-desc-decorate-image\" src=\"https:\/\/ae01.alicdn.com\/kf\/Sc93bdbdf920548a4b424e6816d874de3A.jpg\" \/><br \/>\n<img decoding=\"async\" loading=\"lazy\" class=\"detail-desc-decorate-image\" src=\"https:\/\/ae01.alicdn.com\/kf\/Sd79e485322e044259efa43ad20e1ed69B.jpg\" \/><br \/>\n<img decoding=\"async\" loading=\"lazy\" class=\"detail-desc-decorate-image\" src=\"https:\/\/ae01.alicdn.com\/kf\/S0fc79fe6d1314bd0baaf92940529e65bG.jpg\" \/><br \/>\n<img decoding=\"async\" loading=\"lazy\" class=\"detail-desc-decorate-image\" src=\"https:\/\/ae01.alicdn.com\/kf\/Sf8f2c56be84c44769aa12d8e4bb88dedR.jpg\" \/><br \/>\n<img decoding=\"async\" loading=\"lazy\" class=\"detail-desc-decorate-image\" src=\"https:\/\/ae01.alicdn.com\/kf\/Sf92ea93269854eafb90b1b70c9ce02f7J.jpg\" \/><\/div>\n<div class=\"detailmodule_image\"><img decoding=\"async\" loading=\"lazy\" class=\"detail-desc-decorate-image\" src=\"https:\/\/ae01.alicdn.com\/kf\/S8ef0f6b4a9804692abc297bbb26c5c8bT.jpg\" \/><br \/>\n<img decoding=\"async\" loading=\"lazy\" class=\"detail-desc-decorate-image\" src=\"https:\/\/ae01.alicdn.com\/kf\/S8246ff7c308c43038077b7d2bd8f89a6E.jpg\" \/><br \/>\n<img decoding=\"async\" loading=\"lazy\" class=\"detail-desc-decorate-image\" src=\"https:\/\/ae01.alicdn.com\/kf\/S0fe29fd38cbd4338be39672335e32e87Y.jpg\" \/><\/div>\n<p>&nbsp;<\/p>\n<\/div>\n<\/div>","protected":false},"excerpt":{"rendered":"<p>&nbsp; Aussehen:\u00a0Box Form Kompatibler Akku:\u00a0Kein \u00dcberwachung Funktion Von Rauchen Anzahl:\u00a0Nein Silikon Fall:\u00a0Nein Temperaturregelung:\u00a0Nein Kurzschlussschutz Funktion:\u00a0Nein \u00dcberhitzungsschutz-funktion:\u00a0Ja Niederspannungsalarmfunktion:\u00a0Ja Zerst\u00e4uber Identifikation Funktion:\u00a0Ja TCR Einstellung Modi:\u00a0Nein Nominale Kapazit\u00e4t:\u00a0Kein Material:\u00a0Metall Compatible Model:\u00a0Electronic Cigarette Vaporizer Modellnummer:\u00a0VOOPOO Argus P1 Kit Usb-ladeger\u00e4t:\u00a0Ja Firmware-upgrade:\u00a0Nein Display:\u00a0Nein Art:\u00a0Mit Batterie Markenname:\u00a0VOOPOO Ursprung:\u00a0CN (Herkunft) Original Voopoo Argus P1 Kit 20W 800mAh Batterie Vape 2ml Argus Pod Patrone [&hellip;]<\/p>","protected":false},"featured_media":7612,"template":"","meta":{"inline_featured_image":false},"product_cat":[78,750,737,736,749,76],"product_tag":[],"tiered_pricing_type":"fixed","tiered_pricing_fixed_rules":[],"tiered_pricing_percentage_rules":[],"tiered_pricing_minimum":1,"_administrator_tiered_pricing_type":"fixed","_administrator_tiered_pricing_fixed_rules":[],"_editor_tiered_pricing_type":"fixed","_editor_tiered_pricing_fixed_rules":[],"_author_tiered_pricing_type":"fixed","_author_tiered_pricing_fixed_rules":[],"_contributor_tiered_pricing_type":"fixed","_contributor_tiered_pricing_fixed_rules":[],"_subscriber_tiered_pricing_type":"fixed","_subscriber_tiered_pricing_fixed_rules":[],"_customer_tiered_pricing_type":"fixed","_customer_tiered_pricing_fixed_rules":[],"_shop_manager_tiered_pricing_type":"fixed","_shop_manager_tiered_pricing_fixed_rules":[],"_wpseo_manager_tiered_pricing_type":"fixed","_wpseo_manager_tiered_pricing_fixed_rules":[],"_wpseo_editor_tiered_pricing_type":"fixed","_wpseo_editor_tiered_pricing_fixed_rules":[],"_wholesale_customer_tiered_pricing_type":"fixed","_wholesale_customer_tiered_pricing_fixed_rules":[],"_marketer_tiered_pricing_type":"fixed","_marketer_tiered_pricing_fixed_rules":[],"_sales_manager_tiered_pricing_type":"fixed","_sales_manager_tiered_pricing_fixed_rules":[],"_sales_rep_tiered_pricing_type":"fixed","_sales_rep_tiered_pricing_fixed_rules":[],"yoast_head":"<!-- This site is optimized with the Yoast SEO plugin v23.3 - https:\/\/yoast.com\/wordpress\/plugins\/seo\/ -->\n<title>Voopoo Argus P1 Kit Aromazerst\u00e4uber | ElementVape.de<\/title>\n<meta name=\"description\" content=\"Wir bieten Voopoo Argus P1 Kit Aromazerst\u00e4uber , Elementvape.de akzeptieren Gro\u00df-und Einzelhandel Bestellungen.\" \/>\n<meta name=\"robots\" content=\"index, follow, max-snippet:-1, max-image-preview:large, max-video-preview:-1\" \/>\n<link rel=\"canonical\" href=\"https:\/\/www.elementvape.de\/lt\/produkt\/voopoo-argus-p1-kit-aromazerstaeuber\/\" \/>\n<meta property=\"og:locale\" content=\"lt_LT\" \/>\n<meta property=\"og:type\" content=\"article\" \/>\n<meta property=\"og:title\" content=\"Voopoo Argus P1 Kit Aromazerst\u00e4uber | ElementVape.de\" \/>\n<meta property=\"og:description\" content=\"Wir bieten Voopoo Argus P1 Kit Aromazerst\u00e4uber , Elementvape.de akzeptieren Gro\u00df-und Einzelhandel Bestellungen.\" \/>\n<meta property=\"og:url\" content=\"https:\/\/www.elementvape.de\/lt\/produkt\/voopoo-argus-p1-kit-aromazerstaeuber\/\" \/>\n<meta property=\"og:site_name\" content=\"ElementVape.de\" \/>\n<meta property=\"article:modified_time\" content=\"2024-09-12T10:32:21+00:00\" \/>\n<meta property=\"og:image\" content=\"https:\/\/ae01.alicdn.com\/kf\/Sa7c42d84ca2748ffbae83df45e1a89d27\/Original-Voopoo-Argus-P1-Kit-20W-800mAh-Batterie-Vape-2ml-Argus-Pod-Patrone-0-7-Ohm.jpg\" \/>\n\t<meta property=\"og:image:width\" content=\"800\" \/>\n\t<meta property=\"og:image:height\" content=\"800\" \/>\n\t<meta property=\"og:image:type\" content=\"image\/jpeg\" \/>\n<meta name=\"twitter:card\" content=\"summary_large_image\" \/>\n<meta name=\"twitter:label1\" content=\"Est. reading time\" \/>\n\t<meta name=\"twitter:data1\" content=\"6 minut\u0117s\" \/>\n<script type=\"application\/ld+json\" class=\"yoast-schema-graph\">{\"@context\":\"https:\/\/schema.org\",\"@graph\":[{\"@type\":\"WebPage\",\"@id\":\"https:\/\/www.elementvape.de\/produkt\/voopoo-argus-p1-kit-aromazerstaeuber\/\",\"url\":\"https:\/\/www.elementvape.de\/produkt\/voopoo-argus-p1-kit-aromazerstaeuber\/\",\"name\":\"Voopoo Argus P1 Kit Aromazerst\u00e4uber | ElementVape.de\",\"isPartOf\":{\"@id\":\"https:\/\/www.elementvape.de\/#website\"},\"primaryImageOfPage\":{\"@id\":\"https:\/\/www.elementvape.de\/produkt\/voopoo-argus-p1-kit-aromazerstaeuber\/#primaryimage\"},\"image\":{\"@id\":\"https:\/\/www.elementvape.de\/produkt\/voopoo-argus-p1-kit-aromazerstaeuber\/#primaryimage\"},\"thumbnailUrl\":\"https:\/\/ae01.alicdn.com\/kf\/Sa7c42d84ca2748ffbae83df45e1a89d27\/Original-Voopoo-Argus-P1-Kit-20W-800mAh-Batterie-Vape-2ml-Argus-Pod-Patrone-0-7-Ohm.jpg\",\"datePublished\":\"2024-04-20T07:05:08+00:00\",\"dateModified\":\"2024-09-12T10:32:21+00:00\",\"description\":\"Wir bieten Voopoo Argus P1 Kit Aromazerst\u00e4uber , Elementvape.de akzeptieren Gro\u00df-und Einzelhandel Bestellungen.\",\"breadcrumb\":{\"@id\":\"https:\/\/www.elementvape.de\/produkt\/voopoo-argus-p1-kit-aromazerstaeuber\/#breadcrumb\"},\"inLanguage\":\"lt-LT\",\"potentialAction\":[{\"@type\":\"ReadAction\",\"target\":[\"https:\/\/www.elementvape.de\/produkt\/voopoo-argus-p1-kit-aromazerstaeuber\/\"]}]},{\"@type\":\"ImageObject\",\"inLanguage\":\"lt-LT\",\"@id\":\"https:\/\/www.elementvape.de\/produkt\/voopoo-argus-p1-kit-aromazerstaeuber\/#primaryimage\",\"url\":\"https:\/\/ae01.alicdn.com\/kf\/Sa7c42d84ca2748ffbae83df45e1a89d27\/Original-Voopoo-Argus-P1-Kit-20W-800mAh-Batterie-Vape-2ml-Argus-Pod-Patrone-0-7-Ohm.jpg\",\"contentUrl\":\"https:\/\/ae01.alicdn.com\/kf\/Sa7c42d84ca2748ffbae83df45e1a89d27\/Original-Voopoo-Argus-P1-Kit-20W-800mAh-Batterie-Vape-2ml-Argus-Pod-Patrone-0-7-Ohm.jpg\",\"width\":800,\"height\":800},{\"@type\":\"BreadcrumbList\",\"@id\":\"https:\/\/www.elementvape.de\/produkt\/voopoo-argus-p1-kit-aromazerstaeuber\/#breadcrumb\",\"itemListElement\":[{\"@type\":\"ListItem\",\"position\":1,\"name\":\"Home\",\"item\":\"https:\/\/www.elementvape.de\/\"},{\"@type\":\"ListItem\",\"position\":2,\"name\":\"Shop\",\"item\":\"https:\/\/www.elementvape.de\/shop\/\"},{\"@type\":\"ListItem\",\"position\":3,\"name\":\"Voopoo Argus P1 Kit Aromazerst\u00e4uber\"}]},{\"@type\":\"WebSite\",\"@id\":\"https:\/\/www.elementvape.de\/#website\",\"url\":\"https:\/\/www.elementvape.de\/\",\"name\":\"ElementVape.de\",\"description\":\"\",\"publisher\":{\"@id\":\"https:\/\/www.elementvape.de\/#organization\"},\"potentialAction\":[{\"@type\":\"SearchAction\",\"target\":{\"@type\":\"EntryPoint\",\"urlTemplate\":\"https:\/\/www.elementvape.de\/?s={search_term_string}\"},\"query-input\":\"required name=search_term_string\"}],\"inLanguage\":\"lt-LT\"},{\"@type\":\"Organization\",\"@id\":\"https:\/\/www.elementvape.de\/#organization\",\"name\":\"ElementVape.DE\",\"url\":\"https:\/\/www.elementvape.de\/\",\"logo\":{\"@type\":\"ImageObject\",\"inLanguage\":\"lt-LT\",\"@id\":\"https:\/\/www.elementvape.de\/#\/schema\/logo\/image\/\",\"url\":\"https:\/\/www.elementvape.de\/wp-content\/uploads\/2024\/09\/cropped-1elementvape-3.png\",\"contentUrl\":\"https:\/\/www.elementvape.de\/wp-content\/uploads\/2024\/09\/cropped-1elementvape-3.png\",\"width\":285,\"height\":228,\"caption\":\"ElementVape.DE\"},\"image\":{\"@id\":\"https:\/\/www.elementvape.de\/#\/schema\/logo\/image\/\"}}]}<\/script>\n<!-- \/ Yoast SEO plugin. -->","yoast_head_json":{"title":"Voopoo Argus P1 Kit Aromazerst\u00e4uber | ElementVape.de","description":"Wir bieten Voopoo Argus P1 Kit Aromazerst\u00e4uber , Elementvape.de akzeptieren Gro\u00df-und Einzelhandel Bestellungen.","robots":{"index":"index","follow":"follow","max-snippet":"max-snippet:-1","max-image-preview":"max-image-preview:large","max-video-preview":"max-video-preview:-1"},"canonical":"https:\/\/www.elementvape.de\/lt\/produkt\/voopoo-argus-p1-kit-aromazerstaeuber\/","og_locale":"lt_LT","og_type":"article","og_title":"Voopoo Argus P1 Kit Aromazerst\u00e4uber | ElementVape.de","og_description":"Wir bieten Voopoo Argus P1 Kit Aromazerst\u00e4uber , Elementvape.de akzeptieren Gro\u00df-und Einzelhandel Bestellungen.","og_url":"https:\/\/www.elementvape.de\/lt\/produkt\/voopoo-argus-p1-kit-aromazerstaeuber\/","og_site_name":"ElementVape.de","article_modified_time":"2024-09-12T10:32:21+00:00","og_image":[{"width":800,"height":800,"url":"https:\/\/ae01.alicdn.com\/kf\/Sa7c42d84ca2748ffbae83df45e1a89d27\/Original-Voopoo-Argus-P1-Kit-20W-800mAh-Batterie-Vape-2ml-Argus-Pod-Patrone-0-7-Ohm.jpg","type":"image\/jpeg"}],"twitter_card":"summary_large_image","twitter_misc":{"Est. reading time":"6 minut\u0117s"},"schema":{"@context":"https:\/\/schema.org","@graph":[{"@type":"WebPage","@id":"https:\/\/www.elementvape.de\/produkt\/voopoo-argus-p1-kit-aromazerstaeuber\/","url":"https:\/\/www.elementvape.de\/produkt\/voopoo-argus-p1-kit-aromazerstaeuber\/","name":"Voopoo Argus P1 Kit Aromazerst\u00e4uber | ElementVape.de","isPartOf":{"@id":"https:\/\/www.elementvape.de\/#website"},"primaryImageOfPage":{"@id":"https:\/\/www.elementvape.de\/produkt\/voopoo-argus-p1-kit-aromazerstaeuber\/#primaryimage"},"image":{"@id":"https:\/\/www.elementvape.de\/produkt\/voopoo-argus-p1-kit-aromazerstaeuber\/#primaryimage"},"thumbnailUrl":"https:\/\/ae01.alicdn.com\/kf\/Sa7c42d84ca2748ffbae83df45e1a89d27\/Original-Voopoo-Argus-P1-Kit-20W-800mAh-Batterie-Vape-2ml-Argus-Pod-Patrone-0-7-Ohm.jpg","datePublished":"2024-04-20T07:05:08+00:00","dateModified":"2024-09-12T10:32:21+00:00","description":"Wir bieten Voopoo Argus P1 Kit Aromazerst\u00e4uber , Elementvape.de akzeptieren Gro\u00df-und Einzelhandel Bestellungen.","breadcrumb":{"@id":"https:\/\/www.elementvape.de\/produkt\/voopoo-argus-p1-kit-aromazerstaeuber\/#breadcrumb"},"inLanguage":"lt-LT","potentialAction":[{"@type":"ReadAction","target":["https:\/\/www.elementvape.de\/produkt\/voopoo-argus-p1-kit-aromazerstaeuber\/"]}]},{"@type":"ImageObject","inLanguage":"lt-LT","@id":"https:\/\/www.elementvape.de\/produkt\/voopoo-argus-p1-kit-aromazerstaeuber\/#primaryimage","url":"https:\/\/ae01.alicdn.com\/kf\/Sa7c42d84ca2748ffbae83df45e1a89d27\/Original-Voopoo-Argus-P1-Kit-20W-800mAh-Batterie-Vape-2ml-Argus-Pod-Patrone-0-7-Ohm.jpg","contentUrl":"https:\/\/ae01.alicdn.com\/kf\/Sa7c42d84ca2748ffbae83df45e1a89d27\/Original-Voopoo-Argus-P1-Kit-20W-800mAh-Batterie-Vape-2ml-Argus-Pod-Patrone-0-7-Ohm.jpg","width":800,"height":800},{"@type":"BreadcrumbList","@id":"https:\/\/www.elementvape.de\/produkt\/voopoo-argus-p1-kit-aromazerstaeuber\/#breadcrumb","itemListElement":[{"@type":"ListItem","position":1,"name":"Home","item":"https:\/\/www.elementvape.de\/"},{"@type":"ListItem","position":2,"name":"Shop","item":"https:\/\/www.elementvape.de\/shop\/"},{"@type":"ListItem","position":3,"name":"Voopoo Argus P1 Kit Aromazerst\u00e4uber"}]},{"@type":"WebSite","@id":"https:\/\/www.elementvape.de\/#website","url":"https:\/\/www.elementvape.de\/","name":"ElementVape.de","description":"","publisher":{"@id":"https:\/\/www.elementvape.de\/#organization"},"potentialAction":[{"@type":"SearchAction","target":{"@type":"EntryPoint","urlTemplate":"https:\/\/www.elementvape.de\/?s={search_term_string}"},"query-input":"required name=search_term_string"}],"inLanguage":"lt-LT"},{"@type":"Organization","@id":"https:\/\/www.elementvape.de\/#organization","name":"ElementVape.DE","url":"https:\/\/www.elementvape.de\/","logo":{"@type":"ImageObject","inLanguage":"lt-LT","@id":"https:\/\/www.elementvape.de\/#\/schema\/logo\/image\/","url":"https:\/\/www.elementvape.de\/wp-content\/uploads\/2024\/09\/cropped-1elementvape-3.png","contentUrl":"https:\/\/www.elementvape.de\/wp-content\/uploads\/2024\/09\/cropped-1elementvape-3.png","width":285,"height":228,"caption":"ElementVape.DE"},"image":{"@id":"https:\/\/www.elementvape.de\/#\/schema\/logo\/image\/"}}]}},"_links":{"self":[{"href":"https:\/\/www.elementvape.de\/lt\/wp-json\/wp\/v2\/product\/7611"}],"collection":[{"href":"https:\/\/www.elementvape.de\/lt\/wp-json\/wp\/v2\/product"}],"about":[{"href":"https:\/\/www.elementvape.de\/lt\/wp-json\/wp\/v2\/types\/product"}],"wp:featuredmedia":[{"embeddable":true,"href":"https:\/\/www.elementvape.de\/lt\/wp-json\/wp\/v2\/media\/7612"}],"wp:attachment":[{"href":"https:\/\/www.elementvape.de\/lt\/wp-json\/wp\/v2\/media?parent=7611"}],"wp:term":[{"taxonomy":"product_cat","embeddable":true,"href":"https:\/\/www.elementvape.de\/lt\/wp-json\/wp\/v2\/product_cat?post=7611"},{"taxonomy":"product_tag","embeddable":true,"href":"https:\/\/www.elementvape.de\/lt\/wp-json\/wp\/v2\/product_tag?post=7611"}],"curies":[{"name":"wp","href":"https:\/\/api.w.org\/{rel}","templated":true}]}}