{"id":7563,"date":"2024-04-20T07:04:20","date_gmt":"2024-04-20T07:04:20","guid":{"rendered":"https:\/\/www.elementvape.de\/?post_type=product&#038;p=7563"},"modified":"2024-09-12T10:32:21","modified_gmt":"2024-09-12T10:32:21","slug":"5er-pack-leere-wiederaufladbare-batterien-fuer-puffla-vape-pen-kartuschen","status":"publish","type":"product","link":"https:\/\/www.elementvape.de\/lt\/produkt\/5er-pack-leere-wiederaufladbare-batterien-fuer-puffla-vape-pen-kartuschen\/","title":{"rendered":"5 vnt. tu\u0161\u010di\u0173 \u012fkraunam\u0173 baterij\u0173 rinkinys Puffla Vape Pen bakeliams"},"content":{"rendered":"<p>&nbsp;<\/p>\n<div class=\"product-specs-list-container\">\n<ul class=\"product-specs-list util-clearfix\">\n<li class=\"product-prop line-limit-length\"><span class=\"property-title\">I\u0161vaizda:\u00a0<\/span><span class=\"property-desc line-limit-length\">D\u0117\u017eut\u0117s forma<\/span><\/li>\n<li class=\"product-prop line-limit-length\"><span class=\"property-title\">Suderinama baterija:\u00a0<\/span><span class=\"property-desc line-limit-length\">18350<\/span><\/li>\n<li class=\"product-prop line-limit-length\"><span class=\"property-title\">Steb\u0117jimo funkcija nuo r\u016bkymo skai\u010diaus:\u00a0<\/span><span class=\"property-desc line-limit-length\">Ne<\/span><\/li>\n<li class=\"product-prop line-limit-length\"><span class=\"property-title\">Silicone d\u0117klas:\u00a0<\/span><span class=\"property-desc line-limit-length\">Ne<\/span><\/li>\n<li class=\"product-prop line-limit-length\"><span class=\"property-title\">Temperat\u016bros reguliavimas:\u00a0<\/span><span class=\"property-desc line-limit-length\">Ne<\/span><\/li>\n<li class=\"product-prop line-limit-length\"><span class=\"property-title\">\u012emontuota arba i\u0161orin\u0117 baterija:\u00a0<\/span><span class=\"property-desc line-limit-length\">\u012emontuota<\/span><\/li>\n<li class=\"product-prop line-limit-length\"><span class=\"property-title\">Trump\u0173j\u0173 jung\u010di\u0173 apsaugos funkcija:\u00a0<\/span><span class=\"property-desc line-limit-length\">Ja<\/span><\/li>\n<li class=\"product-prop line-limit-length\"><span class=\"property-title\">Perkaitimo apsaugos funkcija:\u00a0<\/span><span class=\"property-desc line-limit-length\">Ne<\/span><\/li>\n<li class=\"product-prop line-limit-length\"><span class=\"property-title\">\u017dem\u0173 \u012ftampos \u012fsp\u0117jimo funkcija:\u00a0<\/span><span class=\"property-desc line-limit-length\">Ne<\/span><\/li>\n<li class=\"product-prop line-limit-length\"><span class=\"property-title\">Pur\u0161kiklio identifikavimo funkcija:\u00a0<\/span><span class=\"property-desc line-limit-length\">Ne<\/span><\/li>\n<li class=\"product-prop line-limit-length\"><span class=\"property-title\">TCR nustatymo re\u017eimai:\u00a0<\/span><span class=\"property-desc line-limit-length\">Ne<\/span><\/li>\n<li class=\"product-prop line-limit-length\"><span class=\"property-title\">Nominalus talpa:\u00a0<\/span><span class=\"property-desc line-limit-length\">&lt;700 mAh<\/span><\/li>\n<li class=\"product-prop line-limit-length\"><span class=\"property-title\">Med\u017eiaga:\u00a0<\/span><span class=\"property-desc line-limit-length\">Metalas<\/span><\/li>\n<li class=\"product-prop line-limit-length\"><span class=\"property-title\">Suderinamas modelis:\u00a0<\/span><span class=\"property-desc line-limit-length\">thich aliejus<\/span><\/li>\n<li class=\"product-prop line-limit-length\"><span class=\"property-title\">Modelio numeris:\u00a0<\/span><span class=\"property-desc line-limit-length\">Puffla Vape Pen<\/span><\/li>\n<li class=\"product-prop line-limit-length\"><span class=\"property-title\">USB \u012fkroviklis:\u00a0<\/span><span class=\"property-desc line-limit-length\">Ja<\/span><\/li>\n<li class=\"product-prop line-limit-length\"><span class=\"property-title\">Programin\u0117s \u012frangos atnaujinimas:\u00a0<\/span><span class=\"property-desc line-limit-length\">Ne<\/span><\/li>\n<li class=\"product-prop line-limit-length\"><span class=\"property-title\">Ekranas:\u00a0<\/span><span class=\"property-desc line-limit-length\">Ne<\/span><\/li>\n<li class=\"product-prop line-limit-length\"><span class=\"property-title\">Tipas:\u00a0<\/span><span class=\"property-desc line-limit-length\">naudojama vienkartin\u0117<\/span><\/li>\n<li class=\"product-prop line-limit-length\"><span class=\"property-title\">Prek\u0117s \u017eenklas:\u00a0<\/span><span class=\"property-desc line-limit-length\">SUB TWO<\/span><\/li>\n<li class=\"product-prop line-limit-length\"><span class=\"property-title\">Kilm\u0117s \u0161alis:\u00a0<\/span><span class=\"property-desc line-limit-length\">CN (Kilm\u0117)<\/span><\/li>\n<li class=\"product-prop line-limit-length\"><span class=\"property-title\">Pod Talpa:\u00a0<\/span><span class=\"property-desc line-limit-length\">2,0 ml<\/span><\/li>\n<li class=\"product-prop line-limit-length\"><span class=\"property-title\">Baterija:\u00a0<\/span><span class=\"property-desc line-limit-length\">280mAh<\/span><\/li>\n<li class=\"product-prop line-limit-length\"><span class=\"property-title\">Talpyklos med\u017eiaga:\u00a0<\/span><span class=\"property-desc line-limit-length\">PCTG<\/span><\/li>\n<li class=\"product-prop line-limit-length\"><span class=\"property-title\">\u0160ildymo rit\u0117:\u00a0<\/span><span class=\"property-desc line-limit-length\">Keramin\u0117 rit\u0117<\/span><\/li>\n<li class=\"product-prop line-limit-length\"><span class=\"property-title\">Var\u017ea:\u00a0<\/span><span class=\"property-desc line-limit-length\">1.2ohm<\/span><\/li>\n<li class=\"product-prop line-limit-length\"><span class=\"property-title\">LED ap\u0161vietimas:\u00a0<\/span><span class=\"property-desc line-limit-length\">balta\/m\u0117lyna<\/span><\/li>\n<\/ul>\n<\/div>\n<div class=\"detailmodule_html\">\n<div class=\"detail-desc-decorate-richtext\">\n<div>\n<div style=\"text-align: center;\" align=\"center\"><span id=\"tl_1\" style=\"font-size: 20px;\">5 vnt. Puffla Vape Pen E Elektronini\u0173 cigare\u010di\u0173 podai 2ml tu\u0161ti vapes keramin\u0117 rit\u0117 280mAh akumuliatorius su pakuote storam aliejui<\/span><\/div>\n<div>\n<div><\/div>\n<div style=\"position: relative;\"><span style=\"font-size: 20px;\"><span id=\"tl_2\">Specifikacija:<\/span><\/span><\/div>\n<div style=\"position: relative;\"><\/div>\n<div style=\"position: relative;\"><span style=\"font-size: 16px;\"><span id=\"tl_3\">Matmenys: 63.5*22*12,3mm<\/span><\/span><\/div>\n<div style=\"position: relative;\"><span style=\"font-size: 16px;\"><span id=\"tl_4\">Baterija: 280mah<\/span><\/span><\/div>\n<div style=\"position: relative;\"><span style=\"font-size: 16px;\"><span id=\"tl_5\">Talpa bakelyje: 2,0 ml<\/span><\/span><\/div>\n<div style=\"position: relative;\"><span style=\"font-size: 16px;\"><span id=\"tl_6\">Bakelio med\u017eiaga: pctg<\/span><\/span><\/div>\n<div style=\"position: relative;\"><span style=\"font-size: 16px;\"><span id=\"tl_7\">\u0160ildymo rit\u0117: Keramin\u0117 rit\u0117<\/span><\/span><\/div>\n<div style=\"position: relative;\"><span style=\"font-size: 16px;\"><span id=\"tl_8\">Var\u017ea: 1.2\u03a9<\/span><\/span><\/div>\n<div style=\"position: relative;\"><span style=\"font-size: 16px;\"><span id=\"tl_9\">\u012ekrovimo jungtis: Tipo C USB<\/span><\/span><\/div>\n<div style=\"position: relative;\"><span style=\"font-size: 16px;\"><span id=\"tl_10\">LED ap\u0161vietimas: baltas\/m\u0117lynas<\/span><\/span><\/div>\n<div style=\"position: relative;\"><\/div>\n<div style=\"position: relative;\"><span style=\"font-size: 16px;\"><span id=\"tl_11\">Pastaba:<\/span><\/span><\/div>\n<div style=\"position: relative;\"><span style=\"font-size: 16px;\"><span id=\"tl_12\">Visi patronai yra siun\u010diami tu\u0161\u010diame bakelyje.<\/span><\/span><\/div>\n<div style=\"position: relative;\">\n<p><span style=\"font-size: 16px;\"><span id=\"tl_13\">Spalvos ir apkrovos yra pasirenkamos atsitiktinai, jei jos n\u0117ra nurodytos u\u017esakymuose.<\/span><\/span><\/p>\n<p><img decoding=\"async\" loading=\"lazy\" src=\"https:\/\/ae01.alicdn.com\/kf\/S59e05031bbb444bda4d9a0201177b6a2F.jpg?width=800&amp;height=800&amp;hash=1600\" \/><br \/>\n<img decoding=\"async\" loading=\"lazy\" src=\"https:\/\/ae01.alicdn.com\/kf\/Scf4814bbb7934e8b8c0536de8a1bb5beV.jpg?width=800&amp;height=800&amp;hash=1600\" \/><br \/>\n<img decoding=\"async\" loading=\"lazy\" src=\"https:\/\/ae01.alicdn.com\/kf\/S528ceba9b91841e08c83d1ad906d54fbh.jpg?width=800&amp;height=800&amp;hash=1600\" \/><br \/>\n<img decoding=\"async\" loading=\"lazy\" src=\"https:\/\/ae01.alicdn.com\/kf\/S0cab61828c1f44e4a3b5396ae3150f639.jpg?width=800&amp;height=800&amp;hash=1600\" \/><br \/>\n<img decoding=\"async\" loading=\"lazy\" src=\"https:\/\/ae01.alicdn.com\/kf\/Saa4d077e082b41fbae0dcdfe60e806fd3.jpg?width=800&amp;height=800&amp;hash=1600\" \/><br \/>\n<img decoding=\"async\" loading=\"lazy\" src=\"https:\/\/ae01.alicdn.com\/kf\/S7e986653f07347c780b3351e139273d95.jpg?width=800&amp;height=800&amp;hash=1600\" \/><br \/>\n<img decoding=\"async\" loading=\"lazy\" src=\"https:\/\/ae01.alicdn.com\/kf\/Sf335acf964db4ec2bbb4605c09dbd885V.jpg?width=800&amp;height=800&amp;hash=1600\" \/><br \/>\n<img decoding=\"async\" loading=\"lazy\" src=\"https:\/\/ae01.alicdn.com\/kf\/Sf559e4e29e434bada0dda65a98a728c9F.jpg?width=800&amp;height=800&amp;hash=1600\" \/><br \/>\n<img decoding=\"async\" loading=\"lazy\" src=\"https:\/\/ae01.alicdn.com\/kf\/S736cb3d3cd3e487b8804725116c2c8e1Y.jpg?width=800&amp;height=800&amp;hash=1600\" \/><br \/>\n<img decoding=\"async\" loading=\"lazy\" src=\"https:\/\/ae01.alicdn.com\/kf\/Sfc6f5dbb37a14877812d331a9c4ec9c6H.jpg?width=800&amp;height=800&amp;hash=1600\" \/><\/p>\n<\/div>\n<\/div>\n<div><\/div>\n<\/div>\n<p>&nbsp;<\/p>\n<\/div>\n<\/div>","protected":false},"excerpt":{"rendered":"<p>&nbsp; Aussehen:\u00a0Box Form Kompatibler Akku:\u00a018350 \u00dcberwachung Funktion Von Rauchen Anzahl:\u00a0Nein Silikon Fall:\u00a0Nein Temperaturregelung:\u00a0Nein Eingebaute Oder Externe Batterie:\u00a0Eingebaute Kurzschlussschutz Funktion:\u00a0Ja \u00dcberhitzungsschutz-funktion:\u00a0Nein Niederspannungsalarmfunktion:\u00a0Nein Zerst\u00e4uber Identifikation Funktion:\u00a0Nein TCR Einstellung Modi:\u00a0Nein Nominale Kapazit\u00e4t:\u00a0&lt;700 mAh Material:\u00a0Metall Compatible Model:\u00a0thich oil Modellnummer:\u00a0Puffla Vape Pen Usb-ladeger\u00e4t:\u00a0Ja Firmware-upgrade:\u00a0Nein Display:\u00a0Nein Art:\u00a0disposable Markenname:\u00a0SUB TWO Ursprung:\u00a0CN (Herkunft) Pod Capacity:\u00a02.0ml Battery:\u00a0280mah Tank material:\u00a0PCTG Heating coil:\u00a0Ceramic coil Resistance:\u00a01.2ohm LED [&hellip;]<\/p>","protected":false},"featured_media":7565,"template":"","meta":{"inline_featured_image":false},"product_cat":[78,750,737,736,749,76],"product_tag":[],"tiered_pricing_type":"fixed","tiered_pricing_fixed_rules":[],"tiered_pricing_percentage_rules":[],"tiered_pricing_minimum":1,"_administrator_tiered_pricing_type":"fixed","_administrator_tiered_pricing_fixed_rules":[],"_editor_tiered_pricing_type":"fixed","_editor_tiered_pricing_fixed_rules":[],"_author_tiered_pricing_type":"fixed","_author_tiered_pricing_fixed_rules":[],"_contributor_tiered_pricing_type":"fixed","_contributor_tiered_pricing_fixed_rules":[],"_subscriber_tiered_pricing_type":"fixed","_subscriber_tiered_pricing_fixed_rules":[],"_customer_tiered_pricing_type":"fixed","_customer_tiered_pricing_fixed_rules":[],"_shop_manager_tiered_pricing_type":"fixed","_shop_manager_tiered_pricing_fixed_rules":[],"_wpseo_manager_tiered_pricing_type":"fixed","_wpseo_manager_tiered_pricing_fixed_rules":[],"_wpseo_editor_tiered_pricing_type":"fixed","_wpseo_editor_tiered_pricing_fixed_rules":[],"_wholesale_customer_tiered_pricing_type":"fixed","_wholesale_customer_tiered_pricing_fixed_rules":[],"_marketer_tiered_pricing_type":"fixed","_marketer_tiered_pricing_fixed_rules":[],"_sales_manager_tiered_pricing_type":"fixed","_sales_manager_tiered_pricing_fixed_rules":[],"_sales_rep_tiered_pricing_type":"fixed","_sales_rep_tiered_pricing_fixed_rules":[],"yoast_head":"<!-- This site is optimized with the Yoast SEO plugin v23.3 - https:\/\/yoast.com\/wordpress\/plugins\/seo\/ -->\n<title>5er-Pack leere wiederaufladbare Batterien f\u00fcr Puffla Vape Pen-Kartuschen | ElementVape.de<\/title>\n<meta name=\"description\" content=\"Wir bieten 5er-Pack leere wiederaufladbare Batterien f\u00fcr Puffla Vape Pen-Kartuschen , Elementvape.de akzeptieren Gro\u00df-und Einzelhandel Bestellungen.\" \/>\n<meta name=\"robots\" content=\"index, follow, max-snippet:-1, max-image-preview:large, max-video-preview:-1\" \/>\n<link rel=\"canonical\" href=\"https:\/\/www.elementvape.de\/lt\/produkt\/5er-pack-leere-wiederaufladbare-batterien-fuer-puffla-vape-pen-kartuschen\/\" \/>\n<meta property=\"og:locale\" content=\"lt_LT\" \/>\n<meta property=\"og:type\" content=\"article\" \/>\n<meta property=\"og:title\" content=\"5er-Pack leere wiederaufladbare Batterien f\u00fcr Puffla Vape Pen-Kartuschen | ElementVape.de\" \/>\n<meta property=\"og:description\" content=\"Wir bieten 5er-Pack leere wiederaufladbare Batterien f\u00fcr Puffla Vape Pen-Kartuschen , Elementvape.de akzeptieren Gro\u00df-und Einzelhandel Bestellungen.\" \/>\n<meta property=\"og:url\" content=\"https:\/\/www.elementvape.de\/lt\/produkt\/5er-pack-leere-wiederaufladbare-batterien-fuer-puffla-vape-pen-kartuschen\/\" \/>\n<meta property=\"og:site_name\" content=\"ElementVape.de\" \/>\n<meta property=\"article:modified_time\" content=\"2024-09-12T10:32:21+00:00\" \/>\n<meta property=\"og:image\" content=\"https:\/\/ae01.alicdn.com\/kf\/S11a4afbca42a4391b57baf9226396a44E\/5-st-cke-leere-Puffla-Vape-Pen-Pods-2ml-280mAh-Keramik-spule-und-Zigaretten-wiederauf-ladbare.jpg\" \/>\n\t<meta property=\"og:image:width\" content=\"800\" \/>\n\t<meta property=\"og:image:height\" content=\"800\" \/>\n\t<meta property=\"og:image:type\" content=\"image\/jpeg\" \/>\n<meta name=\"twitter:card\" content=\"summary_large_image\" \/>\n<meta name=\"twitter:label1\" content=\"Est. reading time\" \/>\n\t<meta name=\"twitter:data1\" content=\"4 minut\u0117s\" \/>\n<script type=\"application\/ld+json\" class=\"yoast-schema-graph\">{\"@context\":\"https:\/\/schema.org\",\"@graph\":[{\"@type\":\"WebPage\",\"@id\":\"https:\/\/www.elementvape.de\/produkt\/5er-pack-leere-wiederaufladbare-batterien-fuer-puffla-vape-pen-kartuschen\/\",\"url\":\"https:\/\/www.elementvape.de\/produkt\/5er-pack-leere-wiederaufladbare-batterien-fuer-puffla-vape-pen-kartuschen\/\",\"name\":\"5er-Pack leere wiederaufladbare Batterien f\u00fcr Puffla Vape Pen-Kartuschen | ElementVape.de\",\"isPartOf\":{\"@id\":\"https:\/\/www.elementvape.de\/#website\"},\"primaryImageOfPage\":{\"@id\":\"https:\/\/www.elementvape.de\/produkt\/5er-pack-leere-wiederaufladbare-batterien-fuer-puffla-vape-pen-kartuschen\/#primaryimage\"},\"image\":{\"@id\":\"https:\/\/www.elementvape.de\/produkt\/5er-pack-leere-wiederaufladbare-batterien-fuer-puffla-vape-pen-kartuschen\/#primaryimage\"},\"thumbnailUrl\":\"https:\/\/ae01.alicdn.com\/kf\/S11a4afbca42a4391b57baf9226396a44E\/5-st-cke-leere-Puffla-Vape-Pen-Pods-2ml-280mAh-Keramik-spule-und-Zigaretten-wiederauf-ladbare.jpg\",\"datePublished\":\"2024-04-20T07:04:20+00:00\",\"dateModified\":\"2024-09-12T10:32:21+00:00\",\"description\":\"Wir bieten 5er-Pack leere wiederaufladbare Batterien f\u00fcr Puffla Vape Pen-Kartuschen , Elementvape.de akzeptieren Gro\u00df-und Einzelhandel Bestellungen.\",\"breadcrumb\":{\"@id\":\"https:\/\/www.elementvape.de\/produkt\/5er-pack-leere-wiederaufladbare-batterien-fuer-puffla-vape-pen-kartuschen\/#breadcrumb\"},\"inLanguage\":\"lt-LT\",\"potentialAction\":[{\"@type\":\"ReadAction\",\"target\":[\"https:\/\/www.elementvape.de\/produkt\/5er-pack-leere-wiederaufladbare-batterien-fuer-puffla-vape-pen-kartuschen\/\"]}]},{\"@type\":\"ImageObject\",\"inLanguage\":\"lt-LT\",\"@id\":\"https:\/\/www.elementvape.de\/produkt\/5er-pack-leere-wiederaufladbare-batterien-fuer-puffla-vape-pen-kartuschen\/#primaryimage\",\"url\":\"https:\/\/ae01.alicdn.com\/kf\/S11a4afbca42a4391b57baf9226396a44E\/5-st-cke-leere-Puffla-Vape-Pen-Pods-2ml-280mAh-Keramik-spule-und-Zigaretten-wiederauf-ladbare.jpg\",\"contentUrl\":\"https:\/\/ae01.alicdn.com\/kf\/S11a4afbca42a4391b57baf9226396a44E\/5-st-cke-leere-Puffla-Vape-Pen-Pods-2ml-280mAh-Keramik-spule-und-Zigaretten-wiederauf-ladbare.jpg\",\"width\":800,\"height\":800},{\"@type\":\"BreadcrumbList\",\"@id\":\"https:\/\/www.elementvape.de\/produkt\/5er-pack-leere-wiederaufladbare-batterien-fuer-puffla-vape-pen-kartuschen\/#breadcrumb\",\"itemListElement\":[{\"@type\":\"ListItem\",\"position\":1,\"name\":\"Home\",\"item\":\"https:\/\/www.elementvape.de\/\"},{\"@type\":\"ListItem\",\"position\":2,\"name\":\"Shop\",\"item\":\"https:\/\/www.elementvape.de\/shop\/\"},{\"@type\":\"ListItem\",\"position\":3,\"name\":\"5er-Pack leere wiederaufladbare Batterien f\u00fcr Puffla Vape Pen-Kartuschen\"}]},{\"@type\":\"WebSite\",\"@id\":\"https:\/\/www.elementvape.de\/#website\",\"url\":\"https:\/\/www.elementvape.de\/\",\"name\":\"ElementVape.de\",\"description\":\"\",\"publisher\":{\"@id\":\"https:\/\/www.elementvape.de\/#organization\"},\"potentialAction\":[{\"@type\":\"SearchAction\",\"target\":{\"@type\":\"EntryPoint\",\"urlTemplate\":\"https:\/\/www.elementvape.de\/?s={search_term_string}\"},\"query-input\":\"required name=search_term_string\"}],\"inLanguage\":\"lt-LT\"},{\"@type\":\"Organization\",\"@id\":\"https:\/\/www.elementvape.de\/#organization\",\"name\":\"ElementVape.DE\",\"url\":\"https:\/\/www.elementvape.de\/\",\"logo\":{\"@type\":\"ImageObject\",\"inLanguage\":\"lt-LT\",\"@id\":\"https:\/\/www.elementvape.de\/#\/schema\/logo\/image\/\",\"url\":\"https:\/\/www.elementvape.de\/wp-content\/uploads\/2024\/09\/cropped-1elementvape-3.png\",\"contentUrl\":\"https:\/\/www.elementvape.de\/wp-content\/uploads\/2024\/09\/cropped-1elementvape-3.png\",\"width\":285,\"height\":228,\"caption\":\"ElementVape.DE\"},\"image\":{\"@id\":\"https:\/\/www.elementvape.de\/#\/schema\/logo\/image\/\"}}]}<\/script>\n<!-- \/ Yoast SEO plugin. -->","yoast_head_json":{"title":"5er-Pack leere wiederaufladbare Batterien f\u00fcr Puffla Vape Pen-Kartuschen | ElementVape.de","description":"Wir bieten 5er-Pack leere wiederaufladbare Batterien f\u00fcr Puffla Vape Pen-Kartuschen , Elementvape.de akzeptieren Gro\u00df-und Einzelhandel Bestellungen.","robots":{"index":"index","follow":"follow","max-snippet":"max-snippet:-1","max-image-preview":"max-image-preview:large","max-video-preview":"max-video-preview:-1"},"canonical":"https:\/\/www.elementvape.de\/lt\/produkt\/5er-pack-leere-wiederaufladbare-batterien-fuer-puffla-vape-pen-kartuschen\/","og_locale":"lt_LT","og_type":"article","og_title":"5er-Pack leere wiederaufladbare Batterien f\u00fcr Puffla Vape Pen-Kartuschen | ElementVape.de","og_description":"Wir bieten 5er-Pack leere wiederaufladbare Batterien f\u00fcr Puffla Vape Pen-Kartuschen , Elementvape.de akzeptieren Gro\u00df-und Einzelhandel Bestellungen.","og_url":"https:\/\/www.elementvape.de\/lt\/produkt\/5er-pack-leere-wiederaufladbare-batterien-fuer-puffla-vape-pen-kartuschen\/","og_site_name":"ElementVape.de","article_modified_time":"2024-09-12T10:32:21+00:00","og_image":[{"width":800,"height":800,"url":"https:\/\/ae01.alicdn.com\/kf\/S11a4afbca42a4391b57baf9226396a44E\/5-st-cke-leere-Puffla-Vape-Pen-Pods-2ml-280mAh-Keramik-spule-und-Zigaretten-wiederauf-ladbare.jpg","type":"image\/jpeg"}],"twitter_card":"summary_large_image","twitter_misc":{"Est. reading time":"4 minut\u0117s"},"schema":{"@context":"https:\/\/schema.org","@graph":[{"@type":"WebPage","@id":"https:\/\/www.elementvape.de\/produkt\/5er-pack-leere-wiederaufladbare-batterien-fuer-puffla-vape-pen-kartuschen\/","url":"https:\/\/www.elementvape.de\/produkt\/5er-pack-leere-wiederaufladbare-batterien-fuer-puffla-vape-pen-kartuschen\/","name":"5er-Pack leere wiederaufladbare Batterien f\u00fcr Puffla Vape Pen-Kartuschen | ElementVape.de","isPartOf":{"@id":"https:\/\/www.elementvape.de\/#website"},"primaryImageOfPage":{"@id":"https:\/\/www.elementvape.de\/produkt\/5er-pack-leere-wiederaufladbare-batterien-fuer-puffla-vape-pen-kartuschen\/#primaryimage"},"image":{"@id":"https:\/\/www.elementvape.de\/produkt\/5er-pack-leere-wiederaufladbare-batterien-fuer-puffla-vape-pen-kartuschen\/#primaryimage"},"thumbnailUrl":"https:\/\/ae01.alicdn.com\/kf\/S11a4afbca42a4391b57baf9226396a44E\/5-st-cke-leere-Puffla-Vape-Pen-Pods-2ml-280mAh-Keramik-spule-und-Zigaretten-wiederauf-ladbare.jpg","datePublished":"2024-04-20T07:04:20+00:00","dateModified":"2024-09-12T10:32:21+00:00","description":"Wir bieten 5er-Pack leere wiederaufladbare Batterien f\u00fcr Puffla Vape Pen-Kartuschen , Elementvape.de akzeptieren Gro\u00df-und Einzelhandel Bestellungen.","breadcrumb":{"@id":"https:\/\/www.elementvape.de\/produkt\/5er-pack-leere-wiederaufladbare-batterien-fuer-puffla-vape-pen-kartuschen\/#breadcrumb"},"inLanguage":"lt-LT","potentialAction":[{"@type":"ReadAction","target":["https:\/\/www.elementvape.de\/produkt\/5er-pack-leere-wiederaufladbare-batterien-fuer-puffla-vape-pen-kartuschen\/"]}]},{"@type":"ImageObject","inLanguage":"lt-LT","@id":"https:\/\/www.elementvape.de\/produkt\/5er-pack-leere-wiederaufladbare-batterien-fuer-puffla-vape-pen-kartuschen\/#primaryimage","url":"https:\/\/ae01.alicdn.com\/kf\/S11a4afbca42a4391b57baf9226396a44E\/5-st-cke-leere-Puffla-Vape-Pen-Pods-2ml-280mAh-Keramik-spule-und-Zigaretten-wiederauf-ladbare.jpg","contentUrl":"https:\/\/ae01.alicdn.com\/kf\/S11a4afbca42a4391b57baf9226396a44E\/5-st-cke-leere-Puffla-Vape-Pen-Pods-2ml-280mAh-Keramik-spule-und-Zigaretten-wiederauf-ladbare.jpg","width":800,"height":800},{"@type":"BreadcrumbList","@id":"https:\/\/www.elementvape.de\/produkt\/5er-pack-leere-wiederaufladbare-batterien-fuer-puffla-vape-pen-kartuschen\/#breadcrumb","itemListElement":[{"@type":"ListItem","position":1,"name":"Home","item":"https:\/\/www.elementvape.de\/"},{"@type":"ListItem","position":2,"name":"Shop","item":"https:\/\/www.elementvape.de\/shop\/"},{"@type":"ListItem","position":3,"name":"5er-Pack leere wiederaufladbare Batterien f\u00fcr Puffla Vape Pen-Kartuschen"}]},{"@type":"WebSite","@id":"https:\/\/www.elementvape.de\/#website","url":"https:\/\/www.elementvape.de\/","name":"ElementVape.de","description":"","publisher":{"@id":"https:\/\/www.elementvape.de\/#organization"},"potentialAction":[{"@type":"SearchAction","target":{"@type":"EntryPoint","urlTemplate":"https:\/\/www.elementvape.de\/?s={search_term_string}"},"query-input":"required name=search_term_string"}],"inLanguage":"lt-LT"},{"@type":"Organization","@id":"https:\/\/www.elementvape.de\/#organization","name":"ElementVape.DE","url":"https:\/\/www.elementvape.de\/","logo":{"@type":"ImageObject","inLanguage":"lt-LT","@id":"https:\/\/www.elementvape.de\/#\/schema\/logo\/image\/","url":"https:\/\/www.elementvape.de\/wp-content\/uploads\/2024\/09\/cropped-1elementvape-3.png","contentUrl":"https:\/\/www.elementvape.de\/wp-content\/uploads\/2024\/09\/cropped-1elementvape-3.png","width":285,"height":228,"caption":"ElementVape.DE"},"image":{"@id":"https:\/\/www.elementvape.de\/#\/schema\/logo\/image\/"}}]}},"_links":{"self":[{"href":"https:\/\/www.elementvape.de\/lt\/wp-json\/wp\/v2\/product\/7563"}],"collection":[{"href":"https:\/\/www.elementvape.de\/lt\/wp-json\/wp\/v2\/product"}],"about":[{"href":"https:\/\/www.elementvape.de\/lt\/wp-json\/wp\/v2\/types\/product"}],"wp:featuredmedia":[{"embeddable":true,"href":"https:\/\/www.elementvape.de\/lt\/wp-json\/wp\/v2\/media\/7565"}],"wp:attachment":[{"href":"https:\/\/www.elementvape.de\/lt\/wp-json\/wp\/v2\/media?parent=7563"}],"wp:term":[{"taxonomy":"product_cat","embeddable":true,"href":"https:\/\/www.elementvape.de\/lt\/wp-json\/wp\/v2\/product_cat?post=7563"},{"taxonomy":"product_tag","embeddable":true,"href":"https:\/\/www.elementvape.de\/lt\/wp-json\/wp\/v2\/product_tag?post=7563"}],"curies":[{"name":"wp","href":"https:\/\/api.w.org\/{rel}","templated":true}]}}