{"id":7375,"date":"2024-04-20T06:43:29","date_gmt":"2024-04-20T06:43:29","guid":{"rendered":"https:\/\/www.elementvape.de\/?post_type=product&#038;p=7375"},"modified":"2024-09-12T10:32:33","modified_gmt":"2024-09-12T10:32:33","slug":"muha-meds-vape-pen-20-ml-wiederaufladbare-verdampfer-kartusche","status":"publish","type":"product","link":"https:\/\/www.elementvape.de\/lt\/produkt\/muha-meds-vape-pen-20-ml-wiederaufladbare-verdampfer-kartusche\/","title":{"rendered":"Muha Meds Vape Pie\u0161tukas 2,0 ml \u012fkraunamas garintuvo kaset\u0117"},"content":{"rendered":"<p>&nbsp;<\/p>\n<div class=\"product-specs-list-container\">\n<ul class=\"product-specs-list util-clearfix\">\n<li class=\"product-prop line-limit-length\"><span class=\"property-title\">I\u0161vaizda:\u00a0<\/span><span class=\"property-desc line-limit-length\">D\u0117\u017eut\u0117s forma<\/span><\/li>\n<li class=\"product-prop line-limit-length\"><span class=\"property-title\">Suderinama baterija:\u00a0<\/span><span class=\"property-desc line-limit-length\">18350<\/span><\/li>\n<li class=\"product-prop line-limit-length\"><span class=\"property-title\">Steb\u0117jimo funkcija nuo r\u016bkymo skai\u010diaus:\u00a0<\/span><span class=\"property-desc line-limit-length\">Ne<\/span><\/li>\n<li class=\"product-prop line-limit-length\"><span class=\"property-title\">Silicone d\u0117klas:\u00a0<\/span><span class=\"property-desc line-limit-length\">Ne<\/span><\/li>\n<li class=\"product-prop line-limit-length\"><span class=\"property-title\">Temperat\u016bros reguliavimas:\u00a0<\/span><span class=\"property-desc line-limit-length\">Ne<\/span><\/li>\n<li class=\"product-prop line-limit-length\"><span class=\"property-title\">\u012emontuota arba i\u0161orin\u0117 baterija:\u00a0<\/span><span class=\"property-desc line-limit-length\">\u012emontuota<\/span><\/li>\n<li class=\"product-prop line-limit-length\"><span class=\"property-title\">Trump\u0173j\u0173 jung\u010di\u0173 apsaugos funkcija:\u00a0<\/span><span class=\"property-desc line-limit-length\">Ja<\/span><\/li>\n<li class=\"product-prop line-limit-length\"><span class=\"property-title\">Perkaitimo apsaugos funkcija:\u00a0<\/span><span class=\"property-desc line-limit-length\">Ne<\/span><\/li>\n<li class=\"product-prop line-limit-length\"><span class=\"property-title\">\u017dem\u0173 \u012ftampos \u012fsp\u0117jimo funkcija:\u00a0<\/span><span class=\"property-desc line-limit-length\">Ne<\/span><\/li>\n<li class=\"product-prop line-limit-length\"><span class=\"property-title\">Pur\u0161kiklio identifikavimo funkcija:\u00a0<\/span><span class=\"property-desc line-limit-length\">Ne<\/span><\/li>\n<li class=\"product-prop line-limit-length\"><span class=\"property-title\">TCR nustatymo re\u017eimai:\u00a0<\/span><span class=\"property-desc line-limit-length\">Ne<\/span><\/li>\n<li class=\"product-prop line-limit-length\"><span class=\"property-title\">Nominalus talpa:\u00a0<\/span><span class=\"property-desc line-limit-length\">&lt;700 mAh<\/span><\/li>\n<li class=\"product-prop line-limit-length\"><span class=\"property-title\">Med\u017eiaga:\u00a0<\/span><span class=\"property-desc line-limit-length\">Plastikas<\/span><\/li>\n<li class=\"product-prop line-limit-length\"><span class=\"property-title\">Suderinamas modelis:\u00a0<\/span><span class=\"property-desc line-limit-length\">Storas aliejus<\/span><\/li>\n<li class=\"product-prop line-limit-length\"><span class=\"property-title\">Modelio numeris:\u00a0<\/span><span class=\"property-desc line-limit-length\">Muha Meds Vape Pie\u0161tukai<\/span><\/li>\n<li class=\"product-prop line-limit-length\"><span class=\"property-title\">USB \u012fkroviklis:\u00a0<\/span><span class=\"property-desc line-limit-length\">Ja<\/span><\/li>\n<li class=\"product-prop line-limit-length\"><span class=\"property-title\">Programin\u0117s \u012frangos atnaujinimas:\u00a0<\/span><span class=\"property-desc line-limit-length\">Ne<\/span><\/li>\n<li class=\"product-prop line-limit-length\"><span class=\"property-title\">Ekranas:\u00a0<\/span><span class=\"property-desc line-limit-length\">Ne<\/span><\/li>\n<li class=\"product-prop line-limit-length\"><span class=\"property-title\">Tipas:\u00a0<\/span><span class=\"property-desc line-limit-length\">naudojama vienkartin\u0117<\/span><\/li>\n<li class=\"product-prop line-limit-length\"><span class=\"property-title\">Prek\u0117s \u017eenklas:\u00a0<\/span><span class=\"property-desc line-limit-length\">SUB TWO<\/span><\/li>\n<li class=\"product-prop line-limit-length\"><span class=\"property-title\">Kilm\u0117s \u0161alis:\u00a0<\/span><span class=\"property-desc line-limit-length\">CN (Kilm\u0117)<\/span><\/li>\n<li class=\"product-prop line-limit-length\"><span class=\"property-title\">Dydis:\u00a0<\/span><span class=\"property-desc line-limit-length\">16 x 16 x 104mm<\/span><\/li>\n<li class=\"product-prop line-limit-length\"><span class=\"property-title\">Talpa:\u00a0<\/span><span class=\"property-desc line-limit-length\">2,0 ml<\/span><\/li>\n<li class=\"product-prop line-limit-length\"><span class=\"property-title\">Var\u017ea:\u00a0<\/span><span class=\"property-desc line-limit-length\">1.2\u03a9<\/span><\/li>\n<li class=\"product-prop line-limit-length\"><span class=\"property-title\">Pasirinktinai:\u00a0<\/span><span class=\"property-desc line-limit-length\">Galimi 10 spalv\u0173<\/span><\/li>\n<li class=\"product-prop line-limit-length\"><span class=\"property-title\">Naudoti:\u00a0<\/span><span class=\"property-desc line-limit-length\">storas aliejus<\/span><\/li>\n<\/ul>\n<\/div>\n<div class=\"detailmodule_html\">\n<div class=\"detail-desc-decorate-richtext\">\n<div style=\"text-align: center;\"><span id=\"tl_1\" style=\"font-size: 20px;\">Muha Meds Vape Pie\u0161tukas 2,0 ml Vape \u012frenginys storas aliejus keramin\u0117 rit\u0117 tu\u0161\u010dia E cigaret\u0117s l\u0105stel\u0117 320mah \u012fkraunamas garintuvas Vape patronai<\/span><\/div>\n<div><span id=\"tl_2\" style=\"font-size: 20px;\"><\/p>\n<p>Specifikacija:<\/span><br \/>\n<span id=\"tl_3\" style=\"font-size: 16px;\"><br \/>\nMatmenys: 63.5*22*12,3mm<br \/>\nBaterija: 320mah<br \/>\nTalpa bakelyje: 2,0 ml<br \/>\nBakelio med\u017eiaga: pctg<br \/>\n\u0160ildymo rit\u0117: Keramin\u0117 rit\u0117<br \/>\nVar\u017ea: 1.4\u03a9<br \/>\n\u012ekrovimo jungtis: micro usb<br \/>\nLED ap\u0161vietimas: baltas\/m\u0117lynas<\/span><\/p>\n<p><span style=\"font-size: 20px;\"><span id=\"tl_4\" style=\"background-color: #e74c3c;\">Produktas yra tu\u0161\u010dias ir neturi skys\u010dio<\/span><\/span><\/p>\n<p><img decoding=\"async\" loading=\"lazy\" src=\"https:\/\/ae01.alicdn.com\/kf\/Sf178b02f21d84fa08b760fe03eaa7f634.jpg?width=800&amp;height=800&amp;hash=1600\" \/><br \/>\n<img decoding=\"async\" loading=\"lazy\" src=\"https:\/\/ae01.alicdn.com\/kf\/S79cd11f8ac2445a7994395704a38b1b6h.jpg?width=800&amp;height=800&amp;hash=1600\" \/><br \/>\n<img decoding=\"async\" loading=\"lazy\" src=\"https:\/\/ae01.alicdn.com\/kf\/S851c01a54e7d402ba4471ae453b4f8e6a.jpg?width=800&amp;height=800&amp;hash=1600\" \/><br \/>\n<img decoding=\"async\" loading=\"lazy\" src=\"https:\/\/ae01.alicdn.com\/kf\/Sfe3714ac70844205b0dda29b92ca2ca46.jpg?width=800&amp;height=800&amp;hash=1600\" \/><br \/>\n<img decoding=\"async\" loading=\"lazy\" src=\"https:\/\/ae01.alicdn.com\/kf\/Sc1c828213e154f4987c8f6981bf70cafZ.jpg?width=800&amp;height=800&amp;hash=1600\" \/><br \/>\n<img decoding=\"async\" loading=\"lazy\" src=\"https:\/\/ae01.alicdn.com\/kf\/S1197f074143e474182c57175e040d2acl.jpg?width=800&amp;height=800&amp;hash=1600\" \/><br \/>\n<img decoding=\"async\" loading=\"lazy\" src=\"https:\/\/ae01.alicdn.com\/kf\/S14b00ccf186e4ebd9139869f4e478d9bB.jpg?width=800&amp;height=800&amp;hash=1600\" \/><br \/>\n<img decoding=\"async\" loading=\"lazy\" src=\"https:\/\/ae01.alicdn.com\/kf\/S8ebc525af74c47328baae910a320f8888.jpg?width=800&amp;height=800&amp;hash=1600\" \/><\/div>\n<\/div>\n<\/div>","protected":false},"excerpt":{"rendered":"<p>&nbsp; Aussehen:\u00a0Box Form Kompatibler Akku:\u00a018350 \u00dcberwachung Funktion Von Rauchen Anzahl:\u00a0Nein Silikon Fall:\u00a0Nein Temperaturregelung:\u00a0Nein Eingebaute Oder Externe Batterie:\u00a0Eingebaute Kurzschlussschutz Funktion:\u00a0Ja \u00dcberhitzungsschutz-funktion:\u00a0Nein Niederspannungsalarmfunktion:\u00a0Nein Zerst\u00e4uber Identifikation Funktion:\u00a0Nein TCR Einstellung Modi:\u00a0Nein Nominale Kapazit\u00e4t:\u00a0&lt;700 mAh Material:\u00a0Plastik Compatible Model:\u00a0Thick Oil Modellnummer:\u00a0Muha Meds Vape Pens Usb-ladeger\u00e4t:\u00a0Ja Firmware-upgrade:\u00a0Nein Display:\u00a0Nein Art:\u00a0disposable Markenname:\u00a0SUB TWO Ursprung:\u00a0CN (Herkunft) Size:\u00a016 x 16 x 104mm Capacity:\u00a02.0ml Resistance:\u00a01.2\u03a9 Optional:\u00a010 Available [&hellip;]<\/p>","protected":false},"featured_media":7377,"template":"","meta":{"inline_featured_image":false},"product_cat":[78,750,737,736,749,76],"product_tag":[],"tiered_pricing_type":"fixed","tiered_pricing_fixed_rules":[],"tiered_pricing_percentage_rules":[],"tiered_pricing_minimum":1,"_administrator_tiered_pricing_type":"fixed","_administrator_tiered_pricing_fixed_rules":[],"_editor_tiered_pricing_type":"fixed","_editor_tiered_pricing_fixed_rules":[],"_author_tiered_pricing_type":"fixed","_author_tiered_pricing_fixed_rules":[],"_contributor_tiered_pricing_type":"fixed","_contributor_tiered_pricing_fixed_rules":[],"_subscriber_tiered_pricing_type":"fixed","_subscriber_tiered_pricing_fixed_rules":[],"_customer_tiered_pricing_type":"fixed","_customer_tiered_pricing_fixed_rules":[],"_shop_manager_tiered_pricing_type":"fixed","_shop_manager_tiered_pricing_fixed_rules":[],"_wpseo_manager_tiered_pricing_type":"fixed","_wpseo_manager_tiered_pricing_fixed_rules":[],"_wpseo_editor_tiered_pricing_type":"fixed","_wpseo_editor_tiered_pricing_fixed_rules":[],"_wholesale_customer_tiered_pricing_type":"fixed","_wholesale_customer_tiered_pricing_fixed_rules":[],"_marketer_tiered_pricing_type":"fixed","_marketer_tiered_pricing_fixed_rules":[],"_sales_manager_tiered_pricing_type":"fixed","_sales_manager_tiered_pricing_fixed_rules":[],"_sales_rep_tiered_pricing_type":"fixed","_sales_rep_tiered_pricing_fixed_rules":[],"yoast_head":"<!-- This site is optimized with the Yoast SEO plugin v23.3 - https:\/\/yoast.com\/wordpress\/plugins\/seo\/ -->\n<title>Muha Meds Vape Pen 2,0 ml wiederaufladbare Verdampfer kartusche | ElementVape.de<\/title>\n<meta name=\"description\" content=\"Wir bieten Muha Meds Vape Pen 2,0 ml wiederaufladbare Verdampfer kartusche , Elementvape.de akzeptieren Gro\u00df-und Einzelhandel Bestellungen.\" \/>\n<meta name=\"robots\" content=\"index, follow, max-snippet:-1, max-image-preview:large, max-video-preview:-1\" \/>\n<link rel=\"canonical\" href=\"https:\/\/www.elementvape.de\/lt\/produkt\/muha-meds-vape-pen-20-ml-wiederaufladbare-verdampfer-kartusche\/\" \/>\n<meta property=\"og:locale\" content=\"lt_LT\" \/>\n<meta property=\"og:type\" content=\"article\" \/>\n<meta property=\"og:title\" content=\"Muha Meds Vape Pen 2,0 ml wiederaufladbare Verdampfer kartusche | ElementVape.de\" \/>\n<meta property=\"og:description\" content=\"Wir bieten Muha Meds Vape Pen 2,0 ml wiederaufladbare Verdampfer kartusche , Elementvape.de akzeptieren Gro\u00df-und Einzelhandel Bestellungen.\" \/>\n<meta property=\"og:url\" content=\"https:\/\/www.elementvape.de\/lt\/produkt\/muha-meds-vape-pen-20-ml-wiederaufladbare-verdampfer-kartusche\/\" \/>\n<meta property=\"og:site_name\" content=\"ElementVape.de\" \/>\n<meta property=\"article:modified_time\" content=\"2024-09-12T10:32:33+00:00\" \/>\n<meta property=\"og:image\" content=\"https:\/\/ae01.alicdn.com\/kf\/S2e620287990e46558d67bac3b2de3860h\/Muha-Meds-Vape-Pen-2-0-ml-Vapes-Ger-t-dickes-l-Keramik-spule-leer-E.jpg\" \/>\n\t<meta property=\"og:image:width\" content=\"800\" \/>\n\t<meta property=\"og:image:height\" content=\"800\" \/>\n\t<meta property=\"og:image:type\" content=\"image\/jpeg\" \/>\n<meta name=\"twitter:card\" content=\"summary_large_image\" \/>\n<meta name=\"twitter:label1\" content=\"Est. reading time\" \/>\n\t<meta name=\"twitter:data1\" content=\"3 minut\u0117s\" \/>\n<script type=\"application\/ld+json\" class=\"yoast-schema-graph\">{\"@context\":\"https:\/\/schema.org\",\"@graph\":[{\"@type\":\"WebPage\",\"@id\":\"https:\/\/www.elementvape.de\/produkt\/muha-meds-vape-pen-20-ml-wiederaufladbare-verdampfer-kartusche\/\",\"url\":\"https:\/\/www.elementvape.de\/produkt\/muha-meds-vape-pen-20-ml-wiederaufladbare-verdampfer-kartusche\/\",\"name\":\"Muha Meds Vape Pen 2,0 ml wiederaufladbare Verdampfer kartusche | ElementVape.de\",\"isPartOf\":{\"@id\":\"https:\/\/www.elementvape.de\/#website\"},\"primaryImageOfPage\":{\"@id\":\"https:\/\/www.elementvape.de\/produkt\/muha-meds-vape-pen-20-ml-wiederaufladbare-verdampfer-kartusche\/#primaryimage\"},\"image\":{\"@id\":\"https:\/\/www.elementvape.de\/produkt\/muha-meds-vape-pen-20-ml-wiederaufladbare-verdampfer-kartusche\/#primaryimage\"},\"thumbnailUrl\":\"https:\/\/ae01.alicdn.com\/kf\/S2e620287990e46558d67bac3b2de3860h\/Muha-Meds-Vape-Pen-2-0-ml-Vapes-Ger-t-dickes-l-Keramik-spule-leer-E.jpg\",\"datePublished\":\"2024-04-20T06:43:29+00:00\",\"dateModified\":\"2024-09-12T10:32:33+00:00\",\"description\":\"Wir bieten Muha Meds Vape Pen 2,0 ml wiederaufladbare Verdampfer kartusche , Elementvape.de akzeptieren Gro\u00df-und Einzelhandel Bestellungen.\",\"breadcrumb\":{\"@id\":\"https:\/\/www.elementvape.de\/produkt\/muha-meds-vape-pen-20-ml-wiederaufladbare-verdampfer-kartusche\/#breadcrumb\"},\"inLanguage\":\"lt-LT\",\"potentialAction\":[{\"@type\":\"ReadAction\",\"target\":[\"https:\/\/www.elementvape.de\/produkt\/muha-meds-vape-pen-20-ml-wiederaufladbare-verdampfer-kartusche\/\"]}]},{\"@type\":\"ImageObject\",\"inLanguage\":\"lt-LT\",\"@id\":\"https:\/\/www.elementvape.de\/produkt\/muha-meds-vape-pen-20-ml-wiederaufladbare-verdampfer-kartusche\/#primaryimage\",\"url\":\"https:\/\/ae01.alicdn.com\/kf\/S2e620287990e46558d67bac3b2de3860h\/Muha-Meds-Vape-Pen-2-0-ml-Vapes-Ger-t-dickes-l-Keramik-spule-leer-E.jpg\",\"contentUrl\":\"https:\/\/ae01.alicdn.com\/kf\/S2e620287990e46558d67bac3b2de3860h\/Muha-Meds-Vape-Pen-2-0-ml-Vapes-Ger-t-dickes-l-Keramik-spule-leer-E.jpg\",\"width\":800,\"height\":800},{\"@type\":\"BreadcrumbList\",\"@id\":\"https:\/\/www.elementvape.de\/produkt\/muha-meds-vape-pen-20-ml-wiederaufladbare-verdampfer-kartusche\/#breadcrumb\",\"itemListElement\":[{\"@type\":\"ListItem\",\"position\":1,\"name\":\"Home\",\"item\":\"https:\/\/www.elementvape.de\/\"},{\"@type\":\"ListItem\",\"position\":2,\"name\":\"Shop\",\"item\":\"https:\/\/www.elementvape.de\/shop\/\"},{\"@type\":\"ListItem\",\"position\":3,\"name\":\"Muha Meds Vape Pen 2,0 ml wiederaufladbare Verdampfer kartusche\"}]},{\"@type\":\"WebSite\",\"@id\":\"https:\/\/www.elementvape.de\/#website\",\"url\":\"https:\/\/www.elementvape.de\/\",\"name\":\"ElementVape.de\",\"description\":\"\",\"publisher\":{\"@id\":\"https:\/\/www.elementvape.de\/#organization\"},\"potentialAction\":[{\"@type\":\"SearchAction\",\"target\":{\"@type\":\"EntryPoint\",\"urlTemplate\":\"https:\/\/www.elementvape.de\/?s={search_term_string}\"},\"query-input\":\"required name=search_term_string\"}],\"inLanguage\":\"lt-LT\"},{\"@type\":\"Organization\",\"@id\":\"https:\/\/www.elementvape.de\/#organization\",\"name\":\"ElementVape.DE\",\"url\":\"https:\/\/www.elementvape.de\/\",\"logo\":{\"@type\":\"ImageObject\",\"inLanguage\":\"lt-LT\",\"@id\":\"https:\/\/www.elementvape.de\/#\/schema\/logo\/image\/\",\"url\":\"https:\/\/www.elementvape.de\/wp-content\/uploads\/2024\/09\/cropped-1elementvape-3.png\",\"contentUrl\":\"https:\/\/www.elementvape.de\/wp-content\/uploads\/2024\/09\/cropped-1elementvape-3.png\",\"width\":285,\"height\":228,\"caption\":\"ElementVape.DE\"},\"image\":{\"@id\":\"https:\/\/www.elementvape.de\/#\/schema\/logo\/image\/\"}}]}<\/script>\n<!-- \/ Yoast SEO plugin. -->","yoast_head_json":{"title":"Muha Meds Vape Pen 2,0 ml wiederaufladbare Verdampfer kartusche | ElementVape.de","description":"Wir bieten Muha Meds Vape Pen 2,0 ml wiederaufladbare Verdampfer kartusche , Elementvape.de akzeptieren Gro\u00df-und Einzelhandel Bestellungen.","robots":{"index":"index","follow":"follow","max-snippet":"max-snippet:-1","max-image-preview":"max-image-preview:large","max-video-preview":"max-video-preview:-1"},"canonical":"https:\/\/www.elementvape.de\/lt\/produkt\/muha-meds-vape-pen-20-ml-wiederaufladbare-verdampfer-kartusche\/","og_locale":"lt_LT","og_type":"article","og_title":"Muha Meds Vape Pen 2,0 ml wiederaufladbare Verdampfer kartusche | ElementVape.de","og_description":"Wir bieten Muha Meds Vape Pen 2,0 ml wiederaufladbare Verdampfer kartusche , Elementvape.de akzeptieren Gro\u00df-und Einzelhandel Bestellungen.","og_url":"https:\/\/www.elementvape.de\/lt\/produkt\/muha-meds-vape-pen-20-ml-wiederaufladbare-verdampfer-kartusche\/","og_site_name":"ElementVape.de","article_modified_time":"2024-09-12T10:32:33+00:00","og_image":[{"width":800,"height":800,"url":"https:\/\/ae01.alicdn.com\/kf\/S2e620287990e46558d67bac3b2de3860h\/Muha-Meds-Vape-Pen-2-0-ml-Vapes-Ger-t-dickes-l-Keramik-spule-leer-E.jpg","type":"image\/jpeg"}],"twitter_card":"summary_large_image","twitter_misc":{"Est. reading time":"3 minut\u0117s"},"schema":{"@context":"https:\/\/schema.org","@graph":[{"@type":"WebPage","@id":"https:\/\/www.elementvape.de\/produkt\/muha-meds-vape-pen-20-ml-wiederaufladbare-verdampfer-kartusche\/","url":"https:\/\/www.elementvape.de\/produkt\/muha-meds-vape-pen-20-ml-wiederaufladbare-verdampfer-kartusche\/","name":"Muha Meds Vape Pen 2,0 ml wiederaufladbare Verdampfer kartusche | ElementVape.de","isPartOf":{"@id":"https:\/\/www.elementvape.de\/#website"},"primaryImageOfPage":{"@id":"https:\/\/www.elementvape.de\/produkt\/muha-meds-vape-pen-20-ml-wiederaufladbare-verdampfer-kartusche\/#primaryimage"},"image":{"@id":"https:\/\/www.elementvape.de\/produkt\/muha-meds-vape-pen-20-ml-wiederaufladbare-verdampfer-kartusche\/#primaryimage"},"thumbnailUrl":"https:\/\/ae01.alicdn.com\/kf\/S2e620287990e46558d67bac3b2de3860h\/Muha-Meds-Vape-Pen-2-0-ml-Vapes-Ger-t-dickes-l-Keramik-spule-leer-E.jpg","datePublished":"2024-04-20T06:43:29+00:00","dateModified":"2024-09-12T10:32:33+00:00","description":"Wir bieten Muha Meds Vape Pen 2,0 ml wiederaufladbare Verdampfer kartusche , Elementvape.de akzeptieren Gro\u00df-und Einzelhandel Bestellungen.","breadcrumb":{"@id":"https:\/\/www.elementvape.de\/produkt\/muha-meds-vape-pen-20-ml-wiederaufladbare-verdampfer-kartusche\/#breadcrumb"},"inLanguage":"lt-LT","potentialAction":[{"@type":"ReadAction","target":["https:\/\/www.elementvape.de\/produkt\/muha-meds-vape-pen-20-ml-wiederaufladbare-verdampfer-kartusche\/"]}]},{"@type":"ImageObject","inLanguage":"lt-LT","@id":"https:\/\/www.elementvape.de\/produkt\/muha-meds-vape-pen-20-ml-wiederaufladbare-verdampfer-kartusche\/#primaryimage","url":"https:\/\/ae01.alicdn.com\/kf\/S2e620287990e46558d67bac3b2de3860h\/Muha-Meds-Vape-Pen-2-0-ml-Vapes-Ger-t-dickes-l-Keramik-spule-leer-E.jpg","contentUrl":"https:\/\/ae01.alicdn.com\/kf\/S2e620287990e46558d67bac3b2de3860h\/Muha-Meds-Vape-Pen-2-0-ml-Vapes-Ger-t-dickes-l-Keramik-spule-leer-E.jpg","width":800,"height":800},{"@type":"BreadcrumbList","@id":"https:\/\/www.elementvape.de\/produkt\/muha-meds-vape-pen-20-ml-wiederaufladbare-verdampfer-kartusche\/#breadcrumb","itemListElement":[{"@type":"ListItem","position":1,"name":"Home","item":"https:\/\/www.elementvape.de\/"},{"@type":"ListItem","position":2,"name":"Shop","item":"https:\/\/www.elementvape.de\/shop\/"},{"@type":"ListItem","position":3,"name":"Muha Meds Vape Pen 2,0 ml wiederaufladbare Verdampfer kartusche"}]},{"@type":"WebSite","@id":"https:\/\/www.elementvape.de\/#website","url":"https:\/\/www.elementvape.de\/","name":"ElementVape.de","description":"","publisher":{"@id":"https:\/\/www.elementvape.de\/#organization"},"potentialAction":[{"@type":"SearchAction","target":{"@type":"EntryPoint","urlTemplate":"https:\/\/www.elementvape.de\/?s={search_term_string}"},"query-input":"required name=search_term_string"}],"inLanguage":"lt-LT"},{"@type":"Organization","@id":"https:\/\/www.elementvape.de\/#organization","name":"ElementVape.DE","url":"https:\/\/www.elementvape.de\/","logo":{"@type":"ImageObject","inLanguage":"lt-LT","@id":"https:\/\/www.elementvape.de\/#\/schema\/logo\/image\/","url":"https:\/\/www.elementvape.de\/wp-content\/uploads\/2024\/09\/cropped-1elementvape-3.png","contentUrl":"https:\/\/www.elementvape.de\/wp-content\/uploads\/2024\/09\/cropped-1elementvape-3.png","width":285,"height":228,"caption":"ElementVape.DE"},"image":{"@id":"https:\/\/www.elementvape.de\/#\/schema\/logo\/image\/"}}]}},"_links":{"self":[{"href":"https:\/\/www.elementvape.de\/lt\/wp-json\/wp\/v2\/product\/7375"}],"collection":[{"href":"https:\/\/www.elementvape.de\/lt\/wp-json\/wp\/v2\/product"}],"about":[{"href":"https:\/\/www.elementvape.de\/lt\/wp-json\/wp\/v2\/types\/product"}],"wp:featuredmedia":[{"embeddable":true,"href":"https:\/\/www.elementvape.de\/lt\/wp-json\/wp\/v2\/media\/7377"}],"wp:attachment":[{"href":"https:\/\/www.elementvape.de\/lt\/wp-json\/wp\/v2\/media?parent=7375"}],"wp:term":[{"taxonomy":"product_cat","embeddable":true,"href":"https:\/\/www.elementvape.de\/lt\/wp-json\/wp\/v2\/product_cat?post=7375"},{"taxonomy":"product_tag","embeddable":true,"href":"https:\/\/www.elementvape.de\/lt\/wp-json\/wp\/v2\/product_tag?post=7375"}],"curies":[{"name":"wp","href":"https:\/\/api.w.org\/{rel}","templated":true}]}}