{"id":7365,"date":"2024-04-20T06:41:49","date_gmt":"2024-04-20T06:41:49","guid":{"rendered":"https:\/\/www.elementvape.de\/?post_type=product&#038;p=7365"},"modified":"2024-12-12T06:36:51","modified_gmt":"2024-12-12T06:36:51","slug":"2-ml-leerer-vape-pen-dicke-oelkartusche-650-mah-batterie-wachszerstaeuber","status":"publish","type":"product","link":"https:\/\/www.elementvape.de\/lt\/produkt\/2-ml-leerer-vape-pen-dicke-oelkartusche-650-mah-batterie-wachszerstaeuber\/","title":{"rendered":"2 ml tu\u0161\u010dia vape pie\u0161tukas, stora aliejaus kapsul\u0117, 650 mAh baterija, va\u0161ko purk\u0161tuvas"},"content":{"rendered":"<p>&nbsp;<\/p>\n<div class=\"product-specs-list-container\">\n<ul class=\"product-specs-list util-clearfix\">\n<li class=\"product-prop line-limit-length\"><span class=\"property-title\">I\u0161vaizda:\u00a0<\/span><span class=\"property-desc line-limit-length\">Cilindro formos<\/span><\/li>\n<li class=\"product-prop line-limit-length\"><span class=\"property-title\">Suderinama baterija:\u00a0<\/span><span class=\"property-desc line-limit-length\">18650<\/span><\/li>\n<li class=\"product-prop line-limit-length\"><span class=\"property-title\">Steb\u0117jimo funkcija nuo r\u016bkymo skai\u010diaus:\u00a0<\/span><span class=\"property-desc line-limit-length\">Ne<\/span><\/li>\n<li class=\"product-prop line-limit-length\"><span class=\"property-title\">Silicone d\u0117klas:\u00a0<\/span><span class=\"property-desc line-limit-length\">Ne<\/span><\/li>\n<li class=\"product-prop line-limit-length\"><span class=\"property-title\">Temperat\u016bros reguliavimas:\u00a0<\/span><span class=\"property-desc line-limit-length\">Ne<\/span><\/li>\n<li class=\"product-prop line-limit-length\"><span class=\"property-title\">\u012emontuota arba i\u0161orin\u0117 baterija:\u00a0<\/span><span class=\"property-desc line-limit-length\">\u012emontuota<\/span><\/li>\n<li class=\"product-prop line-limit-length\"><span class=\"property-title\">Trump\u0173j\u0173 jung\u010di\u0173 apsaugos funkcija:\u00a0<\/span><span class=\"property-desc line-limit-length\">Ja<\/span><\/li>\n<li class=\"product-prop line-limit-length\"><span class=\"property-title\">Perkaitimo apsaugos funkcija:\u00a0<\/span><span class=\"property-desc line-limit-length\">Ja<\/span><\/li>\n<li class=\"product-prop line-limit-length\"><span class=\"property-title\">\u017dem\u0173 \u012ftampos \u012fsp\u0117jimo funkcija:\u00a0<\/span><span class=\"property-desc line-limit-length\">Ne<\/span><\/li>\n<li class=\"product-prop line-limit-length\"><span class=\"property-title\">Pur\u0161kiklio identifikavimo funkcija:\u00a0<\/span><span class=\"property-desc line-limit-length\">Ne<\/span><\/li>\n<li class=\"product-prop line-limit-length\"><span class=\"property-title\">TCR nustatymo re\u017eimai:\u00a0<\/span><span class=\"property-desc line-limit-length\">Ne<\/span><\/li>\n<li class=\"product-prop line-limit-length\"><span class=\"property-title\">Nominalus talpa:\u00a0<\/span><span class=\"property-desc line-limit-length\">&lt;700 mAh<\/span><\/li>\n<li class=\"product-prop line-limit-length\"><span class=\"property-title\">Med\u017eiaga:\u00a0<\/span><span class=\"property-desc line-limit-length\">Metalas<\/span><\/li>\n<li class=\"product-prop line-limit-length\"><span class=\"property-title\">Suderinamas modelis:\u00a0<\/span><span class=\"property-desc line-limit-length\">storas aliejus<\/span><\/li>\n<li class=\"product-prop line-limit-length\"><span class=\"property-title\">Modelio numeris:\u00a0<\/span><span class=\"property-desc line-limit-length\">Sultys 2.0ml vape pod rinkinys<\/span><\/li>\n<li class=\"product-prop line-limit-length\"><span class=\"property-title\">USB \u012fkroviklis:\u00a0<\/span><span class=\"property-desc line-limit-length\">Ja<\/span><\/li>\n<li class=\"product-prop line-limit-length\"><span class=\"property-title\">Programin\u0117s \u012frangos atnaujinimas:\u00a0<\/span><span class=\"property-desc line-limit-length\">Ne<\/span><\/li>\n<li class=\"product-prop line-limit-length\"><span class=\"property-title\">Ekranas:\u00a0<\/span><span class=\"property-desc line-limit-length\">Ne<\/span><\/li>\n<li class=\"product-prop line-limit-length\"><span class=\"property-title\">Tipas:\u00a0<\/span><span class=\"property-desc line-limit-length\">naudojama vienkartin\u0117<\/span><\/li>\n<li class=\"product-prop line-limit-length\"><span class=\"property-title\">Prek\u0117s \u017eenklas:\u00a0<\/span><span class=\"property-desc line-limit-length\">SUB TWO<\/span><\/li>\n<li class=\"product-prop line-limit-length\"><span class=\"property-title\">Kilm\u0117s \u0161alis:\u00a0<\/span><span class=\"property-desc line-limit-length\">CN (Kilm\u0117)<\/span><\/li>\n<li class=\"product-prop line-limit-length\"><span class=\"property-title\">baterijos talpa:\u00a0<\/span><span class=\"property-desc line-limit-length\">R\u016bkymo steb\u0117jimo funkcija: Ne<\/span><\/li>\n<li class=\"product-prop line-limit-length\"><span class=\"property-title\">naudojimui:\u00a0<\/span><span class=\"property-desc line-limit-length\">storas aliejus<\/span><\/li>\n<li class=\"product-prop line-limit-length\"><span class=\"property-title\">pakuot\u0117:\u00a0<\/span><span class=\"property-desc line-limit-length\">su lazdel\u0117mis<\/span><\/li>\n<li class=\"product-prop line-limit-length\"><span class=\"property-title\">Talpa podui:\u00a0<\/span><span class=\"property-desc line-limit-length\">2,0 ml<\/span><\/li>\n<li class=\"product-prop line-limit-length\"><span class=\"property-title\">Vamzdelis:\u00a0<\/span><span class=\"property-desc line-limit-length\">keramika<\/span><\/li>\n<li class=\"product-prop line-limit-length\"><span class=\"property-title\">R\u016b\u0161ys:\u00a0<\/span><span class=\"property-desc line-limit-length\">r\u016b\u0161ys atsitiktinai prieinamos siuntimui<\/span><\/li>\n<\/ul>\n<\/div>\n<div class=\"detailmodule_html\">\n<div class=\"detail-desc-decorate-richtext\">\n<div style=\"text-align: center;\" align=\"center\">\n<p>&nbsp;<\/p>\n<p>10 vnt. \u012fkraunamas elektronini\u0173 cigare\u010di\u0173 \u012frenginys 2,0 ml tu\u0161\u010dias Vape Pen storos aliejaus patronos Pod 650mAh baterija va\u0161ko garintojas Pen<\/p>\n<\/div>\n<div>\n<h1 style=\"font-family: ns-r; font-size: 16px; font-weight: 400; letter-spacing: normal; line-height: 26px; text-align: start; margin: 0px; padding: 0px; overflow: hidden;\" align=\"start\">Specifikacijos:<br \/>\nPod talpa: 2,0 ml<br \/>\nBaterijos talpa: 650mAh<\/h1>\n<p>Su Vape ir d\u0117\u017eut\u0117mis, lazdel\u0117mis<br \/>\nPrieinama tik tu\u0161\u010dia Vape Pen.<br \/>\nJei turite klausim\u0173, pra\u0161ome susisiekti \ud83d\ude42<\/p>\n<p style=\"text-align: left; margin: 0px;\" align=\"left\"><img decoding=\"async\" loading=\"lazy\" style=\"width: 800px;\" src=\"https:\/\/ae01.alicdn.com\/kf\/S1603b4ba83984920a957701427e59044S.jpg?width=1000&amp;height=1000&amp;hash=2000\" width=\"800px\" \/><img decoding=\"async\" loading=\"lazy\" style=\"width: 800px;\" src=\"https:\/\/ae01.alicdn.com\/kf\/Sa1b8f75ac6df4675b80f9c6b9f57abd7T.jpg?width=1000&amp;height=1000&amp;hash=2000\" width=\"800px\" \/><img decoding=\"async\" loading=\"lazy\" style=\"width: 800px;\" src=\"https:\/\/ae01.alicdn.com\/kf\/S5838d5db28914d63923b0912f9c27746N.jpg?width=1000&amp;height=1000&amp;hash=2000\" width=\"800px\" \/><img decoding=\"async\" loading=\"lazy\" style=\"width: 800px;\" src=\"https:\/\/ae01.alicdn.com\/kf\/Sf1d3963a350c469ba7c6b25b05d5e39aJ.jpg?width=1000&amp;height=1000&amp;hash=2000\" width=\"800px\" \/><img decoding=\"async\" loading=\"lazy\" style=\"width: 800px;\" src=\"https:\/\/ae01.alicdn.com\/kf\/Sb9f5582d2a0c4fa2ad812dd9a8c059aco.jpg?width=1000&amp;height=1000&amp;hash=2000\" width=\"800px\" \/><img decoding=\"async\" loading=\"lazy\" style=\"width: 800px;\" src=\"https:\/\/ae01.alicdn.com\/kf\/S59d835445a3949778634d1c591aea572Z.jpg?width=1000&amp;height=1000&amp;hash=2000\" width=\"800px\" \/><img decoding=\"async\" loading=\"lazy\" style=\"width: 800px;\" src=\"https:\/\/ae01.alicdn.com\/kf\/Sa787760601e14260b02cec25b1574cafX.jpg?width=1000&amp;height=1000&amp;hash=2000\" width=\"800px\" \/><img decoding=\"async\" loading=\"lazy\" style=\"width: 800px;\" src=\"https:\/\/ae01.alicdn.com\/kf\/S69e3d6dc47c24523b86e5a4b94b24111M.jpg?width=1000&amp;height=1000&amp;hash=2000\" width=\"800px\" \/><img decoding=\"async\" loading=\"lazy\" style=\"width: 800px;\" src=\"https:\/\/ae01.alicdn.com\/kf\/Sbcd30bdea4fb4e6fafc49ee1aea10f69a.jpg?width=1000&amp;height=1000&amp;hash=2000\" width=\"800px\" \/><img decoding=\"async\" loading=\"lazy\" style=\"width: 800px;\" src=\"https:\/\/ae01.alicdn.com\/kf\/S5dbbf35ae49c497cb2da42a65c4df9f6o.jpg?width=1000&amp;height=1000&amp;hash=2000\" width=\"800px\" \/><\/p>\n<\/div>\n<\/div>\n<\/div>","protected":false},"excerpt":{"rendered":"<p>&nbsp; Aussehen:\u00a0Zylindrische Form Kompatibler Akku:\u00a018650 \u00dcberwachung Funktion Von Rauchen Anzahl:\u00a0Nein Silikon Fall:\u00a0Nein Temperaturregelung:\u00a0Nein Eingebaute Oder Externe Batterie:\u00a0Eingebaute Kurzschlussschutz Funktion:\u00a0Ja \u00dcberhitzungsschutz-funktion:\u00a0Ja Niederspannungsalarmfunktion:\u00a0Nein Zerst\u00e4uber Identifikation Funktion:\u00a0Nein TCR Einstellung Modi:\u00a0Nein Nominale Kapazit\u00e4t:\u00a0&lt;700 mAh Material:\u00a0Metall Compatible Model:\u00a0thick oil Modellnummer:\u00a0Juice 2.0ml vape pod kit Usb-ladeger\u00e4t:\u00a0Ja Firmware-upgrade:\u00a0Nein Display:\u00a0Nein Art:\u00a0disposable Markenname:\u00a0SUB TWO Ursprung:\u00a0CN (Herkunft) battery capacity:\u00a0650mah use for:\u00a0thick oil package:\u00a0with Sticks pod [&hellip;]<\/p>","protected":false},"featured_media":7367,"template":"","meta":{"inline_featured_image":false},"product_cat":[78,750,737,736,749,76,81],"product_tag":[],"tiered_pricing_type":"fixed","tiered_pricing_fixed_rules":[],"tiered_pricing_percentage_rules":[],"tiered_pricing_minimum":1,"_administrator_tiered_pricing_type":"fixed","_administrator_tiered_pricing_fixed_rules":[],"_editor_tiered_pricing_type":"fixed","_editor_tiered_pricing_fixed_rules":[],"_author_tiered_pricing_type":"fixed","_author_tiered_pricing_fixed_rules":[],"_contributor_tiered_pricing_type":"fixed","_contributor_tiered_pricing_fixed_rules":[],"_subscriber_tiered_pricing_type":"fixed","_subscriber_tiered_pricing_fixed_rules":[],"_customer_tiered_pricing_type":"fixed","_customer_tiered_pricing_fixed_rules":[],"_shop_manager_tiered_pricing_type":"fixed","_shop_manager_tiered_pricing_fixed_rules":[],"_wpseo_manager_tiered_pricing_type":"fixed","_wpseo_manager_tiered_pricing_fixed_rules":[],"_wpseo_editor_tiered_pricing_type":"fixed","_wpseo_editor_tiered_pricing_fixed_rules":[],"_wholesale_customer_tiered_pricing_type":"fixed","_wholesale_customer_tiered_pricing_fixed_rules":[],"_marketer_tiered_pricing_type":"fixed","_marketer_tiered_pricing_fixed_rules":[],"_sales_manager_tiered_pricing_type":"fixed","_sales_manager_tiered_pricing_fixed_rules":[],"_sales_rep_tiered_pricing_type":"fixed","_sales_rep_tiered_pricing_fixed_rules":[],"yoast_head":"<!-- This site is optimized with the Yoast SEO plugin v23.3 - https:\/\/yoast.com\/wordpress\/plugins\/seo\/ -->\n<title>2 ml leerer Vape Pen, dicke \u00d6lkartusche, 650 mAh Batterie, Wachszerst\u00e4uber | ElementVape.de<\/title>\n<meta name=\"description\" content=\"Wir bieten 2 ml leerer Vape Pen, dicke \u00d6lkartusche, 650 mAh Batterie, Wachszerst\u00e4uber , Elementvape.de akzeptieren Gro\u00df-und Einzelhandel Bestellungen.\" \/>\n<meta name=\"robots\" content=\"index, follow, max-snippet:-1, max-image-preview:large, max-video-preview:-1\" \/>\n<link rel=\"canonical\" href=\"https:\/\/www.elementvape.de\/lt\/produkt\/2-ml-leerer-vape-pen-dicke-oelkartusche-650-mah-batterie-wachszerstaeuber\/\" \/>\n<meta property=\"og:locale\" content=\"lt_LT\" \/>\n<meta property=\"og:type\" content=\"article\" \/>\n<meta property=\"og:title\" content=\"2 ml leerer Vape Pen, dicke \u00d6lkartusche, 650 mAh Batterie, Wachszerst\u00e4uber | ElementVape.de\" \/>\n<meta property=\"og:description\" content=\"Wir bieten 2 ml leerer Vape Pen, dicke \u00d6lkartusche, 650 mAh Batterie, Wachszerst\u00e4uber , Elementvape.de akzeptieren Gro\u00df-und Einzelhandel Bestellungen.\" \/>\n<meta property=\"og:url\" content=\"https:\/\/www.elementvape.de\/lt\/produkt\/2-ml-leerer-vape-pen-dicke-oelkartusche-650-mah-batterie-wachszerstaeuber\/\" \/>\n<meta property=\"og:site_name\" content=\"ElementVape.de\" \/>\n<meta property=\"article:modified_time\" content=\"2024-12-12T06:36:51+00:00\" \/>\n<meta property=\"og:image\" content=\"https:\/\/ae01.alicdn.com\/kf\/S847ca29a3f9845fe805114b70a1a7860E\/10-St-ck-wiederauf-ladbare-E-Zigaretten-Ger-t-2ml-leere-Vape-Pen-dicke-l-patronen.jpg\" \/>\n\t<meta property=\"og:image:width\" content=\"1000\" \/>\n\t<meta property=\"og:image:height\" content=\"1000\" \/>\n\t<meta property=\"og:image:type\" content=\"image\/jpeg\" \/>\n<meta name=\"twitter:card\" content=\"summary_large_image\" \/>\n<meta name=\"twitter:label1\" content=\"Est. reading time\" \/>\n\t<meta name=\"twitter:data1\" content=\"3 minut\u0117s\" \/>\n<script type=\"application\/ld+json\" class=\"yoast-schema-graph\">{\"@context\":\"https:\/\/schema.org\",\"@graph\":[{\"@type\":\"WebPage\",\"@id\":\"https:\/\/www.elementvape.de\/produkt\/2-ml-leerer-vape-pen-dicke-oelkartusche-650-mah-batterie-wachszerstaeuber\/\",\"url\":\"https:\/\/www.elementvape.de\/produkt\/2-ml-leerer-vape-pen-dicke-oelkartusche-650-mah-batterie-wachszerstaeuber\/\",\"name\":\"2 ml leerer Vape Pen, dicke \u00d6lkartusche, 650 mAh Batterie, Wachszerst\u00e4uber | ElementVape.de\",\"isPartOf\":{\"@id\":\"https:\/\/www.elementvape.de\/#website\"},\"primaryImageOfPage\":{\"@id\":\"https:\/\/www.elementvape.de\/produkt\/2-ml-leerer-vape-pen-dicke-oelkartusche-650-mah-batterie-wachszerstaeuber\/#primaryimage\"},\"image\":{\"@id\":\"https:\/\/www.elementvape.de\/produkt\/2-ml-leerer-vape-pen-dicke-oelkartusche-650-mah-batterie-wachszerstaeuber\/#primaryimage\"},\"thumbnailUrl\":\"https:\/\/ae01.alicdn.com\/kf\/S847ca29a3f9845fe805114b70a1a7860E\/10-St-ck-wiederauf-ladbare-E-Zigaretten-Ger-t-2ml-leere-Vape-Pen-dicke-l-patronen.jpg\",\"datePublished\":\"2024-04-20T06:41:49+00:00\",\"dateModified\":\"2024-12-12T06:36:51+00:00\",\"description\":\"Wir bieten 2 ml leerer Vape Pen, dicke \u00d6lkartusche, 650 mAh Batterie, Wachszerst\u00e4uber , Elementvape.de akzeptieren Gro\u00df-und Einzelhandel Bestellungen.\",\"breadcrumb\":{\"@id\":\"https:\/\/www.elementvape.de\/produkt\/2-ml-leerer-vape-pen-dicke-oelkartusche-650-mah-batterie-wachszerstaeuber\/#breadcrumb\"},\"inLanguage\":\"lt-LT\",\"potentialAction\":[{\"@type\":\"ReadAction\",\"target\":[\"https:\/\/www.elementvape.de\/produkt\/2-ml-leerer-vape-pen-dicke-oelkartusche-650-mah-batterie-wachszerstaeuber\/\"]}]},{\"@type\":\"ImageObject\",\"inLanguage\":\"lt-LT\",\"@id\":\"https:\/\/www.elementvape.de\/produkt\/2-ml-leerer-vape-pen-dicke-oelkartusche-650-mah-batterie-wachszerstaeuber\/#primaryimage\",\"url\":\"https:\/\/ae01.alicdn.com\/kf\/S847ca29a3f9845fe805114b70a1a7860E\/10-St-ck-wiederauf-ladbare-E-Zigaretten-Ger-t-2ml-leere-Vape-Pen-dicke-l-patronen.jpg\",\"contentUrl\":\"https:\/\/ae01.alicdn.com\/kf\/S847ca29a3f9845fe805114b70a1a7860E\/10-St-ck-wiederauf-ladbare-E-Zigaretten-Ger-t-2ml-leere-Vape-Pen-dicke-l-patronen.jpg\",\"width\":1000,\"height\":1000},{\"@type\":\"BreadcrumbList\",\"@id\":\"https:\/\/www.elementvape.de\/produkt\/2-ml-leerer-vape-pen-dicke-oelkartusche-650-mah-batterie-wachszerstaeuber\/#breadcrumb\",\"itemListElement\":[{\"@type\":\"ListItem\",\"position\":1,\"name\":\"Home\",\"item\":\"https:\/\/www.elementvape.de\/\"},{\"@type\":\"ListItem\",\"position\":2,\"name\":\"Shop\",\"item\":\"https:\/\/www.elementvape.de\/shop\/\"},{\"@type\":\"ListItem\",\"position\":3,\"name\":\"2 ml leerer Vape Pen, dicke \u00d6lkartusche, 650 mAh Batterie, Wachszerst\u00e4uber\"}]},{\"@type\":\"WebSite\",\"@id\":\"https:\/\/www.elementvape.de\/#website\",\"url\":\"https:\/\/www.elementvape.de\/\",\"name\":\"ElementVape.de\",\"description\":\"\",\"publisher\":{\"@id\":\"https:\/\/www.elementvape.de\/#organization\"},\"potentialAction\":[{\"@type\":\"SearchAction\",\"target\":{\"@type\":\"EntryPoint\",\"urlTemplate\":\"https:\/\/www.elementvape.de\/?s={search_term_string}\"},\"query-input\":\"required name=search_term_string\"}],\"inLanguage\":\"lt-LT\"},{\"@type\":\"Organization\",\"@id\":\"https:\/\/www.elementvape.de\/#organization\",\"name\":\"ElementVape.DE\",\"url\":\"https:\/\/www.elementvape.de\/\",\"logo\":{\"@type\":\"ImageObject\",\"inLanguage\":\"lt-LT\",\"@id\":\"https:\/\/www.elementvape.de\/#\/schema\/logo\/image\/\",\"url\":\"https:\/\/www.elementvape.de\/wp-content\/uploads\/2024\/09\/cropped-1elementvape-3.png\",\"contentUrl\":\"https:\/\/www.elementvape.de\/wp-content\/uploads\/2024\/09\/cropped-1elementvape-3.png\",\"width\":285,\"height\":228,\"caption\":\"ElementVape.DE\"},\"image\":{\"@id\":\"https:\/\/www.elementvape.de\/#\/schema\/logo\/image\/\"}}]}<\/script>\n<!-- \/ Yoast SEO plugin. -->","yoast_head_json":{"title":"2 ml leerer Vape Pen, dicke \u00d6lkartusche, 650 mAh Batterie, Wachszerst\u00e4uber | ElementVape.de","description":"Wir bieten 2 ml leerer Vape Pen, dicke \u00d6lkartusche, 650 mAh Batterie, Wachszerst\u00e4uber , Elementvape.de akzeptieren Gro\u00df-und Einzelhandel Bestellungen.","robots":{"index":"index","follow":"follow","max-snippet":"max-snippet:-1","max-image-preview":"max-image-preview:large","max-video-preview":"max-video-preview:-1"},"canonical":"https:\/\/www.elementvape.de\/lt\/produkt\/2-ml-leerer-vape-pen-dicke-oelkartusche-650-mah-batterie-wachszerstaeuber\/","og_locale":"lt_LT","og_type":"article","og_title":"2 ml leerer Vape Pen, dicke \u00d6lkartusche, 650 mAh Batterie, Wachszerst\u00e4uber | ElementVape.de","og_description":"Wir bieten 2 ml leerer Vape Pen, dicke \u00d6lkartusche, 650 mAh Batterie, Wachszerst\u00e4uber , Elementvape.de akzeptieren Gro\u00df-und Einzelhandel Bestellungen.","og_url":"https:\/\/www.elementvape.de\/lt\/produkt\/2-ml-leerer-vape-pen-dicke-oelkartusche-650-mah-batterie-wachszerstaeuber\/","og_site_name":"ElementVape.de","article_modified_time":"2024-12-12T06:36:51+00:00","og_image":[{"width":1000,"height":1000,"url":"https:\/\/ae01.alicdn.com\/kf\/S847ca29a3f9845fe805114b70a1a7860E\/10-St-ck-wiederauf-ladbare-E-Zigaretten-Ger-t-2ml-leere-Vape-Pen-dicke-l-patronen.jpg","type":"image\/jpeg"}],"twitter_card":"summary_large_image","twitter_misc":{"Est. reading time":"3 minut\u0117s"},"schema":{"@context":"https:\/\/schema.org","@graph":[{"@type":"WebPage","@id":"https:\/\/www.elementvape.de\/produkt\/2-ml-leerer-vape-pen-dicke-oelkartusche-650-mah-batterie-wachszerstaeuber\/","url":"https:\/\/www.elementvape.de\/produkt\/2-ml-leerer-vape-pen-dicke-oelkartusche-650-mah-batterie-wachszerstaeuber\/","name":"2 ml leerer Vape Pen, dicke \u00d6lkartusche, 650 mAh Batterie, Wachszerst\u00e4uber | ElementVape.de","isPartOf":{"@id":"https:\/\/www.elementvape.de\/#website"},"primaryImageOfPage":{"@id":"https:\/\/www.elementvape.de\/produkt\/2-ml-leerer-vape-pen-dicke-oelkartusche-650-mah-batterie-wachszerstaeuber\/#primaryimage"},"image":{"@id":"https:\/\/www.elementvape.de\/produkt\/2-ml-leerer-vape-pen-dicke-oelkartusche-650-mah-batterie-wachszerstaeuber\/#primaryimage"},"thumbnailUrl":"https:\/\/ae01.alicdn.com\/kf\/S847ca29a3f9845fe805114b70a1a7860E\/10-St-ck-wiederauf-ladbare-E-Zigaretten-Ger-t-2ml-leere-Vape-Pen-dicke-l-patronen.jpg","datePublished":"2024-04-20T06:41:49+00:00","dateModified":"2024-12-12T06:36:51+00:00","description":"Wir bieten 2 ml leerer Vape Pen, dicke \u00d6lkartusche, 650 mAh Batterie, Wachszerst\u00e4uber , Elementvape.de akzeptieren Gro\u00df-und Einzelhandel Bestellungen.","breadcrumb":{"@id":"https:\/\/www.elementvape.de\/produkt\/2-ml-leerer-vape-pen-dicke-oelkartusche-650-mah-batterie-wachszerstaeuber\/#breadcrumb"},"inLanguage":"lt-LT","potentialAction":[{"@type":"ReadAction","target":["https:\/\/www.elementvape.de\/produkt\/2-ml-leerer-vape-pen-dicke-oelkartusche-650-mah-batterie-wachszerstaeuber\/"]}]},{"@type":"ImageObject","inLanguage":"lt-LT","@id":"https:\/\/www.elementvape.de\/produkt\/2-ml-leerer-vape-pen-dicke-oelkartusche-650-mah-batterie-wachszerstaeuber\/#primaryimage","url":"https:\/\/ae01.alicdn.com\/kf\/S847ca29a3f9845fe805114b70a1a7860E\/10-St-ck-wiederauf-ladbare-E-Zigaretten-Ger-t-2ml-leere-Vape-Pen-dicke-l-patronen.jpg","contentUrl":"https:\/\/ae01.alicdn.com\/kf\/S847ca29a3f9845fe805114b70a1a7860E\/10-St-ck-wiederauf-ladbare-E-Zigaretten-Ger-t-2ml-leere-Vape-Pen-dicke-l-patronen.jpg","width":1000,"height":1000},{"@type":"BreadcrumbList","@id":"https:\/\/www.elementvape.de\/produkt\/2-ml-leerer-vape-pen-dicke-oelkartusche-650-mah-batterie-wachszerstaeuber\/#breadcrumb","itemListElement":[{"@type":"ListItem","position":1,"name":"Home","item":"https:\/\/www.elementvape.de\/"},{"@type":"ListItem","position":2,"name":"Shop","item":"https:\/\/www.elementvape.de\/shop\/"},{"@type":"ListItem","position":3,"name":"2 ml leerer Vape Pen, dicke \u00d6lkartusche, 650 mAh Batterie, Wachszerst\u00e4uber"}]},{"@type":"WebSite","@id":"https:\/\/www.elementvape.de\/#website","url":"https:\/\/www.elementvape.de\/","name":"ElementVape.de","description":"","publisher":{"@id":"https:\/\/www.elementvape.de\/#organization"},"potentialAction":[{"@type":"SearchAction","target":{"@type":"EntryPoint","urlTemplate":"https:\/\/www.elementvape.de\/?s={search_term_string}"},"query-input":"required name=search_term_string"}],"inLanguage":"lt-LT"},{"@type":"Organization","@id":"https:\/\/www.elementvape.de\/#organization","name":"ElementVape.DE","url":"https:\/\/www.elementvape.de\/","logo":{"@type":"ImageObject","inLanguage":"lt-LT","@id":"https:\/\/www.elementvape.de\/#\/schema\/logo\/image\/","url":"https:\/\/www.elementvape.de\/wp-content\/uploads\/2024\/09\/cropped-1elementvape-3.png","contentUrl":"https:\/\/www.elementvape.de\/wp-content\/uploads\/2024\/09\/cropped-1elementvape-3.png","width":285,"height":228,"caption":"ElementVape.DE"},"image":{"@id":"https:\/\/www.elementvape.de\/#\/schema\/logo\/image\/"}}]}},"_links":{"self":[{"href":"https:\/\/www.elementvape.de\/lt\/wp-json\/wp\/v2\/product\/7365"}],"collection":[{"href":"https:\/\/www.elementvape.de\/lt\/wp-json\/wp\/v2\/product"}],"about":[{"href":"https:\/\/www.elementvape.de\/lt\/wp-json\/wp\/v2\/types\/product"}],"wp:featuredmedia":[{"embeddable":true,"href":"https:\/\/www.elementvape.de\/lt\/wp-json\/wp\/v2\/media\/7367"}],"wp:attachment":[{"href":"https:\/\/www.elementvape.de\/lt\/wp-json\/wp\/v2\/media?parent=7365"}],"wp:term":[{"taxonomy":"product_cat","embeddable":true,"href":"https:\/\/www.elementvape.de\/lt\/wp-json\/wp\/v2\/product_cat?post=7365"},{"taxonomy":"product_tag","embeddable":true,"href":"https:\/\/www.elementvape.de\/lt\/wp-json\/wp\/v2\/product_tag?post=7365"}],"curies":[{"name":"wp","href":"https:\/\/api.w.org\/{rel}","templated":true}]}}