{"id":7356,"date":"2024-04-20T06:40:47","date_gmt":"2024-04-20T06:40:47","guid":{"rendered":"https:\/\/www.elementvape.de\/?post_type=product&#038;p=7356"},"modified":"2024-12-12T06:36:53","modified_gmt":"2024-12-12T06:36:53","slug":"packwoods-runtz-x-vape-pen-device-pod-kit","status":"publish","type":"product","link":"https:\/\/www.elementvape.de\/lt\/produkt\/packwoods-runtz-x-vape-pen-device-pod-kit\/","title":{"rendered":"Packwoods Runtz x Vape Pie\u0161tuko \u012frenginio d\u0117klas"},"content":{"rendered":"<p>&nbsp;<\/p>\n<div class=\"product-specs-list-container\">\n<ul class=\"product-specs-list util-clearfix\">\n<li class=\"product-prop line-limit-length\"><span class=\"property-title\">I\u0161vaizda:\u00a0<\/span><span class=\"property-desc line-limit-length\">D\u0117\u017eut\u0117s forma<\/span><\/li>\n<li class=\"product-prop line-limit-length\"><span class=\"property-title\">Suderinama baterija:\u00a0<\/span><span class=\"property-desc line-limit-length\">18500<\/span><\/li>\n<li class=\"product-prop line-limit-length\"><span class=\"property-title\">Steb\u0117jimo funkcija nuo r\u016bkymo skai\u010diaus:\u00a0<\/span><span class=\"property-desc line-limit-length\">Ne<\/span><\/li>\n<li class=\"product-prop line-limit-length\"><span class=\"property-title\">Silicone d\u0117klas:\u00a0<\/span><span class=\"property-desc line-limit-length\">Ne<\/span><\/li>\n<li class=\"product-prop line-limit-length\"><span class=\"property-title\">Temperat\u016bros reguliavimas:\u00a0<\/span><span class=\"property-desc line-limit-length\">Ne<\/span><\/li>\n<li class=\"product-prop line-limit-length\"><span class=\"property-title\">\u012emontuota arba i\u0161orin\u0117 baterija:\u00a0<\/span><span class=\"property-desc line-limit-length\">\u012emontuota<\/span><\/li>\n<li class=\"product-prop line-limit-length\"><span class=\"property-title\">Trump\u0173j\u0173 jung\u010di\u0173 apsaugos funkcija:\u00a0<\/span><span class=\"property-desc line-limit-length\">Ja<\/span><\/li>\n<li class=\"product-prop line-limit-length\"><span class=\"property-title\">Perkaitimo apsaugos funkcija:\u00a0<\/span><span class=\"property-desc line-limit-length\">Ne<\/span><\/li>\n<li class=\"product-prop line-limit-length\"><span class=\"property-title\">\u017dem\u0173 \u012ftampos \u012fsp\u0117jimo funkcija:\u00a0<\/span><span class=\"property-desc line-limit-length\">Ne<\/span><\/li>\n<li class=\"product-prop line-limit-length\"><span class=\"property-title\">Pur\u0161kiklio identifikavimo funkcija:\u00a0<\/span><span class=\"property-desc line-limit-length\">Ne<\/span><\/li>\n<li class=\"product-prop line-limit-length\"><span class=\"property-title\">TCR nustatymo re\u017eimai:\u00a0<\/span><span class=\"property-desc line-limit-length\">Ne<\/span><\/li>\n<li class=\"product-prop line-limit-length\"><span class=\"property-title\">Nominalus talpa:\u00a0<\/span><span class=\"property-desc line-limit-length\">&lt;700 mAh<\/span><\/li>\n<li class=\"product-prop line-limit-length\"><span class=\"property-title\">Med\u017eiaga:\u00a0<\/span><span class=\"property-desc line-limit-length\">Plastikas<\/span><\/li>\n<li class=\"product-prop line-limit-length\"><span class=\"property-title\">Suderinamas modelis:\u00a0<\/span><span class=\"property-desc line-limit-length\">thich aliejaus kaset\u0117s<\/span><\/li>\n<li class=\"product-prop line-limit-length\"><span class=\"property-title\">Modelio numeris:\u00a0<\/span><span class=\"property-desc line-limit-length\">Runty x Packwoods Vape Pod Rinkinys<\/span><\/li>\n<li class=\"product-prop line-limit-length\"><span class=\"property-title\">USB \u012fkroviklis:\u00a0<\/span><span class=\"property-desc line-limit-length\">Ja<\/span><\/li>\n<li class=\"product-prop line-limit-length\"><span class=\"property-title\">Programin\u0117s \u012frangos atnaujinimas:\u00a0<\/span><span class=\"property-desc line-limit-length\">Ne<\/span><\/li>\n<li class=\"product-prop line-limit-length\"><span class=\"property-title\">Ekranas:\u00a0<\/span><span class=\"property-desc line-limit-length\">Ne<\/span><\/li>\n<li class=\"product-prop line-limit-length\"><span class=\"property-title\">Tipas:\u00a0<\/span><span class=\"property-desc line-limit-length\">naudojama vienkartin\u0117<\/span><\/li>\n<li class=\"product-prop line-limit-length\"><span class=\"property-title\">Prek\u0117s \u017eenklas:\u00a0<\/span><span class=\"property-desc line-limit-length\">SUB TWO<\/span><\/li>\n<li class=\"product-prop line-limit-length\"><span class=\"property-title\">Kilm\u0117s \u0161alis:\u00a0<\/span><span class=\"property-desc line-limit-length\">CN (Kilm\u0117)<\/span><\/li>\n<li class=\"product-prop line-limit-length\"><span class=\"property-title\">spalva:\u00a0<\/span><span class=\"property-desc line-limit-length\">si\u0173sti mi\u0161riu b\u016bdu<\/span><\/li>\n<li class=\"product-prop line-limit-length\"><span class=\"property-title\">baterijos talpa:\u00a0<\/span><span class=\"property-desc line-limit-length\">380mAh<\/span><\/li>\n<li class=\"product-prop line-limit-length\"><span class=\"property-title\">Talpa podui:\u00a0<\/span><span class=\"property-desc line-limit-length\">1ml<\/span><\/li>\n<li class=\"product-prop line-limit-length\"><span class=\"property-title\">naudojimui:\u00a0<\/span><span class=\"property-desc line-limit-length\">thich aliejus<\/span><\/li>\n<li class=\"product-prop line-limit-length\"><span class=\"property-title\">tipas A:\u00a0<\/span><span class=\"property-desc line-limit-length\">elektronini\u0173 cigare\u010di\u0173 rinkiniai<\/span><\/li>\n<li class=\"product-prop line-limit-length\"><span class=\"property-title\">tipas B:\u00a0<\/span><span class=\"property-desc line-limit-length\">Vape pie\u0161tuko podas<\/span><\/li>\n<\/ul>\n<\/div>\n<div class=\"detailmodule_html\">\n<div class=\"detail-desc-decorate-richtext\">\n<div style=\"text-align: center;\" align=\"center\"><\/div>\n<div><img decoding=\"async\" loading=\"lazy\" src=\"https:\/\/ae01.alicdn.com\/kf\/S6c69382fb7b2406cac7c10922ea0360d8.jpg?width=3653&amp;height=300&amp;hash=3953\" \/><br \/>\n<span style=\"font-size: 22px;\"><span style=\"font-size: 26px;\"><span id=\"tl_1\">Produkto informacija:<br \/>\nProdukto savyb\u0117: atsitiktinis ra\u0161tas<\/span><\/span><\/span><span style=\"font-size: 22px;\"><span style=\"font-size: 18px;\"><span id=\"tl_2\">Pod talpa: 1,0 ml<\/span><\/span><\/span><\/p>\n<p><span style=\"font-size: 22px;\"><span style=\"font-size: 18px;\"><span id=\"tl_3\">Baterijos talpa: 380mah<\/span><\/span><\/span><\/p>\n<p><span style=\"font-size: 22px;\"><span style=\"font-size: 18px;\"><span id=\"tl_4\">Naudojimas: storas aliejus<\/span><\/span><\/span><\/p>\n<p><span style=\"font-size: 22px;\"><span style=\"font-size: 18px;\"><span id=\"tl_5\">Pakuot\u0117: su d\u0117\u017eut\u0117s pakuote<\/span><\/span><\/span><br \/>\n<img decoding=\"async\" loading=\"lazy\" src=\"https:\/\/ae01.alicdn.com\/kf\/S540f89946c2343648843441d797961ea9.jpg?width=3653&amp;height=300&amp;hash=3953\" \/><\/p>\n<p><img decoding=\"async\" loading=\"lazy\" src=\"https:\/\/ae01.alicdn.com\/kf\/S2422ff310df548858461a5e3f279da09f.jpg?width=1000&amp;height=1000&amp;hash=2000\" \/><br \/>\n<img decoding=\"async\" loading=\"lazy\" src=\"https:\/\/ae01.alicdn.com\/kf\/S34909c0bf419460b826c7b36747188ba9.jpg?width=1000&amp;height=1000&amp;hash=2000\" \/><br \/>\n<img decoding=\"async\" loading=\"lazy\" src=\"https:\/\/ae01.alicdn.com\/kf\/S6907d38e4dfa4afd8c3fc36ff60b8720E.jpg?width=1000&amp;height=1000&amp;hash=2000\" \/><br \/>\n<img decoding=\"async\" loading=\"lazy\" src=\"https:\/\/ae01.alicdn.com\/kf\/Se8b445e7146e4cf595557310f8f6245cl.jpg?width=1000&amp;height=1000&amp;hash=2000\" \/><br \/>\n<img decoding=\"async\" loading=\"lazy\" src=\"https:\/\/ae01.alicdn.com\/kf\/Saa100b7c41734d50a353d44106f1dd3bU.jpg?width=1000&amp;height=1000&amp;hash=2000\" \/><br \/>\n<img decoding=\"async\" loading=\"lazy\" src=\"https:\/\/ae01.alicdn.com\/kf\/S97e35853ac4241efa42cc4fb773b0627p.jpg?width=1000&amp;height=1000&amp;hash=2000\" \/><br \/>\n<img decoding=\"async\" loading=\"lazy\" src=\"https:\/\/ae01.alicdn.com\/kf\/Sac673c7bca7f4c3590b7cb49a0ce08820.jpg?width=1000&amp;height=1000&amp;hash=2000\" \/><br \/>\n<img decoding=\"async\" loading=\"lazy\" src=\"https:\/\/ae01.alicdn.com\/kf\/S610609c9d6d1463baef7a566d2c6e32bd.jpg?width=1000&amp;height=1000&amp;hash=2000\" \/><br \/>\n<img decoding=\"async\" loading=\"lazy\" src=\"https:\/\/ae01.alicdn.com\/kf\/S9af612e6c95c4304b268048f298f78cde.jpg?width=1000&amp;height=1000&amp;hash=2000\" \/><br \/>\n<img decoding=\"async\" loading=\"lazy\" src=\"https:\/\/ae01.alicdn.com\/kf\/S2d0c357ffe604d5ea300b3019f35f1d3D.jpg?width=1000&amp;height=1000&amp;hash=2000\" \/><br \/>\n<img decoding=\"async\" loading=\"lazy\" src=\"https:\/\/ae01.alicdn.com\/kf\/S3ca770b01e444e50a052dbdb70f13d0dp.jpg?width=1000&amp;height=1000&amp;hash=2000\" \/><br \/>\n<img decoding=\"async\" loading=\"lazy\" src=\"https:\/\/ae01.alicdn.com\/kf\/Sc00e2f4688514820a5740162a91530b6y.jpg?width=1000&amp;height=1000&amp;hash=2000\" \/><br \/>\n<img decoding=\"async\" loading=\"lazy\" src=\"https:\/\/ae01.alicdn.com\/kf\/Sa5dfa20a425c47c6844f3469a61f25adI.jpg?width=1000&amp;height=1000&amp;hash=2000\" \/><br \/>\n<img decoding=\"async\" loading=\"lazy\" src=\"https:\/\/ae01.alicdn.com\/kf\/S663903458f824f07a08e526de60354b0m.jpg?width=1000&amp;height=1000&amp;hash=2000\" \/><br \/>\n<img decoding=\"async\" loading=\"lazy\" src=\"https:\/\/ae01.alicdn.com\/kf\/Sdb05400d950b468388f4c366245bd5acL.jpg?width=1000&amp;height=1000&amp;hash=2000\" \/><br \/>\n<img decoding=\"async\" loading=\"lazy\" src=\"https:\/\/ae01.alicdn.com\/kf\/S506b3b7d1dca4cb396dbdd059ce2fbb7D.jpg?width=1000&amp;height=1000&amp;hash=2000\" \/><br \/>\n<img decoding=\"async\" loading=\"lazy\" src=\"https:\/\/ae01.alicdn.com\/kf\/S6e72d4ee6af24c5996cb10947bca3b14f.jpg?width=1000&amp;height=1000&amp;hash=2000\" \/><br \/>\n<img decoding=\"async\" loading=\"lazy\" src=\"https:\/\/ae01.alicdn.com\/kf\/S2eeee8b31e7d4c909a8711d2c848743aA.jpg?width=1920&amp;height=1080&amp;hash=3000\" \/><br \/>\n<img decoding=\"async\" loading=\"lazy\" src=\"https:\/\/ae01.alicdn.com\/kf\/Scb477e8d77af40df8c0cd6c409568e37w.jpg?width=142&amp;height=137&amp;hash=279\" \/><\/p>\n<p><img decoding=\"async\" loading=\"lazy\" src=\"https:\/\/ae01.alicdn.com\/kf\/S8c0e8e04080f4e7287b59bcfc6289826f.jpg?width=909&amp;height=1286&amp;hash=2195\" \/><\/p>\n<\/div>\n<div><\/div>\n<p>&nbsp;<\/p>\n<\/div>\n<\/div>","protected":false},"excerpt":{"rendered":"<p>&nbsp; Aussehen:\u00a0Box Form Kompatibler Akku:\u00a018500 \u00dcberwachung Funktion Von Rauchen Anzahl:\u00a0Nein Silikon Fall:\u00a0Nein Temperaturregelung:\u00a0Nein Eingebaute Oder Externe Batterie:\u00a0Eingebaute Kurzschlussschutz Funktion:\u00a0Ja \u00dcberhitzungsschutz-funktion:\u00a0Nein Niederspannungsalarmfunktion:\u00a0Nein Zerst\u00e4uber Identifikation Funktion:\u00a0Nein TCR Einstellung Modi:\u00a0Nein Nominale Kapazit\u00e4t:\u00a0&lt;700 mAh Material:\u00a0Plastik Compatible Model:\u00a0thich oil cartridges Modellnummer:\u00a0Runty x Packwoods Vape Pod Kit Usb-ladeger\u00e4t:\u00a0Ja Firmware-upgrade:\u00a0Nein Display:\u00a0Nein Art:\u00a0disposable Markenname:\u00a0SUB TWO Ursprung:\u00a0CN (Herkunft) color:\u00a0send by mixed battery capacity:\u00a0380mah pod [&hellip;]<\/p>","protected":false},"featured_media":7357,"template":"","meta":{"inline_featured_image":false},"product_cat":[78,750,737,736,749,76,81],"product_tag":[],"tiered_pricing_type":"fixed","tiered_pricing_fixed_rules":[],"tiered_pricing_percentage_rules":[],"tiered_pricing_minimum":1,"_administrator_tiered_pricing_type":"fixed","_administrator_tiered_pricing_fixed_rules":[],"_editor_tiered_pricing_type":"fixed","_editor_tiered_pricing_fixed_rules":[],"_author_tiered_pricing_type":"fixed","_author_tiered_pricing_fixed_rules":[],"_contributor_tiered_pricing_type":"fixed","_contributor_tiered_pricing_fixed_rules":[],"_subscriber_tiered_pricing_type":"fixed","_subscriber_tiered_pricing_fixed_rules":[],"_customer_tiered_pricing_type":"fixed","_customer_tiered_pricing_fixed_rules":[],"_shop_manager_tiered_pricing_type":"fixed","_shop_manager_tiered_pricing_fixed_rules":[],"_wpseo_manager_tiered_pricing_type":"fixed","_wpseo_manager_tiered_pricing_fixed_rules":[],"_wpseo_editor_tiered_pricing_type":"fixed","_wpseo_editor_tiered_pricing_fixed_rules":[],"_wholesale_customer_tiered_pricing_type":"fixed","_wholesale_customer_tiered_pricing_fixed_rules":[],"_marketer_tiered_pricing_type":"fixed","_marketer_tiered_pricing_fixed_rules":[],"_sales_manager_tiered_pricing_type":"fixed","_sales_manager_tiered_pricing_fixed_rules":[],"_sales_rep_tiered_pricing_type":"fixed","_sales_rep_tiered_pricing_fixed_rules":[],"yoast_head":"<!-- This site is optimized with the Yoast SEO plugin v23.3 - https:\/\/yoast.com\/wordpress\/plugins\/seo\/ -->\n<title>Packwoods Runtz x Vape Pen Device Pod Kit | ElementVape.de<\/title>\n<meta name=\"description\" content=\"Wir bieten Packwoods Runtz x Vape Pen Device Pod Kit , Elementvape.de akzeptieren Gro\u00df-und Einzelhandel Bestellungen.\" \/>\n<meta name=\"robots\" content=\"index, follow, max-snippet:-1, max-image-preview:large, max-video-preview:-1\" \/>\n<link rel=\"canonical\" href=\"https:\/\/www.elementvape.de\/lt\/produkt\/packwoods-runtz-x-vape-pen-device-pod-kit\/\" \/>\n<meta property=\"og:locale\" content=\"lt_LT\" \/>\n<meta property=\"og:type\" content=\"article\" \/>\n<meta property=\"og:title\" content=\"Packwoods Runtz x Vape Pen Device Pod Kit | ElementVape.de\" \/>\n<meta property=\"og:description\" content=\"Wir bieten Packwoods Runtz x Vape Pen Device Pod Kit , Elementvape.de akzeptieren Gro\u00df-und Einzelhandel Bestellungen.\" \/>\n<meta property=\"og:url\" content=\"https:\/\/www.elementvape.de\/lt\/produkt\/packwoods-runtz-x-vape-pen-device-pod-kit\/\" \/>\n<meta property=\"og:site_name\" content=\"ElementVape.de\" \/>\n<meta property=\"article:modified_time\" content=\"2024-12-12T06:36:53+00:00\" \/>\n<meta property=\"og:image\" content=\"https:\/\/ae01.alicdn.com\/kf\/S2d60d163726843b39ab0d031c8ab8030B\/50-st-cke-e-Zigaretten-Pack-woods-Runty-x-Vape-Pen-1-0-ml-leere-dicke.jpg\" \/>\n\t<meta property=\"og:image:width\" content=\"1000\" \/>\n\t<meta property=\"og:image:height\" content=\"1000\" \/>\n\t<meta property=\"og:image:type\" content=\"image\/jpeg\" \/>\n<meta name=\"twitter:card\" content=\"summary_large_image\" \/>\n<meta name=\"twitter:label1\" content=\"Est. reading time\" \/>\n\t<meta name=\"twitter:data1\" content=\"6 minut\u0117s\" \/>\n<script type=\"application\/ld+json\" class=\"yoast-schema-graph\">{\"@context\":\"https:\/\/schema.org\",\"@graph\":[{\"@type\":\"WebPage\",\"@id\":\"https:\/\/www.elementvape.de\/produkt\/packwoods-runtz-x-vape-pen-device-pod-kit\/\",\"url\":\"https:\/\/www.elementvape.de\/produkt\/packwoods-runtz-x-vape-pen-device-pod-kit\/\",\"name\":\"Packwoods Runtz x Vape Pen Device Pod Kit | ElementVape.de\",\"isPartOf\":{\"@id\":\"https:\/\/www.elementvape.de\/#website\"},\"primaryImageOfPage\":{\"@id\":\"https:\/\/www.elementvape.de\/produkt\/packwoods-runtz-x-vape-pen-device-pod-kit\/#primaryimage\"},\"image\":{\"@id\":\"https:\/\/www.elementvape.de\/produkt\/packwoods-runtz-x-vape-pen-device-pod-kit\/#primaryimage\"},\"thumbnailUrl\":\"https:\/\/ae01.alicdn.com\/kf\/S2d60d163726843b39ab0d031c8ab8030B\/50-st-cke-e-Zigaretten-Pack-woods-Runty-x-Vape-Pen-1-0-ml-leere-dicke.jpg\",\"datePublished\":\"2024-04-20T06:40:47+00:00\",\"dateModified\":\"2024-12-12T06:36:53+00:00\",\"description\":\"Wir bieten Packwoods Runtz x Vape Pen Device Pod Kit , Elementvape.de akzeptieren Gro\u00df-und Einzelhandel Bestellungen.\",\"breadcrumb\":{\"@id\":\"https:\/\/www.elementvape.de\/produkt\/packwoods-runtz-x-vape-pen-device-pod-kit\/#breadcrumb\"},\"inLanguage\":\"lt-LT\",\"potentialAction\":[{\"@type\":\"ReadAction\",\"target\":[\"https:\/\/www.elementvape.de\/produkt\/packwoods-runtz-x-vape-pen-device-pod-kit\/\"]}]},{\"@type\":\"ImageObject\",\"inLanguage\":\"lt-LT\",\"@id\":\"https:\/\/www.elementvape.de\/produkt\/packwoods-runtz-x-vape-pen-device-pod-kit\/#primaryimage\",\"url\":\"https:\/\/ae01.alicdn.com\/kf\/S2d60d163726843b39ab0d031c8ab8030B\/50-st-cke-e-Zigaretten-Pack-woods-Runty-x-Vape-Pen-1-0-ml-leere-dicke.jpg\",\"contentUrl\":\"https:\/\/ae01.alicdn.com\/kf\/S2d60d163726843b39ab0d031c8ab8030B\/50-st-cke-e-Zigaretten-Pack-woods-Runty-x-Vape-Pen-1-0-ml-leere-dicke.jpg\",\"width\":1000,\"height\":1000},{\"@type\":\"BreadcrumbList\",\"@id\":\"https:\/\/www.elementvape.de\/produkt\/packwoods-runtz-x-vape-pen-device-pod-kit\/#breadcrumb\",\"itemListElement\":[{\"@type\":\"ListItem\",\"position\":1,\"name\":\"Home\",\"item\":\"https:\/\/www.elementvape.de\/\"},{\"@type\":\"ListItem\",\"position\":2,\"name\":\"Shop\",\"item\":\"https:\/\/www.elementvape.de\/shop\/\"},{\"@type\":\"ListItem\",\"position\":3,\"name\":\"Packwoods Runtz x Vape Pen Device Pod Kit\"}]},{\"@type\":\"WebSite\",\"@id\":\"https:\/\/www.elementvape.de\/#website\",\"url\":\"https:\/\/www.elementvape.de\/\",\"name\":\"ElementVape.de\",\"description\":\"\",\"publisher\":{\"@id\":\"https:\/\/www.elementvape.de\/#organization\"},\"potentialAction\":[{\"@type\":\"SearchAction\",\"target\":{\"@type\":\"EntryPoint\",\"urlTemplate\":\"https:\/\/www.elementvape.de\/?s={search_term_string}\"},\"query-input\":\"required name=search_term_string\"}],\"inLanguage\":\"lt-LT\"},{\"@type\":\"Organization\",\"@id\":\"https:\/\/www.elementvape.de\/#organization\",\"name\":\"ElementVape.DE\",\"url\":\"https:\/\/www.elementvape.de\/\",\"logo\":{\"@type\":\"ImageObject\",\"inLanguage\":\"lt-LT\",\"@id\":\"https:\/\/www.elementvape.de\/#\/schema\/logo\/image\/\",\"url\":\"https:\/\/www.elementvape.de\/wp-content\/uploads\/2024\/09\/cropped-1elementvape-3.png\",\"contentUrl\":\"https:\/\/www.elementvape.de\/wp-content\/uploads\/2024\/09\/cropped-1elementvape-3.png\",\"width\":285,\"height\":228,\"caption\":\"ElementVape.DE\"},\"image\":{\"@id\":\"https:\/\/www.elementvape.de\/#\/schema\/logo\/image\/\"}}]}<\/script>\n<!-- \/ Yoast SEO plugin. -->","yoast_head_json":{"title":"Packwoods Runtz x Vape Pen Device Pod Kit | ElementVape.de","description":"Wir bieten Packwoods Runtz x Vape Pen Device Pod Kit , Elementvape.de akzeptieren Gro\u00df-und Einzelhandel Bestellungen.","robots":{"index":"index","follow":"follow","max-snippet":"max-snippet:-1","max-image-preview":"max-image-preview:large","max-video-preview":"max-video-preview:-1"},"canonical":"https:\/\/www.elementvape.de\/lt\/produkt\/packwoods-runtz-x-vape-pen-device-pod-kit\/","og_locale":"lt_LT","og_type":"article","og_title":"Packwoods Runtz x Vape Pen Device Pod Kit | ElementVape.de","og_description":"Wir bieten Packwoods Runtz x Vape Pen Device Pod Kit , Elementvape.de akzeptieren Gro\u00df-und Einzelhandel Bestellungen.","og_url":"https:\/\/www.elementvape.de\/lt\/produkt\/packwoods-runtz-x-vape-pen-device-pod-kit\/","og_site_name":"ElementVape.de","article_modified_time":"2024-12-12T06:36:53+00:00","og_image":[{"width":1000,"height":1000,"url":"https:\/\/ae01.alicdn.com\/kf\/S2d60d163726843b39ab0d031c8ab8030B\/50-st-cke-e-Zigaretten-Pack-woods-Runty-x-Vape-Pen-1-0-ml-leere-dicke.jpg","type":"image\/jpeg"}],"twitter_card":"summary_large_image","twitter_misc":{"Est. reading time":"6 minut\u0117s"},"schema":{"@context":"https:\/\/schema.org","@graph":[{"@type":"WebPage","@id":"https:\/\/www.elementvape.de\/produkt\/packwoods-runtz-x-vape-pen-device-pod-kit\/","url":"https:\/\/www.elementvape.de\/produkt\/packwoods-runtz-x-vape-pen-device-pod-kit\/","name":"Packwoods Runtz x Vape Pen Device Pod Kit | ElementVape.de","isPartOf":{"@id":"https:\/\/www.elementvape.de\/#website"},"primaryImageOfPage":{"@id":"https:\/\/www.elementvape.de\/produkt\/packwoods-runtz-x-vape-pen-device-pod-kit\/#primaryimage"},"image":{"@id":"https:\/\/www.elementvape.de\/produkt\/packwoods-runtz-x-vape-pen-device-pod-kit\/#primaryimage"},"thumbnailUrl":"https:\/\/ae01.alicdn.com\/kf\/S2d60d163726843b39ab0d031c8ab8030B\/50-st-cke-e-Zigaretten-Pack-woods-Runty-x-Vape-Pen-1-0-ml-leere-dicke.jpg","datePublished":"2024-04-20T06:40:47+00:00","dateModified":"2024-12-12T06:36:53+00:00","description":"Wir bieten Packwoods Runtz x Vape Pen Device Pod Kit , Elementvape.de akzeptieren Gro\u00df-und Einzelhandel Bestellungen.","breadcrumb":{"@id":"https:\/\/www.elementvape.de\/produkt\/packwoods-runtz-x-vape-pen-device-pod-kit\/#breadcrumb"},"inLanguage":"lt-LT","potentialAction":[{"@type":"ReadAction","target":["https:\/\/www.elementvape.de\/produkt\/packwoods-runtz-x-vape-pen-device-pod-kit\/"]}]},{"@type":"ImageObject","inLanguage":"lt-LT","@id":"https:\/\/www.elementvape.de\/produkt\/packwoods-runtz-x-vape-pen-device-pod-kit\/#primaryimage","url":"https:\/\/ae01.alicdn.com\/kf\/S2d60d163726843b39ab0d031c8ab8030B\/50-st-cke-e-Zigaretten-Pack-woods-Runty-x-Vape-Pen-1-0-ml-leere-dicke.jpg","contentUrl":"https:\/\/ae01.alicdn.com\/kf\/S2d60d163726843b39ab0d031c8ab8030B\/50-st-cke-e-Zigaretten-Pack-woods-Runty-x-Vape-Pen-1-0-ml-leere-dicke.jpg","width":1000,"height":1000},{"@type":"BreadcrumbList","@id":"https:\/\/www.elementvape.de\/produkt\/packwoods-runtz-x-vape-pen-device-pod-kit\/#breadcrumb","itemListElement":[{"@type":"ListItem","position":1,"name":"Home","item":"https:\/\/www.elementvape.de\/"},{"@type":"ListItem","position":2,"name":"Shop","item":"https:\/\/www.elementvape.de\/shop\/"},{"@type":"ListItem","position":3,"name":"Packwoods Runtz x Vape Pen Device Pod Kit"}]},{"@type":"WebSite","@id":"https:\/\/www.elementvape.de\/#website","url":"https:\/\/www.elementvape.de\/","name":"ElementVape.de","description":"","publisher":{"@id":"https:\/\/www.elementvape.de\/#organization"},"potentialAction":[{"@type":"SearchAction","target":{"@type":"EntryPoint","urlTemplate":"https:\/\/www.elementvape.de\/?s={search_term_string}"},"query-input":"required name=search_term_string"}],"inLanguage":"lt-LT"},{"@type":"Organization","@id":"https:\/\/www.elementvape.de\/#organization","name":"ElementVape.DE","url":"https:\/\/www.elementvape.de\/","logo":{"@type":"ImageObject","inLanguage":"lt-LT","@id":"https:\/\/www.elementvape.de\/#\/schema\/logo\/image\/","url":"https:\/\/www.elementvape.de\/wp-content\/uploads\/2024\/09\/cropped-1elementvape-3.png","contentUrl":"https:\/\/www.elementvape.de\/wp-content\/uploads\/2024\/09\/cropped-1elementvape-3.png","width":285,"height":228,"caption":"ElementVape.DE"},"image":{"@id":"https:\/\/www.elementvape.de\/#\/schema\/logo\/image\/"}}]}},"_links":{"self":[{"href":"https:\/\/www.elementvape.de\/lt\/wp-json\/wp\/v2\/product\/7356"}],"collection":[{"href":"https:\/\/www.elementvape.de\/lt\/wp-json\/wp\/v2\/product"}],"about":[{"href":"https:\/\/www.elementvape.de\/lt\/wp-json\/wp\/v2\/types\/product"}],"wp:featuredmedia":[{"embeddable":true,"href":"https:\/\/www.elementvape.de\/lt\/wp-json\/wp\/v2\/media\/7357"}],"wp:attachment":[{"href":"https:\/\/www.elementvape.de\/lt\/wp-json\/wp\/v2\/media?parent=7356"}],"wp:term":[{"taxonomy":"product_cat","embeddable":true,"href":"https:\/\/www.elementvape.de\/lt\/wp-json\/wp\/v2\/product_cat?post=7356"},{"taxonomy":"product_tag","embeddable":true,"href":"https:\/\/www.elementvape.de\/lt\/wp-json\/wp\/v2\/product_tag?post=7356"}],"curies":[{"name":"wp","href":"https:\/\/api.w.org\/{rel}","templated":true}]}}