{"id":7300,"date":"2024-04-20T06:35:29","date_gmt":"2024-04-20T06:35:29","guid":{"rendered":"https:\/\/www.elementvape.de\/?post_type=product&#038;p=7300"},"modified":"2024-12-12T06:37:01","modified_gmt":"2024-12-12T06:37:01","slug":"freemax-galex-nano-kit-22w-vape-mit-galex-pod","status":"publish","type":"product","link":"https:\/\/www.elementvape.de\/lt\/produkt\/freemax-galex-nano-kit-22w-vape-mit-galex-pod\/","title":{"rendered":"Freemax Galex Nano Rinkinys 22W Vape su Galex Pod"},"content":{"rendered":"<p>&nbsp;<\/p>\n<div class=\"product-specs-list-container\">\n<ul class=\"product-specs-list util-clearfix\">\n<li class=\"product-prop line-limit-length\"><span class=\"property-title\">I\u0161vaizda:\u00a0<\/span><span class=\"property-desc line-limit-length\">D\u0117\u017eut\u0117s forma<\/span><\/li>\n<li class=\"product-prop line-limit-length\"><span class=\"property-title\">Suderinama baterija:\u00a0<\/span><span class=\"property-desc line-limit-length\">N\u0117ra<\/span><\/li>\n<li class=\"product-prop line-limit-length\"><span class=\"property-title\">Steb\u0117jimo funkcija nuo r\u016bkymo skai\u010diaus:\u00a0<\/span><span class=\"property-desc line-limit-length\">Ne<\/span><\/li>\n<li class=\"product-prop line-limit-length\"><span class=\"property-title\">Silicone d\u0117klas:\u00a0<\/span><span class=\"property-desc line-limit-length\">Ne<\/span><\/li>\n<li class=\"product-prop line-limit-length\"><span class=\"property-title\">Temperat\u016bros reguliavimas:\u00a0<\/span><span class=\"property-desc line-limit-length\">Ne<\/span><\/li>\n<li class=\"product-prop line-limit-length\"><span class=\"property-title\">\u012emontuota arba i\u0161orin\u0117 baterija:\u00a0<\/span><span class=\"property-desc line-limit-length\">\u012emontuota<\/span><\/li>\n<li class=\"product-prop line-limit-length\"><span class=\"property-title\">Trump\u0173j\u0173 jung\u010di\u0173 apsaugos funkcija:\u00a0<\/span><span class=\"property-desc line-limit-length\">Ja<\/span><\/li>\n<li class=\"product-prop line-limit-length\"><span class=\"property-title\">Perkaitimo apsaugos funkcija:\u00a0<\/span><span class=\"property-desc line-limit-length\">Ja<\/span><\/li>\n<li class=\"product-prop line-limit-length\"><span class=\"property-title\">\u017dem\u0173 \u012ftampos \u012fsp\u0117jimo funkcija:\u00a0<\/span><span class=\"property-desc line-limit-length\">Ja<\/span><\/li>\n<li class=\"product-prop line-limit-length\"><span class=\"property-title\">Pur\u0161kiklio identifikavimo funkcija:\u00a0<\/span><span class=\"property-desc line-limit-length\">Ja<\/span><\/li>\n<li class=\"product-prop line-limit-length\"><span class=\"property-title\">TCR nustatymo re\u017eimai:\u00a0<\/span><span class=\"property-desc line-limit-length\">Ne<\/span><\/li>\n<li class=\"product-prop line-limit-length\"><span class=\"property-title\">Nominalus talpa:\u00a0<\/span><span class=\"property-desc line-limit-length\">800 mAh<\/span><\/li>\n<li class=\"product-prop line-limit-length\"><span class=\"property-title\">Med\u017eiaga:\u00a0<\/span><span class=\"property-desc line-limit-length\">Metalas<\/span><\/li>\n<li class=\"product-prop line-limit-length\"><span class=\"property-title\">Suderinamas modelis:\u00a0<\/span><span class=\"property-desc line-limit-length\">Elektronin\u0117 cigaret\u0117 Vaporizeris<\/span><\/li>\n<li class=\"product-prop line-limit-length\"><span class=\"property-title\">Modelio numeris:\u00a0<\/span><span class=\"property-desc line-limit-length\">Freemax Galex Nano Rinkinys<\/span><\/li>\n<li class=\"product-prop line-limit-length\"><span class=\"property-title\">USB \u012fkroviklis:\u00a0<\/span><span class=\"property-desc line-limit-length\">Ja<\/span><\/li>\n<li class=\"product-prop line-limit-length\"><span class=\"property-title\">Programin\u0117s \u012frangos atnaujinimas:\u00a0<\/span><span class=\"property-desc line-limit-length\">Ne<\/span><\/li>\n<li class=\"product-prop line-limit-length\"><span class=\"property-title\">Ekranas:\u00a0<\/span><span class=\"property-desc line-limit-length\">Ne<\/span><\/li>\n<li class=\"product-prop line-limit-length\"><span class=\"property-title\">Tipas:\u00a0<\/span><span class=\"property-desc line-limit-length\">Su Baterija<\/span><\/li>\n<li class=\"product-prop line-limit-length\"><span class=\"property-title\">Prek\u0117s \u017eenklas:\u00a0<\/span><span class=\"property-desc line-limit-length\">freemax<\/span><\/li>\n<li class=\"product-prop line-limit-length\"><span class=\"property-title\">Kilm\u0117s \u0161alis:\u00a0<\/span><span class=\"property-desc line-limit-length\">CN (Kilm\u0117)<\/span><\/li>\n<\/ul>\n<\/div>\n<div class=\"detailmodule_html\">\n<div class=\"detail-desc-decorate-richtext\">\n<div class=\"detailmodule_text\">\n<div><\/div>\n<p id=\"tl_1\" class=\"detail-desc-decorate-title\" style=\"font-family: OpenSans; font-size: 20px; font-weight: 900; line-height: 28px; margin-bottom: 12px;\">Originalus Freemax Galex Nano Rinkinys 22W Vape su 800mAh baterija 2ml Galex Pod patrone tinka GX Mesh Coil E Zigaret\u0117 Mtl Vape<\/p>\n<\/div>\n<div class=\"detailmodule_text\">\n<p id=\"tl_2\" class=\"detail-desc-decorate-title\" style=\"font-family: OpenSans; font-size: 20px; font-weight: 900; line-height: 28px; margin-bottom: 12px;\">Apra\u0161ymas:<\/p>\n<p id=\"tl_3\" class=\"detail-desc-decorate-content\" style=\"font-family: OpenSans; font-size: 14px; font-weight: 300; line-height: 20px; margin-bottom: 12px;\">Galex nano rinkinys skirtas ultra mtl (burno \u012f plau\u010dius) vapingui, tai nauja pod sistema, kuri\u0105 papildo pilno spektro \u0161viesos dizainas, padedantis pritaikyti \u012frengin\u012f. Su fm saltcoiltech 4,0 technologija leid\u017eia m\u0117gautis skirtingomis galios galimyb\u0117mis, tokios kaip gryniausi aromatai, ilgesn\u0117 rit\u0117s tarnavimo trukm\u0117. FM nuot\u0117kio atspari technologija efektyviai i\u0161vengia nuot\u0117kio problem\u0173. Be to, Galex Nano turi vaikams saugi\u0105 pod patrone, su 2 ml tu\u0161\u010dia talpa ir vir\u0161utinio u\u017epildymo sistema. Freemax Galex Nano rinkinys turi 800mAh baterijos talp\u0105. Galite reguliuoti i\u0161\u0117jimo lyg\u012f su 3 pakop\u0173 dizainu. Yra kaklarai\u0161\u010dio skyl\u0117 vir\u0161utin\u0117je kampo dalyje. Freemax galex rinkinys suderinamas su gx rit\u0117mis.<\/p>\n<\/div>\n<div class=\"detailmodule_text\">\n<p id=\"tl_4\" class=\"detail-desc-decorate-title\" style=\"font-family: OpenSans; font-size: 20px; font-weight: 900; line-height: 28px; margin-bottom: 12px;\">Parametrai:<\/p>\n<p id=\"tl_5\" class=\"detail-desc-decorate-content\" style=\"font-family: OpenSans; font-size: 14px; font-weight: 300; line-height: 20px; margin-bottom: 12px;\">Prek\u0117s \u017eenklas: Freemax<br \/>\nProdukto pavadinimas: galex nano rinkinys<br \/>\nDydis: 53*19*76,96mm<br \/>\nTu\u0161\u010dia talpa: 2ml<br \/>\nRit\u0117s var\u017ea: 0.8\/1,0 Ohm<br \/>\nBaterijos talpa: 800mAh<br \/>\nGalia: 11-22W<br \/>\nI\u0161\u0117jimo \u012ftampa: 3,3 V-3,5 V-4,2 V<br \/>\nU\u017epildymo tipas: vir\u0161utinis u\u017epildymas<br \/>\n\u012ekrovimas: USB-C \u012fkrovimas<br \/>\nSpalva: juoda, ginklo metalas, m\u0117lyna, raudonas auksas, ro\u017ein\u0117 violetin\u0117<\/p>\n<\/div>\n<div class=\"detailmodule_text\">\n<p id=\"tl_6\" class=\"detail-desc-decorate-title\" style=\"font-family: OpenSans; font-size: 20px; font-weight: 900; line-height: 28px; margin-bottom: 12px;\">I\u0161samiai:<\/p>\n<p id=\"tl_7\" class=\"detail-desc-decorate-content\" style=\"font-family: OpenSans; font-size: 14px; font-weight: 300; line-height: 20px; margin-bottom: 12px;\">1. Pilno spektro ap\u0161vietimo dizainas<br \/>\n2. fm saltcoiltech 4,0 technologija, ultra mtl sprendimas<br \/>\n3. reguliuojama i\u0161\u0117jimo galia: 4,2 V (auk\u0161ta), 3,5 V (vidutin\u0117), 3,3 V (\u017eema)<br \/>\n4. 800mAh baterija, USB-C \u012fkrovimo jungtis<br \/>\n5. inovatyvus - apsaugotas ss904l tinklelis<br \/>\n6. FM i\u0161siliejimo saugi technologija<br \/>\n7. 2ml talpa podui, vir\u0161utinio u\u017epildymo dizainas<br \/>\n8. palaiko GX tinklelio rit\u0117s<br \/>\n9. gerai suprojektuotas kaklarai\u0161\u010dio anga<\/p>\n<\/div>\n<div class=\"detailmodule_text\">\n<p id=\"tl_8\" class=\"detail-desc-decorate-title\" style=\"font-family: OpenSans; font-size: 20px; font-weight: 900; line-height: 28px; margin-bottom: 12px;\">Pakuot\u0117:<\/p>\n<p id=\"tl_9\" class=\"detail-desc-decorate-content\" style=\"font-family: OpenSans; font-size: 14px; font-weight: 300; line-height: 20px; margin-bottom: 12px;\">1 * Galex Nano rinkinys<br \/>\n1 * GX tinklelio 0,8 Ohm rit\u0117<br \/>\n1 * gx tinklelio 1,0 Ohm rit\u0117 (i\u0161 anksto \u012fdiegta)<br \/>\n1 * Vartotojo vadovas<br \/>\n1 * USB Tipo-C kabelis<br \/>\n1 * sausas med\u017eiagas<\/p>\n<\/div>\n<div class=\"detailmodule_image\"><img decoding=\"async\" loading=\"lazy\" class=\"detail-desc-decorate-image\" src=\"https:\/\/ae01.alicdn.com\/kf\/Sbee13c2a8a2746e38199382d45ad06672.jpg\" \/><br \/>\n<img decoding=\"async\" loading=\"lazy\" class=\"detail-desc-decorate-image\" src=\"https:\/\/ae01.alicdn.com\/kf\/Sd75cc78f0d024a1e9c193e6cecd985f3F.jpg\" \/><br \/>\n<img decoding=\"async\" loading=\"lazy\" class=\"detail-desc-decorate-image\" src=\"https:\/\/ae01.alicdn.com\/kf\/S9bba4a0a6a564db9b2070c98acfc86acJ.jpg\" \/><br \/>\n<img decoding=\"async\" loading=\"lazy\" class=\"detail-desc-decorate-image\" src=\"https:\/\/ae01.alicdn.com\/kf\/Sb227f30dc4d845529ff2d0a6edc4629aG.jpg\" \/><br \/>\n<img decoding=\"async\" loading=\"lazy\" class=\"detail-desc-decorate-image\" src=\"https:\/\/ae01.alicdn.com\/kf\/S590cc89e495e4e11b6a3400f7e8c7f44N.jpg\" \/><br \/>\n<img decoding=\"async\" loading=\"lazy\" class=\"detail-desc-decorate-image\" src=\"https:\/\/ae01.alicdn.com\/kf\/S202a30c4f7014a8fa88e858003edf045r.jpg\" \/><br \/>\n<img decoding=\"async\" loading=\"lazy\" class=\"detail-desc-decorate-image\" src=\"https:\/\/ae01.alicdn.com\/kf\/S065527a0f498421b9f2bac6feef6a330b.jpg\" \/><br \/>\n<img decoding=\"async\" loading=\"lazy\" class=\"detail-desc-decorate-image\" src=\"https:\/\/ae01.alicdn.com\/kf\/Sd6ab36f3d39449b4aad9755b2cecffe5q.jpg\" \/><br \/>\n<img decoding=\"async\" loading=\"lazy\" class=\"detail-desc-decorate-image\" src=\"https:\/\/ae01.alicdn.com\/kf\/S9cd554f557ad497dbfb70447c1b86eceh.jpg\" \/><br \/>\n<img decoding=\"async\" loading=\"lazy\" class=\"detail-desc-decorate-image\" src=\"https:\/\/ae01.alicdn.com\/kf\/S41a07e0e0edb40c692d3d62b5612953aJ.jpg\" \/><\/div>\n<div class=\"detailmodule_image\"><img decoding=\"async\" loading=\"lazy\" class=\"detail-desc-decorate-image\" src=\"https:\/\/ae01.alicdn.com\/kf\/Sf6ea220e0ca64346921b6c136357af36r.jpg\" \/><br \/>\n<img decoding=\"async\" loading=\"lazy\" class=\"detail-desc-decorate-image\" src=\"https:\/\/ae01.alicdn.com\/kf\/S4ff8d5e97c584b1283fb18a1f34021237.jpg\" \/><br \/>\n<img decoding=\"async\" loading=\"lazy\" class=\"detail-desc-decorate-image\" src=\"https:\/\/ae01.alicdn.com\/kf\/S43639554bef14014b6369296023a0cdef.jpg\" \/><br \/>\n<img decoding=\"async\" loading=\"lazy\" class=\"detail-desc-decorate-image\" src=\"https:\/\/ae01.alicdn.com\/kf\/S561aaa0cc3254e7cbcb786c908508461x.jpg\" \/><\/div>\n<p>&nbsp;<\/p>\n<\/div>\n<\/div>","protected":false},"excerpt":{"rendered":"<p>&nbsp; Aussehen:\u00a0Box Form Kompatibler Akku:\u00a0Kein \u00dcberwachung Funktion Von Rauchen Anzahl:\u00a0Nein Silikon Fall:\u00a0Nein Temperaturregelung:\u00a0Nein Eingebaute Oder Externe Batterie:\u00a0Eingebaute Kurzschlussschutz Funktion:\u00a0Ja \u00dcberhitzungsschutz-funktion:\u00a0Ja Niederspannungsalarmfunktion:\u00a0Ja Zerst\u00e4uber Identifikation Funktion:\u00a0Ja TCR Einstellung Modi:\u00a0Nein Nominale Kapazit\u00e4t:\u00a0800 mAh Material:\u00a0Metall Compatible Model:\u00a0Electronic Cigarette Vaporizer Modellnummer:\u00a0Freemax Galex Nano Kit Usb-ladeger\u00e4t:\u00a0Ja Firmware-upgrade:\u00a0Nein Display:\u00a0Nein Art:\u00a0Mit Batterie Markenname:\u00a0freemax Ursprung:\u00a0CN (Herkunft) Original Freemax Galex Nano Kit 22W Vape mit [&hellip;]<\/p>","protected":false},"featured_media":7301,"template":"","meta":{"inline_featured_image":false},"product_cat":[78,752,756,739,743,76,81],"product_tag":[],"tiered_pricing_type":"fixed","tiered_pricing_fixed_rules":[],"tiered_pricing_percentage_rules":[],"tiered_pricing_minimum":1,"_administrator_tiered_pricing_type":"fixed","_administrator_tiered_pricing_fixed_rules":[],"_editor_tiered_pricing_type":"fixed","_editor_tiered_pricing_fixed_rules":[],"_author_tiered_pricing_type":"fixed","_author_tiered_pricing_fixed_rules":[],"_contributor_tiered_pricing_type":"fixed","_contributor_tiered_pricing_fixed_rules":[],"_subscriber_tiered_pricing_type":"fixed","_subscriber_tiered_pricing_fixed_rules":[],"_customer_tiered_pricing_type":"fixed","_customer_tiered_pricing_fixed_rules":[],"_shop_manager_tiered_pricing_type":"fixed","_shop_manager_tiered_pricing_fixed_rules":[],"_wpseo_manager_tiered_pricing_type":"fixed","_wpseo_manager_tiered_pricing_fixed_rules":[],"_wpseo_editor_tiered_pricing_type":"fixed","_wpseo_editor_tiered_pricing_fixed_rules":[],"_wholesale_customer_tiered_pricing_type":"fixed","_wholesale_customer_tiered_pricing_fixed_rules":[],"_marketer_tiered_pricing_type":"fixed","_marketer_tiered_pricing_fixed_rules":[],"_sales_manager_tiered_pricing_type":"fixed","_sales_manager_tiered_pricing_fixed_rules":[],"_sales_rep_tiered_pricing_type":"fixed","_sales_rep_tiered_pricing_fixed_rules":[],"yoast_head":"<!-- This site is optimized with the Yoast SEO plugin v23.3 - https:\/\/yoast.com\/wordpress\/plugins\/seo\/ -->\n<title>Freemax Galex Nano Kit 22W Vape mit Galex Pod | ElementVape.de<\/title>\n<meta name=\"description\" content=\"Wir bieten Freemax Galex Nano Kit 22W Vape mit Galex Pod , Elementvape.de akzeptieren Gro\u00df-und Einzelhandel Bestellungen.\" \/>\n<meta name=\"robots\" content=\"index, follow, max-snippet:-1, max-image-preview:large, max-video-preview:-1\" \/>\n<link rel=\"canonical\" href=\"https:\/\/www.elementvape.de\/lt\/produkt\/freemax-galex-nano-kit-22w-vape-mit-galex-pod\/\" \/>\n<meta property=\"og:locale\" content=\"lt_LT\" \/>\n<meta property=\"og:type\" content=\"article\" \/>\n<meta property=\"og:title\" content=\"Freemax Galex Nano Kit 22W Vape mit Galex Pod | ElementVape.de\" \/>\n<meta property=\"og:description\" content=\"Wir bieten Freemax Galex Nano Kit 22W Vape mit Galex Pod , Elementvape.de akzeptieren Gro\u00df-und Einzelhandel Bestellungen.\" \/>\n<meta property=\"og:url\" content=\"https:\/\/www.elementvape.de\/lt\/produkt\/freemax-galex-nano-kit-22w-vape-mit-galex-pod\/\" \/>\n<meta property=\"og:site_name\" content=\"ElementVape.de\" \/>\n<meta property=\"article:modified_time\" content=\"2024-12-12T06:37:01+00:00\" \/>\n<meta property=\"og:image\" content=\"https:\/\/ae01.alicdn.com\/kf\/S43151e5cab9d4ccb8d2afdbd21248a8cj\/Original-Freemax-Galex-Nano-Kit-22W-Vape-mit-800mAh-Batterie-2ml-Galex-Pod-Patrone-fit-GX.jpg\" \/>\n\t<meta property=\"og:image:width\" content=\"800\" \/>\n\t<meta property=\"og:image:height\" content=\"800\" \/>\n\t<meta property=\"og:image:type\" content=\"image\/jpeg\" \/>\n<meta name=\"twitter:card\" content=\"summary_large_image\" \/>\n<meta name=\"twitter:label1\" content=\"Est. reading time\" \/>\n\t<meta name=\"twitter:data1\" content=\"5 minut\u0117s\" \/>\n<script type=\"application\/ld+json\" class=\"yoast-schema-graph\">{\"@context\":\"https:\/\/schema.org\",\"@graph\":[{\"@type\":\"WebPage\",\"@id\":\"https:\/\/www.elementvape.de\/pt\/produkt\/freemax-galex-nano-kit-22w-vape-mit-galex-pod\/\",\"url\":\"https:\/\/www.elementvape.de\/pt\/produkt\/freemax-galex-nano-kit-22w-vape-mit-galex-pod\/\",\"name\":\"Freemax Galex Nano Kit 22W Vape mit Galex Pod | ElementVape.de\",\"isPartOf\":{\"@id\":\"https:\/\/www.elementvape.de\/#website\"},\"primaryImageOfPage\":{\"@id\":\"https:\/\/www.elementvape.de\/pt\/produkt\/freemax-galex-nano-kit-22w-vape-mit-galex-pod\/#primaryimage\"},\"image\":{\"@id\":\"https:\/\/www.elementvape.de\/pt\/produkt\/freemax-galex-nano-kit-22w-vape-mit-galex-pod\/#primaryimage\"},\"thumbnailUrl\":\"https:\/\/ae01.alicdn.com\/kf\/S43151e5cab9d4ccb8d2afdbd21248a8cj\/Original-Freemax-Galex-Nano-Kit-22W-Vape-mit-800mAh-Batterie-2ml-Galex-Pod-Patrone-fit-GX.jpg\",\"datePublished\":\"2024-04-20T06:35:29+00:00\",\"dateModified\":\"2024-12-12T06:37:01+00:00\",\"description\":\"Wir bieten Freemax Galex Nano Kit 22W Vape mit Galex Pod , Elementvape.de akzeptieren Gro\u00df-und Einzelhandel Bestellungen.\",\"breadcrumb\":{\"@id\":\"https:\/\/www.elementvape.de\/pt\/produkt\/freemax-galex-nano-kit-22w-vape-mit-galex-pod\/#breadcrumb\"},\"inLanguage\":\"lt-LT\",\"potentialAction\":[{\"@type\":\"ReadAction\",\"target\":[\"https:\/\/www.elementvape.de\/pt\/produkt\/freemax-galex-nano-kit-22w-vape-mit-galex-pod\/\"]}]},{\"@type\":\"ImageObject\",\"inLanguage\":\"lt-LT\",\"@id\":\"https:\/\/www.elementvape.de\/pt\/produkt\/freemax-galex-nano-kit-22w-vape-mit-galex-pod\/#primaryimage\",\"url\":\"https:\/\/ae01.alicdn.com\/kf\/S43151e5cab9d4ccb8d2afdbd21248a8cj\/Original-Freemax-Galex-Nano-Kit-22W-Vape-mit-800mAh-Batterie-2ml-Galex-Pod-Patrone-fit-GX.jpg\",\"contentUrl\":\"https:\/\/ae01.alicdn.com\/kf\/S43151e5cab9d4ccb8d2afdbd21248a8cj\/Original-Freemax-Galex-Nano-Kit-22W-Vape-mit-800mAh-Batterie-2ml-Galex-Pod-Patrone-fit-GX.jpg\",\"width\":800,\"height\":800},{\"@type\":\"BreadcrumbList\",\"@id\":\"https:\/\/www.elementvape.de\/pt\/produkt\/freemax-galex-nano-kit-22w-vape-mit-galex-pod\/#breadcrumb\",\"itemListElement\":[{\"@type\":\"ListItem\",\"position\":1,\"name\":\"Home\",\"item\":\"https:\/\/www.elementvape.de\/\"},{\"@type\":\"ListItem\",\"position\":2,\"name\":\"Shop\",\"item\":\"https:\/\/www.elementvape.de\/shop\/\"},{\"@type\":\"ListItem\",\"position\":3,\"name\":\"Freemax Galex Nano Kit 22W Vape mit Galex Pod\"}]},{\"@type\":\"WebSite\",\"@id\":\"https:\/\/www.elementvape.de\/#website\",\"url\":\"https:\/\/www.elementvape.de\/\",\"name\":\"ElementVape.de\",\"description\":\"\",\"publisher\":{\"@id\":\"https:\/\/www.elementvape.de\/#organization\"},\"potentialAction\":[{\"@type\":\"SearchAction\",\"target\":{\"@type\":\"EntryPoint\",\"urlTemplate\":\"https:\/\/www.elementvape.de\/?s={search_term_string}\"},\"query-input\":\"required name=search_term_string\"}],\"inLanguage\":\"lt-LT\"},{\"@type\":\"Organization\",\"@id\":\"https:\/\/www.elementvape.de\/#organization\",\"name\":\"ElementVape.DE\",\"url\":\"https:\/\/www.elementvape.de\/\",\"logo\":{\"@type\":\"ImageObject\",\"inLanguage\":\"lt-LT\",\"@id\":\"https:\/\/www.elementvape.de\/#\/schema\/logo\/image\/\",\"url\":\"https:\/\/www.elementvape.de\/wp-content\/uploads\/2024\/09\/cropped-1elementvape-3.png\",\"contentUrl\":\"https:\/\/www.elementvape.de\/wp-content\/uploads\/2024\/09\/cropped-1elementvape-3.png\",\"width\":285,\"height\":228,\"caption\":\"ElementVape.DE\"},\"image\":{\"@id\":\"https:\/\/www.elementvape.de\/#\/schema\/logo\/image\/\"}}]}<\/script>\n<!-- \/ Yoast SEO plugin. -->","yoast_head_json":{"title":"Freemax Galex Nano Kit 22W Vape mit Galex Pod | ElementVape.de","description":"Wir bieten Freemax Galex Nano Kit 22W Vape mit Galex Pod , Elementvape.de akzeptieren Gro\u00df-und Einzelhandel Bestellungen.","robots":{"index":"index","follow":"follow","max-snippet":"max-snippet:-1","max-image-preview":"max-image-preview:large","max-video-preview":"max-video-preview:-1"},"canonical":"https:\/\/www.elementvape.de\/lt\/produkt\/freemax-galex-nano-kit-22w-vape-mit-galex-pod\/","og_locale":"lt_LT","og_type":"article","og_title":"Freemax Galex Nano Kit 22W Vape mit Galex Pod | ElementVape.de","og_description":"Wir bieten Freemax Galex Nano Kit 22W Vape mit Galex Pod , Elementvape.de akzeptieren Gro\u00df-und Einzelhandel Bestellungen.","og_url":"https:\/\/www.elementvape.de\/lt\/produkt\/freemax-galex-nano-kit-22w-vape-mit-galex-pod\/","og_site_name":"ElementVape.de","article_modified_time":"2024-12-12T06:37:01+00:00","og_image":[{"width":800,"height":800,"url":"https:\/\/ae01.alicdn.com\/kf\/S43151e5cab9d4ccb8d2afdbd21248a8cj\/Original-Freemax-Galex-Nano-Kit-22W-Vape-mit-800mAh-Batterie-2ml-Galex-Pod-Patrone-fit-GX.jpg","type":"image\/jpeg"}],"twitter_card":"summary_large_image","twitter_misc":{"Est. reading time":"5 minut\u0117s"},"schema":{"@context":"https:\/\/schema.org","@graph":[{"@type":"WebPage","@id":"https:\/\/www.elementvape.de\/pt\/produkt\/freemax-galex-nano-kit-22w-vape-mit-galex-pod\/","url":"https:\/\/www.elementvape.de\/pt\/produkt\/freemax-galex-nano-kit-22w-vape-mit-galex-pod\/","name":"Freemax Galex Nano Kit 22W Vape mit Galex Pod | ElementVape.de","isPartOf":{"@id":"https:\/\/www.elementvape.de\/#website"},"primaryImageOfPage":{"@id":"https:\/\/www.elementvape.de\/pt\/produkt\/freemax-galex-nano-kit-22w-vape-mit-galex-pod\/#primaryimage"},"image":{"@id":"https:\/\/www.elementvape.de\/pt\/produkt\/freemax-galex-nano-kit-22w-vape-mit-galex-pod\/#primaryimage"},"thumbnailUrl":"https:\/\/ae01.alicdn.com\/kf\/S43151e5cab9d4ccb8d2afdbd21248a8cj\/Original-Freemax-Galex-Nano-Kit-22W-Vape-mit-800mAh-Batterie-2ml-Galex-Pod-Patrone-fit-GX.jpg","datePublished":"2024-04-20T06:35:29+00:00","dateModified":"2024-12-12T06:37:01+00:00","description":"Wir bieten Freemax Galex Nano Kit 22W Vape mit Galex Pod , Elementvape.de akzeptieren Gro\u00df-und Einzelhandel Bestellungen.","breadcrumb":{"@id":"https:\/\/www.elementvape.de\/pt\/produkt\/freemax-galex-nano-kit-22w-vape-mit-galex-pod\/#breadcrumb"},"inLanguage":"lt-LT","potentialAction":[{"@type":"ReadAction","target":["https:\/\/www.elementvape.de\/pt\/produkt\/freemax-galex-nano-kit-22w-vape-mit-galex-pod\/"]}]},{"@type":"ImageObject","inLanguage":"lt-LT","@id":"https:\/\/www.elementvape.de\/pt\/produkt\/freemax-galex-nano-kit-22w-vape-mit-galex-pod\/#primaryimage","url":"https:\/\/ae01.alicdn.com\/kf\/S43151e5cab9d4ccb8d2afdbd21248a8cj\/Original-Freemax-Galex-Nano-Kit-22W-Vape-mit-800mAh-Batterie-2ml-Galex-Pod-Patrone-fit-GX.jpg","contentUrl":"https:\/\/ae01.alicdn.com\/kf\/S43151e5cab9d4ccb8d2afdbd21248a8cj\/Original-Freemax-Galex-Nano-Kit-22W-Vape-mit-800mAh-Batterie-2ml-Galex-Pod-Patrone-fit-GX.jpg","width":800,"height":800},{"@type":"BreadcrumbList","@id":"https:\/\/www.elementvape.de\/pt\/produkt\/freemax-galex-nano-kit-22w-vape-mit-galex-pod\/#breadcrumb","itemListElement":[{"@type":"ListItem","position":1,"name":"Home","item":"https:\/\/www.elementvape.de\/"},{"@type":"ListItem","position":2,"name":"Shop","item":"https:\/\/www.elementvape.de\/shop\/"},{"@type":"ListItem","position":3,"name":"Freemax Galex Nano Kit 22W Vape mit Galex Pod"}]},{"@type":"WebSite","@id":"https:\/\/www.elementvape.de\/#website","url":"https:\/\/www.elementvape.de\/","name":"ElementVape.de","description":"","publisher":{"@id":"https:\/\/www.elementvape.de\/#organization"},"potentialAction":[{"@type":"SearchAction","target":{"@type":"EntryPoint","urlTemplate":"https:\/\/www.elementvape.de\/?s={search_term_string}"},"query-input":"required name=search_term_string"}],"inLanguage":"lt-LT"},{"@type":"Organization","@id":"https:\/\/www.elementvape.de\/#organization","name":"ElementVape.DE","url":"https:\/\/www.elementvape.de\/","logo":{"@type":"ImageObject","inLanguage":"lt-LT","@id":"https:\/\/www.elementvape.de\/#\/schema\/logo\/image\/","url":"https:\/\/www.elementvape.de\/wp-content\/uploads\/2024\/09\/cropped-1elementvape-3.png","contentUrl":"https:\/\/www.elementvape.de\/wp-content\/uploads\/2024\/09\/cropped-1elementvape-3.png","width":285,"height":228,"caption":"ElementVape.DE"},"image":{"@id":"https:\/\/www.elementvape.de\/#\/schema\/logo\/image\/"}}]}},"_links":{"self":[{"href":"https:\/\/www.elementvape.de\/lt\/wp-json\/wp\/v2\/product\/7300"}],"collection":[{"href":"https:\/\/www.elementvape.de\/lt\/wp-json\/wp\/v2\/product"}],"about":[{"href":"https:\/\/www.elementvape.de\/lt\/wp-json\/wp\/v2\/types\/product"}],"wp:featuredmedia":[{"embeddable":true,"href":"https:\/\/www.elementvape.de\/lt\/wp-json\/wp\/v2\/media\/7301"}],"wp:attachment":[{"href":"https:\/\/www.elementvape.de\/lt\/wp-json\/wp\/v2\/media?parent=7300"}],"wp:term":[{"taxonomy":"product_cat","embeddable":true,"href":"https:\/\/www.elementvape.de\/lt\/wp-json\/wp\/v2\/product_cat?post=7300"},{"taxonomy":"product_tag","embeddable":true,"href":"https:\/\/www.elementvape.de\/lt\/wp-json\/wp\/v2\/product_tag?post=7300"}],"curies":[{"name":"wp","href":"https:\/\/api.w.org\/{rel}","templated":true}]}}