{"id":7152,"date":"2024-04-20T06:30:46","date_gmt":"2024-04-20T06:30:46","guid":{"rendered":"https:\/\/www.elementvape.de\/?post_type=product&#038;p=7152"},"modified":"2024-12-12T06:37:08","modified_gmt":"2024-12-12T06:37:08","slug":"vape-pen-ego-ce4-650mah-900mah-1100mah-ego-batterie-e-zigaretten-starter-kit","status":"publish","type":"product","link":"https:\/\/www.elementvape.de\/lt\/produkt\/vape-pen-ego-ce4-650mah-900mah-1100mah-ego-batterie-e-zigaretten-starter-kit\/","title":{"rendered":"Vape pen ego ce4 650mAh 900mAh 1100mAh ego baterija E-Lizdai pradinis rinkinys"},"content":{"rendered":"<p>&nbsp;<\/p>\n<div class=\"product-specs-list-container\">\n<ul class=\"product-specs-list util-clearfix\">\n<li class=\"product-prop line-limit-length\"><span class=\"property-title\">I\u0161vaizda:\u00a0<\/span><span class=\"property-desc line-limit-length\">D\u0117\u017eut\u0117s forma<\/span><\/li>\n<li class=\"product-prop line-limit-length\"><span class=\"property-title\">Suderinama baterija:\u00a0<\/span><span class=\"property-desc line-limit-length\">18350<\/span><\/li>\n<li class=\"product-prop line-limit-length\"><span class=\"property-title\">Steb\u0117jimo funkcija nuo r\u016bkymo skai\u010diaus:\u00a0<\/span><span class=\"property-desc line-limit-length\">Ne<\/span><\/li>\n<li class=\"product-prop line-limit-length\"><span class=\"property-title\">Silicone d\u0117klas:\u00a0<\/span><span class=\"property-desc line-limit-length\">Ne<\/span><\/li>\n<li class=\"product-prop line-limit-length\"><span class=\"property-title\">Temperat\u016bros reguliavimas:\u00a0<\/span><span class=\"property-desc line-limit-length\">Ne<\/span><\/li>\n<li class=\"product-prop line-limit-length\"><span class=\"property-title\">\u012emontuota arba i\u0161orin\u0117 baterija:\u00a0<\/span><span class=\"property-desc line-limit-length\">\u012emontuota<\/span><\/li>\n<li class=\"product-prop line-limit-length\"><span class=\"property-title\">Trump\u0173j\u0173 jung\u010di\u0173 apsaugos funkcija:\u00a0<\/span><span class=\"property-desc line-limit-length\">Ja<\/span><\/li>\n<li class=\"product-prop line-limit-length\"><span class=\"property-title\">Perkaitimo apsaugos funkcija:\u00a0<\/span><span class=\"property-desc line-limit-length\">Ne<\/span><\/li>\n<li class=\"product-prop line-limit-length\"><span class=\"property-title\">\u017dem\u0173 \u012ftampos \u012fsp\u0117jimo funkcija:\u00a0<\/span><span class=\"property-desc line-limit-length\">Ne<\/span><\/li>\n<li class=\"product-prop line-limit-length\"><span class=\"property-title\">Pur\u0161kiklio identifikavimo funkcija:\u00a0<\/span><span class=\"property-desc line-limit-length\">Ne<\/span><\/li>\n<li class=\"product-prop line-limit-length\"><span class=\"property-title\">TCR nustatymo re\u017eimai:\u00a0<\/span><span class=\"property-desc line-limit-length\">Ne<\/span><\/li>\n<li class=\"product-prop line-limit-length\"><span class=\"property-title\">Nominalus talpa:\u00a0<\/span><span class=\"property-desc line-limit-length\">Temperat\u016bros reguliavimas: Ne<\/span><\/li>\n<li class=\"product-prop line-limit-length\"><span class=\"property-title\">Med\u017eiaga:\u00a0<\/span><span class=\"property-desc line-limit-length\">Metalas<\/span><\/li>\n<li class=\"product-prop line-limit-length\"><span class=\"property-title\">Suderinamas modelis:\u00a0<\/span><span class=\"property-desc line-limit-length\">ego blister vape pen rinkinys<\/span><\/li>\n<li class=\"product-prop line-limit-length\"><span class=\"property-title\">Modelio numeris:\u00a0<\/span><span class=\"property-desc line-limit-length\">ego T CE4 blister vape rinkinys<\/span><\/li>\n<li class=\"product-prop line-limit-length\"><span class=\"property-title\">USB \u012fkroviklis:\u00a0<\/span><span class=\"property-desc line-limit-length\">Ne<\/span><\/li>\n<li class=\"product-prop line-limit-length\"><span class=\"property-title\">Programin\u0117s \u012frangos atnaujinimas:\u00a0<\/span><span class=\"property-desc line-limit-length\">Ne<\/span><\/li>\n<li class=\"product-prop line-limit-length\"><span class=\"property-title\">Ekranas:\u00a0<\/span><span class=\"property-desc line-limit-length\">Ne<\/span><\/li>\n<li class=\"product-prop line-limit-length\"><span class=\"property-title\">Tipas:\u00a0<\/span><span class=\"property-desc line-limit-length\">\u012emontuota arba i\u0161orin\u0117 baterija: \u012emontuota<\/span><\/li>\n<li class=\"product-prop line-limit-length\"><span class=\"property-title\">Prek\u0117s \u017eenklas:\u00a0<\/span><span class=\"property-desc line-limit-length\">SUB TWO<\/span><\/li>\n<li class=\"product-prop line-limit-length\"><span class=\"property-title\">Kilm\u0117s \u0161alis:\u00a0<\/span><span class=\"property-desc line-limit-length\">CN (Kilm\u0117)<\/span><\/li>\n<li class=\"product-prop line-limit-length\"><span class=\"property-title\">Baterijos talpa:\u00a0<\/span><span class=\"property-desc line-limit-length\">Trump\u0173j\u0173 jung\u010di\u0173 apsaugos funkcija: Taip<\/span><\/li>\n<li class=\"product-prop line-limit-length\"><span class=\"property-title\">Pakuot\u0117:\u00a0<\/span><span class=\"property-desc line-limit-length\">pleistrin\u0117 pakuot\u0117<\/span><\/li>\n<li class=\"product-prop line-limit-length\"><span class=\"property-title\">\u012etampa:\u00a0<\/span><span class=\"property-desc line-limit-length\">\u012e\u0117jimas: DC 4.2V, 420 mA<\/span><\/li>\n<li class=\"product-prop line-limit-length\"><span class=\"property-title\">Atomizeris:\u00a0<\/span><span class=\"property-desc line-limit-length\">Perkaitimo apsaugos funkcija: Ne<\/span><\/li>\n<\/ul>\n<\/div>\n<div class=\"detailmodule_html\">\n<div class=\"detail-desc-decorate-richtext\">\n<div>\n<div>\n<div>\n<p style=\"text-align: center;\" align=\"center\"><span id=\"tl_1\" style=\"font-size: 22px;\">Ego ce4 elektronin\u0117 cigaret\u0117 Starter Kit 650mah 900mah 1100mah Ego baterija 1,6 ml ce4 purk\u0161tuvas Vape Pen r\u016bkymas garas<\/span><\/p>\n<\/div>\n<\/div>\n<p style=\"font-family: arial, helvetica, sans-serif; margin: 0px; padding: 0px; width: 960px; height: auto;\"><span style=\"font-size: 18px;\"><span style=\"font-family: impact, chicago;\"><span id=\"tl_2\">Savyb\u0117s:<\/span><\/span><\/span><\/p>\n<p style=\"font-family: arial; font-size: 16px; line-height: 24px; margin: 0px; padding: 0px; width: 960px; height: auto;\"><span id=\"tl_3\" style=\"font-size: 16px; font-family: arial, helvetica, sans-serif;\">Ne\u0161iojama, pilnai \u012frengta pleistrin\u0117 d\u0117\u017eut\u0117.<\/span><\/p>\n<p style=\"font-family: arial, helvetica, sans-serif; margin: 0px; padding: 0px; width: 960px; height: auto;\"><span style=\"font-size: 18px;\"><span id=\"tl_4\">Specifikacijos:<br \/>\nCe4 purk\u0161tuvas:<\/span><\/span><span id=\"tl_5\" style=\"font-size: 18px;\"><br \/>\n1. be d\u017eiovintuvo<\/span><br \/>\n<span id=\"tl_6\" style=\"font-size: 18px;\">2. Talpa: 1,6 ml<\/span><br \/>\n<span id=\"tl_7\" style=\"font-size: 18px;\">3. Puffs pilnam skys\u010diui: 800 Puffs<\/span><br \/>\n<span style=\"font-size: 18px;\"><span id=\"tl_8\">Ego baterija<\/span><\/span><\/p>\n<div style=\"font-family: arial; line-height: 24px; margin: 0px; padding: 0px;\">\n<div style=\"font-family: ns-r; background-color: inherit; margin: 0px; padding: 0px;\">\n<div style=\"font-family: ns-r; background-color: inherit; margin: 0px; padding: 0px;\">\n<div style=\"font-family: ns-r; background-color: inherit; margin: 0px; padding: 0px;\">\n<div style=\"font-family: ns-r; background-color: inherit; margin: 0px; padding: 0px;\">\n<p style=\"font-family: ns-r; font-size: 16px; font-weight: 400; letter-spacing: normal; text-align: start; background-color: inherit; margin: 0px; padding: 0px; width: 960px; height: auto;\" align=\"start\"><img decoding=\"async\" loading=\"lazy\" style=\"font-family: ns-r; border: 0px; margin: 0px; padding: 0px;\" src=\"https:\/\/ae01.alicdn.com\/kf\/S1410cd5271dd4da4bb746a8d7a592070d.jpg?width=680&amp;height=506&amp;hash=1186\" \/><\/p>\n<p style=\"font-family: arial, helvetica, sans-serif; font-size: 12px; font-weight: 400; letter-spacing: normal; line-height: 3em; text-align: start; margin: 0px; padding: 0px; width: 960px; height: auto;\" align=\"start\"><span style=\"font-size: inherit;\"><span style=\"font-size: 18px; font-family: ns-r;\"><span style=\"font-size: inherit; font-family: ns-r;\"><span style=\"font-size: 20px; font-family: ns-r;\"><span id=\"tl_9\" style=\"font-size: inherit; font-family: ns-r;\">\u017demos \u012ftampos \u012fsp\u0117jimo funkcija: Ne<\/span><\/span><\/span><\/span><\/span><span style=\"font-size: inherit;\"><span style=\"font-size: 18px; font-family: ns-r;\"><span id=\"tl_10\" style=\"font-size: inherit; font-family: ns-r;\">I\u0161\u0117jimo srov\u0117: 400ma<\/span><\/span><\/span><\/p>\n<p style=\"font-family: arial, helvetica, sans-serif; font-size: 14px; font-weight: bold; letter-spacing: normal; line-height: 24px; text-align: start; border: 0px; margin: 8px 20px 8px 20px; padding: 0px; width: 820px; height: auto;\" align=\"start\"><span style=\"font-size: 13px; font-family: ns-r;\"><span style=\"font-size: 26px; font-family: ns-r;\"><span id=\"tl_11\" style=\"font-size: inherit; font-family: ns-r;\">Pakuot\u0117je yra:<\/span><\/span><\/span><\/p>\n<p style=\"font-family: arial, helvetica, sans-serif; font-size: 14px; font-weight: bold; letter-spacing: normal; line-height: 24px; text-align: start; border: 0px; margin: 8px 20px 8px 20px; padding: 0px; width: 820px; height: auto;\" align=\"start\"><span style=\"font-size: inherit;\"><span style=\"font-size: 18px; font-family: ns-r;\"><span id=\"tl_12\" style=\"font-size: inherit; font-family: ns-r;\">1 * purk\u0161tuvas ce4<\/span><\/span><\/span><\/p>\n<p style=\"font-family: arial, helvetica, sans-serif; font-size: 14px; font-weight: bold; letter-spacing: normal; line-height: 24px; text-align: start; border: 0px; margin: 8px 20px 8px 20px; padding: 0px; width: 820px; height: auto;\" align=\"start\"><span style=\"font-size: inherit;\"><span style=\"font-size: 18px; font-family: ns-r;\"><span id=\"tl_13\" style=\"font-size: inherit; font-family: ns-r;\">1 * Ego-t baterija<\/span><\/span><\/span><\/p>\n<p style=\"font-family: arial, helvetica, sans-serif; font-size: 14px; font-weight: bold; letter-spacing: normal; line-height: 24px; text-align: start; border: 0px; margin: 8px 20px 8px 20px; padding: 0px; width: 820px; height: auto;\" align=\"start\"><span style=\"font-size: inherit;\"><span style=\"font-size: 18px; font-family: ns-r;\"><span id=\"tl_14\" style=\"font-size: inherit; font-family: ns-r;\">1 * USB \u012fkroviklis<\/span><\/span><\/span><\/p>\n<p style=\"font-family: arial, helvetica, sans-serif; font-size: 14px; font-weight: bold; letter-spacing: normal; line-height: 24px; text-align: start; border: 0px; margin: 8px 20px 8px 20px; padding: 0px; width: 820px; height: auto;\" align=\"start\"><span style=\"font-size: inherit;\"><span style=\"font-size: 18px; font-family: ns-r;\"><span id=\"tl_15\" style=\"font-size: inherit; font-family: ns-r;\">1 * lizdin\u0117s plok\u0161tel\u0117s pakuot\u0117<\/span><\/span><\/span><\/p>\n<div><img decoding=\"async\" loading=\"lazy\" style=\"width: 1000px; height: 1000px;\" src=\"https:\/\/ae01.alicdn.com\/kf\/S32ff30b7eac742f88826f4c2f2edcee1M.jpg?width=800&amp;height=800&amp;hash=1600\" width=\"1000px\" height=\"1000px\" \/><br \/>\n<img decoding=\"async\" loading=\"lazy\" style=\"width: 1000px; height: 1000px;\" src=\"https:\/\/ae01.alicdn.com\/kf\/S18c0476453ac4bcb889ff4fc2e23ee9a4.jpg?width=800&amp;height=800&amp;hash=1600\" width=\"1000px\" height=\"1000px\" \/><br \/>\n<img decoding=\"async\" loading=\"lazy\" style=\"width: 1000px; height: 1000px;\" src=\"https:\/\/ae01.alicdn.com\/kf\/S94af014b16d84f76bae2da684d215450y.jpg?width=800&amp;height=800&amp;hash=1600\" width=\"1000px\" height=\"1000px\" \/><br \/>\n<img decoding=\"async\" loading=\"lazy\" style=\"width: 1000px; height: 1000px;\" src=\"https:\/\/ae01.alicdn.com\/kf\/S0680535fdd23446eb2c8165d6ad350ffm.jpg?width=800&amp;height=800&amp;hash=1600\" width=\"1000px\" height=\"1000px\" \/><br \/>\n<img decoding=\"async\" loading=\"lazy\" style=\"width: 1000px; height: 1000px;\" src=\"https:\/\/ae01.alicdn.com\/kf\/Sed8fb6dbae134aae80fe10e0057f187fl.jpg?width=800&amp;height=800&amp;hash=1600\" width=\"1000px\" height=\"1000px\" \/><br \/>\n<img decoding=\"async\" loading=\"lazy\" style=\"width: 1000px; height: 1000px;\" src=\"https:\/\/ae01.alicdn.com\/kf\/Sbbf8a3b646094da8b197f07a4f0262d6l.jpg?width=800&amp;height=800&amp;hash=1600\" width=\"1000px\" height=\"1000px\" \/><br \/>\n<img decoding=\"async\" loading=\"lazy\" style=\"width: 1000px; height: 1000px;\" src=\"https:\/\/ae01.alicdn.com\/kf\/Sdc4c7d43c2d048718cad5ce3625dfcffy.jpg?width=800&amp;height=800&amp;hash=1600\" width=\"1000px\" height=\"1000px\" \/><br \/>\n<img decoding=\"async\" loading=\"lazy\" style=\"width: 1000px; height: 1000px;\" src=\"https:\/\/ae01.alicdn.com\/kf\/S07cd20476b3043a88c52f40412d318ebL.jpg?width=800&amp;height=800&amp;hash=1600\" width=\"1000px\" height=\"1000px\" \/><\/div>\n<\/div>\n<\/div>\n<\/div>\n<\/div>\n<\/div>\n<\/div>\n<p>&nbsp;<\/p>\n<\/div>\n<\/div>","protected":false},"excerpt":{"rendered":"<p>&nbsp; Aussehen:\u00a0Box Form Kompatibler Akku:\u00a018350 \u00dcberwachung Funktion Von Rauchen Anzahl:\u00a0Nein Silikon Fall:\u00a0Nein Temperaturregelung:\u00a0Nein Eingebaute Oder Externe Batterie:\u00a0Eingebaute Kurzschlussschutz Funktion:\u00a0Ja \u00dcberhitzungsschutz-funktion:\u00a0Nein Niederspannungsalarmfunktion:\u00a0Nein Zerst\u00e4uber Identifikation Funktion:\u00a0Nein TCR Einstellung Modi:\u00a0Nein Nominale Kapazit\u00e4t:\u00a01100mAh Material:\u00a0Metall Compatible Model:\u00a0ego blister vape pen kit Modellnummer:\u00a0ego T CE4 blister vape kit Usb-ladeger\u00e4t:\u00a0Nein Firmware-upgrade:\u00a0Nein Display:\u00a0Nein Art:\u00a0EGO Markenname:\u00a0SUB TWO Ursprung:\u00a0CN (Herkunft) Battery capacity:\u00a0650\/900\/1100mAh Package:\u00a0blister package Voltage:\u00a0Input: [&hellip;]<\/p>","protected":false},"featured_media":7153,"template":"","meta":{"inline_featured_image":false},"product_cat":[752,756,739,743,76,79,81],"product_tag":[],"tiered_pricing_type":"fixed","tiered_pricing_fixed_rules":[],"tiered_pricing_percentage_rules":[],"tiered_pricing_minimum":1,"_administrator_tiered_pricing_type":"fixed","_administrator_tiered_pricing_fixed_rules":[],"_editor_tiered_pricing_type":"fixed","_editor_tiered_pricing_fixed_rules":[],"_author_tiered_pricing_type":"fixed","_author_tiered_pricing_fixed_rules":[],"_contributor_tiered_pricing_type":"fixed","_contributor_tiered_pricing_fixed_rules":[],"_subscriber_tiered_pricing_type":"fixed","_subscriber_tiered_pricing_fixed_rules":[],"_customer_tiered_pricing_type":"fixed","_customer_tiered_pricing_fixed_rules":[],"_shop_manager_tiered_pricing_type":"fixed","_shop_manager_tiered_pricing_fixed_rules":[],"_wpseo_manager_tiered_pricing_type":"fixed","_wpseo_manager_tiered_pricing_fixed_rules":[],"_wpseo_editor_tiered_pricing_type":"fixed","_wpseo_editor_tiered_pricing_fixed_rules":[],"_wholesale_customer_tiered_pricing_type":"fixed","_wholesale_customer_tiered_pricing_fixed_rules":[],"_marketer_tiered_pricing_type":"fixed","_marketer_tiered_pricing_fixed_rules":[],"_sales_manager_tiered_pricing_type":"fixed","_sales_manager_tiered_pricing_fixed_rules":[],"_sales_rep_tiered_pricing_type":"fixed","_sales_rep_tiered_pricing_fixed_rules":[],"yoast_head":"<!-- This site is optimized with the Yoast SEO plugin v23.3 - https:\/\/yoast.com\/wordpress\/plugins\/seo\/ -->\n<title>Vape pen ego ce4 650mah 900mah 1100mah ego batterie E-Zigaretten starter kit | ElementVape.de<\/title>\n<meta name=\"description\" content=\"Wir bieten Vape pen ego ce4 650mah 900mah 1100mah ego batterie E-Zigaretten starter kit , Elementvape.de akzeptieren Gro\u00df-und Einzelhandel Bestellungen.\" \/>\n<meta name=\"robots\" content=\"index, follow, max-snippet:-1, max-image-preview:large, max-video-preview:-1\" \/>\n<link rel=\"canonical\" href=\"https:\/\/www.elementvape.de\/lt\/produkt\/vape-pen-ego-ce4-650mah-900mah-1100mah-ego-batterie-e-zigaretten-starter-kit\/\" \/>\n<meta property=\"og:locale\" content=\"lt_LT\" \/>\n<meta property=\"og:type\" content=\"article\" \/>\n<meta property=\"og:title\" content=\"Vape pen ego ce4 650mah 900mah 1100mah ego batterie E-Zigaretten starter kit | ElementVape.de\" \/>\n<meta property=\"og:description\" content=\"Wir bieten Vape pen ego ce4 650mah 900mah 1100mah ego batterie E-Zigaretten starter kit , Elementvape.de akzeptieren Gro\u00df-und Einzelhandel Bestellungen.\" \/>\n<meta property=\"og:url\" content=\"https:\/\/www.elementvape.de\/lt\/produkt\/vape-pen-ego-ce4-650mah-900mah-1100mah-ego-batterie-e-zigaretten-starter-kit\/\" \/>\n<meta property=\"og:site_name\" content=\"ElementVape.de\" \/>\n<meta property=\"article:modified_time\" content=\"2024-12-12T06:37:08+00:00\" \/>\n<meta property=\"og:image\" content=\"https:\/\/ae01.alicdn.com\/kf\/S6719b894b9434f22906ade90e15712f9n\/Vape-pen-ego-ce4-650mah-900mah-1100mah-ego-batterie-elektronisches-zigaretten-starter-kit-1-6-ml.jpg\" \/>\n\t<meta property=\"og:image:width\" content=\"800\" \/>\n\t<meta property=\"og:image:height\" content=\"800\" \/>\n\t<meta property=\"og:image:type\" content=\"image\/jpeg\" \/>\n<meta name=\"twitter:card\" content=\"summary_large_image\" \/>\n<meta name=\"twitter:label1\" content=\"Est. reading time\" \/>\n\t<meta name=\"twitter:data1\" content=\"3 minut\u0117s\" \/>\n<script type=\"application\/ld+json\" class=\"yoast-schema-graph\">{\"@context\":\"https:\/\/schema.org\",\"@graph\":[{\"@type\":\"WebPage\",\"@id\":\"https:\/\/www.elementvape.de\/produkt\/vape-pen-ego-ce4-650mah-900mah-1100mah-ego-batterie-e-zigaretten-starter-kit\/\",\"url\":\"https:\/\/www.elementvape.de\/produkt\/vape-pen-ego-ce4-650mah-900mah-1100mah-ego-batterie-e-zigaretten-starter-kit\/\",\"name\":\"Vape pen ego ce4 650mah 900mah 1100mah ego batterie E-Zigaretten starter kit | ElementVape.de\",\"isPartOf\":{\"@id\":\"https:\/\/www.elementvape.de\/#website\"},\"primaryImageOfPage\":{\"@id\":\"https:\/\/www.elementvape.de\/produkt\/vape-pen-ego-ce4-650mah-900mah-1100mah-ego-batterie-e-zigaretten-starter-kit\/#primaryimage\"},\"image\":{\"@id\":\"https:\/\/www.elementvape.de\/produkt\/vape-pen-ego-ce4-650mah-900mah-1100mah-ego-batterie-e-zigaretten-starter-kit\/#primaryimage\"},\"thumbnailUrl\":\"https:\/\/ae01.alicdn.com\/kf\/S6719b894b9434f22906ade90e15712f9n\/Vape-pen-ego-ce4-650mah-900mah-1100mah-ego-batterie-elektronisches-zigaretten-starter-kit-1-6-ml.jpg\",\"datePublished\":\"2024-04-20T06:30:46+00:00\",\"dateModified\":\"2024-12-12T06:37:08+00:00\",\"description\":\"Wir bieten Vape pen ego ce4 650mah 900mah 1100mah ego batterie E-Zigaretten starter kit , Elementvape.de akzeptieren Gro\u00df-und Einzelhandel Bestellungen.\",\"breadcrumb\":{\"@id\":\"https:\/\/www.elementvape.de\/produkt\/vape-pen-ego-ce4-650mah-900mah-1100mah-ego-batterie-e-zigaretten-starter-kit\/#breadcrumb\"},\"inLanguage\":\"lt-LT\",\"potentialAction\":[{\"@type\":\"ReadAction\",\"target\":[\"https:\/\/www.elementvape.de\/produkt\/vape-pen-ego-ce4-650mah-900mah-1100mah-ego-batterie-e-zigaretten-starter-kit\/\"]}]},{\"@type\":\"ImageObject\",\"inLanguage\":\"lt-LT\",\"@id\":\"https:\/\/www.elementvape.de\/produkt\/vape-pen-ego-ce4-650mah-900mah-1100mah-ego-batterie-e-zigaretten-starter-kit\/#primaryimage\",\"url\":\"https:\/\/ae01.alicdn.com\/kf\/S6719b894b9434f22906ade90e15712f9n\/Vape-pen-ego-ce4-650mah-900mah-1100mah-ego-batterie-elektronisches-zigaretten-starter-kit-1-6-ml.jpg\",\"contentUrl\":\"https:\/\/ae01.alicdn.com\/kf\/S6719b894b9434f22906ade90e15712f9n\/Vape-pen-ego-ce4-650mah-900mah-1100mah-ego-batterie-elektronisches-zigaretten-starter-kit-1-6-ml.jpg\",\"width\":800,\"height\":800},{\"@type\":\"BreadcrumbList\",\"@id\":\"https:\/\/www.elementvape.de\/produkt\/vape-pen-ego-ce4-650mah-900mah-1100mah-ego-batterie-e-zigaretten-starter-kit\/#breadcrumb\",\"itemListElement\":[{\"@type\":\"ListItem\",\"position\":1,\"name\":\"Home\",\"item\":\"https:\/\/www.elementvape.de\/\"},{\"@type\":\"ListItem\",\"position\":2,\"name\":\"Shop\",\"item\":\"https:\/\/www.elementvape.de\/shop\/\"},{\"@type\":\"ListItem\",\"position\":3,\"name\":\"Vape pen ego ce4 650mah 900mah 1100mah ego batterie E-Zigaretten starter kit\"}]},{\"@type\":\"WebSite\",\"@id\":\"https:\/\/www.elementvape.de\/#website\",\"url\":\"https:\/\/www.elementvape.de\/\",\"name\":\"ElementVape.de\",\"description\":\"\",\"publisher\":{\"@id\":\"https:\/\/www.elementvape.de\/#organization\"},\"potentialAction\":[{\"@type\":\"SearchAction\",\"target\":{\"@type\":\"EntryPoint\",\"urlTemplate\":\"https:\/\/www.elementvape.de\/?s={search_term_string}\"},\"query-input\":\"required name=search_term_string\"}],\"inLanguage\":\"lt-LT\"},{\"@type\":\"Organization\",\"@id\":\"https:\/\/www.elementvape.de\/#organization\",\"name\":\"ElementVape.DE\",\"url\":\"https:\/\/www.elementvape.de\/\",\"logo\":{\"@type\":\"ImageObject\",\"inLanguage\":\"lt-LT\",\"@id\":\"https:\/\/www.elementvape.de\/#\/schema\/logo\/image\/\",\"url\":\"https:\/\/www.elementvape.de\/wp-content\/uploads\/2024\/09\/cropped-1elementvape-3.png\",\"contentUrl\":\"https:\/\/www.elementvape.de\/wp-content\/uploads\/2024\/09\/cropped-1elementvape-3.png\",\"width\":285,\"height\":228,\"caption\":\"ElementVape.DE\"},\"image\":{\"@id\":\"https:\/\/www.elementvape.de\/#\/schema\/logo\/image\/\"}}]}<\/script>\n<!-- \/ Yoast SEO plugin. -->","yoast_head_json":{"title":"Vape pen ego ce4 650mah 900mah 1100mah ego batterie E-Zigaretten starter kit | ElementVape.de","description":"Wir bieten Vape pen ego ce4 650mah 900mah 1100mah ego batterie E-Zigaretten starter kit , Elementvape.de akzeptieren Gro\u00df-und Einzelhandel Bestellungen.","robots":{"index":"index","follow":"follow","max-snippet":"max-snippet:-1","max-image-preview":"max-image-preview:large","max-video-preview":"max-video-preview:-1"},"canonical":"https:\/\/www.elementvape.de\/lt\/produkt\/vape-pen-ego-ce4-650mah-900mah-1100mah-ego-batterie-e-zigaretten-starter-kit\/","og_locale":"lt_LT","og_type":"article","og_title":"Vape pen ego ce4 650mah 900mah 1100mah ego batterie E-Zigaretten starter kit | ElementVape.de","og_description":"Wir bieten Vape pen ego ce4 650mah 900mah 1100mah ego batterie E-Zigaretten starter kit , Elementvape.de akzeptieren Gro\u00df-und Einzelhandel Bestellungen.","og_url":"https:\/\/www.elementvape.de\/lt\/produkt\/vape-pen-ego-ce4-650mah-900mah-1100mah-ego-batterie-e-zigaretten-starter-kit\/","og_site_name":"ElementVape.de","article_modified_time":"2024-12-12T06:37:08+00:00","og_image":[{"width":800,"height":800,"url":"https:\/\/ae01.alicdn.com\/kf\/S6719b894b9434f22906ade90e15712f9n\/Vape-pen-ego-ce4-650mah-900mah-1100mah-ego-batterie-elektronisches-zigaretten-starter-kit-1-6-ml.jpg","type":"image\/jpeg"}],"twitter_card":"summary_large_image","twitter_misc":{"Est. reading time":"3 minut\u0117s"},"schema":{"@context":"https:\/\/schema.org","@graph":[{"@type":"WebPage","@id":"https:\/\/www.elementvape.de\/produkt\/vape-pen-ego-ce4-650mah-900mah-1100mah-ego-batterie-e-zigaretten-starter-kit\/","url":"https:\/\/www.elementvape.de\/produkt\/vape-pen-ego-ce4-650mah-900mah-1100mah-ego-batterie-e-zigaretten-starter-kit\/","name":"Vape pen ego ce4 650mah 900mah 1100mah ego batterie E-Zigaretten starter kit | ElementVape.de","isPartOf":{"@id":"https:\/\/www.elementvape.de\/#website"},"primaryImageOfPage":{"@id":"https:\/\/www.elementvape.de\/produkt\/vape-pen-ego-ce4-650mah-900mah-1100mah-ego-batterie-e-zigaretten-starter-kit\/#primaryimage"},"image":{"@id":"https:\/\/www.elementvape.de\/produkt\/vape-pen-ego-ce4-650mah-900mah-1100mah-ego-batterie-e-zigaretten-starter-kit\/#primaryimage"},"thumbnailUrl":"https:\/\/ae01.alicdn.com\/kf\/S6719b894b9434f22906ade90e15712f9n\/Vape-pen-ego-ce4-650mah-900mah-1100mah-ego-batterie-elektronisches-zigaretten-starter-kit-1-6-ml.jpg","datePublished":"2024-04-20T06:30:46+00:00","dateModified":"2024-12-12T06:37:08+00:00","description":"Wir bieten Vape pen ego ce4 650mah 900mah 1100mah ego batterie E-Zigaretten starter kit , Elementvape.de akzeptieren Gro\u00df-und Einzelhandel Bestellungen.","breadcrumb":{"@id":"https:\/\/www.elementvape.de\/produkt\/vape-pen-ego-ce4-650mah-900mah-1100mah-ego-batterie-e-zigaretten-starter-kit\/#breadcrumb"},"inLanguage":"lt-LT","potentialAction":[{"@type":"ReadAction","target":["https:\/\/www.elementvape.de\/produkt\/vape-pen-ego-ce4-650mah-900mah-1100mah-ego-batterie-e-zigaretten-starter-kit\/"]}]},{"@type":"ImageObject","inLanguage":"lt-LT","@id":"https:\/\/www.elementvape.de\/produkt\/vape-pen-ego-ce4-650mah-900mah-1100mah-ego-batterie-e-zigaretten-starter-kit\/#primaryimage","url":"https:\/\/ae01.alicdn.com\/kf\/S6719b894b9434f22906ade90e15712f9n\/Vape-pen-ego-ce4-650mah-900mah-1100mah-ego-batterie-elektronisches-zigaretten-starter-kit-1-6-ml.jpg","contentUrl":"https:\/\/ae01.alicdn.com\/kf\/S6719b894b9434f22906ade90e15712f9n\/Vape-pen-ego-ce4-650mah-900mah-1100mah-ego-batterie-elektronisches-zigaretten-starter-kit-1-6-ml.jpg","width":800,"height":800},{"@type":"BreadcrumbList","@id":"https:\/\/www.elementvape.de\/produkt\/vape-pen-ego-ce4-650mah-900mah-1100mah-ego-batterie-e-zigaretten-starter-kit\/#breadcrumb","itemListElement":[{"@type":"ListItem","position":1,"name":"Home","item":"https:\/\/www.elementvape.de\/"},{"@type":"ListItem","position":2,"name":"Shop","item":"https:\/\/www.elementvape.de\/shop\/"},{"@type":"ListItem","position":3,"name":"Vape pen ego ce4 650mah 900mah 1100mah ego batterie E-Zigaretten starter kit"}]},{"@type":"WebSite","@id":"https:\/\/www.elementvape.de\/#website","url":"https:\/\/www.elementvape.de\/","name":"ElementVape.de","description":"","publisher":{"@id":"https:\/\/www.elementvape.de\/#organization"},"potentialAction":[{"@type":"SearchAction","target":{"@type":"EntryPoint","urlTemplate":"https:\/\/www.elementvape.de\/?s={search_term_string}"},"query-input":"required name=search_term_string"}],"inLanguage":"lt-LT"},{"@type":"Organization","@id":"https:\/\/www.elementvape.de\/#organization","name":"ElementVape.DE","url":"https:\/\/www.elementvape.de\/","logo":{"@type":"ImageObject","inLanguage":"lt-LT","@id":"https:\/\/www.elementvape.de\/#\/schema\/logo\/image\/","url":"https:\/\/www.elementvape.de\/wp-content\/uploads\/2024\/09\/cropped-1elementvape-3.png","contentUrl":"https:\/\/www.elementvape.de\/wp-content\/uploads\/2024\/09\/cropped-1elementvape-3.png","width":285,"height":228,"caption":"ElementVape.DE"},"image":{"@id":"https:\/\/www.elementvape.de\/#\/schema\/logo\/image\/"}}]}},"_links":{"self":[{"href":"https:\/\/www.elementvape.de\/lt\/wp-json\/wp\/v2\/product\/7152"}],"collection":[{"href":"https:\/\/www.elementvape.de\/lt\/wp-json\/wp\/v2\/product"}],"about":[{"href":"https:\/\/www.elementvape.de\/lt\/wp-json\/wp\/v2\/types\/product"}],"wp:featuredmedia":[{"embeddable":true,"href":"https:\/\/www.elementvape.de\/lt\/wp-json\/wp\/v2\/media\/7153"}],"wp:attachment":[{"href":"https:\/\/www.elementvape.de\/lt\/wp-json\/wp\/v2\/media?parent=7152"}],"wp:term":[{"taxonomy":"product_cat","embeddable":true,"href":"https:\/\/www.elementvape.de\/lt\/wp-json\/wp\/v2\/product_cat?post=7152"},{"taxonomy":"product_tag","embeddable":true,"href":"https:\/\/www.elementvape.de\/lt\/wp-json\/wp\/v2\/product_tag?post=7152"}],"curies":[{"name":"wp","href":"https:\/\/api.w.org\/{rel}","templated":true}]}}