{"id":7067,"date":"2024-04-20T06:18:58","date_gmt":"2024-04-20T06:18:58","guid":{"rendered":"https:\/\/www.elementvape.de\/?post_type=product&#038;p=7067"},"modified":"2024-12-12T06:37:15","modified_gmt":"2024-12-12T06:37:15","slug":"kingtons-black-widow-trockenen-kraut-verdampfer-blk-2200mah-batterie","status":"publish","type":"product","link":"https:\/\/www.elementvape.de\/lt\/produkt\/kingtons-black-widow-trockenen-kraut-verdampfer-blk-2200mah-batterie\/","title":{"rendered":"Kingtons Black Widow saus\u0173 \u017eoleli\u0173 garintuv\u0117 BLK 2200mAh baterija"},"content":{"rendered":"<p>&nbsp;<\/p>\n<div class=\"product-specs-list-container\">\n<ul class=\"product-specs-list util-clearfix\">\n<li class=\"product-prop line-limit-length\"><span class=\"property-title\">I\u0161vaizda:\u00a0<\/span><span class=\"property-desc line-limit-length\">D\u0117\u017eut\u0117s forma<\/span><\/li>\n<li class=\"product-prop line-limit-length\"><span class=\"property-title\">Suderinama baterija:\u00a0<\/span><span class=\"property-desc line-limit-length\">N\u0117ra<\/span><\/li>\n<li class=\"product-prop line-limit-length\"><span class=\"property-title\">Steb\u0117jimo funkcija nuo r\u016bkymo skai\u010diaus:\u00a0<\/span><span class=\"property-desc line-limit-length\">Ne<\/span><\/li>\n<li class=\"product-prop line-limit-length\"><span class=\"property-title\">Silicone d\u0117klas:\u00a0<\/span><span class=\"property-desc line-limit-length\">Ne<\/span><\/li>\n<li class=\"product-prop line-limit-length\"><span class=\"property-title\">Temperat\u016bros reguliavimas:\u00a0<\/span><span class=\"property-desc line-limit-length\">Ja<\/span><\/li>\n<li class=\"product-prop line-limit-length\"><span class=\"property-title\">\u012emontuota arba i\u0161orin\u0117 baterija:\u00a0<\/span><span class=\"property-desc line-limit-length\">\u012emontuota<\/span><\/li>\n<li class=\"product-prop line-limit-length\"><span class=\"property-title\">Trump\u0173j\u0173 jung\u010di\u0173 apsaugos funkcija:\u00a0<\/span><span class=\"property-desc line-limit-length\">Ja<\/span><\/li>\n<li class=\"product-prop line-limit-length\"><span class=\"property-title\">Perkaitimo apsaugos funkcija:\u00a0<\/span><span class=\"property-desc line-limit-length\">Ja<\/span><\/li>\n<li class=\"product-prop line-limit-length\"><span class=\"property-title\">\u017dem\u0173 \u012ftampos \u012fsp\u0117jimo funkcija:\u00a0<\/span><span class=\"property-desc line-limit-length\">Ja<\/span><\/li>\n<li class=\"product-prop line-limit-length\"><span class=\"property-title\">Pur\u0161kiklio identifikavimo funkcija:\u00a0<\/span><span class=\"property-desc line-limit-length\">Ja<\/span><\/li>\n<li class=\"product-prop line-limit-length\"><span class=\"property-title\">TCR nustatymo re\u017eimai:\u00a0<\/span><span class=\"property-desc line-limit-length\">Ne<\/span><\/li>\n<li class=\"product-prop line-limit-length\"><span class=\"property-title\">Nominalus talpa:\u00a0<\/span><span class=\"property-desc line-limit-length\">N\u0117ra<\/span><\/li>\n<li class=\"product-prop line-limit-length\"><span class=\"property-title\">Med\u017eiaga:\u00a0<\/span><span class=\"property-desc line-limit-length\">Metalas<\/span><\/li>\n<li class=\"product-prop line-limit-length\"><span class=\"property-title\">Suderinamas modelis:\u00a0<\/span><span class=\"property-desc line-limit-length\">Saul\u0117s \u017eol\u0117s garintuv\u0117<\/span><\/li>\n<li class=\"product-prop line-limit-length\"><span class=\"property-title\">Modelio numeris:\u00a0<\/span><span class=\"property-desc line-limit-length\">Kingtons Juodoji na\u0161l\u0117<\/span><\/li>\n<li class=\"product-prop line-limit-length\"><span class=\"property-title\">USB \u012fkroviklis:\u00a0<\/span><span class=\"property-desc line-limit-length\">Ja<\/span><\/li>\n<li class=\"product-prop line-limit-length\"><span class=\"property-title\">Programin\u0117s \u012frangos atnaujinimas:\u00a0<\/span><span class=\"property-desc line-limit-length\">Ja<\/span><\/li>\n<li class=\"product-prop line-limit-length\"><span class=\"property-title\">Ekranas:\u00a0<\/span><span class=\"property-desc line-limit-length\">Ja<\/span><\/li>\n<li class=\"product-prop line-limit-length\"><span class=\"property-title\">Tipas:\u00a0<\/span><span class=\"property-desc line-limit-length\">Su Baterija<\/span><\/li>\n<li class=\"product-prop line-limit-length\"><span class=\"property-title\">Prek\u0117s \u017eenklas:\u00a0<\/span><span class=\"property-desc line-limit-length\">Kingtons<\/span><\/li>\n<li class=\"product-prop line-limit-length\"><span class=\"property-title\">Kilm\u0117s \u0161alis:\u00a0<\/span><span class=\"property-desc line-limit-length\">CN (Kilm\u0117)<\/span><\/li>\n<\/ul>\n<\/div>\n<div class=\"detailmodule_html\">\n<div class=\"detail-desc-decorate-richtext\">\n<div class=\"detailmodule_text\">\n<p class=\"detail-desc-decorate-title\" style=\"font-family: OpenSans; font-size: 20px; font-weight: 900; line-height: 28px; margin-bottom: 12px;\">Originalus Kingtons Juodosios na\u0161l\u0117s saus\u0173 \u017eoleli\u0173 garintuvo 2200mAh baterija Vieno mygtuko elektronin\u0117 cigaret\u0117 \u017eoleli\u0173 vape ra\u0161iklis<\/p>\n<p class=\"detail-desc-decorate-content\" style=\"font-family: OpenSans; font-size: 14px; font-weight: 300; line-height: 20px; margin-bottom: 12px;\">Juodoji na\u0161l\u0117 saus\u0173 \u017eoleli\u0173 garintuvas si\u016blo galing\u0105 ir energij\u0105 taupant\u012f keramikos \u0161ildymo element\u0105 su anoduoto aliuminio dang\u010diu, skirtu a\u0161tri\u0173 ir \u0161vari\u0173 gar\u0173 gamybai. Jis u\u017etikrina vienod\u0105 ir nuolatin\u0119 tiekim\u0105, kad pirmojo \u012fkv\u0117pimo metu nesusidaryt\u0173 tr\u016bkumas garo. Ner\u016bdijan\u010dio plieno burnos \u017enypl\u0117 yra lengvai valoma ir leid\u017eia didel\u012f skon\u012f bei malonius garus. J\u012f valdo 2200mAh li\u010dio baterija, u\u017etikrinanti ilg\u0105 vaping laik\u0105. Be to, su itin tiksliu temperat\u016bros valdymu, keliomis \u0161ilumos nustatymo galimyb\u0117mis (5 i\u0161 viso), i\u0161maniu automatinio i\u0161jungimo ir vieno mygtuko valdymo sistema, jis suteiks jums puiki\u0105 vaping patirt\u012f. Pardavimas juoda, sidabrin\u0117, auksin\u0117 spalvomis.<\/p>\n<\/div>\n<div class=\"detailmodule_text\">\n<p class=\"detail-desc-decorate-title\" style=\"font-family: OpenSans; font-size: 20px; font-weight: 900; line-height: 28px; margin-bottom: 12px;\">Specifikacija:<\/p>\n<p class=\"detail-desc-decorate-content\" style=\"font-family: OpenSans; font-size: 14px; font-weight: 300; line-height: 20px; margin-bottom: 12px;\">Dydis: 128*44*26mm<br \/>\nBaterijos talpa: 2200mAh Li\u010dio-<br \/>\nKorpusas: Anoduotas aliuminis + ner\u016bdijantis plienas<br \/>\nKamera: Keramikos \u0161ildymo sistema<br \/>\nDarbin\u0117 \u012ftampa: 3,3-4,2 V<br \/>\n\u012ekrovimo \u012f\u0117jimas: 5V, 1A<br \/>\n\u012ekrovimo laikas: 3-4 valandos<br \/>\nBud\u0117jimo laikas: 5 minut\u0117s<br \/>\nTemperat\u016bros diapazonas: 356F-428F<\/p>\n<\/div>\n<div class=\"detailmodule_text\">\n<p class=\"detail-desc-decorate-title\" style=\"font-family: OpenSans; font-size: 20px; font-weight: 900; line-height: 28px; margin-bottom: 12px;\">I\u0161samiai:<\/p>\n<p class=\"detail-desc-decorate-content\" style=\"font-family: OpenSans; font-size: 14px; font-weight: 300; line-height: 20px; margin-bottom: 12px;\">1. 2200mAh li\u010dio baterija<br \/>\n2. Kompakti\u0161kas dizainas su patogiu rankos poj\u016b\u010diu<br \/>\n3. Keramikos \u0161ildymo sistema<br \/>\n4. 30 sekund\u017ei\u0173 \u012f\u0161ilimo laikas<br \/>\n5. Super tikslus temperat\u016bros valdymas<br \/>\n6. Kelios \u0161ilumos nustatymo galimyb\u0117s (5 i\u0161 viso)<br \/>\n7. Intelektuali automatin\u0117 i\u0161jungimas<br \/>\n8. I\u0161manus temperat\u016bros saugojimas<br \/>\n9. unikalus garo au\u0161inimo kanalas<br \/>\n10. Ner\u016bdijan\u010dio plieno magnetinis burnos antgalis<br \/>\n11. Vieno mygtuko valdymo sistema<br \/>\n12. Galima \u012fsigyti juoda, sidabrin\u0117, auksin\u0117<\/p>\n<\/div>\n<div class=\"detailmodule_text\">\n<p class=\"detail-desc-decorate-title\" style=\"font-family: OpenSans; font-size: 20px; font-weight: 900; line-height: 28px; margin-bottom: 12px;\">Pakuot\u0117je yra:<\/p>\n<p class=\"detail-desc-decorate-content\" style=\"font-family: OpenSans; font-size: 14px; font-weight: 300; line-height: 20px; margin-bottom: 12px;\">1 x Juodosios na\u0161l\u0117s saus\u0173 \u017eoleli\u0173 garintuvo ra\u0161iklis<br \/>\n1 x \u0160epetys<br \/>\n1 x \u017dirkli\u0173<br \/>\n1 x Pakuot\u0117s \u012frankis<br \/>\n1 x Va\u0161ko kamera<br \/>\n2 x Ekranai<br \/>\n1 x USB \u012fkroviklis<br \/>\n1 x A\/C adapteris<\/p>\n<\/div>\n<div class=\"detailmodule_image\"><img decoding=\"async\" loading=\"lazy\" class=\"detail-desc-decorate-image\" src=\"https:\/\/ae01.alicdn.com\/kf\/H0cf6011753a1444b88ba986abd11faeaC.png\" \/><img decoding=\"async\" loading=\"lazy\" class=\"detail-desc-decorate-image\" src=\"https:\/\/ae01.alicdn.com\/kf\/H4517c5cc572340ea8cbe40a043746b8bi.png\" \/><img decoding=\"async\" loading=\"lazy\" class=\"detail-desc-decorate-image\" src=\"https:\/\/ae01.alicdn.com\/kf\/H87ab71faed7d43cab78a3373977cd374f.png\" \/><img decoding=\"async\" loading=\"lazy\" class=\"detail-desc-decorate-image\" src=\"https:\/\/ae01.alicdn.com\/kf\/H972e8e0b90da4b47a1084396c45489cc6.png\" \/><img decoding=\"async\" loading=\"lazy\" class=\"detail-desc-decorate-image\" src=\"https:\/\/ae01.alicdn.com\/kf\/H69cc697832404b08a3fe93e89aac96f1K.png\" \/><img decoding=\"async\" loading=\"lazy\" class=\"detail-desc-decorate-image\" src=\"https:\/\/ae01.alicdn.com\/kf\/H2cfe5acf105942dc9f3215fa2d961eba9.png\" \/><img decoding=\"async\" loading=\"lazy\" class=\"detail-desc-decorate-image\" src=\"https:\/\/ae01.alicdn.com\/kf\/Hd786b7fb8abf4ef5aee148c9c5ff8fc4H.png\" \/><img decoding=\"async\" loading=\"lazy\" class=\"detail-desc-decorate-image\" src=\"https:\/\/ae01.alicdn.com\/kf\/H8265f38280bc4ffeb91de6e4f83a87a4H.png\" \/><img decoding=\"async\" loading=\"lazy\" class=\"detail-desc-decorate-image\" src=\"https:\/\/ae01.alicdn.com\/kf\/Hc5cfdc1d26324766af4a53c101be1a5ad.png\" \/><img decoding=\"async\" loading=\"lazy\" class=\"detail-desc-decorate-image\" src=\"https:\/\/ae01.alicdn.com\/kf\/H563b7977fb10477d9d0af3ff1ccfe876b.png\" \/><\/div>\n<p>&nbsp;<\/p>\n<\/div>\n<\/div>","protected":false},"excerpt":{"rendered":"<p>&nbsp; Aussehen:\u00a0Box Form Kompatibler Akku:\u00a0Kein \u00dcberwachung Funktion Von Rauchen Anzahl:\u00a0Nein Silikon Fall:\u00a0Nein Temperaturregelung:\u00a0Ja Eingebaute Oder Externe Batterie:\u00a0Eingebaute Kurzschlussschutz Funktion:\u00a0Ja \u00dcberhitzungsschutz-funktion:\u00a0Ja Niederspannungsalarmfunktion:\u00a0Ja Zerst\u00e4uber Identifikation Funktion:\u00a0Ja TCR Einstellung Modi:\u00a0Nein Nominale Kapazit\u00e4t:\u00a0Kein Material:\u00a0Metall Compatible Model:\u00a0Dry Herb Vaporizer Modellnummer:\u00a0Kingtons Black Widow Usb-ladeger\u00e4t:\u00a0Ja Firmware-upgrade:\u00a0Ja Display:\u00a0Ja Art:\u00a0Mit Batterie Markenname:\u00a0Kingtons Ursprung:\u00a0CN (Herkunft) Original Kingtons Black Widow Trockenen Kraut Verdampfer 2200mAh Batterie Eine [&hellip;]<\/p>","protected":false},"featured_media":7069,"template":"","meta":{"inline_featured_image":false},"product_cat":[752,756,739,743,76,79,81],"product_tag":[],"tiered_pricing_type":"fixed","tiered_pricing_fixed_rules":[],"tiered_pricing_percentage_rules":[],"tiered_pricing_minimum":1,"_administrator_tiered_pricing_type":"fixed","_administrator_tiered_pricing_fixed_rules":[],"_editor_tiered_pricing_type":"fixed","_editor_tiered_pricing_fixed_rules":[],"_author_tiered_pricing_type":"fixed","_author_tiered_pricing_fixed_rules":[],"_contributor_tiered_pricing_type":"fixed","_contributor_tiered_pricing_fixed_rules":[],"_subscriber_tiered_pricing_type":"fixed","_subscriber_tiered_pricing_fixed_rules":[],"_customer_tiered_pricing_type":"fixed","_customer_tiered_pricing_fixed_rules":[],"_shop_manager_tiered_pricing_type":"fixed","_shop_manager_tiered_pricing_fixed_rules":[],"_wpseo_manager_tiered_pricing_type":"fixed","_wpseo_manager_tiered_pricing_fixed_rules":[],"_wpseo_editor_tiered_pricing_type":"fixed","_wpseo_editor_tiered_pricing_fixed_rules":[],"_wholesale_customer_tiered_pricing_type":"fixed","_wholesale_customer_tiered_pricing_fixed_rules":[],"_marketer_tiered_pricing_type":"fixed","_marketer_tiered_pricing_fixed_rules":[],"_sales_manager_tiered_pricing_type":"fixed","_sales_manager_tiered_pricing_fixed_rules":[],"_sales_rep_tiered_pricing_type":"fixed","_sales_rep_tiered_pricing_fixed_rules":[],"yoast_head":"<!-- This site is optimized with the Yoast SEO plugin v23.3 - https:\/\/yoast.com\/wordpress\/plugins\/seo\/ -->\n<title>Kingtons Black Widow Trockenen Kraut Verdampfer BLK 2200mAh Batterie | ElementVape.de<\/title>\n<meta name=\"description\" content=\"Wir bieten Kingtons Black Widow Trockenen Kraut Verdampfer BLK 2200mAh Batterie , Elementvape.de akzeptieren Gro\u00df-und Einzelhandel Bestellungen.\" \/>\n<meta name=\"robots\" content=\"index, follow, max-snippet:-1, max-image-preview:large, max-video-preview:-1\" \/>\n<link rel=\"canonical\" href=\"https:\/\/www.elementvape.de\/lt\/produkt\/kingtons-black-widow-trockenen-kraut-verdampfer-blk-2200mah-batterie\/\" \/>\n<meta property=\"og:locale\" content=\"lt_LT\" \/>\n<meta property=\"og:type\" content=\"article\" \/>\n<meta property=\"og:title\" content=\"Kingtons Black Widow Trockenen Kraut Verdampfer BLK 2200mAh Batterie | ElementVape.de\" \/>\n<meta property=\"og:description\" content=\"Wir bieten Kingtons Black Widow Trockenen Kraut Verdampfer BLK 2200mAh Batterie , Elementvape.de akzeptieren Gro\u00df-und Einzelhandel Bestellungen.\" \/>\n<meta property=\"og:url\" content=\"https:\/\/www.elementvape.de\/lt\/produkt\/kingtons-black-widow-trockenen-kraut-verdampfer-blk-2200mah-batterie\/\" \/>\n<meta property=\"og:site_name\" content=\"ElementVape.de\" \/>\n<meta property=\"article:modified_time\" content=\"2024-12-12T06:37:15+00:00\" \/>\n<meta property=\"og:image\" content=\"https:\/\/ae01.alicdn.com\/kf\/He383e5a5dc5343c980b936da985eee43w\/Original-Kingtons-Black-Widow-Trockenen-Kraut-Verdampfer-BLK-2200mAh-Batterie-Eine-Taste-Elektronische-Zigarette-Kr-uter.jpg\" \/>\n\t<meta property=\"og:image:width\" content=\"800\" \/>\n\t<meta property=\"og:image:height\" content=\"800\" \/>\n\t<meta property=\"og:image:type\" content=\"image\/jpeg\" \/>\n<meta name=\"twitter:card\" content=\"summary_large_image\" \/>\n<meta name=\"twitter:label1\" content=\"Est. reading time\" \/>\n\t<meta name=\"twitter:data1\" content=\"4 minut\u0117s\" \/>\n<script type=\"application\/ld+json\" class=\"yoast-schema-graph\">{\"@context\":\"https:\/\/schema.org\",\"@graph\":[{\"@type\":\"WebPage\",\"@id\":\"https:\/\/www.elementvape.de\/produkt\/kingtons-black-widow-trockenen-kraut-verdampfer-blk-2200mah-batterie\/\",\"url\":\"https:\/\/www.elementvape.de\/produkt\/kingtons-black-widow-trockenen-kraut-verdampfer-blk-2200mah-batterie\/\",\"name\":\"Kingtons Black Widow Trockenen Kraut Verdampfer BLK 2200mAh Batterie | ElementVape.de\",\"isPartOf\":{\"@id\":\"https:\/\/www.elementvape.de\/#website\"},\"primaryImageOfPage\":{\"@id\":\"https:\/\/www.elementvape.de\/produkt\/kingtons-black-widow-trockenen-kraut-verdampfer-blk-2200mah-batterie\/#primaryimage\"},\"image\":{\"@id\":\"https:\/\/www.elementvape.de\/produkt\/kingtons-black-widow-trockenen-kraut-verdampfer-blk-2200mah-batterie\/#primaryimage\"},\"thumbnailUrl\":\"https:\/\/ae01.alicdn.com\/kf\/He383e5a5dc5343c980b936da985eee43w\/Original-Kingtons-Black-Widow-Trockenen-Kraut-Verdampfer-BLK-2200mAh-Batterie-Eine-Taste-Elektronische-Zigarette-Kr-uter.jpg\",\"datePublished\":\"2024-04-20T06:18:58+00:00\",\"dateModified\":\"2024-12-12T06:37:15+00:00\",\"description\":\"Wir bieten Kingtons Black Widow Trockenen Kraut Verdampfer BLK 2200mAh Batterie , Elementvape.de akzeptieren Gro\u00df-und Einzelhandel Bestellungen.\",\"breadcrumb\":{\"@id\":\"https:\/\/www.elementvape.de\/produkt\/kingtons-black-widow-trockenen-kraut-verdampfer-blk-2200mah-batterie\/#breadcrumb\"},\"inLanguage\":\"lt-LT\",\"potentialAction\":[{\"@type\":\"ReadAction\",\"target\":[\"https:\/\/www.elementvape.de\/produkt\/kingtons-black-widow-trockenen-kraut-verdampfer-blk-2200mah-batterie\/\"]}]},{\"@type\":\"ImageObject\",\"inLanguage\":\"lt-LT\",\"@id\":\"https:\/\/www.elementvape.de\/produkt\/kingtons-black-widow-trockenen-kraut-verdampfer-blk-2200mah-batterie\/#primaryimage\",\"url\":\"https:\/\/ae01.alicdn.com\/kf\/He383e5a5dc5343c980b936da985eee43w\/Original-Kingtons-Black-Widow-Trockenen-Kraut-Verdampfer-BLK-2200mAh-Batterie-Eine-Taste-Elektronische-Zigarette-Kr-uter.jpg\",\"contentUrl\":\"https:\/\/ae01.alicdn.com\/kf\/He383e5a5dc5343c980b936da985eee43w\/Original-Kingtons-Black-Widow-Trockenen-Kraut-Verdampfer-BLK-2200mAh-Batterie-Eine-Taste-Elektronische-Zigarette-Kr-uter.jpg\",\"width\":800,\"height\":800},{\"@type\":\"BreadcrumbList\",\"@id\":\"https:\/\/www.elementvape.de\/produkt\/kingtons-black-widow-trockenen-kraut-verdampfer-blk-2200mah-batterie\/#breadcrumb\",\"itemListElement\":[{\"@type\":\"ListItem\",\"position\":1,\"name\":\"Home\",\"item\":\"https:\/\/www.elementvape.de\/\"},{\"@type\":\"ListItem\",\"position\":2,\"name\":\"Shop\",\"item\":\"https:\/\/www.elementvape.de\/shop\/\"},{\"@type\":\"ListItem\",\"position\":3,\"name\":\"Kingtons Black Widow Trockenen Kraut Verdampfer BLK 2200mAh Batterie\"}]},{\"@type\":\"WebSite\",\"@id\":\"https:\/\/www.elementvape.de\/#website\",\"url\":\"https:\/\/www.elementvape.de\/\",\"name\":\"ElementVape.de\",\"description\":\"\",\"publisher\":{\"@id\":\"https:\/\/www.elementvape.de\/#organization\"},\"potentialAction\":[{\"@type\":\"SearchAction\",\"target\":{\"@type\":\"EntryPoint\",\"urlTemplate\":\"https:\/\/www.elementvape.de\/?s={search_term_string}\"},\"query-input\":\"required name=search_term_string\"}],\"inLanguage\":\"lt-LT\"},{\"@type\":\"Organization\",\"@id\":\"https:\/\/www.elementvape.de\/#organization\",\"name\":\"ElementVape.DE\",\"url\":\"https:\/\/www.elementvape.de\/\",\"logo\":{\"@type\":\"ImageObject\",\"inLanguage\":\"lt-LT\",\"@id\":\"https:\/\/www.elementvape.de\/#\/schema\/logo\/image\/\",\"url\":\"https:\/\/www.elementvape.de\/wp-content\/uploads\/2024\/09\/cropped-1elementvape-3.png\",\"contentUrl\":\"https:\/\/www.elementvape.de\/wp-content\/uploads\/2024\/09\/cropped-1elementvape-3.png\",\"width\":285,\"height\":228,\"caption\":\"ElementVape.DE\"},\"image\":{\"@id\":\"https:\/\/www.elementvape.de\/#\/schema\/logo\/image\/\"}}]}<\/script>\n<!-- \/ Yoast SEO plugin. -->","yoast_head_json":{"title":"Kingtons Black Widow Trockenen Kraut Verdampfer BLK 2200mAh Batterie | ElementVape.de","description":"Wir bieten Kingtons Black Widow Trockenen Kraut Verdampfer BLK 2200mAh Batterie , Elementvape.de akzeptieren Gro\u00df-und Einzelhandel Bestellungen.","robots":{"index":"index","follow":"follow","max-snippet":"max-snippet:-1","max-image-preview":"max-image-preview:large","max-video-preview":"max-video-preview:-1"},"canonical":"https:\/\/www.elementvape.de\/lt\/produkt\/kingtons-black-widow-trockenen-kraut-verdampfer-blk-2200mah-batterie\/","og_locale":"lt_LT","og_type":"article","og_title":"Kingtons Black Widow Trockenen Kraut Verdampfer BLK 2200mAh Batterie | ElementVape.de","og_description":"Wir bieten Kingtons Black Widow Trockenen Kraut Verdampfer BLK 2200mAh Batterie , Elementvape.de akzeptieren Gro\u00df-und Einzelhandel Bestellungen.","og_url":"https:\/\/www.elementvape.de\/lt\/produkt\/kingtons-black-widow-trockenen-kraut-verdampfer-blk-2200mah-batterie\/","og_site_name":"ElementVape.de","article_modified_time":"2024-12-12T06:37:15+00:00","og_image":[{"width":800,"height":800,"url":"https:\/\/ae01.alicdn.com\/kf\/He383e5a5dc5343c980b936da985eee43w\/Original-Kingtons-Black-Widow-Trockenen-Kraut-Verdampfer-BLK-2200mAh-Batterie-Eine-Taste-Elektronische-Zigarette-Kr-uter.jpg","type":"image\/jpeg"}],"twitter_card":"summary_large_image","twitter_misc":{"Est. reading time":"4 minut\u0117s"},"schema":{"@context":"https:\/\/schema.org","@graph":[{"@type":"WebPage","@id":"https:\/\/www.elementvape.de\/produkt\/kingtons-black-widow-trockenen-kraut-verdampfer-blk-2200mah-batterie\/","url":"https:\/\/www.elementvape.de\/produkt\/kingtons-black-widow-trockenen-kraut-verdampfer-blk-2200mah-batterie\/","name":"Kingtons Black Widow Trockenen Kraut Verdampfer BLK 2200mAh Batterie | ElementVape.de","isPartOf":{"@id":"https:\/\/www.elementvape.de\/#website"},"primaryImageOfPage":{"@id":"https:\/\/www.elementvape.de\/produkt\/kingtons-black-widow-trockenen-kraut-verdampfer-blk-2200mah-batterie\/#primaryimage"},"image":{"@id":"https:\/\/www.elementvape.de\/produkt\/kingtons-black-widow-trockenen-kraut-verdampfer-blk-2200mah-batterie\/#primaryimage"},"thumbnailUrl":"https:\/\/ae01.alicdn.com\/kf\/He383e5a5dc5343c980b936da985eee43w\/Original-Kingtons-Black-Widow-Trockenen-Kraut-Verdampfer-BLK-2200mAh-Batterie-Eine-Taste-Elektronische-Zigarette-Kr-uter.jpg","datePublished":"2024-04-20T06:18:58+00:00","dateModified":"2024-12-12T06:37:15+00:00","description":"Wir bieten Kingtons Black Widow Trockenen Kraut Verdampfer BLK 2200mAh Batterie , Elementvape.de akzeptieren Gro\u00df-und Einzelhandel Bestellungen.","breadcrumb":{"@id":"https:\/\/www.elementvape.de\/produkt\/kingtons-black-widow-trockenen-kraut-verdampfer-blk-2200mah-batterie\/#breadcrumb"},"inLanguage":"lt-LT","potentialAction":[{"@type":"ReadAction","target":["https:\/\/www.elementvape.de\/produkt\/kingtons-black-widow-trockenen-kraut-verdampfer-blk-2200mah-batterie\/"]}]},{"@type":"ImageObject","inLanguage":"lt-LT","@id":"https:\/\/www.elementvape.de\/produkt\/kingtons-black-widow-trockenen-kraut-verdampfer-blk-2200mah-batterie\/#primaryimage","url":"https:\/\/ae01.alicdn.com\/kf\/He383e5a5dc5343c980b936da985eee43w\/Original-Kingtons-Black-Widow-Trockenen-Kraut-Verdampfer-BLK-2200mAh-Batterie-Eine-Taste-Elektronische-Zigarette-Kr-uter.jpg","contentUrl":"https:\/\/ae01.alicdn.com\/kf\/He383e5a5dc5343c980b936da985eee43w\/Original-Kingtons-Black-Widow-Trockenen-Kraut-Verdampfer-BLK-2200mAh-Batterie-Eine-Taste-Elektronische-Zigarette-Kr-uter.jpg","width":800,"height":800},{"@type":"BreadcrumbList","@id":"https:\/\/www.elementvape.de\/produkt\/kingtons-black-widow-trockenen-kraut-verdampfer-blk-2200mah-batterie\/#breadcrumb","itemListElement":[{"@type":"ListItem","position":1,"name":"Home","item":"https:\/\/www.elementvape.de\/"},{"@type":"ListItem","position":2,"name":"Shop","item":"https:\/\/www.elementvape.de\/shop\/"},{"@type":"ListItem","position":3,"name":"Kingtons Black Widow Trockenen Kraut Verdampfer BLK 2200mAh Batterie"}]},{"@type":"WebSite","@id":"https:\/\/www.elementvape.de\/#website","url":"https:\/\/www.elementvape.de\/","name":"ElementVape.de","description":"","publisher":{"@id":"https:\/\/www.elementvape.de\/#organization"},"potentialAction":[{"@type":"SearchAction","target":{"@type":"EntryPoint","urlTemplate":"https:\/\/www.elementvape.de\/?s={search_term_string}"},"query-input":"required name=search_term_string"}],"inLanguage":"lt-LT"},{"@type":"Organization","@id":"https:\/\/www.elementvape.de\/#organization","name":"ElementVape.DE","url":"https:\/\/www.elementvape.de\/","logo":{"@type":"ImageObject","inLanguage":"lt-LT","@id":"https:\/\/www.elementvape.de\/#\/schema\/logo\/image\/","url":"https:\/\/www.elementvape.de\/wp-content\/uploads\/2024\/09\/cropped-1elementvape-3.png","contentUrl":"https:\/\/www.elementvape.de\/wp-content\/uploads\/2024\/09\/cropped-1elementvape-3.png","width":285,"height":228,"caption":"ElementVape.DE"},"image":{"@id":"https:\/\/www.elementvape.de\/#\/schema\/logo\/image\/"}}]}},"_links":{"self":[{"href":"https:\/\/www.elementvape.de\/lt\/wp-json\/wp\/v2\/product\/7067"}],"collection":[{"href":"https:\/\/www.elementvape.de\/lt\/wp-json\/wp\/v2\/product"}],"about":[{"href":"https:\/\/www.elementvape.de\/lt\/wp-json\/wp\/v2\/types\/product"}],"wp:featuredmedia":[{"embeddable":true,"href":"https:\/\/www.elementvape.de\/lt\/wp-json\/wp\/v2\/media\/7069"}],"wp:attachment":[{"href":"https:\/\/www.elementvape.de\/lt\/wp-json\/wp\/v2\/media?parent=7067"}],"wp:term":[{"taxonomy":"product_cat","embeddable":true,"href":"https:\/\/www.elementvape.de\/lt\/wp-json\/wp\/v2\/product_cat?post=7067"},{"taxonomy":"product_tag","embeddable":true,"href":"https:\/\/www.elementvape.de\/lt\/wp-json\/wp\/v2\/product_tag?post=7067"}],"curies":[{"name":"wp","href":"https:\/\/api.w.org\/{rel}","templated":true}]}}