{"id":7052,"date":"2024-04-20T06:16:22","date_gmt":"2024-04-20T06:16:22","guid":{"rendered":"https:\/\/www.elementvape.de\/?post_type=product&#038;p=7052"},"modified":"2024-12-12T06:37:17","modified_gmt":"2024-12-12T06:37:17","slug":"yocan-evolve-plus-kit-1100mah-batterie-e-zigarette","status":"publish","type":"product","link":"https:\/\/www.elementvape.de\/lt\/produkt\/yocan-evolve-plus-kit-1100mah-batterie-e-zigarette\/","title":{"rendered":"Yocan Evolve Plus Komplektas 1100mAh baterija E-R\u016bkykl\u0117"},"content":{"rendered":"<p>&nbsp;<\/p>\n<div class=\"product-specs-list-container\">\n<ul class=\"product-specs-list util-clearfix\">\n<li class=\"product-prop line-limit-length\"><span class=\"property-title\">I\u0161vaizda:\u00a0<\/span><span class=\"property-desc line-limit-length\">Cilindro formos<\/span><\/li>\n<li class=\"product-prop line-limit-length\"><span class=\"property-title\">Suderinama baterija:\u00a0<\/span><span class=\"property-desc line-limit-length\">N\u0117ra<\/span><\/li>\n<li class=\"product-prop line-limit-length\"><span class=\"property-title\">Steb\u0117jimo funkcija nuo r\u016bkymo skai\u010diaus:\u00a0<\/span><span class=\"property-desc line-limit-length\">Ne<\/span><\/li>\n<li class=\"product-prop line-limit-length\"><span class=\"property-title\">Silicone d\u0117klas:\u00a0<\/span><span class=\"property-desc line-limit-length\">Ne<\/span><\/li>\n<li class=\"product-prop line-limit-length\"><span class=\"property-title\">Temperat\u016bros reguliavimas:\u00a0<\/span><span class=\"property-desc line-limit-length\">Ne<\/span><\/li>\n<li class=\"product-prop line-limit-length\"><span class=\"property-title\">\u012emontuota arba i\u0161orin\u0117 baterija:\u00a0<\/span><span class=\"property-desc line-limit-length\">\u012emontuota<\/span><\/li>\n<li class=\"product-prop line-limit-length\"><span class=\"property-title\">Trump\u0173j\u0173 jung\u010di\u0173 apsaugos funkcija:\u00a0<\/span><span class=\"property-desc line-limit-length\">Ja<\/span><\/li>\n<li class=\"product-prop line-limit-length\"><span class=\"property-title\">Perkaitimo apsaugos funkcija:\u00a0<\/span><span class=\"property-desc line-limit-length\">Ja<\/span><\/li>\n<li class=\"product-prop line-limit-length\"><span class=\"property-title\">\u017dem\u0173 \u012ftampos \u012fsp\u0117jimo funkcija:\u00a0<\/span><span class=\"property-desc line-limit-length\">Ja<\/span><\/li>\n<li class=\"product-prop line-limit-length\"><span class=\"property-title\">Pur\u0161kiklio identifikavimo funkcija:\u00a0<\/span><span class=\"property-desc line-limit-length\">Ja<\/span><\/li>\n<li class=\"product-prop line-limit-length\"><span class=\"property-title\">TCR nustatymo re\u017eimai:\u00a0<\/span><span class=\"property-desc line-limit-length\">Ne<\/span><\/li>\n<li class=\"product-prop line-limit-length\"><span class=\"property-title\">Nominalus talpa:\u00a0<\/span><span class=\"property-desc line-limit-length\">Temperat\u016bros reguliavimas: Ne<\/span><\/li>\n<li class=\"product-prop line-limit-length\"><span class=\"property-title\">Med\u017eiaga:\u00a0<\/span><span class=\"property-desc line-limit-length\">Metalas<\/span><\/li>\n<li class=\"product-prop line-limit-length\"><span class=\"property-title\">Suderinamas modelis:\u00a0<\/span><span class=\"property-desc line-limit-length\">Elektronin\u0117 Cigaret\u0117 Vape<\/span><\/li>\n<li class=\"product-prop line-limit-length\"><span class=\"property-title\">Modelio numeris:\u00a0<\/span><span class=\"property-desc line-limit-length\">Yocan Evolve Plus Rinkinys<\/span><\/li>\n<li class=\"product-prop line-limit-length\"><span class=\"property-title\">USB \u012fkroviklis:\u00a0<\/span><span class=\"property-desc line-limit-length\">Ja<\/span><\/li>\n<li class=\"product-prop line-limit-length\"><span class=\"property-title\">Programin\u0117s \u012frangos atnaujinimas:\u00a0<\/span><span class=\"property-desc line-limit-length\">Ne<\/span><\/li>\n<li class=\"product-prop line-limit-length\"><span class=\"property-title\">Ekranas:\u00a0<\/span><span class=\"property-desc line-limit-length\">Ne<\/span><\/li>\n<li class=\"product-prop line-limit-length\"><span class=\"property-title\">Tipas:\u00a0<\/span><span class=\"property-desc line-limit-length\">Su Baterija<\/span><\/li>\n<li class=\"product-prop line-limit-length\"><span class=\"property-title\">Prek\u0117s \u017eenklas:\u00a0<\/span><span class=\"property-desc line-limit-length\">YOCAN<\/span><\/li>\n<li class=\"product-prop line-limit-length\"><span class=\"property-title\">Kilm\u0117s \u0161alis:\u00a0<\/span><span class=\"property-desc line-limit-length\">CN (Kilm\u0117)<\/span><\/li>\n<li class=\"product-prop line-limit-length\"><span class=\"property-title\">Yocan Evolve Plus Dydis:\u00a0<\/span><span class=\"property-desc line-limit-length\">120 x 19mm<\/span><\/li>\n<li class=\"product-prop line-limit-length\"><span class=\"property-title\">Vamzdelio tipas:\u00a0<\/span><span class=\"property-desc line-limit-length\">Kvarcinis dvigubas vamzdelis<\/span><\/li>\n<li class=\"product-prop line-limit-length\"><span class=\"property-title\">Spalva:\u00a0<\/span><span class=\"property-desc line-limit-length\">Juoda, M\u0117lyna, Oran\u017ein\u0117, Violetin\u0117, Raudona ir Sidabrin\u0117<\/span><\/li>\n<\/ul>\n<\/div>\n<div class=\"detailmodule_html\">\n<div class=\"detail-desc-decorate-richtext\">\n<div class=\"detailmodule_dynamic\"><\/div>\n<div class=\"detailmodule_text\">\n<p id=\"tl_1\" class=\"detail-desc-decorate-title\" style=\"font-family: OpenSans; font-size: 20px; font-weight: 900; line-height: 28px; margin-bottom: 12px;\">Yocan Evolve Plus Rinkinys Vape i\u0161kroviklis 1100 Versija Va\u0161ko Vape Pie\u0161tukas su Akmeniniu Dvigubu Vamzdeliu elektronin\u0117 cigaret\u0117<\/p>\n<\/div>\n<div class=\"detailmodule_text\">\n<p id=\"tl_2\" class=\"detail-desc-decorate-title\" style=\"font-family: OpenSans; font-size: 20px; font-weight: 900; line-height: 28px; margin-bottom: 12px;\">Apra\u0161ymas:<\/p>\n<p id=\"tl_3\" class=\"detail-desc-decorate-content\" style=\"font-family: OpenSans; font-size: 14px; font-weight: 300; line-height: 20px; margin-bottom: 12px;\">Developen plus Vape i\u0161kroviklis i\u0161 Yocan turi 1100mah talp\u0105, jis yra galingas ir ilgaam\u017eis. Taip pat jis turi \u012fmontuot\u0105 silikonin\u012f stikl\u0105, kuris paver\u010dia j\u012f daugiafunkciniu ir kelioniniu Vape Pie\u0161tuku. Rinkinys labai lengvai \u012fkraunamas per Micro-USB jungt\u012f. Purk\u0161tuvas ne tik suderinamas su kvarco rit\u0117mis, bet ir palaiko keramikines \u017eiedines rit\u0117s. 0,8 Ohm keramin\u0117 \u017eiedin\u0117 rit\u0117 greitai \u012f\u0161yla ir suteikia jums skani\u0173 ir dideli\u0173 gar\u0173. Funkcin\u0117 rit\u0117s gaubtelis daro atomizatori\u0173 saugesn\u012f.<\/p>\n<\/div>\n<div class=\"detailmodule_text\">\n<p id=\"tl_4\" class=\"detail-desc-decorate-title\" style=\"font-family: OpenSans; font-size: 20px; font-weight: 900; line-height: 28px; margin-bottom: 12px;\">Parametrai:<\/p>\n<p id=\"tl_5\" class=\"detail-desc-decorate-content\" style=\"font-family: OpenSans; font-size: 14px; font-weight: 300; line-height: 20px; margin-bottom: 12px;\">Prek\u0117s \u017eenklas: yocan<br \/>\nDydis: 120x19mm<br \/>\nMed\u017eiaga: Metalas su kvarco rit\u0117mis<br \/>\nBaterijos talpa: \u012fmontuota 1100mah<br \/>\n\u012ekrovimas: micro usb jungtis<br \/>\nSriegis: Standartinis 510 sriegis<\/p>\n<\/div>\n<div class=\"detailmodule_text\">\n<p id=\"tl_6\" class=\"detail-desc-decorate-title\" style=\"font-family: OpenSans; font-size: 20px; font-weight: 900; line-height: 28px; margin-bottom: 12px;\">I\u0161samiai:<\/p>\n<p id=\"tl_7\" class=\"detail-desc-decorate-content\" style=\"font-family: OpenSans; font-size: 14px; font-weight: 300; line-height: 20px; margin-bottom: 12px;\">1. \u012fmontuotas silikoninis stiklas diskreti\u0161kai saugojimui<br \/>\n2. Vamzdelio gaubtelis, kad b\u016bt\u0173 i\u0161vengta va\u0161ko i\u0161siliejimo<br \/>\n3. momentinis \u012f\u0161ilimo laikas<br \/>\n4. dvigubos kvarco rit\u0117s technologija<br \/>\n5. ilgaam\u017e\u0117 1100mah baterija<br \/>\n6. prieinama 6 spalv\u0173: juoda, m\u0117lyna, oran\u017ein\u0117, violetin\u0117, raudona ir sidabrin\u0117<\/p>\n<\/div>\n<div class=\"detailmodule_text\">\n<p id=\"tl_8\" class=\"detail-desc-decorate-title\" style=\"font-family: OpenSans; font-size: 20px; font-weight: 900; line-height: 28px; margin-bottom: 12px;\">Pakuot\u0117:<\/p>\n<p id=\"tl_9\" class=\"detail-desc-decorate-content\" style=\"font-family: OpenSans; font-size: 14px; font-weight: 300; line-height: 20px; margin-bottom: 12px;\">1 x pl\u0117tros rinkinys su purk\u0161tuvu (kvarco dviguba rit\u0117 i\u0161 anksto \u012fmontuota)<br \/>\n1 x pl\u0117tros rinkinys su baterija<br \/>\n1 x papildoma kvarco dviguba rit\u0117<br \/>\n1 x USB laidas<br \/>\n1 x va\u0161ko \u012frankis<\/p>\n<\/div>\n<div class=\"detailmodule_image\"><img decoding=\"async\" loading=\"lazy\" class=\"detail-desc-decorate-image\" src=\"https:\/\/ae01.alicdn.com\/kf\/H217065447cd548ee8a7b10537cace3dbF.jpg\" \/><br \/>\n<img decoding=\"async\" loading=\"lazy\" class=\"detail-desc-decorate-image\" src=\"https:\/\/ae01.alicdn.com\/kf\/H33cf653579234a629cb7600060ee2cc76.jpg\" \/><\/div>\n<p>&nbsp;<\/p>\n<\/div>\n<\/div>","protected":false},"excerpt":{"rendered":"<p>&nbsp; Aussehen:\u00a0Zylindrische Form Kompatibler Akku:\u00a0Kein \u00dcberwachung Funktion Von Rauchen Anzahl:\u00a0Nein Silikon Fall:\u00a0Nein Temperaturregelung:\u00a0Nein Eingebaute Oder Externe Batterie:\u00a0Eingebaute Kurzschlussschutz Funktion:\u00a0Ja \u00dcberhitzungsschutz-funktion:\u00a0Ja Niederspannungsalarmfunktion:\u00a0Ja Zerst\u00e4uber Identifikation Funktion:\u00a0Ja TCR Einstellung Modi:\u00a0Nein Nominale Kapazit\u00e4t:\u00a01100mAh Material:\u00a0Metall Compatible Model:\u00a0Electronic Cigarette Vape Modellnummer:\u00a0Yocan Evolve Plus Kit Usb-ladeger\u00e4t:\u00a0Ja Firmware-upgrade:\u00a0Nein Display:\u00a0Nein Art:\u00a0Mit Batterie Markenname:\u00a0YOCAN Ursprung:\u00a0CN (Herkunft) Yocan Evolve Plus Size:\u00a0120 x 19mm Coil type:\u00a0Quartz Dual [&hellip;]<\/p>","protected":false},"featured_media":7053,"template":"","meta":{"inline_featured_image":false},"product_cat":[752,756,739,743,76,79,81],"product_tag":[],"tiered_pricing_type":"fixed","tiered_pricing_fixed_rules":[],"tiered_pricing_percentage_rules":[],"tiered_pricing_minimum":1,"_administrator_tiered_pricing_type":"fixed","_administrator_tiered_pricing_fixed_rules":[],"_editor_tiered_pricing_type":"fixed","_editor_tiered_pricing_fixed_rules":[],"_author_tiered_pricing_type":"fixed","_author_tiered_pricing_fixed_rules":[],"_contributor_tiered_pricing_type":"fixed","_contributor_tiered_pricing_fixed_rules":[],"_subscriber_tiered_pricing_type":"fixed","_subscriber_tiered_pricing_fixed_rules":[],"_customer_tiered_pricing_type":"fixed","_customer_tiered_pricing_fixed_rules":[],"_shop_manager_tiered_pricing_type":"fixed","_shop_manager_tiered_pricing_fixed_rules":[],"_wpseo_manager_tiered_pricing_type":"fixed","_wpseo_manager_tiered_pricing_fixed_rules":[],"_wpseo_editor_tiered_pricing_type":"fixed","_wpseo_editor_tiered_pricing_fixed_rules":[],"_wholesale_customer_tiered_pricing_type":"fixed","_wholesale_customer_tiered_pricing_fixed_rules":[],"_marketer_tiered_pricing_type":"fixed","_marketer_tiered_pricing_fixed_rules":[],"_sales_manager_tiered_pricing_type":"fixed","_sales_manager_tiered_pricing_fixed_rules":[],"_sales_rep_tiered_pricing_type":"fixed","_sales_rep_tiered_pricing_fixed_rules":[],"yoast_head":"<!-- This site is optimized with the Yoast SEO plugin v23.3 - https:\/\/yoast.com\/wordpress\/plugins\/seo\/ -->\n<title>Yocan Evolve Plus Kit 1100mAh batterie E-Zigarette | ElementVape.de<\/title>\n<meta name=\"description\" content=\"Wir bieten Yocan Evolve Plus Kit 1100mAh batterie E-Zigarette , Elementvape.de akzeptieren Gro\u00df-und Einzelhandel Bestellungen.\" \/>\n<meta name=\"robots\" content=\"index, follow, max-snippet:-1, max-image-preview:large, max-video-preview:-1\" \/>\n<link rel=\"canonical\" href=\"https:\/\/www.elementvape.de\/lt\/produkt\/yocan-evolve-plus-kit-1100mah-batterie-e-zigarette\/\" \/>\n<meta property=\"og:locale\" content=\"lt_LT\" \/>\n<meta property=\"og:type\" content=\"article\" \/>\n<meta property=\"og:title\" content=\"Yocan Evolve Plus Kit 1100mAh batterie E-Zigarette | ElementVape.de\" \/>\n<meta property=\"og:description\" content=\"Wir bieten Yocan Evolve Plus Kit 1100mAh batterie E-Zigarette , Elementvape.de akzeptieren Gro\u00df-und Einzelhandel Bestellungen.\" \/>\n<meta property=\"og:url\" content=\"https:\/\/www.elementvape.de\/lt\/produkt\/yocan-evolve-plus-kit-1100mah-batterie-e-zigarette\/\" \/>\n<meta property=\"og:site_name\" content=\"ElementVape.de\" \/>\n<meta property=\"article:modified_time\" content=\"2024-12-12T06:37:17+00:00\" \/>\n<meta property=\"og:image\" content=\"https:\/\/ae01.alicdn.com\/kf\/H2706b8ab857e42c9a29ec89713825457u\/Yocan-Evolve-Plus-Kit-Verdampfer-2020-Version-Wachs-Vape-Stift-1100mAh-batterie-mit-Quarz-Dual-Coil.jpg\" \/>\n\t<meta property=\"og:image:width\" content=\"800\" \/>\n\t<meta property=\"og:image:height\" content=\"800\" \/>\n\t<meta property=\"og:image:type\" content=\"image\/jpeg\" \/>\n<meta name=\"twitter:card\" content=\"summary_large_image\" \/>\n<meta name=\"twitter:label1\" content=\"Est. reading time\" \/>\n\t<meta name=\"twitter:data1\" content=\"3 minut\u0117s\" \/>\n<script type=\"application\/ld+json\" class=\"yoast-schema-graph\">{\"@context\":\"https:\/\/schema.org\",\"@graph\":[{\"@type\":\"WebPage\",\"@id\":\"https:\/\/www.elementvape.de\/produkt\/yocan-evolve-plus-kit-1100mah-batterie-e-zigarette\/\",\"url\":\"https:\/\/www.elementvape.de\/produkt\/yocan-evolve-plus-kit-1100mah-batterie-e-zigarette\/\",\"name\":\"Yocan Evolve Plus Kit 1100mAh batterie E-Zigarette | ElementVape.de\",\"isPartOf\":{\"@id\":\"https:\/\/www.elementvape.de\/#website\"},\"primaryImageOfPage\":{\"@id\":\"https:\/\/www.elementvape.de\/produkt\/yocan-evolve-plus-kit-1100mah-batterie-e-zigarette\/#primaryimage\"},\"image\":{\"@id\":\"https:\/\/www.elementvape.de\/produkt\/yocan-evolve-plus-kit-1100mah-batterie-e-zigarette\/#primaryimage\"},\"thumbnailUrl\":\"https:\/\/ae01.alicdn.com\/kf\/H2706b8ab857e42c9a29ec89713825457u\/Yocan-Evolve-Plus-Kit-Verdampfer-2020-Version-Wachs-Vape-Stift-1100mAh-batterie-mit-Quarz-Dual-Coil.jpg\",\"datePublished\":\"2024-04-20T06:16:22+00:00\",\"dateModified\":\"2024-12-12T06:37:17+00:00\",\"description\":\"Wir bieten Yocan Evolve Plus Kit 1100mAh batterie E-Zigarette , Elementvape.de akzeptieren Gro\u00df-und Einzelhandel Bestellungen.\",\"breadcrumb\":{\"@id\":\"https:\/\/www.elementvape.de\/produkt\/yocan-evolve-plus-kit-1100mah-batterie-e-zigarette\/#breadcrumb\"},\"inLanguage\":\"lt-LT\",\"potentialAction\":[{\"@type\":\"ReadAction\",\"target\":[\"https:\/\/www.elementvape.de\/produkt\/yocan-evolve-plus-kit-1100mah-batterie-e-zigarette\/\"]}]},{\"@type\":\"ImageObject\",\"inLanguage\":\"lt-LT\",\"@id\":\"https:\/\/www.elementvape.de\/produkt\/yocan-evolve-plus-kit-1100mah-batterie-e-zigarette\/#primaryimage\",\"url\":\"https:\/\/ae01.alicdn.com\/kf\/H2706b8ab857e42c9a29ec89713825457u\/Yocan-Evolve-Plus-Kit-Verdampfer-2020-Version-Wachs-Vape-Stift-1100mAh-batterie-mit-Quarz-Dual-Coil.jpg\",\"contentUrl\":\"https:\/\/ae01.alicdn.com\/kf\/H2706b8ab857e42c9a29ec89713825457u\/Yocan-Evolve-Plus-Kit-Verdampfer-2020-Version-Wachs-Vape-Stift-1100mAh-batterie-mit-Quarz-Dual-Coil.jpg\",\"width\":800,\"height\":800},{\"@type\":\"BreadcrumbList\",\"@id\":\"https:\/\/www.elementvape.de\/produkt\/yocan-evolve-plus-kit-1100mah-batterie-e-zigarette\/#breadcrumb\",\"itemListElement\":[{\"@type\":\"ListItem\",\"position\":1,\"name\":\"Home\",\"item\":\"https:\/\/www.elementvape.de\/\"},{\"@type\":\"ListItem\",\"position\":2,\"name\":\"Shop\",\"item\":\"https:\/\/www.elementvape.de\/shop\/\"},{\"@type\":\"ListItem\",\"position\":3,\"name\":\"Yocan Evolve Plus Kit 1100mAh batterie E-Zigarette\"}]},{\"@type\":\"WebSite\",\"@id\":\"https:\/\/www.elementvape.de\/#website\",\"url\":\"https:\/\/www.elementvape.de\/\",\"name\":\"ElementVape.de\",\"description\":\"\",\"publisher\":{\"@id\":\"https:\/\/www.elementvape.de\/#organization\"},\"potentialAction\":[{\"@type\":\"SearchAction\",\"target\":{\"@type\":\"EntryPoint\",\"urlTemplate\":\"https:\/\/www.elementvape.de\/?s={search_term_string}\"},\"query-input\":\"required name=search_term_string\"}],\"inLanguage\":\"lt-LT\"},{\"@type\":\"Organization\",\"@id\":\"https:\/\/www.elementvape.de\/#organization\",\"name\":\"ElementVape.DE\",\"url\":\"https:\/\/www.elementvape.de\/\",\"logo\":{\"@type\":\"ImageObject\",\"inLanguage\":\"lt-LT\",\"@id\":\"https:\/\/www.elementvape.de\/#\/schema\/logo\/image\/\",\"url\":\"https:\/\/www.elementvape.de\/wp-content\/uploads\/2024\/09\/cropped-1elementvape-3.png\",\"contentUrl\":\"https:\/\/www.elementvape.de\/wp-content\/uploads\/2024\/09\/cropped-1elementvape-3.png\",\"width\":285,\"height\":228,\"caption\":\"ElementVape.DE\"},\"image\":{\"@id\":\"https:\/\/www.elementvape.de\/#\/schema\/logo\/image\/\"}}]}<\/script>\n<!-- \/ Yoast SEO plugin. -->","yoast_head_json":{"title":"Yocan Evolve Plus Kit 1100mAh batterie E-Zigarette | ElementVape.de","description":"Wir bieten Yocan Evolve Plus Kit 1100mAh batterie E-Zigarette , Elementvape.de akzeptieren Gro\u00df-und Einzelhandel Bestellungen.","robots":{"index":"index","follow":"follow","max-snippet":"max-snippet:-1","max-image-preview":"max-image-preview:large","max-video-preview":"max-video-preview:-1"},"canonical":"https:\/\/www.elementvape.de\/lt\/produkt\/yocan-evolve-plus-kit-1100mah-batterie-e-zigarette\/","og_locale":"lt_LT","og_type":"article","og_title":"Yocan Evolve Plus Kit 1100mAh batterie E-Zigarette | ElementVape.de","og_description":"Wir bieten Yocan Evolve Plus Kit 1100mAh batterie E-Zigarette , Elementvape.de akzeptieren Gro\u00df-und Einzelhandel Bestellungen.","og_url":"https:\/\/www.elementvape.de\/lt\/produkt\/yocan-evolve-plus-kit-1100mah-batterie-e-zigarette\/","og_site_name":"ElementVape.de","article_modified_time":"2024-12-12T06:37:17+00:00","og_image":[{"width":800,"height":800,"url":"https:\/\/ae01.alicdn.com\/kf\/H2706b8ab857e42c9a29ec89713825457u\/Yocan-Evolve-Plus-Kit-Verdampfer-2020-Version-Wachs-Vape-Stift-1100mAh-batterie-mit-Quarz-Dual-Coil.jpg","type":"image\/jpeg"}],"twitter_card":"summary_large_image","twitter_misc":{"Est. reading time":"3 minut\u0117s"},"schema":{"@context":"https:\/\/schema.org","@graph":[{"@type":"WebPage","@id":"https:\/\/www.elementvape.de\/produkt\/yocan-evolve-plus-kit-1100mah-batterie-e-zigarette\/","url":"https:\/\/www.elementvape.de\/produkt\/yocan-evolve-plus-kit-1100mah-batterie-e-zigarette\/","name":"Yocan Evolve Plus Kit 1100mAh batterie E-Zigarette | ElementVape.de","isPartOf":{"@id":"https:\/\/www.elementvape.de\/#website"},"primaryImageOfPage":{"@id":"https:\/\/www.elementvape.de\/produkt\/yocan-evolve-plus-kit-1100mah-batterie-e-zigarette\/#primaryimage"},"image":{"@id":"https:\/\/www.elementvape.de\/produkt\/yocan-evolve-plus-kit-1100mah-batterie-e-zigarette\/#primaryimage"},"thumbnailUrl":"https:\/\/ae01.alicdn.com\/kf\/H2706b8ab857e42c9a29ec89713825457u\/Yocan-Evolve-Plus-Kit-Verdampfer-2020-Version-Wachs-Vape-Stift-1100mAh-batterie-mit-Quarz-Dual-Coil.jpg","datePublished":"2024-04-20T06:16:22+00:00","dateModified":"2024-12-12T06:37:17+00:00","description":"Wir bieten Yocan Evolve Plus Kit 1100mAh batterie E-Zigarette , Elementvape.de akzeptieren Gro\u00df-und Einzelhandel Bestellungen.","breadcrumb":{"@id":"https:\/\/www.elementvape.de\/produkt\/yocan-evolve-plus-kit-1100mah-batterie-e-zigarette\/#breadcrumb"},"inLanguage":"lt-LT","potentialAction":[{"@type":"ReadAction","target":["https:\/\/www.elementvape.de\/produkt\/yocan-evolve-plus-kit-1100mah-batterie-e-zigarette\/"]}]},{"@type":"ImageObject","inLanguage":"lt-LT","@id":"https:\/\/www.elementvape.de\/produkt\/yocan-evolve-plus-kit-1100mah-batterie-e-zigarette\/#primaryimage","url":"https:\/\/ae01.alicdn.com\/kf\/H2706b8ab857e42c9a29ec89713825457u\/Yocan-Evolve-Plus-Kit-Verdampfer-2020-Version-Wachs-Vape-Stift-1100mAh-batterie-mit-Quarz-Dual-Coil.jpg","contentUrl":"https:\/\/ae01.alicdn.com\/kf\/H2706b8ab857e42c9a29ec89713825457u\/Yocan-Evolve-Plus-Kit-Verdampfer-2020-Version-Wachs-Vape-Stift-1100mAh-batterie-mit-Quarz-Dual-Coil.jpg","width":800,"height":800},{"@type":"BreadcrumbList","@id":"https:\/\/www.elementvape.de\/produkt\/yocan-evolve-plus-kit-1100mah-batterie-e-zigarette\/#breadcrumb","itemListElement":[{"@type":"ListItem","position":1,"name":"Home","item":"https:\/\/www.elementvape.de\/"},{"@type":"ListItem","position":2,"name":"Shop","item":"https:\/\/www.elementvape.de\/shop\/"},{"@type":"ListItem","position":3,"name":"Yocan Evolve Plus Kit 1100mAh batterie E-Zigarette"}]},{"@type":"WebSite","@id":"https:\/\/www.elementvape.de\/#website","url":"https:\/\/www.elementvape.de\/","name":"ElementVape.de","description":"","publisher":{"@id":"https:\/\/www.elementvape.de\/#organization"},"potentialAction":[{"@type":"SearchAction","target":{"@type":"EntryPoint","urlTemplate":"https:\/\/www.elementvape.de\/?s={search_term_string}"},"query-input":"required name=search_term_string"}],"inLanguage":"lt-LT"},{"@type":"Organization","@id":"https:\/\/www.elementvape.de\/#organization","name":"ElementVape.DE","url":"https:\/\/www.elementvape.de\/","logo":{"@type":"ImageObject","inLanguage":"lt-LT","@id":"https:\/\/www.elementvape.de\/#\/schema\/logo\/image\/","url":"https:\/\/www.elementvape.de\/wp-content\/uploads\/2024\/09\/cropped-1elementvape-3.png","contentUrl":"https:\/\/www.elementvape.de\/wp-content\/uploads\/2024\/09\/cropped-1elementvape-3.png","width":285,"height":228,"caption":"ElementVape.DE"},"image":{"@id":"https:\/\/www.elementvape.de\/#\/schema\/logo\/image\/"}}]}},"_links":{"self":[{"href":"https:\/\/www.elementvape.de\/lt\/wp-json\/wp\/v2\/product\/7052"}],"collection":[{"href":"https:\/\/www.elementvape.de\/lt\/wp-json\/wp\/v2\/product"}],"about":[{"href":"https:\/\/www.elementvape.de\/lt\/wp-json\/wp\/v2\/types\/product"}],"wp:featuredmedia":[{"embeddable":true,"href":"https:\/\/www.elementvape.de\/lt\/wp-json\/wp\/v2\/media\/7053"}],"wp:attachment":[{"href":"https:\/\/www.elementvape.de\/lt\/wp-json\/wp\/v2\/media?parent=7052"}],"wp:term":[{"taxonomy":"product_cat","embeddable":true,"href":"https:\/\/www.elementvape.de\/lt\/wp-json\/wp\/v2\/product_cat?post=7052"},{"taxonomy":"product_tag","embeddable":true,"href":"https:\/\/www.elementvape.de\/lt\/wp-json\/wp\/v2\/product_tag?post=7052"}],"curies":[{"name":"wp","href":"https:\/\/api.w.org\/{rel}","templated":true}]}}