{"id":6994,"date":"2024-04-20T05:56:35","date_gmt":"2024-04-20T05:56:35","guid":{"rendered":"https:\/\/www.elementvape.de\/?post_type=product&#038;p=6994"},"modified":"2024-12-12T06:37:21","modified_gmt":"2024-12-12T06:37:21","slug":"uwell-caliburn-gz2-pod-kit-2ml-caliburn-g2-patrone-e-zigarette","status":"publish","type":"product","link":"https:\/\/www.elementvape.de\/lt\/produkt\/uwell-caliburn-gz2-pod-kit-2ml-caliburn-g2-patrone-e-zigarette\/","title":{"rendered":"uwell caliburn gz2 pod rinkinys 2ml caliburn g2 patrone elektronin\u0117 cigaret\u0117"},"content":{"rendered":"<p>&nbsp;<\/p>\n<div class=\"product-specs-list-container\">\n<ul class=\"product-specs-list util-clearfix\">\n<li class=\"product-prop line-limit-length\"><span class=\"property-title\">I\u0161vaizda:\u00a0<\/span><span class=\"property-desc line-limit-length\">D\u0117\u017eut\u0117s forma<\/span><\/li>\n<li class=\"product-prop line-limit-length\"><span class=\"property-title\">Suderinama baterija:\u00a0<\/span><span class=\"property-desc line-limit-length\">N\u0117ra<\/span><\/li>\n<li class=\"product-prop line-limit-length\"><span class=\"property-title\">Steb\u0117jimo funkcija nuo r\u016bkymo skai\u010diaus:\u00a0<\/span><span class=\"property-desc line-limit-length\">Ne<\/span><\/li>\n<li class=\"product-prop line-limit-length\"><span class=\"property-title\">Silicone d\u0117klas:\u00a0<\/span><span class=\"property-desc line-limit-length\">Ne<\/span><\/li>\n<li class=\"product-prop line-limit-length\"><span class=\"property-title\">Temperat\u016bros reguliavimas:\u00a0<\/span><span class=\"property-desc line-limit-length\">Ne<\/span><\/li>\n<li class=\"product-prop line-limit-length\"><span class=\"property-title\">\u012emontuota arba i\u0161orin\u0117 baterija:\u00a0<\/span><span class=\"property-desc line-limit-length\">\u012emontuota<\/span><\/li>\n<li class=\"product-prop line-limit-length\"><span class=\"property-title\">Trump\u0173j\u0173 jung\u010di\u0173 apsaugos funkcija:\u00a0<\/span><span class=\"property-desc line-limit-length\">Ja<\/span><\/li>\n<li class=\"product-prop line-limit-length\"><span class=\"property-title\">Perkaitimo apsaugos funkcija:\u00a0<\/span><span class=\"property-desc line-limit-length\">Ja<\/span><\/li>\n<li class=\"product-prop line-limit-length\"><span class=\"property-title\">\u017dem\u0173 \u012ftampos \u012fsp\u0117jimo funkcija:\u00a0<\/span><span class=\"property-desc line-limit-length\">Ja<\/span><\/li>\n<li class=\"product-prop line-limit-length\"><span class=\"property-title\">Pur\u0161kiklio identifikavimo funkcija:\u00a0<\/span><span class=\"property-desc line-limit-length\">Ja<\/span><\/li>\n<li class=\"product-prop line-limit-length\"><span class=\"property-title\">TCR nustatymo re\u017eimai:\u00a0<\/span><span class=\"property-desc line-limit-length\">Ne<\/span><\/li>\n<li class=\"product-prop line-limit-length\"><span class=\"property-title\">Nominalus talpa:\u00a0<\/span><span class=\"property-desc line-limit-length\">850 mAh<\/span><\/li>\n<li class=\"product-prop line-limit-length\"><span class=\"property-title\">Med\u017eiaga:\u00a0<\/span><span class=\"property-desc line-limit-length\">Metalas<\/span><\/li>\n<li class=\"product-prop line-limit-length\"><span class=\"property-title\">Suderinamas modelis:\u00a0<\/span><span class=\"property-desc line-limit-length\">Elektronin\u0117 cigaret\u0117 Vape ra\u0161iklis<\/span><\/li>\n<li class=\"product-prop line-limit-length\"><span class=\"property-title\">Modelio numeris:\u00a0<\/span><span class=\"property-desc line-limit-length\">Uwell Caliburn GZ2 Pod Rinkinys<\/span><\/li>\n<li class=\"product-prop line-limit-length\"><span class=\"property-title\">USB \u012fkroviklis:\u00a0<\/span><span class=\"property-desc line-limit-length\">Ja<\/span><\/li>\n<li class=\"product-prop line-limit-length\"><span class=\"property-title\">Programin\u0117s \u012frangos atnaujinimas:\u00a0<\/span><span class=\"property-desc line-limit-length\">Ne<\/span><\/li>\n<li class=\"product-prop line-limit-length\"><span class=\"property-title\">Ekranas:\u00a0<\/span><span class=\"property-desc line-limit-length\">Ne<\/span><\/li>\n<li class=\"product-prop line-limit-length\"><span class=\"property-title\">Tipas:\u00a0<\/span><span class=\"property-desc line-limit-length\">Su Baterija<\/span><\/li>\n<li class=\"product-prop line-limit-length\"><span class=\"property-title\">Prek\u0117s \u017eenklas:\u00a0<\/span><span class=\"property-desc line-limit-length\">UWELL<\/span><\/li>\n<li class=\"product-prop line-limit-length\"><span class=\"property-title\">Kilm\u0117s \u0161alis:\u00a0<\/span><span class=\"property-desc line-limit-length\">CN (Kilm\u0117)<\/span><\/li>\n<\/ul>\n<\/div>\n<div class=\"detailmodule_html\">\n<div class=\"detail-desc-decorate-richtext\">\n<div class=\"detailmodule_text\">\n<div><\/div>\n<p id=\"tl_1\" class=\"detail-desc-decorate-title\" style=\"font-family: OpenSans; font-size: 20px; font-weight: 900; line-height: 28px; margin-bottom: 12px;\">Originalus uwell caliburn gz2 pod rinkinys 850mAh baterija 17W su caliburn g2 2ml patrone e cigaret\u0117 vape tinka caliburn g\/g2 spirale<\/p>\n<\/div>\n<div class=\"detailmodule_text\">\n<p id=\"tl_2\" class=\"detail-desc-decorate-title\" style=\"font-family: OpenSans; font-size: 20px; font-weight: 900; line-height: 28px; margin-bottom: 12px;\">\u012evadas<\/p>\n<p id=\"tl_3\" class=\"detail-desc-decorate-content\" style=\"font-family: OpenSans; font-size: 14px; font-weight: 300; line-height: 20px; margin-bottom: 12px;\">Caliburn gz2 rinkinys yra ma\u017eas, lengvas, kompakti\u0161kas ir galingas. J\u012f varo \u012fmontuota 850mAh baterija su maksimaliu 17W ir Type-C 2A greitu \u012fkrovimu. Jame yra Tron stiliaus RGB ap\u0161vietimas, integruota tiksliai reguliuojama oro srauto sistema (iafc), 3 pakrovimo mechanizmas (U-vamzdis) ir ai\u0161kus langelis. Taip pat palaiko automatin\u012f \u012fkv\u0117pimo vaping\u0105, kad b\u016bt\u0173 patogu naudoti. Tinka uwell caliburn g2 patronei, kurios talpa 2ml ir paprastam vir\u0161utiniam u\u017epildymo sistemai. Taip pat tinka uwell caliburn g 0.8\u03a9\/1.0\u03a9 spirale, uwell caliburn g2 1.2\u03a9 spirale.<\/p>\n<\/div>\n<div class=\"detailmodule_text\">\n<p id=\"tl_4\" class=\"detail-desc-decorate-title\" style=\"font-family: OpenSans; font-size: 20px; font-weight: 900; line-height: 28px; margin-bottom: 12px;\">Specifikacija<\/p>\n<p id=\"tl_5\" class=\"detail-desc-decorate-content\" style=\"font-family: OpenSans; font-size: 14px; font-weight: 300; line-height: 20px; margin-bottom: 12px;\">Prek\u0117s \u017eenklas: uwell<br \/>\nProdukto pavadinimas: caliburn gz2 pod sistema rinkinys<br \/>\nProdukto dydis: 28.9*22.9*72,5mm<br \/>\nBaterijos talpa: \u012fmontuota 850mAh baterija<br \/>\nI\u0161\u0117jimo galia: maksimaliai 17W<br \/>\n\u012ekrovimas: USB-C \u012fkrovimas<br \/>\nAp\u0161vietimo efektai: tron stiliaus RGB<br \/>\nOro srautas: tiksliai reguliuojamas oro srautas (iafc)<br \/>\nTalpa: 2ml<br \/>\nU\u017epildymas: Vir\u0161utinis u\u017epildymas<br \/>\nTinka: uwell caliburn g2 patronei, uwell caliburn g 0.8\u03a9\/1.0\u03a9 spirale, uwell caliburn g2 1.2\u03a9 spirale<br \/>\nSpalva: juoda, sidabrin\u0117, raudona, violetin\u0117, m\u0117lyna juoda, oran\u017ein\u0117 juoda<\/p>\n<\/div>\n<div class=\"detailmodule_text\">\n<p id=\"tl_6\" class=\"detail-desc-decorate-title\" style=\"font-family: OpenSans; font-size: 20px; font-weight: 900; line-height: 28px; margin-bottom: 12px;\">I\u0161samiai:<\/p>\n<p id=\"tl_7\" class=\"detail-desc-decorate-content\" style=\"font-family: OpenSans; font-size: 14px; font-weight: 300; line-height: 20px; margin-bottom: 12px;\">1. Ma\u017eas ir lengvas, kompakti\u0161kas ir galingas<br \/>\n2. \u012emontuota 850mAh baterija su 17W maksimaliu galingumu<br \/>\n3. Tron stiliaus RGB ap\u0161vietimo efektas<br \/>\n4. Integruotas tiksliai reguliuojamas oro srauto mechanizmas (iafc)<br \/>\n5. 2ml talpa, ai\u0161kus skys\u010dio langelis<br \/>\n6. 3 pakrovimo pakop\u0173 mechanizmas (U-vamzdis)<br \/>\n7. Tinka caliburn g2 patronei<br \/>\n8. tinkamas Caliburn G 0.8\u03a9\/1.0\u03a9 rit\u0117ms ir Caliburn G2 1.2\u03a9 rit\u0117ms<\/p>\n<\/div>\n<div class=\"detailmodule_text\">\n<p id=\"tl_8\" class=\"detail-desc-decorate-title\" style=\"font-family: OpenSans; font-size: 20px; font-weight: 900; line-height: 28px; margin-bottom: 12px;\">Pakuot\u0117s s\u0105ra\u0161as<\/p>\n<p id=\"tl_9\" class=\"detail-desc-decorate-content\" style=\"font-family: OpenSans; font-size: 14px; font-weight: 300; line-height: 20px; margin-bottom: 12px;\">1 * Caliburn GZ2 \u012frenginys<br \/>\n1 * Caliburn G2 tu\u0161\u010dia talpykla<br \/>\n1 * UN2 tinklelis 0.8\u03a9 Caliburn G rit\u0117 (i\u0161 anksto \u012fdiegta)<br \/>\n1 * UN2 tinklelis 1.2\u03a9 Caliburn G2 rit\u0117 (pakeisti)<br \/>\n1 * Vartotojo vadovas<br \/>\n1 * Tipo-C \u012fkrovimo laidas<\/p>\n<\/div>\n<div class=\"detailmodule_image\"><img decoding=\"async\" loading=\"lazy\" class=\"detail-desc-decorate-image\" src=\"https:\/\/ae01.alicdn.com\/kf\/S5d608120c1fb42cfa384525a901d5813M.jpg\" \/><\/div>\n<p>&nbsp;<\/p>\n<\/div>\n<\/div>","protected":false},"excerpt":{"rendered":"<p>&nbsp; Aussehen:\u00a0Box Form Kompatibler Akku:\u00a0Kein \u00dcberwachung Funktion Von Rauchen Anzahl:\u00a0Nein Silikon Fall:\u00a0Nein Temperaturregelung:\u00a0Nein Eingebaute Oder Externe Batterie:\u00a0Eingebaute Kurzschlussschutz Funktion:\u00a0Ja \u00dcberhitzungsschutz-funktion:\u00a0Ja Niederspannungsalarmfunktion:\u00a0Ja Zerst\u00e4uber Identifikation Funktion:\u00a0Ja TCR Einstellung Modi:\u00a0Nein Nominale Kapazit\u00e4t:\u00a0850 mAh Material:\u00a0Metall Compatible Model:\u00a0Electronic Cigarette Vape Pen Modellnummer:\u00a0Uwell Caliburn GZ2 Pod Kit Usb-ladeger\u00e4t:\u00a0Ja Firmware-upgrade:\u00a0Nein Display:\u00a0Nein Art:\u00a0Mit Batterie Markenname:\u00a0UWELL Ursprung:\u00a0CN (Herkunft) Original uwell caliburn gz2 pod kit [&hellip;]<\/p>","protected":false},"featured_media":6995,"template":"","meta":{"inline_featured_image":false},"product_cat":[752,756,739,743,76,79,81],"product_tag":[],"tiered_pricing_type":"fixed","tiered_pricing_fixed_rules":[],"tiered_pricing_percentage_rules":[],"tiered_pricing_minimum":1,"_administrator_tiered_pricing_type":"fixed","_administrator_tiered_pricing_fixed_rules":[],"_editor_tiered_pricing_type":"fixed","_editor_tiered_pricing_fixed_rules":[],"_author_tiered_pricing_type":"fixed","_author_tiered_pricing_fixed_rules":[],"_contributor_tiered_pricing_type":"fixed","_contributor_tiered_pricing_fixed_rules":[],"_subscriber_tiered_pricing_type":"fixed","_subscriber_tiered_pricing_fixed_rules":[],"_customer_tiered_pricing_type":"fixed","_customer_tiered_pricing_fixed_rules":[],"_shop_manager_tiered_pricing_type":"fixed","_shop_manager_tiered_pricing_fixed_rules":[],"_wpseo_manager_tiered_pricing_type":"fixed","_wpseo_manager_tiered_pricing_fixed_rules":[],"_wpseo_editor_tiered_pricing_type":"fixed","_wpseo_editor_tiered_pricing_fixed_rules":[],"_wholesale_customer_tiered_pricing_type":"fixed","_wholesale_customer_tiered_pricing_fixed_rules":[],"_marketer_tiered_pricing_type":"fixed","_marketer_tiered_pricing_fixed_rules":[],"_sales_manager_tiered_pricing_type":"fixed","_sales_manager_tiered_pricing_fixed_rules":[],"_sales_rep_tiered_pricing_type":"fixed","_sales_rep_tiered_pricing_fixed_rules":[],"yoast_head":"<!-- This site is optimized with the Yoast SEO plugin v23.3 - https:\/\/yoast.com\/wordpress\/plugins\/seo\/ -->\n<title>uwell caliburn gz2 pod kit 2ml caliburn g2 patrone e zigarette | ElementVape.de<\/title>\n<meta name=\"description\" content=\"Wir bieten uwell caliburn gz2 pod kit 2ml caliburn g2 patrone e zigarette , Elementvape.de akzeptieren Gro\u00df-und Einzelhandel Bestellungen.\" \/>\n<meta name=\"robots\" content=\"index, follow, max-snippet:-1, max-image-preview:large, max-video-preview:-1\" \/>\n<link rel=\"canonical\" href=\"https:\/\/www.elementvape.de\/lt\/produkt\/uwell-caliburn-gz2-pod-kit-2ml-caliburn-g2-patrone-e-zigarette\/\" \/>\n<meta property=\"og:locale\" content=\"lt_LT\" \/>\n<meta property=\"og:type\" content=\"article\" \/>\n<meta property=\"og:title\" content=\"uwell caliburn gz2 pod kit 2ml caliburn g2 patrone e zigarette | ElementVape.de\" \/>\n<meta property=\"og:description\" content=\"Wir bieten uwell caliburn gz2 pod kit 2ml caliburn g2 patrone e zigarette , Elementvape.de akzeptieren Gro\u00df-und Einzelhandel Bestellungen.\" \/>\n<meta property=\"og:url\" content=\"https:\/\/www.elementvape.de\/lt\/produkt\/uwell-caliburn-gz2-pod-kit-2ml-caliburn-g2-patrone-e-zigarette\/\" \/>\n<meta property=\"og:site_name\" content=\"ElementVape.de\" \/>\n<meta property=\"article:modified_time\" content=\"2024-12-12T06:37:21+00:00\" \/>\n<meta property=\"og:image\" content=\"https:\/\/ae01.alicdn.com\/kf\/S6f850f7a62e94dacb8a570458e5db9eei\/Original-uwell-caliburn-gz2-pod-kit-850mah-batterie-17w-mit-2ml-caliburn-g2-patrone-e-zigarette.jpg\" \/>\n\t<meta property=\"og:image:width\" content=\"800\" \/>\n\t<meta property=\"og:image:height\" content=\"800\" \/>\n\t<meta property=\"og:image:type\" content=\"image\/jpeg\" \/>\n<meta name=\"twitter:card\" content=\"summary_large_image\" \/>\n<meta name=\"twitter:label1\" content=\"Est. reading time\" \/>\n\t<meta name=\"twitter:data1\" content=\"3 minut\u0117s\" \/>\n<script type=\"application\/ld+json\" class=\"yoast-schema-graph\">{\"@context\":\"https:\/\/schema.org\",\"@graph\":[{\"@type\":\"WebPage\",\"@id\":\"https:\/\/www.elementvape.de\/produkt\/uwell-caliburn-gz2-pod-kit-2ml-caliburn-g2-patrone-e-zigarette\/\",\"url\":\"https:\/\/www.elementvape.de\/produkt\/uwell-caliburn-gz2-pod-kit-2ml-caliburn-g2-patrone-e-zigarette\/\",\"name\":\"uwell caliburn gz2 pod kit 2ml caliburn g2 patrone e zigarette | ElementVape.de\",\"isPartOf\":{\"@id\":\"https:\/\/www.elementvape.de\/#website\"},\"primaryImageOfPage\":{\"@id\":\"https:\/\/www.elementvape.de\/produkt\/uwell-caliburn-gz2-pod-kit-2ml-caliburn-g2-patrone-e-zigarette\/#primaryimage\"},\"image\":{\"@id\":\"https:\/\/www.elementvape.de\/produkt\/uwell-caliburn-gz2-pod-kit-2ml-caliburn-g2-patrone-e-zigarette\/#primaryimage\"},\"thumbnailUrl\":\"https:\/\/ae01.alicdn.com\/kf\/S6f850f7a62e94dacb8a570458e5db9eei\/Original-uwell-caliburn-gz2-pod-kit-850mah-batterie-17w-mit-2ml-caliburn-g2-patrone-e-zigarette.jpg\",\"datePublished\":\"2024-04-20T05:56:35+00:00\",\"dateModified\":\"2024-12-12T06:37:21+00:00\",\"description\":\"Wir bieten uwell caliburn gz2 pod kit 2ml caliburn g2 patrone e zigarette , Elementvape.de akzeptieren Gro\u00df-und Einzelhandel Bestellungen.\",\"breadcrumb\":{\"@id\":\"https:\/\/www.elementvape.de\/produkt\/uwell-caliburn-gz2-pod-kit-2ml-caliburn-g2-patrone-e-zigarette\/#breadcrumb\"},\"inLanguage\":\"lt-LT\",\"potentialAction\":[{\"@type\":\"ReadAction\",\"target\":[\"https:\/\/www.elementvape.de\/produkt\/uwell-caliburn-gz2-pod-kit-2ml-caliburn-g2-patrone-e-zigarette\/\"]}]},{\"@type\":\"ImageObject\",\"inLanguage\":\"lt-LT\",\"@id\":\"https:\/\/www.elementvape.de\/produkt\/uwell-caliburn-gz2-pod-kit-2ml-caliburn-g2-patrone-e-zigarette\/#primaryimage\",\"url\":\"https:\/\/ae01.alicdn.com\/kf\/S6f850f7a62e94dacb8a570458e5db9eei\/Original-uwell-caliburn-gz2-pod-kit-850mah-batterie-17w-mit-2ml-caliburn-g2-patrone-e-zigarette.jpg\",\"contentUrl\":\"https:\/\/ae01.alicdn.com\/kf\/S6f850f7a62e94dacb8a570458e5db9eei\/Original-uwell-caliburn-gz2-pod-kit-850mah-batterie-17w-mit-2ml-caliburn-g2-patrone-e-zigarette.jpg\",\"width\":800,\"height\":800},{\"@type\":\"BreadcrumbList\",\"@id\":\"https:\/\/www.elementvape.de\/produkt\/uwell-caliburn-gz2-pod-kit-2ml-caliburn-g2-patrone-e-zigarette\/#breadcrumb\",\"itemListElement\":[{\"@type\":\"ListItem\",\"position\":1,\"name\":\"Home\",\"item\":\"https:\/\/www.elementvape.de\/\"},{\"@type\":\"ListItem\",\"position\":2,\"name\":\"Shop\",\"item\":\"https:\/\/www.elementvape.de\/shop\/\"},{\"@type\":\"ListItem\",\"position\":3,\"name\":\"uwell caliburn gz2 pod kit 2ml caliburn g2 patrone e zigarette\"}]},{\"@type\":\"WebSite\",\"@id\":\"https:\/\/www.elementvape.de\/#website\",\"url\":\"https:\/\/www.elementvape.de\/\",\"name\":\"ElementVape.de\",\"description\":\"\",\"publisher\":{\"@id\":\"https:\/\/www.elementvape.de\/#organization\"},\"potentialAction\":[{\"@type\":\"SearchAction\",\"target\":{\"@type\":\"EntryPoint\",\"urlTemplate\":\"https:\/\/www.elementvape.de\/?s={search_term_string}\"},\"query-input\":\"required name=search_term_string\"}],\"inLanguage\":\"lt-LT\"},{\"@type\":\"Organization\",\"@id\":\"https:\/\/www.elementvape.de\/#organization\",\"name\":\"ElementVape.DE\",\"url\":\"https:\/\/www.elementvape.de\/\",\"logo\":{\"@type\":\"ImageObject\",\"inLanguage\":\"lt-LT\",\"@id\":\"https:\/\/www.elementvape.de\/#\/schema\/logo\/image\/\",\"url\":\"https:\/\/www.elementvape.de\/wp-content\/uploads\/2024\/09\/cropped-1elementvape-3.png\",\"contentUrl\":\"https:\/\/www.elementvape.de\/wp-content\/uploads\/2024\/09\/cropped-1elementvape-3.png\",\"width\":285,\"height\":228,\"caption\":\"ElementVape.DE\"},\"image\":{\"@id\":\"https:\/\/www.elementvape.de\/#\/schema\/logo\/image\/\"}}]}<\/script>\n<!-- \/ Yoast SEO plugin. -->","yoast_head_json":{"title":"uwell caliburn gz2 pod kit 2ml caliburn g2 patrone e zigarette | ElementVape.de","description":"Wir bieten uwell caliburn gz2 pod kit 2ml caliburn g2 patrone e zigarette , Elementvape.de akzeptieren Gro\u00df-und Einzelhandel Bestellungen.","robots":{"index":"index","follow":"follow","max-snippet":"max-snippet:-1","max-image-preview":"max-image-preview:large","max-video-preview":"max-video-preview:-1"},"canonical":"https:\/\/www.elementvape.de\/lt\/produkt\/uwell-caliburn-gz2-pod-kit-2ml-caliburn-g2-patrone-e-zigarette\/","og_locale":"lt_LT","og_type":"article","og_title":"uwell caliburn gz2 pod kit 2ml caliburn g2 patrone e zigarette | ElementVape.de","og_description":"Wir bieten uwell caliburn gz2 pod kit 2ml caliburn g2 patrone e zigarette , Elementvape.de akzeptieren Gro\u00df-und Einzelhandel Bestellungen.","og_url":"https:\/\/www.elementvape.de\/lt\/produkt\/uwell-caliburn-gz2-pod-kit-2ml-caliburn-g2-patrone-e-zigarette\/","og_site_name":"ElementVape.de","article_modified_time":"2024-12-12T06:37:21+00:00","og_image":[{"width":800,"height":800,"url":"https:\/\/ae01.alicdn.com\/kf\/S6f850f7a62e94dacb8a570458e5db9eei\/Original-uwell-caliburn-gz2-pod-kit-850mah-batterie-17w-mit-2ml-caliburn-g2-patrone-e-zigarette.jpg","type":"image\/jpeg"}],"twitter_card":"summary_large_image","twitter_misc":{"Est. reading time":"3 minut\u0117s"},"schema":{"@context":"https:\/\/schema.org","@graph":[{"@type":"WebPage","@id":"https:\/\/www.elementvape.de\/produkt\/uwell-caliburn-gz2-pod-kit-2ml-caliburn-g2-patrone-e-zigarette\/","url":"https:\/\/www.elementvape.de\/produkt\/uwell-caliburn-gz2-pod-kit-2ml-caliburn-g2-patrone-e-zigarette\/","name":"uwell caliburn gz2 pod kit 2ml caliburn g2 patrone e zigarette | ElementVape.de","isPartOf":{"@id":"https:\/\/www.elementvape.de\/#website"},"primaryImageOfPage":{"@id":"https:\/\/www.elementvape.de\/produkt\/uwell-caliburn-gz2-pod-kit-2ml-caliburn-g2-patrone-e-zigarette\/#primaryimage"},"image":{"@id":"https:\/\/www.elementvape.de\/produkt\/uwell-caliburn-gz2-pod-kit-2ml-caliburn-g2-patrone-e-zigarette\/#primaryimage"},"thumbnailUrl":"https:\/\/ae01.alicdn.com\/kf\/S6f850f7a62e94dacb8a570458e5db9eei\/Original-uwell-caliburn-gz2-pod-kit-850mah-batterie-17w-mit-2ml-caliburn-g2-patrone-e-zigarette.jpg","datePublished":"2024-04-20T05:56:35+00:00","dateModified":"2024-12-12T06:37:21+00:00","description":"Wir bieten uwell caliburn gz2 pod kit 2ml caliburn g2 patrone e zigarette , Elementvape.de akzeptieren Gro\u00df-und Einzelhandel Bestellungen.","breadcrumb":{"@id":"https:\/\/www.elementvape.de\/produkt\/uwell-caliburn-gz2-pod-kit-2ml-caliburn-g2-patrone-e-zigarette\/#breadcrumb"},"inLanguage":"lt-LT","potentialAction":[{"@type":"ReadAction","target":["https:\/\/www.elementvape.de\/produkt\/uwell-caliburn-gz2-pod-kit-2ml-caliburn-g2-patrone-e-zigarette\/"]}]},{"@type":"ImageObject","inLanguage":"lt-LT","@id":"https:\/\/www.elementvape.de\/produkt\/uwell-caliburn-gz2-pod-kit-2ml-caliburn-g2-patrone-e-zigarette\/#primaryimage","url":"https:\/\/ae01.alicdn.com\/kf\/S6f850f7a62e94dacb8a570458e5db9eei\/Original-uwell-caliburn-gz2-pod-kit-850mah-batterie-17w-mit-2ml-caliburn-g2-patrone-e-zigarette.jpg","contentUrl":"https:\/\/ae01.alicdn.com\/kf\/S6f850f7a62e94dacb8a570458e5db9eei\/Original-uwell-caliburn-gz2-pod-kit-850mah-batterie-17w-mit-2ml-caliburn-g2-patrone-e-zigarette.jpg","width":800,"height":800},{"@type":"BreadcrumbList","@id":"https:\/\/www.elementvape.de\/produkt\/uwell-caliburn-gz2-pod-kit-2ml-caliburn-g2-patrone-e-zigarette\/#breadcrumb","itemListElement":[{"@type":"ListItem","position":1,"name":"Home","item":"https:\/\/www.elementvape.de\/"},{"@type":"ListItem","position":2,"name":"Shop","item":"https:\/\/www.elementvape.de\/shop\/"},{"@type":"ListItem","position":3,"name":"uwell caliburn gz2 pod kit 2ml caliburn g2 patrone e zigarette"}]},{"@type":"WebSite","@id":"https:\/\/www.elementvape.de\/#website","url":"https:\/\/www.elementvape.de\/","name":"ElementVape.de","description":"","publisher":{"@id":"https:\/\/www.elementvape.de\/#organization"},"potentialAction":[{"@type":"SearchAction","target":{"@type":"EntryPoint","urlTemplate":"https:\/\/www.elementvape.de\/?s={search_term_string}"},"query-input":"required name=search_term_string"}],"inLanguage":"lt-LT"},{"@type":"Organization","@id":"https:\/\/www.elementvape.de\/#organization","name":"ElementVape.DE","url":"https:\/\/www.elementvape.de\/","logo":{"@type":"ImageObject","inLanguage":"lt-LT","@id":"https:\/\/www.elementvape.de\/#\/schema\/logo\/image\/","url":"https:\/\/www.elementvape.de\/wp-content\/uploads\/2024\/09\/cropped-1elementvape-3.png","contentUrl":"https:\/\/www.elementvape.de\/wp-content\/uploads\/2024\/09\/cropped-1elementvape-3.png","width":285,"height":228,"caption":"ElementVape.DE"},"image":{"@id":"https:\/\/www.elementvape.de\/#\/schema\/logo\/image\/"}}]}},"_links":{"self":[{"href":"https:\/\/www.elementvape.de\/lt\/wp-json\/wp\/v2\/product\/6994"}],"collection":[{"href":"https:\/\/www.elementvape.de\/lt\/wp-json\/wp\/v2\/product"}],"about":[{"href":"https:\/\/www.elementvape.de\/lt\/wp-json\/wp\/v2\/types\/product"}],"wp:featuredmedia":[{"embeddable":true,"href":"https:\/\/www.elementvape.de\/lt\/wp-json\/wp\/v2\/media\/6995"}],"wp:attachment":[{"href":"https:\/\/www.elementvape.de\/lt\/wp-json\/wp\/v2\/media?parent=6994"}],"wp:term":[{"taxonomy":"product_cat","embeddable":true,"href":"https:\/\/www.elementvape.de\/lt\/wp-json\/wp\/v2\/product_cat?post=6994"},{"taxonomy":"product_tag","embeddable":true,"href":"https:\/\/www.elementvape.de\/lt\/wp-json\/wp\/v2\/product_tag?post=6994"}],"curies":[{"name":"wp","href":"https:\/\/api.w.org\/{rel}","templated":true}]}}