{"id":6765,"date":"2024-04-20T03:29:36","date_gmt":"2024-04-20T03:29:36","guid":{"rendered":"https:\/\/www.elementvape.de\/?post_type=product&#038;p=6765"},"modified":"2024-12-12T06:37:40","modified_gmt":"2024-12-12T06:37:40","slug":"600mah-batterie-16w-vape-pen-e-zigaretten-schale-system-vapor-izer","status":"publish","type":"product","link":"https:\/\/www.elementvape.de\/lt\/produkt\/600mah-batterie-16w-vape-pen-e-zigaretten-schale-system-vapor-izer\/","title":{"rendered":"Geekvape Wenax K1 Rinkinys 2ml Patron\u0173 d\u0117klas 0,8 Ohm 1,0 Ohm su 600mAh Baterija 16W Vape Pie\u0161tukas E-Lizdeliai sistema Vaporizer"},"content":{"rendered":"<p>&nbsp;<\/p>\n<div class=\"product-specs-list-container\">\n<ul class=\"product-specs-list util-clearfix\">\n<li class=\"product-prop line-limit-length\"><span class=\"property-title\">I\u0161vaizda:\u00a0<\/span><span class=\"property-desc line-limit-length\">D\u0117\u017eut\u0117s forma<\/span><\/li>\n<li class=\"product-prop line-limit-length\"><span class=\"property-title\">Suderinama baterija:\u00a0<\/span><span class=\"property-desc line-limit-length\">N\u0117ra<\/span><\/li>\n<li class=\"product-prop line-limit-length\"><span class=\"property-title\">Steb\u0117jimo funkcija nuo r\u016bkymo skai\u010diaus:\u00a0<\/span><span class=\"property-desc line-limit-length\">Ne<\/span><\/li>\n<li class=\"product-prop line-limit-length\"><span class=\"property-title\">Silicone d\u0117klas:\u00a0<\/span><span class=\"property-desc line-limit-length\">Ne<\/span><\/li>\n<li class=\"product-prop line-limit-length\"><span class=\"property-title\">Temperat\u016bros reguliavimas:\u00a0<\/span><span class=\"property-desc line-limit-length\">Ne<\/span><\/li>\n<li class=\"product-prop line-limit-length\"><span class=\"property-title\">\u012emontuota arba i\u0161orin\u0117 baterija:\u00a0<\/span><span class=\"property-desc line-limit-length\">\u012emontuota<\/span><\/li>\n<li class=\"product-prop line-limit-length\"><span class=\"property-title\">Trump\u0173j\u0173 jung\u010di\u0173 apsaugos funkcija:\u00a0<\/span><span class=\"property-desc line-limit-length\">Ja<\/span><\/li>\n<li class=\"product-prop line-limit-length\"><span class=\"property-title\">Perkaitimo apsaugos funkcija:\u00a0<\/span><span class=\"property-desc line-limit-length\">Ja<\/span><\/li>\n<li class=\"product-prop line-limit-length\"><span class=\"property-title\">\u017dem\u0173 \u012ftampos \u012fsp\u0117jimo funkcija:\u00a0<\/span><span class=\"property-desc line-limit-length\">Ja<\/span><\/li>\n<li class=\"product-prop line-limit-length\"><span class=\"property-title\">Pur\u0161kiklio identifikavimo funkcija:\u00a0<\/span><span class=\"property-desc line-limit-length\">Ja<\/span><\/li>\n<li class=\"product-prop line-limit-length\"><span class=\"property-title\">TCR nustatymo re\u017eimai:\u00a0<\/span><span class=\"property-desc line-limit-length\">Ne<\/span><\/li>\n<li class=\"product-prop line-limit-length\"><span class=\"property-title\">Nominalus talpa:\u00a0<\/span><span class=\"property-desc line-limit-length\">&lt;700 mAh<\/span><\/li>\n<li class=\"product-prop line-limit-length\"><span class=\"property-title\">Med\u017eiaga:\u00a0<\/span><span class=\"property-desc line-limit-length\">Metalas<\/span><\/li>\n<li class=\"product-prop line-limit-length\"><span class=\"property-title\">Suderinamas modelis:\u00a0<\/span><span class=\"property-desc line-limit-length\">Elektronin\u0117 cigaret\u0117 Pod RDTA Vape<\/span><\/li>\n<li class=\"product-prop line-limit-length\"><span class=\"property-title\">Modelio numeris:\u00a0<\/span><span class=\"property-desc line-limit-length\">GeekVape Wenax K1 rinkinys<\/span><\/li>\n<li class=\"product-prop line-limit-length\"><span class=\"property-title\">USB \u012fkroviklis:\u00a0<\/span><span class=\"property-desc line-limit-length\">Ja<\/span><\/li>\n<li class=\"product-prop line-limit-length\"><span class=\"property-title\">Programin\u0117s \u012frangos atnaujinimas:\u00a0<\/span><span class=\"property-desc line-limit-length\">Ne<\/span><\/li>\n<li class=\"product-prop line-limit-length\"><span class=\"property-title\">Ekranas:\u00a0<\/span><span class=\"property-desc line-limit-length\">Ja<\/span><\/li>\n<li class=\"product-prop line-limit-length\"><span class=\"property-title\">Tipas:\u00a0<\/span><span class=\"property-desc line-limit-length\">Su Baterija<\/span><\/li>\n<li class=\"product-prop line-limit-length\"><span class=\"property-title\">Prek\u0117s \u017eenklas:\u00a0<\/span><span class=\"property-desc line-limit-length\">GEEKVAPE<\/span><\/li>\n<li class=\"product-prop line-limit-length\"><span class=\"property-title\">Kilm\u0117s \u0161alis:\u00a0<\/span><span class=\"property-desc line-limit-length\">CN (Kilm\u0117)<\/span><\/li>\n<li class=\"product-prop line-limit-length\"><span class=\"property-title\">Baterija:\u00a0<\/span><span class=\"property-desc line-limit-length\">600mAh<\/span><\/li>\n<\/ul>\n<\/div>\n<div class=\"detailmodule_html\">\n<div class=\"detail-desc-decorate-richtext\">\n<div class=\"detailmodule_text\">\n<p id=\"tl_1\" class=\"detail-desc-decorate-title\" style=\"font-family: OpenSans; font-size: 20px; font-weight: 900; line-height: 28px; margin-bottom: 12px;\">Originalus Geekvape Wenax K1 rinkinys 2ml tu\u0161\u010dias podas, baterija 600mAh, 16W Vape Pen elektronin\u0117 cigaret\u0117 Pod sistema gar\u0173 generatorius<\/p>\n<\/div>\n<div class=\"detailmodule_text\">\n<p id=\"tl_2\" class=\"detail-desc-decorate-title\" style=\"font-family: OpenSans; font-size: 20px; font-weight: 900; line-height: 28px; margin-bottom: 12px;\">Geekvape Wenax K1 rinkinys trumpai apra\u0161ytas:<\/p>\n<p id=\"tl_3\" class=\"detail-desc-decorate-content\" style=\"font-family: OpenSans; font-size: 14px; font-weight: 300; line-height: 20px; margin-bottom: 12px;\">Wenax K1 rinkinys yra pod sistemos rinkinys su nuolatiniu ir pastoviu na\u0161umu. Veikia su 600mah \u012fmontuota baterijos talpa, suteikia jums visos dienos vaping patirt\u012f, o USB-C \u012fkrovimo jungtis leid\u017eia greitai \u012fkrauti. Jame yra glausta i\u0161leidimo sistema, u\u017etikrinanti piln\u0105 debes\u0173 patirt\u012f. Be to, jis turi trij\u0173 lygi\u0173 reguliuojam\u0105 gali\u0105, leid\u017eian\u010di\u0105 lengvai pritaikyti skon\u012f. Yra dvi b\u016bdai m\u0117gautis Wenax K1: automatinis \u012fkv\u0117pimas arba mygtuko valdymas. Wenax K1 turi apsaug\u0105 nuo nety\u010dinio \u012fjungimo ir automati\u0161kai i\u0161sijungia, jei n\u0117ra operacijos daugiau nei 10 sekund\u017ei\u0173. Kapsul\u0117 yra 2ml pripildoma d\u0117\u017eut\u0117 su 300\u2013400 \u012fkv\u0117pim\u0173. I\u0161bandykite ir m\u0117gaukit\u0117s puikiu vaping!<\/p>\n<\/div>\n<div class=\"detailmodule_text\">\n<p id=\"tl_4\" class=\"detail-desc-decorate-title\" style=\"font-family: OpenSans; font-size: 20px; font-weight: 900; line-height: 28px; margin-bottom: 12px;\">Parametrai:<\/p>\n<p id=\"tl_5\" class=\"detail-desc-decorate-content\" style=\"font-family: OpenSans; font-size: 14px; font-weight: 300; line-height: 20px; margin-bottom: 12px;\">Produkto pavadinimas: Wenax K1 rinkinys<br \/>\nGalingumo i\u0161vestis: 9-16W<br \/>\nVamzd\u017ei\u0173 var\u017eos diapazonas: 0,4-3 Ohm<br \/>\nVamzdelis: 0,8 Ohm (12-16W), 1,2 Ohm (10-12W)<br \/>\nBaterijos talpa: 600mah<br \/>\nTalpa: 2ml<br \/>\n\u012ekrovimas: USB-C \u012fkrovimo jungtis 5V<br \/>\n\u017demos \u012ftampos \u012fsp\u0117jimas: 3,2 V \u00b1 0,1 V<br \/>\nPCBA temperat\u016bros \u012fsp\u0117jimas: 80 \u2103<br \/>\nIlgiausias garavimo laikas: 10s<br \/>\nDarbin\u0117 temperat\u016bra: -45 \u2103<br \/>\nBud\u0117jimo srov\u0117: \u2264 15ua<br \/>\nSpalva: juoda, bronzin\u0117, raudona, m\u0117lyna, \u017eydra, Ramiojo vandenyno m\u0117lyna, auksin\u0117, armijos \u017ealia, oran\u017ein\u0117<\/p>\n<\/div>\n<div class=\"detailmodule_text\">\n<p id=\"tl_6\" class=\"detail-desc-decorate-title\" style=\"font-family: OpenSans; font-size: 20px; font-weight: 900; line-height: 28px; margin-bottom: 12px;\">I\u0161samiai:<\/p>\n<p id=\"tl_7\" class=\"detail-desc-decorate-content\" style=\"font-family: OpenSans; font-size: 14px; font-weight: 300; line-height: 20px; margin-bottom: 12px;\">1. Anoduoto aliuminio korpusas<br \/>\n2. Automatinis traukimas ir mygtuku suaktyvinamas<br \/>\n3. 3 lygi\u0173 reguliuojama i\u0161\u0117jimo galia<br \/>\n4. 600mAh baterijos talpa<br \/>\n5. USB-C \u012fkrovimas, tvirtai traukite<br \/>\n6. Pastovi ir ilgalaik\u0117 galia<br \/>\n7. 2 ml papildoma kapsul\u0117 su 4,5\u20134,0 \u012ftraukimais<br \/>\n8. Apsauga nuo nety\u010dinio \u012fjungimo: automatinis miegas po 10 sekund\u017ei\u0173<\/p>\n<\/div>\n<div class=\"detailmodule_text\">\n<p id=\"tl_8\" class=\"detail-desc-decorate-title\" style=\"font-family: OpenSans; font-size: 20px; font-weight: 900; line-height: 28px; margin-bottom: 12px;\">Pakuot\u0117:<\/p>\n<p id=\"tl_9\" class=\"detail-desc-decorate-content\" style=\"font-family: OpenSans; font-size: 14px; font-weight: 300; line-height: 20px; margin-bottom: 12px;\">1 * \u201eGeekvape Wenax K1\u201c \u012frenginys<br \/>\n1 * \u201eGeekvape Wenax K1\u201c 0,8 omo kapsul\u0117s kaset\u0117 (i\u0161 anksto \u012fdiegta)<br \/>\n1 * \u201eGeekvape Wenax K1\u201c 1,2 omo kapsul\u0117s kaset\u0117 (atsargin\u0117)<br \/>\n1 * USB kabelis (C tipo)<br \/>\n1 * Vartotojo vadovas<\/p>\n<\/div>\n<div class=\"detailmodule_image\"><img decoding=\"async\" loading=\"lazy\" class=\"detail-desc-decorate-image\" src=\"https:\/\/ae01.alicdn.com\/kf\/H4129d8ff725440a2963cc01631a166a5P.jpg\" \/><br \/>\n<img decoding=\"async\" loading=\"lazy\" class=\"detail-desc-decorate-image\" src=\"https:\/\/ae01.alicdn.com\/kf\/H976fd81fdd894e64bc3df1517f2981d2p.jpg\" \/><br \/>\n<img decoding=\"async\" loading=\"lazy\" class=\"detail-desc-decorate-image\" src=\"https:\/\/ae01.alicdn.com\/kf\/H8099c2fbc1fd401caae51218c726656a4.jpg\" \/><\/div>\n<p>&nbsp;<\/p>\n<\/div>\n<\/div>","protected":false},"excerpt":{"rendered":"<p>&nbsp; Aussehen:\u00a0Box Form Kompatibler Akku:\u00a0Kein \u00dcberwachung Funktion Von Rauchen Anzahl:\u00a0Nein Silikon Fall:\u00a0Nein Temperaturregelung:\u00a0Nein Eingebaute Oder Externe Batterie:\u00a0Eingebaute Kurzschlussschutz Funktion:\u00a0Ja \u00dcberhitzungsschutz-funktion:\u00a0Ja Niederspannungsalarmfunktion:\u00a0Ja Zerst\u00e4uber Identifikation Funktion:\u00a0Ja TCR Einstellung Modi:\u00a0Nein Nominale Kapazit\u00e4t:\u00a0&lt;700 mAh Material:\u00a0Metall Compatible Model:\u00a0Electronic Cigarette Pod RDTA Vaporizer Modellnummer:\u00a0GeekVape Wenax K1 Kit Usb-ladeger\u00e4t:\u00a0Ja Firmware-upgrade:\u00a0Nein Display:\u00a0Ja Art:\u00a0Mit Batterie Markenname:\u00a0GEEKVAPE Ursprung:\u00a0CN (Herkunft) Battery:\u00a0600mah Original Geekvape Wenax K1 Kit [&hellip;]<\/p>","protected":false},"featured_media":6766,"template":"","meta":{"inline_featured_image":false},"product_cat":[752,756,739,743,76,79,81],"product_tag":[],"tiered_pricing_type":"fixed","tiered_pricing_fixed_rules":[],"tiered_pricing_percentage_rules":[],"tiered_pricing_minimum":1,"_administrator_tiered_pricing_type":"fixed","_administrator_tiered_pricing_fixed_rules":[],"_editor_tiered_pricing_type":"fixed","_editor_tiered_pricing_fixed_rules":[],"_author_tiered_pricing_type":"fixed","_author_tiered_pricing_fixed_rules":[],"_contributor_tiered_pricing_type":"fixed","_contributor_tiered_pricing_fixed_rules":[],"_subscriber_tiered_pricing_type":"fixed","_subscriber_tiered_pricing_fixed_rules":[],"_customer_tiered_pricing_type":"fixed","_customer_tiered_pricing_fixed_rules":[],"_shop_manager_tiered_pricing_type":"fixed","_shop_manager_tiered_pricing_fixed_rules":[],"_wpseo_manager_tiered_pricing_type":"fixed","_wpseo_manager_tiered_pricing_fixed_rules":[],"_wpseo_editor_tiered_pricing_type":"fixed","_wpseo_editor_tiered_pricing_fixed_rules":[],"_wholesale_customer_tiered_pricing_type":"fixed","_wholesale_customer_tiered_pricing_fixed_rules":[],"_marketer_tiered_pricing_type":"fixed","_marketer_tiered_pricing_fixed_rules":[],"_sales_manager_tiered_pricing_type":"fixed","_sales_manager_tiered_pricing_fixed_rules":[],"_sales_rep_tiered_pricing_type":"fixed","_sales_rep_tiered_pricing_fixed_rules":[],"yoast_head":"<!-- This site is optimized with the Yoast SEO plugin v23.3 - https:\/\/yoast.com\/wordpress\/plugins\/seo\/ -->\n<title>Geekvape Wenax K1 Kit 2ml Patronen h\u00fclse 0,8 Ohm 1,0 Ohm mit 600mAh Batterie 16W Vape Pen E Zigaretten schale System Vapor izer | ElementVape.de<\/title>\n<meta name=\"description\" content=\"Wir bieten Geekvape Wenax K1 Kit 2ml Patronen h\u00fclse 0,8 Ohm 1,0 Ohm mit 600mAh Batterie 16W Vape Pen E Zigaretten schale System Vapor izer , Elementvape.de akzeptieren Gro\u00df-und Einzelhandel Bestellungen.\" \/>\n<meta name=\"robots\" content=\"index, follow, max-snippet:-1, max-image-preview:large, max-video-preview:-1\" \/>\n<link rel=\"canonical\" href=\"https:\/\/www.elementvape.de\/lt\/produkt\/600mah-batterie-16w-vape-pen-e-zigaretten-schale-system-vapor-izer\/\" \/>\n<meta property=\"og:locale\" content=\"lt_LT\" \/>\n<meta property=\"og:type\" content=\"article\" \/>\n<meta property=\"og:title\" content=\"Geekvape Wenax K1 Kit 2ml Patronen h\u00fclse 0,8 Ohm 1,0 Ohm mit 600mAh Batterie 16W Vape Pen E Zigaretten schale System Vapor izer | ElementVape.de\" \/>\n<meta property=\"og:description\" content=\"Wir bieten Geekvape Wenax K1 Kit 2ml Patronen h\u00fclse 0,8 Ohm 1,0 Ohm mit 600mAh Batterie 16W Vape Pen E Zigaretten schale System Vapor izer , Elementvape.de akzeptieren Gro\u00df-und Einzelhandel Bestellungen.\" \/>\n<meta property=\"og:url\" content=\"https:\/\/www.elementvape.de\/lt\/produkt\/600mah-batterie-16w-vape-pen-e-zigaretten-schale-system-vapor-izer\/\" \/>\n<meta property=\"og:site_name\" content=\"ElementVape.de\" \/>\n<meta property=\"article:modified_time\" content=\"2024-12-12T06:37:40+00:00\" \/>\n<meta property=\"og:image\" content=\"https:\/\/ae01.alicdn.com\/kf\/H1106475399e247a2b1e22ebcc1ed121a3\/Original-Geekvape-Wenax-K1-Kit-2ml-Patronen-h-lse-0-8-Ohm-1-0-Ohm-mit.jpg\" \/>\n\t<meta property=\"og:image:width\" content=\"800\" \/>\n\t<meta property=\"og:image:height\" content=\"800\" \/>\n\t<meta property=\"og:image:type\" content=\"image\/jpeg\" \/>\n<meta name=\"twitter:card\" content=\"summary_large_image\" \/>\n<meta name=\"twitter:label1\" content=\"Est. reading time\" \/>\n\t<meta name=\"twitter:data1\" content=\"3 minut\u0117s\" \/>\n<script type=\"application\/ld+json\" class=\"yoast-schema-graph\">{\"@context\":\"https:\/\/schema.org\",\"@graph\":[{\"@type\":\"WebPage\",\"@id\":\"https:\/\/www.elementvape.de\/produkt\/600mah-batterie-16w-vape-pen-e-zigaretten-schale-system-vapor-izer\/\",\"url\":\"https:\/\/www.elementvape.de\/produkt\/600mah-batterie-16w-vape-pen-e-zigaretten-schale-system-vapor-izer\/\",\"name\":\"Geekvape Wenax K1 Kit 2ml Patronen h\u00fclse 0,8 Ohm 1,0 Ohm mit 600mAh Batterie 16W Vape Pen E Zigaretten schale System Vapor izer | ElementVape.de\",\"isPartOf\":{\"@id\":\"https:\/\/www.elementvape.de\/#website\"},\"primaryImageOfPage\":{\"@id\":\"https:\/\/www.elementvape.de\/produkt\/600mah-batterie-16w-vape-pen-e-zigaretten-schale-system-vapor-izer\/#primaryimage\"},\"image\":{\"@id\":\"https:\/\/www.elementvape.de\/produkt\/600mah-batterie-16w-vape-pen-e-zigaretten-schale-system-vapor-izer\/#primaryimage\"},\"thumbnailUrl\":\"https:\/\/ae01.alicdn.com\/kf\/H1106475399e247a2b1e22ebcc1ed121a3\/Original-Geekvape-Wenax-K1-Kit-2ml-Patronen-h-lse-0-8-Ohm-1-0-Ohm-mit.jpg\",\"datePublished\":\"2024-04-20T03:29:36+00:00\",\"dateModified\":\"2024-12-12T06:37:40+00:00\",\"description\":\"Wir bieten Geekvape Wenax K1 Kit 2ml Patronen h\u00fclse 0,8 Ohm 1,0 Ohm mit 600mAh Batterie 16W Vape Pen E Zigaretten schale System Vapor izer , Elementvape.de akzeptieren Gro\u00df-und Einzelhandel Bestellungen.\",\"breadcrumb\":{\"@id\":\"https:\/\/www.elementvape.de\/produkt\/600mah-batterie-16w-vape-pen-e-zigaretten-schale-system-vapor-izer\/#breadcrumb\"},\"inLanguage\":\"lt-LT\",\"potentialAction\":[{\"@type\":\"ReadAction\",\"target\":[\"https:\/\/www.elementvape.de\/produkt\/600mah-batterie-16w-vape-pen-e-zigaretten-schale-system-vapor-izer\/\"]}]},{\"@type\":\"ImageObject\",\"inLanguage\":\"lt-LT\",\"@id\":\"https:\/\/www.elementvape.de\/produkt\/600mah-batterie-16w-vape-pen-e-zigaretten-schale-system-vapor-izer\/#primaryimage\",\"url\":\"https:\/\/ae01.alicdn.com\/kf\/H1106475399e247a2b1e22ebcc1ed121a3\/Original-Geekvape-Wenax-K1-Kit-2ml-Patronen-h-lse-0-8-Ohm-1-0-Ohm-mit.jpg\",\"contentUrl\":\"https:\/\/ae01.alicdn.com\/kf\/H1106475399e247a2b1e22ebcc1ed121a3\/Original-Geekvape-Wenax-K1-Kit-2ml-Patronen-h-lse-0-8-Ohm-1-0-Ohm-mit.jpg\",\"width\":800,\"height\":800},{\"@type\":\"BreadcrumbList\",\"@id\":\"https:\/\/www.elementvape.de\/produkt\/600mah-batterie-16w-vape-pen-e-zigaretten-schale-system-vapor-izer\/#breadcrumb\",\"itemListElement\":[{\"@type\":\"ListItem\",\"position\":1,\"name\":\"Home\",\"item\":\"https:\/\/www.elementvape.de\/\"},{\"@type\":\"ListItem\",\"position\":2,\"name\":\"Shop\",\"item\":\"https:\/\/www.elementvape.de\/shop\/\"},{\"@type\":\"ListItem\",\"position\":3,\"name\":\"Geekvape Wenax K1 Kit 2ml Patronen h\u00fclse 0,8 Ohm 1,0 Ohm mit 600mAh Batterie 16W Vape Pen E Zigaretten schale System Vapor izer\"}]},{\"@type\":\"WebSite\",\"@id\":\"https:\/\/www.elementvape.de\/#website\",\"url\":\"https:\/\/www.elementvape.de\/\",\"name\":\"ElementVape.de\",\"description\":\"\",\"publisher\":{\"@id\":\"https:\/\/www.elementvape.de\/#organization\"},\"potentialAction\":[{\"@type\":\"SearchAction\",\"target\":{\"@type\":\"EntryPoint\",\"urlTemplate\":\"https:\/\/www.elementvape.de\/?s={search_term_string}\"},\"query-input\":\"required name=search_term_string\"}],\"inLanguage\":\"lt-LT\"},{\"@type\":\"Organization\",\"@id\":\"https:\/\/www.elementvape.de\/#organization\",\"name\":\"ElementVape.DE\",\"url\":\"https:\/\/www.elementvape.de\/\",\"logo\":{\"@type\":\"ImageObject\",\"inLanguage\":\"lt-LT\",\"@id\":\"https:\/\/www.elementvape.de\/#\/schema\/logo\/image\/\",\"url\":\"https:\/\/www.elementvape.de\/wp-content\/uploads\/2024\/09\/cropped-1elementvape-3.png\",\"contentUrl\":\"https:\/\/www.elementvape.de\/wp-content\/uploads\/2024\/09\/cropped-1elementvape-3.png\",\"width\":285,\"height\":228,\"caption\":\"ElementVape.DE\"},\"image\":{\"@id\":\"https:\/\/www.elementvape.de\/#\/schema\/logo\/image\/\"}}]}<\/script>\n<!-- \/ Yoast SEO plugin. -->","yoast_head_json":{"title":"Geekvape Wenax K1 Kit 2ml Patronen h\u00fclse 0,8 Ohm 1,0 Ohm mit 600mAh Batterie 16W Vape Pen E Zigaretten schale System Vapor izer | ElementVape.de","description":"Wir bieten Geekvape Wenax K1 Kit 2ml Patronen h\u00fclse 0,8 Ohm 1,0 Ohm mit 600mAh Batterie 16W Vape Pen E Zigaretten schale System Vapor izer , Elementvape.de akzeptieren Gro\u00df-und Einzelhandel Bestellungen.","robots":{"index":"index","follow":"follow","max-snippet":"max-snippet:-1","max-image-preview":"max-image-preview:large","max-video-preview":"max-video-preview:-1"},"canonical":"https:\/\/www.elementvape.de\/lt\/produkt\/600mah-batterie-16w-vape-pen-e-zigaretten-schale-system-vapor-izer\/","og_locale":"lt_LT","og_type":"article","og_title":"Geekvape Wenax K1 Kit 2ml Patronen h\u00fclse 0,8 Ohm 1,0 Ohm mit 600mAh Batterie 16W Vape Pen E Zigaretten schale System Vapor izer | ElementVape.de","og_description":"Wir bieten Geekvape Wenax K1 Kit 2ml Patronen h\u00fclse 0,8 Ohm 1,0 Ohm mit 600mAh Batterie 16W Vape Pen E Zigaretten schale System Vapor izer , Elementvape.de akzeptieren Gro\u00df-und Einzelhandel Bestellungen.","og_url":"https:\/\/www.elementvape.de\/lt\/produkt\/600mah-batterie-16w-vape-pen-e-zigaretten-schale-system-vapor-izer\/","og_site_name":"ElementVape.de","article_modified_time":"2024-12-12T06:37:40+00:00","og_image":[{"width":800,"height":800,"url":"https:\/\/ae01.alicdn.com\/kf\/H1106475399e247a2b1e22ebcc1ed121a3\/Original-Geekvape-Wenax-K1-Kit-2ml-Patronen-h-lse-0-8-Ohm-1-0-Ohm-mit.jpg","type":"image\/jpeg"}],"twitter_card":"summary_large_image","twitter_misc":{"Est. reading time":"3 minut\u0117s"},"schema":{"@context":"https:\/\/schema.org","@graph":[{"@type":"WebPage","@id":"https:\/\/www.elementvape.de\/produkt\/600mah-batterie-16w-vape-pen-e-zigaretten-schale-system-vapor-izer\/","url":"https:\/\/www.elementvape.de\/produkt\/600mah-batterie-16w-vape-pen-e-zigaretten-schale-system-vapor-izer\/","name":"Geekvape Wenax K1 Kit 2ml Patronen h\u00fclse 0,8 Ohm 1,0 Ohm mit 600mAh Batterie 16W Vape Pen E Zigaretten schale System Vapor izer | ElementVape.de","isPartOf":{"@id":"https:\/\/www.elementvape.de\/#website"},"primaryImageOfPage":{"@id":"https:\/\/www.elementvape.de\/produkt\/600mah-batterie-16w-vape-pen-e-zigaretten-schale-system-vapor-izer\/#primaryimage"},"image":{"@id":"https:\/\/www.elementvape.de\/produkt\/600mah-batterie-16w-vape-pen-e-zigaretten-schale-system-vapor-izer\/#primaryimage"},"thumbnailUrl":"https:\/\/ae01.alicdn.com\/kf\/H1106475399e247a2b1e22ebcc1ed121a3\/Original-Geekvape-Wenax-K1-Kit-2ml-Patronen-h-lse-0-8-Ohm-1-0-Ohm-mit.jpg","datePublished":"2024-04-20T03:29:36+00:00","dateModified":"2024-12-12T06:37:40+00:00","description":"Wir bieten Geekvape Wenax K1 Kit 2ml Patronen h\u00fclse 0,8 Ohm 1,0 Ohm mit 600mAh Batterie 16W Vape Pen E Zigaretten schale System Vapor izer , Elementvape.de akzeptieren Gro\u00df-und Einzelhandel Bestellungen.","breadcrumb":{"@id":"https:\/\/www.elementvape.de\/produkt\/600mah-batterie-16w-vape-pen-e-zigaretten-schale-system-vapor-izer\/#breadcrumb"},"inLanguage":"lt-LT","potentialAction":[{"@type":"ReadAction","target":["https:\/\/www.elementvape.de\/produkt\/600mah-batterie-16w-vape-pen-e-zigaretten-schale-system-vapor-izer\/"]}]},{"@type":"ImageObject","inLanguage":"lt-LT","@id":"https:\/\/www.elementvape.de\/produkt\/600mah-batterie-16w-vape-pen-e-zigaretten-schale-system-vapor-izer\/#primaryimage","url":"https:\/\/ae01.alicdn.com\/kf\/H1106475399e247a2b1e22ebcc1ed121a3\/Original-Geekvape-Wenax-K1-Kit-2ml-Patronen-h-lse-0-8-Ohm-1-0-Ohm-mit.jpg","contentUrl":"https:\/\/ae01.alicdn.com\/kf\/H1106475399e247a2b1e22ebcc1ed121a3\/Original-Geekvape-Wenax-K1-Kit-2ml-Patronen-h-lse-0-8-Ohm-1-0-Ohm-mit.jpg","width":800,"height":800},{"@type":"BreadcrumbList","@id":"https:\/\/www.elementvape.de\/produkt\/600mah-batterie-16w-vape-pen-e-zigaretten-schale-system-vapor-izer\/#breadcrumb","itemListElement":[{"@type":"ListItem","position":1,"name":"Home","item":"https:\/\/www.elementvape.de\/"},{"@type":"ListItem","position":2,"name":"Shop","item":"https:\/\/www.elementvape.de\/shop\/"},{"@type":"ListItem","position":3,"name":"Geekvape Wenax K1 Kit 2ml Patronen h\u00fclse 0,8 Ohm 1,0 Ohm mit 600mAh Batterie 16W Vape Pen E Zigaretten schale System Vapor izer"}]},{"@type":"WebSite","@id":"https:\/\/www.elementvape.de\/#website","url":"https:\/\/www.elementvape.de\/","name":"ElementVape.de","description":"","publisher":{"@id":"https:\/\/www.elementvape.de\/#organization"},"potentialAction":[{"@type":"SearchAction","target":{"@type":"EntryPoint","urlTemplate":"https:\/\/www.elementvape.de\/?s={search_term_string}"},"query-input":"required name=search_term_string"}],"inLanguage":"lt-LT"},{"@type":"Organization","@id":"https:\/\/www.elementvape.de\/#organization","name":"ElementVape.DE","url":"https:\/\/www.elementvape.de\/","logo":{"@type":"ImageObject","inLanguage":"lt-LT","@id":"https:\/\/www.elementvape.de\/#\/schema\/logo\/image\/","url":"https:\/\/www.elementvape.de\/wp-content\/uploads\/2024\/09\/cropped-1elementvape-3.png","contentUrl":"https:\/\/www.elementvape.de\/wp-content\/uploads\/2024\/09\/cropped-1elementvape-3.png","width":285,"height":228,"caption":"ElementVape.DE"},"image":{"@id":"https:\/\/www.elementvape.de\/#\/schema\/logo\/image\/"}}]}},"_links":{"self":[{"href":"https:\/\/www.elementvape.de\/lt\/wp-json\/wp\/v2\/product\/6765"}],"collection":[{"href":"https:\/\/www.elementvape.de\/lt\/wp-json\/wp\/v2\/product"}],"about":[{"href":"https:\/\/www.elementvape.de\/lt\/wp-json\/wp\/v2\/types\/product"}],"wp:featuredmedia":[{"embeddable":true,"href":"https:\/\/www.elementvape.de\/lt\/wp-json\/wp\/v2\/media\/6766"}],"wp:attachment":[{"href":"https:\/\/www.elementvape.de\/lt\/wp-json\/wp\/v2\/media?parent=6765"}],"wp:term":[{"taxonomy":"product_cat","embeddable":true,"href":"https:\/\/www.elementvape.de\/lt\/wp-json\/wp\/v2\/product_cat?post=6765"},{"taxonomy":"product_tag","embeddable":true,"href":"https:\/\/www.elementvape.de\/lt\/wp-json\/wp\/v2\/product_tag?post=6765"}],"curies":[{"name":"wp","href":"https:\/\/api.w.org\/{rel}","templated":true}]}}