{"id":16314,"date":"2025-04-19T06:01:38","date_gmt":"2025-04-19T06:01:38","guid":{"rendered":"https:\/\/www.elementvape.de\/?post_type=product&#038;p=16314"},"modified":"2025-04-19T06:13:05","modified_gmt":"2025-04-19T06:13:05","slug":"bang-king-45000-zuege-pineapple-coconut-strawberry-banana-blue-razz-fuer-intensiven-dampfgenuss","status":"publish","type":"product","link":"https:\/\/www.elementvape.de\/lt\/produkt\/bang-king-45000-zuege-pineapple-coconut-strawberry-banana-blue-razz-fuer-intensiven-dampfgenuss\/","title":{"rendered":"BANG KING 45000 \u012ekv\u0117pim\u0173 Ananas\u0173, kokos\u0173-bra\u0161ki\u0173, banan\u0173-m\u0117lyni\u0173 avie\u010di\u0173 intensyviam garinimo malonumui"},"content":{"rendered":"<h2 data-start=\"0\" data-end=\"121\">BANG KING 45000 \u012fkv\u0117pim\u0173 Ananasas Kokosas \u2013 \u0160vie\u017ei\u0173 Bra\u0161ki\u0173 Bananas \u2013 M\u0117lynas Razzas: Vaisi\u0173 d\u016bm\u0173 malonumas i\u0161skirtinio lygio<\/h2>\n<p class=\"\" data-start=\"123\" data-end=\"600\">BANG KING 45000 vienkartin\u0117 elektronin\u0117 cigaret\u0117 yra tobula pasirinkimas d\u016bm\u0173 m\u0117g\u0117jams, ie\u0161kantiems intensyvaus ir \u012fvairov\u0117s kupino skonio patirties. Su \u012fsp\u016bdinga 45 000 \u012fkv\u0117pim\u0173 talpa ir unikaliu trij\u0173 vaisini\u0173 aromat\u0173 pasirinkimu \u2013 Ananasas Kokosas, \u0160vie\u017ei\u0173 Bra\u0161ki\u0173 Bananas ir M\u0117lynas Razzas \u2013 \u0161i \u012franga si\u016blo i\u0161skirtin\u0119 d\u016bm\u0173 patirt\u012f, tinkam\u0105 tiek pradedantiesiems, tiek patyrusiems d\u016bm\u0173 m\u0117g\u0117jams.<\/p>\n<h3 class=\"\" data-start=\"602\" data-end=\"647\">Nepalyginami skonio potyriai<\/h3>\n<p class=\"\" data-start=\"649\" data-end=\"803\">BANG KING 45000 pristato rafinuot\u0105 tropini\u0173 ir vaisini\u0173 aromat\u0173 mi\u0161in\u012f, pasi\u017eymint\u012f gaivumu ir saldumu:<\/p>\n<ul data-start=\"805\" data-end=\"1613\">\n<li class=\"\" data-start=\"805\" data-end=\"1089\">\n<p class=\"\" data-start=\"807\" data-end=\"1089\">Ananasas Kokosas: \u0160i tropin\u0117 kombinacija i\u0161 saldaus ananaso ir kreminio kokoso atne\u0161a atostog\u0173 skon\u012f tiesiai pas tave. Ananasas suteikia gaiv\u0173 akcent\u0105, o kokosai \u2013 \u0161velni\u0105, kremin\u0119 nat\u0105, kuri puikiai papildo skon\u012f.<\/p>\n<\/li>\n<li class=\"\" data-start=\"1090\" data-end=\"1355\">\n<p class=\"\" data-start=\"1092\" data-end=\"1355\">\u0160vie\u017ei\u0173 Bra\u0161ki\u0173 Bananas: Klasikinis vaisi\u0173 duetas, kuris nuolat \u017eavi. Bra\u0161ki\u0173 saldumas puikiai dera su \u0161velnia banan\u0173 gaivumu. \u0160is aromatas puikiai tinka tiems, kurie ie\u0161ko \u0161velnios, bet intensyvios skonio sprogimo.<\/p>\n<\/li>\n<li class=\"\" data-start=\"1356\" data-end=\"1613\">\n<p class=\"\" data-start=\"1358\" data-end=\"1613\">M\u0117lynas Razzas: Vaisi\u0173 mi\u0161inys i\u0161 m\u0117lyni\u0173 ir avie\u010di\u0173 sukuria gaiv\u0173, \u0161iek tiek r\u016bg\u0161t\u0173 patirt\u012f. \u0160i\u0173 dviej\u0173 uog\u0173 derinys suteikia d\u016bmams gyvybing\u0105 ir i\u0161rai\u0161king\u0105 vaisi\u0161kum\u0105, kuris vilioja gomur\u012f.<\/p>\n<\/li>\n<\/ul>\n<p class=\"\" data-start=\"1615\" data-end=\"1836\">\u0160ie trys aromatai si\u016blo unikali\u0105 skonio patir\u010di\u0173 \u012fvairov\u0119, kuri kiekvienu \u012fkv\u0117pimu nustebins ir su\u017eav\u0117s. Kiekvienas aromatas yra unikalus ir atne\u0161a savo gaivum\u0105 bei intensyvum\u0105.<\/p>\n<h3 class=\"\" data-start=\"1838\" data-end=\"1885\">BANG KING 45000 technin\u0117s savyb\u0117s<\/h3>\n<p class=\"\" data-start=\"1887\" data-end=\"2123\">Be i\u0161skirtin\u0117s aromat\u0173 \u012fvairov\u0117s, BANG KING 45000 taip pat pasi\u017eymi galinga technika. Auk\u0161tos kokyb\u0117s dizainas ir pa\u017eangi technologija u\u017etikrina lengv\u0105 d\u016bm\u0173 malonum\u0105:<\/p>\n<ul data-start=\"2125\" data-end=\"3470\">\n<li class=\"\" data-start=\"2125\" data-end=\"2306\">\n<p class=\"\" data-start=\"2127\" data-end=\"2306\">45 000 \u012fkv\u0117pim\u0173: Su \u012fsp\u016bdinga 45 000 \u012fkv\u0117pim\u0173 skai\u010diumi galite m\u0117gautis \u012franga ilg\u0105 laik\u0105, nesijaudindami, kad ji greitai i\u0161sikraus.<\/p>\n<\/li>\n<li class=\"\" data-start=\"2307\" data-end=\"2578\">\n<p class=\"\" data-start=\"2309\" data-end=\"2578\">Trys aromatai viename rinkinyje: BANG KING 45000 suteikia galimyb\u0119 m\u0117gautis trimis skirtingais aromatais, kurie laikomi atskirose kamerose. Taip galite keisti aromatus pagal savo nor\u0105, nesimai\u0161ydami.<\/p>\n<\/li>\n<li class=\"\" data-start=\"2579\" data-end=\"2816\">\n<p class=\"\" data-start=\"2581\" data-end=\"2816\">Tinklelio rit\u0117: Moderni tinklelio rit\u0117s technologija u\u017etikrina vienod\u0105 garinim\u0105 ir intensyv\u0173 d\u016bm\u0173 malonum\u0105. Tinklelio rit\u0117 prisideda prie skonio atk\u016brimo ir d\u016bm\u0173 kiekio gerinimo.<\/p>\n<\/li>\n<li class=\"\" data-start=\"2817\" data-end=\"2984\">\n<p class=\"\" data-start=\"2819\" data-end=\"2984\">Nikotino pasirinkimai: Pasirinkite jums tinkant\u012f nikotino kiek\u012f \u2013 0%, 2%, 3% ar 5% \u2013 ir pritaikykite savo d\u016bm\u0173 patirt\u012f pagal savo pageidavimus.<\/p>\n<\/li>\n<li class=\"\" data-start=\"2985\" data-end=\"3220\">\n<p class=\"\" data-start=\"2987\" data-end=\"3220\">650 mAh akumuliatorius: Galingas akumuliatorius u\u017etikrina ilgaam\u017ei\u0161kum\u0105. D\u0117l Type-C \u012fkrovimo jungties akumuliatori\u0173 galima greitai \u012fkrauti, kad niekada nepraleistum\u0117te kitos d\u016bm\u0173 sesijos.<\/p>\n<\/li>\n<li class=\"\" data-start=\"3221\" data-end=\"3470\">\n<p class=\"\" data-start=\"3223\" data-end=\"3470\">Patogus naudoti ir prakti\u0161kas: Kaip vienkartinis vape, BANG KING 45000 yra ypa\u010d paprastas naudoti. Po visi\u0161ko naudojimo galite patogiai i\u0161mesti \u012frengin\u012f, nesir\u016bpindami papildymu ar rit\u0117s keitimu.<\/p>\n<\/li>\n<\/ul>\n<h3 class=\"\" data-start=\"3472\" data-end=\"3511\">Kod\u0117l verta rinktis BANG KING 45000 \u012fkv\u0117pim\u0173?<\/h3>\n<p class=\"\" data-start=\"3513\" data-end=\"3989\">BANG KING 45000 si\u016blo daugiau nei \u012fprast\u0105 d\u016bm\u0173 patirt\u012f. Su 45 000 \u012fkv\u0117pim\u0173, \u012fsp\u016bdinga 45 ml skys\u010dio talpa ir trij\u0173 unikali\u0173 aromat\u0173 pasirinkimu \u2013 tai tobula pasirinktis d\u016bm\u0173 m\u0117g\u0117jams, ie\u0161kantiems intensyvios ir \u012fvairov\u0117s kupinos patirties. Nesvarbu, ar kasdieniam naudojimui, ar ypatingoms akimirkoms \u2013 \u0161i \u012franga u\u017etikrina, kad visada gal\u0117site m\u0117gautis tobulai vaisi\u0173 skonio doze.<\/p>\n<p class=\"\" data-start=\"3991\" data-end=\"4266\">D\u0117l tinklelio rit\u0117s technologijos ir daugyb\u0117s nikotino pasirinkim\u0173, BANG KING 45000 tinka tiek pradedantiesiems, tiek patyrusiems d\u016bm\u0173 m\u0117g\u0117jams. Jei vertinate skon\u012f, na\u0161um\u0105 ir patogum\u0105 naudotis, b\u016bsite su\u017eav\u0117ti \u0161iuo \u012frenginiu.<\/p>\n<p class=\"\" data-start=\"4283\" data-end=\"4845\">BANG KING 45000 \u012fkv\u0117pim\u0173 yra tobulas pasirinkimas visiems garintojams, ie\u0161kantiems i\u0161skirtin\u0117s skonio patirties. Su \u0161vie\u017eiais ananaso kokoso, bra\u0161ki\u0173 banano ir m\u0117lynojo Razz aromatais, \u0161is vienkartinis vape si\u016blo daugyb\u0119 intensyvi\u0173 ir gaivinan\u010di\u0173 skoni\u0173. Didelis \u012fkv\u0117pim\u0173 skai\u010dius, patogus naudojimas ir pa\u017eangi technologija daro BANG KING 45000 puikiu pasirinkimu visiems, ie\u0161kantiems auk\u0161tos kokyb\u0117s garavimo malonumo.<\/p>","protected":false},"excerpt":{"rendered":"<p>BANG KING 45000 Z\u00fcge Pineapple Coconut &#8211; Strawberry Banana &#8211; Blue Razz: Ein fruchtiges Dampfvergn\u00fcgen der Extraklasse Die BANG KING 45000 Z\u00fcge Einweg-E-Zigarette ist die perfekte Wahl f\u00fcr Dampfer, die auf der Suche nach einem intensiven und abwechslungsreichen Geschmackserlebnis sind. Mit einer erstaunlichen Kapazit\u00e4t von 45.000 Z\u00fcgen und einer einzigartigen Auswahl an drei fruchtigen Aromen [&hellip;]<\/p>","protected":false},"featured_media":16298,"template":"","meta":{"inline_featured_image":false},"product_cat":[779],"product_tag":[780],"tiered_pricing_type":"fixed","tiered_pricing_fixed_rules":[],"tiered_pricing_percentage_rules":[],"tiered_pricing_minimum":1,"_administrator_tiered_pricing_type":"fixed","_administrator_tiered_pricing_fixed_rules":[],"_editor_tiered_pricing_type":"fixed","_editor_tiered_pricing_fixed_rules":[],"_author_tiered_pricing_type":"fixed","_author_tiered_pricing_fixed_rules":[],"_contributor_tiered_pricing_type":"fixed","_contributor_tiered_pricing_fixed_rules":[],"_subscriber_tiered_pricing_type":"fixed","_subscriber_tiered_pricing_fixed_rules":[],"_customer_tiered_pricing_type":"fixed","_customer_tiered_pricing_fixed_rules":[],"_shop_manager_tiered_pricing_type":"fixed","_shop_manager_tiered_pricing_fixed_rules":[],"_wpseo_manager_tiered_pricing_type":"fixed","_wpseo_manager_tiered_pricing_fixed_rules":[],"_wpseo_editor_tiered_pricing_type":"fixed","_wpseo_editor_tiered_pricing_fixed_rules":[],"_wholesale_customer_tiered_pricing_type":"fixed","_wholesale_customer_tiered_pricing_fixed_rules":[],"_marketer_tiered_pricing_type":"fixed","_marketer_tiered_pricing_fixed_rules":[],"_sales_manager_tiered_pricing_type":"fixed","_sales_manager_tiered_pricing_fixed_rules":[],"_sales_rep_tiered_pricing_type":"fixed","_sales_rep_tiered_pricing_fixed_rules":[],"yoast_head":"<!-- This site is optimized with the Yoast SEO plugin v23.3 - https:\/\/yoast.com\/wordpress\/plugins\/seo\/ -->\n<title>BANG KING 45000 Z\u00fcge Pineapple Coconut-Strawberry Banana-Blue Razz f\u00fcr intensiven Dampfgenuss | ElementVape.de<\/title>\n<meta name=\"description\" content=\"BANG KING 45000 Z\u00fcge bietet erfrischende Aromen wie Pineapple Coconut, Strawberry Banana und Blue Razz f\u00fcr ein intensives und langanhaltendes Dampferlebnis.\" \/>\n<meta name=\"robots\" content=\"index, follow, max-snippet:-1, max-image-preview:large, max-video-preview:-1\" \/>\n<link rel=\"canonical\" href=\"https:\/\/www.elementvape.de\/lt\/produkt\/bang-king-45000-zuege-pineapple-coconut-strawberry-banana-blue-razz-fuer-intensiven-dampfgenuss\/\" \/>\n<meta property=\"og:locale\" content=\"lt_LT\" \/>\n<meta property=\"og:type\" content=\"article\" \/>\n<meta property=\"og:title\" content=\"BANG KING 45000 Z\u00fcge Pineapple Coconut-Strawberry Banana-Blue Razz f\u00fcr intensiven Dampfgenuss | ElementVape.de\" \/>\n<meta property=\"og:description\" content=\"BANG KING 45000 Z\u00fcge bietet erfrischende Aromen wie Pineapple Coconut, Strawberry Banana und Blue Razz f\u00fcr ein intensives und langanhaltendes Dampferlebnis.\" \/>\n<meta property=\"og:url\" content=\"https:\/\/www.elementvape.de\/lt\/produkt\/bang-king-45000-zuege-pineapple-coconut-strawberry-banana-blue-razz-fuer-intensiven-dampfgenuss\/\" \/>\n<meta property=\"og:site_name\" content=\"ElementVape.de\" \/>\n<meta property=\"article:modified_time\" content=\"2025-04-19T06:13:05+00:00\" \/>\n<meta property=\"og:image\" content=\"https:\/\/www.elementvape.de\/wp-content\/uploads\/2025\/04\/bangking45k-Pineapple-Coconut-Strawberry-Banana-Blue-Razz.jpg\" \/>\n\t<meta property=\"og:image:width\" content=\"698\" \/>\n\t<meta property=\"og:image:height\" content=\"771\" \/>\n\t<meta property=\"og:image:type\" content=\"image\/jpeg\" \/>\n<meta name=\"twitter:card\" content=\"summary_large_image\" \/>\n<meta name=\"twitter:label1\" content=\"Est. reading time\" \/>\n\t<meta name=\"twitter:data1\" content=\"4 minut\u0117s\" \/>\n<script type=\"application\/ld+json\" class=\"yoast-schema-graph\">{\"@context\":\"https:\/\/schema.org\",\"@graph\":[{\"@type\":\"WebPage\",\"@id\":\"https:\/\/www.elementvape.de\/sk\/produkt\/bang-king-45000-zuege-pineapple-coconut-strawberry-banana-blue-razz-fuer-intensiven-dampfgenuss\/\",\"url\":\"https:\/\/www.elementvape.de\/sk\/produkt\/bang-king-45000-zuege-pineapple-coconut-strawberry-banana-blue-razz-fuer-intensiven-dampfgenuss\/\",\"name\":\"BANG KING 45000 Z\u00fcge Pineapple Coconut-Strawberry Banana-Blue Razz f\u00fcr intensiven Dampfgenuss | ElementVape.de\",\"isPartOf\":{\"@id\":\"https:\/\/www.elementvape.de\/#website\"},\"primaryImageOfPage\":{\"@id\":\"https:\/\/www.elementvape.de\/sk\/produkt\/bang-king-45000-zuege-pineapple-coconut-strawberry-banana-blue-razz-fuer-intensiven-dampfgenuss\/#primaryimage\"},\"image\":{\"@id\":\"https:\/\/www.elementvape.de\/sk\/produkt\/bang-king-45000-zuege-pineapple-coconut-strawberry-banana-blue-razz-fuer-intensiven-dampfgenuss\/#primaryimage\"},\"thumbnailUrl\":\"https:\/\/www.elementvape.de\/wp-content\/uploads\/2025\/04\/bangking45k-Pineapple-Coconut-Strawberry-Banana-Blue-Razz.jpg\",\"datePublished\":\"2025-04-19T06:01:38+00:00\",\"dateModified\":\"2025-04-19T06:13:05+00:00\",\"description\":\"BANG KING 45000 Z\u00fcge bietet erfrischende Aromen wie Pineapple Coconut, Strawberry Banana und Blue Razz f\u00fcr ein intensives und langanhaltendes Dampferlebnis.\",\"breadcrumb\":{\"@id\":\"https:\/\/www.elementvape.de\/sk\/produkt\/bang-king-45000-zuege-pineapple-coconut-strawberry-banana-blue-razz-fuer-intensiven-dampfgenuss\/#breadcrumb\"},\"inLanguage\":\"lt-LT\",\"potentialAction\":[{\"@type\":\"ReadAction\",\"target\":[\"https:\/\/www.elementvape.de\/sk\/produkt\/bang-king-45000-zuege-pineapple-coconut-strawberry-banana-blue-razz-fuer-intensiven-dampfgenuss\/\"]}]},{\"@type\":\"ImageObject\",\"inLanguage\":\"lt-LT\",\"@id\":\"https:\/\/www.elementvape.de\/sk\/produkt\/bang-king-45000-zuege-pineapple-coconut-strawberry-banana-blue-razz-fuer-intensiven-dampfgenuss\/#primaryimage\",\"url\":\"https:\/\/www.elementvape.de\/wp-content\/uploads\/2025\/04\/bangking45k-Pineapple-Coconut-Strawberry-Banana-Blue-Razz.jpg\",\"contentUrl\":\"https:\/\/www.elementvape.de\/wp-content\/uploads\/2025\/04\/bangking45k-Pineapple-Coconut-Strawberry-Banana-Blue-Razz.jpg\",\"width\":698,\"height\":771},{\"@type\":\"BreadcrumbList\",\"@id\":\"https:\/\/www.elementvape.de\/sk\/produkt\/bang-king-45000-zuege-pineapple-coconut-strawberry-banana-blue-razz-fuer-intensiven-dampfgenuss\/#breadcrumb\",\"itemListElement\":[{\"@type\":\"ListItem\",\"position\":1,\"name\":\"Home\",\"item\":\"https:\/\/www.elementvape.de\/\"},{\"@type\":\"ListItem\",\"position\":2,\"name\":\"Shop\",\"item\":\"https:\/\/www.elementvape.de\/shop\/\"},{\"@type\":\"ListItem\",\"position\":3,\"name\":\"BANG KING 45000 Z\u00fcge Pineapple Coconut-Strawberry Banana-Blue Razz f\u00fcr intensiven Dampfgenuss\"}]},{\"@type\":\"WebSite\",\"@id\":\"https:\/\/www.elementvape.de\/#website\",\"url\":\"https:\/\/www.elementvape.de\/\",\"name\":\"ElementVape.de\",\"description\":\"\",\"publisher\":{\"@id\":\"https:\/\/www.elementvape.de\/#organization\"},\"potentialAction\":[{\"@type\":\"SearchAction\",\"target\":{\"@type\":\"EntryPoint\",\"urlTemplate\":\"https:\/\/www.elementvape.de\/?s={search_term_string}\"},\"query-input\":\"required name=search_term_string\"}],\"inLanguage\":\"lt-LT\"},{\"@type\":\"Organization\",\"@id\":\"https:\/\/www.elementvape.de\/#organization\",\"name\":\"ElementVape.DE\",\"url\":\"https:\/\/www.elementvape.de\/\",\"logo\":{\"@type\":\"ImageObject\",\"inLanguage\":\"lt-LT\",\"@id\":\"https:\/\/www.elementvape.de\/#\/schema\/logo\/image\/\",\"url\":\"https:\/\/www.elementvape.de\/wp-content\/uploads\/2024\/09\/cropped-1elementvape-3.png\",\"contentUrl\":\"https:\/\/www.elementvape.de\/wp-content\/uploads\/2024\/09\/cropped-1elementvape-3.png\",\"width\":285,\"height\":228,\"caption\":\"ElementVape.DE\"},\"image\":{\"@id\":\"https:\/\/www.elementvape.de\/#\/schema\/logo\/image\/\"}}]}<\/script>\n<!-- \/ Yoast SEO plugin. -->","yoast_head_json":{"title":"BANG KING 45000 Z\u00fcge Pineapple Coconut-Strawberry Banana-Blue Razz f\u00fcr intensiven Dampfgenuss | ElementVape.de","description":"BANG KING 45000 Z\u00fcge bietet erfrischende Aromen wie Pineapple Coconut, Strawberry Banana und Blue Razz f\u00fcr ein intensives und langanhaltendes Dampferlebnis.","robots":{"index":"index","follow":"follow","max-snippet":"max-snippet:-1","max-image-preview":"max-image-preview:large","max-video-preview":"max-video-preview:-1"},"canonical":"https:\/\/www.elementvape.de\/lt\/produkt\/bang-king-45000-zuege-pineapple-coconut-strawberry-banana-blue-razz-fuer-intensiven-dampfgenuss\/","og_locale":"lt_LT","og_type":"article","og_title":"BANG KING 45000 Z\u00fcge Pineapple Coconut-Strawberry Banana-Blue Razz f\u00fcr intensiven Dampfgenuss | ElementVape.de","og_description":"BANG KING 45000 Z\u00fcge bietet erfrischende Aromen wie Pineapple Coconut, Strawberry Banana und Blue Razz f\u00fcr ein intensives und langanhaltendes Dampferlebnis.","og_url":"https:\/\/www.elementvape.de\/lt\/produkt\/bang-king-45000-zuege-pineapple-coconut-strawberry-banana-blue-razz-fuer-intensiven-dampfgenuss\/","og_site_name":"ElementVape.de","article_modified_time":"2025-04-19T06:13:05+00:00","og_image":[{"width":698,"height":771,"url":"https:\/\/www.elementvape.de\/wp-content\/uploads\/2025\/04\/bangking45k-Pineapple-Coconut-Strawberry-Banana-Blue-Razz.jpg","type":"image\/jpeg"}],"twitter_card":"summary_large_image","twitter_misc":{"Est. reading time":"4 minut\u0117s"},"schema":{"@context":"https:\/\/schema.org","@graph":[{"@type":"WebPage","@id":"https:\/\/www.elementvape.de\/sk\/produkt\/bang-king-45000-zuege-pineapple-coconut-strawberry-banana-blue-razz-fuer-intensiven-dampfgenuss\/","url":"https:\/\/www.elementvape.de\/sk\/produkt\/bang-king-45000-zuege-pineapple-coconut-strawberry-banana-blue-razz-fuer-intensiven-dampfgenuss\/","name":"BANG KING 45000 Z\u00fcge Pineapple Coconut-Strawberry Banana-Blue Razz f\u00fcr intensiven Dampfgenuss | ElementVape.de","isPartOf":{"@id":"https:\/\/www.elementvape.de\/#website"},"primaryImageOfPage":{"@id":"https:\/\/www.elementvape.de\/sk\/produkt\/bang-king-45000-zuege-pineapple-coconut-strawberry-banana-blue-razz-fuer-intensiven-dampfgenuss\/#primaryimage"},"image":{"@id":"https:\/\/www.elementvape.de\/sk\/produkt\/bang-king-45000-zuege-pineapple-coconut-strawberry-banana-blue-razz-fuer-intensiven-dampfgenuss\/#primaryimage"},"thumbnailUrl":"https:\/\/www.elementvape.de\/wp-content\/uploads\/2025\/04\/bangking45k-Pineapple-Coconut-Strawberry-Banana-Blue-Razz.jpg","datePublished":"2025-04-19T06:01:38+00:00","dateModified":"2025-04-19T06:13:05+00:00","description":"BANG KING 45000 Z\u00fcge bietet erfrischende Aromen wie Pineapple Coconut, Strawberry Banana und Blue Razz f\u00fcr ein intensives und langanhaltendes Dampferlebnis.","breadcrumb":{"@id":"https:\/\/www.elementvape.de\/sk\/produkt\/bang-king-45000-zuege-pineapple-coconut-strawberry-banana-blue-razz-fuer-intensiven-dampfgenuss\/#breadcrumb"},"inLanguage":"lt-LT","potentialAction":[{"@type":"ReadAction","target":["https:\/\/www.elementvape.de\/sk\/produkt\/bang-king-45000-zuege-pineapple-coconut-strawberry-banana-blue-razz-fuer-intensiven-dampfgenuss\/"]}]},{"@type":"ImageObject","inLanguage":"lt-LT","@id":"https:\/\/www.elementvape.de\/sk\/produkt\/bang-king-45000-zuege-pineapple-coconut-strawberry-banana-blue-razz-fuer-intensiven-dampfgenuss\/#primaryimage","url":"https:\/\/www.elementvape.de\/wp-content\/uploads\/2025\/04\/bangking45k-Pineapple-Coconut-Strawberry-Banana-Blue-Razz.jpg","contentUrl":"https:\/\/www.elementvape.de\/wp-content\/uploads\/2025\/04\/bangking45k-Pineapple-Coconut-Strawberry-Banana-Blue-Razz.jpg","width":698,"height":771},{"@type":"BreadcrumbList","@id":"https:\/\/www.elementvape.de\/sk\/produkt\/bang-king-45000-zuege-pineapple-coconut-strawberry-banana-blue-razz-fuer-intensiven-dampfgenuss\/#breadcrumb","itemListElement":[{"@type":"ListItem","position":1,"name":"Home","item":"https:\/\/www.elementvape.de\/"},{"@type":"ListItem","position":2,"name":"Shop","item":"https:\/\/www.elementvape.de\/shop\/"},{"@type":"ListItem","position":3,"name":"BANG KING 45000 Z\u00fcge Pineapple Coconut-Strawberry Banana-Blue Razz f\u00fcr intensiven Dampfgenuss"}]},{"@type":"WebSite","@id":"https:\/\/www.elementvape.de\/#website","url":"https:\/\/www.elementvape.de\/","name":"ElementVape.de","description":"","publisher":{"@id":"https:\/\/www.elementvape.de\/#organization"},"potentialAction":[{"@type":"SearchAction","target":{"@type":"EntryPoint","urlTemplate":"https:\/\/www.elementvape.de\/?s={search_term_string}"},"query-input":"required name=search_term_string"}],"inLanguage":"lt-LT"},{"@type":"Organization","@id":"https:\/\/www.elementvape.de\/#organization","name":"ElementVape.DE","url":"https:\/\/www.elementvape.de\/","logo":{"@type":"ImageObject","inLanguage":"lt-LT","@id":"https:\/\/www.elementvape.de\/#\/schema\/logo\/image\/","url":"https:\/\/www.elementvape.de\/wp-content\/uploads\/2024\/09\/cropped-1elementvape-3.png","contentUrl":"https:\/\/www.elementvape.de\/wp-content\/uploads\/2024\/09\/cropped-1elementvape-3.png","width":285,"height":228,"caption":"ElementVape.DE"},"image":{"@id":"https:\/\/www.elementvape.de\/#\/schema\/logo\/image\/"}}]}},"_links":{"self":[{"href":"https:\/\/www.elementvape.de\/lt\/wp-json\/wp\/v2\/product\/16314"}],"collection":[{"href":"https:\/\/www.elementvape.de\/lt\/wp-json\/wp\/v2\/product"}],"about":[{"href":"https:\/\/www.elementvape.de\/lt\/wp-json\/wp\/v2\/types\/product"}],"wp:featuredmedia":[{"embeddable":true,"href":"https:\/\/www.elementvape.de\/lt\/wp-json\/wp\/v2\/media\/16298"}],"wp:attachment":[{"href":"https:\/\/www.elementvape.de\/lt\/wp-json\/wp\/v2\/media?parent=16314"}],"wp:term":[{"taxonomy":"product_cat","embeddable":true,"href":"https:\/\/www.elementvape.de\/lt\/wp-json\/wp\/v2\/product_cat?post=16314"},{"taxonomy":"product_tag","embeddable":true,"href":"https:\/\/www.elementvape.de\/lt\/wp-json\/wp\/v2\/product_tag?post=16314"}],"curies":[{"name":"wp","href":"https:\/\/api.w.org\/{rel}","templated":true}]}}