{"id":16293,"date":"2025-04-19T01:42:18","date_gmt":"2025-04-19T01:42:18","guid":{"rendered":"https:\/\/www.elementvape.de\/?post_type=product&#038;p=16293"},"modified":"2025-04-19T02:03:31","modified_gmt":"2025-04-19T02:03:31","slug":"bang-king-45000-zuege-geniesse-die-ultimative-geschmacksexplosion-aus-wassermelone-red-bull-erdbeer-kiwi-fuer-ganztaegigen-dampfgenuss","status":"publish","type":"product","link":"https:\/\/www.elementvape.de\/lt\/produkt\/bang-king-45000-zuege-geniesse-die-ultimative-geschmacksexplosion-aus-wassermelone-red-bull-erdbeer-kiwi-fuer-ganztaegigen-dampfgenuss\/","title":{"rendered":"BANG KING 45000 \u012ekv\u0117pim\u0173 M\u0117gaukit\u0117s nepakartojamu arb\u016bzo, Red Bull ir bra\u0161ki\u0173-kivi skoni\u0173 sprogimu visos dienos garinimo malonumui"},"content":{"rendered":"<h2 data-start=\"75\" data-end=\"156\">BANG KING 45000 \u012fkv\u0117pim\u0173 trigubas vaisi\u0173 malonumas reikalaujantiems garintojams<\/h2>\n<p class=\"\" data-start=\"158\" data-end=\"443\">BANG KING 45000 \u012fkv\u0117pim\u0173 rei\u0161kia nauj\u0105 lyg\u012f garinimo: galingas, intensyvaus skonio ir visi\u0161kai patogus naudoti. Su trimis atskirais E-liquido kameromis, apr\u016bpintomis pa\u017eangiais tinklelio rit\u0117mis, \u0161is \u012frenginys sujungia \u012fvairov\u0119 ir kokyb\u0119 kaip niekas kitas.<\/p>\n<h3 class=\"\" data-start=\"450\" data-end=\"493\">Trigubas skonis viename \u012frenginyje<\/h3>\n<p class=\"\" data-start=\"495\" data-end=\"612\">D\u0117ka inovatyvios 3 kamer\u0173 konstrukcijos, galite m\u0117gautis trimis skirtingais skoniais \u2013 visi\u0161kai be \u012frengini\u0173 keitimo:<\/p>\n<ul data-start=\"614\" data-end=\"813\">\n<li class=\"\" data-start=\"614\" data-end=\"669\">\n<p class=\"\" data-start=\"616\" data-end=\"669\">Vandmelionas \u2013 vaisi\u0161kas, sultingas ir gaivus<\/p>\n<\/li>\n<li class=\"\" data-start=\"670\" data-end=\"740\">\n<p class=\"\" data-start=\"672\" data-end=\"740\">Red Bull \u2013 energingas, putojantis su b\u016bdingu energijos \u0161\u016bviu<\/p>\n<\/li>\n<li class=\"\" data-start=\"741\" data-end=\"813\">\n<p class=\"\" data-start=\"743\" data-end=\"813\">Bra\u0161k\u0117-Kiwi \u2013 saldus-s\u016brus ir egzoti\u0161kas tobulame balanse<\/p>\n<\/li>\n<\/ul>\n<p class=\"\" data-start=\"815\" data-end=\"923\">\u012evairov\u0117 skonio r\u016b\u0161i\u0173 u\u017etikrina ilgalaik\u012f garinimo malonum\u0105, kuris nepavargsta.<\/p>\n<h3 class=\"\" data-start=\"930\" data-end=\"970\">Technin\u0117s savyb\u0117s ap\u017evalga<\/h3>\n<p class=\"\" data-start=\"972\" data-end=\"1077\">BANG KING 45000 \u012fkv\u0117pim\u0173 ne tik skonio po\u017ei\u016briu yra i\u0161skirtinis \u2013 ir techniniu po\u017ei\u016briu \u012frenginys \u012ftikinamas:<\/p>\n<ul data-start=\"1079\" data-end=\"1471\">\n<li class=\"\" data-start=\"1079\" data-end=\"1107\">\n<p class=\"\" data-start=\"1081\" data-end=\"1107\">\u012ekv\u0117pim\u0173: iki 45000<\/p>\n<\/li>\n<li class=\"\" data-start=\"1108\" data-end=\"1153\">\n<p class=\"\" data-start=\"1110\" data-end=\"1153\">E-liquido talpa: 15 ml + 15 ml + 15 ml<\/p>\n<\/li>\n<li class=\"\" data-start=\"1154\" data-end=\"1197\">\n<p class=\"\" data-start=\"1156\" data-end=\"1197\">Rit\u0117s tipas: 3-j\u0173 tinklelio rit\u0117s su 1,0 Ohm<\/p>\n<\/li>\n<li class=\"\" data-start=\"1198\" data-end=\"1247\">\n<p class=\"\" data-start=\"1200\" data-end=\"1247\">Nikotino kiekis: 0 %, 2 %, 3 % arba 5 % pasirinktinai<\/p>\n<\/li>\n<li class=\"\" data-start=\"1248\" data-end=\"1282\">\n<p class=\"\" data-start=\"1250\" data-end=\"1282\">Baterija: 650 mAh, \u012fkraunama<\/p>\n<\/li>\n<li class=\"\" data-start=\"1283\" data-end=\"1311\">\n<p class=\"\" data-start=\"1285\" data-end=\"1311\">\u012ekrovimo jungtis: USB Tipo-C<\/p>\n<\/li>\n<li class=\"\" data-start=\"1312\" data-end=\"1365\">\n<p class=\"\" data-start=\"1314\" data-end=\"1365\">\u012ekrovimo laikas: pilnai \u012fkraunama per ma\u017edaug 2 valandas<\/p>\n<\/li>\n<li class=\"\" data-start=\"1366\" data-end=\"1405\">\n<p class=\"\" data-start=\"1368\" data-end=\"1405\">\u012erenginio tipas: vienkartinis vape (Disposable)<\/p>\n<\/li>\n<li class=\"\" data-start=\"1406\" data-end=\"1430\">\n<p class=\"\" data-start=\"1408\" data-end=\"1430\">Serija: Vaisi\u0173 serija<\/p>\n<\/li>\n<li class=\"\" data-start=\"1431\" data-end=\"1471\">\n<p class=\"\" data-start=\"1433\" data-end=\"1471\">Pakuot\u0117s vienetas: 10 vnt. kiekvienoje d\u0117\u017eut\u0117je<\/p>\n<\/li>\n<\/ul>\n<h3 class=\"\" data-start=\"1478\" data-end=\"1520\">BANG KING 45000 \u012fkv\u0117pim\u0173 privalumai<\/h3>\n<ul data-start=\"1522\" data-end=\"1834\">\n<li class=\"\" data-start=\"1522\" data-end=\"1566\">\n<p class=\"\" data-start=\"1524\" data-end=\"1566\">Trys skoni\u0173 r\u016b\u0161ys viename \u012frenginyje<\/p>\n<\/li>\n<li class=\"\" data-start=\"1567\" data-end=\"1619\">\n<p class=\"\" data-start=\"1569\" data-end=\"1619\">Intensyvios gar\u0173 debesys d\u0117ka Mesh Coil technologijos<\/p>\n<\/li>\n<li class=\"\" data-start=\"1620\" data-end=\"1665\">\n<p class=\"\" data-start=\"1622\" data-end=\"1665\">Nereikia papildyti ar pri\u017ei\u016br\u0117ti<\/p>\n<\/li>\n<li class=\"\" data-start=\"1666\" data-end=\"1709\">\n<p class=\"\" data-start=\"1668\" data-end=\"1709\">Greito \u012fkrovimo funkcija su Tipo-C jungtimi<\/p>\n<\/li>\n<li class=\"\" data-start=\"1710\" data-end=\"1774\">\n<p class=\"\" data-start=\"1712\" data-end=\"1774\">Nikotino stiprumo pasirinkimas \u012fvairiems vartotoj\u0173 poreikiams<\/p>\n<\/li>\n<li class=\"\" data-start=\"1775\" data-end=\"1834\">\n<p class=\"\" data-start=\"1777\" data-end=\"1834\">Idealiai tinkamas kelion\u0117ms, keliaujant ar kasdieniam naudojimui<\/p>\n<\/li>\n<\/ul>\n<h3 class=\"\" data-start=\"1841\" data-end=\"1884\">Kam skirtas BANG KING?<\/h3>\n<p class=\"\" data-start=\"1886\" data-end=\"2158\">\u0160is produktas skirtas garintojams, kurie ie\u0161ko paprasto, bet galingo \u012frenginio su \u012fvairove. Nesvarbu, ar esi vis\u0105 dien\u0105 keliaujantis, ar norintis atsipalaiduoti namuose \u2013 BANG KING suteikia patikim\u0105 malonum\u0105 auk\u0161\u010diausios kokyb\u0117s bet kuriuo metu.<\/p>\n<p class=\"\" data-start=\"2180\" data-end=\"2530\">BANG KING 45000 \u012fkv\u0117pim\u0173 sujungia pa\u017eangiausi\u0105 technologij\u0105 su maksimaliu skoniu. Trys intensyv\u016bs vaisi\u0173 aromatai, ilgas naudojimo laikas ir paprastas valdymas daro j\u012f puikia pasirinkimu visiems, kurie tikisi daugiau i\u0161 garinimo. Patirk nauj\u0105 skonio pasaul\u012f su kiekvienu \u012fkv\u0117pimu ir m\u0117gaukis individualiu garinimo patirtimi be kompromis\u0173.<\/p>\n<p class=\"\" data-start=\"2532\" data-end=\"2584\">Dabar i\u0161bandykite ir patirkite BANG KING kokyb\u0119.<\/p>","protected":false},"excerpt":{"rendered":"<p>BANG KING 45000 Z\u00fcge Dreifacher Fruchtgenuss f\u00fcr anspruchsvolle Dampfer Der BANG KING 45000 Puffs steht f\u00fcr ein neues Level des Dampfens: leistungsstark, geschmacksintensiv und absolut benutzerfreundlich. Mit drei separaten E-Liquid-Kammern, ausgestattet mit fortschrittlichen Mesh-Coils, vereint dieses Ger\u00e4t Vielfalt und Qualit\u00e4t wie kaum ein anderes. Dreifacher Geschmack in einem Ger\u00e4t Dank der innovativen 3-Kammer-Konstruktion kannst du [&hellip;]<\/p>","protected":false},"featured_media":16295,"template":"","meta":{"inline_featured_image":false},"product_cat":[779],"product_tag":[780],"tiered_pricing_type":"fixed","tiered_pricing_fixed_rules":[],"tiered_pricing_percentage_rules":[],"tiered_pricing_minimum":1,"_administrator_tiered_pricing_type":"fixed","_administrator_tiered_pricing_fixed_rules":[],"_editor_tiered_pricing_type":"fixed","_editor_tiered_pricing_fixed_rules":[],"_author_tiered_pricing_type":"fixed","_author_tiered_pricing_fixed_rules":[],"_contributor_tiered_pricing_type":"fixed","_contributor_tiered_pricing_fixed_rules":[],"_subscriber_tiered_pricing_type":"fixed","_subscriber_tiered_pricing_fixed_rules":[],"_customer_tiered_pricing_type":"fixed","_customer_tiered_pricing_fixed_rules":[],"_shop_manager_tiered_pricing_type":"fixed","_shop_manager_tiered_pricing_fixed_rules":[],"_wpseo_manager_tiered_pricing_type":"fixed","_wpseo_manager_tiered_pricing_fixed_rules":[],"_wpseo_editor_tiered_pricing_type":"fixed","_wpseo_editor_tiered_pricing_fixed_rules":[],"_wholesale_customer_tiered_pricing_type":"fixed","_wholesale_customer_tiered_pricing_fixed_rules":[],"_marketer_tiered_pricing_type":"fixed","_marketer_tiered_pricing_fixed_rules":[],"_sales_manager_tiered_pricing_type":"fixed","_sales_manager_tiered_pricing_fixed_rules":[],"_sales_rep_tiered_pricing_type":"fixed","_sales_rep_tiered_pricing_fixed_rules":[],"yoast_head":"<!-- This site is optimized with the Yoast SEO plugin v23.3 - https:\/\/yoast.com\/wordpress\/plugins\/seo\/ -->\n<title>BANG KING 45000 Z\u00fcge Genie\u00dfe die ultimative Geschmacksexplosion aus Wassermelone, Red Bull &amp; Erdbeer-Kiwi f\u00fcr ganzt\u00e4gigen Dampfgenuss | ElementVape.de<\/title>\n<meta name=\"description\" content=\"BANG KING 45000 Puffs mit 3 Geschmacksrichtungen: Wassermelone, Red Bull, Erdbeer-Kiwi. Intensiver Dampf, lange Laufzeit, Top-Genuss\" \/>\n<meta name=\"robots\" content=\"index, follow, max-snippet:-1, max-image-preview:large, max-video-preview:-1\" \/>\n<link rel=\"canonical\" href=\"https:\/\/www.elementvape.de\/lt\/produkt\/bang-king-45000-zuege-geniesse-die-ultimative-geschmacksexplosion-aus-wassermelone-red-bull-erdbeer-kiwi-fuer-ganztaegigen-dampfgenuss\/\" \/>\n<meta property=\"og:locale\" content=\"lt_LT\" \/>\n<meta property=\"og:type\" content=\"article\" \/>\n<meta property=\"og:title\" content=\"BANG KING 45000 Z\u00fcge Genie\u00dfe die ultimative Geschmacksexplosion aus Wassermelone, Red Bull &amp; Erdbeer-Kiwi f\u00fcr ganzt\u00e4gigen Dampfgenuss | ElementVape.de\" \/>\n<meta property=\"og:description\" content=\"BANG KING 45000 Puffs mit 3 Geschmacksrichtungen: Wassermelone, Red Bull, Erdbeer-Kiwi. Intensiver Dampf, lange Laufzeit, Top-Genuss\" \/>\n<meta property=\"og:url\" content=\"https:\/\/www.elementvape.de\/lt\/produkt\/bang-king-45000-zuege-geniesse-die-ultimative-geschmacksexplosion-aus-wassermelone-red-bull-erdbeer-kiwi-fuer-ganztaegigen-dampfgenuss\/\" \/>\n<meta property=\"og:site_name\" content=\"ElementVape.de\" \/>\n<meta property=\"article:modified_time\" content=\"2025-04-19T02:03:31+00:00\" \/>\n<meta property=\"og:image\" content=\"https:\/\/www.elementvape.de\/wp-content\/uploads\/2025\/04\/bangking45k-Watermelon-Red-Bull-Strawberry-Kiwi.jpg\" \/>\n\t<meta property=\"og:image:width\" content=\"679\" \/>\n\t<meta property=\"og:image:height\" content=\"750\" \/>\n\t<meta property=\"og:image:type\" content=\"image\/jpeg\" \/>\n<meta name=\"twitter:card\" content=\"summary_large_image\" \/>\n<meta name=\"twitter:label1\" content=\"Est. reading time\" \/>\n\t<meta name=\"twitter:data1\" content=\"2 minut\u0117s\" \/>\n<script type=\"application\/ld+json\" class=\"yoast-schema-graph\">{\"@context\":\"https:\/\/schema.org\",\"@graph\":[{\"@type\":\"WebPage\",\"@id\":\"https:\/\/www.elementvape.de\/produkt\/bang-king-45000-zuege-geniesse-die-ultimative-geschmacksexplosion-aus-wassermelone-red-bull-erdbeer-kiwi-fuer-ganztaegigen-dampfgenuss\/\",\"url\":\"https:\/\/www.elementvape.de\/produkt\/bang-king-45000-zuege-geniesse-die-ultimative-geschmacksexplosion-aus-wassermelone-red-bull-erdbeer-kiwi-fuer-ganztaegigen-dampfgenuss\/\",\"name\":\"BANG KING 45000 Z\u00fcge Genie\u00dfe die ultimative Geschmacksexplosion aus Wassermelone, Red Bull & Erdbeer-Kiwi f\u00fcr ganzt\u00e4gigen Dampfgenuss | ElementVape.de\",\"isPartOf\":{\"@id\":\"https:\/\/www.elementvape.de\/#website\"},\"primaryImageOfPage\":{\"@id\":\"https:\/\/www.elementvape.de\/produkt\/bang-king-45000-zuege-geniesse-die-ultimative-geschmacksexplosion-aus-wassermelone-red-bull-erdbeer-kiwi-fuer-ganztaegigen-dampfgenuss\/#primaryimage\"},\"image\":{\"@id\":\"https:\/\/www.elementvape.de\/produkt\/bang-king-45000-zuege-geniesse-die-ultimative-geschmacksexplosion-aus-wassermelone-red-bull-erdbeer-kiwi-fuer-ganztaegigen-dampfgenuss\/#primaryimage\"},\"thumbnailUrl\":\"https:\/\/www.elementvape.de\/wp-content\/uploads\/2025\/04\/bangking45k-Watermelon-Red-Bull-Strawberry-Kiwi.jpg\",\"datePublished\":\"2025-04-19T01:42:18+00:00\",\"dateModified\":\"2025-04-19T02:03:31+00:00\",\"description\":\"BANG KING 45000 Puffs mit 3 Geschmacksrichtungen: Wassermelone, Red Bull, Erdbeer-Kiwi. Intensiver Dampf, lange Laufzeit, Top-Genuss\",\"breadcrumb\":{\"@id\":\"https:\/\/www.elementvape.de\/produkt\/bang-king-45000-zuege-geniesse-die-ultimative-geschmacksexplosion-aus-wassermelone-red-bull-erdbeer-kiwi-fuer-ganztaegigen-dampfgenuss\/#breadcrumb\"},\"inLanguage\":\"lt-LT\",\"potentialAction\":[{\"@type\":\"ReadAction\",\"target\":[\"https:\/\/www.elementvape.de\/produkt\/bang-king-45000-zuege-geniesse-die-ultimative-geschmacksexplosion-aus-wassermelone-red-bull-erdbeer-kiwi-fuer-ganztaegigen-dampfgenuss\/\"]}]},{\"@type\":\"ImageObject\",\"inLanguage\":\"lt-LT\",\"@id\":\"https:\/\/www.elementvape.de\/produkt\/bang-king-45000-zuege-geniesse-die-ultimative-geschmacksexplosion-aus-wassermelone-red-bull-erdbeer-kiwi-fuer-ganztaegigen-dampfgenuss\/#primaryimage\",\"url\":\"https:\/\/www.elementvape.de\/wp-content\/uploads\/2025\/04\/bangking45k-Watermelon-Red-Bull-Strawberry-Kiwi.jpg\",\"contentUrl\":\"https:\/\/www.elementvape.de\/wp-content\/uploads\/2025\/04\/bangking45k-Watermelon-Red-Bull-Strawberry-Kiwi.jpg\",\"width\":679,\"height\":750},{\"@type\":\"BreadcrumbList\",\"@id\":\"https:\/\/www.elementvape.de\/produkt\/bang-king-45000-zuege-geniesse-die-ultimative-geschmacksexplosion-aus-wassermelone-red-bull-erdbeer-kiwi-fuer-ganztaegigen-dampfgenuss\/#breadcrumb\",\"itemListElement\":[{\"@type\":\"ListItem\",\"position\":1,\"name\":\"Home\",\"item\":\"https:\/\/www.elementvape.de\/\"},{\"@type\":\"ListItem\",\"position\":2,\"name\":\"Shop\",\"item\":\"https:\/\/www.elementvape.de\/shop\/\"},{\"@type\":\"ListItem\",\"position\":3,\"name\":\"BANG KING 45000 Z\u00fcge Genie\u00dfe die ultimative Geschmacksexplosion aus Wassermelone, Red Bull &#038; Erdbeer-Kiwi f\u00fcr ganzt\u00e4gigen Dampfgenuss\"}]},{\"@type\":\"WebSite\",\"@id\":\"https:\/\/www.elementvape.de\/#website\",\"url\":\"https:\/\/www.elementvape.de\/\",\"name\":\"ElementVape.de\",\"description\":\"\",\"publisher\":{\"@id\":\"https:\/\/www.elementvape.de\/#organization\"},\"potentialAction\":[{\"@type\":\"SearchAction\",\"target\":{\"@type\":\"EntryPoint\",\"urlTemplate\":\"https:\/\/www.elementvape.de\/?s={search_term_string}\"},\"query-input\":\"required name=search_term_string\"}],\"inLanguage\":\"lt-LT\"},{\"@type\":\"Organization\",\"@id\":\"https:\/\/www.elementvape.de\/#organization\",\"name\":\"ElementVape.DE\",\"url\":\"https:\/\/www.elementvape.de\/\",\"logo\":{\"@type\":\"ImageObject\",\"inLanguage\":\"lt-LT\",\"@id\":\"https:\/\/www.elementvape.de\/#\/schema\/logo\/image\/\",\"url\":\"https:\/\/www.elementvape.de\/wp-content\/uploads\/2024\/09\/cropped-1elementvape-3.png\",\"contentUrl\":\"https:\/\/www.elementvape.de\/wp-content\/uploads\/2024\/09\/cropped-1elementvape-3.png\",\"width\":285,\"height\":228,\"caption\":\"ElementVape.DE\"},\"image\":{\"@id\":\"https:\/\/www.elementvape.de\/#\/schema\/logo\/image\/\"}}]}<\/script>\n<!-- \/ Yoast SEO plugin. -->","yoast_head_json":{"title":"BANG KING 45000 Z\u00fcge Genie\u00dfe die ultimative Geschmacksexplosion aus Wassermelone, Red Bull & Erdbeer-Kiwi f\u00fcr ganzt\u00e4gigen Dampfgenuss | ElementVape.de","description":"BANG KING 45000 Puffs mit 3 Geschmacksrichtungen: Wassermelone, Red Bull, Erdbeer-Kiwi. Intensiver Dampf, lange Laufzeit, Top-Genuss","robots":{"index":"index","follow":"follow","max-snippet":"max-snippet:-1","max-image-preview":"max-image-preview:large","max-video-preview":"max-video-preview:-1"},"canonical":"https:\/\/www.elementvape.de\/lt\/produkt\/bang-king-45000-zuege-geniesse-die-ultimative-geschmacksexplosion-aus-wassermelone-red-bull-erdbeer-kiwi-fuer-ganztaegigen-dampfgenuss\/","og_locale":"lt_LT","og_type":"article","og_title":"BANG KING 45000 Z\u00fcge Genie\u00dfe die ultimative Geschmacksexplosion aus Wassermelone, Red Bull & Erdbeer-Kiwi f\u00fcr ganzt\u00e4gigen Dampfgenuss | ElementVape.de","og_description":"BANG KING 45000 Puffs mit 3 Geschmacksrichtungen: Wassermelone, Red Bull, Erdbeer-Kiwi. Intensiver Dampf, lange Laufzeit, Top-Genuss","og_url":"https:\/\/www.elementvape.de\/lt\/produkt\/bang-king-45000-zuege-geniesse-die-ultimative-geschmacksexplosion-aus-wassermelone-red-bull-erdbeer-kiwi-fuer-ganztaegigen-dampfgenuss\/","og_site_name":"ElementVape.de","article_modified_time":"2025-04-19T02:03:31+00:00","og_image":[{"width":679,"height":750,"url":"https:\/\/www.elementvape.de\/wp-content\/uploads\/2025\/04\/bangking45k-Watermelon-Red-Bull-Strawberry-Kiwi.jpg","type":"image\/jpeg"}],"twitter_card":"summary_large_image","twitter_misc":{"Est. reading time":"2 minut\u0117s"},"schema":{"@context":"https:\/\/schema.org","@graph":[{"@type":"WebPage","@id":"https:\/\/www.elementvape.de\/produkt\/bang-king-45000-zuege-geniesse-die-ultimative-geschmacksexplosion-aus-wassermelone-red-bull-erdbeer-kiwi-fuer-ganztaegigen-dampfgenuss\/","url":"https:\/\/www.elementvape.de\/produkt\/bang-king-45000-zuege-geniesse-die-ultimative-geschmacksexplosion-aus-wassermelone-red-bull-erdbeer-kiwi-fuer-ganztaegigen-dampfgenuss\/","name":"BANG KING 45000 Z\u00fcge Genie\u00dfe die ultimative Geschmacksexplosion aus Wassermelone, Red Bull & Erdbeer-Kiwi f\u00fcr ganzt\u00e4gigen Dampfgenuss | ElementVape.de","isPartOf":{"@id":"https:\/\/www.elementvape.de\/#website"},"primaryImageOfPage":{"@id":"https:\/\/www.elementvape.de\/produkt\/bang-king-45000-zuege-geniesse-die-ultimative-geschmacksexplosion-aus-wassermelone-red-bull-erdbeer-kiwi-fuer-ganztaegigen-dampfgenuss\/#primaryimage"},"image":{"@id":"https:\/\/www.elementvape.de\/produkt\/bang-king-45000-zuege-geniesse-die-ultimative-geschmacksexplosion-aus-wassermelone-red-bull-erdbeer-kiwi-fuer-ganztaegigen-dampfgenuss\/#primaryimage"},"thumbnailUrl":"https:\/\/www.elementvape.de\/wp-content\/uploads\/2025\/04\/bangking45k-Watermelon-Red-Bull-Strawberry-Kiwi.jpg","datePublished":"2025-04-19T01:42:18+00:00","dateModified":"2025-04-19T02:03:31+00:00","description":"BANG KING 45000 Puffs mit 3 Geschmacksrichtungen: Wassermelone, Red Bull, Erdbeer-Kiwi. Intensiver Dampf, lange Laufzeit, Top-Genuss","breadcrumb":{"@id":"https:\/\/www.elementvape.de\/produkt\/bang-king-45000-zuege-geniesse-die-ultimative-geschmacksexplosion-aus-wassermelone-red-bull-erdbeer-kiwi-fuer-ganztaegigen-dampfgenuss\/#breadcrumb"},"inLanguage":"lt-LT","potentialAction":[{"@type":"ReadAction","target":["https:\/\/www.elementvape.de\/produkt\/bang-king-45000-zuege-geniesse-die-ultimative-geschmacksexplosion-aus-wassermelone-red-bull-erdbeer-kiwi-fuer-ganztaegigen-dampfgenuss\/"]}]},{"@type":"ImageObject","inLanguage":"lt-LT","@id":"https:\/\/www.elementvape.de\/produkt\/bang-king-45000-zuege-geniesse-die-ultimative-geschmacksexplosion-aus-wassermelone-red-bull-erdbeer-kiwi-fuer-ganztaegigen-dampfgenuss\/#primaryimage","url":"https:\/\/www.elementvape.de\/wp-content\/uploads\/2025\/04\/bangking45k-Watermelon-Red-Bull-Strawberry-Kiwi.jpg","contentUrl":"https:\/\/www.elementvape.de\/wp-content\/uploads\/2025\/04\/bangking45k-Watermelon-Red-Bull-Strawberry-Kiwi.jpg","width":679,"height":750},{"@type":"BreadcrumbList","@id":"https:\/\/www.elementvape.de\/produkt\/bang-king-45000-zuege-geniesse-die-ultimative-geschmacksexplosion-aus-wassermelone-red-bull-erdbeer-kiwi-fuer-ganztaegigen-dampfgenuss\/#breadcrumb","itemListElement":[{"@type":"ListItem","position":1,"name":"Home","item":"https:\/\/www.elementvape.de\/"},{"@type":"ListItem","position":2,"name":"Shop","item":"https:\/\/www.elementvape.de\/shop\/"},{"@type":"ListItem","position":3,"name":"BANG KING 45000 Z\u00fcge Genie\u00dfe die ultimative Geschmacksexplosion aus Wassermelone, Red Bull &#038; Erdbeer-Kiwi f\u00fcr ganzt\u00e4gigen Dampfgenuss"}]},{"@type":"WebSite","@id":"https:\/\/www.elementvape.de\/#website","url":"https:\/\/www.elementvape.de\/","name":"ElementVape.de","description":"","publisher":{"@id":"https:\/\/www.elementvape.de\/#organization"},"potentialAction":[{"@type":"SearchAction","target":{"@type":"EntryPoint","urlTemplate":"https:\/\/www.elementvape.de\/?s={search_term_string}"},"query-input":"required name=search_term_string"}],"inLanguage":"lt-LT"},{"@type":"Organization","@id":"https:\/\/www.elementvape.de\/#organization","name":"ElementVape.DE","url":"https:\/\/www.elementvape.de\/","logo":{"@type":"ImageObject","inLanguage":"lt-LT","@id":"https:\/\/www.elementvape.de\/#\/schema\/logo\/image\/","url":"https:\/\/www.elementvape.de\/wp-content\/uploads\/2024\/09\/cropped-1elementvape-3.png","contentUrl":"https:\/\/www.elementvape.de\/wp-content\/uploads\/2024\/09\/cropped-1elementvape-3.png","width":285,"height":228,"caption":"ElementVape.DE"},"image":{"@id":"https:\/\/www.elementvape.de\/#\/schema\/logo\/image\/"}}]}},"_links":{"self":[{"href":"https:\/\/www.elementvape.de\/lt\/wp-json\/wp\/v2\/product\/16293"}],"collection":[{"href":"https:\/\/www.elementvape.de\/lt\/wp-json\/wp\/v2\/product"}],"about":[{"href":"https:\/\/www.elementvape.de\/lt\/wp-json\/wp\/v2\/types\/product"}],"wp:featuredmedia":[{"embeddable":true,"href":"https:\/\/www.elementvape.de\/lt\/wp-json\/wp\/v2\/media\/16295"}],"wp:attachment":[{"href":"https:\/\/www.elementvape.de\/lt\/wp-json\/wp\/v2\/media?parent=16293"}],"wp:term":[{"taxonomy":"product_cat","embeddable":true,"href":"https:\/\/www.elementvape.de\/lt\/wp-json\/wp\/v2\/product_cat?post=16293"},{"taxonomy":"product_tag","embeddable":true,"href":"https:\/\/www.elementvape.de\/lt\/wp-json\/wp\/v2\/product_tag?post=16293"}],"curies":[{"name":"wp","href":"https:\/\/api.w.org\/{rel}","templated":true}]}}