{"id":16248,"date":"2025-04-17T07:14:55","date_gmt":"2025-04-17T07:14:55","guid":{"rendered":"https:\/\/www.elementvape.de\/?post_type=product&#038;p=16248"},"modified":"2025-04-17T09:36:00","modified_gmt":"2025-04-17T09:36:00","slug":"bang-50000-zuege-strawberry-watermelon-kiwi-passion-fruit-guava-fruchtiger-genuss","status":"publish","type":"product","link":"https:\/\/www.elementvape.de\/lt\/produkt\/bang-50000-zuege-strawberry-watermelon-kiwi-passion-fruit-guava-fruchtiger-genuss\/","title":{"rendered":"Bang 50000 \u012ftraukim\u0173 Strawberry Watermelon Kiwi Passion Fruit Guava Vaisinis malonumas"},"content":{"rendered":"<h2 data-start=\"0\" data-end=\"100\">Bang 50000 \u012fkv\u0117pim\u0173 Bra\u0161k\u0117s arb\u016bzas ir Kivi Pasiflor\u0173 Gvajavos \u2013 Galutinis vaisi\u0173 patyrimas<\/h2>\n<p class=\"\" data-start=\"102\" data-end=\"634\">Bang 50000 \u012fkv\u0117pim\u0173 yra tobulas kompanionas garintojams, ie\u0161kantiems intensyvaus ir \u012fvairov\u0117s kupino skonio patirties. Su unikaliu Bra\u0161k\u0117s arb\u016bzas ir Kivi Pasiflor\u0173 Gvajavos deriniu, \u0161is vienkartinis vape si\u016blo vaisi\u0173 malonum\u0105, kuris apgaubs visus j\u016bs\u0173 poj\u016b\u010dius. Bang 50000 yra galingas \u012frenginys su \u012fsp\u016bdinga 50 000 \u012fkv\u0117pim\u0173 talpa, puikiai tinkantis tiems, kurie ie\u0161ko ilgalaikio skonio, kuris nesusilpnint\u0173 taip greitai.<\/p>\n<h3 class=\"\" data-start=\"636\" data-end=\"678\">Dvi gaivios skoni\u0173 r\u016b\u0161ys<\/h3>\n<p class=\"\" data-start=\"680\" data-end=\"1305\">Bra\u0161k\u0117s arb\u016bzas ir Kivi Pasiflor\u0173 Gvajavos derinys yra tikra skonio sprogstama. Bra\u0161k\u0117s arb\u016bzas suteikia sald\u0173, sulting\u0105 bra\u0161k\u0117s skon\u012f kartu su \u0161vie\u017eia ir gaivinan\u010dia arb\u016bzo nata. \u0160is mi\u0161inys u\u017etikrina tobul\u0105 vaisi\u0173 prad\u017ei\u0105 kiekvieno \u012fkv\u0117pimo metu. Kita vertus, Kivi Pasiflor\u0173 Gvajavos derinys sukuria egzoti\u0161k\u0105 ir tropin\u012f mi\u0161in\u012f, kuris apjungia prinokusi\u0173 kivio, vaisingos pasifloros ir sald\u017eios gvajavos skon\u012f. \u0160ie du skoniai kartu suteikia galutin\u012f garinimo patirt\u012f \u2013 sald\u0173, gaiv\u0173 ir piln\u0105 tropini\u0173 aromat\u0173.<\/p>\n<h3 class=\"\" data-start=\"1307\" data-end=\"1357\">Bang 50000 \u012fkv\u0117pim\u0173 technin\u0117s specifikacijos<\/h3>\n<p class=\"\" data-start=\"1359\" data-end=\"1666\">Bang 50000 \u012fkv\u0117pim\u0173 ne tik \u017eavi savo puikiu skoniu, bet ir \u012fsp\u016bdingomis technin\u0117mis specifikacijomis. \u0160is \u012frenginys si\u016blo didel\u0119 talp\u0105, idealiai tinkant\u012f garintojams, kurie nori ilgai m\u0117gautis. \u010cia yra svarbiausios Bang 50000 \u012fkv\u0117pim\u0173 savyb\u0117s:<\/p>\n<div class=\"group pointer-events-none relative flex justify-center *:pointer-events-auto\">\n<p>&nbsp;<\/p>\n<div class=\"tableContainer horzScrollShadows relative\">\n<table class=\"min-w-full\" data-start=\"1668\" data-end=\"2547\">\n<thead data-start=\"1668\" data-end=\"1745\">\n<tr data-start=\"1668\" data-end=\"1745\">\n<th data-start=\"1668\" data-end=\"1698\">Savyb\u0117<\/th>\n<th data-start=\"1698\" data-end=\"1745\">Duomenys<\/th>\n<\/tr>\n<\/thead>\n<tbody data-start=\"1824\" data-end=\"2547\">\n<tr data-start=\"1824\" data-end=\"1900\">\n<td class=\"max-w-[calc(var(--thread-content-max-width)*2\/3)]\" data-start=\"1824\" data-end=\"1854\">Modelis<\/td>\n<td class=\"max-w-[calc(var(--thread-content-max-width)*2\/3)]\" data-start=\"1854\" data-end=\"1900\">Bum 50000 P\u016b\u010di\u0173<\/td>\n<\/tr>\n<tr data-start=\"1901\" data-end=\"1977\">\n<td class=\"max-w-[calc(var(--thread-content-max-width)*2\/3)]\" data-start=\"1901\" data-end=\"1931\">Turinys<\/td>\n<td class=\"max-w-[calc(var(--thread-content-max-width)*2\/3)]\" data-start=\"1931\" data-end=\"1977\">50 ml E-liquido<\/td>\n<\/tr>\n<tr data-start=\"1978\" data-end=\"2054\">\n<td class=\"max-w-[calc(var(--thread-content-max-width)*2\/3)]\" data-start=\"1978\" data-end=\"2008\">\u012ejungimai<\/td>\n<td class=\"max-w-[calc(var(--thread-content-max-width)*2\/3)]\" data-start=\"2008\" data-end=\"2054\">Iki 50 000 \u012fkv\u0117pim\u0173<\/td>\n<\/tr>\n<tr data-start=\"2055\" data-end=\"2131\">\n<td class=\"max-w-[calc(var(--thread-content-max-width)*2\/3)]\" data-start=\"2055\" data-end=\"2085\">Baterija<\/td>\n<td class=\"max-w-[calc(var(--thread-content-max-width)*2\/3)]\" data-start=\"2085\" data-end=\"2131\">850 mAh<\/td>\n<\/tr>\n<tr data-start=\"2132\" data-end=\"2208\">\n<td class=\"max-w-[calc(var(--thread-content-max-width)*2\/3)]\" data-start=\"2132\" data-end=\"2162\">Vyniojimo rit\u0117<\/td>\n<td class=\"max-w-[calc(var(--thread-content-max-width)*2\/3)]\" data-start=\"2162\" data-end=\"2208\">Tinklelio rit\u0117<\/td>\n<\/tr>\n<tr data-start=\"2209\" data-end=\"2285\">\n<td class=\"max-w-[calc(var(--thread-content-max-width)*2\/3)]\" data-start=\"2209\" data-end=\"2239\">\u012ekrovimo jungtis<\/td>\n<td class=\"max-w-[calc(var(--thread-content-max-width)*2\/3)]\" data-start=\"2239\" data-end=\"2285\">Tipo-C (greitas \u012fkrovimas)<\/td>\n<\/tr>\n<tr data-start=\"2286\" data-end=\"2362\">\n<td class=\"max-w-[calc(var(--thread-content-max-width)*2\/3)]\" data-start=\"2286\" data-end=\"2316\">Nikotino stiprumai<\/td>\n<td class=\"max-w-[calc(var(--thread-content-max-width)*2\/3)]\" data-start=\"2316\" data-end=\"2362\">0%, 2%, 3%, 5%<\/td>\n<\/tr>\n<tr data-start=\"2363\" data-end=\"2466\">\n<td class=\"max-w-[calc(var(--thread-content-max-width)*2\/3)]\" data-start=\"2363\" data-end=\"2393\">Sud\u0117tis<\/td>\n<td class=\"max-w-[calc(var(--thread-content-max-width)*2\/3)] min-w-[calc(var(--thread-content-max-width)\/3)]\" data-start=\"2393\" data-end=\"2466\">Augalin\u0117s kilm\u0117s glicerinas, propilenglikolis, nat\u016bral\u016bs ir dirbtiniai aromatai<\/td>\n<\/tr>\n<tr data-start=\"2467\" data-end=\"2547\">\n<td class=\"max-w-[calc(var(--thread-content-max-width)*2\/3)]\" data-start=\"2467\" data-end=\"2497\">Pakuot\u0117<\/td>\n<td class=\"max-w-[calc(var(--thread-content-max-width)*2\/3)] min-w-[calc(var(--thread-content-max-width)\/3)]\" data-start=\"2497\" data-end=\"2547\">10 vienet\u0173 d\u0117\u017eut\u0117je, 200 vienet\u0173 d\u0117\u017e\u0117je<\/td>\n<\/tr>\n<\/tbody>\n<\/table>\n<\/div>\n<\/div>\n<h3 class=\"\" data-start=\"2549\" data-end=\"2593\">Ilgaam\u017ei\u0161kumas ir naudotojo draugi\u0161kumas<\/h3>\n<p class=\"\" data-start=\"2595\" data-end=\"3179\">Vienas i\u0161 i\u0161skirtini\u0173 Bang 50000 \u012fkv\u0117pim\u0173 bruo\u017e\u0173 yra jo i\u0161skirtinis ilgaam\u017ei\u0161kumas. Su talpa iki 50 000 \u012fkv\u0117pim\u0173, \u0161is \u012frenginys si\u016blo ilgalaik\u012f sprendim\u0105 garintojams, kurie nenori nuolat papildyti ar keisti \u012frengini\u0173. 850 mAh akumuliatorius u\u017etikrina stabil\u0173 veikim\u0105 viso \u012frenginio gyvavimo laikotarpio metu ir garantuoja, kad gal\u0117site m\u0117gautis pilnu skoniu iki paskutinio \u012fkv\u0117pimo. Be to, Tipo-C \u012fkrovimo jungtis leid\u017eia greitai ir paprastai \u012fkrauti, kad bet kada gal\u0117tum\u0117te v\u0117l b\u016bti pasiruo\u0161\u0119.<\/p>\n<h3 class=\"\" data-start=\"3181\" data-end=\"3211\">\u012evairios nikotino stiprumo galimyb\u0117s<\/h3>\n<p class=\"\" data-start=\"3213\" data-end=\"3710\">Bang 50000 \u012fkv\u0117pim\u0173 si\u016blo pasirinkim\u0105 nikotino stiprum\u0173, kurie gali b\u016bti pritaikyti kiekvieno garinto poreikiams ir pageidavimams.<\/p>\n<p class=\"\" data-start=\"3213\" data-end=\"3710\">Galite pasirinkti tarp 0%, 2%, 3% ir 5% nikotino. \u0160i \u012fvairov\u0117 u\u017etikrina, kad tiek pradedantieji, tiek patyr\u0119 garintojai gal\u0117s rasti savo ideal\u0173 nikotino stiprum\u0105. Tinkamo stiprumo pasirinkimas prisideda prie dar geresn\u0117s garinimo patirties, nes leid\u017eia pasiekti tinkam\u0105 pusiausvyr\u0105 tarp skonio ir nikotino kiekio.<\/p>\n<h3 class=\"\" data-start=\"3712\" data-end=\"3752\">Egzotiniai aromatai kiekvienam skoniui<\/h3>\n<p class=\"\" data-start=\"3754\" data-end=\"4221\">Bra\u0161k\u0117s arb\u016bzas ir Kivi Pasiflor\u0173 Gvajavos derinys yra puikus pasirinkimas garintojams, ie\u0161kantiems ka\u017eko egzoti\u0161ko. Bra\u0161k\u0117s arb\u016bzas suteikia sald\u0173 ir sulting\u0105 bra\u0161ki\u0173 bei arb\u016bzo skon\u012f, o Kivi Pasiflor\u0173 Gvajavos mi\u0161inys si\u016blo tropin\u012f ir gaiv\u0173 derin\u012f. \u0160ie du aromatai kartu sukuria \u0161vie\u017ei\u0105, vaisi\u0173 skon\u012f, kur\u012f galima m\u0117gautis vis\u0105 dien\u0105.<\/p>\n<h3 class=\"\" data-start=\"4223\" data-end=\"4259\">Paprasta ir patogu keliaujant<\/h3>\n<p class=\"\" data-start=\"4261\" data-end=\"4736\">Bang 50000 \u012fkv\u0117pim\u0173 ne tik galingas ir skonio prasme \u012ftikinamas, bet ir nepaprastai patogus naudoti. Kaip vienkartinis vape, jis nereikalauja jokios prie\u017ei\u016bros ar sud\u0117ting\u0173 nustatym\u0173. Tiesiog \u012fkv\u0117pkite ir m\u0117gaukit\u0117s. Kompakti\u0161kas \u012frenginio dydis daro j\u012f idealiu kasdieniam naudojimui ir puikiai tinka kelion\u0117se. J\u012f lengvai galima \u012fsid\u0117ti \u012f rankin\u0119 ar kuprin\u0119 ir bet kada pasim\u0117gauti vaisi\u0173 skoniu.<\/p>\n<p class=\"\" data-start=\"4749\" data-end=\"5234\">Bang 50000 \u012fkv\u0117pim\u0173 su Bra\u0161k\u0117s arb\u016bzas ir Kivi Pasiflor\u0173 Gvajavos yra puikus pasirinkimas visiems garintojams, ie\u0161kantiems intensyvaus ir ilgo skonio patirties. Su dideliu \u012fkv\u0117pim\u0173 skai\u010diumi, nikotino stiprum\u0173 pasirinkimu ir egzotiniais aromatais, \u0161is vienkartinis vape yra tobulas kasdieniam naudojimui. Nesvarbu, ar esate patyr\u0119s garintojas, ar pradedantysis, Bang 50000 jus nustebins savo skoniu ir na\u0161umu.<\/p>","protected":false},"excerpt":{"rendered":"<p>Bang 50000 Z\u00fcge Strawberry Watermelon und Kiwi Passion Fruit Guava \u2013 Das ultimative Fruchterlebnis Der Bang 50000 Z\u00fcge ist der perfekte Begleiter f\u00fcr Dampfer, die auf der Suche nach einem intensiven und abwechslungsreichen Geschmackserlebnis sind. Mit der einzigartigen Kombination aus Strawberry Watermelon und Kiwi Passion Fruit Guava bietet dieses Disposable Vape einen fruchtigen Genuss, der [&hellip;]<\/p>","protected":false},"featured_media":16216,"template":"","meta":{"inline_featured_image":false},"product_cat":[776],"product_tag":[778],"tiered_pricing_type":"fixed","tiered_pricing_fixed_rules":[],"tiered_pricing_percentage_rules":[],"tiered_pricing_minimum":1,"_administrator_tiered_pricing_type":"fixed","_administrator_tiered_pricing_fixed_rules":[],"_editor_tiered_pricing_type":"fixed","_editor_tiered_pricing_fixed_rules":[],"_author_tiered_pricing_type":"fixed","_author_tiered_pricing_fixed_rules":[],"_contributor_tiered_pricing_type":"fixed","_contributor_tiered_pricing_fixed_rules":[],"_subscriber_tiered_pricing_type":"fixed","_subscriber_tiered_pricing_fixed_rules":[],"_customer_tiered_pricing_type":"fixed","_customer_tiered_pricing_fixed_rules":[],"_shop_manager_tiered_pricing_type":"fixed","_shop_manager_tiered_pricing_fixed_rules":[],"_wpseo_manager_tiered_pricing_type":"fixed","_wpseo_manager_tiered_pricing_fixed_rules":[],"_wpseo_editor_tiered_pricing_type":"fixed","_wpseo_editor_tiered_pricing_fixed_rules":[],"_wholesale_customer_tiered_pricing_type":"fixed","_wholesale_customer_tiered_pricing_fixed_rules":[],"_marketer_tiered_pricing_type":"fixed","_marketer_tiered_pricing_fixed_rules":[],"_sales_manager_tiered_pricing_type":"fixed","_sales_manager_tiered_pricing_fixed_rules":[],"_sales_rep_tiered_pricing_type":"fixed","_sales_rep_tiered_pricing_fixed_rules":[],"yoast_head":"<!-- This site is optimized with the Yoast SEO plugin v23.3 - https:\/\/yoast.com\/wordpress\/plugins\/seo\/ -->\n<title>Bang 50000 Z\u00fcge Strawberry Watermelon Kiwi Passion Fruit Guava Fruchtiger Genuss | ElementVape.de<\/title>\n<meta name=\"description\" content=\"Bang 50000 Z\u00fcge mit Strawberry Watermelon und Kiwi Passion Fruit Guava Geschmack bietet 50ml E-Liquid und 50.000 Z\u00fcge f\u00fcr langanhaltenden Genuss\" \/>\n<meta name=\"robots\" content=\"index, follow, max-snippet:-1, max-image-preview:large, max-video-preview:-1\" \/>\n<link rel=\"canonical\" href=\"https:\/\/www.elementvape.de\/lt\/produkt\/bang-50000-zuege-strawberry-watermelon-kiwi-passion-fruit-guava-fruchtiger-genuss\/\" \/>\n<meta property=\"og:locale\" content=\"lt_LT\" \/>\n<meta property=\"og:type\" content=\"article\" \/>\n<meta property=\"og:title\" content=\"Bang 50000 Z\u00fcge Strawberry Watermelon Kiwi Passion Fruit Guava Fruchtiger Genuss | ElementVape.de\" \/>\n<meta property=\"og:description\" content=\"Bang 50000 Z\u00fcge mit Strawberry Watermelon und Kiwi Passion Fruit Guava Geschmack bietet 50ml E-Liquid und 50.000 Z\u00fcge f\u00fcr langanhaltenden Genuss\" \/>\n<meta property=\"og:url\" content=\"https:\/\/www.elementvape.de\/lt\/produkt\/bang-50000-zuege-strawberry-watermelon-kiwi-passion-fruit-guava-fruchtiger-genuss\/\" \/>\n<meta property=\"og:site_name\" content=\"ElementVape.de\" \/>\n<meta property=\"article:modified_time\" content=\"2025-04-17T09:36:00+00:00\" \/>\n<meta property=\"og:image\" content=\"https:\/\/www.elementvape.de\/wp-content\/uploads\/2025\/04\/Bang-King-50000-Puffs-StrawberryWatermelon-KiwiPassionFruitGuava-800x800-1.jpg\" \/>\n\t<meta property=\"og:image:width\" content=\"800\" \/>\n\t<meta property=\"og:image:height\" content=\"770\" \/>\n\t<meta property=\"og:image:type\" content=\"image\/jpeg\" \/>\n<meta name=\"twitter:card\" content=\"summary_large_image\" \/>\n<meta name=\"twitter:label1\" content=\"Est. reading time\" \/>\n\t<meta name=\"twitter:data1\" content=\"4 minut\u0117s\" \/>\n<script type=\"application\/ld+json\" class=\"yoast-schema-graph\">{\"@context\":\"https:\/\/schema.org\",\"@graph\":[{\"@type\":\"WebPage\",\"@id\":\"https:\/\/www.elementvape.de\/en\/produkt\/bang-50000-zuege-strawberry-watermelon-kiwi-passion-fruit-guava-fruchtiger-genuss\/\",\"url\":\"https:\/\/www.elementvape.de\/en\/produkt\/bang-50000-zuege-strawberry-watermelon-kiwi-passion-fruit-guava-fruchtiger-genuss\/\",\"name\":\"Bang 50000 Z\u00fcge Strawberry Watermelon Kiwi Passion Fruit Guava Fruchtiger Genuss | ElementVape.de\",\"isPartOf\":{\"@id\":\"https:\/\/www.elementvape.de\/#website\"},\"primaryImageOfPage\":{\"@id\":\"https:\/\/www.elementvape.de\/en\/produkt\/bang-50000-zuege-strawberry-watermelon-kiwi-passion-fruit-guava-fruchtiger-genuss\/#primaryimage\"},\"image\":{\"@id\":\"https:\/\/www.elementvape.de\/en\/produkt\/bang-50000-zuege-strawberry-watermelon-kiwi-passion-fruit-guava-fruchtiger-genuss\/#primaryimage\"},\"thumbnailUrl\":\"https:\/\/www.elementvape.de\/wp-content\/uploads\/2025\/04\/Bang-King-50000-Puffs-StrawberryWatermelon-KiwiPassionFruitGuava-800x800-1.jpg\",\"datePublished\":\"2025-04-17T07:14:55+00:00\",\"dateModified\":\"2025-04-17T09:36:00+00:00\",\"description\":\"Bang 50000 Z\u00fcge mit Strawberry Watermelon und Kiwi Passion Fruit Guava Geschmack bietet 50ml E-Liquid und 50.000 Z\u00fcge f\u00fcr langanhaltenden Genuss\",\"breadcrumb\":{\"@id\":\"https:\/\/www.elementvape.de\/en\/produkt\/bang-50000-zuege-strawberry-watermelon-kiwi-passion-fruit-guava-fruchtiger-genuss\/#breadcrumb\"},\"inLanguage\":\"lt-LT\",\"potentialAction\":[{\"@type\":\"ReadAction\",\"target\":[\"https:\/\/www.elementvape.de\/en\/produkt\/bang-50000-zuege-strawberry-watermelon-kiwi-passion-fruit-guava-fruchtiger-genuss\/\"]}]},{\"@type\":\"ImageObject\",\"inLanguage\":\"lt-LT\",\"@id\":\"https:\/\/www.elementvape.de\/en\/produkt\/bang-50000-zuege-strawberry-watermelon-kiwi-passion-fruit-guava-fruchtiger-genuss\/#primaryimage\",\"url\":\"https:\/\/www.elementvape.de\/wp-content\/uploads\/2025\/04\/Bang-King-50000-Puffs-StrawberryWatermelon-KiwiPassionFruitGuava-800x800-1.jpg\",\"contentUrl\":\"https:\/\/www.elementvape.de\/wp-content\/uploads\/2025\/04\/Bang-King-50000-Puffs-StrawberryWatermelon-KiwiPassionFruitGuava-800x800-1.jpg\",\"width\":800,\"height\":770},{\"@type\":\"BreadcrumbList\",\"@id\":\"https:\/\/www.elementvape.de\/en\/produkt\/bang-50000-zuege-strawberry-watermelon-kiwi-passion-fruit-guava-fruchtiger-genuss\/#breadcrumb\",\"itemListElement\":[{\"@type\":\"ListItem\",\"position\":1,\"name\":\"Home\",\"item\":\"https:\/\/www.elementvape.de\/\"},{\"@type\":\"ListItem\",\"position\":2,\"name\":\"Shop\",\"item\":\"https:\/\/www.elementvape.de\/shop\/\"},{\"@type\":\"ListItem\",\"position\":3,\"name\":\"Bang 50000 Z\u00fcge Strawberry Watermelon Kiwi Passion Fruit Guava Fruchtiger Genuss\"}]},{\"@type\":\"WebSite\",\"@id\":\"https:\/\/www.elementvape.de\/#website\",\"url\":\"https:\/\/www.elementvape.de\/\",\"name\":\"ElementVape.de\",\"description\":\"\",\"publisher\":{\"@id\":\"https:\/\/www.elementvape.de\/#organization\"},\"potentialAction\":[{\"@type\":\"SearchAction\",\"target\":{\"@type\":\"EntryPoint\",\"urlTemplate\":\"https:\/\/www.elementvape.de\/?s={search_term_string}\"},\"query-input\":\"required name=search_term_string\"}],\"inLanguage\":\"lt-LT\"},{\"@type\":\"Organization\",\"@id\":\"https:\/\/www.elementvape.de\/#organization\",\"name\":\"ElementVape.DE\",\"url\":\"https:\/\/www.elementvape.de\/\",\"logo\":{\"@type\":\"ImageObject\",\"inLanguage\":\"lt-LT\",\"@id\":\"https:\/\/www.elementvape.de\/#\/schema\/logo\/image\/\",\"url\":\"https:\/\/www.elementvape.de\/wp-content\/uploads\/2024\/09\/cropped-1elementvape-3.png\",\"contentUrl\":\"https:\/\/www.elementvape.de\/wp-content\/uploads\/2024\/09\/cropped-1elementvape-3.png\",\"width\":285,\"height\":228,\"caption\":\"ElementVape.DE\"},\"image\":{\"@id\":\"https:\/\/www.elementvape.de\/#\/schema\/logo\/image\/\"}}]}<\/script>\n<!-- \/ Yoast SEO plugin. -->","yoast_head_json":{"title":"Bang 50000 Z\u00fcge Strawberry Watermelon Kiwi Passion Fruit Guava Fruchtiger Genuss | ElementVape.de","description":"Bang 50000 Z\u00fcge mit Strawberry Watermelon und Kiwi Passion Fruit Guava Geschmack bietet 50ml E-Liquid und 50.000 Z\u00fcge f\u00fcr langanhaltenden Genuss","robots":{"index":"index","follow":"follow","max-snippet":"max-snippet:-1","max-image-preview":"max-image-preview:large","max-video-preview":"max-video-preview:-1"},"canonical":"https:\/\/www.elementvape.de\/lt\/produkt\/bang-50000-zuege-strawberry-watermelon-kiwi-passion-fruit-guava-fruchtiger-genuss\/","og_locale":"lt_LT","og_type":"article","og_title":"Bang 50000 Z\u00fcge Strawberry Watermelon Kiwi Passion Fruit Guava Fruchtiger Genuss | ElementVape.de","og_description":"Bang 50000 Z\u00fcge mit Strawberry Watermelon und Kiwi Passion Fruit Guava Geschmack bietet 50ml E-Liquid und 50.000 Z\u00fcge f\u00fcr langanhaltenden Genuss","og_url":"https:\/\/www.elementvape.de\/lt\/produkt\/bang-50000-zuege-strawberry-watermelon-kiwi-passion-fruit-guava-fruchtiger-genuss\/","og_site_name":"ElementVape.de","article_modified_time":"2025-04-17T09:36:00+00:00","og_image":[{"width":800,"height":770,"url":"https:\/\/www.elementvape.de\/wp-content\/uploads\/2025\/04\/Bang-King-50000-Puffs-StrawberryWatermelon-KiwiPassionFruitGuava-800x800-1.jpg","type":"image\/jpeg"}],"twitter_card":"summary_large_image","twitter_misc":{"Est. reading time":"4 minut\u0117s"},"schema":{"@context":"https:\/\/schema.org","@graph":[{"@type":"WebPage","@id":"https:\/\/www.elementvape.de\/en\/produkt\/bang-50000-zuege-strawberry-watermelon-kiwi-passion-fruit-guava-fruchtiger-genuss\/","url":"https:\/\/www.elementvape.de\/en\/produkt\/bang-50000-zuege-strawberry-watermelon-kiwi-passion-fruit-guava-fruchtiger-genuss\/","name":"Bang 50000 Z\u00fcge Strawberry Watermelon Kiwi Passion Fruit Guava Fruchtiger Genuss | ElementVape.de","isPartOf":{"@id":"https:\/\/www.elementvape.de\/#website"},"primaryImageOfPage":{"@id":"https:\/\/www.elementvape.de\/en\/produkt\/bang-50000-zuege-strawberry-watermelon-kiwi-passion-fruit-guava-fruchtiger-genuss\/#primaryimage"},"image":{"@id":"https:\/\/www.elementvape.de\/en\/produkt\/bang-50000-zuege-strawberry-watermelon-kiwi-passion-fruit-guava-fruchtiger-genuss\/#primaryimage"},"thumbnailUrl":"https:\/\/www.elementvape.de\/wp-content\/uploads\/2025\/04\/Bang-King-50000-Puffs-StrawberryWatermelon-KiwiPassionFruitGuava-800x800-1.jpg","datePublished":"2025-04-17T07:14:55+00:00","dateModified":"2025-04-17T09:36:00+00:00","description":"Bang 50000 Z\u00fcge mit Strawberry Watermelon und Kiwi Passion Fruit Guava Geschmack bietet 50ml E-Liquid und 50.000 Z\u00fcge f\u00fcr langanhaltenden Genuss","breadcrumb":{"@id":"https:\/\/www.elementvape.de\/en\/produkt\/bang-50000-zuege-strawberry-watermelon-kiwi-passion-fruit-guava-fruchtiger-genuss\/#breadcrumb"},"inLanguage":"lt-LT","potentialAction":[{"@type":"ReadAction","target":["https:\/\/www.elementvape.de\/en\/produkt\/bang-50000-zuege-strawberry-watermelon-kiwi-passion-fruit-guava-fruchtiger-genuss\/"]}]},{"@type":"ImageObject","inLanguage":"lt-LT","@id":"https:\/\/www.elementvape.de\/en\/produkt\/bang-50000-zuege-strawberry-watermelon-kiwi-passion-fruit-guava-fruchtiger-genuss\/#primaryimage","url":"https:\/\/www.elementvape.de\/wp-content\/uploads\/2025\/04\/Bang-King-50000-Puffs-StrawberryWatermelon-KiwiPassionFruitGuava-800x800-1.jpg","contentUrl":"https:\/\/www.elementvape.de\/wp-content\/uploads\/2025\/04\/Bang-King-50000-Puffs-StrawberryWatermelon-KiwiPassionFruitGuava-800x800-1.jpg","width":800,"height":770},{"@type":"BreadcrumbList","@id":"https:\/\/www.elementvape.de\/en\/produkt\/bang-50000-zuege-strawberry-watermelon-kiwi-passion-fruit-guava-fruchtiger-genuss\/#breadcrumb","itemListElement":[{"@type":"ListItem","position":1,"name":"Home","item":"https:\/\/www.elementvape.de\/"},{"@type":"ListItem","position":2,"name":"Shop","item":"https:\/\/www.elementvape.de\/shop\/"},{"@type":"ListItem","position":3,"name":"Bang 50000 Z\u00fcge Strawberry Watermelon Kiwi Passion Fruit Guava Fruchtiger Genuss"}]},{"@type":"WebSite","@id":"https:\/\/www.elementvape.de\/#website","url":"https:\/\/www.elementvape.de\/","name":"ElementVape.de","description":"","publisher":{"@id":"https:\/\/www.elementvape.de\/#organization"},"potentialAction":[{"@type":"SearchAction","target":{"@type":"EntryPoint","urlTemplate":"https:\/\/www.elementvape.de\/?s={search_term_string}"},"query-input":"required name=search_term_string"}],"inLanguage":"lt-LT"},{"@type":"Organization","@id":"https:\/\/www.elementvape.de\/#organization","name":"ElementVape.DE","url":"https:\/\/www.elementvape.de\/","logo":{"@type":"ImageObject","inLanguage":"lt-LT","@id":"https:\/\/www.elementvape.de\/#\/schema\/logo\/image\/","url":"https:\/\/www.elementvape.de\/wp-content\/uploads\/2024\/09\/cropped-1elementvape-3.png","contentUrl":"https:\/\/www.elementvape.de\/wp-content\/uploads\/2024\/09\/cropped-1elementvape-3.png","width":285,"height":228,"caption":"ElementVape.DE"},"image":{"@id":"https:\/\/www.elementvape.de\/#\/schema\/logo\/image\/"}}]}},"_links":{"self":[{"href":"https:\/\/www.elementvape.de\/lt\/wp-json\/wp\/v2\/product\/16248"}],"collection":[{"href":"https:\/\/www.elementvape.de\/lt\/wp-json\/wp\/v2\/product"}],"about":[{"href":"https:\/\/www.elementvape.de\/lt\/wp-json\/wp\/v2\/types\/product"}],"wp:featuredmedia":[{"embeddable":true,"href":"https:\/\/www.elementvape.de\/lt\/wp-json\/wp\/v2\/media\/16216"}],"wp:attachment":[{"href":"https:\/\/www.elementvape.de\/lt\/wp-json\/wp\/v2\/media?parent=16248"}],"wp:term":[{"taxonomy":"product_cat","embeddable":true,"href":"https:\/\/www.elementvape.de\/lt\/wp-json\/wp\/v2\/product_cat?post=16248"},{"taxonomy":"product_tag","embeddable":true,"href":"https:\/\/www.elementvape.de\/lt\/wp-json\/wp\/v2\/product_tag?post=16248"}],"curies":[{"name":"wp","href":"https:\/\/api.w.org\/{rel}","templated":true}]}}