{"id":16233,"date":"2025-04-17T06:01:53","date_gmt":"2025-04-17T06:01:53","guid":{"rendered":"https:\/\/www.elementvape.de\/?post_type=product&#038;p=16233"},"modified":"2025-04-17T09:36:07","modified_gmt":"2025-04-17T09:36:07","slug":"bang-50000-zuege-frische-fruchtpower-mit-blueberry-ice-peach-ice-geschmack","status":"publish","type":"product","link":"https:\/\/www.elementvape.de\/lt\/produkt\/bang-50000-zuege-frische-fruchtpower-mit-blueberry-ice-peach-ice-geschmack\/","title":{"rendered":"Bang 50000 \u012fkv\u0117pim\u0173 \u0161vie\u017eios vaisi\u0173 energijos su Blueberry Ice Peach Ice skoniu"},"content":{"rendered":"<h2 data-start=\"0\" data-end=\"83\">Bang 50000 \u012fkv\u0117pim\u0173 \u2013 \u0161vie\u017eios vaisi\u0173 galios su M\u0117lyni\u0173 ledas ir Persik\u0173 ledas skoniu<\/h2>\n<p class=\"\" data-start=\"85\" data-end=\"649\">Bang 50000 \u012fkv\u0117pim\u0173 yra naujausias ir pa\u017eangiausias vienkartini\u0173 vape modelis pasaulyje, u\u017etikrinantis nepakartojam\u0105 garinimo patirt\u012f su \u012fsp\u016bdingu \u012fkv\u0117pim\u0173 skai\u010diumi ir \u0161vie\u017eiais, vaisiniais skoniais. Su M\u0117lyni\u0173 ledas ir Persik\u0173 ledas aromatais garintojai patiria tobul\u0105 balans\u0105 tarp gaivios \u0161vie\u017eumo ir vaisi\u0173 intensyvumo. \u0160is vienkartinis vape ne tik si\u016blo i\u0161skirtin\u012f skon\u012f, bet ir ilg\u0105 tarnavimo laik\u0105 bei auk\u0161t\u0105 na\u0161um\u0105, patenkant\u012f net reikliausius naudotojus.<\/p>\n<h3 class=\"\" data-start=\"651\" data-end=\"722\">Gaiv\u016bs skoniai \u2013 M\u0117lyni\u0173 ledas ir Persik\u0173 ledas<\/h3>\n<p class=\"\" data-start=\"724\" data-end=\"1344\">Abu prieinami Bang 50000 \u012fkv\u0117pim\u0173 skoniai si\u016blo tikr\u0105 gaivumo ir vaisi\u0173 malonumo sprogim\u0105. M\u0117lyni\u0173 ledas versija sujungia sald\u0173, pilnavert\u012f prinokusi\u0173 m\u0117lyni\u0173 skon\u012f su \u0161altu mentolio pabaiga, kuri sukuria gaiv\u0173 ir energizuojant\u012f garinimo malonum\u0105. Kas m\u0117gsta tropinius ir vaisinius skonius, \u012fsimyl\u0117s Persik\u0173 ledas versij\u0105, kuri sujungia sald\u0173, sulting\u0105 persik\u0173 gaivum\u0105 su lengvu ledo \u0161altumu. Abi skoni\u0173 versijos si\u016blo ilgalaik\u012f skonio patirt\u012f, kuri d\u017eiugina tiek pirmu, tiek paskutiniu \u012fkv\u0117pimu.<\/p>\n<h3 class=\"\" data-start=\"1346\" data-end=\"1387\">Ilgaam\u017ei\u0161kumas ir didelis \u012fkv\u0117pim\u0173 skai\u010dius<\/h3>\n<p class=\"\" data-start=\"1389\" data-end=\"1861\">Bang 50000 \u012fkv\u0117pim\u0173 stebina savo i\u0161skirtiniu tarnavimo laiku. Su iki 50 000 \u012fkv\u0117pim\u0173 \u0161is modelis u\u017etikrina, kad gal\u0117site ilgai m\u0117gautis nepakartojama garinimo patirtimi. Nesvarbu, ar naudojate kaip kasdien\u012f palydov\u0105, ar ypatingomis progomis, \u0161is \u012frenginys si\u016blo ilgesn\u012f naudojimo laik\u0105 nei dauguma \u012fprast\u0173 vienkartini\u0173 vape ir leid\u017eia garinti be nuolatinio papildymo ar keitimo.<\/p>\n<h3 class=\"\" data-start=\"1863\" data-end=\"1920\">Auk\u0161tos kokyb\u0117s technologijos tobulam garo malonumui<\/h3>\n<p class=\"\" data-start=\"1922\" data-end=\"2482\">\u012erengtas 850 mAh akumuliatoriumi, Bang 50000 \u012fkv\u0117pim\u0173 garantuoja puik\u0173 akumuliatoriaus tarnavimo laik\u0105. Akumuliatorius u\u017etikrina, kad gal\u0117site m\u0117gautis visais skoniais be pertrauk\u0173. Be to, naudojamas tinklelio rit\u0117 (Mesh Coil), leid\u017eianti vienod\u0105 ir intensyvesn\u012f garavim\u0105. Tinklelio rit\u0117 u\u017etikrina, kad kiekvienas \u012fkv\u0117pimas b\u016bt\u0173 ypa\u010d aromatingas ir skonio intensyvus. Be to, USB Type-C \u012fkrovimo jungtis leid\u017eia greitai ir paprastai \u012fkrauti \u012frengin\u012f, jei to reikia, ir u\u017etikrina patog\u0173 naudojim\u0105.<\/p>\n<h3 class=\"\" data-start=\"2484\" data-end=\"2539\">\u012evairios nikotino galimyb\u0117s kiekvienam poreikiui<\/h3>\n<p class=\"\" data-start=\"2541\" data-end=\"3028\">Bang 50000 \u012fkv\u0117pim\u0173 si\u016blo plat\u0173 nikotino pasirinkim\u0105 \u2013 0%, 2%, 3% ir 5%. Tai suteikia garintojams galimyb\u0119 pritaikyti nikotino kiek\u012f pagal savo poreikius, ar prad\u0117ti nuo ma\u017eesnio nikotino kiekio, ar m\u0117gautis stipresniu nikotino doze. \u0160i \u012fvairov\u0117 u\u017etikrina, kad Bang 50000 \u012fkv\u0117pim\u0173 tinka pla\u010diai auditorijai \u2013 nuo atsitiktini\u0173 garintoj\u0173 iki patyrusi\u0173 naudotoj\u0173, norin\u010di\u0173 stipresnio nikotino poveikio.<\/p>\n<h3 class=\"\" data-start=\"3030\" data-end=\"3075\">Saug\u016bs ir auk\u0161tos kokyb\u0117s ingredientai<\/h3>\n<p class=\"\" data-start=\"3077\" data-end=\"3589\">Bang 50000 \u012fkv\u0117pim\u0173 sud\u0117tis atitinka auk\u0161tus kokyb\u0117s standartus. Prietaisas turi augalin\u012f glicer\u012f (VG) ir propilenglikol\u012f (PG), kurie pla\u010diai naudojami gar\u0173 pramon\u0117je ir yra pripa\u017einti saugiais vartojimui. Taip pat naudojami tiek nat\u016bral\u016bs, tiek dirbtiniai aromatai, siekiant u\u017etikrinti intensyv\u0173 ir autenti\u0161k\u0105 skon\u012f. \u0160i auk\u0161tos kokyb\u0117s sud\u0117tis garantuoja saug\u0173, malon\u0173 ir nuosekl\u0173 garinimo patirt\u012f.<\/p>\n<h3 class=\"\" data-start=\"3591\" data-end=\"3644\">Optimalus pakuot\u0117s sprendimas ir patogus naudojimas<\/h3>\n<p class=\"\" data-start=\"3646\" data-end=\"4060\">Bang 50000 \u012fkv\u0117pim\u0173 yra supakuotas patogioje ekrano d\u0117\u017eut\u0117je, kurioje yra 10 \u012frengini\u0173. Tai ypa\u010d tinkama ma\u017emeninei prekybai, nes leid\u017eia patraukli\u0105 ir ai\u0161ki\u0105 pristatymo form\u0105. Didmenin\u0117s prekybos ar perpardavimo tikslams naudinga pakuot\u0117s vienet\u0173 kiekis po 200 vienet\u0173 d\u0117\u017eut\u0117je, kas u\u017etikrina paprast\u0105 valdym\u0105 ir efektyv\u0173 sand\u0117liavim\u0105.<\/p>\n<h3 class=\"\" data-start=\"4062\" data-end=\"4114\">Kod\u0117l Bang 50000 \u012fkv\u0117pim\u0173 yra geriausias pasirinkimas<\/h3>\n<ul data-start=\"4116\" data-end=\"4659\">\n<li class=\"\" data-start=\"4116\" data-end=\"4173\">\n<p class=\"\" data-start=\"4118\" data-end=\"4173\">50 000 \u012fkv\u0117pim\u0173 \u2013 nepaprastai ilga tarnavimo trukm\u0117<\/p>\n<\/li>\n<li class=\"\" data-start=\"4174\" data-end=\"4262\">\n<p class=\"\" data-start=\"4176\" data-end=\"4262\">Dvi gaivios ir vaisin\u0117s skoni\u0173 versijos: M\u0117lyni\u0173 ledas ir Persik\u0173 ledas<\/p>\n<\/li>\n<li class=\"\" data-start=\"4263\" data-end=\"4315\">\n<p class=\"\" data-start=\"4265\" data-end=\"4315\">850 mAh akumuliatorius ilgalaikiam garinimo malonumui<\/p>\n<\/li>\n<li class=\"\" data-start=\"4316\" data-end=\"4360\">\n<p class=\"\" data-start=\"4318\" data-end=\"4360\">Tinklelio rit\u0117 intensyvesniam skoniui<\/p>\n<\/li>\n<li class=\"\" data-start=\"4361\" data-end=\"4430\">\n<p class=\"\" data-start=\"4363\" data-end=\"4430\">USB Type-C \u012fkrovimo jungtis greitam ir paprastam \u012fkrovimui<\/p>\n<\/li>\n<li class=\"\" data-start=\"4431\" data-end=\"4516\">\n<p class=\"\" data-start=\"4433\" data-end=\"4516\">\u012evairios nikotino galimyb\u0117s (0%, 2%, 3%, 5%) skirtingiems poreikiams<\/p>\n<\/li>\n<li class=\"\" data-start=\"4517\" data-end=\"4587\">\n<p class=\"\" data-start=\"4519\" data-end=\"4587\">Auk\u0161tos kokyb\u0117s ingredientai saugiam garinimo patyrimui<\/p>\n<\/li>\n<li class=\"\" data-start=\"4588\" data-end=\"4659\">\n<p class=\"\" data-start=\"4590\" data-end=\"4659\">Patogi pakuot\u0117 ma\u017emeninei ir didmeninei prekybai<\/p>\n<\/li>\n<\/ul>\n<p class=\"\" data-start=\"4661\" data-end=\"5016\">Bang 50000 \u012fkv\u0117pim\u0173 yra tobulas pasirinkimas visiems, kurie ie\u0161ko ilgaam\u017eio, patogaus ir intensyvaus garinimo patirties. Nesvarbu, ar ie\u0161kote vaisinio malonumo, ar patikimo vienkartinio sprendimo, Bang 50000 \u012fkv\u0117pim\u0173 tikrai i\u0161pildys j\u016bs\u0173 l\u016bkes\u010dius. I\u0161bandykite ir m\u0117gaukit\u0117s pilnu skoniu su kiekvienu garo srautu!<\/p>","protected":false},"excerpt":{"rendered":"<p>Bang 50000 Z\u00fcge \u2013 Frische Fruchtpower mit Blueberry Ice und Peach Ice Geschmack Der Bang 50000 Z\u00fcge ist das neueste und fortschrittlichste Modell in der Welt der Einweg-Vapes und sorgt mit seiner beeindruckenden Anzahl an Z\u00fcgen und seinen frischen, fruchtigen Geschmacksrichtungen f\u00fcr ein unvergleichliches Dampferlebnis. Mit den Aromen Blueberry Ice und Peach Ice erleben Dampfer [&hellip;]<\/p>","protected":false},"featured_media":16219,"template":"","meta":{"inline_featured_image":false},"product_cat":[776],"product_tag":[778],"tiered_pricing_type":"fixed","tiered_pricing_fixed_rules":[],"tiered_pricing_percentage_rules":[],"tiered_pricing_minimum":1,"_administrator_tiered_pricing_type":"fixed","_administrator_tiered_pricing_fixed_rules":[],"_editor_tiered_pricing_type":"fixed","_editor_tiered_pricing_fixed_rules":[],"_author_tiered_pricing_type":"fixed","_author_tiered_pricing_fixed_rules":[],"_contributor_tiered_pricing_type":"fixed","_contributor_tiered_pricing_fixed_rules":[],"_subscriber_tiered_pricing_type":"fixed","_subscriber_tiered_pricing_fixed_rules":[],"_customer_tiered_pricing_type":"fixed","_customer_tiered_pricing_fixed_rules":[],"_shop_manager_tiered_pricing_type":"fixed","_shop_manager_tiered_pricing_fixed_rules":[],"_wpseo_manager_tiered_pricing_type":"fixed","_wpseo_manager_tiered_pricing_fixed_rules":[],"_wpseo_editor_tiered_pricing_type":"fixed","_wpseo_editor_tiered_pricing_fixed_rules":[],"_wholesale_customer_tiered_pricing_type":"fixed","_wholesale_customer_tiered_pricing_fixed_rules":[],"_marketer_tiered_pricing_type":"fixed","_marketer_tiered_pricing_fixed_rules":[],"_sales_manager_tiered_pricing_type":"fixed","_sales_manager_tiered_pricing_fixed_rules":[],"_sales_rep_tiered_pricing_type":"fixed","_sales_rep_tiered_pricing_fixed_rules":[],"yoast_head":"<!-- This site is optimized with the Yoast SEO plugin v23.3 - https:\/\/yoast.com\/wordpress\/plugins\/seo\/ -->\n<title>Bang 50000 Z\u00fcge Frische Fruchtpower mit Blueberry Ice Peach Ice Geschmack | ElementVape.de<\/title>\n<meta name=\"description\" content=\"Bang 50000 Z\u00fcge mit Blueberry Ice und Peach Ice Geschmack \u2013 50ml, 850mAh Akku, Mesh Coil, 0-5% Nikotin, Type-C Ladeanschluss.\" \/>\n<meta name=\"robots\" content=\"index, follow, max-snippet:-1, max-image-preview:large, max-video-preview:-1\" \/>\n<link rel=\"canonical\" href=\"https:\/\/www.elementvape.de\/lt\/produkt\/bang-50000-zuege-frische-fruchtpower-mit-blueberry-ice-peach-ice-geschmack\/\" \/>\n<meta property=\"og:locale\" content=\"lt_LT\" \/>\n<meta property=\"og:type\" content=\"article\" \/>\n<meta property=\"og:title\" content=\"Bang 50000 Z\u00fcge Frische Fruchtpower mit Blueberry Ice Peach Ice Geschmack | ElementVape.de\" \/>\n<meta property=\"og:description\" content=\"Bang 50000 Z\u00fcge mit Blueberry Ice und Peach Ice Geschmack \u2013 50ml, 850mAh Akku, Mesh Coil, 0-5% Nikotin, Type-C Ladeanschluss.\" \/>\n<meta property=\"og:url\" content=\"https:\/\/www.elementvape.de\/lt\/produkt\/bang-50000-zuege-frische-fruchtpower-mit-blueberry-ice-peach-ice-geschmack\/\" \/>\n<meta property=\"og:site_name\" content=\"ElementVape.de\" \/>\n<meta property=\"article:modified_time\" content=\"2025-04-17T09:36:07+00:00\" \/>\n<meta property=\"og:image\" content=\"https:\/\/www.elementvape.de\/wp-content\/uploads\/2025\/04\/Bang-King-50000-Puffs-Blueberrylce-PeachIce.jpg\" \/>\n\t<meta property=\"og:image:width\" content=\"1000\" \/>\n\t<meta property=\"og:image:height\" content=\"963\" \/>\n\t<meta property=\"og:image:type\" content=\"image\/jpeg\" \/>\n<meta name=\"twitter:card\" content=\"summary_large_image\" \/>\n<meta name=\"twitter:label1\" content=\"Est. reading time\" \/>\n\t<meta name=\"twitter:data1\" content=\"4 minut\u0117s\" \/>\n<script type=\"application\/ld+json\" class=\"yoast-schema-graph\">{\"@context\":\"https:\/\/schema.org\",\"@graph\":[{\"@type\":\"WebPage\",\"@id\":\"https:\/\/www.elementvape.de\/produkt\/bang-50000-zuege-frische-fruchtpower-mit-blueberry-ice-peach-ice-geschmack\/\",\"url\":\"https:\/\/www.elementvape.de\/produkt\/bang-50000-zuege-frische-fruchtpower-mit-blueberry-ice-peach-ice-geschmack\/\",\"name\":\"Bang 50000 Z\u00fcge Frische Fruchtpower mit Blueberry Ice Peach Ice Geschmack | ElementVape.de\",\"isPartOf\":{\"@id\":\"https:\/\/www.elementvape.de\/#website\"},\"primaryImageOfPage\":{\"@id\":\"https:\/\/www.elementvape.de\/produkt\/bang-50000-zuege-frische-fruchtpower-mit-blueberry-ice-peach-ice-geschmack\/#primaryimage\"},\"image\":{\"@id\":\"https:\/\/www.elementvape.de\/produkt\/bang-50000-zuege-frische-fruchtpower-mit-blueberry-ice-peach-ice-geschmack\/#primaryimage\"},\"thumbnailUrl\":\"https:\/\/www.elementvape.de\/wp-content\/uploads\/2025\/04\/Bang-King-50000-Puffs-Blueberrylce-PeachIce.jpg\",\"datePublished\":\"2025-04-17T06:01:53+00:00\",\"dateModified\":\"2025-04-17T09:36:07+00:00\",\"description\":\"Bang 50000 Z\u00fcge mit Blueberry Ice und Peach Ice Geschmack \u2013 50ml, 850mAh Akku, Mesh Coil, 0-5% Nikotin, Type-C Ladeanschluss.\",\"breadcrumb\":{\"@id\":\"https:\/\/www.elementvape.de\/produkt\/bang-50000-zuege-frische-fruchtpower-mit-blueberry-ice-peach-ice-geschmack\/#breadcrumb\"},\"inLanguage\":\"lt-LT\",\"potentialAction\":[{\"@type\":\"ReadAction\",\"target\":[\"https:\/\/www.elementvape.de\/produkt\/bang-50000-zuege-frische-fruchtpower-mit-blueberry-ice-peach-ice-geschmack\/\"]}]},{\"@type\":\"ImageObject\",\"inLanguage\":\"lt-LT\",\"@id\":\"https:\/\/www.elementvape.de\/produkt\/bang-50000-zuege-frische-fruchtpower-mit-blueberry-ice-peach-ice-geschmack\/#primaryimage\",\"url\":\"https:\/\/www.elementvape.de\/wp-content\/uploads\/2025\/04\/Bang-King-50000-Puffs-Blueberrylce-PeachIce.jpg\",\"contentUrl\":\"https:\/\/www.elementvape.de\/wp-content\/uploads\/2025\/04\/Bang-King-50000-Puffs-Blueberrylce-PeachIce.jpg\",\"width\":1000,\"height\":963},{\"@type\":\"BreadcrumbList\",\"@id\":\"https:\/\/www.elementvape.de\/produkt\/bang-50000-zuege-frische-fruchtpower-mit-blueberry-ice-peach-ice-geschmack\/#breadcrumb\",\"itemListElement\":[{\"@type\":\"ListItem\",\"position\":1,\"name\":\"Home\",\"item\":\"https:\/\/www.elementvape.de\/\"},{\"@type\":\"ListItem\",\"position\":2,\"name\":\"Shop\",\"item\":\"https:\/\/www.elementvape.de\/shop\/\"},{\"@type\":\"ListItem\",\"position\":3,\"name\":\"Bang 50000 Z\u00fcge Frische Fruchtpower mit Blueberry Ice Peach Ice Geschmack\"}]},{\"@type\":\"WebSite\",\"@id\":\"https:\/\/www.elementvape.de\/#website\",\"url\":\"https:\/\/www.elementvape.de\/\",\"name\":\"ElementVape.de\",\"description\":\"\",\"publisher\":{\"@id\":\"https:\/\/www.elementvape.de\/#organization\"},\"potentialAction\":[{\"@type\":\"SearchAction\",\"target\":{\"@type\":\"EntryPoint\",\"urlTemplate\":\"https:\/\/www.elementvape.de\/?s={search_term_string}\"},\"query-input\":\"required name=search_term_string\"}],\"inLanguage\":\"lt-LT\"},{\"@type\":\"Organization\",\"@id\":\"https:\/\/www.elementvape.de\/#organization\",\"name\":\"ElementVape.DE\",\"url\":\"https:\/\/www.elementvape.de\/\",\"logo\":{\"@type\":\"ImageObject\",\"inLanguage\":\"lt-LT\",\"@id\":\"https:\/\/www.elementvape.de\/#\/schema\/logo\/image\/\",\"url\":\"https:\/\/www.elementvape.de\/wp-content\/uploads\/2024\/09\/cropped-1elementvape-3.png\",\"contentUrl\":\"https:\/\/www.elementvape.de\/wp-content\/uploads\/2024\/09\/cropped-1elementvape-3.png\",\"width\":285,\"height\":228,\"caption\":\"ElementVape.DE\"},\"image\":{\"@id\":\"https:\/\/www.elementvape.de\/#\/schema\/logo\/image\/\"}}]}<\/script>\n<!-- \/ Yoast SEO plugin. -->","yoast_head_json":{"title":"Bang 50000 Z\u00fcge Frische Fruchtpower mit Blueberry Ice Peach Ice Geschmack | ElementVape.de","description":"Bang 50000 Z\u00fcge mit Blueberry Ice und Peach Ice Geschmack \u2013 50ml, 850mAh Akku, Mesh Coil, 0-5% Nikotin, Type-C Ladeanschluss.","robots":{"index":"index","follow":"follow","max-snippet":"max-snippet:-1","max-image-preview":"max-image-preview:large","max-video-preview":"max-video-preview:-1"},"canonical":"https:\/\/www.elementvape.de\/lt\/produkt\/bang-50000-zuege-frische-fruchtpower-mit-blueberry-ice-peach-ice-geschmack\/","og_locale":"lt_LT","og_type":"article","og_title":"Bang 50000 Z\u00fcge Frische Fruchtpower mit Blueberry Ice Peach Ice Geschmack | ElementVape.de","og_description":"Bang 50000 Z\u00fcge mit Blueberry Ice und Peach Ice Geschmack \u2013 50ml, 850mAh Akku, Mesh Coil, 0-5% Nikotin, Type-C Ladeanschluss.","og_url":"https:\/\/www.elementvape.de\/lt\/produkt\/bang-50000-zuege-frische-fruchtpower-mit-blueberry-ice-peach-ice-geschmack\/","og_site_name":"ElementVape.de","article_modified_time":"2025-04-17T09:36:07+00:00","og_image":[{"width":1000,"height":963,"url":"https:\/\/www.elementvape.de\/wp-content\/uploads\/2025\/04\/Bang-King-50000-Puffs-Blueberrylce-PeachIce.jpg","type":"image\/jpeg"}],"twitter_card":"summary_large_image","twitter_misc":{"Est. reading time":"4 minut\u0117s"},"schema":{"@context":"https:\/\/schema.org","@graph":[{"@type":"WebPage","@id":"https:\/\/www.elementvape.de\/produkt\/bang-50000-zuege-frische-fruchtpower-mit-blueberry-ice-peach-ice-geschmack\/","url":"https:\/\/www.elementvape.de\/produkt\/bang-50000-zuege-frische-fruchtpower-mit-blueberry-ice-peach-ice-geschmack\/","name":"Bang 50000 Z\u00fcge Frische Fruchtpower mit Blueberry Ice Peach Ice Geschmack | ElementVape.de","isPartOf":{"@id":"https:\/\/www.elementvape.de\/#website"},"primaryImageOfPage":{"@id":"https:\/\/www.elementvape.de\/produkt\/bang-50000-zuege-frische-fruchtpower-mit-blueberry-ice-peach-ice-geschmack\/#primaryimage"},"image":{"@id":"https:\/\/www.elementvape.de\/produkt\/bang-50000-zuege-frische-fruchtpower-mit-blueberry-ice-peach-ice-geschmack\/#primaryimage"},"thumbnailUrl":"https:\/\/www.elementvape.de\/wp-content\/uploads\/2025\/04\/Bang-King-50000-Puffs-Blueberrylce-PeachIce.jpg","datePublished":"2025-04-17T06:01:53+00:00","dateModified":"2025-04-17T09:36:07+00:00","description":"Bang 50000 Z\u00fcge mit Blueberry Ice und Peach Ice Geschmack \u2013 50ml, 850mAh Akku, Mesh Coil, 0-5% Nikotin, Type-C Ladeanschluss.","breadcrumb":{"@id":"https:\/\/www.elementvape.de\/produkt\/bang-50000-zuege-frische-fruchtpower-mit-blueberry-ice-peach-ice-geschmack\/#breadcrumb"},"inLanguage":"lt-LT","potentialAction":[{"@type":"ReadAction","target":["https:\/\/www.elementvape.de\/produkt\/bang-50000-zuege-frische-fruchtpower-mit-blueberry-ice-peach-ice-geschmack\/"]}]},{"@type":"ImageObject","inLanguage":"lt-LT","@id":"https:\/\/www.elementvape.de\/produkt\/bang-50000-zuege-frische-fruchtpower-mit-blueberry-ice-peach-ice-geschmack\/#primaryimage","url":"https:\/\/www.elementvape.de\/wp-content\/uploads\/2025\/04\/Bang-King-50000-Puffs-Blueberrylce-PeachIce.jpg","contentUrl":"https:\/\/www.elementvape.de\/wp-content\/uploads\/2025\/04\/Bang-King-50000-Puffs-Blueberrylce-PeachIce.jpg","width":1000,"height":963},{"@type":"BreadcrumbList","@id":"https:\/\/www.elementvape.de\/produkt\/bang-50000-zuege-frische-fruchtpower-mit-blueberry-ice-peach-ice-geschmack\/#breadcrumb","itemListElement":[{"@type":"ListItem","position":1,"name":"Home","item":"https:\/\/www.elementvape.de\/"},{"@type":"ListItem","position":2,"name":"Shop","item":"https:\/\/www.elementvape.de\/shop\/"},{"@type":"ListItem","position":3,"name":"Bang 50000 Z\u00fcge Frische Fruchtpower mit Blueberry Ice Peach Ice Geschmack"}]},{"@type":"WebSite","@id":"https:\/\/www.elementvape.de\/#website","url":"https:\/\/www.elementvape.de\/","name":"ElementVape.de","description":"","publisher":{"@id":"https:\/\/www.elementvape.de\/#organization"},"potentialAction":[{"@type":"SearchAction","target":{"@type":"EntryPoint","urlTemplate":"https:\/\/www.elementvape.de\/?s={search_term_string}"},"query-input":"required name=search_term_string"}],"inLanguage":"lt-LT"},{"@type":"Organization","@id":"https:\/\/www.elementvape.de\/#organization","name":"ElementVape.DE","url":"https:\/\/www.elementvape.de\/","logo":{"@type":"ImageObject","inLanguage":"lt-LT","@id":"https:\/\/www.elementvape.de\/#\/schema\/logo\/image\/","url":"https:\/\/www.elementvape.de\/wp-content\/uploads\/2024\/09\/cropped-1elementvape-3.png","contentUrl":"https:\/\/www.elementvape.de\/wp-content\/uploads\/2024\/09\/cropped-1elementvape-3.png","width":285,"height":228,"caption":"ElementVape.DE"},"image":{"@id":"https:\/\/www.elementvape.de\/#\/schema\/logo\/image\/"}}]}},"_links":{"self":[{"href":"https:\/\/www.elementvape.de\/lt\/wp-json\/wp\/v2\/product\/16233"}],"collection":[{"href":"https:\/\/www.elementvape.de\/lt\/wp-json\/wp\/v2\/product"}],"about":[{"href":"https:\/\/www.elementvape.de\/lt\/wp-json\/wp\/v2\/types\/product"}],"wp:featuredmedia":[{"embeddable":true,"href":"https:\/\/www.elementvape.de\/lt\/wp-json\/wp\/v2\/media\/16219"}],"wp:attachment":[{"href":"https:\/\/www.elementvape.de\/lt\/wp-json\/wp\/v2\/media?parent=16233"}],"wp:term":[{"taxonomy":"product_cat","embeddable":true,"href":"https:\/\/www.elementvape.de\/lt\/wp-json\/wp\/v2\/product_cat?post=16233"},{"taxonomy":"product_tag","embeddable":true,"href":"https:\/\/www.elementvape.de\/lt\/wp-json\/wp\/v2\/product_tag?post=16233"}],"curies":[{"name":"wp","href":"https:\/\/api.w.org\/{rel}","templated":true}]}}