{"id":15390,"date":"2024-11-26T06:22:30","date_gmt":"2024-11-26T06:22:30","guid":{"rendered":"https:\/\/www.elementvape.de\/?post_type=product&#038;p=15390"},"modified":"2024-11-26T07:32:29","modified_gmt":"2024-11-26T07:32:29","slug":"bang-king-25000-puffs-mit-grossbildschirm-strawberry-ice-fuer-den-ultimativen-kuehleffekt-e-zigarette","status":"publish","type":"product","link":"https:\/\/www.elementvape.de\/lt\/produkt\/bang-king-25000-puffs-mit-grossbildschirm-strawberry-ice-fuer-den-ultimativen-kuehleffekt-e-zigarette\/","title":{"rendered":"BANG KING 25000 p\u016btim\u0173 su dideliu ekranu Strawberry Ice, skirtas galutiniam v\u0117sinimo efektui, Elektronin\u0117 cigaret\u0117"},"content":{"rendered":"<h2>BANG KING 25000 \u012fkv\u0117pim\u0173 su dideliu ekranu Strawberry Ice \u2013 galutinis v\u0117sinimo efektas tobulam Vape malonumui<\/h2>\n<p>BANG KING 25000 \u012fkv\u0117pim\u0173 E-cigaret\u0117 su Strawberry Ice skoniu si\u016blo vapotojams i\u0161skirtin\u0119 kombinacij\u0105 i\u0161 sald\u017eios bra\u0161k\u0117s ir gaivinan\u010dio ledo atspalvio, kurie kartu sukuria galutin\u012f v\u0117sinimo efekt\u0105. Su \u012fsp\u016bdinga \u012fkv\u0117pim\u0173 talpa <strong><a href=\"https:\/\/www.elementvape.de\/lt\/p-tag\/vaep-25000-zuege\/\">25000 \u012fkv\u0117pim\u0173<\/a><\/strong> ir dosnia 30 ml E-liquido talpa \u0161i elektronin\u0117 cigaret\u0117 suteikia ilgalaik\u0119 ir gaivi\u0105 garinimo patirt\u012f \u2013 ideali tiems, kurie ie\u0161ko saldaus ir tuo pa\u010diu v\u0117sinan\u010dio skonio derinio.<\/p>\n<p>Strawberry Ice skonis yra tobulas vapotojams, kurie m\u0117gsta nat\u016bral\u0173, vaisin\u012f bra\u0161k\u0117s skon\u012f ir tuo pa\u010diu nori m\u0117gautis gaivinan\u010diu, v\u0117sinan\u010diu poveikiu. \u0160i unikali mi\u0161inys sukelia intensyv\u0173 skonio sprogim\u0105, kuris pa\u017eadina j\u016bs\u0173 poj\u016b\u010dius su kiekvienu \u012fkv\u0117pimu.<\/p>\n<p>\u0160iame straipsnyje su\u017einosite visk\u0105 apie <strong><a href=\"https:\/\/www.elementvape.de\/lt\/c\/bang-king-25000-puffs\/\">BANG KING 25000 \u012fkv\u0117pim\u0173<\/a><\/strong> E-cigaret\u0119 su Strawberry Ice, \u012fskaitant techninius duomenis, na\u0161umo ypatybes ir privalumus, kurie daro \u0161\u012f \u012frengin\u012f idealiu pasirinkimu tiems, kurie m\u0117gsta <strong><a href=\"https:\/\/www.elementvape.de\/lt\/\">garintojams,<\/a><\/strong> ir vaisinius, ir gaivinan\u010dius aromatus.<\/p>\n<h3>Techniniai duomenys BANG KING 25000 Puffs E-cigaret\u0117 \u2013 Strawberry Ice<\/h3>\n<table>\n<thead>\n<tr>\n<th>Parametrai<\/th>\n<th>Duomenys<\/th>\n<\/tr>\n<\/thead>\n<tbody>\n<tr>\n<td>R\u016b\u0161ys (Ugnys)<\/td>\n<td>25.000<\/td>\n<\/tr>\n<tr>\n<td>E-liquido talpa<\/td>\n<td>30 ml<\/td>\n<\/tr>\n<tr>\n<td>Var\u017ea (Rezistencija)<\/td>\n<td>1.0 Ohmo<\/td>\n<\/tr>\n<tr>\n<td>\u012ekrovimo jungtis (\u012ekrovimo prievadas)<\/td>\n<td>Type-C<\/td>\n<\/tr>\n<tr>\n<td>Baterijos talpa (Baterijos talpa)<\/td>\n<td>650mAh<\/td>\n<\/tr>\n<tr>\n<td>Skonis (Aromatas)<\/td>\n<td>Strawberry Ice (Bra\u0161k\u0117 Ledas)<\/td>\n<\/tr>\n<tr>\n<td>Tikslin\u0117 auditorija<\/td>\n<td>Vapotojai, m\u0117gstantys vaisinius ir gaivinan\u010dius aromatus<\/td>\n<\/tr>\n<tr>\n<td>\u012ekrovimo laikas<\/td>\n<td>Greitas \u012fkrovimas per Type-C<\/td>\n<\/tr>\n<tr>\n<td>Dydis (Matmenys)<\/td>\n<td>Kompakti\u0161ka ir patogi ne\u0161iotis<\/td>\n<\/tr>\n<tr>\n<td>Naudota technologija<\/td>\n<td>Tinklelio rit\u0117 tolygiam garui ir intensyviam skoniui<\/td>\n<\/tr>\n<tr>\n<td>Papildomos funkcijos<\/td>\n<td>Didelis ekranas, rodantis p\u016btimo kiek\u012f ir baterijos b\u016bsen\u0105<\/td>\n<\/tr>\n<\/tbody>\n<\/table>\n<h3>Kod\u0117l BANG KING 25000 Puffs E-cigaret\u0117 \u2013 Strawberry Ice yra geriausias pasirinkimas<\/h3>\n<ol>\n<li>25 000 p\u016btim\u0173 ilgalaikiam malonumui<br \/>\nSu \u012fsp\u016bdinga 25 000 \u012fkv\u0117pim\u0173 talpa \u0161i BANG KING elektronin\u0117 cigaret\u0117 pasi\u017eymi itin ilga tarnavimo trukme. Jums nereik\u0117s nuolat galvoti apie papildym\u0105 ar \u012fkrovim\u0105, tod\u0117l gal\u0117site m\u0117gautis \u012frenginiu ilg\u0105 laik\u0105.<\/li>\n<li>30 ml E-Likerio talpa ilgam p\u016btimui<br \/>\nDosni 30 ml E-liquido talpa garantuoja, kad gal\u0117site ilgai m\u0117gautis Strawberry Ice skoniu, nereikalaudama da\u017enai papildyti \u012frengin\u012f. Puikiai tinka vapotojams, kurie nori ilgaam\u017ei\u0161kumo ir ma\u017eiau prie\u017ei\u016bros.<\/li>\n<li>Strawberry Ice skonis \u2013 saldaus ir v\u0117sinan\u010dio derinio tobulumas<br \/>\nStrawberry Ice skonis si\u016blo gaiv\u0173 mi\u0161in\u012f i\u0161 sald\u017ei\u0173 bra\u0161ki\u0173 ir v\u0117sinan\u010dio ledo efekto, kuris paver\u010dia garinim\u0105 tikru malonumu. \u0160is skonis yra idealus tiems, kurie ie\u0161ko tobulos pusiausvyros tarp vaisi\u0161kumo ir gaivumo.<\/li>\n<li>0 Ohm tinklelio rit\u0117, skirta tolygiam garui ir intensyviam skoniui<br \/>\n1.0 Ohm Mesh-Coil u\u017etikrina tolyg\u0173 E-liquido garinim\u0105 ir nuolatin\u0119 auk\u0161t\u0105 skonio patirt\u012f. Mesh-Coil suteikia didesn\u0119 pavir\u0161iaus plot\u0105 ir intensyvesn\u012f bei tolygesn\u012f gar\u0173 gamyb\u0105, leid\u017eiant kiekvienu \u012fkv\u0117pimu m\u0117gautis pilnesniu skoniu.<\/li>\n<li>Greitas \u012fkrovimas per Type-C jungt\u012f<br \/>\nType-C \u012fkrovimo jungtis leid\u017eia efektyviai ir greitai \u012fkrauti 650 mAh baterij\u0105. Naudodami Type-C, galite greitai v\u0117l naudotis \u012frenginiu ir daugiau laiko praleisti garinant.<\/li>\n<li>650 mAh baterija patikimam veikimui<br \/>\n650 mAh baterija suteikia pakankamai energijos pasiekti 25 000 \u012fkv\u0117pim\u0173 ir u\u017etikrina, kad gal\u0117site naudotis \u012frenginiu be da\u017en\u0173 \u012fkrovimo pertrauk\u0173. Taip pat gal\u0117site naudotis \u012frenginiu ilg\u0105 laik\u0105 intensyviai garinant.<\/li>\n<li>Didelis ekranas patogiam rodymui<br \/>\nDidelis ekranas visada rodo jums dabartin\u012f p\u016btimo b\u016bsen\u0105 ir akumuliatoriaus \u012fkrov\u0105. \u0160i patogi funkcija u\u017etikrina, kad visada tur\u0117tum\u0117te vaizd\u0105 apie situacij\u0105 ir \u017einotum\u0117te, kada laikas \u012fkrauti ar papildyti.<\/li>\n<\/ol>\n<h3>Santrauka: BANG KING 25000 P\u016b\u010di\u0173 Elektronin\u0117 cigaret\u0117 \u2013 Bra\u0161ki\u0173 Ledas<\/h3>\n<p>BANG KING 25000 P\u016b\u010di\u0173 Elektronin\u0117 cigaret\u0117 su bra\u0161ki\u0173 ledo skoniu yra puikus pasirinkimas d\u016bmams, ie\u0161kantiems vaisinio, gaivinan\u010dio patirties. Su 25 000 p\u016btimo talpa ir 30 ml didel\u0117s talpos elektroninio skys\u010dio talpa, galite ilgai m\u0117gautis gaivinan\u010diu bra\u0161ki\u0173 ledo skoniu, nereik\u0117s nuolat papildyti ar \u012fkrauti \u012frengin\u012f.<\/p>\n<p>Bra\u0161ki\u0173 ledo skonis sujungia \u0161vie\u017ei\u0173 bra\u0161ki\u0173 saldum\u0105 su gaivinan\u010diu lediniu efektu, kuris paver\u010dia d\u016bmavim\u0105 \u012f v\u0117s\u0173 patyrim\u0105. 1.0 Ohm tinklelio rit\u0117 ir 650 mAh baterija u\u017etikrina tolyg\u0173 garavim\u0105 ir patikim\u0105 veikim\u0105, o Type-C jungtis leid\u017eia greitai \u012fkrauti.<\/p>\n<p>Su dideliu ekranu visada matote visk\u0105, kas padeda efektyviai naudotis \u012frenginiu. Jei ie\u0161kote elektronin\u0117s cigaret\u0117s, kuri tiek skoniu, tiek funkcionalumu \u012ftikina, BANG KING 25000 P\u016b\u010di\u0173 Elektronin\u0117 cigaret\u0117 \u2013 Bra\u0161ki\u0173 Ledas yra j\u016bs\u0173 ideali pasirinkimas.<\/p>\n<p>Patirkite galutin\u012f v\u0117sinimo efekt\u0105 su BANG KING 25000 P\u016b\u010di\u0173 Elektronine cigarete ir leiskit\u0117s \u012f unikal\u0173 d\u016bmavimo patirt\u012f su bra\u0161ki\u0173 ir gaivinan\u010dio ledo deriniu.<\/p>","protected":false},"excerpt":{"rendered":"<p>BANG KING 25000 Puffs mit Gro\u00dfbildschirm Strawberry Ice \u2013 Der ultimative K\u00fchleffekt f\u00fcr den perfekten Vape-Genuss Die BANG KING 25000 Puffs E-Zigarette mit Strawberry Ice-Geschmack bietet Dampfern eine au\u00dfergew\u00f6hnliche Kombination aus s\u00fc\u00dfer Erdbeere und erfrischender Eis-Note, die zusammen einen ultimativen K\u00fchleffekt erzeugen. Mit einer beeindruckenden Puff-Kapazit\u00e4t von 25000 Z\u00fcgen und einer gro\u00dfz\u00fcgigen 30 ml E-Liquid-Kapazit\u00e4t [&hellip;]<\/p>","protected":false},"featured_media":15412,"template":"","meta":{"inline_featured_image":false},"product_cat":[767,745,749,756],"product_tag":[710,768],"tiered_pricing_type":"fixed","tiered_pricing_fixed_rules":{"60":"10.08","110":"8.96","200":"7.84"},"tiered_pricing_percentage_rules":[],"tiered_pricing_minimum":1,"_administrator_tiered_pricing_type":"fixed","_administrator_tiered_pricing_fixed_rules":[],"_editor_tiered_pricing_type":"fixed","_editor_tiered_pricing_fixed_rules":[],"_author_tiered_pricing_type":"fixed","_author_tiered_pricing_fixed_rules":[],"_contributor_tiered_pricing_type":"fixed","_contributor_tiered_pricing_fixed_rules":[],"_subscriber_tiered_pricing_type":"fixed","_subscriber_tiered_pricing_fixed_rules":[],"_customer_tiered_pricing_type":"fixed","_customer_tiered_pricing_fixed_rules":[],"_shop_manager_tiered_pricing_type":"fixed","_shop_manager_tiered_pricing_fixed_rules":[],"_wpseo_manager_tiered_pricing_type":"fixed","_wpseo_manager_tiered_pricing_fixed_rules":[],"_wpseo_editor_tiered_pricing_type":"fixed","_wpseo_editor_tiered_pricing_fixed_rules":[],"_wholesale_customer_tiered_pricing_type":"fixed","_wholesale_customer_tiered_pricing_fixed_rules":[],"_marketer_tiered_pricing_type":"fixed","_marketer_tiered_pricing_fixed_rules":[],"_sales_manager_tiered_pricing_type":"fixed","_sales_manager_tiered_pricing_fixed_rules":[],"_sales_rep_tiered_pricing_type":"fixed","_sales_rep_tiered_pricing_fixed_rules":[],"yoast_head":"<!-- This site is optimized with the Yoast SEO plugin v23.3 - https:\/\/yoast.com\/wordpress\/plugins\/seo\/ -->\n<title>BANG KING 25000 Puffs mit Gro\u00dfbildschirm Strawberry Ice f\u00fcr den ultimativen K\u00fchleffekt E-Zigarette | ElementVape.de<\/title>\n<meta name=\"description\" content=\"Wir bieten BANG KING 25000 Puffs mit Gro\u00dfbildschirm Strawberry Ice f\u00fcr den ultimativen K\u00fchleffekt E-Zigarette , Elementvape.de akzeptieren Gro\u00df-und Einzelhandel Bestellungen.\" \/>\n<meta name=\"robots\" content=\"index, follow, max-snippet:-1, max-image-preview:large, max-video-preview:-1\" \/>\n<link rel=\"canonical\" href=\"https:\/\/www.elementvape.de\/lt\/produkt\/bang-king-25000-puffs-mit-grossbildschirm-strawberry-ice-fuer-den-ultimativen-kuehleffekt-e-zigarette\/\" \/>\n<meta property=\"og:locale\" content=\"lt_LT\" \/>\n<meta property=\"og:type\" content=\"article\" \/>\n<meta property=\"og:title\" content=\"BANG KING 25000 Puffs mit Gro\u00dfbildschirm Strawberry Ice f\u00fcr den ultimativen K\u00fchleffekt E-Zigarette | ElementVape.de\" \/>\n<meta property=\"og:description\" content=\"Wir bieten BANG KING 25000 Puffs mit Gro\u00dfbildschirm Strawberry Ice f\u00fcr den ultimativen K\u00fchleffekt E-Zigarette , Elementvape.de akzeptieren Gro\u00df-und Einzelhandel Bestellungen.\" \/>\n<meta property=\"og:url\" content=\"https:\/\/www.elementvape.de\/lt\/produkt\/bang-king-25000-puffs-mit-grossbildschirm-strawberry-ice-fuer-den-ultimativen-kuehleffekt-e-zigarette\/\" \/>\n<meta property=\"og:site_name\" content=\"ElementVape.de\" \/>\n<meta property=\"article:modified_time\" content=\"2024-11-26T07:32:29+00:00\" \/>\n<meta property=\"og:image\" content=\"https:\/\/www.elementvape.de\/wp-content\/uploads\/2024\/11\/strawberry-ice.jpg\" \/>\n\t<meta property=\"og:image:width\" content=\"1000\" \/>\n\t<meta property=\"og:image:height\" content=\"1000\" \/>\n\t<meta property=\"og:image:type\" content=\"image\/jpeg\" \/>\n<meta name=\"twitter:card\" content=\"summary_large_image\" \/>\n<meta name=\"twitter:label1\" content=\"Est. reading time\" \/>\n\t<meta name=\"twitter:data1\" content=\"5 minut\u0117s\" \/>\n<script type=\"application\/ld+json\" class=\"yoast-schema-graph\">{\"@context\":\"https:\/\/schema.org\",\"@graph\":[{\"@type\":\"WebPage\",\"@id\":\"https:\/\/www.elementvape.de\/nl\/produkt\/bang-king-25000-puffs-mit-grossbildschirm-strawberry-ice-fuer-den-ultimativen-kuehleffekt-e-zigarette\/\",\"url\":\"https:\/\/www.elementvape.de\/nl\/produkt\/bang-king-25000-puffs-mit-grossbildschirm-strawberry-ice-fuer-den-ultimativen-kuehleffekt-e-zigarette\/\",\"name\":\"BANG KING 25000 Puffs mit Gro\u00dfbildschirm Strawberry Ice f\u00fcr den ultimativen K\u00fchleffekt E-Zigarette | ElementVape.de\",\"isPartOf\":{\"@id\":\"https:\/\/www.elementvape.de\/#website\"},\"primaryImageOfPage\":{\"@id\":\"https:\/\/www.elementvape.de\/nl\/produkt\/bang-king-25000-puffs-mit-grossbildschirm-strawberry-ice-fuer-den-ultimativen-kuehleffekt-e-zigarette\/#primaryimage\"},\"image\":{\"@id\":\"https:\/\/www.elementvape.de\/nl\/produkt\/bang-king-25000-puffs-mit-grossbildschirm-strawberry-ice-fuer-den-ultimativen-kuehleffekt-e-zigarette\/#primaryimage\"},\"thumbnailUrl\":\"https:\/\/www.elementvape.de\/wp-content\/uploads\/2024\/11\/strawberry-ice.jpg\",\"datePublished\":\"2024-11-26T06:22:30+00:00\",\"dateModified\":\"2024-11-26T07:32:29+00:00\",\"description\":\"Wir bieten BANG KING 25000 Puffs mit Gro\u00dfbildschirm Strawberry Ice f\u00fcr den ultimativen K\u00fchleffekt E-Zigarette , Elementvape.de akzeptieren Gro\u00df-und Einzelhandel Bestellungen.\",\"breadcrumb\":{\"@id\":\"https:\/\/www.elementvape.de\/nl\/produkt\/bang-king-25000-puffs-mit-grossbildschirm-strawberry-ice-fuer-den-ultimativen-kuehleffekt-e-zigarette\/#breadcrumb\"},\"inLanguage\":\"lt-LT\",\"potentialAction\":[{\"@type\":\"ReadAction\",\"target\":[\"https:\/\/www.elementvape.de\/nl\/produkt\/bang-king-25000-puffs-mit-grossbildschirm-strawberry-ice-fuer-den-ultimativen-kuehleffekt-e-zigarette\/\"]}]},{\"@type\":\"ImageObject\",\"inLanguage\":\"lt-LT\",\"@id\":\"https:\/\/www.elementvape.de\/nl\/produkt\/bang-king-25000-puffs-mit-grossbildschirm-strawberry-ice-fuer-den-ultimativen-kuehleffekt-e-zigarette\/#primaryimage\",\"url\":\"https:\/\/www.elementvape.de\/wp-content\/uploads\/2024\/11\/strawberry-ice.jpg\",\"contentUrl\":\"https:\/\/www.elementvape.de\/wp-content\/uploads\/2024\/11\/strawberry-ice.jpg\",\"width\":1000,\"height\":1000,\"caption\":\"strawberry ice BANG KING 25000 PUFFS LARGE SCREEN B25\"},{\"@type\":\"BreadcrumbList\",\"@id\":\"https:\/\/www.elementvape.de\/nl\/produkt\/bang-king-25000-puffs-mit-grossbildschirm-strawberry-ice-fuer-den-ultimativen-kuehleffekt-e-zigarette\/#breadcrumb\",\"itemListElement\":[{\"@type\":\"ListItem\",\"position\":1,\"name\":\"Home\",\"item\":\"https:\/\/www.elementvape.de\/\"},{\"@type\":\"ListItem\",\"position\":2,\"name\":\"Shop\",\"item\":\"https:\/\/www.elementvape.de\/shop\/\"},{\"@type\":\"ListItem\",\"position\":3,\"name\":\"BANG KING 25000 Puffs mit Gro\u00dfbildschirm Strawberry Ice f\u00fcr den ultimativen K\u00fchleffekt E-Zigarette\"}]},{\"@type\":\"WebSite\",\"@id\":\"https:\/\/www.elementvape.de\/#website\",\"url\":\"https:\/\/www.elementvape.de\/\",\"name\":\"ElementVape.de\",\"description\":\"\",\"publisher\":{\"@id\":\"https:\/\/www.elementvape.de\/#organization\"},\"potentialAction\":[{\"@type\":\"SearchAction\",\"target\":{\"@type\":\"EntryPoint\",\"urlTemplate\":\"https:\/\/www.elementvape.de\/?s={search_term_string}\"},\"query-input\":\"required name=search_term_string\"}],\"inLanguage\":\"lt-LT\"},{\"@type\":\"Organization\",\"@id\":\"https:\/\/www.elementvape.de\/#organization\",\"name\":\"ElementVape.DE\",\"url\":\"https:\/\/www.elementvape.de\/\",\"logo\":{\"@type\":\"ImageObject\",\"inLanguage\":\"lt-LT\",\"@id\":\"https:\/\/www.elementvape.de\/#\/schema\/logo\/image\/\",\"url\":\"https:\/\/www.elementvape.de\/wp-content\/uploads\/2024\/09\/cropped-1elementvape-3.png\",\"contentUrl\":\"https:\/\/www.elementvape.de\/wp-content\/uploads\/2024\/09\/cropped-1elementvape-3.png\",\"width\":285,\"height\":228,\"caption\":\"ElementVape.DE\"},\"image\":{\"@id\":\"https:\/\/www.elementvape.de\/#\/schema\/logo\/image\/\"}}]}<\/script>\n<!-- \/ Yoast SEO plugin. -->","yoast_head_json":{"title":"BANG KING 25000 Puffs mit Gro\u00dfbildschirm Strawberry Ice f\u00fcr den ultimativen K\u00fchleffekt E-Zigarette | ElementVape.de","description":"Wir bieten BANG KING 25000 Puffs mit Gro\u00dfbildschirm Strawberry Ice f\u00fcr den ultimativen K\u00fchleffekt E-Zigarette , Elementvape.de akzeptieren Gro\u00df-und Einzelhandel Bestellungen.","robots":{"index":"index","follow":"follow","max-snippet":"max-snippet:-1","max-image-preview":"max-image-preview:large","max-video-preview":"max-video-preview:-1"},"canonical":"https:\/\/www.elementvape.de\/lt\/produkt\/bang-king-25000-puffs-mit-grossbildschirm-strawberry-ice-fuer-den-ultimativen-kuehleffekt-e-zigarette\/","og_locale":"lt_LT","og_type":"article","og_title":"BANG KING 25000 Puffs mit Gro\u00dfbildschirm Strawberry Ice f\u00fcr den ultimativen K\u00fchleffekt E-Zigarette | ElementVape.de","og_description":"Wir bieten BANG KING 25000 Puffs mit Gro\u00dfbildschirm Strawberry Ice f\u00fcr den ultimativen K\u00fchleffekt E-Zigarette , Elementvape.de akzeptieren Gro\u00df-und Einzelhandel Bestellungen.","og_url":"https:\/\/www.elementvape.de\/lt\/produkt\/bang-king-25000-puffs-mit-grossbildschirm-strawberry-ice-fuer-den-ultimativen-kuehleffekt-e-zigarette\/","og_site_name":"ElementVape.de","article_modified_time":"2024-11-26T07:32:29+00:00","og_image":[{"width":1000,"height":1000,"url":"https:\/\/www.elementvape.de\/wp-content\/uploads\/2024\/11\/strawberry-ice.jpg","type":"image\/jpeg"}],"twitter_card":"summary_large_image","twitter_misc":{"Est. reading time":"5 minut\u0117s"},"schema":{"@context":"https:\/\/schema.org","@graph":[{"@type":"WebPage","@id":"https:\/\/www.elementvape.de\/nl\/produkt\/bang-king-25000-puffs-mit-grossbildschirm-strawberry-ice-fuer-den-ultimativen-kuehleffekt-e-zigarette\/","url":"https:\/\/www.elementvape.de\/nl\/produkt\/bang-king-25000-puffs-mit-grossbildschirm-strawberry-ice-fuer-den-ultimativen-kuehleffekt-e-zigarette\/","name":"BANG KING 25000 Puffs mit Gro\u00dfbildschirm Strawberry Ice f\u00fcr den ultimativen K\u00fchleffekt E-Zigarette | ElementVape.de","isPartOf":{"@id":"https:\/\/www.elementvape.de\/#website"},"primaryImageOfPage":{"@id":"https:\/\/www.elementvape.de\/nl\/produkt\/bang-king-25000-puffs-mit-grossbildschirm-strawberry-ice-fuer-den-ultimativen-kuehleffekt-e-zigarette\/#primaryimage"},"image":{"@id":"https:\/\/www.elementvape.de\/nl\/produkt\/bang-king-25000-puffs-mit-grossbildschirm-strawberry-ice-fuer-den-ultimativen-kuehleffekt-e-zigarette\/#primaryimage"},"thumbnailUrl":"https:\/\/www.elementvape.de\/wp-content\/uploads\/2024\/11\/strawberry-ice.jpg","datePublished":"2024-11-26T06:22:30+00:00","dateModified":"2024-11-26T07:32:29+00:00","description":"Wir bieten BANG KING 25000 Puffs mit Gro\u00dfbildschirm Strawberry Ice f\u00fcr den ultimativen K\u00fchleffekt E-Zigarette , Elementvape.de akzeptieren Gro\u00df-und Einzelhandel Bestellungen.","breadcrumb":{"@id":"https:\/\/www.elementvape.de\/nl\/produkt\/bang-king-25000-puffs-mit-grossbildschirm-strawberry-ice-fuer-den-ultimativen-kuehleffekt-e-zigarette\/#breadcrumb"},"inLanguage":"lt-LT","potentialAction":[{"@type":"ReadAction","target":["https:\/\/www.elementvape.de\/nl\/produkt\/bang-king-25000-puffs-mit-grossbildschirm-strawberry-ice-fuer-den-ultimativen-kuehleffekt-e-zigarette\/"]}]},{"@type":"ImageObject","inLanguage":"lt-LT","@id":"https:\/\/www.elementvape.de\/nl\/produkt\/bang-king-25000-puffs-mit-grossbildschirm-strawberry-ice-fuer-den-ultimativen-kuehleffekt-e-zigarette\/#primaryimage","url":"https:\/\/www.elementvape.de\/wp-content\/uploads\/2024\/11\/strawberry-ice.jpg","contentUrl":"https:\/\/www.elementvape.de\/wp-content\/uploads\/2024\/11\/strawberry-ice.jpg","width":1000,"height":1000,"caption":"strawberry ice BANG KING 25000 PUFFS LARGE SCREEN B25"},{"@type":"BreadcrumbList","@id":"https:\/\/www.elementvape.de\/nl\/produkt\/bang-king-25000-puffs-mit-grossbildschirm-strawberry-ice-fuer-den-ultimativen-kuehleffekt-e-zigarette\/#breadcrumb","itemListElement":[{"@type":"ListItem","position":1,"name":"Home","item":"https:\/\/www.elementvape.de\/"},{"@type":"ListItem","position":2,"name":"Shop","item":"https:\/\/www.elementvape.de\/shop\/"},{"@type":"ListItem","position":3,"name":"BANG KING 25000 Puffs mit Gro\u00dfbildschirm Strawberry Ice f\u00fcr den ultimativen K\u00fchleffekt E-Zigarette"}]},{"@type":"WebSite","@id":"https:\/\/www.elementvape.de\/#website","url":"https:\/\/www.elementvape.de\/","name":"ElementVape.de","description":"","publisher":{"@id":"https:\/\/www.elementvape.de\/#organization"},"potentialAction":[{"@type":"SearchAction","target":{"@type":"EntryPoint","urlTemplate":"https:\/\/www.elementvape.de\/?s={search_term_string}"},"query-input":"required name=search_term_string"}],"inLanguage":"lt-LT"},{"@type":"Organization","@id":"https:\/\/www.elementvape.de\/#organization","name":"ElementVape.DE","url":"https:\/\/www.elementvape.de\/","logo":{"@type":"ImageObject","inLanguage":"lt-LT","@id":"https:\/\/www.elementvape.de\/#\/schema\/logo\/image\/","url":"https:\/\/www.elementvape.de\/wp-content\/uploads\/2024\/09\/cropped-1elementvape-3.png","contentUrl":"https:\/\/www.elementvape.de\/wp-content\/uploads\/2024\/09\/cropped-1elementvape-3.png","width":285,"height":228,"caption":"ElementVape.DE"},"image":{"@id":"https:\/\/www.elementvape.de\/#\/schema\/logo\/image\/"}}]}},"_links":{"self":[{"href":"https:\/\/www.elementvape.de\/lt\/wp-json\/wp\/v2\/product\/15390"}],"collection":[{"href":"https:\/\/www.elementvape.de\/lt\/wp-json\/wp\/v2\/product"}],"about":[{"href":"https:\/\/www.elementvape.de\/lt\/wp-json\/wp\/v2\/types\/product"}],"wp:featuredmedia":[{"embeddable":true,"href":"https:\/\/www.elementvape.de\/lt\/wp-json\/wp\/v2\/media\/15412"}],"wp:attachment":[{"href":"https:\/\/www.elementvape.de\/lt\/wp-json\/wp\/v2\/media?parent=15390"}],"wp:term":[{"taxonomy":"product_cat","embeddable":true,"href":"https:\/\/www.elementvape.de\/lt\/wp-json\/wp\/v2\/product_cat?post=15390"},{"taxonomy":"product_tag","embeddable":true,"href":"https:\/\/www.elementvape.de\/lt\/wp-json\/wp\/v2\/product_tag?post=15390"}],"curies":[{"name":"wp","href":"https:\/\/api.w.org\/{rel}","templated":true}]}}