{"id":15365,"date":"2024-11-25T08:25:28","date_gmt":"2024-11-25T08:25:28","guid":{"rendered":"https:\/\/www.elementvape.de\/?post_type=product&#038;p=15365"},"modified":"2024-11-25T09:56:36","modified_gmt":"2024-11-25T09:56:36","slug":"bang-king-36000-puff-grossbildschirm-druckregulierte-gemischte-fruechte-die-kombination-aus-frische-und-vielfalt-ist-beeindruckend-e-zigarette","status":"publish","type":"product","link":"https:\/\/www.elementvape.de\/lt\/produkt\/bang-king-36000-puff-grossbildschirm-druckregulierte-gemischte-fruechte-die-kombination-aus-frische-und-vielfalt-ist-beeindruckend-e-zigarette\/","title":{"rendered":"BANG KING 36000 Puff didelio ekrano spaudimo reguliuojamos mi\u0161rios vaisi\u0173 kombinacijos \u012fsp\u016bdinga gaivumo ir \u012fvairov\u0117s elektronin\u0117 cigaret\u0117"},"content":{"rendered":"<h3>BANG KING 36000 Puffs Didelis ekranas Spausdinimo reguliuojama Mi\u0161ri\u0173 vaisi\u0173 E-sigarete: \u0160vie\u017eumo ir \u012fvairov\u0117s derinys<\/h3>\n<p>Patirk intensyv\u0173 mi\u0161ri\u0173 vaisi\u0173 skon\u012f su <a href=\"https:\/\/www.elementvape.de\/lt\/c\/bang-king-36000-puffs\/\"><strong>BANG KING 36000 Puffs E-sigarete<\/strong><\/a>. \u0160i elektronin\u0117 cigaret\u0117 si\u016blo tau \u012fvairi\u0105 ir \u0161vie\u017ei\u0105 mi\u0161ri\u0173 vaisi\u0173 mi\u0161in\u012f, kuris nustebins tave kiekvienu \u012fkv\u0117pimu. Su spaudimo reguliavimu ir dideliu ekranu tur\u0117si visi\u0161k\u0105 kontrol\u0119 savo garinimo patirties, m\u0117gaudamasis tobulai subalansuotu \u0161vie\u017eumo ir vaisi\u0161kumo deriniu.<\/p>\n<h4>Pagrindin\u0117s BANG KING 36000 Puffs \u2013 Mi\u0161ri\u0173 vaisi\u0173 savyb\u0117s<\/h4>\n<table>\n<thead>\n<tr>\n<th>Savyb\u0117<\/th>\n<th>Duomenys<\/th>\n<\/tr>\n<\/thead>\n<tbody>\n<tr>\n<td>R\u016bkali\u0173<\/td>\n<td>36000 R\u016bkali\u0173<\/td>\n<\/tr>\n<tr>\n<td>E-liquido talpa<\/td>\n<td>36 ml<\/td>\n<\/tr>\n<tr>\n<td>Var\u017ea<\/td>\n<td>1.0 Ohmo (Tinklelio rit\u0117)<\/td>\n<\/tr>\n<tr>\n<td>Baterija<\/td>\n<td>850mAh<\/td>\n<\/tr>\n<tr>\n<td>\u012ekrovimo jungtis<\/td>\n<td>Type-C<\/td>\n<\/tr>\n<tr>\n<td>Skonis<\/td>\n<td>Mi\u0161ri\u0173 vaisi\u0173 (\u012fvair\u016bs ir \u0161vie\u017ei)<\/td>\n<\/tr>\n<tr>\n<td>Svoris (vienetas)<\/td>\n<td>124,6 g<\/td>\n<\/tr>\n<tr>\n<td>Svoris (10 vienet\u0173)<\/td>\n<td>1290,6 g<\/td>\n<\/tr>\n<tr>\n<td>Pakuot\u0117s vienetas<\/td>\n<td>160 vienet\u0173 \/ d\u0117\u017eut\u0117<\/td>\n<\/tr>\n<tr>\n<td>Bruto svoris (d\u0117\u017eut\u0117)<\/td>\n<td>21,38 kg<\/td>\n<\/tr>\n<tr>\n<td>Kartonmatmenys<\/td>\n<td>49.6<em>36<\/em>27,7 cm<\/td>\n<\/tr>\n<\/tbody>\n<\/table>\n<h4>Techniniai duomenys<\/h4>\n<table>\n<thead>\n<tr>\n<th>Techniniai bruo\u017eai<\/th>\n<th>Duomenys<\/th>\n<\/tr>\n<\/thead>\n<tbody>\n<tr>\n<td>Ekranas<\/td>\n<td>Didelis ekranas<\/td>\n<\/tr>\n<tr>\n<td>Spaudimo reguliavimas<\/td>\n<td>Ja<\/td>\n<\/tr>\n<tr>\n<td>Vamzdelio var\u017ea<\/td>\n<td>1.0 Ohmo (Tinklelio rit\u0117)<\/td>\n<\/tr>\n<tr>\n<td>E-liquido talpa<\/td>\n<td>36 ml<\/td>\n<\/tr>\n<tr>\n<td>Akumuliatoriaus talpa<\/td>\n<td>850mAh<\/td>\n<\/tr>\n<tr>\n<td>\u012ekrovimo jungtis<\/td>\n<td>Type-C<\/td>\n<\/tr>\n<tr>\n<td>\u012ekrovimo b\u016bdas<\/td>\n<td>Greitas \u012fkrovimas<\/td>\n<\/tr>\n<tr>\n<td>Naudojimo trukm\u0117<\/td>\n<td>Iki 36000 \u012fkv\u0117pim\u0173<\/td>\n<\/tr>\n<tr>\n<td>Pakuot\u0117s vienetas<\/td>\n<td>160 vienet\u0173 \/ d\u0117\u017eut\u0117<\/td>\n<\/tr>\n<\/tbody>\n<\/table>\n<h3>Kod\u0117l BANG KING 36000 Puffs \u2013 Mi\u0161ri\u0173 vaisi\u0173 E-sigarete yra ypatinga:<\/h3>\n<ol>\n<li>\u0160vie\u017eumas ir \u012fvairov\u0117<br \/>\nMi\u0161ri\u0173 vaisi\u0173 skonis suteikia tau tobul\u0105 sald\u017ei\u0173 ir r\u016bg\u0161\u010di\u0173j\u0173 nat\u0173 mi\u0161in\u012f, kuris u\u017etikrina gaiv\u0173 garinimo patirt\u012f.<\/li>\n<li>Ilgalaikis malonumas<br \/>\nSu <a href=\"https:\/\/www.elementvape.de\/lt\/p-tag\/vaep-36000-zuege\/\"><strong>36000 R\u016bkali\u0173<\/strong><\/a> gal\u0117si d\u017eiaugtis ilgaam\u017ei\u0161kumu ir tuo pa\u010diu m\u0117gautis vaisi\u0161ka \u012fvairove.<\/li>\n<li>Tinklelio rit\u0117s technologija<br \/>\n1.0 Ohm Mesh-Coil garantuoja vienod\u0105 garo gamyb\u0105 ir intensyv\u0173 skon\u012f, leid\u017eiant\u012f i\u0161naudoti vis\u0105 mi\u0161ri\u0173 vaisi\u0173 potencial\u0105.<\/li>\n<li>Spaudimo reguliavimas ir didelis ekranas<br \/>\nD\u0117ka spaudimo reguliavimo, gal\u0117si pritaikyti garo spaudim\u0105 pagal savo pageidavimus, o didelis ekranas rodys vis\u0105 svarbi\u0105 informacij\u0105, toki\u0105 kaip akumuliatoriaus b\u016bkl\u0117 ir lik\u0119 \u012fkv\u0117pimai.<\/li>\n<li>Greitas \u012fkrovimas<br \/>\n850mAh akumuliatorius ir Type-C \u012fkrovimo jungtis u\u017etikrina greit\u0105 \u012fkrovim\u0105, kad gal\u0117tum greitai v\u0117l m\u0117gautis savo \u0161vie\u017eia ir vaisi\u0161ka mi\u0161inio patirtimi.<\/li>\n<\/ol>\n<p>BANG KING 36000 Puffs \u2013 Mi\u0161ri\u0173 vaisi\u0173 <a href=\"https:\/\/www.elementvape.de\/lt\/\"><strong>Elektronin\u0117 cigaret\u0117<\/strong><\/a> si\u016blo \u0161vie\u017ei\u0105, vaisi\u0161k\u0105 garinimo patirt\u012f, kuri\u0105 \u012fkvepia ilgaam\u017ei\u0161kumas, kontrol\u0117 spaudimo ir intensyvus skonis. Jei ie\u0161kai vaisi\u0161ko ir gaivaus potyrio, kuris suteiks ilg\u0105 garavimo laik\u0105 ir individualius pritaikymo galimybes, \u0161is modelis yra tobulas pasirinkimas.<\/p>","protected":false},"excerpt":{"rendered":"<p>BANG KING 36000 Puffs Gro\u00dfbildschirm\u00a0 Druckregulierte Gemischte Fr\u00fcchte E-Zigarette: Die Kombination aus Frische und Vielfalt Erlebe den intensiven Geschmack der gemischten Fr\u00fcchte mit der BANG KING 36000 Puffs E-Zigarette. Diese E-Zigarette bietet dir eine vielf\u00e4ltige und frische Mischung aus verschiedenen Fr\u00fcchten, die dich mit jeder Inhalation \u00fcberraschen wird. Mit der Druckregulierung und dem Gro\u00dfbildschirm hast [&hellip;]<\/p>","protected":false},"featured_media":15373,"template":"","meta":{"inline_featured_image":false},"product_cat":[775],"product_tag":[710,761],"tiered_pricing_type":"fixed","tiered_pricing_fixed_rules":{"60":"11.11","110":"9.87","200":"8.64"},"tiered_pricing_percentage_rules":[],"tiered_pricing_minimum":1,"_administrator_tiered_pricing_type":"fixed","_administrator_tiered_pricing_fixed_rules":[],"_editor_tiered_pricing_type":"fixed","_editor_tiered_pricing_fixed_rules":[],"_author_tiered_pricing_type":"fixed","_author_tiered_pricing_fixed_rules":[],"_contributor_tiered_pricing_type":"fixed","_contributor_tiered_pricing_fixed_rules":[],"_subscriber_tiered_pricing_type":"fixed","_subscriber_tiered_pricing_fixed_rules":[],"_customer_tiered_pricing_type":"fixed","_customer_tiered_pricing_fixed_rules":[],"_shop_manager_tiered_pricing_type":"fixed","_shop_manager_tiered_pricing_fixed_rules":[],"_wpseo_manager_tiered_pricing_type":"fixed","_wpseo_manager_tiered_pricing_fixed_rules":[],"_wpseo_editor_tiered_pricing_type":"fixed","_wpseo_editor_tiered_pricing_fixed_rules":[],"_wholesale_customer_tiered_pricing_type":"fixed","_wholesale_customer_tiered_pricing_fixed_rules":[],"_marketer_tiered_pricing_type":"fixed","_marketer_tiered_pricing_fixed_rules":[],"_sales_manager_tiered_pricing_type":"fixed","_sales_manager_tiered_pricing_fixed_rules":[],"_sales_rep_tiered_pricing_type":"fixed","_sales_rep_tiered_pricing_fixed_rules":[],"yoast_head":"<!-- This site is optimized with the Yoast SEO plugin v23.3 - https:\/\/yoast.com\/wordpress\/plugins\/seo\/ -->\n<title>BANG KING 36000 Puff Gro\u00dfbildschirm druckregulierte gemischte Fr\u00fcchte die Kombination aus Frische und Vielfalt ist beeindruckend E-Zigarette | ElementVape.de<\/title>\n<meta name=\"description\" content=\"Wir bieten BANG KING 36000 Puff Gro\u00dfbildschirm druckregulierte gemischte Fr\u00fcchte die Kombination aus Frische und Vielfalt ist beeindruckend E-Zigarette , Elementvape.de akzeptieren Gro\u00df-und Einzelhandel Bestellungen.\" \/>\n<meta name=\"robots\" content=\"index, follow, max-snippet:-1, max-image-preview:large, max-video-preview:-1\" \/>\n<link rel=\"canonical\" href=\"https:\/\/www.elementvape.de\/lt\/produkt\/bang-king-36000-puff-grossbildschirm-druckregulierte-gemischte-fruechte-die-kombination-aus-frische-und-vielfalt-ist-beeindruckend-e-zigarette\/\" \/>\n<meta property=\"og:locale\" content=\"lt_LT\" \/>\n<meta property=\"og:type\" content=\"article\" \/>\n<meta property=\"og:title\" content=\"BANG KING 36000 Puff Gro\u00dfbildschirm druckregulierte gemischte Fr\u00fcchte die Kombination aus Frische und Vielfalt ist beeindruckend E-Zigarette | ElementVape.de\" \/>\n<meta property=\"og:description\" content=\"Wir bieten BANG KING 36000 Puff Gro\u00dfbildschirm druckregulierte gemischte Fr\u00fcchte die Kombination aus Frische und Vielfalt ist beeindruckend E-Zigarette , Elementvape.de akzeptieren Gro\u00df-und Einzelhandel Bestellungen.\" \/>\n<meta property=\"og:url\" content=\"https:\/\/www.elementvape.de\/lt\/produkt\/bang-king-36000-puff-grossbildschirm-druckregulierte-gemischte-fruechte-die-kombination-aus-frische-und-vielfalt-ist-beeindruckend-e-zigarette\/\" \/>\n<meta property=\"og:site_name\" content=\"ElementVape.de\" \/>\n<meta property=\"article:modified_time\" content=\"2024-11-25T09:56:36+00:00\" \/>\n<meta property=\"og:image\" content=\"https:\/\/www.elementvape.de\/wp-content\/uploads\/2024\/11\/MIX-Fruit-scaled.jpg\" \/>\n\t<meta property=\"og:image:width\" content=\"2560\" \/>\n\t<meta property=\"og:image:height\" content=\"1196\" \/>\n\t<meta property=\"og:image:type\" content=\"image\/jpeg\" \/>\n<meta name=\"twitter:card\" content=\"summary_large_image\" \/>\n<meta name=\"twitter:label1\" content=\"Est. reading time\" \/>\n\t<meta name=\"twitter:data1\" content=\"3 minut\u0117s\" \/>\n<script type=\"application\/ld+json\" class=\"yoast-schema-graph\">{\"@context\":\"https:\/\/schema.org\",\"@graph\":[{\"@type\":\"WebPage\",\"@id\":\"https:\/\/www.elementvape.de\/sv\/produkt\/bang-king-36000-puff-grossbildschirm-druckregulierte-gemischte-fruechte-die-kombination-aus-frische-und-vielfalt-ist-beeindruckend-e-zigarette\/\",\"url\":\"https:\/\/www.elementvape.de\/sv\/produkt\/bang-king-36000-puff-grossbildschirm-druckregulierte-gemischte-fruechte-die-kombination-aus-frische-und-vielfalt-ist-beeindruckend-e-zigarette\/\",\"name\":\"BANG KING 36000 Puff Gro\u00dfbildschirm druckregulierte gemischte Fr\u00fcchte die Kombination aus Frische und Vielfalt ist beeindruckend E-Zigarette | ElementVape.de\",\"isPartOf\":{\"@id\":\"https:\/\/www.elementvape.de\/#website\"},\"primaryImageOfPage\":{\"@id\":\"https:\/\/www.elementvape.de\/sv\/produkt\/bang-king-36000-puff-grossbildschirm-druckregulierte-gemischte-fruechte-die-kombination-aus-frische-und-vielfalt-ist-beeindruckend-e-zigarette\/#primaryimage\"},\"image\":{\"@id\":\"https:\/\/www.elementvape.de\/sv\/produkt\/bang-king-36000-puff-grossbildschirm-druckregulierte-gemischte-fruechte-die-kombination-aus-frische-und-vielfalt-ist-beeindruckend-e-zigarette\/#primaryimage\"},\"thumbnailUrl\":\"https:\/\/www.elementvape.de\/wp-content\/uploads\/2024\/11\/MIX-Fruit-scaled.jpg\",\"datePublished\":\"2024-11-25T08:25:28+00:00\",\"dateModified\":\"2024-11-25T09:56:36+00:00\",\"description\":\"Wir bieten BANG KING 36000 Puff Gro\u00dfbildschirm druckregulierte gemischte Fr\u00fcchte die Kombination aus Frische und Vielfalt ist beeindruckend E-Zigarette , Elementvape.de akzeptieren Gro\u00df-und Einzelhandel Bestellungen.\",\"breadcrumb\":{\"@id\":\"https:\/\/www.elementvape.de\/sv\/produkt\/bang-king-36000-puff-grossbildschirm-druckregulierte-gemischte-fruechte-die-kombination-aus-frische-und-vielfalt-ist-beeindruckend-e-zigarette\/#breadcrumb\"},\"inLanguage\":\"lt-LT\",\"potentialAction\":[{\"@type\":\"ReadAction\",\"target\":[\"https:\/\/www.elementvape.de\/sv\/produkt\/bang-king-36000-puff-grossbildschirm-druckregulierte-gemischte-fruechte-die-kombination-aus-frische-und-vielfalt-ist-beeindruckend-e-zigarette\/\"]}]},{\"@type\":\"ImageObject\",\"inLanguage\":\"lt-LT\",\"@id\":\"https:\/\/www.elementvape.de\/sv\/produkt\/bang-king-36000-puff-grossbildschirm-druckregulierte-gemischte-fruechte-die-kombination-aus-frische-und-vielfalt-ist-beeindruckend-e-zigarette\/#primaryimage\",\"url\":\"https:\/\/www.elementvape.de\/wp-content\/uploads\/2024\/11\/MIX-Fruit-scaled.jpg\",\"contentUrl\":\"https:\/\/www.elementvape.de\/wp-content\/uploads\/2024\/11\/MIX-Fruit-scaled.jpg\",\"width\":2560,\"height\":1196,\"caption\":\"BANG KING 36000 Puff Gro\u00dfbildschirm druckregulierte gemischte Fr\u00fcchte die Kombination aus Frische und Vielfalt ist beeindruckend E-Zigarette\"},{\"@type\":\"BreadcrumbList\",\"@id\":\"https:\/\/www.elementvape.de\/sv\/produkt\/bang-king-36000-puff-grossbildschirm-druckregulierte-gemischte-fruechte-die-kombination-aus-frische-und-vielfalt-ist-beeindruckend-e-zigarette\/#breadcrumb\",\"itemListElement\":[{\"@type\":\"ListItem\",\"position\":1,\"name\":\"Home\",\"item\":\"https:\/\/www.elementvape.de\/\"},{\"@type\":\"ListItem\",\"position\":2,\"name\":\"Shop\",\"item\":\"https:\/\/www.elementvape.de\/shop\/\"},{\"@type\":\"ListItem\",\"position\":3,\"name\":\"BANG KING 36000 Puff Gro\u00dfbildschirm druckregulierte gemischte Fr\u00fcchte die Kombination aus Frische und Vielfalt ist beeindruckend E-Zigarette\"}]},{\"@type\":\"WebSite\",\"@id\":\"https:\/\/www.elementvape.de\/#website\",\"url\":\"https:\/\/www.elementvape.de\/\",\"name\":\"ElementVape.de\",\"description\":\"\",\"publisher\":{\"@id\":\"https:\/\/www.elementvape.de\/#organization\"},\"potentialAction\":[{\"@type\":\"SearchAction\",\"target\":{\"@type\":\"EntryPoint\",\"urlTemplate\":\"https:\/\/www.elementvape.de\/?s={search_term_string}\"},\"query-input\":\"required name=search_term_string\"}],\"inLanguage\":\"lt-LT\"},{\"@type\":\"Organization\",\"@id\":\"https:\/\/www.elementvape.de\/#organization\",\"name\":\"ElementVape.DE\",\"url\":\"https:\/\/www.elementvape.de\/\",\"logo\":{\"@type\":\"ImageObject\",\"inLanguage\":\"lt-LT\",\"@id\":\"https:\/\/www.elementvape.de\/#\/schema\/logo\/image\/\",\"url\":\"https:\/\/www.elementvape.de\/wp-content\/uploads\/2024\/09\/cropped-1elementvape-3.png\",\"contentUrl\":\"https:\/\/www.elementvape.de\/wp-content\/uploads\/2024\/09\/cropped-1elementvape-3.png\",\"width\":285,\"height\":228,\"caption\":\"ElementVape.DE\"},\"image\":{\"@id\":\"https:\/\/www.elementvape.de\/#\/schema\/logo\/image\/\"}}]}<\/script>\n<!-- \/ Yoast SEO plugin. -->","yoast_head_json":{"title":"BANG KING 36000 Puff Gro\u00dfbildschirm druckregulierte gemischte Fr\u00fcchte die Kombination aus Frische und Vielfalt ist beeindruckend E-Zigarette | ElementVape.de","description":"Wir bieten BANG KING 36000 Puff Gro\u00dfbildschirm druckregulierte gemischte Fr\u00fcchte die Kombination aus Frische und Vielfalt ist beeindruckend E-Zigarette , Elementvape.de akzeptieren Gro\u00df-und Einzelhandel Bestellungen.","robots":{"index":"index","follow":"follow","max-snippet":"max-snippet:-1","max-image-preview":"max-image-preview:large","max-video-preview":"max-video-preview:-1"},"canonical":"https:\/\/www.elementvape.de\/lt\/produkt\/bang-king-36000-puff-grossbildschirm-druckregulierte-gemischte-fruechte-die-kombination-aus-frische-und-vielfalt-ist-beeindruckend-e-zigarette\/","og_locale":"lt_LT","og_type":"article","og_title":"BANG KING 36000 Puff Gro\u00dfbildschirm druckregulierte gemischte Fr\u00fcchte die Kombination aus Frische und Vielfalt ist beeindruckend E-Zigarette | ElementVape.de","og_description":"Wir bieten BANG KING 36000 Puff Gro\u00dfbildschirm druckregulierte gemischte Fr\u00fcchte die Kombination aus Frische und Vielfalt ist beeindruckend E-Zigarette , Elementvape.de akzeptieren Gro\u00df-und Einzelhandel Bestellungen.","og_url":"https:\/\/www.elementvape.de\/lt\/produkt\/bang-king-36000-puff-grossbildschirm-druckregulierte-gemischte-fruechte-die-kombination-aus-frische-und-vielfalt-ist-beeindruckend-e-zigarette\/","og_site_name":"ElementVape.de","article_modified_time":"2024-11-25T09:56:36+00:00","og_image":[{"width":2560,"height":1196,"url":"https:\/\/www.elementvape.de\/wp-content\/uploads\/2024\/11\/MIX-Fruit-scaled.jpg","type":"image\/jpeg"}],"twitter_card":"summary_large_image","twitter_misc":{"Est. reading time":"3 minut\u0117s"},"schema":{"@context":"https:\/\/schema.org","@graph":[{"@type":"WebPage","@id":"https:\/\/www.elementvape.de\/sv\/produkt\/bang-king-36000-puff-grossbildschirm-druckregulierte-gemischte-fruechte-die-kombination-aus-frische-und-vielfalt-ist-beeindruckend-e-zigarette\/","url":"https:\/\/www.elementvape.de\/sv\/produkt\/bang-king-36000-puff-grossbildschirm-druckregulierte-gemischte-fruechte-die-kombination-aus-frische-und-vielfalt-ist-beeindruckend-e-zigarette\/","name":"BANG KING 36000 Puff Gro\u00dfbildschirm druckregulierte gemischte Fr\u00fcchte die Kombination aus Frische und Vielfalt ist beeindruckend E-Zigarette | ElementVape.de","isPartOf":{"@id":"https:\/\/www.elementvape.de\/#website"},"primaryImageOfPage":{"@id":"https:\/\/www.elementvape.de\/sv\/produkt\/bang-king-36000-puff-grossbildschirm-druckregulierte-gemischte-fruechte-die-kombination-aus-frische-und-vielfalt-ist-beeindruckend-e-zigarette\/#primaryimage"},"image":{"@id":"https:\/\/www.elementvape.de\/sv\/produkt\/bang-king-36000-puff-grossbildschirm-druckregulierte-gemischte-fruechte-die-kombination-aus-frische-und-vielfalt-ist-beeindruckend-e-zigarette\/#primaryimage"},"thumbnailUrl":"https:\/\/www.elementvape.de\/wp-content\/uploads\/2024\/11\/MIX-Fruit-scaled.jpg","datePublished":"2024-11-25T08:25:28+00:00","dateModified":"2024-11-25T09:56:36+00:00","description":"Wir bieten BANG KING 36000 Puff Gro\u00dfbildschirm druckregulierte gemischte Fr\u00fcchte die Kombination aus Frische und Vielfalt ist beeindruckend E-Zigarette , Elementvape.de akzeptieren Gro\u00df-und Einzelhandel Bestellungen.","breadcrumb":{"@id":"https:\/\/www.elementvape.de\/sv\/produkt\/bang-king-36000-puff-grossbildschirm-druckregulierte-gemischte-fruechte-die-kombination-aus-frische-und-vielfalt-ist-beeindruckend-e-zigarette\/#breadcrumb"},"inLanguage":"lt-LT","potentialAction":[{"@type":"ReadAction","target":["https:\/\/www.elementvape.de\/sv\/produkt\/bang-king-36000-puff-grossbildschirm-druckregulierte-gemischte-fruechte-die-kombination-aus-frische-und-vielfalt-ist-beeindruckend-e-zigarette\/"]}]},{"@type":"ImageObject","inLanguage":"lt-LT","@id":"https:\/\/www.elementvape.de\/sv\/produkt\/bang-king-36000-puff-grossbildschirm-druckregulierte-gemischte-fruechte-die-kombination-aus-frische-und-vielfalt-ist-beeindruckend-e-zigarette\/#primaryimage","url":"https:\/\/www.elementvape.de\/wp-content\/uploads\/2024\/11\/MIX-Fruit-scaled.jpg","contentUrl":"https:\/\/www.elementvape.de\/wp-content\/uploads\/2024\/11\/MIX-Fruit-scaled.jpg","width":2560,"height":1196,"caption":"BANG KING 36000 Puff Gro\u00dfbildschirm druckregulierte gemischte Fr\u00fcchte die Kombination aus Frische und Vielfalt ist beeindruckend E-Zigarette"},{"@type":"BreadcrumbList","@id":"https:\/\/www.elementvape.de\/sv\/produkt\/bang-king-36000-puff-grossbildschirm-druckregulierte-gemischte-fruechte-die-kombination-aus-frische-und-vielfalt-ist-beeindruckend-e-zigarette\/#breadcrumb","itemListElement":[{"@type":"ListItem","position":1,"name":"Home","item":"https:\/\/www.elementvape.de\/"},{"@type":"ListItem","position":2,"name":"Shop","item":"https:\/\/www.elementvape.de\/shop\/"},{"@type":"ListItem","position":3,"name":"BANG KING 36000 Puff Gro\u00dfbildschirm druckregulierte gemischte Fr\u00fcchte die Kombination aus Frische und Vielfalt ist beeindruckend E-Zigarette"}]},{"@type":"WebSite","@id":"https:\/\/www.elementvape.de\/#website","url":"https:\/\/www.elementvape.de\/","name":"ElementVape.de","description":"","publisher":{"@id":"https:\/\/www.elementvape.de\/#organization"},"potentialAction":[{"@type":"SearchAction","target":{"@type":"EntryPoint","urlTemplate":"https:\/\/www.elementvape.de\/?s={search_term_string}"},"query-input":"required name=search_term_string"}],"inLanguage":"lt-LT"},{"@type":"Organization","@id":"https:\/\/www.elementvape.de\/#organization","name":"ElementVape.DE","url":"https:\/\/www.elementvape.de\/","logo":{"@type":"ImageObject","inLanguage":"lt-LT","@id":"https:\/\/www.elementvape.de\/#\/schema\/logo\/image\/","url":"https:\/\/www.elementvape.de\/wp-content\/uploads\/2024\/09\/cropped-1elementvape-3.png","contentUrl":"https:\/\/www.elementvape.de\/wp-content\/uploads\/2024\/09\/cropped-1elementvape-3.png","width":285,"height":228,"caption":"ElementVape.DE"},"image":{"@id":"https:\/\/www.elementvape.de\/#\/schema\/logo\/image\/"}}]}},"_links":{"self":[{"href":"https:\/\/www.elementvape.de\/lt\/wp-json\/wp\/v2\/product\/15365"}],"collection":[{"href":"https:\/\/www.elementvape.de\/lt\/wp-json\/wp\/v2\/product"}],"about":[{"href":"https:\/\/www.elementvape.de\/lt\/wp-json\/wp\/v2\/types\/product"}],"wp:featuredmedia":[{"embeddable":true,"href":"https:\/\/www.elementvape.de\/lt\/wp-json\/wp\/v2\/media\/15373"}],"wp:attachment":[{"href":"https:\/\/www.elementvape.de\/lt\/wp-json\/wp\/v2\/media?parent=15365"}],"wp:term":[{"taxonomy":"product_cat","embeddable":true,"href":"https:\/\/www.elementvape.de\/lt\/wp-json\/wp\/v2\/product_cat?post=15365"},{"taxonomy":"product_tag","embeddable":true,"href":"https:\/\/www.elementvape.de\/lt\/wp-json\/wp\/v2\/product_tag?post=15365"}],"curies":[{"name":"wp","href":"https:\/\/api.w.org\/{rel}","templated":true}]}}