{"id":15334,"date":"2024-11-23T06:11:16","date_gmt":"2024-11-23T06:11:16","guid":{"rendered":"https:\/\/www.elementvape.de\/?post_type=product&#038;p=15334"},"modified":"2024-11-23T06:22:01","modified_gmt":"2024-11-23T06:22:01","slug":"bang-king-puffs-key-type-e-zigarette-peach-ice-fruchtige-suesse-trifft-auf-erfrischende-kuehle","status":"publish","type":"product","link":"https:\/\/www.elementvape.de\/lt\/produkt\/bang-king-puffs-key-type-e-zigarette-peach-ice-fruchtige-suesse-trifft-auf-erfrischende-kuehle\/","title":{"rendered":"Bang King PUFFS RAKTAS TIPAS E-Lizdelis Peach Ice Vaisi\u0173 saldumas susitinka su gaiviu \u0161altumu"},"content":{"rendered":"<h2>PEACH ICE BANG KING 12000 PUFFS KEY TYPE E-cigaret\u0117. Patirkite gaiv\u0173 persik\u0173 skon\u012f su lediniu pli\u016bpsniu<\/h2>\n<p>PEACH ICE BANG KING 12000 PUFFS KEY TYPE E-cigaret\u0117 si\u016blo jums tobul\u0105 skon\u012f visai dienai. \u0160i E-cigaret\u0117 sujungia sulting\u0105 persik\u0173 skon\u012f su ledine gaiva, kuri kiekvienu \u012fkv\u0117pimu suteikia gaivinant\u012f skonio sprogim\u0105. Nesvarbu, ar m\u0117gstate vaisi\u0173 persik\u0173 skon\u012f, ar v\u0117s\u0173 poj\u016bt\u012f, \u0161i E-cigaret\u0117 puikiai sujungia abu ir si\u016blo neprilygstam\u0105 patirt\u012f.<\/p>\n<h3>Produkto technin\u0117s specifikacijos<\/h3>\n<table>\n<thead>\n<tr>\n<th>Parametrai<\/th>\n<th>Duomenys<\/th>\n<\/tr>\n<\/thead>\n<tbody>\n<tr>\n<td>R\u016bkali\u0173<\/td>\n<td>12000<\/td>\n<\/tr>\n<tr>\n<td>E-liquido talpa<\/td>\n<td>12ml<\/td>\n<\/tr>\n<tr>\n<td>Var\u017ea<\/td>\n<td>1,2 Ohm (tinklelio rit\u0117)<\/td>\n<\/tr>\n<tr>\n<td>Baterijos talpa<\/td>\n<td>600mAh<\/td>\n<\/tr>\n<tr>\n<td>\u012ekrovimo jungtis<\/td>\n<td>Type-C greito \u012fkrovimo jungtis<\/td>\n<\/tr>\n<tr>\n<td>Matmenys<\/td>\n<td>Kompakti\u0161kas, ne\u0161iojamas dydis<\/td>\n<\/tr>\n<\/tbody>\n<\/table>\n<h3>Kuo PEACH ICE BANG KING 12000 PUFFS yra unikalus?<\/h3>\n<h4>Vaisi\u0161kas ir gaivus \u2013 persik\u0173 skonis<\/h4>\n<p>PEACH ICE BANG KING 12000 PUFFS si\u016blo autenti\u0161k\u0105 \u0161vie\u017eiai nuskint\u0173, sulting\u0173 persik\u0173 skon\u012f. Skonis yra gaivus ir saldus, bet ne per stiprus. Kiekvienas \u012fkv\u0117pimas atne\u0161a skan\u0173 vaisi\u0173 skon\u012f tiesiai ant j\u016bs\u0173 lie\u017euvio, tod\u0117l tai yra idealus pasirinkimas visiems, kurie m\u0117gsta vaisi\u0173 aromatus.<\/p>\n<h4>Ledin\u0117 gaiva \u2013 ledo efektas<\/h4>\n<p>\u0160i E-cigaret\u0117 si\u016blo ne tik skan\u0173 persik\u0173 skon\u012f, bet ir v\u0117si\u0105, gaivinan\u010di\u0105 nat\u0105. Ledo efektas u\u017etikrina, kad kiekvienas \u012fkv\u0117pimas b\u016bt\u0173 patraukliai gaivus ir v\u0117sus. Ypa\u010d kar\u0161tomis dienomis ledinis skonis yra sveikintinas pokytis, padedantis atsigaivinti.<\/p>\n<h3>PEACH ICE BANG KING 12000 PUFFS technin\u0117s savyb\u0117s<\/h3>\n<h4>1. 12000 Puffs \u2013 ilgalaik\u0117 patirtis<\/h4>\n<p>PEACH ICE BANG KING 12000 PUFFS turi did\u017eiul\u012f 12000 \u012fkv\u0117pim\u0173 skai\u010di\u0173, o tai garantuoja ilg\u0105 naudojimo trukm\u0119. Jums nereikia jaudintis d\u0117l to, <strong><a href=\"https:\/\/www.elementvape.de\/lt\/\">Elektronin\u0117 cigaret\u0117<\/a><\/strong> kad da\u017enai keisti ar papildyti. E-cigaret\u0117 tarnauja ilgai ir per vis\u0105 savo gyvavimo laikotarp\u012f si\u016blo jums nuolatin\u012f, auk\u0161tos kokyb\u0117s skon\u012f.<\/p>\n<h4>2. 12ml E-skys\u010dio talpa \u2013 ilgalaikis skonis<\/h4>\n<p>Su 12 ml talpa galite ilgai m\u0117gautis, negalvodami apie da\u017en\u0105 papildym\u0105. \u0160i didel\u0117 E-skys\u010dio talpa u\u017etikrina, kad kiekvienu \u012fkv\u0117pimu patirsite t\u0105 pat\u012f \u0161vie\u017ei\u0105 persik\u0173 ir ledo skon\u012f.<\/p>\n<h4>3. 1,2 Ohm var\u017ea \u2013 optimali garinimo patirtis<\/h4>\n<p>Su 1,2 Ohm tinklo rit\u0117 PEACH ICE BANG KING u\u017etikrina tolyg\u0173 garinim\u0105, kuris sukuria ideali\u0105 garo i\u0161metimo patirt\u012f. 1,2 Ohm var\u017ea u\u017etikrina, kad garas ne tik gerai skonis, bet ir suteikia tobul\u0105 garo mi\u0161in\u012f, kuris sustiprina persik\u0173 ir ledo skon\u012f.<\/p>\n<h4>4. Kompakti\u0161kas ir ne\u0161iojamas dydis<\/h4>\n<p>PEACH ICE BANG KING 12000 PUFFS i\u0161siskiria savo kompakti\u0161ku dizainu, kuris leid\u017eia lengvai j\u012f ne\u0161iotis. J\u012f galite be vargo \u012fd\u0117ti \u012f savo ki\u0161en\u0119 ar rankin\u0119 ir tur\u0117ti bet kada po ranka, kad gal\u0117tum\u0117te m\u0117gautis \u0161vie\u017eiu persik\u0173 skoniu. \u0160i elektronin\u0117 cigaret\u0117 yra puiki tiems, kurie ie\u0161ko patogaus ir ne\u0161iojamo \u012frenginio.<\/p>\n<h4>5. Type-C greito \u012fkrovimo jungtis \u2013 greitas \u012fkrovimas<\/h4>\n<p>Su Type-C greito \u012fkrovimo jungtimi galite greitai ir efektyviai \u012fkrauti savo PEACH ICE BANG KING 12000 PUFFS. Greito \u012fkrovimo jungtis leid\u017eia jums greitai \u012fkrauti savo elektronin\u0119 cigaret\u0119, kad nereik\u0117t\u0173 ilgai laukti kito garavimo.<\/p>\n<h3>Kod\u0117l rinktis PEACH ICE BANG KING 12000 PUFFS?<\/h3>\n<p>PEACH ICE BANG KING 12000 PUFFS yra tobulas pasirinkimas tiems, kurie ie\u0161ko \u0161vie\u017eio, vaisinio ir ilgai trunkan\u010dio skonio patirties. \u0160tai keletas prie\u017eas\u010di\u0173, kod\u0117l verta pasirinkti \u0161i\u0105 elektronin\u0119 cigaret\u0119:<\/p>\n<p>1. Saldus persik\u0173 skonis ir ledin\u0117 gaiva \u2013 tobulas derinys<\/p>\n<p>PEACH ICE BANG KING 12000 PUFFS sujungia sald\u0173, \u0161vie\u017ei\u0105 persik\u0173 skon\u012f su gaivinan\u010dia ledo nata, si\u016blydama subalansuot\u0105 ir turting\u0105 skonio patirt\u012f. Kiekvienas \u012fkv\u0117pimas u\u017etikrina tobul\u0105 sald\u017ei\u0173, vaisini\u0173 nat\u0173 ir \u0161alto, gaivinan\u010dio ledo skonio mi\u0161in\u012f.<\/p>\n<p>2. 12000 \u012fkv\u0117pim\u0173 ilgalaikiam malonumui<\/p>\n<p>Su 12000 \u012fkv\u0117pim\u0173 \u0161i elektronin\u0117 cigaret\u0117 suteikia ilgalaik\u012f naudojim\u0105 ir u\u017etikrina, kad nereik\u0117s nuolat ie\u0161koti pakaital\u0173 ar papildyti. Tai daro j\u0105 idealiu pasirinkimu tiems, kurie m\u0117gsta ilgai m\u0117gautis be pertraukos.<\/p>\n<p>3. Ne\u0161iojama ir paprasta naudoti<\/p>\n<p>D\u0117l savo kompakti\u0161ko dizaino PEACH ICE BANG KING 12000 PUFFS yra labai ne\u0161iojama. J\u0105 galite pasiimti bet kur ir bet kada m\u0117gautis gaiviu \u012fkv\u0117pimu. Ji lengvai telpa \u012f bet kuri\u0105 ki\u0161en\u0119 ir yra ideali kasdieniam naudojimui.<\/p>\n<p>4. Greito \u012fkrovimo technologija<\/p>\n<p>D\u0117l Type-C greito \u012fkrovimo jungties galite greitai \u012fkrauti savo PEACH ICE BANG KING 12000 PUFFS. Greito \u012fkrovimo technologija leid\u017eia greitai v\u0117l naudoti \u012frengin\u012f, nereikalaujant ilg\u0173 \u012fkrovimo laik\u0173.<\/p>\n<p>5. Tobula gaiva<\/p>\n<p>Vaisi\u0173 persik\u0173 skonio ir ledin\u0117s gaivos derinys sukuria unikali\u0105 garavimo patirt\u012f. Ypa\u010d kar\u0161tomis vasaros dienomis ar po \u012ftemptos dienos \u0161i elektronin\u0117 cigaret\u0117 suteiks jums maloni\u0105 gaiv\u0105.<\/p>\n<h3>PEACH ICE BANG KING 12000 PUFFS RAKTAS<\/h3>\n<p>PEACH ICE BANG KING 12000 PUFFS yra tobulas pasirinkimas tiems, kurie ie\u0161ko ilgalaik\u0117s, \u0161vie\u017eios ir vaisin\u0117s skonio patirties. Su 12000 \u012fkv\u0117pim\u0173, 12 ml dideliu elektroninio skys\u010dio talpa ir patogia Type-C greito \u012fkrovimo jungtimi \u0161i elektronin\u0117 cigaret\u0117 suteikia visk\u0105, ko gali reik\u0117ti. M\u0117gaukit\u0117s sald\u017eiu persik\u0173 skoniu ir gaivinan\u010dia ledo nata kiekviename \u012fkv\u0117pime \u2013 bet kur ir bet kada.<\/p>\n<p>I\u0161bandykite dabar PEACH ICE BANG KING 12000 PUFFS ir m\u0117gaukit\u0117s tobulia deriniu tarp \u0161vie\u017eio persiko ir ledinio kick'o!<\/p>","protected":false},"excerpt":{"rendered":"<p>PEACH ICE BANG KING 12000 PUFFS KEY TYPE E-Zigarette Erleben Sie den frischen Pfirsichgeschmack mit eisigem Kick Die PEACH ICE BANG KING 12000 PUFFS KEY TYPE E-Zigarette bietet Ihnen ein perfektes Geschmackserlebnis f\u00fcr den ganzen Tag. Diese E-Zigarette kombiniert den saftigen Pfirsichgeschmack mit einer eisigen Frische, die bei jedem Zug eine erfrischende Geschmacksexplosion liefert. Egal, [&hellip;]<\/p>","protected":false},"featured_media":15336,"template":"","meta":{"inline_featured_image":false},"product_cat":[774,740,734,753],"product_tag":[710,673],"tiered_pricing_type":"fixed","tiered_pricing_fixed_rules":{"60":"6.24","110":"5.54","200":"4.85"},"tiered_pricing_percentage_rules":[],"tiered_pricing_minimum":1,"_administrator_tiered_pricing_type":"fixed","_administrator_tiered_pricing_fixed_rules":[],"_editor_tiered_pricing_type":"fixed","_editor_tiered_pricing_fixed_rules":[],"_author_tiered_pricing_type":"fixed","_author_tiered_pricing_fixed_rules":[],"_contributor_tiered_pricing_type":"fixed","_contributor_tiered_pricing_fixed_rules":[],"_subscriber_tiered_pricing_type":"fixed","_subscriber_tiered_pricing_fixed_rules":[],"_customer_tiered_pricing_type":"fixed","_customer_tiered_pricing_fixed_rules":[],"_shop_manager_tiered_pricing_type":"fixed","_shop_manager_tiered_pricing_fixed_rules":[],"_wpseo_manager_tiered_pricing_type":"fixed","_wpseo_manager_tiered_pricing_fixed_rules":[],"_wpseo_editor_tiered_pricing_type":"fixed","_wpseo_editor_tiered_pricing_fixed_rules":[],"_wholesale_customer_tiered_pricing_type":"fixed","_wholesale_customer_tiered_pricing_fixed_rules":[],"_marketer_tiered_pricing_type":"fixed","_marketer_tiered_pricing_fixed_rules":[],"_sales_manager_tiered_pricing_type":"fixed","_sales_manager_tiered_pricing_fixed_rules":[],"_sales_rep_tiered_pricing_type":"fixed","_sales_rep_tiered_pricing_fixed_rules":[],"yoast_head":"<!-- This site is optimized with the Yoast SEO plugin v23.3 - https:\/\/yoast.com\/wordpress\/plugins\/seo\/ -->\n<title>Bang King PUFFS KEY TYPE E-Zigarette Peach Ice Fruchtige S\u00fc\u00dfe trifft auf erfrischende K\u00fchle | ElementVape.de<\/title>\n<meta name=\"description\" content=\"Wir bieten Bang King PUFFS KEY TYPE E-Zigarette Peach Ice Fruchtige S\u00fc\u00dfe trifft auf erfrischende K\u00fchle , Elementvape.de akzeptieren Gro\u00df-und Einzelhandel Bestellungen.\" \/>\n<meta name=\"robots\" content=\"index, follow, max-snippet:-1, max-image-preview:large, max-video-preview:-1\" \/>\n<link rel=\"canonical\" href=\"https:\/\/www.elementvape.de\/lt\/produkt\/bang-king-puffs-key-type-e-zigarette-peach-ice-fruchtige-suesse-trifft-auf-erfrischende-kuehle\/\" \/>\n<meta property=\"og:locale\" content=\"lt_LT\" \/>\n<meta property=\"og:type\" content=\"article\" \/>\n<meta property=\"og:title\" content=\"Bang King PUFFS KEY TYPE E-Zigarette Peach Ice Fruchtige S\u00fc\u00dfe trifft auf erfrischende K\u00fchle | ElementVape.de\" \/>\n<meta property=\"og:description\" content=\"Wir bieten Bang King PUFFS KEY TYPE E-Zigarette Peach Ice Fruchtige S\u00fc\u00dfe trifft auf erfrischende K\u00fchle , Elementvape.de akzeptieren Gro\u00df-und Einzelhandel Bestellungen.\" \/>\n<meta property=\"og:url\" content=\"https:\/\/www.elementvape.de\/lt\/produkt\/bang-king-puffs-key-type-e-zigarette-peach-ice-fruchtige-suesse-trifft-auf-erfrischende-kuehle\/\" \/>\n<meta property=\"og:site_name\" content=\"ElementVape.de\" \/>\n<meta property=\"article:modified_time\" content=\"2024-11-23T06:22:01+00:00\" \/>\n<meta property=\"og:image\" content=\"https:\/\/www.elementvape.de\/wp-content\/uploads\/2024\/11\/PEACH-ICE.webp\" \/>\n\t<meta property=\"og:image:width\" content=\"800\" \/>\n\t<meta property=\"og:image:height\" content=\"800\" \/>\n\t<meta property=\"og:image:type\" content=\"image\/webp\" \/>\n<meta name=\"twitter:card\" content=\"summary_large_image\" \/>\n<meta name=\"twitter:label1\" content=\"Est. reading time\" \/>\n\t<meta name=\"twitter:data1\" content=\"5 minut\u0117s\" \/>\n<script type=\"application\/ld+json\" class=\"yoast-schema-graph\">{\"@context\":\"https:\/\/schema.org\",\"@graph\":[{\"@type\":\"WebPage\",\"@id\":\"https:\/\/www.elementvape.de\/nl\/produkt\/bang-king-puffs-key-type-e-zigarette-peach-ice-fruchtige-suesse-trifft-auf-erfrischende-kuehle\/\",\"url\":\"https:\/\/www.elementvape.de\/nl\/produkt\/bang-king-puffs-key-type-e-zigarette-peach-ice-fruchtige-suesse-trifft-auf-erfrischende-kuehle\/\",\"name\":\"Bang King PUFFS KEY TYPE E-Zigarette Peach Ice Fruchtige S\u00fc\u00dfe trifft auf erfrischende K\u00fchle | ElementVape.de\",\"isPartOf\":{\"@id\":\"https:\/\/www.elementvape.de\/#website\"},\"primaryImageOfPage\":{\"@id\":\"https:\/\/www.elementvape.de\/nl\/produkt\/bang-king-puffs-key-type-e-zigarette-peach-ice-fruchtige-suesse-trifft-auf-erfrischende-kuehle\/#primaryimage\"},\"image\":{\"@id\":\"https:\/\/www.elementvape.de\/nl\/produkt\/bang-king-puffs-key-type-e-zigarette-peach-ice-fruchtige-suesse-trifft-auf-erfrischende-kuehle\/#primaryimage\"},\"thumbnailUrl\":\"https:\/\/www.elementvape.de\/wp-content\/uploads\/2024\/11\/PEACH-ICE.webp\",\"datePublished\":\"2024-11-23T06:11:16+00:00\",\"dateModified\":\"2024-11-23T06:22:01+00:00\",\"description\":\"Wir bieten Bang King PUFFS KEY TYPE E-Zigarette Peach Ice Fruchtige S\u00fc\u00dfe trifft auf erfrischende K\u00fchle , Elementvape.de akzeptieren Gro\u00df-und Einzelhandel Bestellungen.\",\"breadcrumb\":{\"@id\":\"https:\/\/www.elementvape.de\/nl\/produkt\/bang-king-puffs-key-type-e-zigarette-peach-ice-fruchtige-suesse-trifft-auf-erfrischende-kuehle\/#breadcrumb\"},\"inLanguage\":\"lt-LT\",\"potentialAction\":[{\"@type\":\"ReadAction\",\"target\":[\"https:\/\/www.elementvape.de\/nl\/produkt\/bang-king-puffs-key-type-e-zigarette-peach-ice-fruchtige-suesse-trifft-auf-erfrischende-kuehle\/\"]}]},{\"@type\":\"ImageObject\",\"inLanguage\":\"lt-LT\",\"@id\":\"https:\/\/www.elementvape.de\/nl\/produkt\/bang-king-puffs-key-type-e-zigarette-peach-ice-fruchtige-suesse-trifft-auf-erfrischende-kuehle\/#primaryimage\",\"url\":\"https:\/\/www.elementvape.de\/wp-content\/uploads\/2024\/11\/PEACH-ICE.webp\",\"contentUrl\":\"https:\/\/www.elementvape.de\/wp-content\/uploads\/2024\/11\/PEACH-ICE.webp\",\"width\":800,\"height\":800,\"caption\":\"PEACH ICE BANG KING 12000 PUFFS KEY TYPE E-Zigarette\"},{\"@type\":\"BreadcrumbList\",\"@id\":\"https:\/\/www.elementvape.de\/nl\/produkt\/bang-king-puffs-key-type-e-zigarette-peach-ice-fruchtige-suesse-trifft-auf-erfrischende-kuehle\/#breadcrumb\",\"itemListElement\":[{\"@type\":\"ListItem\",\"position\":1,\"name\":\"Home\",\"item\":\"https:\/\/www.elementvape.de\/\"},{\"@type\":\"ListItem\",\"position\":2,\"name\":\"Shop\",\"item\":\"https:\/\/www.elementvape.de\/shop\/\"},{\"@type\":\"ListItem\",\"position\":3,\"name\":\"Bang King PUFFS KEY TYPE E-Zigarette Peach Ice Fruchtige S\u00fc\u00dfe trifft auf erfrischende K\u00fchle\"}]},{\"@type\":\"WebSite\",\"@id\":\"https:\/\/www.elementvape.de\/#website\",\"url\":\"https:\/\/www.elementvape.de\/\",\"name\":\"ElementVape.de\",\"description\":\"\",\"publisher\":{\"@id\":\"https:\/\/www.elementvape.de\/#organization\"},\"potentialAction\":[{\"@type\":\"SearchAction\",\"target\":{\"@type\":\"EntryPoint\",\"urlTemplate\":\"https:\/\/www.elementvape.de\/?s={search_term_string}\"},\"query-input\":\"required name=search_term_string\"}],\"inLanguage\":\"lt-LT\"},{\"@type\":\"Organization\",\"@id\":\"https:\/\/www.elementvape.de\/#organization\",\"name\":\"ElementVape.DE\",\"url\":\"https:\/\/www.elementvape.de\/\",\"logo\":{\"@type\":\"ImageObject\",\"inLanguage\":\"lt-LT\",\"@id\":\"https:\/\/www.elementvape.de\/#\/schema\/logo\/image\/\",\"url\":\"https:\/\/www.elementvape.de\/wp-content\/uploads\/2024\/09\/cropped-1elementvape-3.png\",\"contentUrl\":\"https:\/\/www.elementvape.de\/wp-content\/uploads\/2024\/09\/cropped-1elementvape-3.png\",\"width\":285,\"height\":228,\"caption\":\"ElementVape.DE\"},\"image\":{\"@id\":\"https:\/\/www.elementvape.de\/#\/schema\/logo\/image\/\"}}]}<\/script>\n<!-- \/ Yoast SEO plugin. -->","yoast_head_json":{"title":"Bang King PUFFS KEY TYPE E-Zigarette Peach Ice Fruchtige S\u00fc\u00dfe trifft auf erfrischende K\u00fchle | ElementVape.de","description":"Wir bieten Bang King PUFFS KEY TYPE E-Zigarette Peach Ice Fruchtige S\u00fc\u00dfe trifft auf erfrischende K\u00fchle , Elementvape.de akzeptieren Gro\u00df-und Einzelhandel Bestellungen.","robots":{"index":"index","follow":"follow","max-snippet":"max-snippet:-1","max-image-preview":"max-image-preview:large","max-video-preview":"max-video-preview:-1"},"canonical":"https:\/\/www.elementvape.de\/lt\/produkt\/bang-king-puffs-key-type-e-zigarette-peach-ice-fruchtige-suesse-trifft-auf-erfrischende-kuehle\/","og_locale":"lt_LT","og_type":"article","og_title":"Bang King PUFFS KEY TYPE E-Zigarette Peach Ice Fruchtige S\u00fc\u00dfe trifft auf erfrischende K\u00fchle | ElementVape.de","og_description":"Wir bieten Bang King PUFFS KEY TYPE E-Zigarette Peach Ice Fruchtige S\u00fc\u00dfe trifft auf erfrischende K\u00fchle , Elementvape.de akzeptieren Gro\u00df-und Einzelhandel Bestellungen.","og_url":"https:\/\/www.elementvape.de\/lt\/produkt\/bang-king-puffs-key-type-e-zigarette-peach-ice-fruchtige-suesse-trifft-auf-erfrischende-kuehle\/","og_site_name":"ElementVape.de","article_modified_time":"2024-11-23T06:22:01+00:00","og_image":[{"width":800,"height":800,"url":"https:\/\/www.elementvape.de\/wp-content\/uploads\/2024\/11\/PEACH-ICE.webp","type":"image\/webp"}],"twitter_card":"summary_large_image","twitter_misc":{"Est. reading time":"5 minut\u0117s"},"schema":{"@context":"https:\/\/schema.org","@graph":[{"@type":"WebPage","@id":"https:\/\/www.elementvape.de\/nl\/produkt\/bang-king-puffs-key-type-e-zigarette-peach-ice-fruchtige-suesse-trifft-auf-erfrischende-kuehle\/","url":"https:\/\/www.elementvape.de\/nl\/produkt\/bang-king-puffs-key-type-e-zigarette-peach-ice-fruchtige-suesse-trifft-auf-erfrischende-kuehle\/","name":"Bang King PUFFS KEY TYPE E-Zigarette Peach Ice Fruchtige S\u00fc\u00dfe trifft auf erfrischende K\u00fchle | ElementVape.de","isPartOf":{"@id":"https:\/\/www.elementvape.de\/#website"},"primaryImageOfPage":{"@id":"https:\/\/www.elementvape.de\/nl\/produkt\/bang-king-puffs-key-type-e-zigarette-peach-ice-fruchtige-suesse-trifft-auf-erfrischende-kuehle\/#primaryimage"},"image":{"@id":"https:\/\/www.elementvape.de\/nl\/produkt\/bang-king-puffs-key-type-e-zigarette-peach-ice-fruchtige-suesse-trifft-auf-erfrischende-kuehle\/#primaryimage"},"thumbnailUrl":"https:\/\/www.elementvape.de\/wp-content\/uploads\/2024\/11\/PEACH-ICE.webp","datePublished":"2024-11-23T06:11:16+00:00","dateModified":"2024-11-23T06:22:01+00:00","description":"Wir bieten Bang King PUFFS KEY TYPE E-Zigarette Peach Ice Fruchtige S\u00fc\u00dfe trifft auf erfrischende K\u00fchle , Elementvape.de akzeptieren Gro\u00df-und Einzelhandel Bestellungen.","breadcrumb":{"@id":"https:\/\/www.elementvape.de\/nl\/produkt\/bang-king-puffs-key-type-e-zigarette-peach-ice-fruchtige-suesse-trifft-auf-erfrischende-kuehle\/#breadcrumb"},"inLanguage":"lt-LT","potentialAction":[{"@type":"ReadAction","target":["https:\/\/www.elementvape.de\/nl\/produkt\/bang-king-puffs-key-type-e-zigarette-peach-ice-fruchtige-suesse-trifft-auf-erfrischende-kuehle\/"]}]},{"@type":"ImageObject","inLanguage":"lt-LT","@id":"https:\/\/www.elementvape.de\/nl\/produkt\/bang-king-puffs-key-type-e-zigarette-peach-ice-fruchtige-suesse-trifft-auf-erfrischende-kuehle\/#primaryimage","url":"https:\/\/www.elementvape.de\/wp-content\/uploads\/2024\/11\/PEACH-ICE.webp","contentUrl":"https:\/\/www.elementvape.de\/wp-content\/uploads\/2024\/11\/PEACH-ICE.webp","width":800,"height":800,"caption":"PEACH ICE BANG KING 12000 PUFFS KEY TYPE E-Zigarette"},{"@type":"BreadcrumbList","@id":"https:\/\/www.elementvape.de\/nl\/produkt\/bang-king-puffs-key-type-e-zigarette-peach-ice-fruchtige-suesse-trifft-auf-erfrischende-kuehle\/#breadcrumb","itemListElement":[{"@type":"ListItem","position":1,"name":"Home","item":"https:\/\/www.elementvape.de\/"},{"@type":"ListItem","position":2,"name":"Shop","item":"https:\/\/www.elementvape.de\/shop\/"},{"@type":"ListItem","position":3,"name":"Bang King PUFFS KEY TYPE E-Zigarette Peach Ice Fruchtige S\u00fc\u00dfe trifft auf erfrischende K\u00fchle"}]},{"@type":"WebSite","@id":"https:\/\/www.elementvape.de\/#website","url":"https:\/\/www.elementvape.de\/","name":"ElementVape.de","description":"","publisher":{"@id":"https:\/\/www.elementvape.de\/#organization"},"potentialAction":[{"@type":"SearchAction","target":{"@type":"EntryPoint","urlTemplate":"https:\/\/www.elementvape.de\/?s={search_term_string}"},"query-input":"required name=search_term_string"}],"inLanguage":"lt-LT"},{"@type":"Organization","@id":"https:\/\/www.elementvape.de\/#organization","name":"ElementVape.DE","url":"https:\/\/www.elementvape.de\/","logo":{"@type":"ImageObject","inLanguage":"lt-LT","@id":"https:\/\/www.elementvape.de\/#\/schema\/logo\/image\/","url":"https:\/\/www.elementvape.de\/wp-content\/uploads\/2024\/09\/cropped-1elementvape-3.png","contentUrl":"https:\/\/www.elementvape.de\/wp-content\/uploads\/2024\/09\/cropped-1elementvape-3.png","width":285,"height":228,"caption":"ElementVape.DE"},"image":{"@id":"https:\/\/www.elementvape.de\/#\/schema\/logo\/image\/"}}]}},"_links":{"self":[{"href":"https:\/\/www.elementvape.de\/lt\/wp-json\/wp\/v2\/product\/15334"}],"collection":[{"href":"https:\/\/www.elementvape.de\/lt\/wp-json\/wp\/v2\/product"}],"about":[{"href":"https:\/\/www.elementvape.de\/lt\/wp-json\/wp\/v2\/types\/product"}],"wp:featuredmedia":[{"embeddable":true,"href":"https:\/\/www.elementvape.de\/lt\/wp-json\/wp\/v2\/media\/15336"}],"wp:attachment":[{"href":"https:\/\/www.elementvape.de\/lt\/wp-json\/wp\/v2\/media?parent=15334"}],"wp:term":[{"taxonomy":"product_cat","embeddable":true,"href":"https:\/\/www.elementvape.de\/lt\/wp-json\/wp\/v2\/product_cat?post=15334"},{"taxonomy":"product_tag","embeddable":true,"href":"https:\/\/www.elementvape.de\/lt\/wp-json\/wp\/v2\/product_tag?post=15334"}],"curies":[{"name":"wp","href":"https:\/\/api.w.org\/{rel}","templated":true}]}}