{"id":14674,"date":"2024-09-25T08:37:40","date_gmt":"2024-09-25T08:37:40","guid":{"rendered":"https:\/\/www.elementvape.de\/?post_type=product&#038;p=14674"},"modified":"2024-10-09T06:52:27","modified_gmt":"2024-10-09T06:52:27","slug":"bang-king-digital-15000-puffs-cotton-candy-eine-koestliche-einweg-e-zigarette-die-ihnen-15000-zuege-voller-suesser-zuckerwatte-bietet","status":"publish","type":"product","link":"https:\/\/www.elementvape.de\/lt\/produkt\/bang-king-digital-15000-puffs-cotton-candy-eine-koestliche-einweg-e-zigarette-die-ihnen-15000-zuege-voller-suesser-zuckerwatte-bietet\/","title":{"rendered":"BANG KING Digital 15000 PUFFS Cotton Candy Skani vienkartin\u0117 elektronin\u0117 cigaret\u0117, si\u016blanti 15000 \u012fkv\u0117pim\u0173 sald\u017eios cukraus vatos piln\u0105 patirt\u012f"},"content":{"rendered":"<p>Sveiki atvyk\u0119 \u012f viliojan\u010dio pasaulio BANG KING Digital 15000 PUFFS Cotton Candy! \u0160i <strong><a href=\"https:\/\/www.elementvape.de\/lt\/c\/einweg-zigarette\/\">Vienkartin\u0117 elektronin\u0117 cigaret\u0117<\/a><\/strong> suteikia jums galimyb\u0119 pasinerti \u012f nostalgi\u0161kas prisiminimus apie muges ir vasaros \u0161ventes, m\u0117gaujantis iki 15 000 \u012fkv\u0117pim\u0173 sald\u017eios cukraus vatos. Nesvarbu, ar esate patyr\u0119s garintojas, ar naujokas vaping pasaulyje, BANG KING Cotton Candy \u017eada nepamir\u0161tam\u0105 ir skan\u0173 garinimo patirt\u012f.<\/p>\n<h2>Skoni\u0173 patirtis<\/h2>\n<p>BANG KING Cotton Candy \u012ftikina savo i\u0161skirtiniu skoniu, kuris \u012fkvepia sald\u017ei\u0105 ir lengv\u0105 cukraus vatos esm\u0119. Kiekvienas \u012fkv\u0117pimas gr\u0105\u017eina prisiminimus apie vaikyst\u0119, kai stov\u0117jote mug\u0117je ir kv\u0117pavote viliojan\u010diu \u0161vie\u017eiai paruo\u0161tos cukraus vatos kvapu. \u0160is elektroninis cigaretes si\u016blo sald\u0173, lengv\u0105 aromat\u0105, kuris yra tiek \u0161vie\u017eias, tiek patenkinamas.<\/p>\n<p>D\u0117ka tobulos aromat\u0173 pusiausvyros, saldus skonis i\u0161lieka iki paskutinio \u012fkv\u0117pimo. BANG KING Cotton Candy u\u017etikrina, kad m\u0117gautum\u0117t\u0117s vienodai intensyvia ir stipria skoni\u0173 patirtimi, kuri nuolat gr\u0105\u017eina jus \u012f malonum\u0105.<\/p>\n<h2>2. Techniniai duomenys<\/h2>\n<p>BANG KING Digital 15000 PUFFS ne tik stebina savo skoniu, bet ir \u012fsp\u016bdingomis technin\u0117mis savyb\u0117mis.<\/p>\n<p>Tur\u0117dama 15 000 \u012fkv\u0117pim\u0173 talp\u0105, \u0161i <a href=\"https:\/\/www.elementvape.de\/lt\/\" target=\"_blank\" rel=\"noopener\">Elektronin\u0117 cigaret\u0117<\/a> yra viena ilgaam\u017ei\u0161kiausi\u0173 savo r\u016b\u0161ies. Tai rei\u0161kia, kad jums nereik\u0117s nuolat ie\u0161koti naujo \u012frenginio. M\u0117gaukit\u0117s sald\u017eiu cukraus vatos skoniu ilg\u0105 laik\u0105 be papildymo ar keitimo.<\/p>\n<p>2.2. Elektroninio skys\u010dio talpa<\/p>\n<p>BANG KING Cotton Candy turi 25 ml elektroninio skys\u010dio talp\u0105, kas yra dosnus kiekis. \u0160i elektroninio skys\u010dio talpa u\u017etikrina, kad gal\u0117site patirti visus 15 000 \u012fkv\u0117pim\u0173 be da\u017en\u0173 papildym\u0173 ar i\u0161metimo.<\/p>\n<p>2.3. Baterijos talpa<\/p>\n<p>Galinga 650 mAh baterija leid\u017eia naudoti BANG KING Cotton Candy ilg\u0105 laik\u0105. \u0160is patikimas energijos \u0161altinis leid\u017eia nuolatin\u012f garinim\u0105 be da\u017en\u0173 \u012fkrovim\u0173. Idealiai tinka kasdieniam naudojimui, tiek namuose, tiek keliaujant.<\/p>\n<h2>3. \u012evairiapusi\u0161kumas nikotino galimybi\u0173<\/h2>\n<p>BANG KING Digital 15000 PUFFS si\u016blo \u012fvairias nikotino galimybes, kad atitikt\u0173 skirtingus poreikius.<\/p>\n<p>3.1. Be nikotino galimyb\u0117<\/p>\n<p>D\u0117l garintoj\u0173, norin\u010di\u0173 atsisakyti nikotino, yra prieinama 0% nikotino galimyb\u0117. \u0160i versija leid\u017eia m\u0117gautis skoniu be nikotino. Idealiai tinka tiems, kurie nori patirti sald\u017ei\u0173 aromat\u0173 be papildom\u0173 efekt\u0173.<\/p>\n<p>3.2. Ma\u017eesn\u0117s nikotino stiprumo ribos<\/p>\n<p>2% ir 3% nikotino galimyb\u0117s yra puikus pasirinkimas garintojams, norintiems suma\u017einti nikotino kiek\u012f. \u0160ios stiprumo versijos si\u016blo \u0161velni\u0105 ir patenkinam\u0105 patirt\u012f, tinkam\u0105 tiek pradedantiesiems, tiek patyrusiems garintojams.<\/p>\n<p>Tie, kurie ie\u0161ko intensyvesn\u0117s garinimo patirties, gali pasirinkti 5% nikotino galimyb\u0119. \u0160i stiprumo versija suteikia stipresn\u012f impuls\u0105 ir patenkinam\u0105 garinim\u0105, ypa\u010d patyrusiems garintojams.<\/p>\n<h2>4. Dizainas ir patogumas naudoti<\/h2>\n<p>BANG KING Digital 15000 PUFFS yra lengva ir kompakti\u0161ka, tod\u0117l ideali kasdieniam naudojimui. Ji lengvai telpa \u012f bet kuri\u0105 ki\u0161en\u0119 ar net \u012f rank\u0105, leid\u017eiant garinti bet kada ir bet kur.<\/p>\n<p>Su patogiu naudotojo draugi\u0161ku dizainu, BANG KING Cotton Candy i\u0161 karto paruo\u0161ta naudoti. Tiesiog traukite ir m\u0117gaukit\u0117s skoniu, nesir\u016bpindami sud\u0117tingais nustatymais. \u0160is paprastas valdymas j\u0105 daro ideali\u0105 pradedantiesiems ir patyrusiems garintojams.<\/p>\n<h2>5. Sveikatos aspektai<\/h2>\n<p>Gar\u0173 \u012ftraukimas su BANG KING Digital 15000 PUFFS da\u017enai laikomas ma\u017eiau kenksminga alternatyva tradiciniam r\u016bkymui.<\/p>\n<p>BANG KING gamyba vykdoma pagal grie\u017et\u0105 kokyb\u0117s kontrol\u0119, siekiant u\u017etikrinti, kad kiekvienas \u012frenginys atitikt\u0173 auk\u0161\u010diausius standartus. Ingredientai yra kruop\u0161\u010diai atrinkti, siekiant u\u017etikrinti produkto grynum\u0105 ir kokyb\u0119.<\/p>\n<p>Palyginti su \u012fprastomis cigaret\u0117mis, garinimas yra ma\u017eiau kenksming\u0173 chemini\u0173 med\u017eiag\u0173. BANG KING Cotton Candy yra nikotino neturinti ir neapima tabako produkt\u0173, tod\u0117l suma\u017eina kenksming\u0173 med\u017eiag\u0173 poveik\u012f.<\/p>\n<h2>6. Aplinkai nekenksmingi aspektai<\/h2>\n<p>Vartotojai skatinami tinkamai i\u0161mesti savo produktus ir naudotis perdirbimo galimyb\u0117mis, kur tik \u012fmanoma. Tai skatina aplinkai draugi\u0161k\u0105 elges\u012f ir ma\u017eina aplinkos tar\u0161\u0105.<\/p>\n<p>Pasirinkdami BANG KING Digital 15000 PUFFS Cool Mint, vartotojai renkasi produkt\u0105, kuris ne tik vertina kokyb\u0119 ir skon\u012f, bet ir prisiima atsakomyb\u0119 u\u017e aplink\u0105.<\/p>\n<h2>7. Klient\u0173 atsiliepimai ir patirtis<\/h2>\n<p>Reakcijos \u012f BANG KING Digital 15000 PUFFS Cotton Candy yra nuolat teigiamos. Vartotojai giria sald\u0173 skonio kompozicij\u0105 ir produkto patogum\u0105 naudoti.<\/p>\n<p>Cukraus vatos derinys apib\u016bdinamas kaip unikalus ir skoningas. Daugelis garintoj\u0173 vertina aromat\u0173 intensyvum\u0105, kuris kiekvienu \u012fkv\u0117pimu \u012fgauna gyvyb\u0119.<\/p>\n<p>Dauguma vartotoj\u0173 prane\u0161a, kad gal\u0117jo m\u0117gautis visais <strong><a href=\"https:\/\/www.elementvape.de\/lt\/p-tag\/groesser-oder-gleich-15000-zuege\/\" target=\"_blank\" rel=\"noopener\">15000 \u012fkv\u0117pim\u0173<\/a><\/strong> be praradimo skonio ar kokyb\u0117s. \u0160i teigiama patirtis lemia didel\u012f pakartotin\u012f pirkim\u0105 ir rekomendacijas.<\/p>\n<p>BANG KING Digital 15000 PUFFS Cotton Candy yra tobula pasirinkimas visiems, kurie ie\u0161ko intensyvaus ir saldaus garavimo patirties. Su 15 000 \u012fkv\u0117pim\u0173, 25 ml E-liquido talpa ir galinga 650 mAh baterija, \u0161i vienkartin\u0117 elektronin\u0117 cigaret\u0117 si\u016blo nepalyginam\u0105 patirt\u012f.<\/p>\n<p>M\u0117gaukit\u0117s skania gaivumu i\u0161 BANG KING Cotton Candy ir paverskite kiekvien\u0105 \u012fkv\u0117pim\u0105 nepamir\u0161tamu malonumu. Pasinerkite \u012f sald\u0173 garavimo pasaul\u012f ir patirkite cukraus vatos skon\u012f \u2013 absoliuti rekomendacija visiems sald\u017ei\u0173 aromat\u0173 m\u0117g\u0117jams.<\/p>\n<p>BANG KING Digital 15000 PUFFS Cotton Candy yra prieinama \u012fvairi\u0173 skoni\u0173. U\u017esitikrinkite savo kopij\u0105 ir m\u0117gaukit\u0117s sald\u017eia d\u017eiaugsmu jau \u0161iandien!<\/p>","protected":false},"excerpt":{"rendered":"<p>Willkommen in der verf\u00fchrerischen Welt der BANG KING Digital 15000 PUFFS Cotton Candy! Diese Einweg-E-Zigarette bietet Ihnen die M\u00f6glichkeit, in nostalgische Erinnerungen an Jahrm\u00e4rkte und Sommerfeste einzutauchen, w\u00e4hrend Sie bis zu 15.000 Z\u00fcge voller s\u00fc\u00dfer Zuckerwatte genie\u00dfen. Egal, ob Sie ein erfahrener Dampfer sind oder neu in der Vaping-Welt, die BANG KING Cotton Candy verspricht [&hellip;]<\/p>","protected":false},"featured_media":14640,"template":"","meta":{"inline_featured_image":false},"product_cat":[770,739,743,744,755,738,751],"product_tag":[710,674],"tiered_pricing_type":"fixed","tiered_pricing_fixed_rules":{"60":"6.15","110":"5.46","200":"4.78"},"tiered_pricing_percentage_rules":[],"tiered_pricing_minimum":1,"_administrator_tiered_pricing_type":"fixed","_administrator_tiered_pricing_fixed_rules":[],"_editor_tiered_pricing_type":"fixed","_editor_tiered_pricing_fixed_rules":[],"_author_tiered_pricing_type":"fixed","_author_tiered_pricing_fixed_rules":[],"_contributor_tiered_pricing_type":"fixed","_contributor_tiered_pricing_fixed_rules":[],"_subscriber_tiered_pricing_type":"fixed","_subscriber_tiered_pricing_fixed_rules":[],"_customer_tiered_pricing_type":"fixed","_customer_tiered_pricing_fixed_rules":[],"_shop_manager_tiered_pricing_type":"fixed","_shop_manager_tiered_pricing_fixed_rules":[],"_wpseo_manager_tiered_pricing_type":"fixed","_wpseo_manager_tiered_pricing_fixed_rules":[],"_wpseo_editor_tiered_pricing_type":"fixed","_wpseo_editor_tiered_pricing_fixed_rules":[],"_wholesale_customer_tiered_pricing_type":"fixed","_wholesale_customer_tiered_pricing_fixed_rules":[],"_marketer_tiered_pricing_type":"fixed","_marketer_tiered_pricing_fixed_rules":[],"_sales_manager_tiered_pricing_type":"fixed","_sales_manager_tiered_pricing_fixed_rules":[],"_sales_rep_tiered_pricing_type":"fixed","_sales_rep_tiered_pricing_fixed_rules":[],"yoast_head":"<!-- This site is optimized with the Yoast SEO plugin v23.3 - https:\/\/yoast.com\/wordpress\/plugins\/seo\/ -->\n<title>BANG KING Digital 15000 PUFFS Cotton Candy Eine k\u00f6stliche Einweg-E-Zigarette die Ihnen 15000 Z\u00fcge voller s\u00fc\u00dfer Zuckerwatte bietet | ElementVape.de<\/title>\n<meta name=\"description\" content=\"Wir bieten BANG KING Digital 15000 PUFFS Cotton Candy Eine k\u00f6stliche Einweg-E-Zigarette die Ihnen 15000 Z\u00fcge voller s\u00fc\u00dfer Zuckerwatte bietet , Elementvape.de akzeptieren Gro\u00df-und Einzelhandel Bestellungen.\" \/>\n<meta name=\"robots\" content=\"index, follow, max-snippet:-1, max-image-preview:large, max-video-preview:-1\" \/>\n<link rel=\"canonical\" href=\"https:\/\/www.elementvape.de\/lt\/produkt\/bang-king-digital-15000-puffs-cotton-candy-eine-koestliche-einweg-e-zigarette-die-ihnen-15000-zuege-voller-suesser-zuckerwatte-bietet\/\" \/>\n<meta property=\"og:locale\" content=\"lt_LT\" \/>\n<meta property=\"og:type\" content=\"article\" \/>\n<meta property=\"og:title\" content=\"BANG KING Digital 15000 PUFFS Cotton Candy Eine k\u00f6stliche Einweg-E-Zigarette die Ihnen 15000 Z\u00fcge voller s\u00fc\u00dfer Zuckerwatte bietet | ElementVape.de\" \/>\n<meta property=\"og:description\" content=\"Wir bieten BANG KING Digital 15000 PUFFS Cotton Candy Eine k\u00f6stliche Einweg-E-Zigarette die Ihnen 15000 Z\u00fcge voller s\u00fc\u00dfer Zuckerwatte bietet , Elementvape.de akzeptieren Gro\u00df-und Einzelhandel Bestellungen.\" \/>\n<meta property=\"og:url\" content=\"https:\/\/www.elementvape.de\/lt\/produkt\/bang-king-digital-15000-puffs-cotton-candy-eine-koestliche-einweg-e-zigarette-die-ihnen-15000-zuege-voller-suesser-zuckerwatte-bietet\/\" \/>\n<meta property=\"og:site_name\" content=\"ElementVape.de\" \/>\n<meta property=\"article:modified_time\" content=\"2024-10-09T06:52:27+00:00\" \/>\n<meta property=\"og:image\" content=\"https:\/\/www.elementvape.de\/wp-content\/uploads\/2024\/09\/Cotton-candy.jpg\" \/>\n\t<meta property=\"og:image:width\" content=\"1440\" \/>\n\t<meta property=\"og:image:height\" content=\"980\" \/>\n\t<meta property=\"og:image:type\" content=\"image\/jpeg\" \/>\n<meta name=\"twitter:card\" content=\"summary_large_image\" \/>\n<meta name=\"twitter:label1\" content=\"Est. reading time\" \/>\n\t<meta name=\"twitter:data1\" content=\"5 minut\u0117s\" \/>\n<script type=\"application\/ld+json\" class=\"yoast-schema-graph\">{\"@context\":\"https:\/\/schema.org\",\"@graph\":[{\"@type\":\"WebPage\",\"@id\":\"https:\/\/www.elementvape.de\/nl\/produkt\/bang-king-digital-15000-puffs-cotton-candy-eine-koestliche-einweg-e-zigarette-die-ihnen-15000-zuege-voller-suesser-zuckerwatte-bietet\/\",\"url\":\"https:\/\/www.elementvape.de\/nl\/produkt\/bang-king-digital-15000-puffs-cotton-candy-eine-koestliche-einweg-e-zigarette-die-ihnen-15000-zuege-voller-suesser-zuckerwatte-bietet\/\",\"name\":\"BANG KING Digital 15000 PUFFS Cotton Candy Eine k\u00f6stliche Einweg-E-Zigarette die Ihnen 15000 Z\u00fcge voller s\u00fc\u00dfer Zuckerwatte bietet | ElementVape.de\",\"isPartOf\":{\"@id\":\"https:\/\/www.elementvape.de\/#website\"},\"primaryImageOfPage\":{\"@id\":\"https:\/\/www.elementvape.de\/nl\/produkt\/bang-king-digital-15000-puffs-cotton-candy-eine-koestliche-einweg-e-zigarette-die-ihnen-15000-zuege-voller-suesser-zuckerwatte-bietet\/#primaryimage\"},\"image\":{\"@id\":\"https:\/\/www.elementvape.de\/nl\/produkt\/bang-king-digital-15000-puffs-cotton-candy-eine-koestliche-einweg-e-zigarette-die-ihnen-15000-zuege-voller-suesser-zuckerwatte-bietet\/#primaryimage\"},\"thumbnailUrl\":\"https:\/\/www.elementvape.de\/wp-content\/uploads\/2024\/09\/Cotton-candy.jpg\",\"datePublished\":\"2024-09-25T08:37:40+00:00\",\"dateModified\":\"2024-10-09T06:52:27+00:00\",\"description\":\"Wir bieten BANG KING Digital 15000 PUFFS Cotton Candy Eine k\u00f6stliche Einweg-E-Zigarette die Ihnen 15000 Z\u00fcge voller s\u00fc\u00dfer Zuckerwatte bietet , Elementvape.de akzeptieren Gro\u00df-und Einzelhandel Bestellungen.\",\"breadcrumb\":{\"@id\":\"https:\/\/www.elementvape.de\/nl\/produkt\/bang-king-digital-15000-puffs-cotton-candy-eine-koestliche-einweg-e-zigarette-die-ihnen-15000-zuege-voller-suesser-zuckerwatte-bietet\/#breadcrumb\"},\"inLanguage\":\"lt-LT\",\"potentialAction\":[{\"@type\":\"ReadAction\",\"target\":[\"https:\/\/www.elementvape.de\/nl\/produkt\/bang-king-digital-15000-puffs-cotton-candy-eine-koestliche-einweg-e-zigarette-die-ihnen-15000-zuege-voller-suesser-zuckerwatte-bietet\/\"]}]},{\"@type\":\"ImageObject\",\"inLanguage\":\"lt-LT\",\"@id\":\"https:\/\/www.elementvape.de\/nl\/produkt\/bang-king-digital-15000-puffs-cotton-candy-eine-koestliche-einweg-e-zigarette-die-ihnen-15000-zuege-voller-suesser-zuckerwatte-bietet\/#primaryimage\",\"url\":\"https:\/\/www.elementvape.de\/wp-content\/uploads\/2024\/09\/Cotton-candy.jpg\",\"contentUrl\":\"https:\/\/www.elementvape.de\/wp-content\/uploads\/2024\/09\/Cotton-candy.jpg\",\"width\":1440,\"height\":980,\"caption\":\"Cotton candy\"},{\"@type\":\"BreadcrumbList\",\"@id\":\"https:\/\/www.elementvape.de\/nl\/produkt\/bang-king-digital-15000-puffs-cotton-candy-eine-koestliche-einweg-e-zigarette-die-ihnen-15000-zuege-voller-suesser-zuckerwatte-bietet\/#breadcrumb\",\"itemListElement\":[{\"@type\":\"ListItem\",\"position\":1,\"name\":\"Home\",\"item\":\"https:\/\/www.elementvape.de\/\"},{\"@type\":\"ListItem\",\"position\":2,\"name\":\"Shop\",\"item\":\"https:\/\/www.elementvape.de\/shop\/\"},{\"@type\":\"ListItem\",\"position\":3,\"name\":\"BANG KING Digital 15000 PUFFS Cotton Candy Eine k\u00f6stliche Einweg-E-Zigarette die Ihnen 15000 Z\u00fcge voller s\u00fc\u00dfer Zuckerwatte bietet\"}]},{\"@type\":\"WebSite\",\"@id\":\"https:\/\/www.elementvape.de\/#website\",\"url\":\"https:\/\/www.elementvape.de\/\",\"name\":\"ElementVape.de\",\"description\":\"\",\"publisher\":{\"@id\":\"https:\/\/www.elementvape.de\/#organization\"},\"potentialAction\":[{\"@type\":\"SearchAction\",\"target\":{\"@type\":\"EntryPoint\",\"urlTemplate\":\"https:\/\/www.elementvape.de\/?s={search_term_string}\"},\"query-input\":\"required name=search_term_string\"}],\"inLanguage\":\"lt-LT\"},{\"@type\":\"Organization\",\"@id\":\"https:\/\/www.elementvape.de\/#organization\",\"name\":\"ElementVape.DE\",\"url\":\"https:\/\/www.elementvape.de\/\",\"logo\":{\"@type\":\"ImageObject\",\"inLanguage\":\"lt-LT\",\"@id\":\"https:\/\/www.elementvape.de\/#\/schema\/logo\/image\/\",\"url\":\"https:\/\/www.elementvape.de\/wp-content\/uploads\/2024\/09\/cropped-1elementvape-3.png\",\"contentUrl\":\"https:\/\/www.elementvape.de\/wp-content\/uploads\/2024\/09\/cropped-1elementvape-3.png\",\"width\":285,\"height\":228,\"caption\":\"ElementVape.DE\"},\"image\":{\"@id\":\"https:\/\/www.elementvape.de\/#\/schema\/logo\/image\/\"}}]}<\/script>\n<!-- \/ Yoast SEO plugin. -->","yoast_head_json":{"title":"BANG KING Digital 15000 PUFFS Cotton Candy Eine k\u00f6stliche Einweg-E-Zigarette die Ihnen 15000 Z\u00fcge voller s\u00fc\u00dfer Zuckerwatte bietet | ElementVape.de","description":"Wir bieten BANG KING Digital 15000 PUFFS Cotton Candy Eine k\u00f6stliche Einweg-E-Zigarette die Ihnen 15000 Z\u00fcge voller s\u00fc\u00dfer Zuckerwatte bietet , Elementvape.de akzeptieren Gro\u00df-und Einzelhandel Bestellungen.","robots":{"index":"index","follow":"follow","max-snippet":"max-snippet:-1","max-image-preview":"max-image-preview:large","max-video-preview":"max-video-preview:-1"},"canonical":"https:\/\/www.elementvape.de\/lt\/produkt\/bang-king-digital-15000-puffs-cotton-candy-eine-koestliche-einweg-e-zigarette-die-ihnen-15000-zuege-voller-suesser-zuckerwatte-bietet\/","og_locale":"lt_LT","og_type":"article","og_title":"BANG KING Digital 15000 PUFFS Cotton Candy Eine k\u00f6stliche Einweg-E-Zigarette die Ihnen 15000 Z\u00fcge voller s\u00fc\u00dfer Zuckerwatte bietet | ElementVape.de","og_description":"Wir bieten BANG KING Digital 15000 PUFFS Cotton Candy Eine k\u00f6stliche Einweg-E-Zigarette die Ihnen 15000 Z\u00fcge voller s\u00fc\u00dfer Zuckerwatte bietet , Elementvape.de akzeptieren Gro\u00df-und Einzelhandel Bestellungen.","og_url":"https:\/\/www.elementvape.de\/lt\/produkt\/bang-king-digital-15000-puffs-cotton-candy-eine-koestliche-einweg-e-zigarette-die-ihnen-15000-zuege-voller-suesser-zuckerwatte-bietet\/","og_site_name":"ElementVape.de","article_modified_time":"2024-10-09T06:52:27+00:00","og_image":[{"width":1440,"height":980,"url":"https:\/\/www.elementvape.de\/wp-content\/uploads\/2024\/09\/Cotton-candy.jpg","type":"image\/jpeg"}],"twitter_card":"summary_large_image","twitter_misc":{"Est. reading time":"5 minut\u0117s"},"schema":{"@context":"https:\/\/schema.org","@graph":[{"@type":"WebPage","@id":"https:\/\/www.elementvape.de\/nl\/produkt\/bang-king-digital-15000-puffs-cotton-candy-eine-koestliche-einweg-e-zigarette-die-ihnen-15000-zuege-voller-suesser-zuckerwatte-bietet\/","url":"https:\/\/www.elementvape.de\/nl\/produkt\/bang-king-digital-15000-puffs-cotton-candy-eine-koestliche-einweg-e-zigarette-die-ihnen-15000-zuege-voller-suesser-zuckerwatte-bietet\/","name":"BANG KING Digital 15000 PUFFS Cotton Candy Eine k\u00f6stliche Einweg-E-Zigarette die Ihnen 15000 Z\u00fcge voller s\u00fc\u00dfer Zuckerwatte bietet | ElementVape.de","isPartOf":{"@id":"https:\/\/www.elementvape.de\/#website"},"primaryImageOfPage":{"@id":"https:\/\/www.elementvape.de\/nl\/produkt\/bang-king-digital-15000-puffs-cotton-candy-eine-koestliche-einweg-e-zigarette-die-ihnen-15000-zuege-voller-suesser-zuckerwatte-bietet\/#primaryimage"},"image":{"@id":"https:\/\/www.elementvape.de\/nl\/produkt\/bang-king-digital-15000-puffs-cotton-candy-eine-koestliche-einweg-e-zigarette-die-ihnen-15000-zuege-voller-suesser-zuckerwatte-bietet\/#primaryimage"},"thumbnailUrl":"https:\/\/www.elementvape.de\/wp-content\/uploads\/2024\/09\/Cotton-candy.jpg","datePublished":"2024-09-25T08:37:40+00:00","dateModified":"2024-10-09T06:52:27+00:00","description":"Wir bieten BANG KING Digital 15000 PUFFS Cotton Candy Eine k\u00f6stliche Einweg-E-Zigarette die Ihnen 15000 Z\u00fcge voller s\u00fc\u00dfer Zuckerwatte bietet , Elementvape.de akzeptieren Gro\u00df-und Einzelhandel Bestellungen.","breadcrumb":{"@id":"https:\/\/www.elementvape.de\/nl\/produkt\/bang-king-digital-15000-puffs-cotton-candy-eine-koestliche-einweg-e-zigarette-die-ihnen-15000-zuege-voller-suesser-zuckerwatte-bietet\/#breadcrumb"},"inLanguage":"lt-LT","potentialAction":[{"@type":"ReadAction","target":["https:\/\/www.elementvape.de\/nl\/produkt\/bang-king-digital-15000-puffs-cotton-candy-eine-koestliche-einweg-e-zigarette-die-ihnen-15000-zuege-voller-suesser-zuckerwatte-bietet\/"]}]},{"@type":"ImageObject","inLanguage":"lt-LT","@id":"https:\/\/www.elementvape.de\/nl\/produkt\/bang-king-digital-15000-puffs-cotton-candy-eine-koestliche-einweg-e-zigarette-die-ihnen-15000-zuege-voller-suesser-zuckerwatte-bietet\/#primaryimage","url":"https:\/\/www.elementvape.de\/wp-content\/uploads\/2024\/09\/Cotton-candy.jpg","contentUrl":"https:\/\/www.elementvape.de\/wp-content\/uploads\/2024\/09\/Cotton-candy.jpg","width":1440,"height":980,"caption":"Cotton candy"},{"@type":"BreadcrumbList","@id":"https:\/\/www.elementvape.de\/nl\/produkt\/bang-king-digital-15000-puffs-cotton-candy-eine-koestliche-einweg-e-zigarette-die-ihnen-15000-zuege-voller-suesser-zuckerwatte-bietet\/#breadcrumb","itemListElement":[{"@type":"ListItem","position":1,"name":"Home","item":"https:\/\/www.elementvape.de\/"},{"@type":"ListItem","position":2,"name":"Shop","item":"https:\/\/www.elementvape.de\/shop\/"},{"@type":"ListItem","position":3,"name":"BANG KING Digital 15000 PUFFS Cotton Candy Eine k\u00f6stliche Einweg-E-Zigarette die Ihnen 15000 Z\u00fcge voller s\u00fc\u00dfer Zuckerwatte bietet"}]},{"@type":"WebSite","@id":"https:\/\/www.elementvape.de\/#website","url":"https:\/\/www.elementvape.de\/","name":"ElementVape.de","description":"","publisher":{"@id":"https:\/\/www.elementvape.de\/#organization"},"potentialAction":[{"@type":"SearchAction","target":{"@type":"EntryPoint","urlTemplate":"https:\/\/www.elementvape.de\/?s={search_term_string}"},"query-input":"required name=search_term_string"}],"inLanguage":"lt-LT"},{"@type":"Organization","@id":"https:\/\/www.elementvape.de\/#organization","name":"ElementVape.DE","url":"https:\/\/www.elementvape.de\/","logo":{"@type":"ImageObject","inLanguage":"lt-LT","@id":"https:\/\/www.elementvape.de\/#\/schema\/logo\/image\/","url":"https:\/\/www.elementvape.de\/wp-content\/uploads\/2024\/09\/cropped-1elementvape-3.png","contentUrl":"https:\/\/www.elementvape.de\/wp-content\/uploads\/2024\/09\/cropped-1elementvape-3.png","width":285,"height":228,"caption":"ElementVape.DE"},"image":{"@id":"https:\/\/www.elementvape.de\/#\/schema\/logo\/image\/"}}]}},"_links":{"self":[{"href":"https:\/\/www.elementvape.de\/lt\/wp-json\/wp\/v2\/product\/14674"}],"collection":[{"href":"https:\/\/www.elementvape.de\/lt\/wp-json\/wp\/v2\/product"}],"about":[{"href":"https:\/\/www.elementvape.de\/lt\/wp-json\/wp\/v2\/types\/product"}],"wp:featuredmedia":[{"embeddable":true,"href":"https:\/\/www.elementvape.de\/lt\/wp-json\/wp\/v2\/media\/14640"}],"wp:attachment":[{"href":"https:\/\/www.elementvape.de\/lt\/wp-json\/wp\/v2\/media?parent=14674"}],"wp:term":[{"taxonomy":"product_cat","embeddable":true,"href":"https:\/\/www.elementvape.de\/lt\/wp-json\/wp\/v2\/product_cat?post=14674"},{"taxonomy":"product_tag","embeddable":true,"href":"https:\/\/www.elementvape.de\/lt\/wp-json\/wp\/v2\/product_tag?post=14674"}],"curies":[{"name":"wp","href":"https:\/\/api.w.org\/{rel}","templated":true}]}}