{"id":14664,"date":"2024-09-25T07:40:33","date_gmt":"2024-09-25T07:40:33","guid":{"rendered":"https:\/\/www.elementvape.de\/?post_type=product&#038;p=14664"},"modified":"2024-10-09T07:01:49","modified_gmt":"2024-10-09T07:01:49","slug":"erleben-sie-die-fruchtige-harmonie-von-kiwi-passionsfrucht-und-guave-mit-der-bang-king-digital-15000-puffs-fuer-tropisches-vaping","status":"publish","type":"product","link":"https:\/\/www.elementvape.de\/lt\/produkt\/erleben-sie-die-fruchtige-harmonie-von-kiwi-passionsfrucht-und-guave-mit-der-bang-king-digital-15000-puffs-fuer-tropisches-vaping\/","title":{"rendered":"Patirkite vaisi\u0173 harmonij\u0105 su Kiwi Passionsfrucht ir Guava su BANG KING Digital 15000 PUFFS tropiniam vapingui"},"content":{"rendered":"<h2>BANG KING Digital 15000 PUFFS: Kivi, Passionskr\u016bmas ir Guava<\/h2>\n<p>Elektronini\u0173 cigare\u010di\u0173 pasaulyje yra begalin\u0117 skoni\u0173 ir aromat\u0173 \u012fvairov\u0117, kuri paver\u010dia r\u016bkom\u0105 \u012f unikal\u0173 patirt\u012f. BANG KING Digital 15000 PUFFS pakelia \u0161i\u0105 patirt\u012f \u012f nauj\u0105 lyg\u012f, si\u016blydama i\u0161skirtin\u0119 kombinacij\u0105 i\u0161 Kivi, Passionskr\u016bmo ir Guavos. Su talpa <strong><a href=\"https:\/\/www.elementvape.de\/lt\/p-tag\/groesser-oder-gleich-15000-zuege\/\" target=\"_blank\" rel=\"noopener\">15000 \u012fkv\u0117pim\u0173<\/a><\/strong> ir patogiu naudojimu \u0161is produktas ne tik patenkina patyrusi\u0173 <strong><a href=\"https:\/\/www.elementvape.de\/lt\/\" target=\"_blank\" rel=\"noopener\">garintojams,<\/a><\/strong> poreikius, bet ir pritraukia naujokus savo \u017eavesiu.<\/p>\n<p>\u0160iame straipsnyje ap\u017evelgsime \u012fvairius \u0161io \u012fsp\u016bdingo produkto aspektus, nuo jo skonio profil\u0173 iki technini\u0173 specifikacij\u0173, siekdami suteikti jums i\u0161sam\u0173 vaizd\u0105.<\/p>\n<h3>Skoni\u0173 patirtis<\/h3>\n<h4>1.1. Kivi \u2013 gaivinanti pagrindas<\/h4>\n<p>Kivi yra \u017einoma d\u0117l savo unikal\u0173 skonio \u2013 sald\u017eiai r\u016bg\u0161tus sprogimas, kuris yra \u0161vie\u017eias ir gaivus. \u0160is vaisius, kil\u0119s i\u0161 Kinijos, pastaraisiais metais tapo populiariu ingredientu daugelyje recept\u0173. BANG KING Digital 15000 PUFFS Kivi puikiai i\u0161ry\u0161kina savo vaisinius atspalvius. Sultinga tekst\u016bra ir sultingas skonio poj\u016btis u\u017etikrina, kad kiekvienas \u012fkv\u0117pimas suteikia gaiv\u0173 impuls\u0105.<\/p>\n<h4>1.2. Passionskr\u016bmas \u2013 tropinis aromatas<\/h4>\n<p>Passionskr\u016bmas puikiai papildo Kivi savo intensyviu ir egzoti\u0161ku aromatu. Jo sald\u017eiai r\u016bg\u0161tus skonis yra ne tik aromatingas, bet ir stimuliuojantis. Kombinacija i\u0161 Kivi ir Passionskr\u016bmo BANG KING Digital 15000 PUFFS suteikia harmoning\u0105 balans\u0105 ir skonio gilum\u0105, kuris pakelia kiekvien\u0105 r\u016bkom\u0105 patirt\u012f.<\/p>\n<h4>1.3. Guava \u2013 saldus u\u017ebaigimas<\/h4>\n<p>Guava yra paskutin\u0117 \u0161io vaisinio trio sudedamoji dalis. Jos saldus, \u0161iek tiek \u017eydintis skonis suteikia r\u016bkomai ypating\u0105 nat\u0105. Guava ne tik turi unikal\u0173 skon\u012f, bet ir yra turtinga vitaminais ir antioksidantais, tod\u0117l yra populiarus pasirinkimas daugelyje tropini\u0173 g\u0117rim\u0173. BANG KING Digital 15000 PUFFS Guava u\u017ebaigia skonio patirt\u012f ir paver\u010dia j\u0105 pilnaver\u010diu bei patenkinamu malonumu.<\/p>\n<h3>2. Techniniai duomenys<\/h3>\n<p>BANG KING Digital 15000 PUFFS yra daugiau nei tik skonio patirtis. Ji taip pat si\u016blo technines savybes, kurios maksimaliai padidina naudotojo patogum\u0105 ir na\u0161um\u0105.<\/p>\n<p>Su talpa 15 000 \u012fkv\u0117pim\u0173, BANG KING i\u0161siskiria i\u0161 daugelio kit\u0173 <strong><a href=\"https:\/\/www.elementvape.de\/lt\/c\/einweg-zigarette\/\" target=\"_blank\" rel=\"noopener\">Vienkartin\u0117s elektronin\u0117s cigaret\u0117s<\/a><\/strong> \u0161i\u0173 didel\u0117 \u012fkv\u0117pim\u0173 skai\u010dius rei\u0161kia, kad gal\u0117site r\u016bkyti ilgiau, nesir\u016bpindami greitu papildymu. Nesvarbu, ar naudojate elektronin\u0119 cigaret\u0119 kasdieniam naudojimui, ar ypatingoms progoms \u2013 \u012fvertinsite \u0161io produkto ilgaam\u017ei\u0161kum\u0105.<\/p>\n<p>BANG KING Digital 15000 PUFFS turi \u012fsp\u016bding\u0105 25 ml E-skys\u010dio talp\u0105. Tai u\u017etikrina, kad aromatas i\u0161liks pastovus viso \u012frenginio gyvavimo laikotarpiu. Didelis rezervuaras suma\u017eina da\u017en\u012f papildyti ar keisti, kas ypa\u010d patogu keliaujant.<\/p>\n<p>Veikiama 650 mAh baterijos, BANG KING suteikia pakankam\u0105 gali\u0105, kad palaikyt\u0173 vis\u0105 \u012frenginio gyvavimo laik\u0105. \u0160i baterijos talpa u\u017etikrina nuolatin\u0119 r\u016bkom\u0105 patirt\u012f be baim\u0117s d\u0117l i\u0161sikrovimo naudojimo metu.<\/p>\n<h3>3. \u012evairiapusi\u0161kumas nikotino galimybi\u0173<\/h3>\n<p>I\u0161skirtin\u0117 BANG KING Digital 15000 PUFFS savyb\u0117 yra galimyb\u0117 pasirinkti tarp skirting\u0173 nikotino variant\u0173. Su 0%, 2%, 3% ir 5% nikotino, naudotojai gali rasti tinkam\u0105 lyg\u012f.<\/p>\n<h4>3.1. Be nikotino galimyb\u0117<\/h4>\n<p>Tie, kurie nori r\u016bkyti be nikotino, gali pasirinkti 0% variant\u0105. \u0160i versija leid\u017eia m\u0117gautis skoniais be nikotino \u0161uolio.<\/p>\n<h4>3.2. Ma\u017eesn\u0117s nikotino stiprumo ribos<\/h4>\n<p>2% ir 3% nikotino variantai yra ideal\u016bs atsitiktiniams r\u016bkytojams arba tiems, kurie nori palaipsniui ma\u017einti nikotino kiek\u012f. \u0160ios stiprumo r\u016b\u0161ys si\u016blo \u0161veln\u0173, bet patenkinam\u0105 \u012fkv\u0117pim\u0105.<\/p>\n<h4>3.3. Auk\u0161tesn\u0117 nikotino stiprumas<\/h4>\n<p>5% variantas skirtas patyrusiems r\u016bkytojams, ie\u0161kantiems intensyvesn\u0117s patirties. \u0160i stiprumo versija suteikia reikiam\u0105 impuls\u0105, i\u0161laikant vaisinius aromatus pagrindin\u0117je vietoje.<\/p>\n<h3>4. Dizainas ir patogumas naudoti<\/h3>\n<h4>4.1. Kompakti\u0161kas dydis<\/h4>\n<p>BANG KING Digital 15000 PUFFS yra kompakti\u0161kas ir lengvas, tod\u0117l idealiai tinka keliaujant. Nesvarbu, ar esate kelion\u0117je, \u012f darb\u0105 ar tiesiog b\u016bnate kelyje, \u0161is \u012frenginys be vargo telpa \u012f j\u016bs\u0173 rankin\u0119 ar rankin\u012f baga\u017e\u0105.<\/p>\n<h4>4.2. Paprastas naudojimas<\/h4>\n<p>Vartotojo draugi\u0161kumas yra dar vienas svarbus bruo\u017eas. BANG KING yra sukurtas b\u016bti i\u0161 karto paruo\u0161tas naudoti. Nereikia sud\u0117ting\u0173 nustatym\u0173 ir n\u0117ra joki\u0173 mygtuk\u0173 spaudimo. Tiesiog u\u017esid\u0117kite ir m\u0117gaukit\u0117s!<\/p>\n<h3>5. Sveikatos aspektai<\/h3>\n<p>D\u016bmimas da\u017enai laikomas ma\u017eiau \u017ealinga alternatyva tradiciniam r\u016bkymui. BANG KING Digital 15000 PUFFS naudoja auk\u0161tos kokyb\u0117s ingredientus, u\u017etikrinan\u010dius saug\u0173 d\u016bmavimo patirt\u012f.<\/p>\n<h4>5.1. Kokyb\u0117s kontrol\u0117<\/h4>\n<p>BANG KING gamyba vykdoma pagal grie\u017et\u0105 kokyb\u0117s kontrol\u0119, siekiant u\u017etikrinti, kad kiekvienas \u012frenginys atitikt\u0173 auk\u0161\u010diausius standartus. Ingredientai yra kruop\u0161\u010diai atrinkti, siekiant u\u017etikrinti produkto grynum\u0105 ir kokyb\u0119.<\/p>\n<h4>5.2. Ma\u017eiau kenksming\u0173 med\u017eiag\u0173<\/h4>\n<p>Palyginti su \u012fprastomis cigaret\u0117mis, garinimas sukelia ma\u017eiau \u017ealing\u0173 chemini\u0173 med\u017eiag\u0173. BANG KING Digital 15000 PUFFS neapima tabako produkt\u0173, tod\u0117l suma\u017einama poveikio \u017ealingoms med\u017eiagoms rizika.<\/p>\n<h3>6. Aplinkai nekenksmingi aspektai<\/h3>\n<p>Kitas bruo\u017eas, kuris i\u0161skiria BANG KING Digital 15000 PUFFS, yra d\u0117mesys aplinkai. Nors vienkartiniai produktai da\u017enai siejami su aplinkos tar\u0161a, BANG KING remiasi tvariais praktikos b\u016bdais.<\/p>\n<h4>6.1. Perdirbimas ir \u0161alinimas<\/h4>\n<p>Pakuot\u0117 ir produkto dizainas atsi\u017evelgia \u012f aplink\u0105. BANG KING skatina vartotojus tinkamai i\u0161mesti savo produktus ir naudotis perdirbimo galimyb\u0117mis, kiek tai \u012fmanoma.<\/p>\n<h4>6.2. S\u0105moningas vartojimas<\/h4>\n<p>Pasirinkdami BANG KING Digital 15000 PUFFS, naudotojai renkasi produkt\u0105, kuris ne tik vertina kokyb\u0119 ir skon\u012f, bet ir atsakingai \u017ei\u016bri \u012f aplink\u0105.<\/p>\n<h3>7. Klient\u0173 atsiliepimai ir patirtis<\/h3>\n<p>Atsiliepimai apie BANG KING Digital 15000 PUFFS yra nuosekliai teigiami. Vartotojai giria intensyvius skonius, vartotojo draugi\u0161kum\u0105 ir ilgaam\u017ei\u0161kum\u0105. Daugelis garintoj\u0173 vertina kombinacij\u0105 i\u0161 kivio, pasifloros ir guavos kaip vien\u0105 geriausi\u0173 rinkoje esan\u010di\u0173 skoni\u0173.<\/p>\n<h4>7.1. Skonio patirtys<\/h4>\n<p>Kai kurie vartotojai apib\u016bdino vaisi\u0173 derin\u012f kaip \u201eunikal\u0173\u201c ir \u201egaiv\u0173\u201c, o kiti pabr\u0117\u017eia galimyb\u0119 pasirinkti skirtingus nikotino stiprumus, leid\u017eian\u010dius kiekvienam pritaikyti garinim\u0105 pagal savo pageidavimus.<\/p>\n<h4>7.2. Pasitenkinimas veikimu<\/h4>\n<p>Vartotojai sutaria, kad BANG KING \u012ftikina savo talpa ir akumuliatoriaus tarnavimo laiku. Dauguma prane\u0161a, kad gal\u0117jo m\u0117gautis visais 15 000 \u012fkv\u0117pim\u0173 be skonio ar kokyb\u0117s praradimo.<\/p>\n<p>BANG KING Digital 15000 PUFFS su kiviu, pasifloros ir guavos skoniu si\u016blo neprilygstam\u0105 garinimo patirt\u012f, kuri sujungia skonio malonum\u0105 ir vartotojo draugi\u0161kum\u0105. Su 15 000 \u012fkv\u0117pim\u0173, 25 ml elektroninio skys\u010dio talpa ir galingu 650 mAh akumuliatoriumi, \u0161i vienkartin\u0117 elektronin\u0117 cigaret\u0117 yra puikus pasirinkimas tiems, kurie ie\u0161ko auk\u0161\u010diausios kokyb\u0117s vaping patirties.<\/p>\n<p>Nesvarbu, ar esate patyr\u0119s garintojas, ar tik prad\u0117jote, BANG KING Digital 15000 PUFFS jus su\u017eav\u0117s savo tropiniu skoniu ir patogiu naudojimu. Pasim\u0117gaukite tobula vaisi\u0173 gaivumo kombinacija ir m\u0117gaukit\u0117s BANG KING si\u016blomais skoniais.<\/p>\n<p>Pasinerkite \u012f garinimo pasaul\u012f su BANG KING Digital 15000 PUFFS ir kiekvien\u0105 \u012fkv\u0117pim\u0105 patirkite kaip kelion\u0119 \u012f tropinius skonius, kuri\u0173 nor\u0117site m\u0117gautis v\u0117l ir v\u0117l.<\/p>","protected":false},"excerpt":{"rendered":"<p>BANG KING Digital 15000 PUFFS: Kiwi Passionsfrucht und Guave In der Welt der E-Zigaretten gibt es eine unendliche Vielfalt an Geschm\u00e4ckern und Aromen, die das Dampfen zu einem einzigartigen Erlebnis machen. Die BANG KING Digital 15000 PUFFS hebt dieses Erlebnis auf ein neues Level, indem sie eine exquisite Kombination aus Kiwi, Passionsfrucht und Guave bietet. [&hellip;]<\/p>","protected":false},"featured_media":14642,"template":"","meta":{"inline_featured_image":false},"product_cat":[770,739,743,744,755,738,751],"product_tag":[710,674],"tiered_pricing_type":"fixed","tiered_pricing_fixed_rules":{"60":"6.15","110":"5.46","200":"4.78"},"tiered_pricing_percentage_rules":[],"tiered_pricing_minimum":1,"_administrator_tiered_pricing_type":"fixed","_administrator_tiered_pricing_fixed_rules":[],"_editor_tiered_pricing_type":"fixed","_editor_tiered_pricing_fixed_rules":[],"_author_tiered_pricing_type":"fixed","_author_tiered_pricing_fixed_rules":[],"_contributor_tiered_pricing_type":"fixed","_contributor_tiered_pricing_fixed_rules":[],"_subscriber_tiered_pricing_type":"fixed","_subscriber_tiered_pricing_fixed_rules":[],"_customer_tiered_pricing_type":"fixed","_customer_tiered_pricing_fixed_rules":[],"_shop_manager_tiered_pricing_type":"fixed","_shop_manager_tiered_pricing_fixed_rules":[],"_wpseo_manager_tiered_pricing_type":"fixed","_wpseo_manager_tiered_pricing_fixed_rules":[],"_wpseo_editor_tiered_pricing_type":"fixed","_wpseo_editor_tiered_pricing_fixed_rules":[],"_wholesale_customer_tiered_pricing_type":"fixed","_wholesale_customer_tiered_pricing_fixed_rules":[],"_marketer_tiered_pricing_type":"fixed","_marketer_tiered_pricing_fixed_rules":[],"_sales_manager_tiered_pricing_type":"fixed","_sales_manager_tiered_pricing_fixed_rules":[],"_sales_rep_tiered_pricing_type":"fixed","_sales_rep_tiered_pricing_fixed_rules":[],"yoast_head":"<!-- This site is optimized with the Yoast SEO plugin v23.3 - https:\/\/yoast.com\/wordpress\/plugins\/seo\/ -->\n<title>Erleben Sie die fruchtige Harmonie von Kiwi Passionsfrucht und Guave mit der BANG KING Digital 15000 PUFFS f\u00fcr tropisches Vaping | ElementVape.de<\/title>\n<meta name=\"description\" content=\"Wir bieten Erleben Sie die fruchtige Harmonie von Kiwi Passionsfrucht und Guave mit der BANG KING Digital 15000 PUFFS f\u00fcr tropisches Vaping , Elementvape.de akzeptieren Gro\u00df-und Einzelhandel Bestellungen.\" \/>\n<meta name=\"robots\" content=\"index, follow, max-snippet:-1, max-image-preview:large, max-video-preview:-1\" \/>\n<link rel=\"canonical\" href=\"https:\/\/www.elementvape.de\/lt\/produkt\/erleben-sie-die-fruchtige-harmonie-von-kiwi-passionsfrucht-und-guave-mit-der-bang-king-digital-15000-puffs-fuer-tropisches-vaping\/\" \/>\n<meta property=\"og:locale\" content=\"lt_LT\" \/>\n<meta property=\"og:type\" content=\"article\" \/>\n<meta property=\"og:title\" content=\"Erleben Sie die fruchtige Harmonie von Kiwi Passionsfrucht und Guave mit der BANG KING Digital 15000 PUFFS f\u00fcr tropisches Vaping | ElementVape.de\" \/>\n<meta property=\"og:description\" content=\"Wir bieten Erleben Sie die fruchtige Harmonie von Kiwi Passionsfrucht und Guave mit der BANG KING Digital 15000 PUFFS f\u00fcr tropisches Vaping , Elementvape.de akzeptieren Gro\u00df-und Einzelhandel Bestellungen.\" \/>\n<meta property=\"og:url\" content=\"https:\/\/www.elementvape.de\/lt\/produkt\/erleben-sie-die-fruchtige-harmonie-von-kiwi-passionsfrucht-und-guave-mit-der-bang-king-digital-15000-puffs-fuer-tropisches-vaping\/\" \/>\n<meta property=\"og:site_name\" content=\"ElementVape.de\" \/>\n<meta property=\"article:modified_time\" content=\"2024-10-09T07:01:49+00:00\" \/>\n<meta property=\"og:image\" content=\"https:\/\/www.elementvape.de\/wp-content\/uploads\/2024\/09\/KIWI-Passion-Fruit-Guava.jpg\" \/>\n\t<meta property=\"og:image:width\" content=\"1440\" \/>\n\t<meta property=\"og:image:height\" content=\"980\" \/>\n\t<meta property=\"og:image:type\" content=\"image\/jpeg\" \/>\n<meta name=\"twitter:card\" content=\"summary_large_image\" \/>\n<meta name=\"twitter:label1\" content=\"Est. reading time\" \/>\n\t<meta name=\"twitter:data1\" content=\"7 minut\u0117s\" \/>\n<script type=\"application\/ld+json\" class=\"yoast-schema-graph\">{\"@context\":\"https:\/\/schema.org\",\"@graph\":[{\"@type\":\"WebPage\",\"@id\":\"https:\/\/www.elementvape.de\/da\/produkt\/erleben-sie-die-fruchtige-harmonie-von-kiwi-passionsfrucht-und-guave-mit-der-bang-king-digital-15000-puffs-fuer-tropisches-vaping\/\",\"url\":\"https:\/\/www.elementvape.de\/da\/produkt\/erleben-sie-die-fruchtige-harmonie-von-kiwi-passionsfrucht-und-guave-mit-der-bang-king-digital-15000-puffs-fuer-tropisches-vaping\/\",\"name\":\"Erleben Sie die fruchtige Harmonie von Kiwi Passionsfrucht und Guave mit der BANG KING Digital 15000 PUFFS f\u00fcr tropisches Vaping | ElementVape.de\",\"isPartOf\":{\"@id\":\"https:\/\/www.elementvape.de\/#website\"},\"primaryImageOfPage\":{\"@id\":\"https:\/\/www.elementvape.de\/da\/produkt\/erleben-sie-die-fruchtige-harmonie-von-kiwi-passionsfrucht-und-guave-mit-der-bang-king-digital-15000-puffs-fuer-tropisches-vaping\/#primaryimage\"},\"image\":{\"@id\":\"https:\/\/www.elementvape.de\/da\/produkt\/erleben-sie-die-fruchtige-harmonie-von-kiwi-passionsfrucht-und-guave-mit-der-bang-king-digital-15000-puffs-fuer-tropisches-vaping\/#primaryimage\"},\"thumbnailUrl\":\"https:\/\/www.elementvape.de\/wp-content\/uploads\/2024\/09\/KIWI-Passion-Fruit-Guava.jpg\",\"datePublished\":\"2024-09-25T07:40:33+00:00\",\"dateModified\":\"2024-10-09T07:01:49+00:00\",\"description\":\"Wir bieten Erleben Sie die fruchtige Harmonie von Kiwi Passionsfrucht und Guave mit der BANG KING Digital 15000 PUFFS f\u00fcr tropisches Vaping , Elementvape.de akzeptieren Gro\u00df-und Einzelhandel Bestellungen.\",\"breadcrumb\":{\"@id\":\"https:\/\/www.elementvape.de\/da\/produkt\/erleben-sie-die-fruchtige-harmonie-von-kiwi-passionsfrucht-und-guave-mit-der-bang-king-digital-15000-puffs-fuer-tropisches-vaping\/#breadcrumb\"},\"inLanguage\":\"lt-LT\",\"potentialAction\":[{\"@type\":\"ReadAction\",\"target\":[\"https:\/\/www.elementvape.de\/da\/produkt\/erleben-sie-die-fruchtige-harmonie-von-kiwi-passionsfrucht-und-guave-mit-der-bang-king-digital-15000-puffs-fuer-tropisches-vaping\/\"]}]},{\"@type\":\"ImageObject\",\"inLanguage\":\"lt-LT\",\"@id\":\"https:\/\/www.elementvape.de\/da\/produkt\/erleben-sie-die-fruchtige-harmonie-von-kiwi-passionsfrucht-und-guave-mit-der-bang-king-digital-15000-puffs-fuer-tropisches-vaping\/#primaryimage\",\"url\":\"https:\/\/www.elementvape.de\/wp-content\/uploads\/2024\/09\/KIWI-Passion-Fruit-Guava.jpg\",\"contentUrl\":\"https:\/\/www.elementvape.de\/wp-content\/uploads\/2024\/09\/KIWI-Passion-Fruit-Guava.jpg\",\"width\":1440,\"height\":980,\"caption\":\"KIWI Passion Fruit Guava\"},{\"@type\":\"BreadcrumbList\",\"@id\":\"https:\/\/www.elementvape.de\/da\/produkt\/erleben-sie-die-fruchtige-harmonie-von-kiwi-passionsfrucht-und-guave-mit-der-bang-king-digital-15000-puffs-fuer-tropisches-vaping\/#breadcrumb\",\"itemListElement\":[{\"@type\":\"ListItem\",\"position\":1,\"name\":\"Home\",\"item\":\"https:\/\/www.elementvape.de\/\"},{\"@type\":\"ListItem\",\"position\":2,\"name\":\"Shop\",\"item\":\"https:\/\/www.elementvape.de\/shop\/\"},{\"@type\":\"ListItem\",\"position\":3,\"name\":\"Erleben Sie die fruchtige Harmonie von Kiwi Passionsfrucht und Guave mit der BANG KING Digital 15000 PUFFS f\u00fcr tropisches Vaping\"}]},{\"@type\":\"WebSite\",\"@id\":\"https:\/\/www.elementvape.de\/#website\",\"url\":\"https:\/\/www.elementvape.de\/\",\"name\":\"ElementVape.de\",\"description\":\"\",\"publisher\":{\"@id\":\"https:\/\/www.elementvape.de\/#organization\"},\"potentialAction\":[{\"@type\":\"SearchAction\",\"target\":{\"@type\":\"EntryPoint\",\"urlTemplate\":\"https:\/\/www.elementvape.de\/?s={search_term_string}\"},\"query-input\":\"required name=search_term_string\"}],\"inLanguage\":\"lt-LT\"},{\"@type\":\"Organization\",\"@id\":\"https:\/\/www.elementvape.de\/#organization\",\"name\":\"ElementVape.DE\",\"url\":\"https:\/\/www.elementvape.de\/\",\"logo\":{\"@type\":\"ImageObject\",\"inLanguage\":\"lt-LT\",\"@id\":\"https:\/\/www.elementvape.de\/#\/schema\/logo\/image\/\",\"url\":\"https:\/\/www.elementvape.de\/wp-content\/uploads\/2024\/09\/cropped-1elementvape-3.png\",\"contentUrl\":\"https:\/\/www.elementvape.de\/wp-content\/uploads\/2024\/09\/cropped-1elementvape-3.png\",\"width\":285,\"height\":228,\"caption\":\"ElementVape.DE\"},\"image\":{\"@id\":\"https:\/\/www.elementvape.de\/#\/schema\/logo\/image\/\"}}]}<\/script>\n<!-- \/ Yoast SEO plugin. -->","yoast_head_json":{"title":"Erleben Sie die fruchtige Harmonie von Kiwi Passionsfrucht und Guave mit der BANG KING Digital 15000 PUFFS f\u00fcr tropisches Vaping | ElementVape.de","description":"Wir bieten Erleben Sie die fruchtige Harmonie von Kiwi Passionsfrucht und Guave mit der BANG KING Digital 15000 PUFFS f\u00fcr tropisches Vaping , Elementvape.de akzeptieren Gro\u00df-und Einzelhandel Bestellungen.","robots":{"index":"index","follow":"follow","max-snippet":"max-snippet:-1","max-image-preview":"max-image-preview:large","max-video-preview":"max-video-preview:-1"},"canonical":"https:\/\/www.elementvape.de\/lt\/produkt\/erleben-sie-die-fruchtige-harmonie-von-kiwi-passionsfrucht-und-guave-mit-der-bang-king-digital-15000-puffs-fuer-tropisches-vaping\/","og_locale":"lt_LT","og_type":"article","og_title":"Erleben Sie die fruchtige Harmonie von Kiwi Passionsfrucht und Guave mit der BANG KING Digital 15000 PUFFS f\u00fcr tropisches Vaping | ElementVape.de","og_description":"Wir bieten Erleben Sie die fruchtige Harmonie von Kiwi Passionsfrucht und Guave mit der BANG KING Digital 15000 PUFFS f\u00fcr tropisches Vaping , Elementvape.de akzeptieren Gro\u00df-und Einzelhandel Bestellungen.","og_url":"https:\/\/www.elementvape.de\/lt\/produkt\/erleben-sie-die-fruchtige-harmonie-von-kiwi-passionsfrucht-und-guave-mit-der-bang-king-digital-15000-puffs-fuer-tropisches-vaping\/","og_site_name":"ElementVape.de","article_modified_time":"2024-10-09T07:01:49+00:00","og_image":[{"width":1440,"height":980,"url":"https:\/\/www.elementvape.de\/wp-content\/uploads\/2024\/09\/KIWI-Passion-Fruit-Guava.jpg","type":"image\/jpeg"}],"twitter_card":"summary_large_image","twitter_misc":{"Est. reading time":"7 minut\u0117s"},"schema":{"@context":"https:\/\/schema.org","@graph":[{"@type":"WebPage","@id":"https:\/\/www.elementvape.de\/da\/produkt\/erleben-sie-die-fruchtige-harmonie-von-kiwi-passionsfrucht-und-guave-mit-der-bang-king-digital-15000-puffs-fuer-tropisches-vaping\/","url":"https:\/\/www.elementvape.de\/da\/produkt\/erleben-sie-die-fruchtige-harmonie-von-kiwi-passionsfrucht-und-guave-mit-der-bang-king-digital-15000-puffs-fuer-tropisches-vaping\/","name":"Erleben Sie die fruchtige Harmonie von Kiwi Passionsfrucht und Guave mit der BANG KING Digital 15000 PUFFS f\u00fcr tropisches Vaping | ElementVape.de","isPartOf":{"@id":"https:\/\/www.elementvape.de\/#website"},"primaryImageOfPage":{"@id":"https:\/\/www.elementvape.de\/da\/produkt\/erleben-sie-die-fruchtige-harmonie-von-kiwi-passionsfrucht-und-guave-mit-der-bang-king-digital-15000-puffs-fuer-tropisches-vaping\/#primaryimage"},"image":{"@id":"https:\/\/www.elementvape.de\/da\/produkt\/erleben-sie-die-fruchtige-harmonie-von-kiwi-passionsfrucht-und-guave-mit-der-bang-king-digital-15000-puffs-fuer-tropisches-vaping\/#primaryimage"},"thumbnailUrl":"https:\/\/www.elementvape.de\/wp-content\/uploads\/2024\/09\/KIWI-Passion-Fruit-Guava.jpg","datePublished":"2024-09-25T07:40:33+00:00","dateModified":"2024-10-09T07:01:49+00:00","description":"Wir bieten Erleben Sie die fruchtige Harmonie von Kiwi Passionsfrucht und Guave mit der BANG KING Digital 15000 PUFFS f\u00fcr tropisches Vaping , Elementvape.de akzeptieren Gro\u00df-und Einzelhandel Bestellungen.","breadcrumb":{"@id":"https:\/\/www.elementvape.de\/da\/produkt\/erleben-sie-die-fruchtige-harmonie-von-kiwi-passionsfrucht-und-guave-mit-der-bang-king-digital-15000-puffs-fuer-tropisches-vaping\/#breadcrumb"},"inLanguage":"lt-LT","potentialAction":[{"@type":"ReadAction","target":["https:\/\/www.elementvape.de\/da\/produkt\/erleben-sie-die-fruchtige-harmonie-von-kiwi-passionsfrucht-und-guave-mit-der-bang-king-digital-15000-puffs-fuer-tropisches-vaping\/"]}]},{"@type":"ImageObject","inLanguage":"lt-LT","@id":"https:\/\/www.elementvape.de\/da\/produkt\/erleben-sie-die-fruchtige-harmonie-von-kiwi-passionsfrucht-und-guave-mit-der-bang-king-digital-15000-puffs-fuer-tropisches-vaping\/#primaryimage","url":"https:\/\/www.elementvape.de\/wp-content\/uploads\/2024\/09\/KIWI-Passion-Fruit-Guava.jpg","contentUrl":"https:\/\/www.elementvape.de\/wp-content\/uploads\/2024\/09\/KIWI-Passion-Fruit-Guava.jpg","width":1440,"height":980,"caption":"KIWI Passion Fruit Guava"},{"@type":"BreadcrumbList","@id":"https:\/\/www.elementvape.de\/da\/produkt\/erleben-sie-die-fruchtige-harmonie-von-kiwi-passionsfrucht-und-guave-mit-der-bang-king-digital-15000-puffs-fuer-tropisches-vaping\/#breadcrumb","itemListElement":[{"@type":"ListItem","position":1,"name":"Home","item":"https:\/\/www.elementvape.de\/"},{"@type":"ListItem","position":2,"name":"Shop","item":"https:\/\/www.elementvape.de\/shop\/"},{"@type":"ListItem","position":3,"name":"Erleben Sie die fruchtige Harmonie von Kiwi Passionsfrucht und Guave mit der BANG KING Digital 15000 PUFFS f\u00fcr tropisches Vaping"}]},{"@type":"WebSite","@id":"https:\/\/www.elementvape.de\/#website","url":"https:\/\/www.elementvape.de\/","name":"ElementVape.de","description":"","publisher":{"@id":"https:\/\/www.elementvape.de\/#organization"},"potentialAction":[{"@type":"SearchAction","target":{"@type":"EntryPoint","urlTemplate":"https:\/\/www.elementvape.de\/?s={search_term_string}"},"query-input":"required name=search_term_string"}],"inLanguage":"lt-LT"},{"@type":"Organization","@id":"https:\/\/www.elementvape.de\/#organization","name":"ElementVape.DE","url":"https:\/\/www.elementvape.de\/","logo":{"@type":"ImageObject","inLanguage":"lt-LT","@id":"https:\/\/www.elementvape.de\/#\/schema\/logo\/image\/","url":"https:\/\/www.elementvape.de\/wp-content\/uploads\/2024\/09\/cropped-1elementvape-3.png","contentUrl":"https:\/\/www.elementvape.de\/wp-content\/uploads\/2024\/09\/cropped-1elementvape-3.png","width":285,"height":228,"caption":"ElementVape.DE"},"image":{"@id":"https:\/\/www.elementvape.de\/#\/schema\/logo\/image\/"}}]}},"_links":{"self":[{"href":"https:\/\/www.elementvape.de\/lt\/wp-json\/wp\/v2\/product\/14664"}],"collection":[{"href":"https:\/\/www.elementvape.de\/lt\/wp-json\/wp\/v2\/product"}],"about":[{"href":"https:\/\/www.elementvape.de\/lt\/wp-json\/wp\/v2\/types\/product"}],"wp:featuredmedia":[{"embeddable":true,"href":"https:\/\/www.elementvape.de\/lt\/wp-json\/wp\/v2\/media\/14642"}],"wp:attachment":[{"href":"https:\/\/www.elementvape.de\/lt\/wp-json\/wp\/v2\/media?parent=14664"}],"wp:term":[{"taxonomy":"product_cat","embeddable":true,"href":"https:\/\/www.elementvape.de\/lt\/wp-json\/wp\/v2\/product_cat?post=14664"},{"taxonomy":"product_tag","embeddable":true,"href":"https:\/\/www.elementvape.de\/lt\/wp-json\/wp\/v2\/product_tag?post=14664"}],"curies":[{"name":"wp","href":"https:\/\/api.w.org\/{rel}","templated":true}]}}